{"id":45361,"date":"2025-01-27T14:14:32","date_gmt":"2025-01-27T13:14:32","guid":{"rendered":"https:\/\/naturalpoland.com\/produkty\/kategorilenmemis\/benfotiamin\/"},"modified":"2026-01-28T12:39:32","modified_gmt":"2026-01-28T11:39:32","slug":"benfotiamin","status":"publish","type":"product","link":"https:\/\/naturalpoland.com\/tr\/urunler\/farmasotik-hammaddeler\/vitaminler\/benfotiamin\/","title":{"rendered":"Benfotiamin"},"content":{"rendered":"<h2>Benfotiaminin Sa\u011fl\u0131k \u00d6zellikleri<\/h2>\n<p>Benfotiamin, sinir sistemini hasardan korumaya yard\u0131mc\u0131 olarak sinir h\u00fccrelerinin metabolizmas\u0131n\u0131 destekler. Glikozun par\u00e7alanmas\u0131na ve h\u00fccrelerde enerji \u00fcretilmesine yard\u0131mc\u0131 olan enerji metabolizmas\u0131 enzimlerini (\u00f6rne\u011fin piruvat dehidrogenaz) aktive eder. Bu \u00fcr\u00fcn, v\u00fccuttaki a\u015f\u0131r\u0131 glikozun etkilerini azaltmada son derece etkilidir ve diyabetin tedavisine ve \u00f6nlenmesine yard\u0131mc\u0131 olur.  <\/p>\n<p>Benfotiamin, antioksidan \u00f6zellikleri sayesinde organizmay\u0131 oksidatif stresten korur ve serbest radikallerin neden oldu\u011fu h\u00fccre hasar\u0131 riskini azalt\u0131r. Ayr\u0131ca diyabetik retinopati, nefropati ve n\u00f6ropati gibi kronik hastal\u0131klar\u0131n tedavisinde \u00f6nemli olan anti-enflamatuar etki g\u00f6sterir. Ara\u015ft\u0131rmalar, benfotiamin takviyesinin kalp sa\u011fl\u0131\u011f\u0131n\u0131 destekledi\u011fini, ateroskleroz riskini azaltt\u0131\u011f\u0131n\u0131 ve bili\u015fsel i\u015flevleri iyile\u015ftirdi\u011fini g\u00f6stermektedir.  <\/p>\n<h2>Benfotiaminin Kullan\u0131m Alanlar\u0131<\/h2>\n<p>Benfotiamin, diyabetik n\u00f6ropati, metabolik sendrom ve sinir sistemi hastal\u0131klar\u0131 olan ki\u015filerin diyet takviyesinde \u00f6nerilir. Ayr\u0131ca diyaliz hastalar\u0131nda, stresli ya\u015fayanlarda ve d\u00fc\u015f\u00fck kalorili diyet uygulayanlarda tiamin eksikli\u011fini gidermede etkilidir. Ateroskleroz \u00f6nlemede ve b\u00f6brekleri a\u015f\u0131r\u0131 glikozun zararl\u0131 etkilerinden korumada da kullan\u0131l\u0131r.  <\/p>\n","protected":false},"excerpt":{"rendered":"<p>Benfotiamin, tiaminin (<a href=\"https:\/\/naturalpoland.com\/tr\/urunler\/farmasotik-hammaddeler\/vitaminler\/vitamin-b1\/\"><strong>B1 vitamini<\/strong><\/a>) sentetik bir t\u00fcrevidir. Ya\u011fda \u00e7\u00f6z\u00fcn\u00fcr ve y\u00fcksek biyoyararlan\u0131ma sahip bir \u00fcr\u00fcnd\u00fcr. Sinir ve dola\u015f\u0131m sistemi \u00fczerinde olumlu etkileri ile karakterizedir.  <\/p>\n","protected":false},"featured_media":45364,"template":"","meta":{"_acf_changed":false},"product_brand":[],"product_cat":[9542],"product_tag":[],"class_list":{"0":"post-45361","1":"product","2":"type-product","3":"status-publish","4":"has-post-thumbnail","6":"product_cat-vitaminler","7":"pa_skladnik-aktywny-benfotiamin","9":"first","10":"instock","11":"shipping-taxable","12":"product-type-simple"},"acf":[],"yoast_head":"<!-- This site is optimized with the Yoast SEO plugin v27.5 - https:\/\/yoast.com\/product\/yoast-seo-wordpress\/ -->\n<title>Benfotiamin - Toptan Hammadde Da\u011f\u0131t\u0131c\u0131s\u0131<\/title>\n<meta name=\"description\" content=\"Benfotiamin, metabolik, n\u00f6rolojik ve kardiyovask\u00fcler sa\u011fl\u0131\u011f\u0131 destekleyen geli\u015fmi\u015f bir takviyedir. Tiaminin (B1 vitamini) sentetik bir t\u00fcrevidir.\" \/>\n<meta name=\"robots\" content=\"index, follow, max-snippet:-1, max-image-preview:large, max-video-preview:-1\" \/>\n<link rel=\"canonical\" href=\"https:\/\/naturalpoland.com\/tr\/urunler\/farmasotik-hammaddeler\/vitaminler\/benfotiamin\/\" \/>\n<meta property=\"og:locale\" content=\"tr_TR\" \/>\n<meta property=\"og:type\" content=\"article\" \/>\n<meta property=\"og:title\" content=\"Benfotiamin - Toptan Hammadde Da\u011f\u0131t\u0131c\u0131s\u0131\" \/>\n<meta property=\"og:description\" content=\"Benfotiamin, metabolik, n\u00f6rolojik ve kardiyovask\u00fcler sa\u011fl\u0131\u011f\u0131 destekleyen geli\u015fmi\u015f bir takviyedir. Tiaminin (B1 vitamini) sentetik bir t\u00fcrevidir.\" \/>\n<meta property=\"og:url\" content=\"https:\/\/naturalpoland.com\/tr\/urunler\/farmasotik-hammaddeler\/vitaminler\/benfotiamin\/\" \/>\n<meta property=\"og:site_name\" content=\"NATURAL POLAND - Hurtowy Dystrybutor Surowc\u00f3w\" \/>\n<meta property=\"article:publisher\" content=\"https:\/\/www.facebook.com\/naturalpoland.b2b\" \/>\n<meta property=\"article:modified_time\" content=\"2026-01-28T11:39:32+00:00\" \/>\n<meta property=\"og:image\" content=\"https:\/\/naturalpoland.com\/wp-content\/uploads\/benfotiamina.webp\" \/>\n\t<meta property=\"og:image:width\" content=\"590\" \/>\n\t<meta property=\"og:image:height\" content=\"590\" \/>\n\t<meta property=\"og:image:type\" content=\"image\/webp\" \/>\n<script type=\"application\/ld+json\" class=\"yoast-schema-graph\">{\"@context\":\"https:\\\/\\\/schema.org\",\"@graph\":[{\"@type\":\"WebPage\",\"@id\":\"https:\\\/\\\/naturalpoland.com\\\/tr\\\/urunler\\\/farmasotik-hammaddeler\\\/vitaminler\\\/benfotiamin\\\/\",\"url\":\"https:\\\/\\\/naturalpoland.com\\\/tr\\\/urunler\\\/farmasotik-hammaddeler\\\/vitaminler\\\/benfotiamin\\\/\",\"name\":\"Benfotiamin - Toptan Hammadde Da\u011f\u0131t\u0131c\u0131s\u0131\",\"isPartOf\":{\"@id\":\"https:\\\/\\\/naturalpoland.com\\\/tr\\\/#website\"},\"primaryImageOfPage\":{\"@id\":\"https:\\\/\\\/naturalpoland.com\\\/tr\\\/urunler\\\/farmasotik-hammaddeler\\\/vitaminler\\\/benfotiamin\\\/#primaryimage\"},\"image\":{\"@id\":\"https:\\\/\\\/naturalpoland.com\\\/tr\\\/urunler\\\/farmasotik-hammaddeler\\\/vitaminler\\\/benfotiamin\\\/#primaryimage\"},\"thumbnailUrl\":\"https:\\\/\\\/naturalpoland.com\\\/wp-content\\\/uploads\\\/benfotiamina.webp\",\"datePublished\":\"2025-01-27T13:14:32+00:00\",\"dateModified\":\"2026-01-28T11:39:32+00:00\",\"description\":\"Benfotiamin, metabolik, n\u00f6rolojik ve kardiyovask\u00fcler sa\u011fl\u0131\u011f\u0131 destekleyen geli\u015fmi\u015f bir takviyedir. Tiaminin (B1 vitamini) sentetik bir t\u00fcrevidir.\",\"breadcrumb\":{\"@id\":\"https:\\\/\\\/naturalpoland.com\\\/tr\\\/urunler\\\/farmasotik-hammaddeler\\\/vitaminler\\\/benfotiamin\\\/#breadcrumb\"},\"inLanguage\":\"tr\",\"potentialAction\":[{\"@type\":\"ReadAction\",\"target\":[\"https:\\\/\\\/naturalpoland.com\\\/tr\\\/urunler\\\/farmasotik-hammaddeler\\\/vitaminler\\\/benfotiamin\\\/\"]}]},{\"@type\":\"ImageObject\",\"inLanguage\":\"tr\",\"@id\":\"https:\\\/\\\/naturalpoland.com\\\/tr\\\/urunler\\\/farmasotik-hammaddeler\\\/vitaminler\\\/benfotiamin\\\/#primaryimage\",\"url\":\"https:\\\/\\\/naturalpoland.com\\\/wp-content\\\/uploads\\\/benfotiamina.webp\",\"contentUrl\":\"https:\\\/\\\/naturalpoland.com\\\/wp-content\\\/uploads\\\/benfotiamina.webp\",\"width\":590,\"height\":590,\"caption\":\"benfotiamin\"},{\"@type\":\"BreadcrumbList\",\"@id\":\"https:\\\/\\\/naturalpoland.com\\\/tr\\\/urunler\\\/farmasotik-hammaddeler\\\/vitaminler\\\/benfotiamin\\\/#breadcrumb\",\"itemListElement\":[{\"@type\":\"ListItem\",\"position\":1,\"name\":\"Ana Sayfa\",\"item\":\"https:\\\/\\\/naturalpoland.com\\\/tr\\\/\"},{\"@type\":\"ListItem\",\"position\":2,\"name\":\"\u00dcr\u00fcnler\",\"item\":\"https:\\\/\\\/naturalpoland.com\\\/tr\\\/urunler\\\/\"},{\"@type\":\"ListItem\",\"position\":3,\"name\":\"Benfotiamin\"}]},{\"@type\":\"WebSite\",\"@id\":\"https:\\\/\\\/naturalpoland.com\\\/tr\\\/#website\",\"url\":\"https:\\\/\\\/naturalpoland.com\\\/tr\\\/\",\"name\":\"NATURAL POLAND - Hurtowy Dystrybutor Surowc\u00f3w\",\"description\":\"Surowce dla przemys\u0142u spo\u017cywczego, kosmetycznego i farmaceutycznego\",\"publisher\":{\"@id\":\"https:\\\/\\\/naturalpoland.com\\\/tr\\\/#organization\"},\"potentialAction\":[{\"@type\":\"SearchAction\",\"target\":{\"@type\":\"EntryPoint\",\"urlTemplate\":\"https:\\\/\\\/naturalpoland.com\\\/tr\\\/?s={search_term_string}\"},\"query-input\":{\"@type\":\"PropertyValueSpecification\",\"valueRequired\":true,\"valueName\":\"search_term_string\"}}],\"inLanguage\":\"tr\"},{\"@type\":\"Organization\",\"@id\":\"https:\\\/\\\/naturalpoland.com\\\/tr\\\/#organization\",\"name\":\"Natural Poland\",\"url\":\"https:\\\/\\\/naturalpoland.com\\\/tr\\\/\",\"logo\":{\"@type\":\"ImageObject\",\"inLanguage\":\"tr\",\"@id\":\"https:\\\/\\\/naturalpoland.com\\\/tr\\\/#\\\/schema\\\/logo\\\/image\\\/\",\"url\":\"https:\\\/\\\/naturalpoland.com\\\/wp-content\\\/uploads\\\/2021\\\/05\\\/natural-poland-icon.png\",\"contentUrl\":\"https:\\\/\\\/naturalpoland.com\\\/wp-content\\\/uploads\\\/2021\\\/05\\\/natural-poland-icon.png\",\"width\":512,\"height\":512,\"caption\":\"Natural Poland\"},\"image\":{\"@id\":\"https:\\\/\\\/naturalpoland.com\\\/tr\\\/#\\\/schema\\\/logo\\\/image\\\/\"},\"sameAs\":[\"https:\\\/\\\/www.facebook.com\\\/naturalpoland.b2b\",\"https:\\\/\\\/pl.linkedin.com\\\/company\\\/natural-poland\",\"https:\\\/\\\/www.youtube.com\\\/channel\\\/UCgeGGkvOMahZo-xu_MSEWxg\"]}]}<\/script>\n<!-- \/ Yoast SEO plugin. -->","yoast_head_json":{"title":"Benfotiamin - Toptan Hammadde Da\u011f\u0131t\u0131c\u0131s\u0131","description":"Benfotiamin, metabolik, n\u00f6rolojik ve kardiyovask\u00fcler sa\u011fl\u0131\u011f\u0131 destekleyen geli\u015fmi\u015f bir takviyedir. Tiaminin (B1 vitamini) sentetik bir t\u00fcrevidir.","robots":{"index":"index","follow":"follow","max-snippet":"max-snippet:-1","max-image-preview":"max-image-preview:large","max-video-preview":"max-video-preview:-1"},"canonical":"https:\/\/naturalpoland.com\/tr\/urunler\/farmasotik-hammaddeler\/vitaminler\/benfotiamin\/","og_locale":"tr_TR","og_type":"article","og_title":"Benfotiamin - Toptan Hammadde Da\u011f\u0131t\u0131c\u0131s\u0131","og_description":"Benfotiamin, metabolik, n\u00f6rolojik ve kardiyovask\u00fcler sa\u011fl\u0131\u011f\u0131 destekleyen geli\u015fmi\u015f bir takviyedir. Tiaminin (B1 vitamini) sentetik bir t\u00fcrevidir.","og_url":"https:\/\/naturalpoland.com\/tr\/urunler\/farmasotik-hammaddeler\/vitaminler\/benfotiamin\/","og_site_name":"NATURAL POLAND - Hurtowy Dystrybutor Surowc\u00f3w","article_publisher":"https:\/\/www.facebook.com\/naturalpoland.b2b","article_modified_time":"2026-01-28T11:39:32+00:00","og_image":[{"width":590,"height":590,"url":"https:\/\/naturalpoland.com\/wp-content\/uploads\/benfotiamina.webp","type":"image\/webp"}],"schema":{"@context":"https:\/\/schema.org","@graph":[{"@type":"WebPage","@id":"https:\/\/naturalpoland.com\/tr\/urunler\/farmasotik-hammaddeler\/vitaminler\/benfotiamin\/","url":"https:\/\/naturalpoland.com\/tr\/urunler\/farmasotik-hammaddeler\/vitaminler\/benfotiamin\/","name":"Benfotiamin - Toptan Hammadde Da\u011f\u0131t\u0131c\u0131s\u0131","isPartOf":{"@id":"https:\/\/naturalpoland.com\/tr\/#website"},"primaryImageOfPage":{"@id":"https:\/\/naturalpoland.com\/tr\/urunler\/farmasotik-hammaddeler\/vitaminler\/benfotiamin\/#primaryimage"},"image":{"@id":"https:\/\/naturalpoland.com\/tr\/urunler\/farmasotik-hammaddeler\/vitaminler\/benfotiamin\/#primaryimage"},"thumbnailUrl":"https:\/\/naturalpoland.com\/wp-content\/uploads\/benfotiamina.webp","datePublished":"2025-01-27T13:14:32+00:00","dateModified":"2026-01-28T11:39:32+00:00","description":"Benfotiamin, metabolik, n\u00f6rolojik ve kardiyovask\u00fcler sa\u011fl\u0131\u011f\u0131 destekleyen geli\u015fmi\u015f bir takviyedir. Tiaminin (B1 vitamini) sentetik bir t\u00fcrevidir.","breadcrumb":{"@id":"https:\/\/naturalpoland.com\/tr\/urunler\/farmasotik-hammaddeler\/vitaminler\/benfotiamin\/#breadcrumb"},"inLanguage":"tr","potentialAction":[{"@type":"ReadAction","target":["https:\/\/naturalpoland.com\/tr\/urunler\/farmasotik-hammaddeler\/vitaminler\/benfotiamin\/"]}]},{"@type":"ImageObject","inLanguage":"tr","@id":"https:\/\/naturalpoland.com\/tr\/urunler\/farmasotik-hammaddeler\/vitaminler\/benfotiamin\/#primaryimage","url":"https:\/\/naturalpoland.com\/wp-content\/uploads\/benfotiamina.webp","contentUrl":"https:\/\/naturalpoland.com\/wp-content\/uploads\/benfotiamina.webp","width":590,"height":590,"caption":"benfotiamin"},{"@type":"BreadcrumbList","@id":"https:\/\/naturalpoland.com\/tr\/urunler\/farmasotik-hammaddeler\/vitaminler\/benfotiamin\/#breadcrumb","itemListElement":[{"@type":"ListItem","position":1,"name":"Ana Sayfa","item":"https:\/\/naturalpoland.com\/tr\/"},{"@type":"ListItem","position":2,"name":"\u00dcr\u00fcnler","item":"https:\/\/naturalpoland.com\/tr\/urunler\/"},{"@type":"ListItem","position":3,"name":"Benfotiamin"}]},{"@type":"WebSite","@id":"https:\/\/naturalpoland.com\/tr\/#website","url":"https:\/\/naturalpoland.com\/tr\/","name":"NATURAL POLAND - Hurtowy Dystrybutor Surowc\u00f3w","description":"Surowce dla przemys\u0142u spo\u017cywczego, kosmetycznego i farmaceutycznego","publisher":{"@id":"https:\/\/naturalpoland.com\/tr\/#organization"},"potentialAction":[{"@type":"SearchAction","target":{"@type":"EntryPoint","urlTemplate":"https:\/\/naturalpoland.com\/tr\/?s={search_term_string}"},"query-input":{"@type":"PropertyValueSpecification","valueRequired":true,"valueName":"search_term_string"}}],"inLanguage":"tr"},{"@type":"Organization","@id":"https:\/\/naturalpoland.com\/tr\/#organization","name":"Natural Poland","url":"https:\/\/naturalpoland.com\/tr\/","logo":{"@type":"ImageObject","inLanguage":"tr","@id":"https:\/\/naturalpoland.com\/tr\/#\/schema\/logo\/image\/","url":"https:\/\/naturalpoland.com\/wp-content\/uploads\/2021\/05\/natural-poland-icon.png","contentUrl":"https:\/\/naturalpoland.com\/wp-content\/uploads\/2021\/05\/natural-poland-icon.png","width":512,"height":512,"caption":"Natural Poland"},"image":{"@id":"https:\/\/naturalpoland.com\/tr\/#\/schema\/logo\/image\/"},"sameAs":["https:\/\/www.facebook.com\/naturalpoland.b2b","https:\/\/pl.linkedin.com\/company\/natural-poland","https:\/\/www.youtube.com\/channel\/UCgeGGkvOMahZo-xu_MSEWxg"]}]}},"_links":{"self":[{"href":"https:\/\/naturalpoland.com\/tr\/wp-json\/wp\/v2\/product\/45361","targetHints":{"allow":["GET"]}}],"collection":[{"href":"https:\/\/naturalpoland.com\/tr\/wp-json\/wp\/v2\/product"}],"about":[{"href":"https:\/\/naturalpoland.com\/tr\/wp-json\/wp\/v2\/types\/product"}],"wp:featuredmedia":[{"embeddable":true,"href":"https:\/\/naturalpoland.com\/tr\/wp-json\/wp\/v2\/media\/45364"}],"wp:attachment":[{"href":"https:\/\/naturalpoland.com\/tr\/wp-json\/wp\/v2\/media?parent=45361"}],"wp:term":[{"taxonomy":"product_brand","embeddable":true,"href":"https:\/\/naturalpoland.com\/tr\/wp-json\/wp\/v2\/product_brand?post=45361"},{"taxonomy":"product_cat","embeddable":true,"href":"https:\/\/naturalpoland.com\/tr\/wp-json\/wp\/v2\/product_cat?post=45361"},{"taxonomy":"product_tag","embeddable":true,"href":"https:\/\/naturalpoland.com\/tr\/wp-json\/wp\/v2\/product_tag?post=45361"}],"curies":[{"name":"wp","href":"https:\/\/api.w.org\/{rel}","templated":true}]}}