{"id":45363,"date":"2024-12-13T13:54:46","date_gmt":"2024-12-13T12:54:46","guid":{"rendered":"https:\/\/naturalpoland.com\/produkty\/kategorilenmemis\/seylan-tarcini-ekstrakti\/"},"modified":"2026-01-28T12:39:35","modified_gmt":"2026-01-28T11:39:35","slug":"seylan-tarcini-ekstrakti","status":"publish","type":"product","link":"https:\/\/naturalpoland.com\/tr\/urunler\/bitkisel-ekstraktlar\/seylan-tarcini-ekstrakti\/","title":{"rendered":"Seylan Tar\u00e7\u0131n\u0131 Ekstrakt\u0131"},"content":{"rendered":"<h3 data-pm-slice=\"1 3 []\">Seylan Tar\u00e7\u0131n\u0131 Ekstrakt\u0131n\u0131n Sa\u011fl\u0131k Faydalar\u0131<\/h3>\n<p>Seylan tar\u00e7\u0131n\u0131 ekstrakt\u0131 <strong>sindirim sistemi<\/strong> \u00fczerindeki olumlu etkisiyle bilinir. Haz\u0131ms\u0131zl\u0131k belirtilerini hafifletmeye yard\u0131mc\u0131 olur, sa\u011fl\u0131kl\u0131 ba\u011f\u0131rsak peristaltizmini destekler ve \u015fi\u015fkinli\u011fi \u00f6nler. <\/p>\n<p>Ekstraktta bulunan polifenoller ve flavonoidler <strong>serbest radikalleri<\/strong> etkili \u015fekilde n\u00f6tralize ederek h\u00fccreleri oksidatif stresten korumaya ve v\u00fccuttaki inflamasyonu azaltmaya yard\u0131mc\u0131 olur.<\/p>\n<p>Ara\u015ft\u0131rmalar tar\u00e7\u0131n\u0131n insulin duyarl\u0131l\u0131\u011f\u0131n\u0131 art\u0131rarak <strong>kandaki glukoz seviyesinin normal d\u00fczeyde tutulmas\u0131n\u0131<\/strong> destekleyebilece\u011fini g\u00f6stermektedir. Ekstrakt\u0131n d\u00fczenli kullan\u0131m\u0131 LDL kolesterol ve trigliserit seviyelerinin d\u00fc\u015f\u00fcr\u00fclmesine katk\u0131da bulunabilir ve ayn\u0131 zamanda dola\u015f\u0131m sistemi fonksiyonlar\u0131n\u0131 iyile\u015ftirebilir. <\/p>\n<p>Tar\u00e7\u0131n, Candida gibi bakterileri ve mantarlar\u0131 elimine eden, enfeksiyonlara kar\u015f\u0131 do\u011fal bir ajand\u0131r.<\/p>\n<h3>Kullan\u0131m alanlar\u0131<\/h3>\n<ul data-spread=\"false\">\n<li>Metabolik sa\u011fl\u0131\u011f\u0131, sindirimi ve kan \u015fekeri kontrol\u00fcn\u00fc destekleyen <strong>besin takviyeleri<\/strong>.<\/li>\n<li>Anti-inflamatuar ve antioksidan \u00f6zellikli <strong>kozmetikler<\/strong>.<\/li>\n<li>\u00c7aylar, fonksiyonel i\u00e7ecekler ve di\u011fer beslenme \u00fcr\u00fcnlerine katk\u0131 maddesi olarak.<\/li>\n<\/ul>\n","protected":false},"excerpt":{"rendered":"<p data-pm-slice=\"1 1 []\"><strong>Seylan tar\u00e7\u0131n kabu\u011fu ekstrakt\u0131<\/strong> Cinnamomum Zeylanicum a\u011fac\u0131n\u0131n kabu\u011fundan \u00fcretilir.<\/p>\n","protected":false},"featured_media":45366,"template":"","meta":{"_acf_changed":false},"product_brand":[],"product_cat":[9531],"product_tag":[],"class_list":{"0":"post-45363","1":"product","2":"type-product","3":"status-publish","4":"has-post-thumbnail","6":"product_cat-bitkisel-ekstraktlar","7":"pa_czesc-rosliny-kabuk","9":"first","10":"instock","11":"shipping-taxable","12":"product-type-simple"},"acf":[],"yoast_head":"<!-- This site is optimized with the Yoast SEO plugin v27.5 - https:\/\/yoast.com\/product\/yoast-seo-wordpress\/ -->\n<title>Seylan Tar\u00e7\u0131n\u0131 Ekstrakt\u0131 - Toptan Distrib\u00fct\u00f6r<\/title>\n<meta name=\"description\" content=\"Seylan tar\u00e7\u0131n kabu\u011fu ekstrakt\u0131, ba\u015fl\u0131ca ila\u00e7, kozmetik ve g\u0131da end\u00fcstrilerinde kullan\u0131lan bitkisel bir hammaddedir.\" \/>\n<meta name=\"robots\" content=\"index, follow, max-snippet:-1, max-image-preview:large, max-video-preview:-1\" \/>\n<link rel=\"canonical\" href=\"https:\/\/naturalpoland.com\/tr\/urunler\/bitkisel-ekstraktlar\/seylan-tarcini-ekstrakti\/\" \/>\n<meta property=\"og:locale\" content=\"tr_TR\" \/>\n<meta property=\"og:type\" content=\"article\" \/>\n<meta property=\"og:title\" content=\"Seylan Tar\u00e7\u0131n\u0131 Ekstrakt\u0131 - Toptan Distrib\u00fct\u00f6r\" \/>\n<meta property=\"og:description\" content=\"Seylan tar\u00e7\u0131n kabu\u011fu ekstrakt\u0131, ba\u015fl\u0131ca ila\u00e7, kozmetik ve g\u0131da end\u00fcstrilerinde kullan\u0131lan bitkisel bir hammaddedir.\" \/>\n<meta property=\"og:url\" content=\"https:\/\/naturalpoland.com\/tr\/urunler\/bitkisel-ekstraktlar\/seylan-tarcini-ekstrakti\/\" \/>\n<meta property=\"og:site_name\" content=\"NATURAL POLAND - Hurtowy Dystrybutor Surowc\u00f3w\" \/>\n<meta property=\"article:publisher\" content=\"https:\/\/www.facebook.com\/naturalpoland.b2b\" \/>\n<meta property=\"article:modified_time\" content=\"2026-01-28T11:39:35+00:00\" \/>\n<meta property=\"og:image\" content=\"https:\/\/naturalpoland.com\/wp-content\/uploads\/ekstrakt-z-cynamonu-cejlonskiego.webp\" \/>\n\t<meta property=\"og:image:width\" content=\"619\" \/>\n\t<meta property=\"og:image:height\" content=\"619\" \/>\n\t<meta property=\"og:image:type\" content=\"image\/webp\" \/>\n<script type=\"application\/ld+json\" class=\"yoast-schema-graph\">{\"@context\":\"https:\\\/\\\/schema.org\",\"@graph\":[{\"@type\":\"WebPage\",\"@id\":\"https:\\\/\\\/naturalpoland.com\\\/tr\\\/urunler\\\/bitkisel-ekstraktlar\\\/seylan-tarcini-ekstrakti\\\/\",\"url\":\"https:\\\/\\\/naturalpoland.com\\\/tr\\\/urunler\\\/bitkisel-ekstraktlar\\\/seylan-tarcini-ekstrakti\\\/\",\"name\":\"Seylan Tar\u00e7\u0131n\u0131 Ekstrakt\u0131 - Toptan Distrib\u00fct\u00f6r\",\"isPartOf\":{\"@id\":\"https:\\\/\\\/naturalpoland.com\\\/tr\\\/#website\"},\"primaryImageOfPage\":{\"@id\":\"https:\\\/\\\/naturalpoland.com\\\/tr\\\/urunler\\\/bitkisel-ekstraktlar\\\/seylan-tarcini-ekstrakti\\\/#primaryimage\"},\"image\":{\"@id\":\"https:\\\/\\\/naturalpoland.com\\\/tr\\\/urunler\\\/bitkisel-ekstraktlar\\\/seylan-tarcini-ekstrakti\\\/#primaryimage\"},\"thumbnailUrl\":\"https:\\\/\\\/naturalpoland.com\\\/wp-content\\\/uploads\\\/ekstrakt-z-cynamonu-cejlonskiego.webp\",\"datePublished\":\"2024-12-13T12:54:46+00:00\",\"dateModified\":\"2026-01-28T11:39:35+00:00\",\"description\":\"Seylan tar\u00e7\u0131n kabu\u011fu ekstrakt\u0131, ba\u015fl\u0131ca ila\u00e7, kozmetik ve g\u0131da end\u00fcstrilerinde kullan\u0131lan bitkisel bir hammaddedir.\",\"breadcrumb\":{\"@id\":\"https:\\\/\\\/naturalpoland.com\\\/tr\\\/urunler\\\/bitkisel-ekstraktlar\\\/seylan-tarcini-ekstrakti\\\/#breadcrumb\"},\"inLanguage\":\"tr\",\"potentialAction\":[{\"@type\":\"ReadAction\",\"target\":[\"https:\\\/\\\/naturalpoland.com\\\/tr\\\/urunler\\\/bitkisel-ekstraktlar\\\/seylan-tarcini-ekstrakti\\\/\"]}]},{\"@type\":\"ImageObject\",\"inLanguage\":\"tr\",\"@id\":\"https:\\\/\\\/naturalpoland.com\\\/tr\\\/urunler\\\/bitkisel-ekstraktlar\\\/seylan-tarcini-ekstrakti\\\/#primaryimage\",\"url\":\"https:\\\/\\\/naturalpoland.com\\\/wp-content\\\/uploads\\\/ekstrakt-z-cynamonu-cejlonskiego.webp\",\"contentUrl\":\"https:\\\/\\\/naturalpoland.com\\\/wp-content\\\/uploads\\\/ekstrakt-z-cynamonu-cejlonskiego.webp\",\"width\":619,\"height\":619,\"caption\":\"Seylan Tar\u00e7\u0131n\u0131 Ekstrakt\u0131\"},{\"@type\":\"BreadcrumbList\",\"@id\":\"https:\\\/\\\/naturalpoland.com\\\/tr\\\/urunler\\\/bitkisel-ekstraktlar\\\/seylan-tarcini-ekstrakti\\\/#breadcrumb\",\"itemListElement\":[{\"@type\":\"ListItem\",\"position\":1,\"name\":\"Ana Sayfa\",\"item\":\"https:\\\/\\\/naturalpoland.com\\\/tr\\\/\"},{\"@type\":\"ListItem\",\"position\":2,\"name\":\"\u00dcr\u00fcnler\",\"item\":\"https:\\\/\\\/naturalpoland.com\\\/tr\\\/urunler\\\/\"},{\"@type\":\"ListItem\",\"position\":3,\"name\":\"Seylan Tar\u00e7\u0131n\u0131 Ekstrakt\u0131\"}]},{\"@type\":\"WebSite\",\"@id\":\"https:\\\/\\\/naturalpoland.com\\\/tr\\\/#website\",\"url\":\"https:\\\/\\\/naturalpoland.com\\\/tr\\\/\",\"name\":\"NATURAL POLAND - Hurtowy Dystrybutor Surowc\u00f3w\",\"description\":\"Surowce dla przemys\u0142u spo\u017cywczego, kosmetycznego i farmaceutycznego\",\"publisher\":{\"@id\":\"https:\\\/\\\/naturalpoland.com\\\/tr\\\/#organization\"},\"potentialAction\":[{\"@type\":\"SearchAction\",\"target\":{\"@type\":\"EntryPoint\",\"urlTemplate\":\"https:\\\/\\\/naturalpoland.com\\\/tr\\\/?s={search_term_string}\"},\"query-input\":{\"@type\":\"PropertyValueSpecification\",\"valueRequired\":true,\"valueName\":\"search_term_string\"}}],\"inLanguage\":\"tr\"},{\"@type\":\"Organization\",\"@id\":\"https:\\\/\\\/naturalpoland.com\\\/tr\\\/#organization\",\"name\":\"Natural Poland\",\"url\":\"https:\\\/\\\/naturalpoland.com\\\/tr\\\/\",\"logo\":{\"@type\":\"ImageObject\",\"inLanguage\":\"tr\",\"@id\":\"https:\\\/\\\/naturalpoland.com\\\/tr\\\/#\\\/schema\\\/logo\\\/image\\\/\",\"url\":\"https:\\\/\\\/naturalpoland.com\\\/wp-content\\\/uploads\\\/2021\\\/05\\\/natural-poland-icon.png\",\"contentUrl\":\"https:\\\/\\\/naturalpoland.com\\\/wp-content\\\/uploads\\\/2021\\\/05\\\/natural-poland-icon.png\",\"width\":512,\"height\":512,\"caption\":\"Natural Poland\"},\"image\":{\"@id\":\"https:\\\/\\\/naturalpoland.com\\\/tr\\\/#\\\/schema\\\/logo\\\/image\\\/\"},\"sameAs\":[\"https:\\\/\\\/www.facebook.com\\\/naturalpoland.b2b\",\"https:\\\/\\\/pl.linkedin.com\\\/company\\\/natural-poland\",\"https:\\\/\\\/www.youtube.com\\\/channel\\\/UCgeGGkvOMahZo-xu_MSEWxg\"]}]}<\/script>\n<!-- \/ Yoast SEO plugin. -->","yoast_head_json":{"title":"Seylan Tar\u00e7\u0131n\u0131 Ekstrakt\u0131 - Toptan Distrib\u00fct\u00f6r","description":"Seylan tar\u00e7\u0131n kabu\u011fu ekstrakt\u0131, ba\u015fl\u0131ca ila\u00e7, kozmetik ve g\u0131da end\u00fcstrilerinde kullan\u0131lan bitkisel bir hammaddedir.","robots":{"index":"index","follow":"follow","max-snippet":"max-snippet:-1","max-image-preview":"max-image-preview:large","max-video-preview":"max-video-preview:-1"},"canonical":"https:\/\/naturalpoland.com\/tr\/urunler\/bitkisel-ekstraktlar\/seylan-tarcini-ekstrakti\/","og_locale":"tr_TR","og_type":"article","og_title":"Seylan Tar\u00e7\u0131n\u0131 Ekstrakt\u0131 - Toptan Distrib\u00fct\u00f6r","og_description":"Seylan tar\u00e7\u0131n kabu\u011fu ekstrakt\u0131, ba\u015fl\u0131ca ila\u00e7, kozmetik ve g\u0131da end\u00fcstrilerinde kullan\u0131lan bitkisel bir hammaddedir.","og_url":"https:\/\/naturalpoland.com\/tr\/urunler\/bitkisel-ekstraktlar\/seylan-tarcini-ekstrakti\/","og_site_name":"NATURAL POLAND - Hurtowy Dystrybutor Surowc\u00f3w","article_publisher":"https:\/\/www.facebook.com\/naturalpoland.b2b","article_modified_time":"2026-01-28T11:39:35+00:00","og_image":[{"width":619,"height":619,"url":"https:\/\/naturalpoland.com\/wp-content\/uploads\/ekstrakt-z-cynamonu-cejlonskiego.webp","type":"image\/webp"}],"schema":{"@context":"https:\/\/schema.org","@graph":[{"@type":"WebPage","@id":"https:\/\/naturalpoland.com\/tr\/urunler\/bitkisel-ekstraktlar\/seylan-tarcini-ekstrakti\/","url":"https:\/\/naturalpoland.com\/tr\/urunler\/bitkisel-ekstraktlar\/seylan-tarcini-ekstrakti\/","name":"Seylan Tar\u00e7\u0131n\u0131 Ekstrakt\u0131 - Toptan Distrib\u00fct\u00f6r","isPartOf":{"@id":"https:\/\/naturalpoland.com\/tr\/#website"},"primaryImageOfPage":{"@id":"https:\/\/naturalpoland.com\/tr\/urunler\/bitkisel-ekstraktlar\/seylan-tarcini-ekstrakti\/#primaryimage"},"image":{"@id":"https:\/\/naturalpoland.com\/tr\/urunler\/bitkisel-ekstraktlar\/seylan-tarcini-ekstrakti\/#primaryimage"},"thumbnailUrl":"https:\/\/naturalpoland.com\/wp-content\/uploads\/ekstrakt-z-cynamonu-cejlonskiego.webp","datePublished":"2024-12-13T12:54:46+00:00","dateModified":"2026-01-28T11:39:35+00:00","description":"Seylan tar\u00e7\u0131n kabu\u011fu ekstrakt\u0131, ba\u015fl\u0131ca ila\u00e7, kozmetik ve g\u0131da end\u00fcstrilerinde kullan\u0131lan bitkisel bir hammaddedir.","breadcrumb":{"@id":"https:\/\/naturalpoland.com\/tr\/urunler\/bitkisel-ekstraktlar\/seylan-tarcini-ekstrakti\/#breadcrumb"},"inLanguage":"tr","potentialAction":[{"@type":"ReadAction","target":["https:\/\/naturalpoland.com\/tr\/urunler\/bitkisel-ekstraktlar\/seylan-tarcini-ekstrakti\/"]}]},{"@type":"ImageObject","inLanguage":"tr","@id":"https:\/\/naturalpoland.com\/tr\/urunler\/bitkisel-ekstraktlar\/seylan-tarcini-ekstrakti\/#primaryimage","url":"https:\/\/naturalpoland.com\/wp-content\/uploads\/ekstrakt-z-cynamonu-cejlonskiego.webp","contentUrl":"https:\/\/naturalpoland.com\/wp-content\/uploads\/ekstrakt-z-cynamonu-cejlonskiego.webp","width":619,"height":619,"caption":"Seylan Tar\u00e7\u0131n\u0131 Ekstrakt\u0131"},{"@type":"BreadcrumbList","@id":"https:\/\/naturalpoland.com\/tr\/urunler\/bitkisel-ekstraktlar\/seylan-tarcini-ekstrakti\/#breadcrumb","itemListElement":[{"@type":"ListItem","position":1,"name":"Ana Sayfa","item":"https:\/\/naturalpoland.com\/tr\/"},{"@type":"ListItem","position":2,"name":"\u00dcr\u00fcnler","item":"https:\/\/naturalpoland.com\/tr\/urunler\/"},{"@type":"ListItem","position":3,"name":"Seylan Tar\u00e7\u0131n\u0131 Ekstrakt\u0131"}]},{"@type":"WebSite","@id":"https:\/\/naturalpoland.com\/tr\/#website","url":"https:\/\/naturalpoland.com\/tr\/","name":"NATURAL POLAND - Hurtowy Dystrybutor Surowc\u00f3w","description":"Surowce dla przemys\u0142u spo\u017cywczego, kosmetycznego i farmaceutycznego","publisher":{"@id":"https:\/\/naturalpoland.com\/tr\/#organization"},"potentialAction":[{"@type":"SearchAction","target":{"@type":"EntryPoint","urlTemplate":"https:\/\/naturalpoland.com\/tr\/?s={search_term_string}"},"query-input":{"@type":"PropertyValueSpecification","valueRequired":true,"valueName":"search_term_string"}}],"inLanguage":"tr"},{"@type":"Organization","@id":"https:\/\/naturalpoland.com\/tr\/#organization","name":"Natural Poland","url":"https:\/\/naturalpoland.com\/tr\/","logo":{"@type":"ImageObject","inLanguage":"tr","@id":"https:\/\/naturalpoland.com\/tr\/#\/schema\/logo\/image\/","url":"https:\/\/naturalpoland.com\/wp-content\/uploads\/2021\/05\/natural-poland-icon.png","contentUrl":"https:\/\/naturalpoland.com\/wp-content\/uploads\/2021\/05\/natural-poland-icon.png","width":512,"height":512,"caption":"Natural Poland"},"image":{"@id":"https:\/\/naturalpoland.com\/tr\/#\/schema\/logo\/image\/"},"sameAs":["https:\/\/www.facebook.com\/naturalpoland.b2b","https:\/\/pl.linkedin.com\/company\/natural-poland","https:\/\/www.youtube.com\/channel\/UCgeGGkvOMahZo-xu_MSEWxg"]}]}},"_links":{"self":[{"href":"https:\/\/naturalpoland.com\/tr\/wp-json\/wp\/v2\/product\/45363","targetHints":{"allow":["GET"]}}],"collection":[{"href":"https:\/\/naturalpoland.com\/tr\/wp-json\/wp\/v2\/product"}],"about":[{"href":"https:\/\/naturalpoland.com\/tr\/wp-json\/wp\/v2\/types\/product"}],"wp:featuredmedia":[{"embeddable":true,"href":"https:\/\/naturalpoland.com\/tr\/wp-json\/wp\/v2\/media\/45366"}],"wp:attachment":[{"href":"https:\/\/naturalpoland.com\/tr\/wp-json\/wp\/v2\/media?parent=45363"}],"wp:term":[{"taxonomy":"product_brand","embeddable":true,"href":"https:\/\/naturalpoland.com\/tr\/wp-json\/wp\/v2\/product_brand?post=45363"},{"taxonomy":"product_cat","embeddable":true,"href":"https:\/\/naturalpoland.com\/tr\/wp-json\/wp\/v2\/product_cat?post=45363"},{"taxonomy":"product_tag","embeddable":true,"href":"https:\/\/naturalpoland.com\/tr\/wp-json\/wp\/v2\/product_tag?post=45363"}],"curies":[{"name":"wp","href":"https:\/\/api.w.org\/{rel}","templated":true}]}}