{"id":45370,"date":"2025-01-14T12:16:38","date_gmt":"2025-01-14T11:16:38","guid":{"rendered":"https:\/\/naturalpoland.com\/produkty\/kategorilenmemis\/vitamin-b1\/"},"modified":"2026-01-28T12:39:47","modified_gmt":"2026-01-28T11:39:47","slug":"vitamin-b1","status":"publish","type":"product","link":"https:\/\/naturalpoland.com\/tr\/urunler\/farmasotik-hammaddeler\/vitaminler\/vitamin-b1\/","title":{"rendered":"Vitamin B1"},"content":{"rendered":"<h2>Vitamin B1&#8217;in \u00d6zellikleri<\/h2>\n<p>Tiamin, <strong>karbonhidratlar\u0131n enerjiye d\u00f6n\u00fc\u015ft\u00fcr\u00fclmesinde<\/strong> kilit rol oynar ve h\u00fccresel mitokondrilerin d\u00fczg\u00fcn \u00e7al\u0131\u015fmas\u0131 i\u00e7in gereklidir. Ayr\u0131ca sinir iletiminde yer alarak beyin ve sinir sisteminin d\u00fczg\u00fcn i\u015fleyi\u015fini destekledi\u011fi i\u00e7in <strong>sinir sistemi sa\u011fl\u0131\u011f\u0131<\/strong> a\u00e7\u0131s\u0131ndan da \u00f6nemlidir. Tiamin eksiklikleri n\u00f6ropatiye ve konsantrasyon bozukluklar\u0131na yol a\u00e7abilir.  <\/p>\n<p>Kardiyovask\u00fcler sistem a\u00e7\u0131s\u0131ndan tiamin <strong>d\u00fczenli kalp ritminin<\/strong> korunmas\u0131na yard\u0131mc\u0131 olur ve kalp kaslar\u0131n\u0131n i\u015flevlerini destekler, eksikli\u011fi kas zay\u0131fl\u0131\u011f\u0131 ve dola\u015f\u0131m sorunlar\u0131na neden olabilir.<\/p>\n<p>Tiamin ayr\u0131ca eksikli\u011finin sonucu olan ve zay\u0131fl\u0131k, kilo kayb\u0131 ile kalp \u00e7al\u0131\u015fma bozukluklar\u0131 ile kendini g\u00f6steren <strong>beri-beri hastal\u0131\u011f\u0131n\u0131n tedavisinde<\/strong> de kullan\u0131m alan\u0131 bulur.<\/p>\n<h2>Kullan\u0131m alanlar\u0131<\/h2>\n<p><strong>Vitamin preparatlar\u0131<\/strong>, <strong>diyet takviyeleri<\/strong> ve <strong>sporcu besin takviyeleri<\/strong> dahil olmak \u00fczere fonksiyonel g\u0131da \u00fcr\u00fcnlerine katk\u0131 maddesi olarak takviye ve eczac\u0131l\u0131kta da yayg\u0131n \u015fekilde kullan\u0131lmaktad\u0131r.<\/p>\n<p>Tiamin, B grubu vitamin eksikliklerinin tedavisinde kilit rol oynar ve v\u00fccudun genel sa\u011fl\u0131k durumunu destekler.<\/p>\n","protected":false},"excerpt":{"rendered":"<p><strong>Vitamin B1<\/strong>, olarak da bilinen <strong>Tiamin<\/strong> (<em><strong>Thiamine Hydrochloride<\/strong><\/em>), v\u00fccudun d\u00fczg\u00fcn i\u015fleyi\u015fi i\u00e7in kilit \u00f6neme sahip suda \u00e7\u00f6z\u00fcn\u00fcr B grubu vitaminidir. Tiamin, karbonhidrat metabolizmas\u0131nda \u00f6nemli rol oynar, glikozun enerjiye d\u00f6n\u00fc\u015ft\u00fcr\u00fclmesini destekler ve sinir sistemi sa\u011fl\u0131\u011f\u0131n\u0131n korunmas\u0131n\u0131 sa\u011flar. <\/p>\n","protected":false},"featured_media":45372,"template":"","meta":{"_acf_changed":false},"product_brand":[],"product_cat":[9542],"product_tag":[],"class_list":{"0":"post-45370","1":"product","2":"type-product","3":"status-publish","4":"has-post-thumbnail","6":"product_cat-vitaminler","8":"first","9":"instock","10":"shipping-taxable","11":"product-type-simple"},"acf":[],"yoast_head":"<!-- This site is optimized with the Yoast SEO plugin v27.5 - https:\/\/yoast.com\/product\/yoast-seo-wordpress\/ -->\n<title>Vitamin B1 - Toptan Hammadde Distrib\u00fct\u00f6r\u00fc - NATURAL POLAND - Hurtowy Dystrybutor Surowc\u00f3w<\/title>\n<meta name=\"description\" content=\"Vitamin B1, diyet takviyeleri, eczac\u0131l\u0131k ve fonksiyonel \u00fcr\u00fcnlerde geni\u015f kullan\u0131m alan\u0131na sahip \u00e7ok y\u00f6nl\u00fc ve y\u00fcksek kaliteli bir hammaddedir\" \/>\n<meta name=\"robots\" content=\"index, follow, max-snippet:-1, max-image-preview:large, max-video-preview:-1\" \/>\n<link rel=\"canonical\" href=\"https:\/\/naturalpoland.com\/tr\/urunler\/farmasotik-hammaddeler\/vitaminler\/vitamin-b1\/\" \/>\n<meta property=\"og:locale\" content=\"tr_TR\" \/>\n<meta property=\"og:type\" content=\"article\" \/>\n<meta property=\"og:title\" content=\"Vitamin B1 - Toptan Hammadde Distrib\u00fct\u00f6r\u00fc - NATURAL POLAND - Hurtowy Dystrybutor Surowc\u00f3w\" \/>\n<meta property=\"og:description\" content=\"Vitamin B1, diyet takviyeleri, eczac\u0131l\u0131k ve fonksiyonel \u00fcr\u00fcnlerde geni\u015f kullan\u0131m alan\u0131na sahip \u00e7ok y\u00f6nl\u00fc ve y\u00fcksek kaliteli bir hammaddedir\" \/>\n<meta property=\"og:url\" content=\"https:\/\/naturalpoland.com\/tr\/urunler\/farmasotik-hammaddeler\/vitaminler\/vitamin-b1\/\" \/>\n<meta property=\"og:site_name\" content=\"NATURAL POLAND - Hurtowy Dystrybutor Surowc\u00f3w\" \/>\n<meta property=\"article:publisher\" content=\"https:\/\/www.facebook.com\/naturalpoland.b2b\" \/>\n<meta property=\"article:modified_time\" content=\"2026-01-28T11:39:47+00:00\" \/>\n<meta property=\"og:image\" content=\"https:\/\/naturalpoland.com\/wp-content\/uploads\/witamina-b1.webp\" \/>\n\t<meta property=\"og:image:width\" content=\"592\" \/>\n\t<meta property=\"og:image:height\" content=\"592\" \/>\n\t<meta property=\"og:image:type\" content=\"image\/webp\" \/>\n<script type=\"application\/ld+json\" class=\"yoast-schema-graph\">{\"@context\":\"https:\\\/\\\/schema.org\",\"@graph\":[{\"@type\":\"WebPage\",\"@id\":\"https:\\\/\\\/naturalpoland.com\\\/tr\\\/urunler\\\/farmasotik-hammaddeler\\\/vitaminler\\\/vitamin-b1\\\/\",\"url\":\"https:\\\/\\\/naturalpoland.com\\\/tr\\\/urunler\\\/farmasotik-hammaddeler\\\/vitaminler\\\/vitamin-b1\\\/\",\"name\":\"Vitamin B1 - Toptan Hammadde Distrib\u00fct\u00f6r\u00fc - NATURAL POLAND - Hurtowy Dystrybutor Surowc\u00f3w\",\"isPartOf\":{\"@id\":\"https:\\\/\\\/naturalpoland.com\\\/tr\\\/#website\"},\"primaryImageOfPage\":{\"@id\":\"https:\\\/\\\/naturalpoland.com\\\/tr\\\/urunler\\\/farmasotik-hammaddeler\\\/vitaminler\\\/vitamin-b1\\\/#primaryimage\"},\"image\":{\"@id\":\"https:\\\/\\\/naturalpoland.com\\\/tr\\\/urunler\\\/farmasotik-hammaddeler\\\/vitaminler\\\/vitamin-b1\\\/#primaryimage\"},\"thumbnailUrl\":\"https:\\\/\\\/naturalpoland.com\\\/wp-content\\\/uploads\\\/witamina-b1.webp\",\"datePublished\":\"2025-01-14T11:16:38+00:00\",\"dateModified\":\"2026-01-28T11:39:47+00:00\",\"description\":\"Vitamin B1, diyet takviyeleri, eczac\u0131l\u0131k ve fonksiyonel \u00fcr\u00fcnlerde geni\u015f kullan\u0131m alan\u0131na sahip \u00e7ok y\u00f6nl\u00fc ve y\u00fcksek kaliteli bir hammaddedir\",\"breadcrumb\":{\"@id\":\"https:\\\/\\\/naturalpoland.com\\\/tr\\\/urunler\\\/farmasotik-hammaddeler\\\/vitaminler\\\/vitamin-b1\\\/#breadcrumb\"},\"inLanguage\":\"tr\",\"potentialAction\":[{\"@type\":\"ReadAction\",\"target\":[\"https:\\\/\\\/naturalpoland.com\\\/tr\\\/urunler\\\/farmasotik-hammaddeler\\\/vitaminler\\\/vitamin-b1\\\/\"]}]},{\"@type\":\"ImageObject\",\"inLanguage\":\"tr\",\"@id\":\"https:\\\/\\\/naturalpoland.com\\\/tr\\\/urunler\\\/farmasotik-hammaddeler\\\/vitaminler\\\/vitamin-b1\\\/#primaryimage\",\"url\":\"https:\\\/\\\/naturalpoland.com\\\/wp-content\\\/uploads\\\/witamina-b1.webp\",\"contentUrl\":\"https:\\\/\\\/naturalpoland.com\\\/wp-content\\\/uploads\\\/witamina-b1.webp\",\"width\":592,\"height\":592,\"caption\":\"Vitamin B1\"},{\"@type\":\"BreadcrumbList\",\"@id\":\"https:\\\/\\\/naturalpoland.com\\\/tr\\\/urunler\\\/farmasotik-hammaddeler\\\/vitaminler\\\/vitamin-b1\\\/#breadcrumb\",\"itemListElement\":[{\"@type\":\"ListItem\",\"position\":1,\"name\":\"Ana Sayfa\",\"item\":\"https:\\\/\\\/naturalpoland.com\\\/tr\\\/\"},{\"@type\":\"ListItem\",\"position\":2,\"name\":\"\u00dcr\u00fcnler\",\"item\":\"https:\\\/\\\/naturalpoland.com\\\/tr\\\/urunler\\\/\"},{\"@type\":\"ListItem\",\"position\":3,\"name\":\"Vitamin B1\"}]},{\"@type\":\"WebSite\",\"@id\":\"https:\\\/\\\/naturalpoland.com\\\/tr\\\/#website\",\"url\":\"https:\\\/\\\/naturalpoland.com\\\/tr\\\/\",\"name\":\"NATURAL POLAND - Hurtowy Dystrybutor Surowc\u00f3w\",\"description\":\"Surowce dla przemys\u0142u spo\u017cywczego, kosmetycznego i farmaceutycznego\",\"publisher\":{\"@id\":\"https:\\\/\\\/naturalpoland.com\\\/tr\\\/#organization\"},\"potentialAction\":[{\"@type\":\"SearchAction\",\"target\":{\"@type\":\"EntryPoint\",\"urlTemplate\":\"https:\\\/\\\/naturalpoland.com\\\/tr\\\/?s={search_term_string}\"},\"query-input\":{\"@type\":\"PropertyValueSpecification\",\"valueRequired\":true,\"valueName\":\"search_term_string\"}}],\"inLanguage\":\"tr\"},{\"@type\":\"Organization\",\"@id\":\"https:\\\/\\\/naturalpoland.com\\\/tr\\\/#organization\",\"name\":\"Natural Poland\",\"url\":\"https:\\\/\\\/naturalpoland.com\\\/tr\\\/\",\"logo\":{\"@type\":\"ImageObject\",\"inLanguage\":\"tr\",\"@id\":\"https:\\\/\\\/naturalpoland.com\\\/tr\\\/#\\\/schema\\\/logo\\\/image\\\/\",\"url\":\"https:\\\/\\\/naturalpoland.com\\\/wp-content\\\/uploads\\\/2021\\\/05\\\/natural-poland-icon.png\",\"contentUrl\":\"https:\\\/\\\/naturalpoland.com\\\/wp-content\\\/uploads\\\/2021\\\/05\\\/natural-poland-icon.png\",\"width\":512,\"height\":512,\"caption\":\"Natural Poland\"},\"image\":{\"@id\":\"https:\\\/\\\/naturalpoland.com\\\/tr\\\/#\\\/schema\\\/logo\\\/image\\\/\"},\"sameAs\":[\"https:\\\/\\\/www.facebook.com\\\/naturalpoland.b2b\",\"https:\\\/\\\/pl.linkedin.com\\\/company\\\/natural-poland\",\"https:\\\/\\\/www.youtube.com\\\/channel\\\/UCgeGGkvOMahZo-xu_MSEWxg\"]}]}<\/script>\n<!-- \/ Yoast SEO plugin. -->","yoast_head_json":{"title":"Vitamin B1 - Toptan Hammadde Distrib\u00fct\u00f6r\u00fc - NATURAL POLAND - Hurtowy Dystrybutor Surowc\u00f3w","description":"Vitamin B1, diyet takviyeleri, eczac\u0131l\u0131k ve fonksiyonel \u00fcr\u00fcnlerde geni\u015f kullan\u0131m alan\u0131na sahip \u00e7ok y\u00f6nl\u00fc ve y\u00fcksek kaliteli bir hammaddedir","robots":{"index":"index","follow":"follow","max-snippet":"max-snippet:-1","max-image-preview":"max-image-preview:large","max-video-preview":"max-video-preview:-1"},"canonical":"https:\/\/naturalpoland.com\/tr\/urunler\/farmasotik-hammaddeler\/vitaminler\/vitamin-b1\/","og_locale":"tr_TR","og_type":"article","og_title":"Vitamin B1 - Toptan Hammadde Distrib\u00fct\u00f6r\u00fc - NATURAL POLAND - Hurtowy Dystrybutor Surowc\u00f3w","og_description":"Vitamin B1, diyet takviyeleri, eczac\u0131l\u0131k ve fonksiyonel \u00fcr\u00fcnlerde geni\u015f kullan\u0131m alan\u0131na sahip \u00e7ok y\u00f6nl\u00fc ve y\u00fcksek kaliteli bir hammaddedir","og_url":"https:\/\/naturalpoland.com\/tr\/urunler\/farmasotik-hammaddeler\/vitaminler\/vitamin-b1\/","og_site_name":"NATURAL POLAND - Hurtowy Dystrybutor Surowc\u00f3w","article_publisher":"https:\/\/www.facebook.com\/naturalpoland.b2b","article_modified_time":"2026-01-28T11:39:47+00:00","og_image":[{"width":592,"height":592,"url":"https:\/\/naturalpoland.com\/wp-content\/uploads\/witamina-b1.webp","type":"image\/webp"}],"schema":{"@context":"https:\/\/schema.org","@graph":[{"@type":"WebPage","@id":"https:\/\/naturalpoland.com\/tr\/urunler\/farmasotik-hammaddeler\/vitaminler\/vitamin-b1\/","url":"https:\/\/naturalpoland.com\/tr\/urunler\/farmasotik-hammaddeler\/vitaminler\/vitamin-b1\/","name":"Vitamin B1 - Toptan Hammadde Distrib\u00fct\u00f6r\u00fc - NATURAL POLAND - Hurtowy Dystrybutor Surowc\u00f3w","isPartOf":{"@id":"https:\/\/naturalpoland.com\/tr\/#website"},"primaryImageOfPage":{"@id":"https:\/\/naturalpoland.com\/tr\/urunler\/farmasotik-hammaddeler\/vitaminler\/vitamin-b1\/#primaryimage"},"image":{"@id":"https:\/\/naturalpoland.com\/tr\/urunler\/farmasotik-hammaddeler\/vitaminler\/vitamin-b1\/#primaryimage"},"thumbnailUrl":"https:\/\/naturalpoland.com\/wp-content\/uploads\/witamina-b1.webp","datePublished":"2025-01-14T11:16:38+00:00","dateModified":"2026-01-28T11:39:47+00:00","description":"Vitamin B1, diyet takviyeleri, eczac\u0131l\u0131k ve fonksiyonel \u00fcr\u00fcnlerde geni\u015f kullan\u0131m alan\u0131na sahip \u00e7ok y\u00f6nl\u00fc ve y\u00fcksek kaliteli bir hammaddedir","breadcrumb":{"@id":"https:\/\/naturalpoland.com\/tr\/urunler\/farmasotik-hammaddeler\/vitaminler\/vitamin-b1\/#breadcrumb"},"inLanguage":"tr","potentialAction":[{"@type":"ReadAction","target":["https:\/\/naturalpoland.com\/tr\/urunler\/farmasotik-hammaddeler\/vitaminler\/vitamin-b1\/"]}]},{"@type":"ImageObject","inLanguage":"tr","@id":"https:\/\/naturalpoland.com\/tr\/urunler\/farmasotik-hammaddeler\/vitaminler\/vitamin-b1\/#primaryimage","url":"https:\/\/naturalpoland.com\/wp-content\/uploads\/witamina-b1.webp","contentUrl":"https:\/\/naturalpoland.com\/wp-content\/uploads\/witamina-b1.webp","width":592,"height":592,"caption":"Vitamin B1"},{"@type":"BreadcrumbList","@id":"https:\/\/naturalpoland.com\/tr\/urunler\/farmasotik-hammaddeler\/vitaminler\/vitamin-b1\/#breadcrumb","itemListElement":[{"@type":"ListItem","position":1,"name":"Ana Sayfa","item":"https:\/\/naturalpoland.com\/tr\/"},{"@type":"ListItem","position":2,"name":"\u00dcr\u00fcnler","item":"https:\/\/naturalpoland.com\/tr\/urunler\/"},{"@type":"ListItem","position":3,"name":"Vitamin B1"}]},{"@type":"WebSite","@id":"https:\/\/naturalpoland.com\/tr\/#website","url":"https:\/\/naturalpoland.com\/tr\/","name":"NATURAL POLAND - Hurtowy Dystrybutor Surowc\u00f3w","description":"Surowce dla przemys\u0142u spo\u017cywczego, kosmetycznego i farmaceutycznego","publisher":{"@id":"https:\/\/naturalpoland.com\/tr\/#organization"},"potentialAction":[{"@type":"SearchAction","target":{"@type":"EntryPoint","urlTemplate":"https:\/\/naturalpoland.com\/tr\/?s={search_term_string}"},"query-input":{"@type":"PropertyValueSpecification","valueRequired":true,"valueName":"search_term_string"}}],"inLanguage":"tr"},{"@type":"Organization","@id":"https:\/\/naturalpoland.com\/tr\/#organization","name":"Natural Poland","url":"https:\/\/naturalpoland.com\/tr\/","logo":{"@type":"ImageObject","inLanguage":"tr","@id":"https:\/\/naturalpoland.com\/tr\/#\/schema\/logo\/image\/","url":"https:\/\/naturalpoland.com\/wp-content\/uploads\/2021\/05\/natural-poland-icon.png","contentUrl":"https:\/\/naturalpoland.com\/wp-content\/uploads\/2021\/05\/natural-poland-icon.png","width":512,"height":512,"caption":"Natural Poland"},"image":{"@id":"https:\/\/naturalpoland.com\/tr\/#\/schema\/logo\/image\/"},"sameAs":["https:\/\/www.facebook.com\/naturalpoland.b2b","https:\/\/pl.linkedin.com\/company\/natural-poland","https:\/\/www.youtube.com\/channel\/UCgeGGkvOMahZo-xu_MSEWxg"]}]}},"_links":{"self":[{"href":"https:\/\/naturalpoland.com\/tr\/wp-json\/wp\/v2\/product\/45370","targetHints":{"allow":["GET"]}}],"collection":[{"href":"https:\/\/naturalpoland.com\/tr\/wp-json\/wp\/v2\/product"}],"about":[{"href":"https:\/\/naturalpoland.com\/tr\/wp-json\/wp\/v2\/types\/product"}],"wp:featuredmedia":[{"embeddable":true,"href":"https:\/\/naturalpoland.com\/tr\/wp-json\/wp\/v2\/media\/45372"}],"wp:attachment":[{"href":"https:\/\/naturalpoland.com\/tr\/wp-json\/wp\/v2\/media?parent=45370"}],"wp:term":[{"taxonomy":"product_brand","embeddable":true,"href":"https:\/\/naturalpoland.com\/tr\/wp-json\/wp\/v2\/product_brand?post=45370"},{"taxonomy":"product_cat","embeddable":true,"href":"https:\/\/naturalpoland.com\/tr\/wp-json\/wp\/v2\/product_cat?post=45370"},{"taxonomy":"product_tag","embeddable":true,"href":"https:\/\/naturalpoland.com\/tr\/wp-json\/wp\/v2\/product_tag?post=45370"}],"curies":[{"name":"wp","href":"https:\/\/api.w.org\/{rel}","templated":true}]}}