{"id":45373,"date":"2024-12-19T15:37:27","date_gmt":"2024-12-19T14:37:27","guid":{"rendered":"https:\/\/naturalpoland.com\/produkty\/kategorilenmemis\/miristoil-pentapeptid-17\/"},"modified":"2026-01-28T12:39:52","modified_gmt":"2026-01-28T11:39:52","slug":"miristoil-pentapeptid-17","status":"publish","type":"product","link":"https:\/\/naturalpoland.com\/tr\/urunler\/kozmetik-hammaddeleri\/peptitler\/miristoil-pentapeptid-17\/","title":{"rendered":"Miristoil Pentapeptid-17"},"content":{"rendered":"<p data-pm-slice=\"1 1 []\">Miristoil Pentapeptid-17, sa\u00e7 folik\u00fcllerinin rejenerasyon s\u00fcre\u00e7lerini destekleyerek kirpiklerin hacmini ve uzunlu\u011funu art\u0131r\u0131r. Ciltteki onar\u0131m s\u00fcre\u00e7lerini destekler, ayr\u0131ca cildin elastikiyetini ve nemini iyile\u015ftirir. Ek olarak, sa\u00e7lar\u0131 hasara kar\u015f\u0131 korur.  <\/p>\n<p data-pm-slice=\"1 1 []\">Miristoil Pentapeptid-17, kozmetik end\u00fcstrisinde, \u00f6zellikle kirpik ve ka\u015f serumlar\u0131 ve besleyicilerinde; ya\u015flanma kar\u015f\u0131t\u0131 \u00fcr\u00fcnlerde ve sa\u00e7 bak\u0131m kozmetiklerinde geni\u015f kullan\u0131m alan\u0131 bulur.<\/p>\n","protected":false},"excerpt":{"rendered":"<p data-pm-slice=\"1 1 []\"><strong>Miristoil Pentapeptid-17<\/strong>, g\u00fc\u00e7lendirici ve yenileyici \u00f6zelliklere sahip geli\u015fmi\u015f bir biyoaktif bile\u015fendir. Benzersiz kimyasal yap\u0131s\u0131, cilt ve sa\u00e7lar\u0131n sa\u011fl\u0131kl\u0131 ve estetik g\u00f6r\u00fcn\u00fcm\u00fcne katk\u0131da bulunarak durumlar\u0131n\u0131 etkili bir \u015fekilde desteklemeye olanak tan\u0131r. Miristoil lipid grubunun varl\u0131\u011f\u0131 sayesinde, peptid h\u00fccresel d\u00fczeyde artan biyoyararlan\u0131m ve etkinlik g\u00f6sterir.  <\/p>\n","protected":false},"featured_media":45375,"template":"","meta":{"_acf_changed":false},"product_brand":[],"product_cat":[9554],"product_tag":[],"class_list":{"0":"post-45373","1":"product","2":"type-product","3":"status-publish","4":"has-post-thumbnail","6":"product_cat-peptitler","8":"first","9":"instock","10":"shipping-taxable","11":"product-type-simple"},"acf":[],"yoast_head":"<!-- This site is optimized with the Yoast SEO plugin v27.5 - https:\/\/yoast.com\/product\/yoast-seo-wordpress\/ -->\n<title>Miristoil Pentapeptid-17 - Toptan Hammadde Distrib\u00fct\u00f6r\u00fc - NATURAL POLAND - Hurtowy Dystrybutor Surowc\u00f3w<\/title>\n<meta name=\"description\" content=\"Miristoil Pentapeptid-17, modern kozmetik \u00fcr\u00fcnlerde, premium \u00fcr\u00fcnler dahil olmak \u00fczere kullan\u0131lan yenilik\u00e7i bir bile\u015fendir.\" \/>\n<meta name=\"robots\" content=\"index, follow, max-snippet:-1, max-image-preview:large, max-video-preview:-1\" \/>\n<link rel=\"canonical\" href=\"https:\/\/naturalpoland.com\/tr\/urunler\/kozmetik-hammaddeleri\/peptitler\/miristoil-pentapeptid-17\/\" \/>\n<meta property=\"og:locale\" content=\"tr_TR\" \/>\n<meta property=\"og:type\" content=\"article\" \/>\n<meta property=\"og:title\" content=\"Miristoil Pentapeptid-17 - Toptan Hammadde Distrib\u00fct\u00f6r\u00fc - NATURAL POLAND - Hurtowy Dystrybutor Surowc\u00f3w\" \/>\n<meta property=\"og:description\" content=\"Miristoil Pentapeptid-17, modern kozmetik \u00fcr\u00fcnlerde, premium \u00fcr\u00fcnler dahil olmak \u00fczere kullan\u0131lan yenilik\u00e7i bir bile\u015fendir.\" \/>\n<meta property=\"og:url\" content=\"https:\/\/naturalpoland.com\/tr\/urunler\/kozmetik-hammaddeleri\/peptitler\/miristoil-pentapeptid-17\/\" \/>\n<meta property=\"og:site_name\" content=\"NATURAL POLAND - Hurtowy Dystrybutor Surowc\u00f3w\" \/>\n<meta property=\"article:publisher\" content=\"https:\/\/www.facebook.com\/naturalpoland.b2b\" \/>\n<meta property=\"article:modified_time\" content=\"2026-01-28T11:39:52+00:00\" \/>\n<meta property=\"og:image\" content=\"https:\/\/naturalpoland.com\/wp-content\/uploads\/myristoyl-pentapeptide-17.webp\" \/>\n\t<meta property=\"og:image:width\" content=\"592\" \/>\n\t<meta property=\"og:image:height\" content=\"592\" \/>\n\t<meta property=\"og:image:type\" content=\"image\/webp\" \/>\n<script type=\"application\/ld+json\" class=\"yoast-schema-graph\">{\"@context\":\"https:\\\/\\\/schema.org\",\"@graph\":[{\"@type\":\"WebPage\",\"@id\":\"https:\\\/\\\/naturalpoland.com\\\/tr\\\/urunler\\\/kozmetik-hammaddeleri\\\/peptitler\\\/miristoil-pentapeptid-17\\\/\",\"url\":\"https:\\\/\\\/naturalpoland.com\\\/tr\\\/urunler\\\/kozmetik-hammaddeleri\\\/peptitler\\\/miristoil-pentapeptid-17\\\/\",\"name\":\"Miristoil Pentapeptid-17 - Toptan Hammadde Distrib\u00fct\u00f6r\u00fc - NATURAL POLAND - Hurtowy Dystrybutor Surowc\u00f3w\",\"isPartOf\":{\"@id\":\"https:\\\/\\\/naturalpoland.com\\\/tr\\\/#website\"},\"primaryImageOfPage\":{\"@id\":\"https:\\\/\\\/naturalpoland.com\\\/tr\\\/urunler\\\/kozmetik-hammaddeleri\\\/peptitler\\\/miristoil-pentapeptid-17\\\/#primaryimage\"},\"image\":{\"@id\":\"https:\\\/\\\/naturalpoland.com\\\/tr\\\/urunler\\\/kozmetik-hammaddeleri\\\/peptitler\\\/miristoil-pentapeptid-17\\\/#primaryimage\"},\"thumbnailUrl\":\"https:\\\/\\\/naturalpoland.com\\\/wp-content\\\/uploads\\\/myristoyl-pentapeptide-17.webp\",\"datePublished\":\"2024-12-19T14:37:27+00:00\",\"dateModified\":\"2026-01-28T11:39:52+00:00\",\"description\":\"Miristoil Pentapeptid-17, modern kozmetik \u00fcr\u00fcnlerde, premium \u00fcr\u00fcnler dahil olmak \u00fczere kullan\u0131lan yenilik\u00e7i bir bile\u015fendir.\",\"breadcrumb\":{\"@id\":\"https:\\\/\\\/naturalpoland.com\\\/tr\\\/urunler\\\/kozmetik-hammaddeleri\\\/peptitler\\\/miristoil-pentapeptid-17\\\/#breadcrumb\"},\"inLanguage\":\"tr\",\"potentialAction\":[{\"@type\":\"ReadAction\",\"target\":[\"https:\\\/\\\/naturalpoland.com\\\/tr\\\/urunler\\\/kozmetik-hammaddeleri\\\/peptitler\\\/miristoil-pentapeptid-17\\\/\"]}]},{\"@type\":\"ImageObject\",\"inLanguage\":\"tr\",\"@id\":\"https:\\\/\\\/naturalpoland.com\\\/tr\\\/urunler\\\/kozmetik-hammaddeleri\\\/peptitler\\\/miristoil-pentapeptid-17\\\/#primaryimage\",\"url\":\"https:\\\/\\\/naturalpoland.com\\\/wp-content\\\/uploads\\\/myristoyl-pentapeptide-17.webp\",\"contentUrl\":\"https:\\\/\\\/naturalpoland.com\\\/wp-content\\\/uploads\\\/myristoyl-pentapeptide-17.webp\",\"width\":592,\"height\":592,\"caption\":\"Miristoil Pentapeptid-17\"},{\"@type\":\"BreadcrumbList\",\"@id\":\"https:\\\/\\\/naturalpoland.com\\\/tr\\\/urunler\\\/kozmetik-hammaddeleri\\\/peptitler\\\/miristoil-pentapeptid-17\\\/#breadcrumb\",\"itemListElement\":[{\"@type\":\"ListItem\",\"position\":1,\"name\":\"Ana Sayfa\",\"item\":\"https:\\\/\\\/naturalpoland.com\\\/tr\\\/\"},{\"@type\":\"ListItem\",\"position\":2,\"name\":\"\u00dcr\u00fcnler\",\"item\":\"https:\\\/\\\/naturalpoland.com\\\/tr\\\/urunler\\\/\"},{\"@type\":\"ListItem\",\"position\":3,\"name\":\"Miristoil Pentapeptid-17\"}]},{\"@type\":\"WebSite\",\"@id\":\"https:\\\/\\\/naturalpoland.com\\\/tr\\\/#website\",\"url\":\"https:\\\/\\\/naturalpoland.com\\\/tr\\\/\",\"name\":\"NATURAL POLAND - Hurtowy Dystrybutor Surowc\u00f3w\",\"description\":\"Surowce dla przemys\u0142u spo\u017cywczego, kosmetycznego i farmaceutycznego\",\"publisher\":{\"@id\":\"https:\\\/\\\/naturalpoland.com\\\/tr\\\/#organization\"},\"potentialAction\":[{\"@type\":\"SearchAction\",\"target\":{\"@type\":\"EntryPoint\",\"urlTemplate\":\"https:\\\/\\\/naturalpoland.com\\\/tr\\\/?s={search_term_string}\"},\"query-input\":{\"@type\":\"PropertyValueSpecification\",\"valueRequired\":true,\"valueName\":\"search_term_string\"}}],\"inLanguage\":\"tr\"},{\"@type\":\"Organization\",\"@id\":\"https:\\\/\\\/naturalpoland.com\\\/tr\\\/#organization\",\"name\":\"Natural Poland\",\"url\":\"https:\\\/\\\/naturalpoland.com\\\/tr\\\/\",\"logo\":{\"@type\":\"ImageObject\",\"inLanguage\":\"tr\",\"@id\":\"https:\\\/\\\/naturalpoland.com\\\/tr\\\/#\\\/schema\\\/logo\\\/image\\\/\",\"url\":\"https:\\\/\\\/naturalpoland.com\\\/wp-content\\\/uploads\\\/2021\\\/05\\\/natural-poland-icon.png\",\"contentUrl\":\"https:\\\/\\\/naturalpoland.com\\\/wp-content\\\/uploads\\\/2021\\\/05\\\/natural-poland-icon.png\",\"width\":512,\"height\":512,\"caption\":\"Natural Poland\"},\"image\":{\"@id\":\"https:\\\/\\\/naturalpoland.com\\\/tr\\\/#\\\/schema\\\/logo\\\/image\\\/\"},\"sameAs\":[\"https:\\\/\\\/www.facebook.com\\\/naturalpoland.b2b\",\"https:\\\/\\\/pl.linkedin.com\\\/company\\\/natural-poland\",\"https:\\\/\\\/www.youtube.com\\\/channel\\\/UCgeGGkvOMahZo-xu_MSEWxg\"]}]}<\/script>\n<!-- \/ Yoast SEO plugin. -->","yoast_head_json":{"title":"Miristoil Pentapeptid-17 - Toptan Hammadde Distrib\u00fct\u00f6r\u00fc - NATURAL POLAND - Hurtowy Dystrybutor Surowc\u00f3w","description":"Miristoil Pentapeptid-17, modern kozmetik \u00fcr\u00fcnlerde, premium \u00fcr\u00fcnler dahil olmak \u00fczere kullan\u0131lan yenilik\u00e7i bir bile\u015fendir.","robots":{"index":"index","follow":"follow","max-snippet":"max-snippet:-1","max-image-preview":"max-image-preview:large","max-video-preview":"max-video-preview:-1"},"canonical":"https:\/\/naturalpoland.com\/tr\/urunler\/kozmetik-hammaddeleri\/peptitler\/miristoil-pentapeptid-17\/","og_locale":"tr_TR","og_type":"article","og_title":"Miristoil Pentapeptid-17 - Toptan Hammadde Distrib\u00fct\u00f6r\u00fc - NATURAL POLAND - Hurtowy Dystrybutor Surowc\u00f3w","og_description":"Miristoil Pentapeptid-17, modern kozmetik \u00fcr\u00fcnlerde, premium \u00fcr\u00fcnler dahil olmak \u00fczere kullan\u0131lan yenilik\u00e7i bir bile\u015fendir.","og_url":"https:\/\/naturalpoland.com\/tr\/urunler\/kozmetik-hammaddeleri\/peptitler\/miristoil-pentapeptid-17\/","og_site_name":"NATURAL POLAND - Hurtowy Dystrybutor Surowc\u00f3w","article_publisher":"https:\/\/www.facebook.com\/naturalpoland.b2b","article_modified_time":"2026-01-28T11:39:52+00:00","og_image":[{"width":592,"height":592,"url":"https:\/\/naturalpoland.com\/wp-content\/uploads\/myristoyl-pentapeptide-17.webp","type":"image\/webp"}],"schema":{"@context":"https:\/\/schema.org","@graph":[{"@type":"WebPage","@id":"https:\/\/naturalpoland.com\/tr\/urunler\/kozmetik-hammaddeleri\/peptitler\/miristoil-pentapeptid-17\/","url":"https:\/\/naturalpoland.com\/tr\/urunler\/kozmetik-hammaddeleri\/peptitler\/miristoil-pentapeptid-17\/","name":"Miristoil Pentapeptid-17 - Toptan Hammadde Distrib\u00fct\u00f6r\u00fc - NATURAL POLAND - Hurtowy Dystrybutor Surowc\u00f3w","isPartOf":{"@id":"https:\/\/naturalpoland.com\/tr\/#website"},"primaryImageOfPage":{"@id":"https:\/\/naturalpoland.com\/tr\/urunler\/kozmetik-hammaddeleri\/peptitler\/miristoil-pentapeptid-17\/#primaryimage"},"image":{"@id":"https:\/\/naturalpoland.com\/tr\/urunler\/kozmetik-hammaddeleri\/peptitler\/miristoil-pentapeptid-17\/#primaryimage"},"thumbnailUrl":"https:\/\/naturalpoland.com\/wp-content\/uploads\/myristoyl-pentapeptide-17.webp","datePublished":"2024-12-19T14:37:27+00:00","dateModified":"2026-01-28T11:39:52+00:00","description":"Miristoil Pentapeptid-17, modern kozmetik \u00fcr\u00fcnlerde, premium \u00fcr\u00fcnler dahil olmak \u00fczere kullan\u0131lan yenilik\u00e7i bir bile\u015fendir.","breadcrumb":{"@id":"https:\/\/naturalpoland.com\/tr\/urunler\/kozmetik-hammaddeleri\/peptitler\/miristoil-pentapeptid-17\/#breadcrumb"},"inLanguage":"tr","potentialAction":[{"@type":"ReadAction","target":["https:\/\/naturalpoland.com\/tr\/urunler\/kozmetik-hammaddeleri\/peptitler\/miristoil-pentapeptid-17\/"]}]},{"@type":"ImageObject","inLanguage":"tr","@id":"https:\/\/naturalpoland.com\/tr\/urunler\/kozmetik-hammaddeleri\/peptitler\/miristoil-pentapeptid-17\/#primaryimage","url":"https:\/\/naturalpoland.com\/wp-content\/uploads\/myristoyl-pentapeptide-17.webp","contentUrl":"https:\/\/naturalpoland.com\/wp-content\/uploads\/myristoyl-pentapeptide-17.webp","width":592,"height":592,"caption":"Miristoil Pentapeptid-17"},{"@type":"BreadcrumbList","@id":"https:\/\/naturalpoland.com\/tr\/urunler\/kozmetik-hammaddeleri\/peptitler\/miristoil-pentapeptid-17\/#breadcrumb","itemListElement":[{"@type":"ListItem","position":1,"name":"Ana Sayfa","item":"https:\/\/naturalpoland.com\/tr\/"},{"@type":"ListItem","position":2,"name":"\u00dcr\u00fcnler","item":"https:\/\/naturalpoland.com\/tr\/urunler\/"},{"@type":"ListItem","position":3,"name":"Miristoil Pentapeptid-17"}]},{"@type":"WebSite","@id":"https:\/\/naturalpoland.com\/tr\/#website","url":"https:\/\/naturalpoland.com\/tr\/","name":"NATURAL POLAND - Hurtowy Dystrybutor Surowc\u00f3w","description":"Surowce dla przemys\u0142u spo\u017cywczego, kosmetycznego i farmaceutycznego","publisher":{"@id":"https:\/\/naturalpoland.com\/tr\/#organization"},"potentialAction":[{"@type":"SearchAction","target":{"@type":"EntryPoint","urlTemplate":"https:\/\/naturalpoland.com\/tr\/?s={search_term_string}"},"query-input":{"@type":"PropertyValueSpecification","valueRequired":true,"valueName":"search_term_string"}}],"inLanguage":"tr"},{"@type":"Organization","@id":"https:\/\/naturalpoland.com\/tr\/#organization","name":"Natural Poland","url":"https:\/\/naturalpoland.com\/tr\/","logo":{"@type":"ImageObject","inLanguage":"tr","@id":"https:\/\/naturalpoland.com\/tr\/#\/schema\/logo\/image\/","url":"https:\/\/naturalpoland.com\/wp-content\/uploads\/2021\/05\/natural-poland-icon.png","contentUrl":"https:\/\/naturalpoland.com\/wp-content\/uploads\/2021\/05\/natural-poland-icon.png","width":512,"height":512,"caption":"Natural Poland"},"image":{"@id":"https:\/\/naturalpoland.com\/tr\/#\/schema\/logo\/image\/"},"sameAs":["https:\/\/www.facebook.com\/naturalpoland.b2b","https:\/\/pl.linkedin.com\/company\/natural-poland","https:\/\/www.youtube.com\/channel\/UCgeGGkvOMahZo-xu_MSEWxg"]}]}},"_links":{"self":[{"href":"https:\/\/naturalpoland.com\/tr\/wp-json\/wp\/v2\/product\/45373","targetHints":{"allow":["GET"]}}],"collection":[{"href":"https:\/\/naturalpoland.com\/tr\/wp-json\/wp\/v2\/product"}],"about":[{"href":"https:\/\/naturalpoland.com\/tr\/wp-json\/wp\/v2\/types\/product"}],"wp:featuredmedia":[{"embeddable":true,"href":"https:\/\/naturalpoland.com\/tr\/wp-json\/wp\/v2\/media\/45375"}],"wp:attachment":[{"href":"https:\/\/naturalpoland.com\/tr\/wp-json\/wp\/v2\/media?parent=45373"}],"wp:term":[{"taxonomy":"product_brand","embeddable":true,"href":"https:\/\/naturalpoland.com\/tr\/wp-json\/wp\/v2\/product_brand?post=45373"},{"taxonomy":"product_cat","embeddable":true,"href":"https:\/\/naturalpoland.com\/tr\/wp-json\/wp\/v2\/product_cat?post=45373"},{"taxonomy":"product_tag","embeddable":true,"href":"https:\/\/naturalpoland.com\/tr\/wp-json\/wp\/v2\/product_tag?post=45373"}],"curies":[{"name":"wp","href":"https:\/\/api.w.org\/{rel}","templated":true}]}}