{"id":45376,"date":"2025-01-14T11:44:13","date_gmt":"2025-01-14T10:44:13","guid":{"rendered":"https:\/\/naturalpoland.com\/produkty\/kategorilenmemis\/tulsi-ozutu\/"},"modified":"2026-01-28T12:40:13","modified_gmt":"2026-01-28T11:40:13","slug":"tulsi-ozutu","status":"publish","type":"product","link":"https:\/\/naturalpoland.com\/tr\/urunler\/bitkisel-ekstraktlar\/tulsi-ozutu\/","title":{"rendered":"Tulsi \u00f6z\u00fct\u00fc"},"content":{"rendered":"<h2>\u00d6zellikler ve sa\u011fl\u0131k faydalar\u0131:<\/h2>\n<ul>\n<li>Tulsi \u00f6z\u00fct\u00fc, stres hormonu olan kortizol seviyesini d\u00fc\u015f\u00fcrerek <strong>sinir sistemini destekler<\/strong>.<\/li>\n<li>V\u00fccudun viral ve bakteriyel enfeksiyonlara kar\u015f\u0131 do\u011fal direncini art\u0131rarak <strong>ba\u011f\u0131\u015f\u0131kl\u0131k sistemini g\u00fc\u00e7lendirir<\/strong>.<\/li>\n<li>\u00d6jenol ve fenolik asitler gibi bile\u015fiklerin varl\u0131\u011f\u0131 sayesinde Tulsi <strong>anti-enflamatuar etki g\u00f6sterir<\/strong> ve bakteriyel enfeksiyonlarla m\u00fccadeleye yard\u0131mc\u0131 olur.<\/li>\n<li>Geleneksel olarak <strong>\u00fcst solunum yolu enfeksiyonlar\u0131n\u0131n tedavisinde<\/strong> kullan\u0131l\u0131r, \u00f6ks\u00fcr\u00fck, burun ak\u0131nt\u0131s\u0131 ve so\u011fuk alg\u0131nl\u0131\u011f\u0131 semptomlar\u0131n\u0131 hafifletmeye yard\u0131mc\u0131 olur.<\/li>\n<li>Polifenol i\u00e7eri\u011fi sayesinde <strong>h\u00fccreleri oksidatif strese kar\u015f\u0131 korur<\/strong> ve cilt sa\u011fl\u0131\u011f\u0131n\u0131 destekleyerek ya\u015flanma s\u00fcre\u00e7lerini geciktirir.<\/li>\n<li>Tip 2 diyabetin \u00f6nlenmesinde yard\u0131mc\u0131 olabilecek \u015fekilde <strong>metabolizmay\u0131 ve kan \u015fekeri seviyesini d\u00fczenler<\/strong>.<\/li>\n<li>V\u00fccudun <strong>detoksifikasyon s\u00fcre\u00e7lerini destekler<\/strong> ve toksinleri n\u00f6tralize ederek karaci\u011fer fonksiyonunu destekler.<\/li>\n<\/ul>\n<h2>Tulsi \u00f6z\u00fct\u00fcn\u00fcn kullan\u0131m alanlar\u0131<\/h2>\n<ul>\n<li>Ba\u011f\u0131\u015f\u0131kl\u0131\u011f\u0131 destekleyen, stresi azaltan ve iyi hissetmeyi sa\u011flayan g\u0131da takviyelerinin bile\u015feni olarak.<\/li>\n<li>Antioksidan ve anti-enflamatuar \u00f6zellikleri nedeniyle kozmetik \u00fcr\u00fcnlere katk\u0131 maddesi olarak.<\/li>\n<li>Sa\u011fl\u0131\u011f\u0131 destekleyen bitkisel \u00e7aylara eklenerek.<\/li>\n<li>Genel sa\u011fl\u0131\u011f\u0131 ve v\u00fccut dengesini destekleyen geleneksel Ayurvedik preparatlarda kullan\u0131larak.<\/li>\n<\/ul>\n","protected":false},"excerpt":{"rendered":"<p><strong>Tulsi \u00f6z\u00fct\u00fc<\/strong> (<em><strong>Ocimum Tenuiflorum<\/strong><\/em>), kutsal fesle\u011fen olarak bilinen \u015fifal\u0131 bitkinin yapraklar\u0131ndan elde edilir. Tulsi, y\u00fczy\u0131llard\u0131r Ayurvedik do\u011fal t\u0131pta kullan\u0131lmaktad\u0131r. Adaptojenik, anti-enflamatuar ve imm\u00fcnomod\u00fclat\u00f6r etkilere sahiptir.  <\/p>\n","protected":false},"featured_media":45377,"template":"","meta":{"_acf_changed":false},"product_brand":[],"product_cat":[9531],"product_tag":[],"class_list":{"0":"post-45376","1":"product","2":"type-product","3":"status-publish","4":"has-post-thumbnail","6":"product_cat-bitkisel-ekstraktlar","7":"pa_czesc-rosliny-yapraklar-2","9":"first","10":"instock","11":"shipping-taxable","12":"product-type-simple"},"acf":[],"yoast_head":"<!-- This site is optimized with the Yoast SEO plugin v27.5 - https:\/\/yoast.com\/product\/yoast-seo-wordpress\/ -->\n<title>Tulsi \u00f6z\u00fct\u00fc - Toptan Hammadde Distrib\u00fct\u00f6r\u00fc - NATURAL POLAND - Hurtowy Dystrybutor Surowc\u00f3w<\/title>\n<meta name=\"description\" content=\"Tulsi (Ocimum Tenuiflorum) \u00f6z\u00fct\u00fc, ayn\u0131 zamanda kutsal fesle\u011fen olarak da bilinen, bu \u015fifal\u0131 bitkinin yapraklar\u0131ndan elde edilen y\u00fcksek kaliteli bitkisel bir hammaddedir.\" \/>\n<meta name=\"robots\" content=\"index, follow, max-snippet:-1, max-image-preview:large, max-video-preview:-1\" \/>\n<link rel=\"canonical\" href=\"https:\/\/naturalpoland.com\/tr\/urunler\/bitkisel-ekstraktlar\/tulsi-ozutu\/\" \/>\n<meta property=\"og:locale\" content=\"tr_TR\" \/>\n<meta property=\"og:type\" content=\"article\" \/>\n<meta property=\"og:title\" content=\"Tulsi \u00f6z\u00fct\u00fc - Toptan Hammadde Distrib\u00fct\u00f6r\u00fc - NATURAL POLAND - Hurtowy Dystrybutor Surowc\u00f3w\" \/>\n<meta property=\"og:description\" content=\"Tulsi (Ocimum Tenuiflorum) \u00f6z\u00fct\u00fc, ayn\u0131 zamanda kutsal fesle\u011fen olarak da bilinen, bu \u015fifal\u0131 bitkinin yapraklar\u0131ndan elde edilen y\u00fcksek kaliteli bitkisel bir hammaddedir.\" \/>\n<meta property=\"og:url\" content=\"https:\/\/naturalpoland.com\/tr\/urunler\/bitkisel-ekstraktlar\/tulsi-ozutu\/\" \/>\n<meta property=\"og:site_name\" content=\"NATURAL POLAND - Hurtowy Dystrybutor Surowc\u00f3w\" \/>\n<meta property=\"article:publisher\" content=\"https:\/\/www.facebook.com\/naturalpoland.b2b\" \/>\n<meta property=\"article:modified_time\" content=\"2026-01-28T11:40:13+00:00\" \/>\n<meta property=\"og:image\" content=\"https:\/\/naturalpoland.com\/wp-content\/uploads\/ekstrakt-z-tulsi.webp\" \/>\n\t<meta property=\"og:image:width\" content=\"592\" \/>\n\t<meta property=\"og:image:height\" content=\"592\" \/>\n\t<meta property=\"og:image:type\" content=\"image\/webp\" \/>\n<script type=\"application\/ld+json\" class=\"yoast-schema-graph\">{\"@context\":\"https:\\\/\\\/schema.org\",\"@graph\":[{\"@type\":\"WebPage\",\"@id\":\"https:\\\/\\\/naturalpoland.com\\\/tr\\\/urunler\\\/bitkisel-ekstraktlar\\\/tulsi-ozutu\\\/\",\"url\":\"https:\\\/\\\/naturalpoland.com\\\/tr\\\/urunler\\\/bitkisel-ekstraktlar\\\/tulsi-ozutu\\\/\",\"name\":\"Tulsi \u00f6z\u00fct\u00fc - Toptan Hammadde Distrib\u00fct\u00f6r\u00fc - NATURAL POLAND - Hurtowy Dystrybutor Surowc\u00f3w\",\"isPartOf\":{\"@id\":\"https:\\\/\\\/naturalpoland.com\\\/tr\\\/#website\"},\"primaryImageOfPage\":{\"@id\":\"https:\\\/\\\/naturalpoland.com\\\/tr\\\/urunler\\\/bitkisel-ekstraktlar\\\/tulsi-ozutu\\\/#primaryimage\"},\"image\":{\"@id\":\"https:\\\/\\\/naturalpoland.com\\\/tr\\\/urunler\\\/bitkisel-ekstraktlar\\\/tulsi-ozutu\\\/#primaryimage\"},\"thumbnailUrl\":\"https:\\\/\\\/naturalpoland.com\\\/wp-content\\\/uploads\\\/ekstrakt-z-tulsi.webp\",\"datePublished\":\"2025-01-14T10:44:13+00:00\",\"dateModified\":\"2026-01-28T11:40:13+00:00\",\"description\":\"Tulsi (Ocimum Tenuiflorum) \u00f6z\u00fct\u00fc, ayn\u0131 zamanda kutsal fesle\u011fen olarak da bilinen, bu \u015fifal\u0131 bitkinin yapraklar\u0131ndan elde edilen y\u00fcksek kaliteli bitkisel bir hammaddedir.\",\"breadcrumb\":{\"@id\":\"https:\\\/\\\/naturalpoland.com\\\/tr\\\/urunler\\\/bitkisel-ekstraktlar\\\/tulsi-ozutu\\\/#breadcrumb\"},\"inLanguage\":\"tr\",\"potentialAction\":[{\"@type\":\"ReadAction\",\"target\":[\"https:\\\/\\\/naturalpoland.com\\\/tr\\\/urunler\\\/bitkisel-ekstraktlar\\\/tulsi-ozutu\\\/\"]}]},{\"@type\":\"ImageObject\",\"inLanguage\":\"tr\",\"@id\":\"https:\\\/\\\/naturalpoland.com\\\/tr\\\/urunler\\\/bitkisel-ekstraktlar\\\/tulsi-ozutu\\\/#primaryimage\",\"url\":\"https:\\\/\\\/naturalpoland.com\\\/wp-content\\\/uploads\\\/ekstrakt-z-tulsi.webp\",\"contentUrl\":\"https:\\\/\\\/naturalpoland.com\\\/wp-content\\\/uploads\\\/ekstrakt-z-tulsi.webp\",\"width\":592,\"height\":592,\"caption\":\"Tulsi \u00d6z\u00fct\u00fc\"},{\"@type\":\"BreadcrumbList\",\"@id\":\"https:\\\/\\\/naturalpoland.com\\\/tr\\\/urunler\\\/bitkisel-ekstraktlar\\\/tulsi-ozutu\\\/#breadcrumb\",\"itemListElement\":[{\"@type\":\"ListItem\",\"position\":1,\"name\":\"Ana Sayfa\",\"item\":\"https:\\\/\\\/naturalpoland.com\\\/tr\\\/\"},{\"@type\":\"ListItem\",\"position\":2,\"name\":\"\u00dcr\u00fcnler\",\"item\":\"https:\\\/\\\/naturalpoland.com\\\/tr\\\/urunler\\\/\"},{\"@type\":\"ListItem\",\"position\":3,\"name\":\"Tulsi \u00f6z\u00fct\u00fc\"}]},{\"@type\":\"WebSite\",\"@id\":\"https:\\\/\\\/naturalpoland.com\\\/tr\\\/#website\",\"url\":\"https:\\\/\\\/naturalpoland.com\\\/tr\\\/\",\"name\":\"NATURAL POLAND - Hurtowy Dystrybutor Surowc\u00f3w\",\"description\":\"Surowce dla przemys\u0142u spo\u017cywczego, kosmetycznego i farmaceutycznego\",\"publisher\":{\"@id\":\"https:\\\/\\\/naturalpoland.com\\\/tr\\\/#organization\"},\"potentialAction\":[{\"@type\":\"SearchAction\",\"target\":{\"@type\":\"EntryPoint\",\"urlTemplate\":\"https:\\\/\\\/naturalpoland.com\\\/tr\\\/?s={search_term_string}\"},\"query-input\":{\"@type\":\"PropertyValueSpecification\",\"valueRequired\":true,\"valueName\":\"search_term_string\"}}],\"inLanguage\":\"tr\"},{\"@type\":\"Organization\",\"@id\":\"https:\\\/\\\/naturalpoland.com\\\/tr\\\/#organization\",\"name\":\"Natural Poland\",\"url\":\"https:\\\/\\\/naturalpoland.com\\\/tr\\\/\",\"logo\":{\"@type\":\"ImageObject\",\"inLanguage\":\"tr\",\"@id\":\"https:\\\/\\\/naturalpoland.com\\\/tr\\\/#\\\/schema\\\/logo\\\/image\\\/\",\"url\":\"https:\\\/\\\/naturalpoland.com\\\/wp-content\\\/uploads\\\/2021\\\/05\\\/natural-poland-icon.png\",\"contentUrl\":\"https:\\\/\\\/naturalpoland.com\\\/wp-content\\\/uploads\\\/2021\\\/05\\\/natural-poland-icon.png\",\"width\":512,\"height\":512,\"caption\":\"Natural Poland\"},\"image\":{\"@id\":\"https:\\\/\\\/naturalpoland.com\\\/tr\\\/#\\\/schema\\\/logo\\\/image\\\/\"},\"sameAs\":[\"https:\\\/\\\/www.facebook.com\\\/naturalpoland.b2b\",\"https:\\\/\\\/pl.linkedin.com\\\/company\\\/natural-poland\",\"https:\\\/\\\/www.youtube.com\\\/channel\\\/UCgeGGkvOMahZo-xu_MSEWxg\"]}]}<\/script>\n<!-- \/ Yoast SEO plugin. -->","yoast_head_json":{"title":"Tulsi \u00f6z\u00fct\u00fc - Toptan Hammadde Distrib\u00fct\u00f6r\u00fc - NATURAL POLAND - Hurtowy Dystrybutor Surowc\u00f3w","description":"Tulsi (Ocimum Tenuiflorum) \u00f6z\u00fct\u00fc, ayn\u0131 zamanda kutsal fesle\u011fen olarak da bilinen, bu \u015fifal\u0131 bitkinin yapraklar\u0131ndan elde edilen y\u00fcksek kaliteli bitkisel bir hammaddedir.","robots":{"index":"index","follow":"follow","max-snippet":"max-snippet:-1","max-image-preview":"max-image-preview:large","max-video-preview":"max-video-preview:-1"},"canonical":"https:\/\/naturalpoland.com\/tr\/urunler\/bitkisel-ekstraktlar\/tulsi-ozutu\/","og_locale":"tr_TR","og_type":"article","og_title":"Tulsi \u00f6z\u00fct\u00fc - Toptan Hammadde Distrib\u00fct\u00f6r\u00fc - NATURAL POLAND - Hurtowy Dystrybutor Surowc\u00f3w","og_description":"Tulsi (Ocimum Tenuiflorum) \u00f6z\u00fct\u00fc, ayn\u0131 zamanda kutsal fesle\u011fen olarak da bilinen, bu \u015fifal\u0131 bitkinin yapraklar\u0131ndan elde edilen y\u00fcksek kaliteli bitkisel bir hammaddedir.","og_url":"https:\/\/naturalpoland.com\/tr\/urunler\/bitkisel-ekstraktlar\/tulsi-ozutu\/","og_site_name":"NATURAL POLAND - Hurtowy Dystrybutor Surowc\u00f3w","article_publisher":"https:\/\/www.facebook.com\/naturalpoland.b2b","article_modified_time":"2026-01-28T11:40:13+00:00","og_image":[{"width":592,"height":592,"url":"https:\/\/naturalpoland.com\/wp-content\/uploads\/ekstrakt-z-tulsi.webp","type":"image\/webp"}],"schema":{"@context":"https:\/\/schema.org","@graph":[{"@type":"WebPage","@id":"https:\/\/naturalpoland.com\/tr\/urunler\/bitkisel-ekstraktlar\/tulsi-ozutu\/","url":"https:\/\/naturalpoland.com\/tr\/urunler\/bitkisel-ekstraktlar\/tulsi-ozutu\/","name":"Tulsi \u00f6z\u00fct\u00fc - Toptan Hammadde Distrib\u00fct\u00f6r\u00fc - NATURAL POLAND - Hurtowy Dystrybutor Surowc\u00f3w","isPartOf":{"@id":"https:\/\/naturalpoland.com\/tr\/#website"},"primaryImageOfPage":{"@id":"https:\/\/naturalpoland.com\/tr\/urunler\/bitkisel-ekstraktlar\/tulsi-ozutu\/#primaryimage"},"image":{"@id":"https:\/\/naturalpoland.com\/tr\/urunler\/bitkisel-ekstraktlar\/tulsi-ozutu\/#primaryimage"},"thumbnailUrl":"https:\/\/naturalpoland.com\/wp-content\/uploads\/ekstrakt-z-tulsi.webp","datePublished":"2025-01-14T10:44:13+00:00","dateModified":"2026-01-28T11:40:13+00:00","description":"Tulsi (Ocimum Tenuiflorum) \u00f6z\u00fct\u00fc, ayn\u0131 zamanda kutsal fesle\u011fen olarak da bilinen, bu \u015fifal\u0131 bitkinin yapraklar\u0131ndan elde edilen y\u00fcksek kaliteli bitkisel bir hammaddedir.","breadcrumb":{"@id":"https:\/\/naturalpoland.com\/tr\/urunler\/bitkisel-ekstraktlar\/tulsi-ozutu\/#breadcrumb"},"inLanguage":"tr","potentialAction":[{"@type":"ReadAction","target":["https:\/\/naturalpoland.com\/tr\/urunler\/bitkisel-ekstraktlar\/tulsi-ozutu\/"]}]},{"@type":"ImageObject","inLanguage":"tr","@id":"https:\/\/naturalpoland.com\/tr\/urunler\/bitkisel-ekstraktlar\/tulsi-ozutu\/#primaryimage","url":"https:\/\/naturalpoland.com\/wp-content\/uploads\/ekstrakt-z-tulsi.webp","contentUrl":"https:\/\/naturalpoland.com\/wp-content\/uploads\/ekstrakt-z-tulsi.webp","width":592,"height":592,"caption":"Tulsi \u00d6z\u00fct\u00fc"},{"@type":"BreadcrumbList","@id":"https:\/\/naturalpoland.com\/tr\/urunler\/bitkisel-ekstraktlar\/tulsi-ozutu\/#breadcrumb","itemListElement":[{"@type":"ListItem","position":1,"name":"Ana Sayfa","item":"https:\/\/naturalpoland.com\/tr\/"},{"@type":"ListItem","position":2,"name":"\u00dcr\u00fcnler","item":"https:\/\/naturalpoland.com\/tr\/urunler\/"},{"@type":"ListItem","position":3,"name":"Tulsi \u00f6z\u00fct\u00fc"}]},{"@type":"WebSite","@id":"https:\/\/naturalpoland.com\/tr\/#website","url":"https:\/\/naturalpoland.com\/tr\/","name":"NATURAL POLAND - Hurtowy Dystrybutor Surowc\u00f3w","description":"Surowce dla przemys\u0142u spo\u017cywczego, kosmetycznego i farmaceutycznego","publisher":{"@id":"https:\/\/naturalpoland.com\/tr\/#organization"},"potentialAction":[{"@type":"SearchAction","target":{"@type":"EntryPoint","urlTemplate":"https:\/\/naturalpoland.com\/tr\/?s={search_term_string}"},"query-input":{"@type":"PropertyValueSpecification","valueRequired":true,"valueName":"search_term_string"}}],"inLanguage":"tr"},{"@type":"Organization","@id":"https:\/\/naturalpoland.com\/tr\/#organization","name":"Natural Poland","url":"https:\/\/naturalpoland.com\/tr\/","logo":{"@type":"ImageObject","inLanguage":"tr","@id":"https:\/\/naturalpoland.com\/tr\/#\/schema\/logo\/image\/","url":"https:\/\/naturalpoland.com\/wp-content\/uploads\/2021\/05\/natural-poland-icon.png","contentUrl":"https:\/\/naturalpoland.com\/wp-content\/uploads\/2021\/05\/natural-poland-icon.png","width":512,"height":512,"caption":"Natural Poland"},"image":{"@id":"https:\/\/naturalpoland.com\/tr\/#\/schema\/logo\/image\/"},"sameAs":["https:\/\/www.facebook.com\/naturalpoland.b2b","https:\/\/pl.linkedin.com\/company\/natural-poland","https:\/\/www.youtube.com\/channel\/UCgeGGkvOMahZo-xu_MSEWxg"]}]}},"_links":{"self":[{"href":"https:\/\/naturalpoland.com\/tr\/wp-json\/wp\/v2\/product\/45376","targetHints":{"allow":["GET"]}}],"collection":[{"href":"https:\/\/naturalpoland.com\/tr\/wp-json\/wp\/v2\/product"}],"about":[{"href":"https:\/\/naturalpoland.com\/tr\/wp-json\/wp\/v2\/types\/product"}],"wp:featuredmedia":[{"embeddable":true,"href":"https:\/\/naturalpoland.com\/tr\/wp-json\/wp\/v2\/media\/45377"}],"wp:attachment":[{"href":"https:\/\/naturalpoland.com\/tr\/wp-json\/wp\/v2\/media?parent=45376"}],"wp:term":[{"taxonomy":"product_brand","embeddable":true,"href":"https:\/\/naturalpoland.com\/tr\/wp-json\/wp\/v2\/product_brand?post=45376"},{"taxonomy":"product_cat","embeddable":true,"href":"https:\/\/naturalpoland.com\/tr\/wp-json\/wp\/v2\/product_cat?post=45376"},{"taxonomy":"product_tag","embeddable":true,"href":"https:\/\/naturalpoland.com\/tr\/wp-json\/wp\/v2\/product_tag?post=45376"}],"curies":[{"name":"wp","href":"https:\/\/api.w.org\/{rel}","templated":true}]}}