{"id":45378,"date":"2024-12-19T16:00:48","date_gmt":"2024-12-19T15:00:48","guid":{"rendered":"https:\/\/naturalpoland.com\/produkty\/kategorilenmemis\/yesil-midye-tozu\/"},"modified":"2026-01-28T12:40:19","modified_gmt":"2026-01-28T11:40:19","slug":"yesil-midye-tozu","status":"publish","type":"product","link":"https:\/\/naturalpoland.com\/tr\/urunler\/hayvanlar-icin-hammaddeler\/yesil-midye-tozu\/","title":{"rendered":"Ye\u015fil Midye Tozu"},"content":{"rendered":"<p data-pm-slice=\"1 1 []\">Ye\u015fil Midye Tozu, <strong>hayvan yemleri<\/strong> i\u00e7in tasarlanm\u0131\u015f do\u011fal ve y\u00fcksek besin de\u011ferine sahip bir bile\u015fendir. Protein, lipid ve glikozaminoglikan a\u00e7\u0131s\u0131ndan zengin olmas\u0131 sayesinde, hayvanlar\u0131n sa\u011fl\u0131\u011f\u0131 ve v\u00fccut yenilenmesi i\u00e7in m\u00fckemmel destek sa\u011flar. <\/p>\n<h2>\u00d6zellikler:<\/h2>\n<p>\u00dcr\u00fcndeki glikozaminoglikanlar eklem s\u0131v\u0131s\u0131n\u0131n \u00fcretimini destekleyerek eklem sa\u011fl\u0131\u011f\u0131n\u0131 etkiler. Omega-3 ya\u011f asitleri ise iltihab\u0131 azalt\u0131r ve artrit tedavisine yard\u0131mc\u0131 olur. <\/p>\n<p>%50-70 oran\u0131ndaki protein i\u00e7eri\u011fi, doku b\u00fcy\u00fcmesi ve yenilenmesi i\u00e7in gerekli amino asitleri sa\u011flarken, <span style=\"font-size: 14.4px;\">lipidler ve omega-3 ya\u011f asitleri sa\u011fl\u0131kl\u0131 geli\u015fimi destekler ve deri ile t\u00fcy kalitesini art\u0131r\u0131r.<\/span><\/p>\n<h2>Yem uygulamalar\u0131:<\/h2>\n<ol>\n<li>Kedi ve k\u00f6pek mamas\u0131 &#8211; eklem sa\u011fl\u0131\u011f\u0131 deste\u011fi ve hareket kabiliyetini art\u0131rma<\/li>\n<li>Atlar i\u00e7in &#8211; hareket sistemi sa\u011fl\u0131\u011f\u0131 ve yenilenme deste\u011fi<\/li>\n<li>Bal\u0131k ve kabuklu deniz \u00fcr\u00fcnleri yemi &#8211; besin kayna\u011f\u0131<\/li>\n<\/ol>\n","protected":false},"excerpt":{"rendered":"<p><strong>Ye\u015fil Midye Tozu<\/strong> (Green Lipped Mussel Powder), Yeni Zelanda&#8217;n\u0131n temiz sular\u0131ndan elde edilen e\u015fsiz bir hammaddedir. Lif, protein ve \u00f6nemli omega-3 ya\u011f asitleri bak\u0131m\u0131ndan zengin olan <em><strong>Perna canaliculus<\/strong><\/em> midyesinin etinden elde edilir. Geli\u015fmi\u015f kurutma ve \u00f6\u011f\u00fctme i\u015flemi sayesinde, \u00fcr\u00fcn t\u00fcm do\u011fal besin de\u011ferlerini ve biyoaktif \u00f6zelliklerini korur.  <\/p>\n","protected":false},"featured_media":45379,"template":"","meta":{"_acf_changed":false},"product_brand":[],"product_cat":[9536],"product_tag":[],"class_list":{"0":"post-45378","1":"product","2":"type-product","3":"status-publish","4":"has-post-thumbnail","6":"product_cat-hayvanlar-icin-hammaddeler","8":"first","9":"instock","10":"shipping-taxable","11":"product-type-simple"},"acf":[],"yoast_head":"<!-- This site is optimized with the Yoast SEO plugin v27.5 - https:\/\/yoast.com\/product\/yoast-seo-wordpress\/ -->\n<title>Ye\u015fil Midye Tozu - Toptan Hammadde Distrib\u00fct\u00f6r\u00fc - NATURAL POLAND - Hurtowy Dystrybutor Surowc\u00f3w<\/title>\n<meta name=\"description\" content=\"Ye\u015fil Midye Tozu (Green Lipped Mussel Powder), hayvan yemleri i\u00e7in tasarlanm\u0131\u015f do\u011fal ve y\u00fcksek besin de\u011ferine sahip bir bile\u015fendir.\" \/>\n<meta name=\"robots\" content=\"index, follow, max-snippet:-1, max-image-preview:large, max-video-preview:-1\" \/>\n<link rel=\"canonical\" href=\"https:\/\/naturalpoland.com\/tr\/urunler\/hayvanlar-icin-hammaddeler\/yesil-midye-tozu\/\" \/>\n<meta property=\"og:locale\" content=\"tr_TR\" \/>\n<meta property=\"og:type\" content=\"article\" \/>\n<meta property=\"og:title\" content=\"Ye\u015fil Midye Tozu - Toptan Hammadde Distrib\u00fct\u00f6r\u00fc - NATURAL POLAND - Hurtowy Dystrybutor Surowc\u00f3w\" \/>\n<meta property=\"og:description\" content=\"Ye\u015fil Midye Tozu (Green Lipped Mussel Powder), hayvan yemleri i\u00e7in tasarlanm\u0131\u015f do\u011fal ve y\u00fcksek besin de\u011ferine sahip bir bile\u015fendir.\" \/>\n<meta property=\"og:url\" content=\"https:\/\/naturalpoland.com\/tr\/urunler\/hayvanlar-icin-hammaddeler\/yesil-midye-tozu\/\" \/>\n<meta property=\"og:site_name\" content=\"NATURAL POLAND - Hurtowy Dystrybutor Surowc\u00f3w\" \/>\n<meta property=\"article:publisher\" content=\"https:\/\/www.facebook.com\/naturalpoland.b2b\" \/>\n<meta property=\"article:modified_time\" content=\"2026-01-28T11:40:19+00:00\" \/>\n<meta property=\"og:image\" content=\"https:\/\/naturalpoland.com\/wp-content\/uploads\/proszek-z-malzy-zielonowargowej.webp\" \/>\n\t<meta property=\"og:image:width\" content=\"592\" \/>\n\t<meta property=\"og:image:height\" content=\"592\" \/>\n\t<meta property=\"og:image:type\" content=\"image\/webp\" \/>\n<script type=\"application\/ld+json\" class=\"yoast-schema-graph\">{\"@context\":\"https:\\\/\\\/schema.org\",\"@graph\":[{\"@type\":\"WebPage\",\"@id\":\"https:\\\/\\\/naturalpoland.com\\\/tr\\\/urunler\\\/hayvanlar-icin-hammaddeler\\\/yesil-midye-tozu\\\/\",\"url\":\"https:\\\/\\\/naturalpoland.com\\\/tr\\\/urunler\\\/hayvanlar-icin-hammaddeler\\\/yesil-midye-tozu\\\/\",\"name\":\"Ye\u015fil Midye Tozu - Toptan Hammadde Distrib\u00fct\u00f6r\u00fc - NATURAL POLAND - Hurtowy Dystrybutor Surowc\u00f3w\",\"isPartOf\":{\"@id\":\"https:\\\/\\\/naturalpoland.com\\\/tr\\\/#website\"},\"primaryImageOfPage\":{\"@id\":\"https:\\\/\\\/naturalpoland.com\\\/tr\\\/urunler\\\/hayvanlar-icin-hammaddeler\\\/yesil-midye-tozu\\\/#primaryimage\"},\"image\":{\"@id\":\"https:\\\/\\\/naturalpoland.com\\\/tr\\\/urunler\\\/hayvanlar-icin-hammaddeler\\\/yesil-midye-tozu\\\/#primaryimage\"},\"thumbnailUrl\":\"https:\\\/\\\/naturalpoland.com\\\/wp-content\\\/uploads\\\/proszek-z-malzy-zielonowargowej.webp\",\"datePublished\":\"2024-12-19T15:00:48+00:00\",\"dateModified\":\"2026-01-28T11:40:19+00:00\",\"description\":\"Ye\u015fil Midye Tozu (Green Lipped Mussel Powder), hayvan yemleri i\u00e7in tasarlanm\u0131\u015f do\u011fal ve y\u00fcksek besin de\u011ferine sahip bir bile\u015fendir.\",\"breadcrumb\":{\"@id\":\"https:\\\/\\\/naturalpoland.com\\\/tr\\\/urunler\\\/hayvanlar-icin-hammaddeler\\\/yesil-midye-tozu\\\/#breadcrumb\"},\"inLanguage\":\"tr\",\"potentialAction\":[{\"@type\":\"ReadAction\",\"target\":[\"https:\\\/\\\/naturalpoland.com\\\/tr\\\/urunler\\\/hayvanlar-icin-hammaddeler\\\/yesil-midye-tozu\\\/\"]}]},{\"@type\":\"ImageObject\",\"inLanguage\":\"tr\",\"@id\":\"https:\\\/\\\/naturalpoland.com\\\/tr\\\/urunler\\\/hayvanlar-icin-hammaddeler\\\/yesil-midye-tozu\\\/#primaryimage\",\"url\":\"https:\\\/\\\/naturalpoland.com\\\/wp-content\\\/uploads\\\/proszek-z-malzy-zielonowargowej.webp\",\"contentUrl\":\"https:\\\/\\\/naturalpoland.com\\\/wp-content\\\/uploads\\\/proszek-z-malzy-zielonowargowej.webp\",\"width\":592,\"height\":592,\"caption\":\"ye\u015fil midye tozu\"},{\"@type\":\"BreadcrumbList\",\"@id\":\"https:\\\/\\\/naturalpoland.com\\\/tr\\\/urunler\\\/hayvanlar-icin-hammaddeler\\\/yesil-midye-tozu\\\/#breadcrumb\",\"itemListElement\":[{\"@type\":\"ListItem\",\"position\":1,\"name\":\"Ana Sayfa\",\"item\":\"https:\\\/\\\/naturalpoland.com\\\/tr\\\/\"},{\"@type\":\"ListItem\",\"position\":2,\"name\":\"\u00dcr\u00fcnler\",\"item\":\"https:\\\/\\\/naturalpoland.com\\\/tr\\\/urunler\\\/\"},{\"@type\":\"ListItem\",\"position\":3,\"name\":\"Ye\u015fil Midye Tozu\"}]},{\"@type\":\"WebSite\",\"@id\":\"https:\\\/\\\/naturalpoland.com\\\/tr\\\/#website\",\"url\":\"https:\\\/\\\/naturalpoland.com\\\/tr\\\/\",\"name\":\"NATURAL POLAND - Hurtowy Dystrybutor Surowc\u00f3w\",\"description\":\"Surowce dla przemys\u0142u spo\u017cywczego, kosmetycznego i farmaceutycznego\",\"publisher\":{\"@id\":\"https:\\\/\\\/naturalpoland.com\\\/tr\\\/#organization\"},\"potentialAction\":[{\"@type\":\"SearchAction\",\"target\":{\"@type\":\"EntryPoint\",\"urlTemplate\":\"https:\\\/\\\/naturalpoland.com\\\/tr\\\/?s={search_term_string}\"},\"query-input\":{\"@type\":\"PropertyValueSpecification\",\"valueRequired\":true,\"valueName\":\"search_term_string\"}}],\"inLanguage\":\"tr\"},{\"@type\":\"Organization\",\"@id\":\"https:\\\/\\\/naturalpoland.com\\\/tr\\\/#organization\",\"name\":\"Natural Poland\",\"url\":\"https:\\\/\\\/naturalpoland.com\\\/tr\\\/\",\"logo\":{\"@type\":\"ImageObject\",\"inLanguage\":\"tr\",\"@id\":\"https:\\\/\\\/naturalpoland.com\\\/tr\\\/#\\\/schema\\\/logo\\\/image\\\/\",\"url\":\"https:\\\/\\\/naturalpoland.com\\\/wp-content\\\/uploads\\\/2021\\\/05\\\/natural-poland-icon.png\",\"contentUrl\":\"https:\\\/\\\/naturalpoland.com\\\/wp-content\\\/uploads\\\/2021\\\/05\\\/natural-poland-icon.png\",\"width\":512,\"height\":512,\"caption\":\"Natural Poland\"},\"image\":{\"@id\":\"https:\\\/\\\/naturalpoland.com\\\/tr\\\/#\\\/schema\\\/logo\\\/image\\\/\"},\"sameAs\":[\"https:\\\/\\\/www.facebook.com\\\/naturalpoland.b2b\",\"https:\\\/\\\/pl.linkedin.com\\\/company\\\/natural-poland\",\"https:\\\/\\\/www.youtube.com\\\/channel\\\/UCgeGGkvOMahZo-xu_MSEWxg\"]}]}<\/script>\n<!-- \/ Yoast SEO plugin. -->","yoast_head_json":{"title":"Ye\u015fil Midye Tozu - Toptan Hammadde Distrib\u00fct\u00f6r\u00fc - NATURAL POLAND - Hurtowy Dystrybutor Surowc\u00f3w","description":"Ye\u015fil Midye Tozu (Green Lipped Mussel Powder), hayvan yemleri i\u00e7in tasarlanm\u0131\u015f do\u011fal ve y\u00fcksek besin de\u011ferine sahip bir bile\u015fendir.","robots":{"index":"index","follow":"follow","max-snippet":"max-snippet:-1","max-image-preview":"max-image-preview:large","max-video-preview":"max-video-preview:-1"},"canonical":"https:\/\/naturalpoland.com\/tr\/urunler\/hayvanlar-icin-hammaddeler\/yesil-midye-tozu\/","og_locale":"tr_TR","og_type":"article","og_title":"Ye\u015fil Midye Tozu - Toptan Hammadde Distrib\u00fct\u00f6r\u00fc - NATURAL POLAND - Hurtowy Dystrybutor Surowc\u00f3w","og_description":"Ye\u015fil Midye Tozu (Green Lipped Mussel Powder), hayvan yemleri i\u00e7in tasarlanm\u0131\u015f do\u011fal ve y\u00fcksek besin de\u011ferine sahip bir bile\u015fendir.","og_url":"https:\/\/naturalpoland.com\/tr\/urunler\/hayvanlar-icin-hammaddeler\/yesil-midye-tozu\/","og_site_name":"NATURAL POLAND - Hurtowy Dystrybutor Surowc\u00f3w","article_publisher":"https:\/\/www.facebook.com\/naturalpoland.b2b","article_modified_time":"2026-01-28T11:40:19+00:00","og_image":[{"width":592,"height":592,"url":"https:\/\/naturalpoland.com\/wp-content\/uploads\/proszek-z-malzy-zielonowargowej.webp","type":"image\/webp"}],"schema":{"@context":"https:\/\/schema.org","@graph":[{"@type":"WebPage","@id":"https:\/\/naturalpoland.com\/tr\/urunler\/hayvanlar-icin-hammaddeler\/yesil-midye-tozu\/","url":"https:\/\/naturalpoland.com\/tr\/urunler\/hayvanlar-icin-hammaddeler\/yesil-midye-tozu\/","name":"Ye\u015fil Midye Tozu - Toptan Hammadde Distrib\u00fct\u00f6r\u00fc - NATURAL POLAND - Hurtowy Dystrybutor Surowc\u00f3w","isPartOf":{"@id":"https:\/\/naturalpoland.com\/tr\/#website"},"primaryImageOfPage":{"@id":"https:\/\/naturalpoland.com\/tr\/urunler\/hayvanlar-icin-hammaddeler\/yesil-midye-tozu\/#primaryimage"},"image":{"@id":"https:\/\/naturalpoland.com\/tr\/urunler\/hayvanlar-icin-hammaddeler\/yesil-midye-tozu\/#primaryimage"},"thumbnailUrl":"https:\/\/naturalpoland.com\/wp-content\/uploads\/proszek-z-malzy-zielonowargowej.webp","datePublished":"2024-12-19T15:00:48+00:00","dateModified":"2026-01-28T11:40:19+00:00","description":"Ye\u015fil Midye Tozu (Green Lipped Mussel Powder), hayvan yemleri i\u00e7in tasarlanm\u0131\u015f do\u011fal ve y\u00fcksek besin de\u011ferine sahip bir bile\u015fendir.","breadcrumb":{"@id":"https:\/\/naturalpoland.com\/tr\/urunler\/hayvanlar-icin-hammaddeler\/yesil-midye-tozu\/#breadcrumb"},"inLanguage":"tr","potentialAction":[{"@type":"ReadAction","target":["https:\/\/naturalpoland.com\/tr\/urunler\/hayvanlar-icin-hammaddeler\/yesil-midye-tozu\/"]}]},{"@type":"ImageObject","inLanguage":"tr","@id":"https:\/\/naturalpoland.com\/tr\/urunler\/hayvanlar-icin-hammaddeler\/yesil-midye-tozu\/#primaryimage","url":"https:\/\/naturalpoland.com\/wp-content\/uploads\/proszek-z-malzy-zielonowargowej.webp","contentUrl":"https:\/\/naturalpoland.com\/wp-content\/uploads\/proszek-z-malzy-zielonowargowej.webp","width":592,"height":592,"caption":"ye\u015fil midye tozu"},{"@type":"BreadcrumbList","@id":"https:\/\/naturalpoland.com\/tr\/urunler\/hayvanlar-icin-hammaddeler\/yesil-midye-tozu\/#breadcrumb","itemListElement":[{"@type":"ListItem","position":1,"name":"Ana Sayfa","item":"https:\/\/naturalpoland.com\/tr\/"},{"@type":"ListItem","position":2,"name":"\u00dcr\u00fcnler","item":"https:\/\/naturalpoland.com\/tr\/urunler\/"},{"@type":"ListItem","position":3,"name":"Ye\u015fil Midye Tozu"}]},{"@type":"WebSite","@id":"https:\/\/naturalpoland.com\/tr\/#website","url":"https:\/\/naturalpoland.com\/tr\/","name":"NATURAL POLAND - Hurtowy Dystrybutor Surowc\u00f3w","description":"Surowce dla przemys\u0142u spo\u017cywczego, kosmetycznego i farmaceutycznego","publisher":{"@id":"https:\/\/naturalpoland.com\/tr\/#organization"},"potentialAction":[{"@type":"SearchAction","target":{"@type":"EntryPoint","urlTemplate":"https:\/\/naturalpoland.com\/tr\/?s={search_term_string}"},"query-input":{"@type":"PropertyValueSpecification","valueRequired":true,"valueName":"search_term_string"}}],"inLanguage":"tr"},{"@type":"Organization","@id":"https:\/\/naturalpoland.com\/tr\/#organization","name":"Natural Poland","url":"https:\/\/naturalpoland.com\/tr\/","logo":{"@type":"ImageObject","inLanguage":"tr","@id":"https:\/\/naturalpoland.com\/tr\/#\/schema\/logo\/image\/","url":"https:\/\/naturalpoland.com\/wp-content\/uploads\/2021\/05\/natural-poland-icon.png","contentUrl":"https:\/\/naturalpoland.com\/wp-content\/uploads\/2021\/05\/natural-poland-icon.png","width":512,"height":512,"caption":"Natural Poland"},"image":{"@id":"https:\/\/naturalpoland.com\/tr\/#\/schema\/logo\/image\/"},"sameAs":["https:\/\/www.facebook.com\/naturalpoland.b2b","https:\/\/pl.linkedin.com\/company\/natural-poland","https:\/\/www.youtube.com\/channel\/UCgeGGkvOMahZo-xu_MSEWxg"]}]}},"_links":{"self":[{"href":"https:\/\/naturalpoland.com\/tr\/wp-json\/wp\/v2\/product\/45378","targetHints":{"allow":["GET"]}}],"collection":[{"href":"https:\/\/naturalpoland.com\/tr\/wp-json\/wp\/v2\/product"}],"about":[{"href":"https:\/\/naturalpoland.com\/tr\/wp-json\/wp\/v2\/types\/product"}],"wp:featuredmedia":[{"embeddable":true,"href":"https:\/\/naturalpoland.com\/tr\/wp-json\/wp\/v2\/media\/45379"}],"wp:attachment":[{"href":"https:\/\/naturalpoland.com\/tr\/wp-json\/wp\/v2\/media?parent=45378"}],"wp:term":[{"taxonomy":"product_brand","embeddable":true,"href":"https:\/\/naturalpoland.com\/tr\/wp-json\/wp\/v2\/product_brand?post=45378"},{"taxonomy":"product_cat","embeddable":true,"href":"https:\/\/naturalpoland.com\/tr\/wp-json\/wp\/v2\/product_cat?post=45378"},{"taxonomy":"product_tag","embeddable":true,"href":"https:\/\/naturalpoland.com\/tr\/wp-json\/wp\/v2\/product_tag?post=45378"}],"curies":[{"name":"wp","href":"https:\/\/api.w.org\/{rel}","templated":true}]}}