{"id":45407,"date":"2024-07-08T13:21:14","date_gmt":"2024-07-08T11:21:14","guid":{"rendered":"https:\/\/naturalpoland.com\/produkty\/kategorilenmemis\/kuersetin\/"},"modified":"2026-02-04T11:51:43","modified_gmt":"2026-02-04T10:51:43","slug":"kuersetin","status":"publish","type":"product","link":"https:\/\/naturalpoland.com\/tr\/urunler\/farmasotik-hammaddeler\/takviye-edici-gida-bilesenleri\/kuersetin\/","title":{"rendered":"Kuersetin"},"content":{"rendered":"<p>Kuersetin ba\u011f\u0131\u015f\u0131kl\u0131k sistemi sa\u011fl\u0131\u011f\u0131n\u0131 destekleyen ve anti-enflamatuar etki g\u00f6steren g\u00fc\u00e7l\u00fc bir <strong>antioksidand\u0131r<\/strong>. Anti-alerjik ve antihistaminik \u00f6zellikleri nedeniyle, Japon incisi ekstrakt\u0131 takviye g\u0131dalar ve kozmetik \u00fcr\u00fcnlerin bile\u015feni olarak, \u00f6zellikle ya\u015flanma belirtileri g\u00f6steren cilt bak\u0131m\u0131na y\u00f6nelik \u00fcr\u00fcnlerde kullan\u0131lmaktad\u0131r. <\/p>\n<h2>Kuersetinin sa\u011fl\u0131k faydalar\u0131:<\/h2>\n<ul>\n<li>Kuersetin kalp ve dola\u015f\u0131m sistemi sa\u011fl\u0131\u011f\u0131n\u0131 destekler.<\/li>\n<li>Beyin sa\u011fl\u0131\u011f\u0131n\u0131 ve n\u00f6rolojik fonksiyonlar\u0131 destekler.<\/li>\n<li>V\u00fccuttaki inflamatuar durumlar\u0131 azalt\u0131r.<\/li>\n<li>H\u00fccreleri oksidatif strese kar\u015f\u0131 korur.<\/li>\n<li>Sa\u011fl\u0131kl\u0131 solunum yollar\u0131n\u0131n korunmas\u0131na yard\u0131mc\u0131 olur.<\/li>\n<li>Alerji semptomlar\u0131n\u0131n hafifletilmesine yard\u0131mc\u0131 olabilir.<\/li>\n<\/ul>\n<h2>Kullan\u0131m:<\/h2>\n<p>Besin takviyeleri, fonksiyonel g\u0131dalar, topikal kozmetikler, hayvan g\u0131da takviyeleri.<\/p>\n<hr>\n<h2>QuerceSol\u2122<\/h2>\n<p><strong>QuerceSol\u2122<\/strong>, n\u00f6rolojik ve kardiyovask\u00fcler fonksiyonlar\u0131 destekleme dahil geni\u015f spektrumlu sa\u011fl\u0131k faydalar\u0131yla bilinen g\u00fc\u00e7l\u00fc bir flavonoid olan kuersetinin biyoyararlan\u0131m\u0131n\u0131 \u00f6nemli \u00f6l\u00e7\u00fcde art\u0131ran BioSNEDS\u2122 teknolojisine dayal\u0131 geli\u015fmi\u015f bir \u00fcr\u00fcnd\u00fcr.<\/p>\n<h3>BioSNEDS\u2122 teknolojisinin avantajlar\u0131<\/h3>\n<ul>\n<li>QuerceSol\u2122 geleneksel kuersetine k\u0131yasla 15 kat daha biyoyararlan\u0131labilirdir, bu da BioSNEDS\u2122&#8217;teki 33 mg aktif kuersetinin 500 mg geleneksel kuersetine biyoe\u015fde\u011fer oldu\u011fu anlam\u0131na gelir.<\/li>\n<li>Kilogram ba\u015f\u0131na daha fazla doz &#8211; geleneksel kuersetinin 1.900 dozuna k\u0131yasla kilogram ba\u015f\u0131na 3.030 doz.<\/li>\n<li>N\u00f6tr tada sahip ve kokusuz toz ve em\u00fclsiyon formlar\u0131nda mevcuttur.<\/li>\n<\/ul>\n","protected":false},"excerpt":{"rendered":"<p><strong>Kuersetin<\/strong>, <strong>Japon incisi ekstrakt\u0131<\/strong> olarak da bilinir ve bu bitkinin \u00e7i\u00e7eklerinden elde edilir. Ekstrakt sar\u0131, kristal toz formundad\u0131r. <\/p>\n","protected":false},"featured_media":45409,"template":"","meta":{"_acf_changed":false},"product_brand":[],"product_cat":[9540],"product_tag":[],"class_list":{"0":"post-45407","1":"product","2":"type-product","3":"status-publish","4":"has-post-thumbnail","6":"product_cat-takviye-edici-gida-bilesenleri","7":"pa_czesc-rosliny-cicek","8":"pa_grupa-substancji-nutrasotikler","9":"pa_skladnik-aktywny-kuersetin","10":"pa_technologia-biosneds-teknolojisi","12":"first","13":"instock","14":"shipping-taxable","15":"product-type-simple"},"acf":[],"yoast_head":"<!-- This site is optimized with the Yoast SEO plugin v27.5 - https:\/\/yoast.com\/product\/yoast-seo-wordpress\/ -->\n<title>Kuersetin - NATURAL POLAND - Hurtowy Dystrybutor Surowc\u00f3w<\/title>\n<meta name=\"description\" content=\"Kuersetin (Japon incisi ekstrakt\u0131) ba\u011f\u0131\u015f\u0131kl\u0131k sistemi sa\u011fl\u0131\u011f\u0131n\u0131 destekleyen ve anti-enflamatuar etki g\u00f6steren g\u00fc\u00e7l\u00fc bir antioksidand\u0131r.\" \/>\n<meta name=\"robots\" content=\"index, follow, max-snippet:-1, max-image-preview:large, max-video-preview:-1\" \/>\n<link rel=\"canonical\" href=\"https:\/\/naturalpoland.com\/tr\/urunler\/farmasotik-hammaddeler\/takviye-edici-gida-bilesenleri\/kuersetin\/\" \/>\n<meta property=\"og:locale\" content=\"tr_TR\" \/>\n<meta property=\"og:type\" content=\"article\" \/>\n<meta property=\"og:title\" content=\"Kuersetin - NATURAL POLAND - Hurtowy Dystrybutor Surowc\u00f3w\" \/>\n<meta property=\"og:description\" content=\"Kuersetin (Japon incisi ekstrakt\u0131) ba\u011f\u0131\u015f\u0131kl\u0131k sistemi sa\u011fl\u0131\u011f\u0131n\u0131 destekleyen ve anti-enflamatuar etki g\u00f6steren g\u00fc\u00e7l\u00fc bir antioksidand\u0131r.\" \/>\n<meta property=\"og:url\" content=\"https:\/\/naturalpoland.com\/tr\/urunler\/farmasotik-hammaddeler\/takviye-edici-gida-bilesenleri\/kuersetin\/\" \/>\n<meta property=\"og:site_name\" content=\"NATURAL POLAND - Hurtowy Dystrybutor Surowc\u00f3w\" \/>\n<meta property=\"article:publisher\" content=\"https:\/\/www.facebook.com\/naturalpoland.b2b\" \/>\n<meta property=\"article:modified_time\" content=\"2026-02-04T10:51:43+00:00\" \/>\n<meta property=\"og:image\" content=\"https:\/\/naturalpoland.com\/wp-content\/uploads\/kwercetyna.webp\" \/>\n\t<meta property=\"og:image:width\" content=\"614\" \/>\n\t<meta property=\"og:image:height\" content=\"614\" \/>\n\t<meta property=\"og:image:type\" content=\"image\/webp\" \/>\n<script type=\"application\/ld+json\" class=\"yoast-schema-graph\">{\"@context\":\"https:\\\/\\\/schema.org\",\"@graph\":[{\"@type\":\"WebPage\",\"@id\":\"https:\\\/\\\/naturalpoland.com\\\/tr\\\/urunler\\\/farmasotik-hammaddeler\\\/takviye-edici-gida-bilesenleri\\\/kuersetin\\\/\",\"url\":\"https:\\\/\\\/naturalpoland.com\\\/tr\\\/urunler\\\/farmasotik-hammaddeler\\\/takviye-edici-gida-bilesenleri\\\/kuersetin\\\/\",\"name\":\"Kuersetin - NATURAL POLAND - Hurtowy Dystrybutor Surowc\u00f3w\",\"isPartOf\":{\"@id\":\"https:\\\/\\\/naturalpoland.com\\\/tr\\\/#website\"},\"primaryImageOfPage\":{\"@id\":\"https:\\\/\\\/naturalpoland.com\\\/tr\\\/urunler\\\/farmasotik-hammaddeler\\\/takviye-edici-gida-bilesenleri\\\/kuersetin\\\/#primaryimage\"},\"image\":{\"@id\":\"https:\\\/\\\/naturalpoland.com\\\/tr\\\/urunler\\\/farmasotik-hammaddeler\\\/takviye-edici-gida-bilesenleri\\\/kuersetin\\\/#primaryimage\"},\"thumbnailUrl\":\"https:\\\/\\\/naturalpoland.com\\\/wp-content\\\/uploads\\\/kwercetyna.webp\",\"datePublished\":\"2024-07-08T11:21:14+00:00\",\"dateModified\":\"2026-02-04T10:51:43+00:00\",\"description\":\"Kuersetin (Japon incisi ekstrakt\u0131) ba\u011f\u0131\u015f\u0131kl\u0131k sistemi sa\u011fl\u0131\u011f\u0131n\u0131 destekleyen ve anti-enflamatuar etki g\u00f6steren g\u00fc\u00e7l\u00fc bir antioksidand\u0131r.\",\"breadcrumb\":{\"@id\":\"https:\\\/\\\/naturalpoland.com\\\/tr\\\/urunler\\\/farmasotik-hammaddeler\\\/takviye-edici-gida-bilesenleri\\\/kuersetin\\\/#breadcrumb\"},\"inLanguage\":\"tr\",\"potentialAction\":[{\"@type\":\"ReadAction\",\"target\":[\"https:\\\/\\\/naturalpoland.com\\\/tr\\\/urunler\\\/farmasotik-hammaddeler\\\/takviye-edici-gida-bilesenleri\\\/kuersetin\\\/\"]}]},{\"@type\":\"ImageObject\",\"inLanguage\":\"tr\",\"@id\":\"https:\\\/\\\/naturalpoland.com\\\/tr\\\/urunler\\\/farmasotik-hammaddeler\\\/takviye-edici-gida-bilesenleri\\\/kuersetin\\\/#primaryimage\",\"url\":\"https:\\\/\\\/naturalpoland.com\\\/wp-content\\\/uploads\\\/kwercetyna.webp\",\"contentUrl\":\"https:\\\/\\\/naturalpoland.com\\\/wp-content\\\/uploads\\\/kwercetyna.webp\",\"width\":614,\"height\":614,\"caption\":\"Japon incisi ekstrakt\u0131\"},{\"@type\":\"BreadcrumbList\",\"@id\":\"https:\\\/\\\/naturalpoland.com\\\/tr\\\/urunler\\\/farmasotik-hammaddeler\\\/takviye-edici-gida-bilesenleri\\\/kuersetin\\\/#breadcrumb\",\"itemListElement\":[{\"@type\":\"ListItem\",\"position\":1,\"name\":\"Ana Sayfa\",\"item\":\"https:\\\/\\\/naturalpoland.com\\\/tr\\\/\"},{\"@type\":\"ListItem\",\"position\":2,\"name\":\"\u00dcr\u00fcnler\",\"item\":\"https:\\\/\\\/naturalpoland.com\\\/tr\\\/urunler\\\/\"},{\"@type\":\"ListItem\",\"position\":3,\"name\":\"Kuersetin\"}]},{\"@type\":\"WebSite\",\"@id\":\"https:\\\/\\\/naturalpoland.com\\\/tr\\\/#website\",\"url\":\"https:\\\/\\\/naturalpoland.com\\\/tr\\\/\",\"name\":\"NATURAL POLAND - Hurtowy Dystrybutor Surowc\u00f3w\",\"description\":\"Surowce dla przemys\u0142u spo\u017cywczego, kosmetycznego i farmaceutycznego\",\"publisher\":{\"@id\":\"https:\\\/\\\/naturalpoland.com\\\/tr\\\/#organization\"},\"potentialAction\":[{\"@type\":\"SearchAction\",\"target\":{\"@type\":\"EntryPoint\",\"urlTemplate\":\"https:\\\/\\\/naturalpoland.com\\\/tr\\\/?s={search_term_string}\"},\"query-input\":{\"@type\":\"PropertyValueSpecification\",\"valueRequired\":true,\"valueName\":\"search_term_string\"}}],\"inLanguage\":\"tr\"},{\"@type\":\"Organization\",\"@id\":\"https:\\\/\\\/naturalpoland.com\\\/tr\\\/#organization\",\"name\":\"Natural Poland\",\"url\":\"https:\\\/\\\/naturalpoland.com\\\/tr\\\/\",\"logo\":{\"@type\":\"ImageObject\",\"inLanguage\":\"tr\",\"@id\":\"https:\\\/\\\/naturalpoland.com\\\/tr\\\/#\\\/schema\\\/logo\\\/image\\\/\",\"url\":\"https:\\\/\\\/naturalpoland.com\\\/wp-content\\\/uploads\\\/2021\\\/05\\\/natural-poland-icon.png\",\"contentUrl\":\"https:\\\/\\\/naturalpoland.com\\\/wp-content\\\/uploads\\\/2021\\\/05\\\/natural-poland-icon.png\",\"width\":512,\"height\":512,\"caption\":\"Natural Poland\"},\"image\":{\"@id\":\"https:\\\/\\\/naturalpoland.com\\\/tr\\\/#\\\/schema\\\/logo\\\/image\\\/\"},\"sameAs\":[\"https:\\\/\\\/www.facebook.com\\\/naturalpoland.b2b\",\"https:\\\/\\\/pl.linkedin.com\\\/company\\\/natural-poland\",\"https:\\\/\\\/www.youtube.com\\\/channel\\\/UCgeGGkvOMahZo-xu_MSEWxg\"]}]}<\/script>\n<!-- \/ Yoast SEO plugin. -->","yoast_head_json":{"title":"Kuersetin - NATURAL POLAND - Hurtowy Dystrybutor Surowc\u00f3w","description":"Kuersetin (Japon incisi ekstrakt\u0131) ba\u011f\u0131\u015f\u0131kl\u0131k sistemi sa\u011fl\u0131\u011f\u0131n\u0131 destekleyen ve anti-enflamatuar etki g\u00f6steren g\u00fc\u00e7l\u00fc bir antioksidand\u0131r.","robots":{"index":"index","follow":"follow","max-snippet":"max-snippet:-1","max-image-preview":"max-image-preview:large","max-video-preview":"max-video-preview:-1"},"canonical":"https:\/\/naturalpoland.com\/tr\/urunler\/farmasotik-hammaddeler\/takviye-edici-gida-bilesenleri\/kuersetin\/","og_locale":"tr_TR","og_type":"article","og_title":"Kuersetin - NATURAL POLAND - Hurtowy Dystrybutor Surowc\u00f3w","og_description":"Kuersetin (Japon incisi ekstrakt\u0131) ba\u011f\u0131\u015f\u0131kl\u0131k sistemi sa\u011fl\u0131\u011f\u0131n\u0131 destekleyen ve anti-enflamatuar etki g\u00f6steren g\u00fc\u00e7l\u00fc bir antioksidand\u0131r.","og_url":"https:\/\/naturalpoland.com\/tr\/urunler\/farmasotik-hammaddeler\/takviye-edici-gida-bilesenleri\/kuersetin\/","og_site_name":"NATURAL POLAND - Hurtowy Dystrybutor Surowc\u00f3w","article_publisher":"https:\/\/www.facebook.com\/naturalpoland.b2b","article_modified_time":"2026-02-04T10:51:43+00:00","og_image":[{"width":614,"height":614,"url":"https:\/\/naturalpoland.com\/wp-content\/uploads\/kwercetyna.webp","type":"image\/webp"}],"schema":{"@context":"https:\/\/schema.org","@graph":[{"@type":"WebPage","@id":"https:\/\/naturalpoland.com\/tr\/urunler\/farmasotik-hammaddeler\/takviye-edici-gida-bilesenleri\/kuersetin\/","url":"https:\/\/naturalpoland.com\/tr\/urunler\/farmasotik-hammaddeler\/takviye-edici-gida-bilesenleri\/kuersetin\/","name":"Kuersetin - NATURAL POLAND - Hurtowy Dystrybutor Surowc\u00f3w","isPartOf":{"@id":"https:\/\/naturalpoland.com\/tr\/#website"},"primaryImageOfPage":{"@id":"https:\/\/naturalpoland.com\/tr\/urunler\/farmasotik-hammaddeler\/takviye-edici-gida-bilesenleri\/kuersetin\/#primaryimage"},"image":{"@id":"https:\/\/naturalpoland.com\/tr\/urunler\/farmasotik-hammaddeler\/takviye-edici-gida-bilesenleri\/kuersetin\/#primaryimage"},"thumbnailUrl":"https:\/\/naturalpoland.com\/wp-content\/uploads\/kwercetyna.webp","datePublished":"2024-07-08T11:21:14+00:00","dateModified":"2026-02-04T10:51:43+00:00","description":"Kuersetin (Japon incisi ekstrakt\u0131) ba\u011f\u0131\u015f\u0131kl\u0131k sistemi sa\u011fl\u0131\u011f\u0131n\u0131 destekleyen ve anti-enflamatuar etki g\u00f6steren g\u00fc\u00e7l\u00fc bir antioksidand\u0131r.","breadcrumb":{"@id":"https:\/\/naturalpoland.com\/tr\/urunler\/farmasotik-hammaddeler\/takviye-edici-gida-bilesenleri\/kuersetin\/#breadcrumb"},"inLanguage":"tr","potentialAction":[{"@type":"ReadAction","target":["https:\/\/naturalpoland.com\/tr\/urunler\/farmasotik-hammaddeler\/takviye-edici-gida-bilesenleri\/kuersetin\/"]}]},{"@type":"ImageObject","inLanguage":"tr","@id":"https:\/\/naturalpoland.com\/tr\/urunler\/farmasotik-hammaddeler\/takviye-edici-gida-bilesenleri\/kuersetin\/#primaryimage","url":"https:\/\/naturalpoland.com\/wp-content\/uploads\/kwercetyna.webp","contentUrl":"https:\/\/naturalpoland.com\/wp-content\/uploads\/kwercetyna.webp","width":614,"height":614,"caption":"Japon incisi ekstrakt\u0131"},{"@type":"BreadcrumbList","@id":"https:\/\/naturalpoland.com\/tr\/urunler\/farmasotik-hammaddeler\/takviye-edici-gida-bilesenleri\/kuersetin\/#breadcrumb","itemListElement":[{"@type":"ListItem","position":1,"name":"Ana Sayfa","item":"https:\/\/naturalpoland.com\/tr\/"},{"@type":"ListItem","position":2,"name":"\u00dcr\u00fcnler","item":"https:\/\/naturalpoland.com\/tr\/urunler\/"},{"@type":"ListItem","position":3,"name":"Kuersetin"}]},{"@type":"WebSite","@id":"https:\/\/naturalpoland.com\/tr\/#website","url":"https:\/\/naturalpoland.com\/tr\/","name":"NATURAL POLAND - Hurtowy Dystrybutor Surowc\u00f3w","description":"Surowce dla przemys\u0142u spo\u017cywczego, kosmetycznego i farmaceutycznego","publisher":{"@id":"https:\/\/naturalpoland.com\/tr\/#organization"},"potentialAction":[{"@type":"SearchAction","target":{"@type":"EntryPoint","urlTemplate":"https:\/\/naturalpoland.com\/tr\/?s={search_term_string}"},"query-input":{"@type":"PropertyValueSpecification","valueRequired":true,"valueName":"search_term_string"}}],"inLanguage":"tr"},{"@type":"Organization","@id":"https:\/\/naturalpoland.com\/tr\/#organization","name":"Natural Poland","url":"https:\/\/naturalpoland.com\/tr\/","logo":{"@type":"ImageObject","inLanguage":"tr","@id":"https:\/\/naturalpoland.com\/tr\/#\/schema\/logo\/image\/","url":"https:\/\/naturalpoland.com\/wp-content\/uploads\/2021\/05\/natural-poland-icon.png","contentUrl":"https:\/\/naturalpoland.com\/wp-content\/uploads\/2021\/05\/natural-poland-icon.png","width":512,"height":512,"caption":"Natural Poland"},"image":{"@id":"https:\/\/naturalpoland.com\/tr\/#\/schema\/logo\/image\/"},"sameAs":["https:\/\/www.facebook.com\/naturalpoland.b2b","https:\/\/pl.linkedin.com\/company\/natural-poland","https:\/\/www.youtube.com\/channel\/UCgeGGkvOMahZo-xu_MSEWxg"]}]}},"_links":{"self":[{"href":"https:\/\/naturalpoland.com\/tr\/wp-json\/wp\/v2\/product\/45407","targetHints":{"allow":["GET"]}}],"collection":[{"href":"https:\/\/naturalpoland.com\/tr\/wp-json\/wp\/v2\/product"}],"about":[{"href":"https:\/\/naturalpoland.com\/tr\/wp-json\/wp\/v2\/types\/product"}],"wp:featuredmedia":[{"embeddable":true,"href":"https:\/\/naturalpoland.com\/tr\/wp-json\/wp\/v2\/media\/45409"}],"wp:attachment":[{"href":"https:\/\/naturalpoland.com\/tr\/wp-json\/wp\/v2\/media?parent=45407"}],"wp:term":[{"taxonomy":"product_brand","embeddable":true,"href":"https:\/\/naturalpoland.com\/tr\/wp-json\/wp\/v2\/product_brand?post=45407"},{"taxonomy":"product_cat","embeddable":true,"href":"https:\/\/naturalpoland.com\/tr\/wp-json\/wp\/v2\/product_cat?post=45407"},{"taxonomy":"product_tag","embeddable":true,"href":"https:\/\/naturalpoland.com\/tr\/wp-json\/wp\/v2\/product_tag?post=45407"}],"curies":[{"name":"wp","href":"https:\/\/api.w.org\/{rel}","templated":true}]}}