{"id":45412,"date":"2024-07-04T13:20:28","date_gmt":"2024-07-04T11:20:28","guid":{"rendered":"https:\/\/naturalpoland.com\/produkty\/kategorilenmemis\/piperin\/"},"modified":"2026-02-04T11:52:08","modified_gmt":"2026-02-04T10:52:08","slug":"piperin","status":"publish","type":"product","link":"https:\/\/naturalpoland.com\/tr\/urunler\/farmasotik-hammaddeler\/takviye-edici-gida-bilesenleri\/piperin\/","title":{"rendered":"Piperin"},"content":{"rendered":"<h2>Piperinin Etkisi<\/h2>\n<p>Piperinin etkisi metabolik s\u00fcre\u00e7leri desteklemeyi i\u00e7erir, bu nedenle kilo kontrol\u00fc \u00fcr\u00fcnlerinde kullan\u0131l\u0131r. Termojenik \u00f6zellikleri <strong>organizmada \u0131s\u0131 \u00fcretimini art\u0131rarak kalori yakma ve v\u00fccut a\u011f\u0131rl\u0131\u011f\u0131 azaltma s\u00fcrecini destekler<\/strong>. Piperin ayr\u0131ca ya\u011f dokusunun yak\u0131lmas\u0131 s\u00fcreci olan lipolizi uyar\u0131r ve metabolizman\u0131n stabilizasyonunu destekleyerek yo-yo etkisini \u00f6nleyebilir.  <\/p>\n<p>Piperinin ek etkisi <strong>h\u00fccreleri serbest radikallerin neden oldu\u011fu hasarlara kar\u015f\u0131 korumak<\/strong> ve ba\u011f\u0131\u015f\u0131kl\u0131k sistemini desteklemektir. Piperin <strong>vitaminlerin emilimini art\u0131r\u0131r<\/strong> (\u00f6rn. A, C, E, B6), mineraller (\u00f6rn. selenyum) ve <a href=\"https:\/\/naturalpoland.com\/tr\/urunler\/farmasotik-hammaddeler\/takviye-edici-gida-bilesenleri\/koenzim-q10\/\"><strong>koenzim Q10<\/strong><\/a> veya <a href=\"https:\/\/naturalpoland.com\/tr\/urunler\/farmasotik-hammaddeler\/takviye-edici-gida-bilesenleri\/curcusol-kurkumin\/\"><strong>kurkumin<\/strong><\/a> gibi bile\u015fikler. <\/p>\n<p>Kozmetikte piperin, \u00f6zellikle vitiligo tedavisinde UV terapisi ile birlikte, cildi ayd\u0131nlatan ve ten rengini e\u015fitleyen \u00fcr\u00fcnlerde kullan\u0131m alan\u0131 bulur<\/p>\n<h2>Sa\u011fl\u0131k Faydalar\u0131<\/h2>\n<ul>\n<li>Sa\u011fl\u0131kl\u0131 sindirim ve mikrobiom fonksiyonlar\u0131n\u0131 destekler.<\/li>\n<li>Sa\u011fl\u0131kl\u0131 metabolizma ve enerji s\u00fcre\u00e7lerini destekler.<\/li>\n<li>Di\u011fer besin bile\u015fenlerinin biyoyararlan\u0131m\u0131n\u0131 ve etkinli\u011fini art\u0131r\u0131r.<\/li>\n<li>V\u00fccudun ba\u011f\u0131\u015f\u0131kl\u0131k fonksiyonlar\u0131n\u0131 g\u00fc\u00e7lendirir.<\/li>\n<li>V\u00fccuttaki inflamatuar durumlar\u0131 azalt\u0131r.<\/li>\n<li>H\u00fccreleri oksidatif strese kar\u015f\u0131 korur.<\/li>\n<\/ul>\n<h2>Kullan\u0131m:<\/h2>\n<p>Besin takviyeleri, fonksiyonel g\u0131dalar, topikal kozmetikler, hayvan g\u0131da takviyeleri.<\/p>\n<h2><strong>PiperiSol\u2122<\/strong><\/h2>\n<p><strong>PiperiSol\u2122<\/strong>, sindirim, metabolizma ve di\u011fer besin bile\u015fenlerinin emilimini destekleyen temel bile\u015fen olan piperinin biyoyararlan\u0131m\u0131n\u0131 \u00f6nemli \u00f6l\u00e7\u00fcde art\u0131ran BioSNEDS\u2122 teknolojisini kullanan geli\u015fmi\u015f bir \u00fcr\u00fcnd\u00fcr.<\/p>\n<h3>BioSNEDS\u2122 teknolojisinin avantajlar\u0131<\/h3>\n<ul>\n<li>PiperiSol\u2122, konvansiyonel piperine k\u0131yasla 30 kat daha biyoyararlan\u0131labilirdir, bu da BioSNEDS\u2122&#8217;deki 1 mg aktif piperinin 10 mg konvansiyonel piperine biyoe\u015fde\u011fer oldu\u011fu anlam\u0131na gelir.<\/li>\n<li>Kilogram ba\u015f\u0131na daha fazla doz &#8211; konvansiyonel piperinin 97.000 dozuna k\u0131yasla kilogram ba\u015f\u0131na 100.000 doz.<\/li>\n<li>N\u00f6tr tada sahip ve kokusuz toz ve em\u00fclsiyon formlar\u0131nda mevcuttur.<\/li>\n<\/ul>\n","protected":false},"excerpt":{"rendered":"<p><strong>Piperin<\/strong>, karabiber (<em>Piper nigrum<\/em> L.) meyvelerinden elde edilen ve onun karakteristik, keskin tad\u0131ndan sorumlu ana bile\u015fen olan bioaktif bir alkaloiddir. Sa\u011fl\u0131k ve terap\u00f6tik \u00f6zellikleriyle bilinen bir maddedir.<\/p>\n","protected":false},"featured_media":45413,"template":"","meta":{"_acf_changed":false},"product_brand":[],"product_cat":[9540],"product_tag":[],"class_list":{"0":"post-45412","1":"product","2":"type-product","3":"status-publish","4":"has-post-thumbnail","6":"product_cat-takviye-edici-gida-bilesenleri","7":"pa_czesc-rosliny-tohumlar","8":"pa_grupa-substancji-alkaloidler","9":"pa_grupa-substancji-nutrasotikler","10":"pa_skladnik-aktywny-piperin","11":"pa_technologia-biosneds-teknolojisi","13":"first","14":"instock","15":"shipping-taxable","16":"product-type-simple"},"acf":[],"yoast_head":"<!-- This site is optimized with the Yoast SEO plugin v27.6 - https:\/\/yoast.com\/product\/yoast-seo-wordpress\/ -->\n<title>Piperin - NATURAL POLAND - Hurtowy Dystrybutor Surowc\u00f3w<\/title>\n<meta name=\"description\" content=\"Piperin, \u00f6zellikle metabolik sa\u011fl\u0131\u011fa \u00f6zen g\u00f6steren ve zihinsel fonksiyonlar\u0131 ile ba\u011f\u0131\u015f\u0131kl\u0131\u011f\u0131 destekleyen ki\u015filer i\u00e7in takviye \u00fcr\u00fcnlerine katk\u0131 maddesi olarak kullan\u0131l\u0131r.\" \/>\n<meta name=\"robots\" content=\"index, follow, max-snippet:-1, max-image-preview:large, max-video-preview:-1\" \/>\n<link rel=\"canonical\" href=\"https:\/\/naturalpoland.com\/tr\/urunler\/farmasotik-hammaddeler\/takviye-edici-gida-bilesenleri\/piperin\/\" \/>\n<meta property=\"og:locale\" content=\"tr_TR\" \/>\n<meta property=\"og:type\" content=\"article\" \/>\n<meta property=\"og:title\" content=\"Piperin - NATURAL POLAND - Hurtowy Dystrybutor Surowc\u00f3w\" \/>\n<meta property=\"og:description\" content=\"Piperin, \u00f6zellikle metabolik sa\u011fl\u0131\u011fa \u00f6zen g\u00f6steren ve zihinsel fonksiyonlar\u0131 ile ba\u011f\u0131\u015f\u0131kl\u0131\u011f\u0131 destekleyen ki\u015filer i\u00e7in takviye \u00fcr\u00fcnlerine katk\u0131 maddesi olarak kullan\u0131l\u0131r.\" \/>\n<meta property=\"og:url\" content=\"https:\/\/naturalpoland.com\/tr\/urunler\/farmasotik-hammaddeler\/takviye-edici-gida-bilesenleri\/piperin\/\" \/>\n<meta property=\"og:site_name\" content=\"NATURAL POLAND - Hurtowy Dystrybutor Surowc\u00f3w\" \/>\n<meta property=\"article:publisher\" content=\"https:\/\/www.facebook.com\/naturalpoland.b2b\" \/>\n<meta property=\"article:modified_time\" content=\"2026-02-04T10:52:08+00:00\" \/>\n<meta property=\"og:image\" content=\"https:\/\/naturalpoland.com\/wp-content\/uploads\/piperyna.webp\" \/>\n\t<meta property=\"og:image:width\" content=\"614\" \/>\n\t<meta property=\"og:image:height\" content=\"614\" \/>\n\t<meta property=\"og:image:type\" content=\"image\/webp\" \/>\n<script type=\"application\/ld+json\" class=\"yoast-schema-graph\">{\"@context\":\"https:\\\/\\\/schema.org\",\"@graph\":[{\"@type\":\"WebPage\",\"@id\":\"https:\\\/\\\/naturalpoland.com\\\/tr\\\/urunler\\\/farmasotik-hammaddeler\\\/takviye-edici-gida-bilesenleri\\\/piperin\\\/\",\"url\":\"https:\\\/\\\/naturalpoland.com\\\/tr\\\/urunler\\\/farmasotik-hammaddeler\\\/takviye-edici-gida-bilesenleri\\\/piperin\\\/\",\"name\":\"Piperin - NATURAL POLAND - Hurtowy Dystrybutor Surowc\u00f3w\",\"isPartOf\":{\"@id\":\"https:\\\/\\\/naturalpoland.com\\\/tr\\\/#website\"},\"primaryImageOfPage\":{\"@id\":\"https:\\\/\\\/naturalpoland.com\\\/tr\\\/urunler\\\/farmasotik-hammaddeler\\\/takviye-edici-gida-bilesenleri\\\/piperin\\\/#primaryimage\"},\"image\":{\"@id\":\"https:\\\/\\\/naturalpoland.com\\\/tr\\\/urunler\\\/farmasotik-hammaddeler\\\/takviye-edici-gida-bilesenleri\\\/piperin\\\/#primaryimage\"},\"thumbnailUrl\":\"https:\\\/\\\/naturalpoland.com\\\/wp-content\\\/uploads\\\/piperyna.webp\",\"datePublished\":\"2024-07-04T11:20:28+00:00\",\"dateModified\":\"2026-02-04T10:52:08+00:00\",\"description\":\"Piperin, \u00f6zellikle metabolik sa\u011fl\u0131\u011fa \u00f6zen g\u00f6steren ve zihinsel fonksiyonlar\u0131 ile ba\u011f\u0131\u015f\u0131kl\u0131\u011f\u0131 destekleyen ki\u015filer i\u00e7in takviye \u00fcr\u00fcnlerine katk\u0131 maddesi olarak kullan\u0131l\u0131r.\",\"breadcrumb\":{\"@id\":\"https:\\\/\\\/naturalpoland.com\\\/tr\\\/urunler\\\/farmasotik-hammaddeler\\\/takviye-edici-gida-bilesenleri\\\/piperin\\\/#breadcrumb\"},\"inLanguage\":\"tr\",\"potentialAction\":[{\"@type\":\"ReadAction\",\"target\":[\"https:\\\/\\\/naturalpoland.com\\\/tr\\\/urunler\\\/farmasotik-hammaddeler\\\/takviye-edici-gida-bilesenleri\\\/piperin\\\/\"]}]},{\"@type\":\"ImageObject\",\"inLanguage\":\"tr\",\"@id\":\"https:\\\/\\\/naturalpoland.com\\\/tr\\\/urunler\\\/farmasotik-hammaddeler\\\/takviye-edici-gida-bilesenleri\\\/piperin\\\/#primaryimage\",\"url\":\"https:\\\/\\\/naturalpoland.com\\\/wp-content\\\/uploads\\\/piperyna.webp\",\"contentUrl\":\"https:\\\/\\\/naturalpoland.com\\\/wp-content\\\/uploads\\\/piperyna.webp\",\"width\":614,\"height\":614,\"caption\":\"piperin\"},{\"@type\":\"BreadcrumbList\",\"@id\":\"https:\\\/\\\/naturalpoland.com\\\/tr\\\/urunler\\\/farmasotik-hammaddeler\\\/takviye-edici-gida-bilesenleri\\\/piperin\\\/#breadcrumb\",\"itemListElement\":[{\"@type\":\"ListItem\",\"position\":1,\"name\":\"Ana Sayfa\",\"item\":\"https:\\\/\\\/naturalpoland.com\\\/tr\\\/\"},{\"@type\":\"ListItem\",\"position\":2,\"name\":\"\u00dcr\u00fcnler\",\"item\":\"https:\\\/\\\/naturalpoland.com\\\/tr\\\/urunler\\\/\"},{\"@type\":\"ListItem\",\"position\":3,\"name\":\"Piperin\"}]},{\"@type\":\"WebSite\",\"@id\":\"https:\\\/\\\/naturalpoland.com\\\/tr\\\/#website\",\"url\":\"https:\\\/\\\/naturalpoland.com\\\/tr\\\/\",\"name\":\"NATURAL POLAND - Hurtowy Dystrybutor Surowc\u00f3w\",\"description\":\"Surowce dla przemys\u0142u spo\u017cywczego, kosmetycznego i farmaceutycznego\",\"publisher\":{\"@id\":\"https:\\\/\\\/naturalpoland.com\\\/tr\\\/#organization\"},\"potentialAction\":[{\"@type\":\"SearchAction\",\"target\":{\"@type\":\"EntryPoint\",\"urlTemplate\":\"https:\\\/\\\/naturalpoland.com\\\/tr\\\/?s={search_term_string}\"},\"query-input\":{\"@type\":\"PropertyValueSpecification\",\"valueRequired\":true,\"valueName\":\"search_term_string\"}}],\"inLanguage\":\"tr\"},{\"@type\":\"Organization\",\"@id\":\"https:\\\/\\\/naturalpoland.com\\\/tr\\\/#organization\",\"name\":\"Natural Poland\",\"url\":\"https:\\\/\\\/naturalpoland.com\\\/tr\\\/\",\"logo\":{\"@type\":\"ImageObject\",\"inLanguage\":\"tr\",\"@id\":\"https:\\\/\\\/naturalpoland.com\\\/tr\\\/#\\\/schema\\\/logo\\\/image\\\/\",\"url\":\"https:\\\/\\\/naturalpoland.com\\\/wp-content\\\/uploads\\\/2021\\\/05\\\/natural-poland-icon.png\",\"contentUrl\":\"https:\\\/\\\/naturalpoland.com\\\/wp-content\\\/uploads\\\/2021\\\/05\\\/natural-poland-icon.png\",\"width\":512,\"height\":512,\"caption\":\"Natural Poland\"},\"image\":{\"@id\":\"https:\\\/\\\/naturalpoland.com\\\/tr\\\/#\\\/schema\\\/logo\\\/image\\\/\"},\"sameAs\":[\"https:\\\/\\\/www.facebook.com\\\/naturalpoland.b2b\",\"https:\\\/\\\/pl.linkedin.com\\\/company\\\/natural-poland\",\"https:\\\/\\\/www.youtube.com\\\/channel\\\/UCgeGGkvOMahZo-xu_MSEWxg\"]}]}<\/script>\n<!-- \/ Yoast SEO plugin. -->","yoast_head_json":{"title":"Piperin - NATURAL POLAND - Hurtowy Dystrybutor Surowc\u00f3w","description":"Piperin, \u00f6zellikle metabolik sa\u011fl\u0131\u011fa \u00f6zen g\u00f6steren ve zihinsel fonksiyonlar\u0131 ile ba\u011f\u0131\u015f\u0131kl\u0131\u011f\u0131 destekleyen ki\u015filer i\u00e7in takviye \u00fcr\u00fcnlerine katk\u0131 maddesi olarak kullan\u0131l\u0131r.","robots":{"index":"index","follow":"follow","max-snippet":"max-snippet:-1","max-image-preview":"max-image-preview:large","max-video-preview":"max-video-preview:-1"},"canonical":"https:\/\/naturalpoland.com\/tr\/urunler\/farmasotik-hammaddeler\/takviye-edici-gida-bilesenleri\/piperin\/","og_locale":"tr_TR","og_type":"article","og_title":"Piperin - NATURAL POLAND - Hurtowy Dystrybutor Surowc\u00f3w","og_description":"Piperin, \u00f6zellikle metabolik sa\u011fl\u0131\u011fa \u00f6zen g\u00f6steren ve zihinsel fonksiyonlar\u0131 ile ba\u011f\u0131\u015f\u0131kl\u0131\u011f\u0131 destekleyen ki\u015filer i\u00e7in takviye \u00fcr\u00fcnlerine katk\u0131 maddesi olarak kullan\u0131l\u0131r.","og_url":"https:\/\/naturalpoland.com\/tr\/urunler\/farmasotik-hammaddeler\/takviye-edici-gida-bilesenleri\/piperin\/","og_site_name":"NATURAL POLAND - Hurtowy Dystrybutor Surowc\u00f3w","article_publisher":"https:\/\/www.facebook.com\/naturalpoland.b2b","article_modified_time":"2026-02-04T10:52:08+00:00","og_image":[{"width":614,"height":614,"url":"https:\/\/naturalpoland.com\/wp-content\/uploads\/piperyna.webp","type":"image\/webp"}],"schema":{"@context":"https:\/\/schema.org","@graph":[{"@type":"WebPage","@id":"https:\/\/naturalpoland.com\/tr\/urunler\/farmasotik-hammaddeler\/takviye-edici-gida-bilesenleri\/piperin\/","url":"https:\/\/naturalpoland.com\/tr\/urunler\/farmasotik-hammaddeler\/takviye-edici-gida-bilesenleri\/piperin\/","name":"Piperin - NATURAL POLAND - Hurtowy Dystrybutor Surowc\u00f3w","isPartOf":{"@id":"https:\/\/naturalpoland.com\/tr\/#website"},"primaryImageOfPage":{"@id":"https:\/\/naturalpoland.com\/tr\/urunler\/farmasotik-hammaddeler\/takviye-edici-gida-bilesenleri\/piperin\/#primaryimage"},"image":{"@id":"https:\/\/naturalpoland.com\/tr\/urunler\/farmasotik-hammaddeler\/takviye-edici-gida-bilesenleri\/piperin\/#primaryimage"},"thumbnailUrl":"https:\/\/naturalpoland.com\/wp-content\/uploads\/piperyna.webp","datePublished":"2024-07-04T11:20:28+00:00","dateModified":"2026-02-04T10:52:08+00:00","description":"Piperin, \u00f6zellikle metabolik sa\u011fl\u0131\u011fa \u00f6zen g\u00f6steren ve zihinsel fonksiyonlar\u0131 ile ba\u011f\u0131\u015f\u0131kl\u0131\u011f\u0131 destekleyen ki\u015filer i\u00e7in takviye \u00fcr\u00fcnlerine katk\u0131 maddesi olarak kullan\u0131l\u0131r.","breadcrumb":{"@id":"https:\/\/naturalpoland.com\/tr\/urunler\/farmasotik-hammaddeler\/takviye-edici-gida-bilesenleri\/piperin\/#breadcrumb"},"inLanguage":"tr","potentialAction":[{"@type":"ReadAction","target":["https:\/\/naturalpoland.com\/tr\/urunler\/farmasotik-hammaddeler\/takviye-edici-gida-bilesenleri\/piperin\/"]}]},{"@type":"ImageObject","inLanguage":"tr","@id":"https:\/\/naturalpoland.com\/tr\/urunler\/farmasotik-hammaddeler\/takviye-edici-gida-bilesenleri\/piperin\/#primaryimage","url":"https:\/\/naturalpoland.com\/wp-content\/uploads\/piperyna.webp","contentUrl":"https:\/\/naturalpoland.com\/wp-content\/uploads\/piperyna.webp","width":614,"height":614,"caption":"piperin"},{"@type":"BreadcrumbList","@id":"https:\/\/naturalpoland.com\/tr\/urunler\/farmasotik-hammaddeler\/takviye-edici-gida-bilesenleri\/piperin\/#breadcrumb","itemListElement":[{"@type":"ListItem","position":1,"name":"Ana Sayfa","item":"https:\/\/naturalpoland.com\/tr\/"},{"@type":"ListItem","position":2,"name":"\u00dcr\u00fcnler","item":"https:\/\/naturalpoland.com\/tr\/urunler\/"},{"@type":"ListItem","position":3,"name":"Piperin"}]},{"@type":"WebSite","@id":"https:\/\/naturalpoland.com\/tr\/#website","url":"https:\/\/naturalpoland.com\/tr\/","name":"NATURAL POLAND - Hurtowy Dystrybutor Surowc\u00f3w","description":"Surowce dla przemys\u0142u spo\u017cywczego, kosmetycznego i farmaceutycznego","publisher":{"@id":"https:\/\/naturalpoland.com\/tr\/#organization"},"potentialAction":[{"@type":"SearchAction","target":{"@type":"EntryPoint","urlTemplate":"https:\/\/naturalpoland.com\/tr\/?s={search_term_string}"},"query-input":{"@type":"PropertyValueSpecification","valueRequired":true,"valueName":"search_term_string"}}],"inLanguage":"tr"},{"@type":"Organization","@id":"https:\/\/naturalpoland.com\/tr\/#organization","name":"Natural Poland","url":"https:\/\/naturalpoland.com\/tr\/","logo":{"@type":"ImageObject","inLanguage":"tr","@id":"https:\/\/naturalpoland.com\/tr\/#\/schema\/logo\/image\/","url":"https:\/\/naturalpoland.com\/wp-content\/uploads\/2021\/05\/natural-poland-icon.png","contentUrl":"https:\/\/naturalpoland.com\/wp-content\/uploads\/2021\/05\/natural-poland-icon.png","width":512,"height":512,"caption":"Natural Poland"},"image":{"@id":"https:\/\/naturalpoland.com\/tr\/#\/schema\/logo\/image\/"},"sameAs":["https:\/\/www.facebook.com\/naturalpoland.b2b","https:\/\/pl.linkedin.com\/company\/natural-poland","https:\/\/www.youtube.com\/channel\/UCgeGGkvOMahZo-xu_MSEWxg"]}]}},"_links":{"self":[{"href":"https:\/\/naturalpoland.com\/tr\/wp-json\/wp\/v2\/product\/45412","targetHints":{"allow":["GET"]}}],"collection":[{"href":"https:\/\/naturalpoland.com\/tr\/wp-json\/wp\/v2\/product"}],"about":[{"href":"https:\/\/naturalpoland.com\/tr\/wp-json\/wp\/v2\/types\/product"}],"wp:featuredmedia":[{"embeddable":true,"href":"https:\/\/naturalpoland.com\/tr\/wp-json\/wp\/v2\/media\/45413"}],"wp:attachment":[{"href":"https:\/\/naturalpoland.com\/tr\/wp-json\/wp\/v2\/media?parent=45412"}],"wp:term":[{"taxonomy":"product_brand","embeddable":true,"href":"https:\/\/naturalpoland.com\/tr\/wp-json\/wp\/v2\/product_brand?post=45412"},{"taxonomy":"product_cat","embeddable":true,"href":"https:\/\/naturalpoland.com\/tr\/wp-json\/wp\/v2\/product_cat?post=45412"},{"taxonomy":"product_tag","embeddable":true,"href":"https:\/\/naturalpoland.com\/tr\/wp-json\/wp\/v2\/product_tag?post=45412"}],"curies":[{"name":"wp","href":"https:\/\/api.w.org\/{rel}","templated":true}]}}