{"id":45416,"date":"2024-07-02T14:24:35","date_gmt":"2024-07-02T12:24:35","guid":{"rendered":"https:\/\/naturalpoland.com\/produkty\/kategorilenmemis\/berberin\/"},"modified":"2026-02-04T11:52:35","modified_gmt":"2026-02-04T10:52:35","slug":"berberin","status":"publish","type":"product","link":"https:\/\/naturalpoland.com\/tr\/urunler\/farmasotik-hammaddeler\/takviye-edici-gida-bilesenleri\/berberin\/","title":{"rendered":"Berberin"},"content":{"rendered":"<p>Ekstrakt karamuk k\u00f6klerinden haz\u0131rlan\u0131r ve y\u00fcksek aktif madde i\u00e7eri\u011fi ile karakterize edilir \u2013 <strong>berberin HCl<\/strong>. Bu formdaki berberin HCl GMO i\u00e7ermez, alerjen, irritan maddeler ve etilen oksit (ETO) i\u00e7ermez. \u00dcr\u00fcn EP (Avrupa Farmakopesi) standartlar\u0131n\u0131 ve AB normlar\u0131n\u0131 kar\u015f\u0131lar, bu da onu g\u00fcvenli ve takviye kullan\u0131m\u0131nda uygun hale getirir.  <\/p>\n<h2>Berberin \u00f6zellikleri:<\/h2>\n<p>Berberin a\u015fa\u011f\u0131daki gibi geni\u015f bir terap\u00f6tik \u00f6zellik yelpazesine sahiptir:<\/p>\n<ul>\n<li><strong>Glukoz ve lipid metabolizmas\u0131 deste\u011fi<\/strong><br \/>\nKan \u015fekeri seviyesini d\u00fczenlemeye yard\u0131mc\u0131 olur ve ins\u00fclin duyarl\u0131l\u0131\u011f\u0131n\u0131 art\u0131r\u0131r, bu da prediyabet ve tip 2 diyabet durumlar\u0131nda \u00f6nemlidir. Berberin ayr\u0131ca lipid profilini etkiler, LDL kolesterol ve trigliserit seviyelerini d\u00fc\u015f\u00fcrmeye yard\u0131mc\u0131 olur. <\/li>\n<li><strong>Antibakteriyel ve antiviral \u00f6zellikler<br \/>\n<\/strong>Antibakteriyel, antiviral ve antifungal etki g\u00f6sterir ve v\u00fccudun \u00e7e\u015fitli patojenlerle m\u00fccadelesini destekler. Sindirim sistemi enfeksiyonlar\u0131 ve inflamatuar durumlarda tedavilerde kullan\u0131l\u0131r. <\/li>\n<li><strong>Ba\u011f\u0131rsak fonksiyonlar\u0131 ve sindirim deste\u011fi<br \/>\n<\/strong>Ba\u011f\u0131rsak mikrofloras\u0131 \u00fczerinde faydal\u0131 etki g\u00f6sterir, sindirimi destekler ve ba\u011f\u0131rsak sa\u011fl\u0131\u011f\u0131n\u0131 etkiler. Ayr\u0131ca sindirim sisteminin mikrobiyolojik dengesini korumaya yard\u0131mc\u0131 olur. <\/li>\n<\/ul>\n<h2>BerberiSol\u2122<\/h2>\n<p>BerberiSol\u2122, \u00e7ok y\u00f6nl\u00fc sa\u011fl\u0131k faydalar\u0131yla bilinen bioaktif bitki bile\u015fi\u011fi olan berberinin y\u00fcksek biyoyararlan\u0131ml\u0131 formudur. \u00dcr\u00fcn, berberinin biyoyararlan\u0131m\u0131n\u0131 geleneksel forma k\u0131yasla 15 kata kadar art\u0131ran BioSNEDS\u2122 teknolojisini kullan\u0131r. <\/p>\n<p>BerberiSol\u2122&#8217;de kullan\u0131lan BioSNEDS\u2122 teknolojisi, \u00fcr\u00fcn\u00fcn geleneksel berberine g\u00f6re 15 kat daha biyoyararlan\u0131ml\u0131 olmas\u0131n\u0131 sa\u011flar. BioSNEDS\u2122, aktif bile\u015fenlerin do\u011frudan h\u00fccrelere etkili bir \u015fekilde ula\u015ft\u0131r\u0131lmas\u0131n\u0131 sa\u011flayan, etkinliklerini ve emilimlerini art\u0131ran kendili\u011finden em\u00fclsifiye edici bir sistemdir. <\/p>\n<p>BerberiSol\u2122, BioSNEDS\u2122 teknolojisi sayesinde daha d\u00fc\u015f\u00fck dozlarda \u00f6nemli \u00f6l\u00e7\u00fcde daha y\u00fcksek sa\u011fl\u0131k faydalar\u0131 sunan, geleneksel berberin formlar\u0131na k\u0131yasla daha etkili ve ekonomik bir se\u00e7im haline getiren geli\u015fmi\u015f bir \u00fcr\u00fcnd\u00fcr.<\/p>\n<p>N\u00f6tr tada sahip ve kokusuz toz ve em\u00fclsiyon formlar\u0131nda mevcuttur.<\/p>\n<h2>Kullan\u0131m:<\/h2>\n<p>Kaps\u00fcller, tabletler, jel \u015fekerler, emme pastilleri, RTM ve RTD i\u00e7ecekler, fonksiyonel g\u0131dalar, losyonlar, kremler, serumlar.<\/p>\n<h2>Sa\u011fl\u0131k faydalar\u0131:<\/h2>\n<ul>\n<li>Ba\u011f\u0131\u015f\u0131kl\u0131k sistemini destekler<\/li>\n<li>Sindirimi iyile\u015ftirir<\/li>\n<li>Mikrobiyomu destekler<\/li>\n<li>Kan \u015fekeri seviyesini d\u00fczenler<\/li>\n<li>N\u00f6rolojik fonksiyonlar\u0131 iyile\u015ftirir<\/li>\n<li>Anti-inflamatuar etki g\u00f6sterir<\/li>\n<li>Kardiyovask\u00fcler sa\u011fl\u0131\u011f\u0131 destekler<\/li>\n<li>Kilo y\u00f6netimine yard\u0131mc\u0131 olur<\/li>\n<li>Spor beslenmesini destekler<\/li>\n<li>Anti-aging uygulamalar\u0131 vard\u0131r<\/li>\n<li>Topikal olarak uygulanabilir<\/li>\n<\/ul>\n","protected":false},"excerpt":{"rendered":"<p><strong>Berberin ekstrakt\u0131<\/strong>, Hint karamuk olarak da bilinen <em>Berberis aristata<\/em> bitkisinin k\u00f6k\u00fcnden elde edilen do\u011fal bir takviye \u00fcr\u00fcn\u00fcd\u00fcr. \u00dcr\u00fcn karakteristik koku ve tada sahip sar\u0131 toz halinde bulunur. Berberin y\u00fczy\u0131llard\u0131r geleneksel t\u0131pta kullan\u0131lmaktad\u0131r.  <\/p>\n","protected":false},"featured_media":45417,"template":"","meta":{"_acf_changed":false},"product_brand":[],"product_cat":[9540],"product_tag":[],"class_list":{"0":"post-45416","1":"product","2":"type-product","3":"status-publish","4":"has-post-thumbnail","6":"product_cat-takviye-edici-gida-bilesenleri","7":"pa_grupa-substancji-nutrasotikler","8":"pa_technologia-biosneds-teknolojisi","10":"first","11":"instock","12":"shipping-taxable","13":"product-type-simple"},"acf":[],"yoast_head":"<!-- This site is optimized with the Yoast SEO plugin v27.5 - https:\/\/yoast.com\/product\/yoast-seo-wordpress\/ -->\n<title>Berberin - NATURAL POLAND - Hurtowy Dystrybutor Surowc\u00f3w<\/title>\n<meta name=\"description\" content=\"Berberin ekstrakt\u0131, Berberis aristata k\u00f6k\u00fcnden elde edilen do\u011fal bir takviye \u00fcr\u00fcn\u00fcd\u00fcr. Karakteristik kokuya sahip sar\u0131 toz halinde bulunur.\" \/>\n<meta name=\"robots\" content=\"index, follow, max-snippet:-1, max-image-preview:large, max-video-preview:-1\" \/>\n<link rel=\"canonical\" href=\"https:\/\/naturalpoland.com\/tr\/urunler\/farmasotik-hammaddeler\/takviye-edici-gida-bilesenleri\/berberin\/\" \/>\n<meta property=\"og:locale\" content=\"tr_TR\" \/>\n<meta property=\"og:type\" content=\"article\" \/>\n<meta property=\"og:title\" content=\"Berberin - NATURAL POLAND - Hurtowy Dystrybutor Surowc\u00f3w\" \/>\n<meta property=\"og:description\" content=\"Berberin ekstrakt\u0131, Berberis aristata k\u00f6k\u00fcnden elde edilen do\u011fal bir takviye \u00fcr\u00fcn\u00fcd\u00fcr. Karakteristik kokuya sahip sar\u0131 toz halinde bulunur.\" \/>\n<meta property=\"og:url\" content=\"https:\/\/naturalpoland.com\/tr\/urunler\/farmasotik-hammaddeler\/takviye-edici-gida-bilesenleri\/berberin\/\" \/>\n<meta property=\"og:site_name\" content=\"NATURAL POLAND - Hurtowy Dystrybutor Surowc\u00f3w\" \/>\n<meta property=\"article:publisher\" content=\"https:\/\/www.facebook.com\/naturalpoland.b2b\" \/>\n<meta property=\"article:modified_time\" content=\"2026-02-04T10:52:35+00:00\" \/>\n<meta property=\"og:image\" content=\"https:\/\/naturalpoland.com\/wp-content\/uploads\/berberine-powder.webp\" \/>\n\t<meta property=\"og:image:width\" content=\"618\" \/>\n\t<meta property=\"og:image:height\" content=\"618\" \/>\n\t<meta property=\"og:image:type\" content=\"image\/webp\" \/>\n<script type=\"application\/ld+json\" class=\"yoast-schema-graph\">{\"@context\":\"https:\\\/\\\/schema.org\",\"@graph\":[{\"@type\":\"WebPage\",\"@id\":\"https:\\\/\\\/naturalpoland.com\\\/tr\\\/urunler\\\/farmasotik-hammaddeler\\\/takviye-edici-gida-bilesenleri\\\/berberin\\\/\",\"url\":\"https:\\\/\\\/naturalpoland.com\\\/tr\\\/urunler\\\/farmasotik-hammaddeler\\\/takviye-edici-gida-bilesenleri\\\/berberin\\\/\",\"name\":\"Berberin - NATURAL POLAND - Hurtowy Dystrybutor Surowc\u00f3w\",\"isPartOf\":{\"@id\":\"https:\\\/\\\/naturalpoland.com\\\/tr\\\/#website\"},\"primaryImageOfPage\":{\"@id\":\"https:\\\/\\\/naturalpoland.com\\\/tr\\\/urunler\\\/farmasotik-hammaddeler\\\/takviye-edici-gida-bilesenleri\\\/berberin\\\/#primaryimage\"},\"image\":{\"@id\":\"https:\\\/\\\/naturalpoland.com\\\/tr\\\/urunler\\\/farmasotik-hammaddeler\\\/takviye-edici-gida-bilesenleri\\\/berberin\\\/#primaryimage\"},\"thumbnailUrl\":\"https:\\\/\\\/naturalpoland.com\\\/wp-content\\\/uploads\\\/berberine-powder.webp\",\"datePublished\":\"2024-07-02T12:24:35+00:00\",\"dateModified\":\"2026-02-04T10:52:35+00:00\",\"description\":\"Berberin ekstrakt\u0131, Berberis aristata k\u00f6k\u00fcnden elde edilen do\u011fal bir takviye \u00fcr\u00fcn\u00fcd\u00fcr. Karakteristik kokuya sahip sar\u0131 toz halinde bulunur.\",\"breadcrumb\":{\"@id\":\"https:\\\/\\\/naturalpoland.com\\\/tr\\\/urunler\\\/farmasotik-hammaddeler\\\/takviye-edici-gida-bilesenleri\\\/berberin\\\/#breadcrumb\"},\"inLanguage\":\"tr\",\"potentialAction\":[{\"@type\":\"ReadAction\",\"target\":[\"https:\\\/\\\/naturalpoland.com\\\/tr\\\/urunler\\\/farmasotik-hammaddeler\\\/takviye-edici-gida-bilesenleri\\\/berberin\\\/\"]}]},{\"@type\":\"ImageObject\",\"inLanguage\":\"tr\",\"@id\":\"https:\\\/\\\/naturalpoland.com\\\/tr\\\/urunler\\\/farmasotik-hammaddeler\\\/takviye-edici-gida-bilesenleri\\\/berberin\\\/#primaryimage\",\"url\":\"https:\\\/\\\/naturalpoland.com\\\/wp-content\\\/uploads\\\/berberine-powder.webp\",\"contentUrl\":\"https:\\\/\\\/naturalpoland.com\\\/wp-content\\\/uploads\\\/berberine-powder.webp\",\"width\":618,\"height\":618,\"caption\":\"toz berberin\"},{\"@type\":\"BreadcrumbList\",\"@id\":\"https:\\\/\\\/naturalpoland.com\\\/tr\\\/urunler\\\/farmasotik-hammaddeler\\\/takviye-edici-gida-bilesenleri\\\/berberin\\\/#breadcrumb\",\"itemListElement\":[{\"@type\":\"ListItem\",\"position\":1,\"name\":\"Ana Sayfa\",\"item\":\"https:\\\/\\\/naturalpoland.com\\\/tr\\\/\"},{\"@type\":\"ListItem\",\"position\":2,\"name\":\"\u00dcr\u00fcnler\",\"item\":\"https:\\\/\\\/naturalpoland.com\\\/tr\\\/urunler\\\/\"},{\"@type\":\"ListItem\",\"position\":3,\"name\":\"Berberin\"}]},{\"@type\":\"WebSite\",\"@id\":\"https:\\\/\\\/naturalpoland.com\\\/tr\\\/#website\",\"url\":\"https:\\\/\\\/naturalpoland.com\\\/tr\\\/\",\"name\":\"NATURAL POLAND - Hurtowy Dystrybutor Surowc\u00f3w\",\"description\":\"Surowce dla przemys\u0142u spo\u017cywczego, kosmetycznego i farmaceutycznego\",\"publisher\":{\"@id\":\"https:\\\/\\\/naturalpoland.com\\\/tr\\\/#organization\"},\"potentialAction\":[{\"@type\":\"SearchAction\",\"target\":{\"@type\":\"EntryPoint\",\"urlTemplate\":\"https:\\\/\\\/naturalpoland.com\\\/tr\\\/?s={search_term_string}\"},\"query-input\":{\"@type\":\"PropertyValueSpecification\",\"valueRequired\":true,\"valueName\":\"search_term_string\"}}],\"inLanguage\":\"tr\"},{\"@type\":\"Organization\",\"@id\":\"https:\\\/\\\/naturalpoland.com\\\/tr\\\/#organization\",\"name\":\"Natural Poland\",\"url\":\"https:\\\/\\\/naturalpoland.com\\\/tr\\\/\",\"logo\":{\"@type\":\"ImageObject\",\"inLanguage\":\"tr\",\"@id\":\"https:\\\/\\\/naturalpoland.com\\\/tr\\\/#\\\/schema\\\/logo\\\/image\\\/\",\"url\":\"https:\\\/\\\/naturalpoland.com\\\/wp-content\\\/uploads\\\/2021\\\/05\\\/natural-poland-icon.png\",\"contentUrl\":\"https:\\\/\\\/naturalpoland.com\\\/wp-content\\\/uploads\\\/2021\\\/05\\\/natural-poland-icon.png\",\"width\":512,\"height\":512,\"caption\":\"Natural Poland\"},\"image\":{\"@id\":\"https:\\\/\\\/naturalpoland.com\\\/tr\\\/#\\\/schema\\\/logo\\\/image\\\/\"},\"sameAs\":[\"https:\\\/\\\/www.facebook.com\\\/naturalpoland.b2b\",\"https:\\\/\\\/pl.linkedin.com\\\/company\\\/natural-poland\",\"https:\\\/\\\/www.youtube.com\\\/channel\\\/UCgeGGkvOMahZo-xu_MSEWxg\"]}]}<\/script>\n<!-- \/ Yoast SEO plugin. -->","yoast_head_json":{"title":"Berberin - NATURAL POLAND - Hurtowy Dystrybutor Surowc\u00f3w","description":"Berberin ekstrakt\u0131, Berberis aristata k\u00f6k\u00fcnden elde edilen do\u011fal bir takviye \u00fcr\u00fcn\u00fcd\u00fcr. Karakteristik kokuya sahip sar\u0131 toz halinde bulunur.","robots":{"index":"index","follow":"follow","max-snippet":"max-snippet:-1","max-image-preview":"max-image-preview:large","max-video-preview":"max-video-preview:-1"},"canonical":"https:\/\/naturalpoland.com\/tr\/urunler\/farmasotik-hammaddeler\/takviye-edici-gida-bilesenleri\/berberin\/","og_locale":"tr_TR","og_type":"article","og_title":"Berberin - NATURAL POLAND - Hurtowy Dystrybutor Surowc\u00f3w","og_description":"Berberin ekstrakt\u0131, Berberis aristata k\u00f6k\u00fcnden elde edilen do\u011fal bir takviye \u00fcr\u00fcn\u00fcd\u00fcr. Karakteristik kokuya sahip sar\u0131 toz halinde bulunur.","og_url":"https:\/\/naturalpoland.com\/tr\/urunler\/farmasotik-hammaddeler\/takviye-edici-gida-bilesenleri\/berberin\/","og_site_name":"NATURAL POLAND - Hurtowy Dystrybutor Surowc\u00f3w","article_publisher":"https:\/\/www.facebook.com\/naturalpoland.b2b","article_modified_time":"2026-02-04T10:52:35+00:00","og_image":[{"width":618,"height":618,"url":"https:\/\/naturalpoland.com\/wp-content\/uploads\/berberine-powder.webp","type":"image\/webp"}],"schema":{"@context":"https:\/\/schema.org","@graph":[{"@type":"WebPage","@id":"https:\/\/naturalpoland.com\/tr\/urunler\/farmasotik-hammaddeler\/takviye-edici-gida-bilesenleri\/berberin\/","url":"https:\/\/naturalpoland.com\/tr\/urunler\/farmasotik-hammaddeler\/takviye-edici-gida-bilesenleri\/berberin\/","name":"Berberin - NATURAL POLAND - Hurtowy Dystrybutor Surowc\u00f3w","isPartOf":{"@id":"https:\/\/naturalpoland.com\/tr\/#website"},"primaryImageOfPage":{"@id":"https:\/\/naturalpoland.com\/tr\/urunler\/farmasotik-hammaddeler\/takviye-edici-gida-bilesenleri\/berberin\/#primaryimage"},"image":{"@id":"https:\/\/naturalpoland.com\/tr\/urunler\/farmasotik-hammaddeler\/takviye-edici-gida-bilesenleri\/berberin\/#primaryimage"},"thumbnailUrl":"https:\/\/naturalpoland.com\/wp-content\/uploads\/berberine-powder.webp","datePublished":"2024-07-02T12:24:35+00:00","dateModified":"2026-02-04T10:52:35+00:00","description":"Berberin ekstrakt\u0131, Berberis aristata k\u00f6k\u00fcnden elde edilen do\u011fal bir takviye \u00fcr\u00fcn\u00fcd\u00fcr. Karakteristik kokuya sahip sar\u0131 toz halinde bulunur.","breadcrumb":{"@id":"https:\/\/naturalpoland.com\/tr\/urunler\/farmasotik-hammaddeler\/takviye-edici-gida-bilesenleri\/berberin\/#breadcrumb"},"inLanguage":"tr","potentialAction":[{"@type":"ReadAction","target":["https:\/\/naturalpoland.com\/tr\/urunler\/farmasotik-hammaddeler\/takviye-edici-gida-bilesenleri\/berberin\/"]}]},{"@type":"ImageObject","inLanguage":"tr","@id":"https:\/\/naturalpoland.com\/tr\/urunler\/farmasotik-hammaddeler\/takviye-edici-gida-bilesenleri\/berberin\/#primaryimage","url":"https:\/\/naturalpoland.com\/wp-content\/uploads\/berberine-powder.webp","contentUrl":"https:\/\/naturalpoland.com\/wp-content\/uploads\/berberine-powder.webp","width":618,"height":618,"caption":"toz berberin"},{"@type":"BreadcrumbList","@id":"https:\/\/naturalpoland.com\/tr\/urunler\/farmasotik-hammaddeler\/takviye-edici-gida-bilesenleri\/berberin\/#breadcrumb","itemListElement":[{"@type":"ListItem","position":1,"name":"Ana Sayfa","item":"https:\/\/naturalpoland.com\/tr\/"},{"@type":"ListItem","position":2,"name":"\u00dcr\u00fcnler","item":"https:\/\/naturalpoland.com\/tr\/urunler\/"},{"@type":"ListItem","position":3,"name":"Berberin"}]},{"@type":"WebSite","@id":"https:\/\/naturalpoland.com\/tr\/#website","url":"https:\/\/naturalpoland.com\/tr\/","name":"NATURAL POLAND - Hurtowy Dystrybutor Surowc\u00f3w","description":"Surowce dla przemys\u0142u spo\u017cywczego, kosmetycznego i farmaceutycznego","publisher":{"@id":"https:\/\/naturalpoland.com\/tr\/#organization"},"potentialAction":[{"@type":"SearchAction","target":{"@type":"EntryPoint","urlTemplate":"https:\/\/naturalpoland.com\/tr\/?s={search_term_string}"},"query-input":{"@type":"PropertyValueSpecification","valueRequired":true,"valueName":"search_term_string"}}],"inLanguage":"tr"},{"@type":"Organization","@id":"https:\/\/naturalpoland.com\/tr\/#organization","name":"Natural Poland","url":"https:\/\/naturalpoland.com\/tr\/","logo":{"@type":"ImageObject","inLanguage":"tr","@id":"https:\/\/naturalpoland.com\/tr\/#\/schema\/logo\/image\/","url":"https:\/\/naturalpoland.com\/wp-content\/uploads\/2021\/05\/natural-poland-icon.png","contentUrl":"https:\/\/naturalpoland.com\/wp-content\/uploads\/2021\/05\/natural-poland-icon.png","width":512,"height":512,"caption":"Natural Poland"},"image":{"@id":"https:\/\/naturalpoland.com\/tr\/#\/schema\/logo\/image\/"},"sameAs":["https:\/\/www.facebook.com\/naturalpoland.b2b","https:\/\/pl.linkedin.com\/company\/natural-poland","https:\/\/www.youtube.com\/channel\/UCgeGGkvOMahZo-xu_MSEWxg"]}]}},"_links":{"self":[{"href":"https:\/\/naturalpoland.com\/tr\/wp-json\/wp\/v2\/product\/45416","targetHints":{"allow":["GET"]}}],"collection":[{"href":"https:\/\/naturalpoland.com\/tr\/wp-json\/wp\/v2\/product"}],"about":[{"href":"https:\/\/naturalpoland.com\/tr\/wp-json\/wp\/v2\/types\/product"}],"wp:featuredmedia":[{"embeddable":true,"href":"https:\/\/naturalpoland.com\/tr\/wp-json\/wp\/v2\/media\/45417"}],"wp:attachment":[{"href":"https:\/\/naturalpoland.com\/tr\/wp-json\/wp\/v2\/media?parent=45416"}],"wp:term":[{"taxonomy":"product_brand","embeddable":true,"href":"https:\/\/naturalpoland.com\/tr\/wp-json\/wp\/v2\/product_brand?post=45416"},{"taxonomy":"product_cat","embeddable":true,"href":"https:\/\/naturalpoland.com\/tr\/wp-json\/wp\/v2\/product_cat?post=45416"},{"taxonomy":"product_tag","embeddable":true,"href":"https:\/\/naturalpoland.com\/tr\/wp-json\/wp\/v2\/product_tag?post=45416"}],"curies":[{"name":"wp","href":"https:\/\/api.w.org\/{rel}","templated":true}]}}