{"id":45418,"date":"2024-05-17T11:26:28","date_gmt":"2024-05-17T09:26:28","guid":{"rendered":"https:\/\/naturalpoland.com\/produkty\/kategorilenmemis\/vitamin-d3-kolekalsiferol\/"},"modified":"2026-02-04T11:57:08","modified_gmt":"2026-02-04T10:57:08","slug":"vitamin-d3-kolekalsiferol","status":"publish","type":"product","link":"https:\/\/naturalpoland.com\/tr\/urunler\/farmasotik-hammaddeler\/vitaminler\/vitamin-d3-kolekalsiferol\/","title":{"rendered":"Vitamin D3, kolekalsiferol"},"content":{"rendered":"<p>Vitamin D3 do\u011fal olarak g\u00fcne\u015f \u0131\u015f\u0131\u011f\u0131 (UVB) etkisiyle insan derisinde \u00fcretilir, ancak \u00f6zellikle \u0131l\u0131man iklimlerde s\u0131n\u0131rl\u0131 g\u00fcne\u015f maruziyeti nedeniyle s\u0131kl\u0131kla takviyesi gereklidir.<\/p>\n<h3>Vitamin D3 \u00f6zellikleri<\/h3>\n<p>Vitamin D3, diyet takviyeleri ve s\u00fct, yo\u011furt, kahvalt\u0131l\u0131k gevrekler gibi zenginle\u015ftirilmi\u015f g\u0131da \u00fcr\u00fcnlerinin \u00fcretiminde yayg\u0131n olarak kullan\u0131lan bir hammaddedir. V\u00fccuttaki vitamin D seviyelerini y\u00fckseltme ve korumada bitkisel kar\u015f\u0131l\u0131\u011f\u0131 olan vitamin D2&#8217;den (ergokalsiferol) daha etkilidir. <\/p>\n<h3>\u00d6zellikler ve uygulamalar<\/h3>\n<ol>\n<li>Vitamin D3, sindirim sisteminden kalsiyum ve fosfor emilimini d\u00fczenledi\u011fi i\u00e7in g\u00fc\u00e7l\u00fc kemiklerin olu\u015fturulmas\u0131 ve korunmas\u0131 ile osteoporozun \u00f6nlenmesi i\u00e7in gereklidir.<\/li>\n<li>Ba\u011f\u0131\u015f\u0131kl\u0131k sistemini destekler, v\u00fccudu enfeksiyonlara kar\u015f\u0131 korur. Baz\u0131 otoimm\u00fcn hastal\u0131k riskini azaltma potansiyeline sahiptir. <\/li>\n<li>Baz\u0131 kanser t\u00fcrleri, kalp hastal\u0131klar\u0131, diyabet dahil olmak \u00fczere kronik hastal\u0131klara kar\u015f\u0131 koruyucu etki g\u00f6sterir.<\/li>\n<li>Ruh sa\u011fl\u0131\u011f\u0131n\u0131 destekler. Eksikli\u011fi depresyon dahil olmak \u00fczere duygu durum bozukluklar\u0131 geli\u015fme riskiyle ili\u015fkilendirilebilir. <\/li>\n<\/ol>\n<h3>Ham vitamin D3 formu<\/h3>\n<p>Ham vitamin D3 genellikle ya\u011fl\u0131 form veya toz halinde mevcuttur ve diyet takviyeleri, zenginle\u015ftirilmi\u015f g\u0131dalar ve farmas\u00f6tik \u00fcr\u00fcnlerin form\u00fclasyonlar\u0131na kolayca dahil edilebilir. Ya\u011fl\u0131 form \u00f6zellikle yumu\u015fak jel kaps\u00fcller ve vitamin D3 emilimini kolayla\u015ft\u0131ran s\u0131v\u0131 preparatlar\u0131n \u00fcretimi i\u00e7in uygundur. <\/p>\n","protected":false},"excerpt":{"rendered":"<p>Kolekalsiferol olarak da bilinen Vitamin D3, kalsiyum ve fosfor seviyelerinin d\u00fczenlenmesi dahil olmak \u00fczere insan v\u00fccudundaki bir\u00e7ok sa\u011fl\u0131k s\u00fcrecinde kilit rol oynayan bir D vitamini formudur. \u00dcr\u00fcn hafif sar\u0131ms\u0131 veya beyaz renkli ince toz halinde sunulmaktad\u0131r. <\/p>\n","protected":false},"featured_media":45419,"template":"","meta":{"_acf_changed":false},"product_brand":[],"product_cat":[9542],"product_tag":[],"class_list":{"0":"post-45418","1":"product","2":"type-product","3":"status-publish","4":"has-post-thumbnail","6":"product_cat-vitaminler","8":"first","9":"instock","10":"shipping-taxable","11":"product-type-simple"},"acf":[],"yoast_head":"<!-- This site is optimized with the Yoast SEO plugin v27.6 - https:\/\/yoast.com\/product\/yoast-seo-wordpress\/ -->\n<title>Vitamin D3, kolekalsiferol - NATURAL POLAND - Hurtowy Dystrybutor Surowc\u00f3w<\/title>\n<meta name=\"description\" content=\"Kolekalsiferol olarak da bilinen Vitamin D3, insan v\u00fccudundaki bir\u00e7ok sa\u011fl\u0131k s\u00fcrecinde kilit rol oynayan bir D vitamini formudur.\" \/>\n<meta name=\"robots\" content=\"index, follow, max-snippet:-1, max-image-preview:large, max-video-preview:-1\" \/>\n<link rel=\"canonical\" href=\"https:\/\/naturalpoland.com\/tr\/urunler\/farmasotik-hammaddeler\/vitaminler\/vitamin-d3-kolekalsiferol\/\" \/>\n<meta property=\"og:locale\" content=\"tr_TR\" \/>\n<meta property=\"og:type\" content=\"article\" \/>\n<meta property=\"og:title\" content=\"Vitamin D3, kolekalsiferol - NATURAL POLAND - Hurtowy Dystrybutor Surowc\u00f3w\" \/>\n<meta property=\"og:description\" content=\"Kolekalsiferol olarak da bilinen Vitamin D3, insan v\u00fccudundaki bir\u00e7ok sa\u011fl\u0131k s\u00fcrecinde kilit rol oynayan bir D vitamini formudur.\" \/>\n<meta property=\"og:url\" content=\"https:\/\/naturalpoland.com\/tr\/urunler\/farmasotik-hammaddeler\/vitaminler\/vitamin-d3-kolekalsiferol\/\" \/>\n<meta property=\"og:site_name\" content=\"NATURAL POLAND - Hurtowy Dystrybutor Surowc\u00f3w\" \/>\n<meta property=\"article:publisher\" content=\"https:\/\/www.facebook.com\/naturalpoland.b2b\" \/>\n<meta property=\"article:modified_time\" content=\"2026-02-04T10:57:08+00:00\" \/>\n<meta property=\"og:image\" content=\"https:\/\/naturalpoland.com\/wp-content\/uploads\/witamina-d3.webp\" \/>\n\t<meta property=\"og:image:width\" content=\"616\" \/>\n\t<meta property=\"og:image:height\" content=\"616\" \/>\n\t<meta property=\"og:image:type\" content=\"image\/webp\" \/>\n<script type=\"application\/ld+json\" class=\"yoast-schema-graph\">{\"@context\":\"https:\\\/\\\/schema.org\",\"@graph\":[{\"@type\":\"WebPage\",\"@id\":\"https:\\\/\\\/naturalpoland.com\\\/tr\\\/urunler\\\/farmasotik-hammaddeler\\\/vitaminler\\\/vitamin-d3-kolekalsiferol\\\/\",\"url\":\"https:\\\/\\\/naturalpoland.com\\\/tr\\\/urunler\\\/farmasotik-hammaddeler\\\/vitaminler\\\/vitamin-d3-kolekalsiferol\\\/\",\"name\":\"Vitamin D3, kolekalsiferol - NATURAL POLAND - Hurtowy Dystrybutor Surowc\u00f3w\",\"isPartOf\":{\"@id\":\"https:\\\/\\\/naturalpoland.com\\\/tr\\\/#website\"},\"primaryImageOfPage\":{\"@id\":\"https:\\\/\\\/naturalpoland.com\\\/tr\\\/urunler\\\/farmasotik-hammaddeler\\\/vitaminler\\\/vitamin-d3-kolekalsiferol\\\/#primaryimage\"},\"image\":{\"@id\":\"https:\\\/\\\/naturalpoland.com\\\/tr\\\/urunler\\\/farmasotik-hammaddeler\\\/vitaminler\\\/vitamin-d3-kolekalsiferol\\\/#primaryimage\"},\"thumbnailUrl\":\"https:\\\/\\\/naturalpoland.com\\\/wp-content\\\/uploads\\\/witamina-d3.webp\",\"datePublished\":\"2024-05-17T09:26:28+00:00\",\"dateModified\":\"2026-02-04T10:57:08+00:00\",\"description\":\"Kolekalsiferol olarak da bilinen Vitamin D3, insan v\u00fccudundaki bir\u00e7ok sa\u011fl\u0131k s\u00fcrecinde kilit rol oynayan bir D vitamini formudur.\",\"breadcrumb\":{\"@id\":\"https:\\\/\\\/naturalpoland.com\\\/tr\\\/urunler\\\/farmasotik-hammaddeler\\\/vitaminler\\\/vitamin-d3-kolekalsiferol\\\/#breadcrumb\"},\"inLanguage\":\"tr\",\"potentialAction\":[{\"@type\":\"ReadAction\",\"target\":[\"https:\\\/\\\/naturalpoland.com\\\/tr\\\/urunler\\\/farmasotik-hammaddeler\\\/vitaminler\\\/vitamin-d3-kolekalsiferol\\\/\"]}]},{\"@type\":\"ImageObject\",\"inLanguage\":\"tr\",\"@id\":\"https:\\\/\\\/naturalpoland.com\\\/tr\\\/urunler\\\/farmasotik-hammaddeler\\\/vitaminler\\\/vitamin-d3-kolekalsiferol\\\/#primaryimage\",\"url\":\"https:\\\/\\\/naturalpoland.com\\\/wp-content\\\/uploads\\\/witamina-d3.webp\",\"contentUrl\":\"https:\\\/\\\/naturalpoland.com\\\/wp-content\\\/uploads\\\/witamina-d3.webp\",\"width\":616,\"height\":616,\"caption\":\"ya\u011fl\u0131 form ve toz halinde ham vitamin d\"},{\"@type\":\"BreadcrumbList\",\"@id\":\"https:\\\/\\\/naturalpoland.com\\\/tr\\\/urunler\\\/farmasotik-hammaddeler\\\/vitaminler\\\/vitamin-d3-kolekalsiferol\\\/#breadcrumb\",\"itemListElement\":[{\"@type\":\"ListItem\",\"position\":1,\"name\":\"Ana Sayfa\",\"item\":\"https:\\\/\\\/naturalpoland.com\\\/tr\\\/\"},{\"@type\":\"ListItem\",\"position\":2,\"name\":\"\u00dcr\u00fcnler\",\"item\":\"https:\\\/\\\/naturalpoland.com\\\/tr\\\/urunler\\\/\"},{\"@type\":\"ListItem\",\"position\":3,\"name\":\"Vitamin D3, kolekalsiferol\"}]},{\"@type\":\"WebSite\",\"@id\":\"https:\\\/\\\/naturalpoland.com\\\/tr\\\/#website\",\"url\":\"https:\\\/\\\/naturalpoland.com\\\/tr\\\/\",\"name\":\"NATURAL POLAND - Hurtowy Dystrybutor Surowc\u00f3w\",\"description\":\"Surowce dla przemys\u0142u spo\u017cywczego, kosmetycznego i farmaceutycznego\",\"publisher\":{\"@id\":\"https:\\\/\\\/naturalpoland.com\\\/tr\\\/#organization\"},\"potentialAction\":[{\"@type\":\"SearchAction\",\"target\":{\"@type\":\"EntryPoint\",\"urlTemplate\":\"https:\\\/\\\/naturalpoland.com\\\/tr\\\/?s={search_term_string}\"},\"query-input\":{\"@type\":\"PropertyValueSpecification\",\"valueRequired\":true,\"valueName\":\"search_term_string\"}}],\"inLanguage\":\"tr\"},{\"@type\":\"Organization\",\"@id\":\"https:\\\/\\\/naturalpoland.com\\\/tr\\\/#organization\",\"name\":\"Natural Poland\",\"url\":\"https:\\\/\\\/naturalpoland.com\\\/tr\\\/\",\"logo\":{\"@type\":\"ImageObject\",\"inLanguage\":\"tr\",\"@id\":\"https:\\\/\\\/naturalpoland.com\\\/tr\\\/#\\\/schema\\\/logo\\\/image\\\/\",\"url\":\"https:\\\/\\\/naturalpoland.com\\\/wp-content\\\/uploads\\\/2021\\\/05\\\/natural-poland-icon.png\",\"contentUrl\":\"https:\\\/\\\/naturalpoland.com\\\/wp-content\\\/uploads\\\/2021\\\/05\\\/natural-poland-icon.png\",\"width\":512,\"height\":512,\"caption\":\"Natural Poland\"},\"image\":{\"@id\":\"https:\\\/\\\/naturalpoland.com\\\/tr\\\/#\\\/schema\\\/logo\\\/image\\\/\"},\"sameAs\":[\"https:\\\/\\\/www.facebook.com\\\/naturalpoland.b2b\",\"https:\\\/\\\/pl.linkedin.com\\\/company\\\/natural-poland\",\"https:\\\/\\\/www.youtube.com\\\/channel\\\/UCgeGGkvOMahZo-xu_MSEWxg\"]}]}<\/script>\n<!-- \/ Yoast SEO plugin. -->","yoast_head_json":{"title":"Vitamin D3, kolekalsiferol - NATURAL POLAND - Hurtowy Dystrybutor Surowc\u00f3w","description":"Kolekalsiferol olarak da bilinen Vitamin D3, insan v\u00fccudundaki bir\u00e7ok sa\u011fl\u0131k s\u00fcrecinde kilit rol oynayan bir D vitamini formudur.","robots":{"index":"index","follow":"follow","max-snippet":"max-snippet:-1","max-image-preview":"max-image-preview:large","max-video-preview":"max-video-preview:-1"},"canonical":"https:\/\/naturalpoland.com\/tr\/urunler\/farmasotik-hammaddeler\/vitaminler\/vitamin-d3-kolekalsiferol\/","og_locale":"tr_TR","og_type":"article","og_title":"Vitamin D3, kolekalsiferol - NATURAL POLAND - Hurtowy Dystrybutor Surowc\u00f3w","og_description":"Kolekalsiferol olarak da bilinen Vitamin D3, insan v\u00fccudundaki bir\u00e7ok sa\u011fl\u0131k s\u00fcrecinde kilit rol oynayan bir D vitamini formudur.","og_url":"https:\/\/naturalpoland.com\/tr\/urunler\/farmasotik-hammaddeler\/vitaminler\/vitamin-d3-kolekalsiferol\/","og_site_name":"NATURAL POLAND - Hurtowy Dystrybutor Surowc\u00f3w","article_publisher":"https:\/\/www.facebook.com\/naturalpoland.b2b","article_modified_time":"2026-02-04T10:57:08+00:00","og_image":[{"width":616,"height":616,"url":"https:\/\/naturalpoland.com\/wp-content\/uploads\/witamina-d3.webp","type":"image\/webp"}],"schema":{"@context":"https:\/\/schema.org","@graph":[{"@type":"WebPage","@id":"https:\/\/naturalpoland.com\/tr\/urunler\/farmasotik-hammaddeler\/vitaminler\/vitamin-d3-kolekalsiferol\/","url":"https:\/\/naturalpoland.com\/tr\/urunler\/farmasotik-hammaddeler\/vitaminler\/vitamin-d3-kolekalsiferol\/","name":"Vitamin D3, kolekalsiferol - NATURAL POLAND - Hurtowy Dystrybutor Surowc\u00f3w","isPartOf":{"@id":"https:\/\/naturalpoland.com\/tr\/#website"},"primaryImageOfPage":{"@id":"https:\/\/naturalpoland.com\/tr\/urunler\/farmasotik-hammaddeler\/vitaminler\/vitamin-d3-kolekalsiferol\/#primaryimage"},"image":{"@id":"https:\/\/naturalpoland.com\/tr\/urunler\/farmasotik-hammaddeler\/vitaminler\/vitamin-d3-kolekalsiferol\/#primaryimage"},"thumbnailUrl":"https:\/\/naturalpoland.com\/wp-content\/uploads\/witamina-d3.webp","datePublished":"2024-05-17T09:26:28+00:00","dateModified":"2026-02-04T10:57:08+00:00","description":"Kolekalsiferol olarak da bilinen Vitamin D3, insan v\u00fccudundaki bir\u00e7ok sa\u011fl\u0131k s\u00fcrecinde kilit rol oynayan bir D vitamini formudur.","breadcrumb":{"@id":"https:\/\/naturalpoland.com\/tr\/urunler\/farmasotik-hammaddeler\/vitaminler\/vitamin-d3-kolekalsiferol\/#breadcrumb"},"inLanguage":"tr","potentialAction":[{"@type":"ReadAction","target":["https:\/\/naturalpoland.com\/tr\/urunler\/farmasotik-hammaddeler\/vitaminler\/vitamin-d3-kolekalsiferol\/"]}]},{"@type":"ImageObject","inLanguage":"tr","@id":"https:\/\/naturalpoland.com\/tr\/urunler\/farmasotik-hammaddeler\/vitaminler\/vitamin-d3-kolekalsiferol\/#primaryimage","url":"https:\/\/naturalpoland.com\/wp-content\/uploads\/witamina-d3.webp","contentUrl":"https:\/\/naturalpoland.com\/wp-content\/uploads\/witamina-d3.webp","width":616,"height":616,"caption":"ya\u011fl\u0131 form ve toz halinde ham vitamin d"},{"@type":"BreadcrumbList","@id":"https:\/\/naturalpoland.com\/tr\/urunler\/farmasotik-hammaddeler\/vitaminler\/vitamin-d3-kolekalsiferol\/#breadcrumb","itemListElement":[{"@type":"ListItem","position":1,"name":"Ana Sayfa","item":"https:\/\/naturalpoland.com\/tr\/"},{"@type":"ListItem","position":2,"name":"\u00dcr\u00fcnler","item":"https:\/\/naturalpoland.com\/tr\/urunler\/"},{"@type":"ListItem","position":3,"name":"Vitamin D3, kolekalsiferol"}]},{"@type":"WebSite","@id":"https:\/\/naturalpoland.com\/tr\/#website","url":"https:\/\/naturalpoland.com\/tr\/","name":"NATURAL POLAND - Hurtowy Dystrybutor Surowc\u00f3w","description":"Surowce dla przemys\u0142u spo\u017cywczego, kosmetycznego i farmaceutycznego","publisher":{"@id":"https:\/\/naturalpoland.com\/tr\/#organization"},"potentialAction":[{"@type":"SearchAction","target":{"@type":"EntryPoint","urlTemplate":"https:\/\/naturalpoland.com\/tr\/?s={search_term_string}"},"query-input":{"@type":"PropertyValueSpecification","valueRequired":true,"valueName":"search_term_string"}}],"inLanguage":"tr"},{"@type":"Organization","@id":"https:\/\/naturalpoland.com\/tr\/#organization","name":"Natural Poland","url":"https:\/\/naturalpoland.com\/tr\/","logo":{"@type":"ImageObject","inLanguage":"tr","@id":"https:\/\/naturalpoland.com\/tr\/#\/schema\/logo\/image\/","url":"https:\/\/naturalpoland.com\/wp-content\/uploads\/2021\/05\/natural-poland-icon.png","contentUrl":"https:\/\/naturalpoland.com\/wp-content\/uploads\/2021\/05\/natural-poland-icon.png","width":512,"height":512,"caption":"Natural Poland"},"image":{"@id":"https:\/\/naturalpoland.com\/tr\/#\/schema\/logo\/image\/"},"sameAs":["https:\/\/www.facebook.com\/naturalpoland.b2b","https:\/\/pl.linkedin.com\/company\/natural-poland","https:\/\/www.youtube.com\/channel\/UCgeGGkvOMahZo-xu_MSEWxg"]}]}},"_links":{"self":[{"href":"https:\/\/naturalpoland.com\/tr\/wp-json\/wp\/v2\/product\/45418","targetHints":{"allow":["GET"]}}],"collection":[{"href":"https:\/\/naturalpoland.com\/tr\/wp-json\/wp\/v2\/product"}],"about":[{"href":"https:\/\/naturalpoland.com\/tr\/wp-json\/wp\/v2\/types\/product"}],"wp:featuredmedia":[{"embeddable":true,"href":"https:\/\/naturalpoland.com\/tr\/wp-json\/wp\/v2\/media\/45419"}],"wp:attachment":[{"href":"https:\/\/naturalpoland.com\/tr\/wp-json\/wp\/v2\/media?parent=45418"}],"wp:term":[{"taxonomy":"product_brand","embeddable":true,"href":"https:\/\/naturalpoland.com\/tr\/wp-json\/wp\/v2\/product_brand?post=45418"},{"taxonomy":"product_cat","embeddable":true,"href":"https:\/\/naturalpoland.com\/tr\/wp-json\/wp\/v2\/product_cat?post=45418"},{"taxonomy":"product_tag","embeddable":true,"href":"https:\/\/naturalpoland.com\/tr\/wp-json\/wp\/v2\/product_tag?post=45418"}],"curies":[{"name":"wp","href":"https:\/\/api.w.org\/{rel}","templated":true}]}}