{"id":45420,"date":"2024-04-11T14:18:45","date_gmt":"2024-04-11T12:18:45","guid":{"rendered":"https:\/\/naturalpoland.com\/produkty\/kategorilenmemis\/hamamelis-hidrolat\/"},"modified":"2026-02-04T11:57:13","modified_gmt":"2026-02-04T10:57:13","slug":"hamamelis-hidrolat","status":"publish","type":"product","link":"https:\/\/naturalpoland.com\/tr\/urunler\/kozmetik-hammaddeleri\/hidrolatlar\/hamamelis-hidrolat\/","title":{"rendered":"Hamamelis Hidrolat"},"content":{"rendered":"<p><strong>\u00d6zellikler ve kullan\u0131m<\/strong><\/p>\n<p>Hamamelis hidrolat\u0131n temel avantaj\u0131 <strong>g\u00f6zenekleri daraltma kabiliyetidir<\/strong>. Bu sayede bu \u00fcr\u00fcn\u00fcn d\u00fczenli kullan\u0131m\u0131 cildin temizli\u011fini korumaya ve g\u00f6zenek g\u00f6r\u00fcn\u00fcm\u00fcn\u00fc azaltmaya yard\u0131mc\u0131 olur. Antibakteriyel \u00f6zellikleri sivilce ve komedon miktar\u0131n\u0131 azaltmaya katk\u0131da bulunarak cilde daha sa\u011fl\u0131kl\u0131 bir g\u00f6r\u00fcn\u00fcm kazand\u0131r\u0131r.  <\/p>\n<p>Hamamelis hidrolat ayr\u0131ca cilt tahri\u015flerinde, k\u0131zar\u0131kl\u0131klarda ve enflamatuar durumlarda <strong>antienflamatuar etki<\/strong> g\u00f6sterir. Bu \u00f6zellikle hassas ve problemli, alerjik reaksiyonlara e\u011filimli ciltler i\u00e7in \u00f6nemlidir. <\/p>\n<p>Bu \u00fcr\u00fcn ayr\u0131ca <strong>yat\u0131\u015ft\u0131r\u0131c\u0131 \u00f6zellikleri<\/strong> ile de de\u011ferlidir. Cilt \u00fczerinde sakinle\u015ftirici etki g\u00f6stererek rahatlama ve konfor sa\u011flar. Y\u00fcz temizli\u011fi sonras\u0131 tonik olarak, g\u00fcn i\u00e7inde ferahlat\u0131c\u0131 sprey olarak veya bak\u0131m etkisini g\u00fc\u00e7lendirmek i\u00e7in ev yap\u0131m\u0131 maskelerin ve kompreslerin bile\u015feni olarak kullan\u0131labilir.  <\/p>\n","protected":false},"excerpt":{"rendered":"<p>Virginia hamamelis (<em>Hamamelis virginiana<\/em>) yaprak ve dallar\u0131ndan elde edilen hamamelis hidrolat bak\u0131mda kullan\u0131l\u0131r. Antibakteriyel ve antienflamatuar etkiye sahiptir ve \u00f6zellikle ya\u011fl\u0131, karma ve problemli ciltli ki\u015filer i\u00e7in \u00f6nerilir. <\/p>\n","protected":false},"featured_media":45421,"template":"","meta":{"_acf_changed":false},"product_brand":[],"product_cat":[9547],"product_tag":[],"class_list":{"0":"post-45420","1":"product","2":"type-product","3":"status-publish","4":"has-post-thumbnail","6":"product_cat-hidrolatlar","7":"pa_grupa-substancji-distilatlar","9":"first","10":"instock","11":"shipping-taxable","12":"product-type-simple"},"acf":[],"yoast_head":"<!-- This site is optimized with the Yoast SEO plugin v27.5 - https:\/\/yoast.com\/product\/yoast-seo-wordpress\/ -->\n<title>Hamamelis Hidrolat - Hurtowy Dystrybutor<\/title>\n<meta name=\"description\" content=\"Hamamelis hidrolat hafif, sulu bir k\u0131vama sahiptir ve uygulamas\u0131 kolayd\u0131r. H\u0131zla emilir, ya\u011fl\u0131 tabaka b\u0131rakmaz,\" \/>\n<meta name=\"robots\" content=\"index, follow, max-snippet:-1, max-image-preview:large, max-video-preview:-1\" \/>\n<link rel=\"canonical\" href=\"https:\/\/naturalpoland.com\/tr\/urunler\/kozmetik-hammaddeleri\/hidrolatlar\/hamamelis-hidrolat\/\" \/>\n<meta property=\"og:locale\" content=\"tr_TR\" \/>\n<meta property=\"og:type\" content=\"article\" \/>\n<meta property=\"og:title\" content=\"Hamamelis Hidrolat - Hurtowy Dystrybutor\" \/>\n<meta property=\"og:description\" content=\"Hamamelis hidrolat hafif, sulu bir k\u0131vama sahiptir ve uygulamas\u0131 kolayd\u0131r. H\u0131zla emilir, ya\u011fl\u0131 tabaka b\u0131rakmaz,\" \/>\n<meta property=\"og:url\" content=\"https:\/\/naturalpoland.com\/tr\/urunler\/kozmetik-hammaddeleri\/hidrolatlar\/hamamelis-hidrolat\/\" \/>\n<meta property=\"og:site_name\" content=\"NATURAL POLAND - Hurtowy Dystrybutor Surowc\u00f3w\" \/>\n<meta property=\"article:publisher\" content=\"https:\/\/www.facebook.com\/naturalpoland.b2b\" \/>\n<meta property=\"article:modified_time\" content=\"2026-02-04T10:57:13+00:00\" \/>\n<meta property=\"og:image\" content=\"https:\/\/naturalpoland.com\/wp-content\/uploads\/hydrolat-oczarowy.webp\" \/>\n\t<meta property=\"og:image:width\" content=\"618\" \/>\n\t<meta property=\"og:image:height\" content=\"618\" \/>\n\t<meta property=\"og:image:type\" content=\"image\/webp\" \/>\n<script type=\"application\/ld+json\" class=\"yoast-schema-graph\">{\"@context\":\"https:\\\/\\\/schema.org\",\"@graph\":[{\"@type\":\"WebPage\",\"@id\":\"https:\\\/\\\/naturalpoland.com\\\/tr\\\/urunler\\\/kozmetik-hammaddeleri\\\/hidrolatlar\\\/hamamelis-hidrolat\\\/\",\"url\":\"https:\\\/\\\/naturalpoland.com\\\/tr\\\/urunler\\\/kozmetik-hammaddeleri\\\/hidrolatlar\\\/hamamelis-hidrolat\\\/\",\"name\":\"Hamamelis Hidrolat - Hurtowy Dystrybutor\",\"isPartOf\":{\"@id\":\"https:\\\/\\\/naturalpoland.com\\\/tr\\\/#website\"},\"primaryImageOfPage\":{\"@id\":\"https:\\\/\\\/naturalpoland.com\\\/tr\\\/urunler\\\/kozmetik-hammaddeleri\\\/hidrolatlar\\\/hamamelis-hidrolat\\\/#primaryimage\"},\"image\":{\"@id\":\"https:\\\/\\\/naturalpoland.com\\\/tr\\\/urunler\\\/kozmetik-hammaddeleri\\\/hidrolatlar\\\/hamamelis-hidrolat\\\/#primaryimage\"},\"thumbnailUrl\":\"https:\\\/\\\/naturalpoland.com\\\/wp-content\\\/uploads\\\/hydrolat-oczarowy.webp\",\"datePublished\":\"2024-04-11T12:18:45+00:00\",\"dateModified\":\"2026-02-04T10:57:13+00:00\",\"description\":\"Hamamelis hidrolat hafif, sulu bir k\u0131vama sahiptir ve uygulamas\u0131 kolayd\u0131r. H\u0131zla emilir, ya\u011fl\u0131 tabaka b\u0131rakmaz,\",\"breadcrumb\":{\"@id\":\"https:\\\/\\\/naturalpoland.com\\\/tr\\\/urunler\\\/kozmetik-hammaddeleri\\\/hidrolatlar\\\/hamamelis-hidrolat\\\/#breadcrumb\"},\"inLanguage\":\"tr\",\"potentialAction\":[{\"@type\":\"ReadAction\",\"target\":[\"https:\\\/\\\/naturalpoland.com\\\/tr\\\/urunler\\\/kozmetik-hammaddeleri\\\/hidrolatlar\\\/hamamelis-hidrolat\\\/\"]}]},{\"@type\":\"ImageObject\",\"inLanguage\":\"tr\",\"@id\":\"https:\\\/\\\/naturalpoland.com\\\/tr\\\/urunler\\\/kozmetik-hammaddeleri\\\/hidrolatlar\\\/hamamelis-hidrolat\\\/#primaryimage\",\"url\":\"https:\\\/\\\/naturalpoland.com\\\/wp-content\\\/uploads\\\/hydrolat-oczarowy.webp\",\"contentUrl\":\"https:\\\/\\\/naturalpoland.com\\\/wp-content\\\/uploads\\\/hydrolat-oczarowy.webp\",\"width\":618,\"height\":618,\"caption\":\"hamamelis hidrolat\"},{\"@type\":\"BreadcrumbList\",\"@id\":\"https:\\\/\\\/naturalpoland.com\\\/tr\\\/urunler\\\/kozmetik-hammaddeleri\\\/hidrolatlar\\\/hamamelis-hidrolat\\\/#breadcrumb\",\"itemListElement\":[{\"@type\":\"ListItem\",\"position\":1,\"name\":\"Ana Sayfa\",\"item\":\"https:\\\/\\\/naturalpoland.com\\\/tr\\\/\"},{\"@type\":\"ListItem\",\"position\":2,\"name\":\"\u00dcr\u00fcnler\",\"item\":\"https:\\\/\\\/naturalpoland.com\\\/tr\\\/urunler\\\/\"},{\"@type\":\"ListItem\",\"position\":3,\"name\":\"Hamamelis Hidrolat\"}]},{\"@type\":\"WebSite\",\"@id\":\"https:\\\/\\\/naturalpoland.com\\\/tr\\\/#website\",\"url\":\"https:\\\/\\\/naturalpoland.com\\\/tr\\\/\",\"name\":\"NATURAL POLAND - Hurtowy Dystrybutor Surowc\u00f3w\",\"description\":\"Surowce dla przemys\u0142u spo\u017cywczego, kosmetycznego i farmaceutycznego\",\"publisher\":{\"@id\":\"https:\\\/\\\/naturalpoland.com\\\/tr\\\/#organization\"},\"potentialAction\":[{\"@type\":\"SearchAction\",\"target\":{\"@type\":\"EntryPoint\",\"urlTemplate\":\"https:\\\/\\\/naturalpoland.com\\\/tr\\\/?s={search_term_string}\"},\"query-input\":{\"@type\":\"PropertyValueSpecification\",\"valueRequired\":true,\"valueName\":\"search_term_string\"}}],\"inLanguage\":\"tr\"},{\"@type\":\"Organization\",\"@id\":\"https:\\\/\\\/naturalpoland.com\\\/tr\\\/#organization\",\"name\":\"Natural Poland\",\"url\":\"https:\\\/\\\/naturalpoland.com\\\/tr\\\/\",\"logo\":{\"@type\":\"ImageObject\",\"inLanguage\":\"tr\",\"@id\":\"https:\\\/\\\/naturalpoland.com\\\/tr\\\/#\\\/schema\\\/logo\\\/image\\\/\",\"url\":\"https:\\\/\\\/naturalpoland.com\\\/wp-content\\\/uploads\\\/2021\\\/05\\\/natural-poland-icon.png\",\"contentUrl\":\"https:\\\/\\\/naturalpoland.com\\\/wp-content\\\/uploads\\\/2021\\\/05\\\/natural-poland-icon.png\",\"width\":512,\"height\":512,\"caption\":\"Natural Poland\"},\"image\":{\"@id\":\"https:\\\/\\\/naturalpoland.com\\\/tr\\\/#\\\/schema\\\/logo\\\/image\\\/\"},\"sameAs\":[\"https:\\\/\\\/www.facebook.com\\\/naturalpoland.b2b\",\"https:\\\/\\\/pl.linkedin.com\\\/company\\\/natural-poland\",\"https:\\\/\\\/www.youtube.com\\\/channel\\\/UCgeGGkvOMahZo-xu_MSEWxg\"]}]}<\/script>\n<!-- \/ Yoast SEO plugin. -->","yoast_head_json":{"title":"Hamamelis Hidrolat - Hurtowy Dystrybutor","description":"Hamamelis hidrolat hafif, sulu bir k\u0131vama sahiptir ve uygulamas\u0131 kolayd\u0131r. H\u0131zla emilir, ya\u011fl\u0131 tabaka b\u0131rakmaz,","robots":{"index":"index","follow":"follow","max-snippet":"max-snippet:-1","max-image-preview":"max-image-preview:large","max-video-preview":"max-video-preview:-1"},"canonical":"https:\/\/naturalpoland.com\/tr\/urunler\/kozmetik-hammaddeleri\/hidrolatlar\/hamamelis-hidrolat\/","og_locale":"tr_TR","og_type":"article","og_title":"Hamamelis Hidrolat - Hurtowy Dystrybutor","og_description":"Hamamelis hidrolat hafif, sulu bir k\u0131vama sahiptir ve uygulamas\u0131 kolayd\u0131r. H\u0131zla emilir, ya\u011fl\u0131 tabaka b\u0131rakmaz,","og_url":"https:\/\/naturalpoland.com\/tr\/urunler\/kozmetik-hammaddeleri\/hidrolatlar\/hamamelis-hidrolat\/","og_site_name":"NATURAL POLAND - Hurtowy Dystrybutor Surowc\u00f3w","article_publisher":"https:\/\/www.facebook.com\/naturalpoland.b2b","article_modified_time":"2026-02-04T10:57:13+00:00","og_image":[{"width":618,"height":618,"url":"https:\/\/naturalpoland.com\/wp-content\/uploads\/hydrolat-oczarowy.webp","type":"image\/webp"}],"schema":{"@context":"https:\/\/schema.org","@graph":[{"@type":"WebPage","@id":"https:\/\/naturalpoland.com\/tr\/urunler\/kozmetik-hammaddeleri\/hidrolatlar\/hamamelis-hidrolat\/","url":"https:\/\/naturalpoland.com\/tr\/urunler\/kozmetik-hammaddeleri\/hidrolatlar\/hamamelis-hidrolat\/","name":"Hamamelis Hidrolat - Hurtowy Dystrybutor","isPartOf":{"@id":"https:\/\/naturalpoland.com\/tr\/#website"},"primaryImageOfPage":{"@id":"https:\/\/naturalpoland.com\/tr\/urunler\/kozmetik-hammaddeleri\/hidrolatlar\/hamamelis-hidrolat\/#primaryimage"},"image":{"@id":"https:\/\/naturalpoland.com\/tr\/urunler\/kozmetik-hammaddeleri\/hidrolatlar\/hamamelis-hidrolat\/#primaryimage"},"thumbnailUrl":"https:\/\/naturalpoland.com\/wp-content\/uploads\/hydrolat-oczarowy.webp","datePublished":"2024-04-11T12:18:45+00:00","dateModified":"2026-02-04T10:57:13+00:00","description":"Hamamelis hidrolat hafif, sulu bir k\u0131vama sahiptir ve uygulamas\u0131 kolayd\u0131r. H\u0131zla emilir, ya\u011fl\u0131 tabaka b\u0131rakmaz,","breadcrumb":{"@id":"https:\/\/naturalpoland.com\/tr\/urunler\/kozmetik-hammaddeleri\/hidrolatlar\/hamamelis-hidrolat\/#breadcrumb"},"inLanguage":"tr","potentialAction":[{"@type":"ReadAction","target":["https:\/\/naturalpoland.com\/tr\/urunler\/kozmetik-hammaddeleri\/hidrolatlar\/hamamelis-hidrolat\/"]}]},{"@type":"ImageObject","inLanguage":"tr","@id":"https:\/\/naturalpoland.com\/tr\/urunler\/kozmetik-hammaddeleri\/hidrolatlar\/hamamelis-hidrolat\/#primaryimage","url":"https:\/\/naturalpoland.com\/wp-content\/uploads\/hydrolat-oczarowy.webp","contentUrl":"https:\/\/naturalpoland.com\/wp-content\/uploads\/hydrolat-oczarowy.webp","width":618,"height":618,"caption":"hamamelis hidrolat"},{"@type":"BreadcrumbList","@id":"https:\/\/naturalpoland.com\/tr\/urunler\/kozmetik-hammaddeleri\/hidrolatlar\/hamamelis-hidrolat\/#breadcrumb","itemListElement":[{"@type":"ListItem","position":1,"name":"Ana Sayfa","item":"https:\/\/naturalpoland.com\/tr\/"},{"@type":"ListItem","position":2,"name":"\u00dcr\u00fcnler","item":"https:\/\/naturalpoland.com\/tr\/urunler\/"},{"@type":"ListItem","position":3,"name":"Hamamelis Hidrolat"}]},{"@type":"WebSite","@id":"https:\/\/naturalpoland.com\/tr\/#website","url":"https:\/\/naturalpoland.com\/tr\/","name":"NATURAL POLAND - Hurtowy Dystrybutor Surowc\u00f3w","description":"Surowce dla przemys\u0142u spo\u017cywczego, kosmetycznego i farmaceutycznego","publisher":{"@id":"https:\/\/naturalpoland.com\/tr\/#organization"},"potentialAction":[{"@type":"SearchAction","target":{"@type":"EntryPoint","urlTemplate":"https:\/\/naturalpoland.com\/tr\/?s={search_term_string}"},"query-input":{"@type":"PropertyValueSpecification","valueRequired":true,"valueName":"search_term_string"}}],"inLanguage":"tr"},{"@type":"Organization","@id":"https:\/\/naturalpoland.com\/tr\/#organization","name":"Natural Poland","url":"https:\/\/naturalpoland.com\/tr\/","logo":{"@type":"ImageObject","inLanguage":"tr","@id":"https:\/\/naturalpoland.com\/tr\/#\/schema\/logo\/image\/","url":"https:\/\/naturalpoland.com\/wp-content\/uploads\/2021\/05\/natural-poland-icon.png","contentUrl":"https:\/\/naturalpoland.com\/wp-content\/uploads\/2021\/05\/natural-poland-icon.png","width":512,"height":512,"caption":"Natural Poland"},"image":{"@id":"https:\/\/naturalpoland.com\/tr\/#\/schema\/logo\/image\/"},"sameAs":["https:\/\/www.facebook.com\/naturalpoland.b2b","https:\/\/pl.linkedin.com\/company\/natural-poland","https:\/\/www.youtube.com\/channel\/UCgeGGkvOMahZo-xu_MSEWxg"]}]}},"_links":{"self":[{"href":"https:\/\/naturalpoland.com\/tr\/wp-json\/wp\/v2\/product\/45420","targetHints":{"allow":["GET"]}}],"collection":[{"href":"https:\/\/naturalpoland.com\/tr\/wp-json\/wp\/v2\/product"}],"about":[{"href":"https:\/\/naturalpoland.com\/tr\/wp-json\/wp\/v2\/types\/product"}],"wp:featuredmedia":[{"embeddable":true,"href":"https:\/\/naturalpoland.com\/tr\/wp-json\/wp\/v2\/media\/45421"}],"wp:attachment":[{"href":"https:\/\/naturalpoland.com\/tr\/wp-json\/wp\/v2\/media?parent=45420"}],"wp:term":[{"taxonomy":"product_brand","embeddable":true,"href":"https:\/\/naturalpoland.com\/tr\/wp-json\/wp\/v2\/product_brand?post=45420"},{"taxonomy":"product_cat","embeddable":true,"href":"https:\/\/naturalpoland.com\/tr\/wp-json\/wp\/v2\/product_cat?post=45420"},{"taxonomy":"product_tag","embeddable":true,"href":"https:\/\/naturalpoland.com\/tr\/wp-json\/wp\/v2\/product_tag?post=45420"}],"curies":[{"name":"wp","href":"https:\/\/api.w.org\/{rel}","templated":true}]}}