{"id":45426,"date":"2024-06-21T12:54:26","date_gmt":"2024-06-21T10:54:26","guid":{"rendered":"https:\/\/naturalpoland.com\/produkty\/kategorilenmemis\/kalahari-kavunu-cekirdegi-yagi\/"},"modified":"2026-02-04T11:57:58","modified_gmt":"2026-02-04T10:57:58","slug":"kalahari-kavunu-cekirdegi-yagi","status":"publish","type":"product","link":"https:\/\/naturalpoland.com\/tr\/urunler\/kozmetik-hammaddeleri\/kozmetik-yaglari\/kalahari-kavunu-cekirdegi-yagi\/","title":{"rendered":"Kalahari Kavunu \u00c7ekirde\u011fi Ya\u011f\u0131"},"content":{"rendered":"<p>Kalahari kavunu \u00e7ekirde\u011fi ya\u011f\u0131, m\u00fckemmel nemlendirici ve onar\u0131c\u0131 \u00f6zelliklere sahip \u00e7ok y\u00f6nl\u00fc bir kozmetik bile\u015fenidir. Hafif k\u0131vamda olup h\u0131zla emilir. <\/p>\n<h2>Kalahari Kavunu \u00c7ekirde\u011fi Ya\u011f\u0131n\u0131n \u00d6zellikleri<\/h2>\n<p>Kalahari kavunu \u00e7ekirde\u011fi ya\u011f\u0131, <strong>linoleik asit<\/strong> ve <strong>oleik asit<\/strong> dahil olmak \u00fczere temel doymam\u0131\u015f ya\u011f asitleri bak\u0131m\u0131ndan zengindir. Bunlar cilt sa\u011fl\u0131\u011f\u0131n\u0131n korunmas\u0131 i\u00e7in kritik \u00f6neme sahiptir, cildin <strong>nemlendirilmesi<\/strong> ve <strong>beslenmesinde<\/strong> yard\u0131mc\u0131 olarak cildi yumu\u015fak ve esnek b\u0131rak\u0131r. Bu ya\u011f\u0131n hafif k\u0131vam\u0131 \u00fcr\u00fcn\u00fcn h\u0131zla emilmesini sa\u011flar ve cilt \u00fczerinde ya\u011fl\u0131 bir film b\u0131rakmaz.  <\/p>\n<p><strong>Onar\u0131c\u0131 \u00f6zellikleri<\/strong> nedeniyle \u00f6zellikle kuru, hassas ve olgun ciltler i\u00e7in \u00f6nerilir. <strong><a href=\"https:\/\/naturalpoland.com\/produkty\/produkty-dla-przemyslu-farmaceutycznego-i-medycznego\/witaminy\/witamina-e\/\">E vitamini<\/a><\/strong> gibi antioksidanlar\u0131n i\u00e7eri\u011fi ise bu ya\u011f\u0131n cildi serbest radikaller ve UV \u0131\u015f\u0131n\u0131m\u0131n\u0131n neden oldu\u011fu hasarlara kar\u015f\u0131 korumas\u0131n\u0131 sa\u011flar. Ayr\u0131ca cildin do\u011fal yenilenme s\u00fcre\u00e7lerini destekleyerek k\u00fc\u00e7\u00fck yaralar\u0131n ve tahri\u015f alanlar\u0131n\u0131n iyile\u015fmesini h\u0131zland\u0131r\u0131r.  <\/p>\n<h2>Kullan\u0131m alanlar\u0131<\/h2>\n<p>Kalahari kavunu \u00e7ekirde\u011fi ya\u011f\u0131 <strong>nemlendirici kremlerde<\/strong>, <strong>v\u00fccut balsamlar\u0131nda<\/strong>, <strong>serumlarda<\/strong> ve <strong>masaj ya\u011flar\u0131nda<\/strong> kullan\u0131l\u0131r. Ayr\u0131ca <strong>sa\u00e7 bak\u0131m \u00fcr\u00fcnleri ve sa\u00e7 maskelerinde<\/strong> de m\u00fckemmel bir bile\u015fendir, kuru ve hasarl\u0131 sa\u00e7lar\u0131n nemlendirilmesi ve beslenmesinde yard\u0131mc\u0131 olur. <\/p>\n","protected":false},"excerpt":{"rendered":"<p>Kalahari kavunu \u00e7ekirde\u011fi ya\u011f\u0131 (<em>Citrullus lanatus seed oil<\/em>) Kalahari kavunu \u00e7ekirdeklerinin so\u011fuk s\u0131k\u0131m y\u00f6ntemiyle elde edilir. Bu ya\u011f kozmetik ve farmas\u00f6tik alan\u0131nda kullan\u0131m bulur. Hafifli\u011fi ve h\u0131zla emilme kabiliyeti ile de\u011fer g\u00f6r\u00fcr.  <\/p>\n<p>&nbsp;<\/p>\n","protected":false},"featured_media":45427,"template":"","meta":{"_acf_changed":false},"product_brand":[],"product_cat":[9551],"product_tag":[],"class_list":{"0":"post-45426","1":"product","2":"type-product","3":"status-publish","4":"has-post-thumbnail","6":"product_cat-kozmetik-yaglari","7":"pa_grupa-substancji-baz-yaglar","8":"pa_metoda-pozyskiwania-soguk-pres","10":"first","11":"instock","12":"shipping-taxable","13":"product-type-simple"},"acf":[],"yoast_head":"<!-- This site is optimized with the Yoast SEO plugin v27.5 - https:\/\/yoast.com\/product\/yoast-seo-wordpress\/ -->\n<title>Kalahari Kavunu \u00c7ekirde\u011fi Ya\u011f\u0131 - NATURAL POLAND - Hurtowy Dystrybutor Surowc\u00f3w<\/title>\n<meta name=\"description\" content=\"Kalahari kavunu \u00e7ekirde\u011fi ya\u011f\u0131, m\u00fckemmel nemlendirici ve onar\u0131c\u0131 \u00f6zelliklere sahip \u00e7ok y\u00f6nl\u00fc bir kozmetik bile\u015fenidir.\" \/>\n<meta name=\"robots\" content=\"index, follow, max-snippet:-1, max-image-preview:large, max-video-preview:-1\" \/>\n<link rel=\"canonical\" href=\"https:\/\/naturalpoland.com\/tr\/urunler\/kozmetik-hammaddeleri\/kozmetik-yaglari\/kalahari-kavunu-cekirdegi-yagi\/\" \/>\n<meta property=\"og:locale\" content=\"tr_TR\" \/>\n<meta property=\"og:type\" content=\"article\" \/>\n<meta property=\"og:title\" content=\"Kalahari Kavunu \u00c7ekirde\u011fi Ya\u011f\u0131 - NATURAL POLAND - Hurtowy Dystrybutor Surowc\u00f3w\" \/>\n<meta property=\"og:description\" content=\"Kalahari kavunu \u00e7ekirde\u011fi ya\u011f\u0131, m\u00fckemmel nemlendirici ve onar\u0131c\u0131 \u00f6zelliklere sahip \u00e7ok y\u00f6nl\u00fc bir kozmetik bile\u015fenidir.\" \/>\n<meta property=\"og:url\" content=\"https:\/\/naturalpoland.com\/tr\/urunler\/kozmetik-hammaddeleri\/kozmetik-yaglari\/kalahari-kavunu-cekirdegi-yagi\/\" \/>\n<meta property=\"og:site_name\" content=\"NATURAL POLAND - Hurtowy Dystrybutor Surowc\u00f3w\" \/>\n<meta property=\"article:publisher\" content=\"https:\/\/www.facebook.com\/naturalpoland.b2b\" \/>\n<meta property=\"article:modified_time\" content=\"2026-02-04T10:57:58+00:00\" \/>\n<meta property=\"og:image\" content=\"https:\/\/naturalpoland.com\/wp-content\/uploads\/olej-z-nasion-melona-kalahari.webp\" \/>\n\t<meta property=\"og:image:width\" content=\"609\" \/>\n\t<meta property=\"og:image:height\" content=\"609\" \/>\n\t<meta property=\"og:image:type\" content=\"image\/webp\" \/>\n<script type=\"application\/ld+json\" class=\"yoast-schema-graph\">{\"@context\":\"https:\\\/\\\/schema.org\",\"@graph\":[{\"@type\":\"WebPage\",\"@id\":\"https:\\\/\\\/naturalpoland.com\\\/tr\\\/urunler\\\/kozmetik-hammaddeleri\\\/kozmetik-yaglari\\\/kalahari-kavunu-cekirdegi-yagi\\\/\",\"url\":\"https:\\\/\\\/naturalpoland.com\\\/tr\\\/urunler\\\/kozmetik-hammaddeleri\\\/kozmetik-yaglari\\\/kalahari-kavunu-cekirdegi-yagi\\\/\",\"name\":\"Kalahari Kavunu \u00c7ekirde\u011fi Ya\u011f\u0131 - NATURAL POLAND - Hurtowy Dystrybutor Surowc\u00f3w\",\"isPartOf\":{\"@id\":\"https:\\\/\\\/naturalpoland.com\\\/tr\\\/#website\"},\"primaryImageOfPage\":{\"@id\":\"https:\\\/\\\/naturalpoland.com\\\/tr\\\/urunler\\\/kozmetik-hammaddeleri\\\/kozmetik-yaglari\\\/kalahari-kavunu-cekirdegi-yagi\\\/#primaryimage\"},\"image\":{\"@id\":\"https:\\\/\\\/naturalpoland.com\\\/tr\\\/urunler\\\/kozmetik-hammaddeleri\\\/kozmetik-yaglari\\\/kalahari-kavunu-cekirdegi-yagi\\\/#primaryimage\"},\"thumbnailUrl\":\"https:\\\/\\\/naturalpoland.com\\\/wp-content\\\/uploads\\\/olej-z-nasion-melona-kalahari.webp\",\"datePublished\":\"2024-06-21T10:54:26+00:00\",\"dateModified\":\"2026-02-04T10:57:58+00:00\",\"description\":\"Kalahari kavunu \u00e7ekirde\u011fi ya\u011f\u0131, m\u00fckemmel nemlendirici ve onar\u0131c\u0131 \u00f6zelliklere sahip \u00e7ok y\u00f6nl\u00fc bir kozmetik bile\u015fenidir.\",\"breadcrumb\":{\"@id\":\"https:\\\/\\\/naturalpoland.com\\\/tr\\\/urunler\\\/kozmetik-hammaddeleri\\\/kozmetik-yaglari\\\/kalahari-kavunu-cekirdegi-yagi\\\/#breadcrumb\"},\"inLanguage\":\"tr\",\"potentialAction\":[{\"@type\":\"ReadAction\",\"target\":[\"https:\\\/\\\/naturalpoland.com\\\/tr\\\/urunler\\\/kozmetik-hammaddeleri\\\/kozmetik-yaglari\\\/kalahari-kavunu-cekirdegi-yagi\\\/\"]}]},{\"@type\":\"ImageObject\",\"inLanguage\":\"tr\",\"@id\":\"https:\\\/\\\/naturalpoland.com\\\/tr\\\/urunler\\\/kozmetik-hammaddeleri\\\/kozmetik-yaglari\\\/kalahari-kavunu-cekirdegi-yagi\\\/#primaryimage\",\"url\":\"https:\\\/\\\/naturalpoland.com\\\/wp-content\\\/uploads\\\/olej-z-nasion-melona-kalahari.webp\",\"contentUrl\":\"https:\\\/\\\/naturalpoland.com\\\/wp-content\\\/uploads\\\/olej-z-nasion-melona-kalahari.webp\",\"width\":609,\"height\":609,\"caption\":\"Kalahari Kavunu \u00c7ekirde\u011fi Ya\u011f\u0131\"},{\"@type\":\"BreadcrumbList\",\"@id\":\"https:\\\/\\\/naturalpoland.com\\\/tr\\\/urunler\\\/kozmetik-hammaddeleri\\\/kozmetik-yaglari\\\/kalahari-kavunu-cekirdegi-yagi\\\/#breadcrumb\",\"itemListElement\":[{\"@type\":\"ListItem\",\"position\":1,\"name\":\"Ana Sayfa\",\"item\":\"https:\\\/\\\/naturalpoland.com\\\/tr\\\/\"},{\"@type\":\"ListItem\",\"position\":2,\"name\":\"\u00dcr\u00fcnler\",\"item\":\"https:\\\/\\\/naturalpoland.com\\\/tr\\\/urunler\\\/\"},{\"@type\":\"ListItem\",\"position\":3,\"name\":\"Kalahari Kavunu \u00c7ekirde\u011fi Ya\u011f\u0131\"}]},{\"@type\":\"WebSite\",\"@id\":\"https:\\\/\\\/naturalpoland.com\\\/tr\\\/#website\",\"url\":\"https:\\\/\\\/naturalpoland.com\\\/tr\\\/\",\"name\":\"NATURAL POLAND - Hurtowy Dystrybutor Surowc\u00f3w\",\"description\":\"Surowce dla przemys\u0142u spo\u017cywczego, kosmetycznego i farmaceutycznego\",\"publisher\":{\"@id\":\"https:\\\/\\\/naturalpoland.com\\\/tr\\\/#organization\"},\"potentialAction\":[{\"@type\":\"SearchAction\",\"target\":{\"@type\":\"EntryPoint\",\"urlTemplate\":\"https:\\\/\\\/naturalpoland.com\\\/tr\\\/?s={search_term_string}\"},\"query-input\":{\"@type\":\"PropertyValueSpecification\",\"valueRequired\":true,\"valueName\":\"search_term_string\"}}],\"inLanguage\":\"tr\"},{\"@type\":\"Organization\",\"@id\":\"https:\\\/\\\/naturalpoland.com\\\/tr\\\/#organization\",\"name\":\"Natural Poland\",\"url\":\"https:\\\/\\\/naturalpoland.com\\\/tr\\\/\",\"logo\":{\"@type\":\"ImageObject\",\"inLanguage\":\"tr\",\"@id\":\"https:\\\/\\\/naturalpoland.com\\\/tr\\\/#\\\/schema\\\/logo\\\/image\\\/\",\"url\":\"https:\\\/\\\/naturalpoland.com\\\/wp-content\\\/uploads\\\/2021\\\/05\\\/natural-poland-icon.png\",\"contentUrl\":\"https:\\\/\\\/naturalpoland.com\\\/wp-content\\\/uploads\\\/2021\\\/05\\\/natural-poland-icon.png\",\"width\":512,\"height\":512,\"caption\":\"Natural Poland\"},\"image\":{\"@id\":\"https:\\\/\\\/naturalpoland.com\\\/tr\\\/#\\\/schema\\\/logo\\\/image\\\/\"},\"sameAs\":[\"https:\\\/\\\/www.facebook.com\\\/naturalpoland.b2b\",\"https:\\\/\\\/pl.linkedin.com\\\/company\\\/natural-poland\",\"https:\\\/\\\/www.youtube.com\\\/channel\\\/UCgeGGkvOMahZo-xu_MSEWxg\"]}]}<\/script>\n<!-- \/ Yoast SEO plugin. -->","yoast_head_json":{"title":"Kalahari Kavunu \u00c7ekirde\u011fi Ya\u011f\u0131 - NATURAL POLAND - Hurtowy Dystrybutor Surowc\u00f3w","description":"Kalahari kavunu \u00e7ekirde\u011fi ya\u011f\u0131, m\u00fckemmel nemlendirici ve onar\u0131c\u0131 \u00f6zelliklere sahip \u00e7ok y\u00f6nl\u00fc bir kozmetik bile\u015fenidir.","robots":{"index":"index","follow":"follow","max-snippet":"max-snippet:-1","max-image-preview":"max-image-preview:large","max-video-preview":"max-video-preview:-1"},"canonical":"https:\/\/naturalpoland.com\/tr\/urunler\/kozmetik-hammaddeleri\/kozmetik-yaglari\/kalahari-kavunu-cekirdegi-yagi\/","og_locale":"tr_TR","og_type":"article","og_title":"Kalahari Kavunu \u00c7ekirde\u011fi Ya\u011f\u0131 - NATURAL POLAND - Hurtowy Dystrybutor Surowc\u00f3w","og_description":"Kalahari kavunu \u00e7ekirde\u011fi ya\u011f\u0131, m\u00fckemmel nemlendirici ve onar\u0131c\u0131 \u00f6zelliklere sahip \u00e7ok y\u00f6nl\u00fc bir kozmetik bile\u015fenidir.","og_url":"https:\/\/naturalpoland.com\/tr\/urunler\/kozmetik-hammaddeleri\/kozmetik-yaglari\/kalahari-kavunu-cekirdegi-yagi\/","og_site_name":"NATURAL POLAND - Hurtowy Dystrybutor Surowc\u00f3w","article_publisher":"https:\/\/www.facebook.com\/naturalpoland.b2b","article_modified_time":"2026-02-04T10:57:58+00:00","og_image":[{"width":609,"height":609,"url":"https:\/\/naturalpoland.com\/wp-content\/uploads\/olej-z-nasion-melona-kalahari.webp","type":"image\/webp"}],"schema":{"@context":"https:\/\/schema.org","@graph":[{"@type":"WebPage","@id":"https:\/\/naturalpoland.com\/tr\/urunler\/kozmetik-hammaddeleri\/kozmetik-yaglari\/kalahari-kavunu-cekirdegi-yagi\/","url":"https:\/\/naturalpoland.com\/tr\/urunler\/kozmetik-hammaddeleri\/kozmetik-yaglari\/kalahari-kavunu-cekirdegi-yagi\/","name":"Kalahari Kavunu \u00c7ekirde\u011fi Ya\u011f\u0131 - NATURAL POLAND - Hurtowy Dystrybutor Surowc\u00f3w","isPartOf":{"@id":"https:\/\/naturalpoland.com\/tr\/#website"},"primaryImageOfPage":{"@id":"https:\/\/naturalpoland.com\/tr\/urunler\/kozmetik-hammaddeleri\/kozmetik-yaglari\/kalahari-kavunu-cekirdegi-yagi\/#primaryimage"},"image":{"@id":"https:\/\/naturalpoland.com\/tr\/urunler\/kozmetik-hammaddeleri\/kozmetik-yaglari\/kalahari-kavunu-cekirdegi-yagi\/#primaryimage"},"thumbnailUrl":"https:\/\/naturalpoland.com\/wp-content\/uploads\/olej-z-nasion-melona-kalahari.webp","datePublished":"2024-06-21T10:54:26+00:00","dateModified":"2026-02-04T10:57:58+00:00","description":"Kalahari kavunu \u00e7ekirde\u011fi ya\u011f\u0131, m\u00fckemmel nemlendirici ve onar\u0131c\u0131 \u00f6zelliklere sahip \u00e7ok y\u00f6nl\u00fc bir kozmetik bile\u015fenidir.","breadcrumb":{"@id":"https:\/\/naturalpoland.com\/tr\/urunler\/kozmetik-hammaddeleri\/kozmetik-yaglari\/kalahari-kavunu-cekirdegi-yagi\/#breadcrumb"},"inLanguage":"tr","potentialAction":[{"@type":"ReadAction","target":["https:\/\/naturalpoland.com\/tr\/urunler\/kozmetik-hammaddeleri\/kozmetik-yaglari\/kalahari-kavunu-cekirdegi-yagi\/"]}]},{"@type":"ImageObject","inLanguage":"tr","@id":"https:\/\/naturalpoland.com\/tr\/urunler\/kozmetik-hammaddeleri\/kozmetik-yaglari\/kalahari-kavunu-cekirdegi-yagi\/#primaryimage","url":"https:\/\/naturalpoland.com\/wp-content\/uploads\/olej-z-nasion-melona-kalahari.webp","contentUrl":"https:\/\/naturalpoland.com\/wp-content\/uploads\/olej-z-nasion-melona-kalahari.webp","width":609,"height":609,"caption":"Kalahari Kavunu \u00c7ekirde\u011fi Ya\u011f\u0131"},{"@type":"BreadcrumbList","@id":"https:\/\/naturalpoland.com\/tr\/urunler\/kozmetik-hammaddeleri\/kozmetik-yaglari\/kalahari-kavunu-cekirdegi-yagi\/#breadcrumb","itemListElement":[{"@type":"ListItem","position":1,"name":"Ana Sayfa","item":"https:\/\/naturalpoland.com\/tr\/"},{"@type":"ListItem","position":2,"name":"\u00dcr\u00fcnler","item":"https:\/\/naturalpoland.com\/tr\/urunler\/"},{"@type":"ListItem","position":3,"name":"Kalahari Kavunu \u00c7ekirde\u011fi Ya\u011f\u0131"}]},{"@type":"WebSite","@id":"https:\/\/naturalpoland.com\/tr\/#website","url":"https:\/\/naturalpoland.com\/tr\/","name":"NATURAL POLAND - Hurtowy Dystrybutor Surowc\u00f3w","description":"Surowce dla przemys\u0142u spo\u017cywczego, kosmetycznego i farmaceutycznego","publisher":{"@id":"https:\/\/naturalpoland.com\/tr\/#organization"},"potentialAction":[{"@type":"SearchAction","target":{"@type":"EntryPoint","urlTemplate":"https:\/\/naturalpoland.com\/tr\/?s={search_term_string}"},"query-input":{"@type":"PropertyValueSpecification","valueRequired":true,"valueName":"search_term_string"}}],"inLanguage":"tr"},{"@type":"Organization","@id":"https:\/\/naturalpoland.com\/tr\/#organization","name":"Natural Poland","url":"https:\/\/naturalpoland.com\/tr\/","logo":{"@type":"ImageObject","inLanguage":"tr","@id":"https:\/\/naturalpoland.com\/tr\/#\/schema\/logo\/image\/","url":"https:\/\/naturalpoland.com\/wp-content\/uploads\/2021\/05\/natural-poland-icon.png","contentUrl":"https:\/\/naturalpoland.com\/wp-content\/uploads\/2021\/05\/natural-poland-icon.png","width":512,"height":512,"caption":"Natural Poland"},"image":{"@id":"https:\/\/naturalpoland.com\/tr\/#\/schema\/logo\/image\/"},"sameAs":["https:\/\/www.facebook.com\/naturalpoland.b2b","https:\/\/pl.linkedin.com\/company\/natural-poland","https:\/\/www.youtube.com\/channel\/UCgeGGkvOMahZo-xu_MSEWxg"]}]}},"_links":{"self":[{"href":"https:\/\/naturalpoland.com\/tr\/wp-json\/wp\/v2\/product\/45426","targetHints":{"allow":["GET"]}}],"collection":[{"href":"https:\/\/naturalpoland.com\/tr\/wp-json\/wp\/v2\/product"}],"about":[{"href":"https:\/\/naturalpoland.com\/tr\/wp-json\/wp\/v2\/types\/product"}],"wp:featuredmedia":[{"embeddable":true,"href":"https:\/\/naturalpoland.com\/tr\/wp-json\/wp\/v2\/media\/45427"}],"wp:attachment":[{"href":"https:\/\/naturalpoland.com\/tr\/wp-json\/wp\/v2\/media?parent=45426"}],"wp:term":[{"taxonomy":"product_brand","embeddable":true,"href":"https:\/\/naturalpoland.com\/tr\/wp-json\/wp\/v2\/product_brand?post=45426"},{"taxonomy":"product_cat","embeddable":true,"href":"https:\/\/naturalpoland.com\/tr\/wp-json\/wp\/v2\/product_cat?post=45426"},{"taxonomy":"product_tag","embeddable":true,"href":"https:\/\/naturalpoland.com\/tr\/wp-json\/wp\/v2\/product_tag?post=45426"}],"curies":[{"name":"wp","href":"https:\/\/api.w.org\/{rel}","templated":true}]}}