{"id":45428,"date":"2024-06-07T15:05:44","date_gmt":"2024-06-07T13:05:44","guid":{"rendered":"https:\/\/naturalpoland.com\/produkty\/kategorilenmemis\/d-panthenol-%75\/"},"modified":"2026-02-04T11:58:04","modified_gmt":"2026-02-04T10:58:04","slug":"d-panthenol-%75","status":"publish","type":"product","link":"https:\/\/naturalpoland.com\/tr\/urunler\/kozmetik-hammaddeleri\/kozmetik-hammaddeleri-2\/d-panthenol-%75\/","title":{"rendered":"D-Panthenol %75"},"content":{"rendered":"<h3>D-Panthenol \u00d6zellikleri<\/h3>\n<p>Provitamin B5, <strong>higroskopik<\/strong> \u00f6zellik g\u00f6sterir \u00e7\u00fcnk\u00fc <strong>suyu \u00e7ekme ve tutma<\/strong> konusunda e\u015fsiz bir yetene\u011fe sahiptir. Bu \u00f6zellik onu m\u00fckemmel bir nemlendirici yapar ve cildin daha yumu\u015fak, esnek ve p\u00fcr\u00fczs\u00fcz olmas\u0131n\u0131 sa\u011flar.<\/p>\n<p>Bu hammadde <strong>kimyasal olarak \u00e7ok kararl\u0131d\u0131r<\/strong>. Farkl\u0131 kozmetik form\u00fclasyonlarda \u00f6zelliklerini korur, bu da onu bir\u00e7ok bak\u0131m \u00fcr\u00fcn\u00fc i\u00e7in ideal bir katk\u0131 maddesi yapar. <\/p>\n<p>Molek\u00fcler yap\u0131s\u0131 sayesinde D-Panthenol cilt ve sa\u00e7\u0131n derinliklerine kolayca n\u00fcfuz eder, bu da etkinli\u011fini art\u0131r\u0131r ve uzun s\u00fcreli sonu\u00e7lar sa\u011flar.<\/p>\n<h3>D-Panthenol Etkisi<\/h3>\n<p>D-Panthenol nemlendirici olarak \u00e7al\u0131\u015f\u0131r, cilt ve sa\u00e7a su \u00e7ekerek uygun nem seviyesini korumaya yard\u0131mc\u0131 olur. D\u00fczenli D-Panthenol kullan\u0131m\u0131 kurulu\u011fu \u00f6nler, cilt ve sa\u00e7 dokusunu iyile\u015ftirir ve sa\u011fl\u0131kl\u0131 bir parlakl\u0131k kazand\u0131r\u0131r. Ciltte D-Panthenol pantotenik aside d\u00f6n\u00fc\u015f\u00fcr ve cilt h\u00fccrelerinin yenilenmesini destekler. K\u00fc\u00e7\u00fck yaralar\u0131n, \u00e7iziklerin ve tahri\u015f b\u00f6lgelerinin iyile\u015fmesini h\u0131zland\u0131r\u0131r, bu da onu yat\u0131\u015ft\u0131r\u0131c\u0131 ve onar\u0131c\u0131 \u00fcr\u00fcnlerde vazge\u00e7ilmez bir bile\u015fen yapar.   <\/p>\n<p>D-Panthenol ayr\u0131ca yat\u0131\u015ft\u0131r\u0131c\u0131 ve sakinle\u015ftirici etkiye sahiptir. Hassas, tahri\u015f olmu\u015f ve alerjiye e\u011filimli ciltler i\u00e7in tasarlanm\u0131\u015f \u00fcr\u00fcnlerde kullan\u0131l\u0131r. K\u0131zar\u0131kl\u0131klar\u0131 azaltmaya yard\u0131mc\u0131 olur ve tahri\u015f durumlar\u0131nda rahatlama sa\u011flar.  <\/p>\n<p>D\u00fczenli D-Panthenol kullan\u0131m\u0131 cilt elastikiyetini \u00f6nemli \u00f6l\u00e7\u00fcde iyile\u015ftirebilir, kuruluk ve p\u00fcr\u00fczl\u00fcl\u00fck hissini azalt\u0131r. Cilt daha s\u0131k\u0131 ve hasarlara kar\u015f\u0131 dayan\u0131kl\u0131 hale gelir. <\/p>\n<p>Sa\u00e7 kozmetiklerinde D-Panthenol g\u00fc\u00e7lendirici etki g\u00f6sterir, sa\u00e7 yap\u0131s\u0131n\u0131 iyile\u015ftirir, elastikiyetini art\u0131r\u0131r ve mekanik hasarlara kar\u015f\u0131 direncini g\u00fc\u00e7lendirir. Sa\u00e7lar daha parlak, g\u00fc\u00e7l\u00fc ve k\u0131r\u0131lmaya kar\u015f\u0131 dayan\u0131kl\u0131 hale gelir. <\/p>\n<h3>D-Panthenol Kullan\u0131m Alanlar\u0131<\/h3>\n<p><strong>Cilt bak\u0131m kozmetikleri<\/strong><\/p>\n<p>Kremler, balsamlar, serumlar, yat\u0131\u015ft\u0131r\u0131c\u0131 merhemler &#8211; D-Panthenol \u00e7ok y\u00f6nl\u00fc nemlendirici ve onar\u0131c\u0131 \u00f6zellikleri sayesinde t\u00fcm bu \u00fcr\u00fcnlerde etkili olan bir bile\u015fendir.<\/p>\n<p><strong>Sa\u00e7 kozmetikleri<\/strong><\/p>\n<p>\u015eampuanlar, sa\u00e7 kremleri, sa\u00e7 maskeleri &#8211; D-Panthenol sa\u00e7lar\u0131 g\u00fc\u00e7lendirir, yap\u0131s\u0131n\u0131 iyile\u015ftirir ve sa\u011fl\u0131kl\u0131 parlakl\u0131k kazand\u0131r\u0131r, bu nedenle sa\u00e7 bak\u0131m \u00fcr\u00fcnlerinde yayg\u0131n olarak kullan\u0131l\u0131r.<\/p>\n<p><strong>G\u00fcne\u015f sonras\u0131 \u00fcr\u00fcnler<\/strong><\/p>\n<p>D-Panthenol g\u00fcne\u015f yan\u0131klar\u0131n\u0131 yat\u0131\u015ft\u0131r\u0131r ve cildin yenilenmesini destekler, bu nedenle g\u00fcne\u015f sonras\u0131 \u00fcr\u00fcnlere s\u0131kl\u0131kla eklenir.<\/p>\n<p><strong>\u00c7ocuk \u00fcr\u00fcnleri<\/strong><\/p>\n<p>Pi\u015fik kremleri, yat\u0131\u015ft\u0131r\u0131c\u0131 bebek bezleri merhemler &#8211; D-Panthenol g\u00fcvenli ve etkili bir bile\u015fendir, bu da onu \u00e7ocuk \u00fcr\u00fcnlerinde kullan\u0131m i\u00e7in ideal k\u0131lar.<\/p>\n<h3>G\u00fcvenlik<\/h3>\n<p>\u00c7o\u011fu cilt ve sa\u00e7 tipi taraf\u0131ndan iyi tolere edilen bir bile\u015fendir. \u00c7ok y\u00f6nl\u00fc \u00f6zellikleri sayesinde dermatologlar ve kozmetologlar taraf\u0131ndan g\u00fcvenli ve etkili bir bile\u015fen olarak \u00f6nerilir. <\/p>\n","protected":false},"excerpt":{"rendered":"<p><strong>Provitamin B5<\/strong> olarak da bilinen <strong>D-Panthenol<\/strong>, kozmetiklerde ve cilt ile sa\u00e7 bak\u0131m \u00fcr\u00fcnlerinde yayg\u0131n olarak kullan\u0131lan temel bir bile\u015fendir. Pantotenik asidin bu kararl\u0131, alkol formu cilt ve sa\u00e7a kolayca n\u00fcfuz eder ve burada aktif forma &#8211; pantotenik aside (vitamin B5) d\u00f6n\u00fc\u015f\u00fcr. <\/p>\n<h3><\/h3>\n","protected":false},"featured_media":45429,"template":"","meta":{"_acf_changed":false},"product_brand":[],"product_cat":[9557,9542],"product_tag":[],"class_list":{"0":"post-45428","1":"product","2":"type-product","3":"status-publish","4":"has-post-thumbnail","6":"product_cat-kozmetik-hammaddeleri-2","7":"product_cat-vitaminler","8":"pa_grupa-substancji-alkoller","10":"first","11":"instock","12":"shipping-taxable","13":"product-type-simple"},"acf":[],"yoast_head":"<!-- This site is optimized with the Yoast SEO plugin v27.5 - https:\/\/yoast.com\/product\/yoast-seo-wordpress\/ -->\n<title>D-Panthenol %75 - NATURAL POLAND - Hurtowy Dystrybutor Surowc\u00f3w<\/title>\n<meta name=\"description\" content=\"D-Panthenol , modern kozmetikte nemlendirici, onar\u0131c\u0131 ve yat\u0131\u015ft\u0131r\u0131c\u0131 etkisiyle vazge\u00e7ilmez bir bile\u015fendir.\" \/>\n<meta name=\"robots\" content=\"index, follow, max-snippet:-1, max-image-preview:large, max-video-preview:-1\" \/>\n<link rel=\"canonical\" href=\"https:\/\/naturalpoland.com\/tr\/urunler\/kozmetik-hammaddeleri\/kozmetik-hammaddeleri-2\/d-panthenol-%75\/\" \/>\n<meta property=\"og:locale\" content=\"tr_TR\" \/>\n<meta property=\"og:type\" content=\"article\" \/>\n<meta property=\"og:title\" content=\"D-Panthenol %75 - NATURAL POLAND - Hurtowy Dystrybutor Surowc\u00f3w\" \/>\n<meta property=\"og:description\" content=\"D-Panthenol , modern kozmetikte nemlendirici, onar\u0131c\u0131 ve yat\u0131\u015ft\u0131r\u0131c\u0131 etkisiyle vazge\u00e7ilmez bir bile\u015fendir.\" \/>\n<meta property=\"og:url\" content=\"https:\/\/naturalpoland.com\/tr\/urunler\/kozmetik-hammaddeleri\/kozmetik-hammaddeleri-2\/d-panthenol-%75\/\" \/>\n<meta property=\"og:site_name\" content=\"NATURAL POLAND - Hurtowy Dystrybutor Surowc\u00f3w\" \/>\n<meta property=\"article:publisher\" content=\"https:\/\/www.facebook.com\/naturalpoland.b2b\" \/>\n<meta property=\"article:modified_time\" content=\"2026-02-04T10:58:04+00:00\" \/>\n<meta property=\"og:image\" content=\"https:\/\/naturalpoland.com\/wp-content\/uploads\/dpanthenol.webp\" \/>\n\t<meta property=\"og:image:width\" content=\"607\" \/>\n\t<meta property=\"og:image:height\" content=\"607\" \/>\n\t<meta property=\"og:image:type\" content=\"image\/webp\" \/>\n<script type=\"application\/ld+json\" class=\"yoast-schema-graph\">{\"@context\":\"https:\\\/\\\/schema.org\",\"@graph\":[{\"@type\":\"WebPage\",\"@id\":\"https:\\\/\\\/naturalpoland.com\\\/tr\\\/urunler\\\/kozmetik-hammaddeleri\\\/kozmetik-hammaddeleri-2\\\/d-panthenol-%75\\\/\",\"url\":\"https:\\\/\\\/naturalpoland.com\\\/tr\\\/urunler\\\/kozmetik-hammaddeleri\\\/kozmetik-hammaddeleri-2\\\/d-panthenol-%75\\\/\",\"name\":\"D-Panthenol %75 - NATURAL POLAND - Hurtowy Dystrybutor Surowc\u00f3w\",\"isPartOf\":{\"@id\":\"https:\\\/\\\/naturalpoland.com\\\/tr\\\/#website\"},\"primaryImageOfPage\":{\"@id\":\"https:\\\/\\\/naturalpoland.com\\\/tr\\\/urunler\\\/kozmetik-hammaddeleri\\\/kozmetik-hammaddeleri-2\\\/d-panthenol-%75\\\/#primaryimage\"},\"image\":{\"@id\":\"https:\\\/\\\/naturalpoland.com\\\/tr\\\/urunler\\\/kozmetik-hammaddeleri\\\/kozmetik-hammaddeleri-2\\\/d-panthenol-%75\\\/#primaryimage\"},\"thumbnailUrl\":\"https:\\\/\\\/naturalpoland.com\\\/wp-content\\\/uploads\\\/dpanthenol.webp\",\"datePublished\":\"2024-06-07T13:05:44+00:00\",\"dateModified\":\"2026-02-04T10:58:04+00:00\",\"description\":\"D-Panthenol , modern kozmetikte nemlendirici, onar\u0131c\u0131 ve yat\u0131\u015ft\u0131r\u0131c\u0131 etkisiyle vazge\u00e7ilmez bir bile\u015fendir.\",\"breadcrumb\":{\"@id\":\"https:\\\/\\\/naturalpoland.com\\\/tr\\\/urunler\\\/kozmetik-hammaddeleri\\\/kozmetik-hammaddeleri-2\\\/d-panthenol-%75\\\/#breadcrumb\"},\"inLanguage\":\"tr\",\"potentialAction\":[{\"@type\":\"ReadAction\",\"target\":[\"https:\\\/\\\/naturalpoland.com\\\/tr\\\/urunler\\\/kozmetik-hammaddeleri\\\/kozmetik-hammaddeleri-2\\\/d-panthenol-%75\\\/\"]}]},{\"@type\":\"ImageObject\",\"inLanguage\":\"tr\",\"@id\":\"https:\\\/\\\/naturalpoland.com\\\/tr\\\/urunler\\\/kozmetik-hammaddeleri\\\/kozmetik-hammaddeleri-2\\\/d-panthenol-%75\\\/#primaryimage\",\"url\":\"https:\\\/\\\/naturalpoland.com\\\/wp-content\\\/uploads\\\/dpanthenol.webp\",\"contentUrl\":\"https:\\\/\\\/naturalpoland.com\\\/wp-content\\\/uploads\\\/dpanthenol.webp\",\"width\":607,\"height\":607,\"caption\":\"d-panthenol\"},{\"@type\":\"BreadcrumbList\",\"@id\":\"https:\\\/\\\/naturalpoland.com\\\/tr\\\/urunler\\\/kozmetik-hammaddeleri\\\/kozmetik-hammaddeleri-2\\\/d-panthenol-%75\\\/#breadcrumb\",\"itemListElement\":[{\"@type\":\"ListItem\",\"position\":1,\"name\":\"Ana Sayfa\",\"item\":\"https:\\\/\\\/naturalpoland.com\\\/tr\\\/\"},{\"@type\":\"ListItem\",\"position\":2,\"name\":\"\u00dcr\u00fcnler\",\"item\":\"https:\\\/\\\/naturalpoland.com\\\/tr\\\/urunler\\\/\"},{\"@type\":\"ListItem\",\"position\":3,\"name\":\"D-Panthenol %75\"}]},{\"@type\":\"WebSite\",\"@id\":\"https:\\\/\\\/naturalpoland.com\\\/tr\\\/#website\",\"url\":\"https:\\\/\\\/naturalpoland.com\\\/tr\\\/\",\"name\":\"NATURAL POLAND - Hurtowy Dystrybutor Surowc\u00f3w\",\"description\":\"Surowce dla przemys\u0142u spo\u017cywczego, kosmetycznego i farmaceutycznego\",\"publisher\":{\"@id\":\"https:\\\/\\\/naturalpoland.com\\\/tr\\\/#organization\"},\"potentialAction\":[{\"@type\":\"SearchAction\",\"target\":{\"@type\":\"EntryPoint\",\"urlTemplate\":\"https:\\\/\\\/naturalpoland.com\\\/tr\\\/?s={search_term_string}\"},\"query-input\":{\"@type\":\"PropertyValueSpecification\",\"valueRequired\":true,\"valueName\":\"search_term_string\"}}],\"inLanguage\":\"tr\"},{\"@type\":\"Organization\",\"@id\":\"https:\\\/\\\/naturalpoland.com\\\/tr\\\/#organization\",\"name\":\"Natural Poland\",\"url\":\"https:\\\/\\\/naturalpoland.com\\\/tr\\\/\",\"logo\":{\"@type\":\"ImageObject\",\"inLanguage\":\"tr\",\"@id\":\"https:\\\/\\\/naturalpoland.com\\\/tr\\\/#\\\/schema\\\/logo\\\/image\\\/\",\"url\":\"https:\\\/\\\/naturalpoland.com\\\/wp-content\\\/uploads\\\/2021\\\/05\\\/natural-poland-icon.png\",\"contentUrl\":\"https:\\\/\\\/naturalpoland.com\\\/wp-content\\\/uploads\\\/2021\\\/05\\\/natural-poland-icon.png\",\"width\":512,\"height\":512,\"caption\":\"Natural Poland\"},\"image\":{\"@id\":\"https:\\\/\\\/naturalpoland.com\\\/tr\\\/#\\\/schema\\\/logo\\\/image\\\/\"},\"sameAs\":[\"https:\\\/\\\/www.facebook.com\\\/naturalpoland.b2b\",\"https:\\\/\\\/pl.linkedin.com\\\/company\\\/natural-poland\",\"https:\\\/\\\/www.youtube.com\\\/channel\\\/UCgeGGkvOMahZo-xu_MSEWxg\"]}]}<\/script>\n<!-- \/ Yoast SEO plugin. -->","yoast_head_json":{"title":"D-Panthenol %75 - NATURAL POLAND - Hurtowy Dystrybutor Surowc\u00f3w","description":"D-Panthenol , modern kozmetikte nemlendirici, onar\u0131c\u0131 ve yat\u0131\u015ft\u0131r\u0131c\u0131 etkisiyle vazge\u00e7ilmez bir bile\u015fendir.","robots":{"index":"index","follow":"follow","max-snippet":"max-snippet:-1","max-image-preview":"max-image-preview:large","max-video-preview":"max-video-preview:-1"},"canonical":"https:\/\/naturalpoland.com\/tr\/urunler\/kozmetik-hammaddeleri\/kozmetik-hammaddeleri-2\/d-panthenol-%75\/","og_locale":"tr_TR","og_type":"article","og_title":"D-Panthenol %75 - NATURAL POLAND - Hurtowy Dystrybutor Surowc\u00f3w","og_description":"D-Panthenol , modern kozmetikte nemlendirici, onar\u0131c\u0131 ve yat\u0131\u015ft\u0131r\u0131c\u0131 etkisiyle vazge\u00e7ilmez bir bile\u015fendir.","og_url":"https:\/\/naturalpoland.com\/tr\/urunler\/kozmetik-hammaddeleri\/kozmetik-hammaddeleri-2\/d-panthenol-%75\/","og_site_name":"NATURAL POLAND - Hurtowy Dystrybutor Surowc\u00f3w","article_publisher":"https:\/\/www.facebook.com\/naturalpoland.b2b","article_modified_time":"2026-02-04T10:58:04+00:00","og_image":[{"width":607,"height":607,"url":"https:\/\/naturalpoland.com\/wp-content\/uploads\/dpanthenol.webp","type":"image\/webp"}],"schema":{"@context":"https:\/\/schema.org","@graph":[{"@type":"WebPage","@id":"https:\/\/naturalpoland.com\/tr\/urunler\/kozmetik-hammaddeleri\/kozmetik-hammaddeleri-2\/d-panthenol-%75\/","url":"https:\/\/naturalpoland.com\/tr\/urunler\/kozmetik-hammaddeleri\/kozmetik-hammaddeleri-2\/d-panthenol-%75\/","name":"D-Panthenol %75 - NATURAL POLAND - Hurtowy Dystrybutor Surowc\u00f3w","isPartOf":{"@id":"https:\/\/naturalpoland.com\/tr\/#website"},"primaryImageOfPage":{"@id":"https:\/\/naturalpoland.com\/tr\/urunler\/kozmetik-hammaddeleri\/kozmetik-hammaddeleri-2\/d-panthenol-%75\/#primaryimage"},"image":{"@id":"https:\/\/naturalpoland.com\/tr\/urunler\/kozmetik-hammaddeleri\/kozmetik-hammaddeleri-2\/d-panthenol-%75\/#primaryimage"},"thumbnailUrl":"https:\/\/naturalpoland.com\/wp-content\/uploads\/dpanthenol.webp","datePublished":"2024-06-07T13:05:44+00:00","dateModified":"2026-02-04T10:58:04+00:00","description":"D-Panthenol , modern kozmetikte nemlendirici, onar\u0131c\u0131 ve yat\u0131\u015ft\u0131r\u0131c\u0131 etkisiyle vazge\u00e7ilmez bir bile\u015fendir.","breadcrumb":{"@id":"https:\/\/naturalpoland.com\/tr\/urunler\/kozmetik-hammaddeleri\/kozmetik-hammaddeleri-2\/d-panthenol-%75\/#breadcrumb"},"inLanguage":"tr","potentialAction":[{"@type":"ReadAction","target":["https:\/\/naturalpoland.com\/tr\/urunler\/kozmetik-hammaddeleri\/kozmetik-hammaddeleri-2\/d-panthenol-%75\/"]}]},{"@type":"ImageObject","inLanguage":"tr","@id":"https:\/\/naturalpoland.com\/tr\/urunler\/kozmetik-hammaddeleri\/kozmetik-hammaddeleri-2\/d-panthenol-%75\/#primaryimage","url":"https:\/\/naturalpoland.com\/wp-content\/uploads\/dpanthenol.webp","contentUrl":"https:\/\/naturalpoland.com\/wp-content\/uploads\/dpanthenol.webp","width":607,"height":607,"caption":"d-panthenol"},{"@type":"BreadcrumbList","@id":"https:\/\/naturalpoland.com\/tr\/urunler\/kozmetik-hammaddeleri\/kozmetik-hammaddeleri-2\/d-panthenol-%75\/#breadcrumb","itemListElement":[{"@type":"ListItem","position":1,"name":"Ana Sayfa","item":"https:\/\/naturalpoland.com\/tr\/"},{"@type":"ListItem","position":2,"name":"\u00dcr\u00fcnler","item":"https:\/\/naturalpoland.com\/tr\/urunler\/"},{"@type":"ListItem","position":3,"name":"D-Panthenol %75"}]},{"@type":"WebSite","@id":"https:\/\/naturalpoland.com\/tr\/#website","url":"https:\/\/naturalpoland.com\/tr\/","name":"NATURAL POLAND - Hurtowy Dystrybutor Surowc\u00f3w","description":"Surowce dla przemys\u0142u spo\u017cywczego, kosmetycznego i farmaceutycznego","publisher":{"@id":"https:\/\/naturalpoland.com\/tr\/#organization"},"potentialAction":[{"@type":"SearchAction","target":{"@type":"EntryPoint","urlTemplate":"https:\/\/naturalpoland.com\/tr\/?s={search_term_string}"},"query-input":{"@type":"PropertyValueSpecification","valueRequired":true,"valueName":"search_term_string"}}],"inLanguage":"tr"},{"@type":"Organization","@id":"https:\/\/naturalpoland.com\/tr\/#organization","name":"Natural Poland","url":"https:\/\/naturalpoland.com\/tr\/","logo":{"@type":"ImageObject","inLanguage":"tr","@id":"https:\/\/naturalpoland.com\/tr\/#\/schema\/logo\/image\/","url":"https:\/\/naturalpoland.com\/wp-content\/uploads\/2021\/05\/natural-poland-icon.png","contentUrl":"https:\/\/naturalpoland.com\/wp-content\/uploads\/2021\/05\/natural-poland-icon.png","width":512,"height":512,"caption":"Natural Poland"},"image":{"@id":"https:\/\/naturalpoland.com\/tr\/#\/schema\/logo\/image\/"},"sameAs":["https:\/\/www.facebook.com\/naturalpoland.b2b","https:\/\/pl.linkedin.com\/company\/natural-poland","https:\/\/www.youtube.com\/channel\/UCgeGGkvOMahZo-xu_MSEWxg"]}]}},"_links":{"self":[{"href":"https:\/\/naturalpoland.com\/tr\/wp-json\/wp\/v2\/product\/45428","targetHints":{"allow":["GET"]}}],"collection":[{"href":"https:\/\/naturalpoland.com\/tr\/wp-json\/wp\/v2\/product"}],"about":[{"href":"https:\/\/naturalpoland.com\/tr\/wp-json\/wp\/v2\/types\/product"}],"wp:featuredmedia":[{"embeddable":true,"href":"https:\/\/naturalpoland.com\/tr\/wp-json\/wp\/v2\/media\/45429"}],"wp:attachment":[{"href":"https:\/\/naturalpoland.com\/tr\/wp-json\/wp\/v2\/media?parent=45428"}],"wp:term":[{"taxonomy":"product_brand","embeddable":true,"href":"https:\/\/naturalpoland.com\/tr\/wp-json\/wp\/v2\/product_brand?post=45428"},{"taxonomy":"product_cat","embeddable":true,"href":"https:\/\/naturalpoland.com\/tr\/wp-json\/wp\/v2\/product_cat?post=45428"},{"taxonomy":"product_tag","embeddable":true,"href":"https:\/\/naturalpoland.com\/tr\/wp-json\/wp\/v2\/product_tag?post=45428"}],"curies":[{"name":"wp","href":"https:\/\/api.w.org\/{rel}","templated":true}]}}