{"id":45430,"date":"2024-04-24T16:37:54","date_gmt":"2024-04-24T14:37:54","guid":{"rendered":"https:\/\/naturalpoland.com\/produkty\/kategorilenmemis\/at-kestanesi-hidrolat\/"},"modified":"2026-02-04T11:58:19","modified_gmt":"2026-02-04T10:58:19","slug":"at-kestanesi-hidrolat","status":"publish","type":"product","link":"https:\/\/naturalpoland.com\/tr\/urunler\/kozmetik-hammaddeleri\/hidrolatlar\/at-kestanesi-hidrolat\/","title":{"rendered":"At Kestanesi Hidrolat"},"content":{"rendered":"<p>At kestanesinde bulunan <strong>eskulin<\/strong> ve <strong>essin<\/strong>, k\u0131lcal damarlar\u0131 g\u00fc\u00e7lendirme yetene\u011fi g\u00f6steren do\u011fal bile\u015fiklerdir. At kestanesi hidrolat\u0131n\u0131n d\u00fczenli kullan\u0131m\u0131, cilt y\u00fczeyindeki ince damarlar\u0131n g\u00f6r\u00fcn\u00fcm\u00fcn\u00fc belirgin \u015fekilde azaltabilir, k\u0131zar\u0131kl\u0131klar\u0131 giderebilir ve cilt tonunu iyile\u015ftirebilir. <\/p>\n<p>At kestanesi hidrolat ayr\u0131ca antiinflamatuar ve anti\u00f6dem \u00f6zelliklerine sahiptir. Bu nedenle \u00f6zellikle g\u00f6z \u00e7evresi ve bacaklardaki \u00f6demleri hafifletmeyi ama\u00e7layan \u00fcr\u00fcnlerin bile\u015feni olarak kullan\u0131lmaktad\u0131r. Profesyonel kozmetikte yat\u0131\u015ft\u0131r\u0131c\u0131 tonik, damar g\u00fc\u00e7lendirici serum ve \u015fi\u015fkinlik i\u00e7in serinletici jel bile\u015feni olarak uygulama alan\u0131 bulmaktad\u0131r.  <\/p>\n<p>At kestanesi hidrolat, terap\u00f6tik \u00f6zelliklerinin yan\u0131 s\u0131ra nazik, bitkisel aromas\u0131 sayesinde rahatlat\u0131c\u0131 deneyimler de sunar. Hafif ve ya\u011fs\u0131z k\u0131vam\u0131 g\u00fcnl\u00fck kullan\u0131m i\u00e7in idealdir, cildi yormaz ve h\u0131zla emilerek tazelik ve konfor hissi b\u0131rak\u0131r. <\/p>\n<p>Yapay koruyucu, boyar madde veya koku katk\u0131s\u0131 olmayan do\u011fal bir \u00fcr\u00fcnd\u00fcr. Tek ba\u015f\u0131na kullan\u0131labilece\u011fi gibi do\u011fal ve ekolojik kozmetik kompozisyonlar\u0131n\u0131 zenginle\u015ftiren de\u011ferli bir bile\u015fen olarak da kullan\u0131labilir. <\/p>\n","protected":false},"excerpt":{"rendered":"<p>At kestanesi hidrolat, ger\u00e7ek at kestanesi (<em>Aesculus hippocastanum<\/em>) meyvelerinden su buhar\u0131 distilasyonu i\u015flemiyle elde edilmektedir. Problemli cilt bak\u0131m\u0131nda, \u00f6rne\u011fin k\u0131lcal damarl\u0131, tahri\u015f ve \u00f6dem e\u011filimli ciltlerde de\u011fer g\u00f6rmektedir. <\/p>\n","protected":false},"featured_media":45431,"template":"","meta":{"_acf_changed":false},"product_brand":[],"product_cat":[9547],"product_tag":[],"class_list":{"0":"post-45430","1":"product","2":"type-product","3":"status-publish","4":"has-post-thumbnail","6":"product_cat-hidrolatlar","7":"pa_grupa-substancji-distilatlar","9":"first","10":"instock","11":"shipping-taxable","12":"product-type-simple"},"acf":[],"yoast_head":"<!-- This site is optimized with the Yoast SEO plugin v27.5 - https:\/\/yoast.com\/product\/yoast-seo-wordpress\/ -->\n<title>At Kestanesi Hidrolat - Hurtowy Dystrybutor<\/title>\n<meta name=\"description\" content=\"At kestanesi hidrolat, kan damarlar\u0131n\u0131n duvarlar\u0131n\u0131 g\u00fc\u00e7lendirici ve ciltteki \u00f6dem ile k\u0131zar\u0131kl\u0131klar\u0131 \u00f6nleyici \u00f6zelliklere sahiptir.\" \/>\n<meta name=\"robots\" content=\"index, follow, max-snippet:-1, max-image-preview:large, max-video-preview:-1\" \/>\n<link rel=\"canonical\" href=\"https:\/\/naturalpoland.com\/tr\/urunler\/kozmetik-hammaddeleri\/hidrolatlar\/at-kestanesi-hidrolat\/\" \/>\n<meta property=\"og:locale\" content=\"tr_TR\" \/>\n<meta property=\"og:type\" content=\"article\" \/>\n<meta property=\"og:title\" content=\"At Kestanesi Hidrolat - Hurtowy Dystrybutor\" \/>\n<meta property=\"og:description\" content=\"At kestanesi hidrolat, kan damarlar\u0131n\u0131n duvarlar\u0131n\u0131 g\u00fc\u00e7lendirici ve ciltteki \u00f6dem ile k\u0131zar\u0131kl\u0131klar\u0131 \u00f6nleyici \u00f6zelliklere sahiptir.\" \/>\n<meta property=\"og:url\" content=\"https:\/\/naturalpoland.com\/tr\/urunler\/kozmetik-hammaddeleri\/hidrolatlar\/at-kestanesi-hidrolat\/\" \/>\n<meta property=\"og:site_name\" content=\"NATURAL POLAND - Hurtowy Dystrybutor Surowc\u00f3w\" \/>\n<meta property=\"article:publisher\" content=\"https:\/\/www.facebook.com\/naturalpoland.b2b\" \/>\n<meta property=\"article:modified_time\" content=\"2026-02-04T10:58:19+00:00\" \/>\n<meta property=\"og:image\" content=\"https:\/\/naturalpoland.com\/wp-content\/uploads\/hydrolat-z-kasztanowca.webp\" \/>\n\t<meta property=\"og:image:width\" content=\"700\" \/>\n\t<meta property=\"og:image:height\" content=\"700\" \/>\n\t<meta property=\"og:image:type\" content=\"image\/webp\" \/>\n<script type=\"application\/ld+json\" class=\"yoast-schema-graph\">{\"@context\":\"https:\\\/\\\/schema.org\",\"@graph\":[{\"@type\":\"WebPage\",\"@id\":\"https:\\\/\\\/naturalpoland.com\\\/tr\\\/urunler\\\/kozmetik-hammaddeleri\\\/hidrolatlar\\\/at-kestanesi-hidrolat\\\/\",\"url\":\"https:\\\/\\\/naturalpoland.com\\\/tr\\\/urunler\\\/kozmetik-hammaddeleri\\\/hidrolatlar\\\/at-kestanesi-hidrolat\\\/\",\"name\":\"At Kestanesi Hidrolat - Hurtowy Dystrybutor\",\"isPartOf\":{\"@id\":\"https:\\\/\\\/naturalpoland.com\\\/tr\\\/#website\"},\"primaryImageOfPage\":{\"@id\":\"https:\\\/\\\/naturalpoland.com\\\/tr\\\/urunler\\\/kozmetik-hammaddeleri\\\/hidrolatlar\\\/at-kestanesi-hidrolat\\\/#primaryimage\"},\"image\":{\"@id\":\"https:\\\/\\\/naturalpoland.com\\\/tr\\\/urunler\\\/kozmetik-hammaddeleri\\\/hidrolatlar\\\/at-kestanesi-hidrolat\\\/#primaryimage\"},\"thumbnailUrl\":\"https:\\\/\\\/naturalpoland.com\\\/wp-content\\\/uploads\\\/hydrolat-z-kasztanowca.webp\",\"datePublished\":\"2024-04-24T14:37:54+00:00\",\"dateModified\":\"2026-02-04T10:58:19+00:00\",\"description\":\"At kestanesi hidrolat, kan damarlar\u0131n\u0131n duvarlar\u0131n\u0131 g\u00fc\u00e7lendirici ve ciltteki \u00f6dem ile k\u0131zar\u0131kl\u0131klar\u0131 \u00f6nleyici \u00f6zelliklere sahiptir.\",\"breadcrumb\":{\"@id\":\"https:\\\/\\\/naturalpoland.com\\\/tr\\\/urunler\\\/kozmetik-hammaddeleri\\\/hidrolatlar\\\/at-kestanesi-hidrolat\\\/#breadcrumb\"},\"inLanguage\":\"tr\",\"potentialAction\":[{\"@type\":\"ReadAction\",\"target\":[\"https:\\\/\\\/naturalpoland.com\\\/tr\\\/urunler\\\/kozmetik-hammaddeleri\\\/hidrolatlar\\\/at-kestanesi-hidrolat\\\/\"]}]},{\"@type\":\"ImageObject\",\"inLanguage\":\"tr\",\"@id\":\"https:\\\/\\\/naturalpoland.com\\\/tr\\\/urunler\\\/kozmetik-hammaddeleri\\\/hidrolatlar\\\/at-kestanesi-hidrolat\\\/#primaryimage\",\"url\":\"https:\\\/\\\/naturalpoland.com\\\/wp-content\\\/uploads\\\/hydrolat-z-kasztanowca.webp\",\"contentUrl\":\"https:\\\/\\\/naturalpoland.com\\\/wp-content\\\/uploads\\\/hydrolat-z-kasztanowca.webp\",\"width\":700,\"height\":700,\"caption\":\"at kestanesi hidrolat\"},{\"@type\":\"BreadcrumbList\",\"@id\":\"https:\\\/\\\/naturalpoland.com\\\/tr\\\/urunler\\\/kozmetik-hammaddeleri\\\/hidrolatlar\\\/at-kestanesi-hidrolat\\\/#breadcrumb\",\"itemListElement\":[{\"@type\":\"ListItem\",\"position\":1,\"name\":\"Ana Sayfa\",\"item\":\"https:\\\/\\\/naturalpoland.com\\\/tr\\\/\"},{\"@type\":\"ListItem\",\"position\":2,\"name\":\"\u00dcr\u00fcnler\",\"item\":\"https:\\\/\\\/naturalpoland.com\\\/tr\\\/urunler\\\/\"},{\"@type\":\"ListItem\",\"position\":3,\"name\":\"At Kestanesi Hidrolat\"}]},{\"@type\":\"WebSite\",\"@id\":\"https:\\\/\\\/naturalpoland.com\\\/tr\\\/#website\",\"url\":\"https:\\\/\\\/naturalpoland.com\\\/tr\\\/\",\"name\":\"NATURAL POLAND - Hurtowy Dystrybutor Surowc\u00f3w\",\"description\":\"Surowce dla przemys\u0142u spo\u017cywczego, kosmetycznego i farmaceutycznego\",\"publisher\":{\"@id\":\"https:\\\/\\\/naturalpoland.com\\\/tr\\\/#organization\"},\"potentialAction\":[{\"@type\":\"SearchAction\",\"target\":{\"@type\":\"EntryPoint\",\"urlTemplate\":\"https:\\\/\\\/naturalpoland.com\\\/tr\\\/?s={search_term_string}\"},\"query-input\":{\"@type\":\"PropertyValueSpecification\",\"valueRequired\":true,\"valueName\":\"search_term_string\"}}],\"inLanguage\":\"tr\"},{\"@type\":\"Organization\",\"@id\":\"https:\\\/\\\/naturalpoland.com\\\/tr\\\/#organization\",\"name\":\"Natural Poland\",\"url\":\"https:\\\/\\\/naturalpoland.com\\\/tr\\\/\",\"logo\":{\"@type\":\"ImageObject\",\"inLanguage\":\"tr\",\"@id\":\"https:\\\/\\\/naturalpoland.com\\\/tr\\\/#\\\/schema\\\/logo\\\/image\\\/\",\"url\":\"https:\\\/\\\/naturalpoland.com\\\/wp-content\\\/uploads\\\/2021\\\/05\\\/natural-poland-icon.png\",\"contentUrl\":\"https:\\\/\\\/naturalpoland.com\\\/wp-content\\\/uploads\\\/2021\\\/05\\\/natural-poland-icon.png\",\"width\":512,\"height\":512,\"caption\":\"Natural Poland\"},\"image\":{\"@id\":\"https:\\\/\\\/naturalpoland.com\\\/tr\\\/#\\\/schema\\\/logo\\\/image\\\/\"},\"sameAs\":[\"https:\\\/\\\/www.facebook.com\\\/naturalpoland.b2b\",\"https:\\\/\\\/pl.linkedin.com\\\/company\\\/natural-poland\",\"https:\\\/\\\/www.youtube.com\\\/channel\\\/UCgeGGkvOMahZo-xu_MSEWxg\"]}]}<\/script>\n<!-- \/ Yoast SEO plugin. -->","yoast_head_json":{"title":"At Kestanesi Hidrolat - Hurtowy Dystrybutor","description":"At kestanesi hidrolat, kan damarlar\u0131n\u0131n duvarlar\u0131n\u0131 g\u00fc\u00e7lendirici ve ciltteki \u00f6dem ile k\u0131zar\u0131kl\u0131klar\u0131 \u00f6nleyici \u00f6zelliklere sahiptir.","robots":{"index":"index","follow":"follow","max-snippet":"max-snippet:-1","max-image-preview":"max-image-preview:large","max-video-preview":"max-video-preview:-1"},"canonical":"https:\/\/naturalpoland.com\/tr\/urunler\/kozmetik-hammaddeleri\/hidrolatlar\/at-kestanesi-hidrolat\/","og_locale":"tr_TR","og_type":"article","og_title":"At Kestanesi Hidrolat - Hurtowy Dystrybutor","og_description":"At kestanesi hidrolat, kan damarlar\u0131n\u0131n duvarlar\u0131n\u0131 g\u00fc\u00e7lendirici ve ciltteki \u00f6dem ile k\u0131zar\u0131kl\u0131klar\u0131 \u00f6nleyici \u00f6zelliklere sahiptir.","og_url":"https:\/\/naturalpoland.com\/tr\/urunler\/kozmetik-hammaddeleri\/hidrolatlar\/at-kestanesi-hidrolat\/","og_site_name":"NATURAL POLAND - Hurtowy Dystrybutor Surowc\u00f3w","article_publisher":"https:\/\/www.facebook.com\/naturalpoland.b2b","article_modified_time":"2026-02-04T10:58:19+00:00","og_image":[{"width":700,"height":700,"url":"https:\/\/naturalpoland.com\/wp-content\/uploads\/hydrolat-z-kasztanowca.webp","type":"image\/webp"}],"schema":{"@context":"https:\/\/schema.org","@graph":[{"@type":"WebPage","@id":"https:\/\/naturalpoland.com\/tr\/urunler\/kozmetik-hammaddeleri\/hidrolatlar\/at-kestanesi-hidrolat\/","url":"https:\/\/naturalpoland.com\/tr\/urunler\/kozmetik-hammaddeleri\/hidrolatlar\/at-kestanesi-hidrolat\/","name":"At Kestanesi Hidrolat - Hurtowy Dystrybutor","isPartOf":{"@id":"https:\/\/naturalpoland.com\/tr\/#website"},"primaryImageOfPage":{"@id":"https:\/\/naturalpoland.com\/tr\/urunler\/kozmetik-hammaddeleri\/hidrolatlar\/at-kestanesi-hidrolat\/#primaryimage"},"image":{"@id":"https:\/\/naturalpoland.com\/tr\/urunler\/kozmetik-hammaddeleri\/hidrolatlar\/at-kestanesi-hidrolat\/#primaryimage"},"thumbnailUrl":"https:\/\/naturalpoland.com\/wp-content\/uploads\/hydrolat-z-kasztanowca.webp","datePublished":"2024-04-24T14:37:54+00:00","dateModified":"2026-02-04T10:58:19+00:00","description":"At kestanesi hidrolat, kan damarlar\u0131n\u0131n duvarlar\u0131n\u0131 g\u00fc\u00e7lendirici ve ciltteki \u00f6dem ile k\u0131zar\u0131kl\u0131klar\u0131 \u00f6nleyici \u00f6zelliklere sahiptir.","breadcrumb":{"@id":"https:\/\/naturalpoland.com\/tr\/urunler\/kozmetik-hammaddeleri\/hidrolatlar\/at-kestanesi-hidrolat\/#breadcrumb"},"inLanguage":"tr","potentialAction":[{"@type":"ReadAction","target":["https:\/\/naturalpoland.com\/tr\/urunler\/kozmetik-hammaddeleri\/hidrolatlar\/at-kestanesi-hidrolat\/"]}]},{"@type":"ImageObject","inLanguage":"tr","@id":"https:\/\/naturalpoland.com\/tr\/urunler\/kozmetik-hammaddeleri\/hidrolatlar\/at-kestanesi-hidrolat\/#primaryimage","url":"https:\/\/naturalpoland.com\/wp-content\/uploads\/hydrolat-z-kasztanowca.webp","contentUrl":"https:\/\/naturalpoland.com\/wp-content\/uploads\/hydrolat-z-kasztanowca.webp","width":700,"height":700,"caption":"at kestanesi hidrolat"},{"@type":"BreadcrumbList","@id":"https:\/\/naturalpoland.com\/tr\/urunler\/kozmetik-hammaddeleri\/hidrolatlar\/at-kestanesi-hidrolat\/#breadcrumb","itemListElement":[{"@type":"ListItem","position":1,"name":"Ana Sayfa","item":"https:\/\/naturalpoland.com\/tr\/"},{"@type":"ListItem","position":2,"name":"\u00dcr\u00fcnler","item":"https:\/\/naturalpoland.com\/tr\/urunler\/"},{"@type":"ListItem","position":3,"name":"At Kestanesi Hidrolat"}]},{"@type":"WebSite","@id":"https:\/\/naturalpoland.com\/tr\/#website","url":"https:\/\/naturalpoland.com\/tr\/","name":"NATURAL POLAND - Hurtowy Dystrybutor Surowc\u00f3w","description":"Surowce dla przemys\u0142u spo\u017cywczego, kosmetycznego i farmaceutycznego","publisher":{"@id":"https:\/\/naturalpoland.com\/tr\/#organization"},"potentialAction":[{"@type":"SearchAction","target":{"@type":"EntryPoint","urlTemplate":"https:\/\/naturalpoland.com\/tr\/?s={search_term_string}"},"query-input":{"@type":"PropertyValueSpecification","valueRequired":true,"valueName":"search_term_string"}}],"inLanguage":"tr"},{"@type":"Organization","@id":"https:\/\/naturalpoland.com\/tr\/#organization","name":"Natural Poland","url":"https:\/\/naturalpoland.com\/tr\/","logo":{"@type":"ImageObject","inLanguage":"tr","@id":"https:\/\/naturalpoland.com\/tr\/#\/schema\/logo\/image\/","url":"https:\/\/naturalpoland.com\/wp-content\/uploads\/2021\/05\/natural-poland-icon.png","contentUrl":"https:\/\/naturalpoland.com\/wp-content\/uploads\/2021\/05\/natural-poland-icon.png","width":512,"height":512,"caption":"Natural Poland"},"image":{"@id":"https:\/\/naturalpoland.com\/tr\/#\/schema\/logo\/image\/"},"sameAs":["https:\/\/www.facebook.com\/naturalpoland.b2b","https:\/\/pl.linkedin.com\/company\/natural-poland","https:\/\/www.youtube.com\/channel\/UCgeGGkvOMahZo-xu_MSEWxg"]}]}},"_links":{"self":[{"href":"https:\/\/naturalpoland.com\/tr\/wp-json\/wp\/v2\/product\/45430","targetHints":{"allow":["GET"]}}],"collection":[{"href":"https:\/\/naturalpoland.com\/tr\/wp-json\/wp\/v2\/product"}],"about":[{"href":"https:\/\/naturalpoland.com\/tr\/wp-json\/wp\/v2\/types\/product"}],"wp:featuredmedia":[{"embeddable":true,"href":"https:\/\/naturalpoland.com\/tr\/wp-json\/wp\/v2\/media\/45431"}],"wp:attachment":[{"href":"https:\/\/naturalpoland.com\/tr\/wp-json\/wp\/v2\/media?parent=45430"}],"wp:term":[{"taxonomy":"product_brand","embeddable":true,"href":"https:\/\/naturalpoland.com\/tr\/wp-json\/wp\/v2\/product_brand?post=45430"},{"taxonomy":"product_cat","embeddable":true,"href":"https:\/\/naturalpoland.com\/tr\/wp-json\/wp\/v2\/product_cat?post=45430"},{"taxonomy":"product_tag","embeddable":true,"href":"https:\/\/naturalpoland.com\/tr\/wp-json\/wp\/v2\/product_tag?post=45430"}],"curies":[{"name":"wp","href":"https:\/\/api.w.org\/{rel}","templated":true}]}}