{"id":45432,"date":"2024-04-10T14:38:24","date_gmt":"2024-04-10T12:38:24","guid":{"rendered":"https:\/\/naturalpoland.com\/produkty\/kategorilenmemis\/cin-can-cicegi-ekstrakti-pulsatilla-chinensis\/"},"modified":"2026-02-04T11:58:35","modified_gmt":"2026-02-04T10:58:35","slug":"cin-can-cicegi-ekstrakti-pulsatilla-chinensis","status":"publish","type":"product","link":"https:\/\/naturalpoland.com\/tr\/urunler\/bitkisel-ekstraktlar\/cin-can-cicegi-ekstrakti-pulsatilla-chinensis\/","title":{"rendered":"\u00c7in \u00c7an \u00c7i\u00e7e\u011fi Ekstrakt\u0131 (Pulsatilla chinensis)"},"content":{"rendered":"<p><strong>\u00d6zellikler<\/strong><\/p>\n<p>\u00c7in \u00c7an \u00c7i\u00e7e\u011fi Ekstrakt\u0131, de\u011ferli bitki bile\u015fenlerinin korunmas\u0131n\u0131 sa\u011flayan su \u00e7\u00f6z\u00fcc\u00fc kullan\u0131larak \u00fcretilmektedir. \u00dcr\u00fcn GMO, a\u011f\u0131r metaller ve mikotoksinlerden ar\u0131nd\u0131r\u0131lm\u0131\u015f olup g\u00fcvenli kullan\u0131m sa\u011flamaktad\u0131r. Ayr\u0131ca zararl\u0131 patojen i\u00e7ermemektedir.  <\/p>\n<p>\u00c7in \u00c7an \u00c7i\u00e7e\u011fi ekstrakt\u0131n\u0131n temel \u00f6zelliklerinden biri <strong>antiinflamatuar ve antibakteriyel potansiyelidir<\/strong>. Bu \u00f6zellikler sayesinde ekstrakt, \u00e7e\u015fitli enfeksiyonlarla m\u00fccadelede ve v\u00fccuttaki inflamatuar durumlar\u0131 hafifletmede do\u011fal terapilerde kullan\u0131lmaktad\u0131r. Ayr\u0131ca \u00c7in \u00c7an \u00c7i\u00e7e\u011finde bulunan aktif bile\u015fikler ba\u011f\u0131\u015f\u0131kl\u0131k sistemini destekleyerek v\u00fccudun patojenlere kar\u015f\u0131 savunma kapasitesini art\u0131rabilir.  <\/p>\n<p>Bu ekstrakt ayn\u0131 zamanda <strong>sindirim sistemini destekleyici<\/strong> etkiye sahiptir. \u00d6zellikleri sayesinde sindirim kanal\u0131n\u0131n d\u00fczenlenmesine, mide rahats\u0131zl\u0131klar\u0131n\u0131n hafifletilmesine ve genel sindirim fonksiyonlar\u0131n\u0131n iyile\u015ftirilmesine yard\u0131mc\u0131 olabilir. <\/p>\n<p><strong>Kullan\u0131m alanlar\u0131<\/strong><\/p>\n<p>\u00c7in \u00c7an \u00c7i\u00e7e\u011fi ekstrakt\u0131, sa\u011fl\u0131\u011f\u0131n korunmas\u0131nda do\u011fal destek arayan ki\u015filer i\u00e7in geni\u015f bir takviye \u00fcr\u00fcn\u00fc yelpazesinin \u00fcretiminde yerini almaktad\u0131r. \u00d6zellikle ba\u011f\u0131\u015f\u0131kl\u0131k sistemi deste\u011fi, sindirim sistemi sa\u011fl\u0131\u011f\u0131 odakl\u0131 form\u00fcllerde ve antibakteriyel ile antiinflamatuar \u00fcr\u00fcnlerin bile\u015feni olarak de\u011fer g\u00f6rmektedir. <\/p>\n<p>&nbsp;<\/p>\n","protected":false},"excerpt":{"rendered":"<p>\u00c7in \u00c7an \u00c7i\u00e7e\u011fi ekstrakt\u0131 (<em>Pulsatilla chinensis<\/em>) bu bitkinin k\u00f6kstok k\u0131sm\u0131ndan elde edilen bir hammaddedir. Ekstrakt, v\u00fccudun do\u011fal savunma mekanizmalar\u0131n\u0131 destekleme kabiliyeti ile antiinflamatuar ve antibakteriyel \u00f6zellikleri nedeniyle de\u011fer g\u00f6rmektedir. <\/p>\n","protected":false},"featured_media":45433,"template":"","meta":{"_acf_changed":false},"product_brand":[],"product_cat":[9531],"product_tag":[],"class_list":{"0":"post-45432","1":"product","2":"type-product","3":"status-publish","4":"has-post-thumbnail","6":"product_cat-bitkisel-ekstraktlar","7":"pa_certyfikaty-helal","8":"pa_certyfikaty-koser-sertifikasi","9":"pa_czesc-rosliny-rizom","11":"first","12":"instock","13":"shipping-taxable","14":"product-type-simple"},"acf":[],"yoast_head":"<!-- This site is optimized with the Yoast SEO plugin v27.5 - https:\/\/yoast.com\/product\/yoast-seo-wordpress\/ -->\n<title>\u00c7in \u00c7an \u00c7i\u00e7e\u011fi Ekstrakt\u0131 (Pulsatilla chinensis) - Hurtowy Dystrybutor<\/title>\n<meta name=\"description\" content=\"\u00c7in \u00c7an \u00c7i\u00e7e\u011fi Ekstrakt\u0131 (Pulsatilla chinensis) do\u011fal sa\u011fl\u0131k takviyesi alan\u0131nda de\u011ferli bir bile\u015fendir.\" \/>\n<meta name=\"robots\" content=\"index, follow, max-snippet:-1, max-image-preview:large, max-video-preview:-1\" \/>\n<link rel=\"canonical\" href=\"https:\/\/naturalpoland.com\/tr\/urunler\/bitkisel-ekstraktlar\/cin-can-cicegi-ekstrakti-pulsatilla-chinensis\/\" \/>\n<meta property=\"og:locale\" content=\"tr_TR\" \/>\n<meta property=\"og:type\" content=\"article\" \/>\n<meta property=\"og:title\" content=\"\u00c7in \u00c7an \u00c7i\u00e7e\u011fi Ekstrakt\u0131 (Pulsatilla chinensis) - Hurtowy Dystrybutor\" \/>\n<meta property=\"og:description\" content=\"\u00c7in \u00c7an \u00c7i\u00e7e\u011fi Ekstrakt\u0131 (Pulsatilla chinensis) do\u011fal sa\u011fl\u0131k takviyesi alan\u0131nda de\u011ferli bir bile\u015fendir.\" \/>\n<meta property=\"og:url\" content=\"https:\/\/naturalpoland.com\/tr\/urunler\/bitkisel-ekstraktlar\/cin-can-cicegi-ekstrakti-pulsatilla-chinensis\/\" \/>\n<meta property=\"og:site_name\" content=\"NATURAL POLAND - Hurtowy Dystrybutor Surowc\u00f3w\" \/>\n<meta property=\"article:publisher\" content=\"https:\/\/www.facebook.com\/naturalpoland.b2b\" \/>\n<meta property=\"article:modified_time\" content=\"2026-02-04T10:58:35+00:00\" \/>\n<meta property=\"og:image\" content=\"https:\/\/naturalpoland.com\/wp-content\/uploads\/pulsatilla_chinensis_extract.webp\" \/>\n\t<meta property=\"og:image:width\" content=\"1024\" \/>\n\t<meta property=\"og:image:height\" content=\"1024\" \/>\n\t<meta property=\"og:image:type\" content=\"image\/webp\" \/>\n<script type=\"application\/ld+json\" class=\"yoast-schema-graph\">{\"@context\":\"https:\\\/\\\/schema.org\",\"@graph\":[{\"@type\":\"WebPage\",\"@id\":\"https:\\\/\\\/naturalpoland.com\\\/tr\\\/urunler\\\/bitkisel-ekstraktlar\\\/cin-can-cicegi-ekstrakti-pulsatilla-chinensis\\\/\",\"url\":\"https:\\\/\\\/naturalpoland.com\\\/tr\\\/urunler\\\/bitkisel-ekstraktlar\\\/cin-can-cicegi-ekstrakti-pulsatilla-chinensis\\\/\",\"name\":\"\u00c7in \u00c7an \u00c7i\u00e7e\u011fi Ekstrakt\u0131 (Pulsatilla chinensis) - Hurtowy Dystrybutor\",\"isPartOf\":{\"@id\":\"https:\\\/\\\/naturalpoland.com\\\/tr\\\/#website\"},\"primaryImageOfPage\":{\"@id\":\"https:\\\/\\\/naturalpoland.com\\\/tr\\\/urunler\\\/bitkisel-ekstraktlar\\\/cin-can-cicegi-ekstrakti-pulsatilla-chinensis\\\/#primaryimage\"},\"image\":{\"@id\":\"https:\\\/\\\/naturalpoland.com\\\/tr\\\/urunler\\\/bitkisel-ekstraktlar\\\/cin-can-cicegi-ekstrakti-pulsatilla-chinensis\\\/#primaryimage\"},\"thumbnailUrl\":\"https:\\\/\\\/naturalpoland.com\\\/wp-content\\\/uploads\\\/pulsatilla_chinensis_extract.webp\",\"datePublished\":\"2024-04-10T12:38:24+00:00\",\"dateModified\":\"2026-02-04T10:58:35+00:00\",\"description\":\"\u00c7in \u00c7an \u00c7i\u00e7e\u011fi Ekstrakt\u0131 (Pulsatilla chinensis) do\u011fal sa\u011fl\u0131k takviyesi alan\u0131nda de\u011ferli bir bile\u015fendir.\",\"breadcrumb\":{\"@id\":\"https:\\\/\\\/naturalpoland.com\\\/tr\\\/urunler\\\/bitkisel-ekstraktlar\\\/cin-can-cicegi-ekstrakti-pulsatilla-chinensis\\\/#breadcrumb\"},\"inLanguage\":\"tr\",\"potentialAction\":[{\"@type\":\"ReadAction\",\"target\":[\"https:\\\/\\\/naturalpoland.com\\\/tr\\\/urunler\\\/bitkisel-ekstraktlar\\\/cin-can-cicegi-ekstrakti-pulsatilla-chinensis\\\/\"]}]},{\"@type\":\"ImageObject\",\"inLanguage\":\"tr\",\"@id\":\"https:\\\/\\\/naturalpoland.com\\\/tr\\\/urunler\\\/bitkisel-ekstraktlar\\\/cin-can-cicegi-ekstrakti-pulsatilla-chinensis\\\/#primaryimage\",\"url\":\"https:\\\/\\\/naturalpoland.com\\\/wp-content\\\/uploads\\\/pulsatilla_chinensis_extract.webp\",\"contentUrl\":\"https:\\\/\\\/naturalpoland.com\\\/wp-content\\\/uploads\\\/pulsatilla_chinensis_extract.webp\",\"width\":1024,\"height\":1024,\"caption\":\"\u00c7in \u00c7an \u00c7i\u00e7e\u011fi Ekstrakt\u0131\"},{\"@type\":\"BreadcrumbList\",\"@id\":\"https:\\\/\\\/naturalpoland.com\\\/tr\\\/urunler\\\/bitkisel-ekstraktlar\\\/cin-can-cicegi-ekstrakti-pulsatilla-chinensis\\\/#breadcrumb\",\"itemListElement\":[{\"@type\":\"ListItem\",\"position\":1,\"name\":\"Ana Sayfa\",\"item\":\"https:\\\/\\\/naturalpoland.com\\\/tr\\\/\"},{\"@type\":\"ListItem\",\"position\":2,\"name\":\"\u00dcr\u00fcnler\",\"item\":\"https:\\\/\\\/naturalpoland.com\\\/tr\\\/urunler\\\/\"},{\"@type\":\"ListItem\",\"position\":3,\"name\":\"\u00c7in \u00c7an \u00c7i\u00e7e\u011fi Ekstrakt\u0131 (Pulsatilla chinensis)\"}]},{\"@type\":\"WebSite\",\"@id\":\"https:\\\/\\\/naturalpoland.com\\\/tr\\\/#website\",\"url\":\"https:\\\/\\\/naturalpoland.com\\\/tr\\\/\",\"name\":\"NATURAL POLAND - Hurtowy Dystrybutor Surowc\u00f3w\",\"description\":\"Surowce dla przemys\u0142u spo\u017cywczego, kosmetycznego i farmaceutycznego\",\"publisher\":{\"@id\":\"https:\\\/\\\/naturalpoland.com\\\/tr\\\/#organization\"},\"potentialAction\":[{\"@type\":\"SearchAction\",\"target\":{\"@type\":\"EntryPoint\",\"urlTemplate\":\"https:\\\/\\\/naturalpoland.com\\\/tr\\\/?s={search_term_string}\"},\"query-input\":{\"@type\":\"PropertyValueSpecification\",\"valueRequired\":true,\"valueName\":\"search_term_string\"}}],\"inLanguage\":\"tr\"},{\"@type\":\"Organization\",\"@id\":\"https:\\\/\\\/naturalpoland.com\\\/tr\\\/#organization\",\"name\":\"Natural Poland\",\"url\":\"https:\\\/\\\/naturalpoland.com\\\/tr\\\/\",\"logo\":{\"@type\":\"ImageObject\",\"inLanguage\":\"tr\",\"@id\":\"https:\\\/\\\/naturalpoland.com\\\/tr\\\/#\\\/schema\\\/logo\\\/image\\\/\",\"url\":\"https:\\\/\\\/naturalpoland.com\\\/wp-content\\\/uploads\\\/2021\\\/05\\\/natural-poland-icon.png\",\"contentUrl\":\"https:\\\/\\\/naturalpoland.com\\\/wp-content\\\/uploads\\\/2021\\\/05\\\/natural-poland-icon.png\",\"width\":512,\"height\":512,\"caption\":\"Natural Poland\"},\"image\":{\"@id\":\"https:\\\/\\\/naturalpoland.com\\\/tr\\\/#\\\/schema\\\/logo\\\/image\\\/\"},\"sameAs\":[\"https:\\\/\\\/www.facebook.com\\\/naturalpoland.b2b\",\"https:\\\/\\\/pl.linkedin.com\\\/company\\\/natural-poland\",\"https:\\\/\\\/www.youtube.com\\\/channel\\\/UCgeGGkvOMahZo-xu_MSEWxg\"]}]}<\/script>\n<!-- \/ Yoast SEO plugin. -->","yoast_head_json":{"title":"\u00c7in \u00c7an \u00c7i\u00e7e\u011fi Ekstrakt\u0131 (Pulsatilla chinensis) - Hurtowy Dystrybutor","description":"\u00c7in \u00c7an \u00c7i\u00e7e\u011fi Ekstrakt\u0131 (Pulsatilla chinensis) do\u011fal sa\u011fl\u0131k takviyesi alan\u0131nda de\u011ferli bir bile\u015fendir.","robots":{"index":"index","follow":"follow","max-snippet":"max-snippet:-1","max-image-preview":"max-image-preview:large","max-video-preview":"max-video-preview:-1"},"canonical":"https:\/\/naturalpoland.com\/tr\/urunler\/bitkisel-ekstraktlar\/cin-can-cicegi-ekstrakti-pulsatilla-chinensis\/","og_locale":"tr_TR","og_type":"article","og_title":"\u00c7in \u00c7an \u00c7i\u00e7e\u011fi Ekstrakt\u0131 (Pulsatilla chinensis) - Hurtowy Dystrybutor","og_description":"\u00c7in \u00c7an \u00c7i\u00e7e\u011fi Ekstrakt\u0131 (Pulsatilla chinensis) do\u011fal sa\u011fl\u0131k takviyesi alan\u0131nda de\u011ferli bir bile\u015fendir.","og_url":"https:\/\/naturalpoland.com\/tr\/urunler\/bitkisel-ekstraktlar\/cin-can-cicegi-ekstrakti-pulsatilla-chinensis\/","og_site_name":"NATURAL POLAND - Hurtowy Dystrybutor Surowc\u00f3w","article_publisher":"https:\/\/www.facebook.com\/naturalpoland.b2b","article_modified_time":"2026-02-04T10:58:35+00:00","og_image":[{"width":1024,"height":1024,"url":"https:\/\/naturalpoland.com\/wp-content\/uploads\/pulsatilla_chinensis_extract.webp","type":"image\/webp"}],"schema":{"@context":"https:\/\/schema.org","@graph":[{"@type":"WebPage","@id":"https:\/\/naturalpoland.com\/tr\/urunler\/bitkisel-ekstraktlar\/cin-can-cicegi-ekstrakti-pulsatilla-chinensis\/","url":"https:\/\/naturalpoland.com\/tr\/urunler\/bitkisel-ekstraktlar\/cin-can-cicegi-ekstrakti-pulsatilla-chinensis\/","name":"\u00c7in \u00c7an \u00c7i\u00e7e\u011fi Ekstrakt\u0131 (Pulsatilla chinensis) - Hurtowy Dystrybutor","isPartOf":{"@id":"https:\/\/naturalpoland.com\/tr\/#website"},"primaryImageOfPage":{"@id":"https:\/\/naturalpoland.com\/tr\/urunler\/bitkisel-ekstraktlar\/cin-can-cicegi-ekstrakti-pulsatilla-chinensis\/#primaryimage"},"image":{"@id":"https:\/\/naturalpoland.com\/tr\/urunler\/bitkisel-ekstraktlar\/cin-can-cicegi-ekstrakti-pulsatilla-chinensis\/#primaryimage"},"thumbnailUrl":"https:\/\/naturalpoland.com\/wp-content\/uploads\/pulsatilla_chinensis_extract.webp","datePublished":"2024-04-10T12:38:24+00:00","dateModified":"2026-02-04T10:58:35+00:00","description":"\u00c7in \u00c7an \u00c7i\u00e7e\u011fi Ekstrakt\u0131 (Pulsatilla chinensis) do\u011fal sa\u011fl\u0131k takviyesi alan\u0131nda de\u011ferli bir bile\u015fendir.","breadcrumb":{"@id":"https:\/\/naturalpoland.com\/tr\/urunler\/bitkisel-ekstraktlar\/cin-can-cicegi-ekstrakti-pulsatilla-chinensis\/#breadcrumb"},"inLanguage":"tr","potentialAction":[{"@type":"ReadAction","target":["https:\/\/naturalpoland.com\/tr\/urunler\/bitkisel-ekstraktlar\/cin-can-cicegi-ekstrakti-pulsatilla-chinensis\/"]}]},{"@type":"ImageObject","inLanguage":"tr","@id":"https:\/\/naturalpoland.com\/tr\/urunler\/bitkisel-ekstraktlar\/cin-can-cicegi-ekstrakti-pulsatilla-chinensis\/#primaryimage","url":"https:\/\/naturalpoland.com\/wp-content\/uploads\/pulsatilla_chinensis_extract.webp","contentUrl":"https:\/\/naturalpoland.com\/wp-content\/uploads\/pulsatilla_chinensis_extract.webp","width":1024,"height":1024,"caption":"\u00c7in \u00c7an \u00c7i\u00e7e\u011fi Ekstrakt\u0131"},{"@type":"BreadcrumbList","@id":"https:\/\/naturalpoland.com\/tr\/urunler\/bitkisel-ekstraktlar\/cin-can-cicegi-ekstrakti-pulsatilla-chinensis\/#breadcrumb","itemListElement":[{"@type":"ListItem","position":1,"name":"Ana Sayfa","item":"https:\/\/naturalpoland.com\/tr\/"},{"@type":"ListItem","position":2,"name":"\u00dcr\u00fcnler","item":"https:\/\/naturalpoland.com\/tr\/urunler\/"},{"@type":"ListItem","position":3,"name":"\u00c7in \u00c7an \u00c7i\u00e7e\u011fi Ekstrakt\u0131 (Pulsatilla chinensis)"}]},{"@type":"WebSite","@id":"https:\/\/naturalpoland.com\/tr\/#website","url":"https:\/\/naturalpoland.com\/tr\/","name":"NATURAL POLAND - Hurtowy Dystrybutor Surowc\u00f3w","description":"Surowce dla przemys\u0142u spo\u017cywczego, kosmetycznego i farmaceutycznego","publisher":{"@id":"https:\/\/naturalpoland.com\/tr\/#organization"},"potentialAction":[{"@type":"SearchAction","target":{"@type":"EntryPoint","urlTemplate":"https:\/\/naturalpoland.com\/tr\/?s={search_term_string}"},"query-input":{"@type":"PropertyValueSpecification","valueRequired":true,"valueName":"search_term_string"}}],"inLanguage":"tr"},{"@type":"Organization","@id":"https:\/\/naturalpoland.com\/tr\/#organization","name":"Natural Poland","url":"https:\/\/naturalpoland.com\/tr\/","logo":{"@type":"ImageObject","inLanguage":"tr","@id":"https:\/\/naturalpoland.com\/tr\/#\/schema\/logo\/image\/","url":"https:\/\/naturalpoland.com\/wp-content\/uploads\/2021\/05\/natural-poland-icon.png","contentUrl":"https:\/\/naturalpoland.com\/wp-content\/uploads\/2021\/05\/natural-poland-icon.png","width":512,"height":512,"caption":"Natural Poland"},"image":{"@id":"https:\/\/naturalpoland.com\/tr\/#\/schema\/logo\/image\/"},"sameAs":["https:\/\/www.facebook.com\/naturalpoland.b2b","https:\/\/pl.linkedin.com\/company\/natural-poland","https:\/\/www.youtube.com\/channel\/UCgeGGkvOMahZo-xu_MSEWxg"]}]}},"_links":{"self":[{"href":"https:\/\/naturalpoland.com\/tr\/wp-json\/wp\/v2\/product\/45432","targetHints":{"allow":["GET"]}}],"collection":[{"href":"https:\/\/naturalpoland.com\/tr\/wp-json\/wp\/v2\/product"}],"about":[{"href":"https:\/\/naturalpoland.com\/tr\/wp-json\/wp\/v2\/types\/product"}],"wp:featuredmedia":[{"embeddable":true,"href":"https:\/\/naturalpoland.com\/tr\/wp-json\/wp\/v2\/media\/45433"}],"wp:attachment":[{"href":"https:\/\/naturalpoland.com\/tr\/wp-json\/wp\/v2\/media?parent=45432"}],"wp:term":[{"taxonomy":"product_brand","embeddable":true,"href":"https:\/\/naturalpoland.com\/tr\/wp-json\/wp\/v2\/product_brand?post=45432"},{"taxonomy":"product_cat","embeddable":true,"href":"https:\/\/naturalpoland.com\/tr\/wp-json\/wp\/v2\/product_cat?post=45432"},{"taxonomy":"product_tag","embeddable":true,"href":"https:\/\/naturalpoland.com\/tr\/wp-json\/wp\/v2\/product_tag?post=45432"}],"curies":[{"name":"wp","href":"https:\/\/api.w.org\/{rel}","templated":true}]}}