{"id":45434,"date":"2024-05-20T13:10:42","date_gmt":"2024-05-20T11:10:42","guid":{"rendered":"https:\/\/naturalpoland.com\/produkty\/kategorilenmemis\/bambu-hidrolati\/"},"modified":"2026-02-04T11:58:52","modified_gmt":"2026-02-04T10:58:52","slug":"bambu-hidrolati","status":"publish","type":"product","link":"https:\/\/naturalpoland.com\/tr\/urunler\/kozmetik-hammaddeleri\/hidrolatlar\/bambu-hidrolati\/","title":{"rendered":"Bambu Hidrolat\u0131"},"content":{"rendered":"<h2>\u00d6zellikler<\/h2>\n<p>Hidrolat %99,2-99,3 oran\u0131nda bambu suyundan olu\u015fur, ayr\u0131ca %0,4 sodyum benzoat, %0,2 potasyum sorbat ve %0,1-0,2 sitrik asit i\u00e7erir, bu da pH&#8217;\u0131n\u0131 4-6 seviyesinde d\u00fczenler. Karakteristik kokuya sahip \u015feffaf bir s\u0131v\u0131d\u0131r ve suda tamamen \u00e7\u00f6z\u00fcn\u00fcr. \u00dcr\u00fcn, ger\u00e7ekle\u015ftirilen mikrobiyolojik analizlerle do\u011frulanan t\u00fcm kalite standartlar\u0131na uygundur.  <\/p>\n<p>Bambu hidrolat\u0131, cildin elastikiyetini art\u0131ran ve koruyucu bariyerini g\u00fc\u00e7lendiren silika a\u00e7\u0131s\u0131ndan zengindir. Silika do\u011fal olarak kolajen \u00fcretimini destekler, bu da cildin daha s\u0131k\u0131 ve elastik olmas\u0131n\u0131 sa\u011flar. Ayr\u0131ca bambu hidrolat\u0131, cildi serbest radikallerin ve d\u0131\u015f etkenlerinin etkisinden koruyan antioksidanlar i\u00e7erir.  <\/p>\n<h2>Bambu hidrolat\u0131n\u0131n \u00f6zellikleri ve kullan\u0131m\u0131<\/h2>\n<p>Bambu hidrolat\u0131 <strong>cildi yo\u011fun \u015fekilde nemlendirir<\/strong>, bu da cildin sa\u011fl\u0131kl\u0131 g\u00f6r\u00fcn\u00fcm\u00fcn\u00fc korumak ve erken ya\u015flanmay\u0131 \u00f6nlemek i\u00e7in kritiktir. <strong>Ferahlat\u0131c\u0131 \u00f6zellikleri<\/strong> sayesinde cildi ferahlat\u0131p do\u011fal parlakl\u0131\u011f\u0131n\u0131 geri kazand\u0131ran y\u00fcz toni\u011fi olarak kullan\u0131m i\u00e7in idealdir. <\/p>\n<p>Bambu hidrolat\u0131n\u0131n d\u00fczenli kullan\u0131m\u0131 <strong>cildin p\u00fcr\u00fczs\u00fczle\u015fmesine<\/strong> yard\u0131mc\u0131 olabilir. Cilt rejenerasyonunu destekleyen silika varl\u0131\u011f\u0131 sayesinde bu hidrolat ince \u00e7izgilerin g\u00f6r\u00fcn\u00fcm\u00fcn\u00fc azaltabilir. <\/p>\n<p>Bambu hidrolat\u0131 s\u0131kl\u0131kla kozmetik form\u00fcllerinde nemlendirici ve yumu\u015fat\u0131c\u0131 bile\u015fen olarak kullan\u0131l\u0131r. Sa\u00e7lara yumu\u015fakl\u0131k ve parlakl\u0131k katan kremlerde, serumlarda, maskelerde ve sa\u00e7 bak\u0131m \u00fcr\u00fcnlerinde bulunabilir. <\/p>\n<p>Bambu hidrolat\u0131 hassas cilt dahil olmak \u00fczere t\u00fcm cilt tipleri i\u00e7in genel olarak g\u00fcvenlidir.<\/p>\n","protected":false},"excerpt":{"rendered":"<p>Bambu hidrolat\u0131 (<em>Bambusa Vulgaris Water<\/em>) bambu yapraklar\u0131n\u0131n buhar distilasyonundan elde edilir. Nemlendirici ve ferahlat\u0131c\u0131 \u00f6zelliklere sahiptir. Yumu\u015f, otumsu kokuya sahiptir  <\/p>\n","protected":false},"featured_media":45435,"template":"","meta":{"_acf_changed":false},"product_brand":[],"product_cat":[9547],"product_tag":[],"class_list":{"0":"post-45434","1":"product","2":"type-product","3":"status-publish","4":"has-post-thumbnail","6":"product_cat-hidrolatlar","7":"pa_grupa-substancji-distilatlar","9":"first","10":"instock","11":"shipping-taxable","12":"product-type-simple"},"acf":[],"yoast_head":"<!-- This site is optimized with the Yoast SEO plugin v27.5 - https:\/\/yoast.com\/product\/yoast-seo-wordpress\/ -->\n<title>Bambu Hidrolat\u0131 - NATURAL POLAND - Hurtowy Dystrybutor Surowc\u00f3w<\/title>\n<meta name=\"description\" content=\"Bambu yapraklar\u0131n\u0131n buhar distilasyonundan elde edilen bambu hidrolat\u0131, do\u011fal kozmetikte de\u011ferli bir hammaddedir. Nemlendirici ve ferahlat\u0131c\u0131 \u00f6zelliklere sahiptir\" \/>\n<meta name=\"robots\" content=\"index, follow, max-snippet:-1, max-image-preview:large, max-video-preview:-1\" \/>\n<link rel=\"canonical\" href=\"https:\/\/naturalpoland.com\/tr\/urunler\/kozmetik-hammaddeleri\/hidrolatlar\/bambu-hidrolati\/\" \/>\n<meta property=\"og:locale\" content=\"tr_TR\" \/>\n<meta property=\"og:type\" content=\"article\" \/>\n<meta property=\"og:title\" content=\"Bambu Hidrolat\u0131 - NATURAL POLAND - Hurtowy Dystrybutor Surowc\u00f3w\" \/>\n<meta property=\"og:description\" content=\"Bambu yapraklar\u0131n\u0131n buhar distilasyonundan elde edilen bambu hidrolat\u0131, do\u011fal kozmetikte de\u011ferli bir hammaddedir. Nemlendirici ve ferahlat\u0131c\u0131 \u00f6zelliklere sahiptir\" \/>\n<meta property=\"og:url\" content=\"https:\/\/naturalpoland.com\/tr\/urunler\/kozmetik-hammaddeleri\/hidrolatlar\/bambu-hidrolati\/\" \/>\n<meta property=\"og:site_name\" content=\"NATURAL POLAND - Hurtowy Dystrybutor Surowc\u00f3w\" \/>\n<meta property=\"article:publisher\" content=\"https:\/\/www.facebook.com\/naturalpoland.b2b\" \/>\n<meta property=\"article:modified_time\" content=\"2026-02-04T10:58:52+00:00\" \/>\n<meta property=\"og:image\" content=\"https:\/\/naturalpoland.com\/wp-content\/uploads\/hydrolat-bambusowy.webp\" \/>\n\t<meta property=\"og:image:width\" content=\"614\" \/>\n\t<meta property=\"og:image:height\" content=\"614\" \/>\n\t<meta property=\"og:image:type\" content=\"image\/webp\" \/>\n<script type=\"application\/ld+json\" class=\"yoast-schema-graph\">{\"@context\":\"https:\\\/\\\/schema.org\",\"@graph\":[{\"@type\":\"WebPage\",\"@id\":\"https:\\\/\\\/naturalpoland.com\\\/tr\\\/urunler\\\/kozmetik-hammaddeleri\\\/hidrolatlar\\\/bambu-hidrolati\\\/\",\"url\":\"https:\\\/\\\/naturalpoland.com\\\/tr\\\/urunler\\\/kozmetik-hammaddeleri\\\/hidrolatlar\\\/bambu-hidrolati\\\/\",\"name\":\"Bambu Hidrolat\u0131 - NATURAL POLAND - Hurtowy Dystrybutor Surowc\u00f3w\",\"isPartOf\":{\"@id\":\"https:\\\/\\\/naturalpoland.com\\\/tr\\\/#website\"},\"primaryImageOfPage\":{\"@id\":\"https:\\\/\\\/naturalpoland.com\\\/tr\\\/urunler\\\/kozmetik-hammaddeleri\\\/hidrolatlar\\\/bambu-hidrolati\\\/#primaryimage\"},\"image\":{\"@id\":\"https:\\\/\\\/naturalpoland.com\\\/tr\\\/urunler\\\/kozmetik-hammaddeleri\\\/hidrolatlar\\\/bambu-hidrolati\\\/#primaryimage\"},\"thumbnailUrl\":\"https:\\\/\\\/naturalpoland.com\\\/wp-content\\\/uploads\\\/hydrolat-bambusowy.webp\",\"datePublished\":\"2024-05-20T11:10:42+00:00\",\"dateModified\":\"2026-02-04T10:58:52+00:00\",\"description\":\"Bambu yapraklar\u0131n\u0131n buhar distilasyonundan elde edilen bambu hidrolat\u0131, do\u011fal kozmetikte de\u011ferli bir hammaddedir. Nemlendirici ve ferahlat\u0131c\u0131 \u00f6zelliklere sahiptir\",\"breadcrumb\":{\"@id\":\"https:\\\/\\\/naturalpoland.com\\\/tr\\\/urunler\\\/kozmetik-hammaddeleri\\\/hidrolatlar\\\/bambu-hidrolati\\\/#breadcrumb\"},\"inLanguage\":\"tr\",\"potentialAction\":[{\"@type\":\"ReadAction\",\"target\":[\"https:\\\/\\\/naturalpoland.com\\\/tr\\\/urunler\\\/kozmetik-hammaddeleri\\\/hidrolatlar\\\/bambu-hidrolati\\\/\"]}]},{\"@type\":\"ImageObject\",\"inLanguage\":\"tr\",\"@id\":\"https:\\\/\\\/naturalpoland.com\\\/tr\\\/urunler\\\/kozmetik-hammaddeleri\\\/hidrolatlar\\\/bambu-hidrolati\\\/#primaryimage\",\"url\":\"https:\\\/\\\/naturalpoland.com\\\/wp-content\\\/uploads\\\/hydrolat-bambusowy.webp\",\"contentUrl\":\"https:\\\/\\\/naturalpoland.com\\\/wp-content\\\/uploads\\\/hydrolat-bambusowy.webp\",\"width\":614,\"height\":614,\"caption\":\"bambu hidrolat\u0131\"},{\"@type\":\"BreadcrumbList\",\"@id\":\"https:\\\/\\\/naturalpoland.com\\\/tr\\\/urunler\\\/kozmetik-hammaddeleri\\\/hidrolatlar\\\/bambu-hidrolati\\\/#breadcrumb\",\"itemListElement\":[{\"@type\":\"ListItem\",\"position\":1,\"name\":\"Ana Sayfa\",\"item\":\"https:\\\/\\\/naturalpoland.com\\\/tr\\\/\"},{\"@type\":\"ListItem\",\"position\":2,\"name\":\"\u00dcr\u00fcnler\",\"item\":\"https:\\\/\\\/naturalpoland.com\\\/tr\\\/urunler\\\/\"},{\"@type\":\"ListItem\",\"position\":3,\"name\":\"Bambu Hidrolat\u0131\"}]},{\"@type\":\"WebSite\",\"@id\":\"https:\\\/\\\/naturalpoland.com\\\/tr\\\/#website\",\"url\":\"https:\\\/\\\/naturalpoland.com\\\/tr\\\/\",\"name\":\"NATURAL POLAND - Hurtowy Dystrybutor Surowc\u00f3w\",\"description\":\"Surowce dla przemys\u0142u spo\u017cywczego, kosmetycznego i farmaceutycznego\",\"publisher\":{\"@id\":\"https:\\\/\\\/naturalpoland.com\\\/tr\\\/#organization\"},\"potentialAction\":[{\"@type\":\"SearchAction\",\"target\":{\"@type\":\"EntryPoint\",\"urlTemplate\":\"https:\\\/\\\/naturalpoland.com\\\/tr\\\/?s={search_term_string}\"},\"query-input\":{\"@type\":\"PropertyValueSpecification\",\"valueRequired\":true,\"valueName\":\"search_term_string\"}}],\"inLanguage\":\"tr\"},{\"@type\":\"Organization\",\"@id\":\"https:\\\/\\\/naturalpoland.com\\\/tr\\\/#organization\",\"name\":\"Natural Poland\",\"url\":\"https:\\\/\\\/naturalpoland.com\\\/tr\\\/\",\"logo\":{\"@type\":\"ImageObject\",\"inLanguage\":\"tr\",\"@id\":\"https:\\\/\\\/naturalpoland.com\\\/tr\\\/#\\\/schema\\\/logo\\\/image\\\/\",\"url\":\"https:\\\/\\\/naturalpoland.com\\\/wp-content\\\/uploads\\\/2021\\\/05\\\/natural-poland-icon.png\",\"contentUrl\":\"https:\\\/\\\/naturalpoland.com\\\/wp-content\\\/uploads\\\/2021\\\/05\\\/natural-poland-icon.png\",\"width\":512,\"height\":512,\"caption\":\"Natural Poland\"},\"image\":{\"@id\":\"https:\\\/\\\/naturalpoland.com\\\/tr\\\/#\\\/schema\\\/logo\\\/image\\\/\"},\"sameAs\":[\"https:\\\/\\\/www.facebook.com\\\/naturalpoland.b2b\",\"https:\\\/\\\/pl.linkedin.com\\\/company\\\/natural-poland\",\"https:\\\/\\\/www.youtube.com\\\/channel\\\/UCgeGGkvOMahZo-xu_MSEWxg\"]}]}<\/script>\n<!-- \/ Yoast SEO plugin. -->","yoast_head_json":{"title":"Bambu Hidrolat\u0131 - NATURAL POLAND - Hurtowy Dystrybutor Surowc\u00f3w","description":"Bambu yapraklar\u0131n\u0131n buhar distilasyonundan elde edilen bambu hidrolat\u0131, do\u011fal kozmetikte de\u011ferli bir hammaddedir. Nemlendirici ve ferahlat\u0131c\u0131 \u00f6zelliklere sahiptir","robots":{"index":"index","follow":"follow","max-snippet":"max-snippet:-1","max-image-preview":"max-image-preview:large","max-video-preview":"max-video-preview:-1"},"canonical":"https:\/\/naturalpoland.com\/tr\/urunler\/kozmetik-hammaddeleri\/hidrolatlar\/bambu-hidrolati\/","og_locale":"tr_TR","og_type":"article","og_title":"Bambu Hidrolat\u0131 - NATURAL POLAND - Hurtowy Dystrybutor Surowc\u00f3w","og_description":"Bambu yapraklar\u0131n\u0131n buhar distilasyonundan elde edilen bambu hidrolat\u0131, do\u011fal kozmetikte de\u011ferli bir hammaddedir. Nemlendirici ve ferahlat\u0131c\u0131 \u00f6zelliklere sahiptir","og_url":"https:\/\/naturalpoland.com\/tr\/urunler\/kozmetik-hammaddeleri\/hidrolatlar\/bambu-hidrolati\/","og_site_name":"NATURAL POLAND - Hurtowy Dystrybutor Surowc\u00f3w","article_publisher":"https:\/\/www.facebook.com\/naturalpoland.b2b","article_modified_time":"2026-02-04T10:58:52+00:00","og_image":[{"width":614,"height":614,"url":"https:\/\/naturalpoland.com\/wp-content\/uploads\/hydrolat-bambusowy.webp","type":"image\/webp"}],"schema":{"@context":"https:\/\/schema.org","@graph":[{"@type":"WebPage","@id":"https:\/\/naturalpoland.com\/tr\/urunler\/kozmetik-hammaddeleri\/hidrolatlar\/bambu-hidrolati\/","url":"https:\/\/naturalpoland.com\/tr\/urunler\/kozmetik-hammaddeleri\/hidrolatlar\/bambu-hidrolati\/","name":"Bambu Hidrolat\u0131 - NATURAL POLAND - Hurtowy Dystrybutor Surowc\u00f3w","isPartOf":{"@id":"https:\/\/naturalpoland.com\/tr\/#website"},"primaryImageOfPage":{"@id":"https:\/\/naturalpoland.com\/tr\/urunler\/kozmetik-hammaddeleri\/hidrolatlar\/bambu-hidrolati\/#primaryimage"},"image":{"@id":"https:\/\/naturalpoland.com\/tr\/urunler\/kozmetik-hammaddeleri\/hidrolatlar\/bambu-hidrolati\/#primaryimage"},"thumbnailUrl":"https:\/\/naturalpoland.com\/wp-content\/uploads\/hydrolat-bambusowy.webp","datePublished":"2024-05-20T11:10:42+00:00","dateModified":"2026-02-04T10:58:52+00:00","description":"Bambu yapraklar\u0131n\u0131n buhar distilasyonundan elde edilen bambu hidrolat\u0131, do\u011fal kozmetikte de\u011ferli bir hammaddedir. Nemlendirici ve ferahlat\u0131c\u0131 \u00f6zelliklere sahiptir","breadcrumb":{"@id":"https:\/\/naturalpoland.com\/tr\/urunler\/kozmetik-hammaddeleri\/hidrolatlar\/bambu-hidrolati\/#breadcrumb"},"inLanguage":"tr","potentialAction":[{"@type":"ReadAction","target":["https:\/\/naturalpoland.com\/tr\/urunler\/kozmetik-hammaddeleri\/hidrolatlar\/bambu-hidrolati\/"]}]},{"@type":"ImageObject","inLanguage":"tr","@id":"https:\/\/naturalpoland.com\/tr\/urunler\/kozmetik-hammaddeleri\/hidrolatlar\/bambu-hidrolati\/#primaryimage","url":"https:\/\/naturalpoland.com\/wp-content\/uploads\/hydrolat-bambusowy.webp","contentUrl":"https:\/\/naturalpoland.com\/wp-content\/uploads\/hydrolat-bambusowy.webp","width":614,"height":614,"caption":"bambu hidrolat\u0131"},{"@type":"BreadcrumbList","@id":"https:\/\/naturalpoland.com\/tr\/urunler\/kozmetik-hammaddeleri\/hidrolatlar\/bambu-hidrolati\/#breadcrumb","itemListElement":[{"@type":"ListItem","position":1,"name":"Ana Sayfa","item":"https:\/\/naturalpoland.com\/tr\/"},{"@type":"ListItem","position":2,"name":"\u00dcr\u00fcnler","item":"https:\/\/naturalpoland.com\/tr\/urunler\/"},{"@type":"ListItem","position":3,"name":"Bambu Hidrolat\u0131"}]},{"@type":"WebSite","@id":"https:\/\/naturalpoland.com\/tr\/#website","url":"https:\/\/naturalpoland.com\/tr\/","name":"NATURAL POLAND - Hurtowy Dystrybutor Surowc\u00f3w","description":"Surowce dla przemys\u0142u spo\u017cywczego, kosmetycznego i farmaceutycznego","publisher":{"@id":"https:\/\/naturalpoland.com\/tr\/#organization"},"potentialAction":[{"@type":"SearchAction","target":{"@type":"EntryPoint","urlTemplate":"https:\/\/naturalpoland.com\/tr\/?s={search_term_string}"},"query-input":{"@type":"PropertyValueSpecification","valueRequired":true,"valueName":"search_term_string"}}],"inLanguage":"tr"},{"@type":"Organization","@id":"https:\/\/naturalpoland.com\/tr\/#organization","name":"Natural Poland","url":"https:\/\/naturalpoland.com\/tr\/","logo":{"@type":"ImageObject","inLanguage":"tr","@id":"https:\/\/naturalpoland.com\/tr\/#\/schema\/logo\/image\/","url":"https:\/\/naturalpoland.com\/wp-content\/uploads\/2021\/05\/natural-poland-icon.png","contentUrl":"https:\/\/naturalpoland.com\/wp-content\/uploads\/2021\/05\/natural-poland-icon.png","width":512,"height":512,"caption":"Natural Poland"},"image":{"@id":"https:\/\/naturalpoland.com\/tr\/#\/schema\/logo\/image\/"},"sameAs":["https:\/\/www.facebook.com\/naturalpoland.b2b","https:\/\/pl.linkedin.com\/company\/natural-poland","https:\/\/www.youtube.com\/channel\/UCgeGGkvOMahZo-xu_MSEWxg"]}]}},"_links":{"self":[{"href":"https:\/\/naturalpoland.com\/tr\/wp-json\/wp\/v2\/product\/45434","targetHints":{"allow":["GET"]}}],"collection":[{"href":"https:\/\/naturalpoland.com\/tr\/wp-json\/wp\/v2\/product"}],"about":[{"href":"https:\/\/naturalpoland.com\/tr\/wp-json\/wp\/v2\/types\/product"}],"wp:featuredmedia":[{"embeddable":true,"href":"https:\/\/naturalpoland.com\/tr\/wp-json\/wp\/v2\/media\/45435"}],"wp:attachment":[{"href":"https:\/\/naturalpoland.com\/tr\/wp-json\/wp\/v2\/media?parent=45434"}],"wp:term":[{"taxonomy":"product_brand","embeddable":true,"href":"https:\/\/naturalpoland.com\/tr\/wp-json\/wp\/v2\/product_brand?post=45434"},{"taxonomy":"product_cat","embeddable":true,"href":"https:\/\/naturalpoland.com\/tr\/wp-json\/wp\/v2\/product_cat?post=45434"},{"taxonomy":"product_tag","embeddable":true,"href":"https:\/\/naturalpoland.com\/tr\/wp-json\/wp\/v2\/product_tag?post=45434"}],"curies":[{"name":"wp","href":"https:\/\/api.w.org\/{rel}","templated":true}]}}