{"id":45436,"date":"2024-05-14T12:11:05","date_gmt":"2024-05-14T10:11:05","guid":{"rendered":"https:\/\/naturalpoland.com\/produkty\/kategorilenmemis\/a-vitamini\/"},"modified":"2026-02-04T11:58:58","modified_gmt":"2026-02-04T10:58:58","slug":"a-vitamini","status":"publish","type":"product","link":"https:\/\/naturalpoland.com\/tr\/urunler\/kozmetik-hammaddeleri\/kozmetik-hammaddeleri-2\/a-vitamini\/","title":{"rendered":"A Vitamini"},"content":{"rendered":"<p>\u00dcr\u00fcn yelpazemizde hem g\u0131da hem de kozmetik end\u00fcstrisindeki m\u00fc\u015fterilerimizin \u00f6zel ihtiya\u00e7lar\u0131na uygun farkl\u0131 A vitamini formlar\u0131 bulunmaktad\u0131r:<\/p>\n<h3>A Vitamini Asetat 2,8 MIU\/G<\/h3>\n<p>2,8 MIU\/G konsantrasyonunda asetat formundaki A vitamini son derece kararl\u0131 bir formdur. <strong>kremler<\/strong>, <strong>balsamlar<\/strong> ve <strong>besin takviyeleri<\/strong> gibi uzun s\u00fcreli dayan\u0131kl\u0131l\u0131k gerektiren \u00fcr\u00fcnlerde kullan\u0131l\u0131r. Kararl\u0131l\u0131\u011f\u0131 sayesinde cildi serbest radikallerin etkisine kar\u015f\u0131 korumada etkilidir, cilt yenilenmesini destekler ve g\u00f6r\u00fcn\u00fcm\u00fcn\u00fc iyile\u015ftirir.  <\/p>\n<h3>A Vitamini Palmitat 1,0 MIU\/G<\/h3>\n<p>Bu A vitamini formu <strong>palmitik asit ile<\/strong> birle\u015ftirilmi\u015ftir. V\u00fccut taraf\u0131ndan kolay emilim \u00f6zelli\u011fi g\u00f6sterir. 1,0 MIU\/G sunar ve g\u0131da zenginle\u015ftirme ile kozmetik \u00fcr\u00fcn bile\u015feni olarak idealdir. Cilt sa\u011fl\u0131\u011f\u0131n\u0131 destekler, elastikiyetini g\u00fc\u00e7lendirir ve ince \u00e7izgilerin g\u00f6r\u00fcn\u00fcm\u00fcn\u00fc azalt\u0131r.  <\/p>\n<h3>A Vitamini Palmitat 1,6 MIU\/G (YYYPY12)<\/h3>\n<p>1,6 MIU\/G&#8217;l\u0131k A Vitamini Palmitat \u00e7e\u015fidi bu vitaminin daha konsantre formudur. Geli\u015fmi\u015f kozmetik form\u00fcller ve takviyeler i\u00e7in tasarlanm\u0131\u015ft\u0131r. Y\u00fcksek konsantrasyon daha etkili ya\u015flanma kar\u015f\u0131t\u0131 ve antioksidan etki sa\u011flar. Premium \u00fcr\u00fcnlerde kullan\u0131l\u0131r.   <\/p>\n<h3>A Vitamini Palmitat 1,7 MIU\/G<\/h3>\n<p>\u00dcr\u00fcn yelpazemizin en g\u00fc\u00e7l\u00fc A vitamini formu 1,7 MIU\/G i\u00e7erir. UV \u0131\u015f\u0131nlar\u0131 ve \u00e7evre kirlili\u011fi gibi d\u0131\u015f etkenlerden kaynaklanan hasarlara kar\u015f\u0131 koruma ve yo\u011fun cilt yenilenmesi i\u00e7in tasarlanm\u0131\u015f y\u00fcksek kaliteli \u00fcr\u00fcnlerde kullan\u0131l\u0131r. <\/p>\n<p>&nbsp;<\/p>\n","protected":false},"excerpt":{"rendered":"<p>A vitamini e\u015fsiz besleyici ve yenileyici \u00f6zelliklere sahiptir. Bir\u00e7ok sa\u011fl\u0131k ve kozmetik \u00fcr\u00fcn\u00fcnde vazge\u00e7ilmez bir bile\u015fendir. <\/p>\n","protected":false},"featured_media":45437,"template":"","meta":{"_acf_changed":false},"product_brand":[],"product_cat":[9557,9542],"product_tag":[],"class_list":{"0":"post-45436","1":"product","2":"type-product","3":"status-publish","4":"has-post-thumbnail","6":"product_cat-kozmetik-hammaddeleri-2","7":"product_cat-vitaminler","8":"pa_grupa-substancji-retinoidler","10":"first","11":"instock","12":"shipping-taxable","13":"product-type-simple"},"acf":[],"yoast_head":"<!-- This site is optimized with the Yoast SEO plugin v27.5 - https:\/\/yoast.com\/product\/yoast-seo-wordpress\/ -->\n<title>A Vitamini - Hurtowy Dystrybutor<\/title>\n<meta name=\"description\" content=\"A vitamininin g\u0131da ve kozmetik \u00fcr\u00fcnlerde kullan\u0131m\u0131 genel cilt sa\u011fl\u0131\u011f\u0131 ve g\u00f6r\u00fcn\u00fcm\u00fcn\u00fcn iyile\u015ftirilmesini garanti eder ve g\u00f6z sa\u011fl\u0131\u011f\u0131n\u0131 destekler.\" \/>\n<meta name=\"robots\" content=\"index, follow, max-snippet:-1, max-image-preview:large, max-video-preview:-1\" \/>\n<link rel=\"canonical\" href=\"https:\/\/naturalpoland.com\/tr\/urunler\/kozmetik-hammaddeleri\/kozmetik-hammaddeleri-2\/a-vitamini\/\" \/>\n<meta property=\"og:locale\" content=\"tr_TR\" \/>\n<meta property=\"og:type\" content=\"article\" \/>\n<meta property=\"og:title\" content=\"A Vitamini - Hurtowy Dystrybutor\" \/>\n<meta property=\"og:description\" content=\"A vitamininin g\u0131da ve kozmetik \u00fcr\u00fcnlerde kullan\u0131m\u0131 genel cilt sa\u011fl\u0131\u011f\u0131 ve g\u00f6r\u00fcn\u00fcm\u00fcn\u00fcn iyile\u015ftirilmesini garanti eder ve g\u00f6z sa\u011fl\u0131\u011f\u0131n\u0131 destekler.\" \/>\n<meta property=\"og:url\" content=\"https:\/\/naturalpoland.com\/tr\/urunler\/kozmetik-hammaddeleri\/kozmetik-hammaddeleri-2\/a-vitamini\/\" \/>\n<meta property=\"og:site_name\" content=\"NATURAL POLAND - Hurtowy Dystrybutor Surowc\u00f3w\" \/>\n<meta property=\"article:publisher\" content=\"https:\/\/www.facebook.com\/naturalpoland.b2b\" \/>\n<meta property=\"article:modified_time\" content=\"2026-02-04T10:58:58+00:00\" \/>\n<meta property=\"og:image\" content=\"https:\/\/naturalpoland.com\/wp-content\/uploads\/witamina-a.webp\" \/>\n\t<meta property=\"og:image:width\" content=\"1024\" \/>\n\t<meta property=\"og:image:height\" content=\"1024\" \/>\n\t<meta property=\"og:image:type\" content=\"image\/webp\" \/>\n<script type=\"application\/ld+json\" class=\"yoast-schema-graph\">{\"@context\":\"https:\\\/\\\/schema.org\",\"@graph\":[{\"@type\":\"WebPage\",\"@id\":\"https:\\\/\\\/naturalpoland.com\\\/tr\\\/urunler\\\/kozmetik-hammaddeleri\\\/kozmetik-hammaddeleri-2\\\/a-vitamini\\\/\",\"url\":\"https:\\\/\\\/naturalpoland.com\\\/tr\\\/urunler\\\/kozmetik-hammaddeleri\\\/kozmetik-hammaddeleri-2\\\/a-vitamini\\\/\",\"name\":\"A Vitamini - Hurtowy Dystrybutor\",\"isPartOf\":{\"@id\":\"https:\\\/\\\/naturalpoland.com\\\/tr\\\/#website\"},\"primaryImageOfPage\":{\"@id\":\"https:\\\/\\\/naturalpoland.com\\\/tr\\\/urunler\\\/kozmetik-hammaddeleri\\\/kozmetik-hammaddeleri-2\\\/a-vitamini\\\/#primaryimage\"},\"image\":{\"@id\":\"https:\\\/\\\/naturalpoland.com\\\/tr\\\/urunler\\\/kozmetik-hammaddeleri\\\/kozmetik-hammaddeleri-2\\\/a-vitamini\\\/#primaryimage\"},\"thumbnailUrl\":\"https:\\\/\\\/naturalpoland.com\\\/wp-content\\\/uploads\\\/witamina-a.webp\",\"datePublished\":\"2024-05-14T10:11:05+00:00\",\"dateModified\":\"2026-02-04T10:58:58+00:00\",\"description\":\"A vitamininin g\u0131da ve kozmetik \u00fcr\u00fcnlerde kullan\u0131m\u0131 genel cilt sa\u011fl\u0131\u011f\u0131 ve g\u00f6r\u00fcn\u00fcm\u00fcn\u00fcn iyile\u015ftirilmesini garanti eder ve g\u00f6z sa\u011fl\u0131\u011f\u0131n\u0131 destekler.\",\"breadcrumb\":{\"@id\":\"https:\\\/\\\/naturalpoland.com\\\/tr\\\/urunler\\\/kozmetik-hammaddeleri\\\/kozmetik-hammaddeleri-2\\\/a-vitamini\\\/#breadcrumb\"},\"inLanguage\":\"tr\",\"potentialAction\":[{\"@type\":\"ReadAction\",\"target\":[\"https:\\\/\\\/naturalpoland.com\\\/tr\\\/urunler\\\/kozmetik-hammaddeleri\\\/kozmetik-hammaddeleri-2\\\/a-vitamini\\\/\"]}]},{\"@type\":\"ImageObject\",\"inLanguage\":\"tr\",\"@id\":\"https:\\\/\\\/naturalpoland.com\\\/tr\\\/urunler\\\/kozmetik-hammaddeleri\\\/kozmetik-hammaddeleri-2\\\/a-vitamini\\\/#primaryimage\",\"url\":\"https:\\\/\\\/naturalpoland.com\\\/wp-content\\\/uploads\\\/witamina-a.webp\",\"contentUrl\":\"https:\\\/\\\/naturalpoland.com\\\/wp-content\\\/uploads\\\/witamina-a.webp\",\"width\":1024,\"height\":1024,\"caption\":\"A Vitamini\"},{\"@type\":\"BreadcrumbList\",\"@id\":\"https:\\\/\\\/naturalpoland.com\\\/tr\\\/urunler\\\/kozmetik-hammaddeleri\\\/kozmetik-hammaddeleri-2\\\/a-vitamini\\\/#breadcrumb\",\"itemListElement\":[{\"@type\":\"ListItem\",\"position\":1,\"name\":\"Ana Sayfa\",\"item\":\"https:\\\/\\\/naturalpoland.com\\\/tr\\\/\"},{\"@type\":\"ListItem\",\"position\":2,\"name\":\"\u00dcr\u00fcnler\",\"item\":\"https:\\\/\\\/naturalpoland.com\\\/tr\\\/urunler\\\/\"},{\"@type\":\"ListItem\",\"position\":3,\"name\":\"A Vitamini\"}]},{\"@type\":\"WebSite\",\"@id\":\"https:\\\/\\\/naturalpoland.com\\\/tr\\\/#website\",\"url\":\"https:\\\/\\\/naturalpoland.com\\\/tr\\\/\",\"name\":\"NATURAL POLAND - Hurtowy Dystrybutor Surowc\u00f3w\",\"description\":\"Surowce dla przemys\u0142u spo\u017cywczego, kosmetycznego i farmaceutycznego\",\"publisher\":{\"@id\":\"https:\\\/\\\/naturalpoland.com\\\/tr\\\/#organization\"},\"potentialAction\":[{\"@type\":\"SearchAction\",\"target\":{\"@type\":\"EntryPoint\",\"urlTemplate\":\"https:\\\/\\\/naturalpoland.com\\\/tr\\\/?s={search_term_string}\"},\"query-input\":{\"@type\":\"PropertyValueSpecification\",\"valueRequired\":true,\"valueName\":\"search_term_string\"}}],\"inLanguage\":\"tr\"},{\"@type\":\"Organization\",\"@id\":\"https:\\\/\\\/naturalpoland.com\\\/tr\\\/#organization\",\"name\":\"Natural Poland\",\"url\":\"https:\\\/\\\/naturalpoland.com\\\/tr\\\/\",\"logo\":{\"@type\":\"ImageObject\",\"inLanguage\":\"tr\",\"@id\":\"https:\\\/\\\/naturalpoland.com\\\/tr\\\/#\\\/schema\\\/logo\\\/image\\\/\",\"url\":\"https:\\\/\\\/naturalpoland.com\\\/wp-content\\\/uploads\\\/2021\\\/05\\\/natural-poland-icon.png\",\"contentUrl\":\"https:\\\/\\\/naturalpoland.com\\\/wp-content\\\/uploads\\\/2021\\\/05\\\/natural-poland-icon.png\",\"width\":512,\"height\":512,\"caption\":\"Natural Poland\"},\"image\":{\"@id\":\"https:\\\/\\\/naturalpoland.com\\\/tr\\\/#\\\/schema\\\/logo\\\/image\\\/\"},\"sameAs\":[\"https:\\\/\\\/www.facebook.com\\\/naturalpoland.b2b\",\"https:\\\/\\\/pl.linkedin.com\\\/company\\\/natural-poland\",\"https:\\\/\\\/www.youtube.com\\\/channel\\\/UCgeGGkvOMahZo-xu_MSEWxg\"]}]}<\/script>\n<!-- \/ Yoast SEO plugin. -->","yoast_head_json":{"title":"A Vitamini - Hurtowy Dystrybutor","description":"A vitamininin g\u0131da ve kozmetik \u00fcr\u00fcnlerde kullan\u0131m\u0131 genel cilt sa\u011fl\u0131\u011f\u0131 ve g\u00f6r\u00fcn\u00fcm\u00fcn\u00fcn iyile\u015ftirilmesini garanti eder ve g\u00f6z sa\u011fl\u0131\u011f\u0131n\u0131 destekler.","robots":{"index":"index","follow":"follow","max-snippet":"max-snippet:-1","max-image-preview":"max-image-preview:large","max-video-preview":"max-video-preview:-1"},"canonical":"https:\/\/naturalpoland.com\/tr\/urunler\/kozmetik-hammaddeleri\/kozmetik-hammaddeleri-2\/a-vitamini\/","og_locale":"tr_TR","og_type":"article","og_title":"A Vitamini - Hurtowy Dystrybutor","og_description":"A vitamininin g\u0131da ve kozmetik \u00fcr\u00fcnlerde kullan\u0131m\u0131 genel cilt sa\u011fl\u0131\u011f\u0131 ve g\u00f6r\u00fcn\u00fcm\u00fcn\u00fcn iyile\u015ftirilmesini garanti eder ve g\u00f6z sa\u011fl\u0131\u011f\u0131n\u0131 destekler.","og_url":"https:\/\/naturalpoland.com\/tr\/urunler\/kozmetik-hammaddeleri\/kozmetik-hammaddeleri-2\/a-vitamini\/","og_site_name":"NATURAL POLAND - Hurtowy Dystrybutor Surowc\u00f3w","article_publisher":"https:\/\/www.facebook.com\/naturalpoland.b2b","article_modified_time":"2026-02-04T10:58:58+00:00","og_image":[{"width":1024,"height":1024,"url":"https:\/\/naturalpoland.com\/wp-content\/uploads\/witamina-a.webp","type":"image\/webp"}],"schema":{"@context":"https:\/\/schema.org","@graph":[{"@type":"WebPage","@id":"https:\/\/naturalpoland.com\/tr\/urunler\/kozmetik-hammaddeleri\/kozmetik-hammaddeleri-2\/a-vitamini\/","url":"https:\/\/naturalpoland.com\/tr\/urunler\/kozmetik-hammaddeleri\/kozmetik-hammaddeleri-2\/a-vitamini\/","name":"A Vitamini - Hurtowy Dystrybutor","isPartOf":{"@id":"https:\/\/naturalpoland.com\/tr\/#website"},"primaryImageOfPage":{"@id":"https:\/\/naturalpoland.com\/tr\/urunler\/kozmetik-hammaddeleri\/kozmetik-hammaddeleri-2\/a-vitamini\/#primaryimage"},"image":{"@id":"https:\/\/naturalpoland.com\/tr\/urunler\/kozmetik-hammaddeleri\/kozmetik-hammaddeleri-2\/a-vitamini\/#primaryimage"},"thumbnailUrl":"https:\/\/naturalpoland.com\/wp-content\/uploads\/witamina-a.webp","datePublished":"2024-05-14T10:11:05+00:00","dateModified":"2026-02-04T10:58:58+00:00","description":"A vitamininin g\u0131da ve kozmetik \u00fcr\u00fcnlerde kullan\u0131m\u0131 genel cilt sa\u011fl\u0131\u011f\u0131 ve g\u00f6r\u00fcn\u00fcm\u00fcn\u00fcn iyile\u015ftirilmesini garanti eder ve g\u00f6z sa\u011fl\u0131\u011f\u0131n\u0131 destekler.","breadcrumb":{"@id":"https:\/\/naturalpoland.com\/tr\/urunler\/kozmetik-hammaddeleri\/kozmetik-hammaddeleri-2\/a-vitamini\/#breadcrumb"},"inLanguage":"tr","potentialAction":[{"@type":"ReadAction","target":["https:\/\/naturalpoland.com\/tr\/urunler\/kozmetik-hammaddeleri\/kozmetik-hammaddeleri-2\/a-vitamini\/"]}]},{"@type":"ImageObject","inLanguage":"tr","@id":"https:\/\/naturalpoland.com\/tr\/urunler\/kozmetik-hammaddeleri\/kozmetik-hammaddeleri-2\/a-vitamini\/#primaryimage","url":"https:\/\/naturalpoland.com\/wp-content\/uploads\/witamina-a.webp","contentUrl":"https:\/\/naturalpoland.com\/wp-content\/uploads\/witamina-a.webp","width":1024,"height":1024,"caption":"A Vitamini"},{"@type":"BreadcrumbList","@id":"https:\/\/naturalpoland.com\/tr\/urunler\/kozmetik-hammaddeleri\/kozmetik-hammaddeleri-2\/a-vitamini\/#breadcrumb","itemListElement":[{"@type":"ListItem","position":1,"name":"Ana Sayfa","item":"https:\/\/naturalpoland.com\/tr\/"},{"@type":"ListItem","position":2,"name":"\u00dcr\u00fcnler","item":"https:\/\/naturalpoland.com\/tr\/urunler\/"},{"@type":"ListItem","position":3,"name":"A Vitamini"}]},{"@type":"WebSite","@id":"https:\/\/naturalpoland.com\/tr\/#website","url":"https:\/\/naturalpoland.com\/tr\/","name":"NATURAL POLAND - Hurtowy Dystrybutor Surowc\u00f3w","description":"Surowce dla przemys\u0142u spo\u017cywczego, kosmetycznego i farmaceutycznego","publisher":{"@id":"https:\/\/naturalpoland.com\/tr\/#organization"},"potentialAction":[{"@type":"SearchAction","target":{"@type":"EntryPoint","urlTemplate":"https:\/\/naturalpoland.com\/tr\/?s={search_term_string}"},"query-input":{"@type":"PropertyValueSpecification","valueRequired":true,"valueName":"search_term_string"}}],"inLanguage":"tr"},{"@type":"Organization","@id":"https:\/\/naturalpoland.com\/tr\/#organization","name":"Natural Poland","url":"https:\/\/naturalpoland.com\/tr\/","logo":{"@type":"ImageObject","inLanguage":"tr","@id":"https:\/\/naturalpoland.com\/tr\/#\/schema\/logo\/image\/","url":"https:\/\/naturalpoland.com\/wp-content\/uploads\/2021\/05\/natural-poland-icon.png","contentUrl":"https:\/\/naturalpoland.com\/wp-content\/uploads\/2021\/05\/natural-poland-icon.png","width":512,"height":512,"caption":"Natural Poland"},"image":{"@id":"https:\/\/naturalpoland.com\/tr\/#\/schema\/logo\/image\/"},"sameAs":["https:\/\/www.facebook.com\/naturalpoland.b2b","https:\/\/pl.linkedin.com\/company\/natural-poland","https:\/\/www.youtube.com\/channel\/UCgeGGkvOMahZo-xu_MSEWxg"]}]}},"_links":{"self":[{"href":"https:\/\/naturalpoland.com\/tr\/wp-json\/wp\/v2\/product\/45436","targetHints":{"allow":["GET"]}}],"collection":[{"href":"https:\/\/naturalpoland.com\/tr\/wp-json\/wp\/v2\/product"}],"about":[{"href":"https:\/\/naturalpoland.com\/tr\/wp-json\/wp\/v2\/types\/product"}],"wp:featuredmedia":[{"embeddable":true,"href":"https:\/\/naturalpoland.com\/tr\/wp-json\/wp\/v2\/media\/45437"}],"wp:attachment":[{"href":"https:\/\/naturalpoland.com\/tr\/wp-json\/wp\/v2\/media?parent=45436"}],"wp:term":[{"taxonomy":"product_brand","embeddable":true,"href":"https:\/\/naturalpoland.com\/tr\/wp-json\/wp\/v2\/product_brand?post=45436"},{"taxonomy":"product_cat","embeddable":true,"href":"https:\/\/naturalpoland.com\/tr\/wp-json\/wp\/v2\/product_cat?post=45436"},{"taxonomy":"product_tag","embeddable":true,"href":"https:\/\/naturalpoland.com\/tr\/wp-json\/wp\/v2\/product_tag?post=45436"}],"curies":[{"name":"wp","href":"https:\/\/api.w.org\/{rel}","templated":true}]}}