{"id":45444,"date":"2024-01-04T15:47:07","date_gmt":"2024-01-04T14:47:07","guid":{"rendered":"https:\/\/naturalpoland.com\/produkty\/kategorilenmemis\/acetyl-tetrapeptid-11\/"},"modified":"2026-02-04T13:12:55","modified_gmt":"2026-02-04T12:12:55","slug":"acetyl-tetrapeptid-11","status":"publish","type":"product","link":"https:\/\/naturalpoland.com\/tr\/urunler\/kozmetik-hammaddeleri\/peptitler\/acetyl-tetrapeptid-11\/","title":{"rendered":"Acetyl Tetrapeptid-11"},"content":{"rendered":"<p>Syndecan-1, epidermisin do\u011fru yap\u0131\u015fmas\u0131 ve yap\u0131s\u0131n\u0131n korunmas\u0131nda kilit bir elementtir ve bunun cildin sa\u011fl\u0131kl\u0131 g\u00f6r\u00fcn\u00fcm\u00fc ve elastikiyeti \u00fczerinde do\u011frudan etkisi vard\u0131r. \u00d6zellikleri sayesinde tetrapeptide-11, balsam, g\u00fcnd\u00fcz ve gece kremleri ile g\u00f6z serumu gibi ya\u015flanma kar\u015f\u0131t\u0131 ve k\u0131r\u0131\u015f\u0131kl\u0131k kar\u015f\u0131t\u0131 \u00fcr\u00fcn form\u00fcllerinde aktif olarak kullan\u0131lmaktad\u0131r. <\/p>\n<p>Etkisi Syndecan-1 \u00fcretimini uyararak epidermis h\u00fccreleri aras\u0131ndaki ba\u011flar\u0131 g\u00fc\u00e7lendirmesine dayan\u0131r ve bu da cildin s\u0131k\u0131l\u0131\u011f\u0131 ve elastikiyetinin artmas\u0131na yol a\u00e7abilir. B\u00f6ylece cilt d\u0131\u015f etkenlere kar\u015f\u0131 daha diren\u00e7li hale gelir ve ya\u015flanma s\u00fcre\u00e7lerine kar\u015f\u0131 daha az hassas olur. Tetrapeptide-11 i\u00e7eren \u00fcr\u00fcnlerin d\u00fczenli kullan\u0131m\u0131 k\u0131r\u0131\u015f\u0131kl\u0131klar\u0131n d\u00fczle\u015fmesine, cilt dokusunun iyile\u015fmesine ve nemlenmesinin artmas\u0131na katk\u0131da bulunabilir.  <\/p>\n<p>Bu \u00fcr\u00fcn d\u00fc\u015f\u00fck konsantrasyonlarda (%0,000105-0,0165) kullan\u0131lmas\u0131 \u00f6nerilir ve etkinli\u011fi laboratuvar \u00e7al\u0131\u015fmalar\u0131nda do\u011frulanm\u0131\u015ft\u0131r. Acetyl tetrapeptide-11 kullan\u0131mda g\u00fcvenlidir ve cilt taraf\u0131ndan iyi tolere edilir, bu da onu anti-aging kozmetoloji alan\u0131nda etkili ancak nazik \u00e7\u00f6z\u00fcmler arayan ki\u015filer i\u00e7in ideal bir bile\u015fen yapar. <\/p>\n","protected":false},"excerpt":{"rendered":"<p>Tetrapeptide-11 olarak da bilinen Acetyl tetrapeptide-11, ana i\u015flevi Syndecan-1 sentezini desteklemek olan geli\u015fmi\u015f bir kozmetik bile\u015fendir.<\/p>\n","protected":false},"featured_media":45445,"template":"","meta":{"_acf_changed":false},"product_brand":[],"product_cat":[9554],"product_tag":[],"class_list":{"0":"post-45444","1":"product","2":"type-product","3":"status-publish","4":"has-post-thumbnail","6":"product_cat-peptitler","7":"pa_metoda-pozyskiwania-biyolojik-fermantasyon","9":"first","10":"instock","11":"shipping-taxable","12":"product-type-simple"},"acf":[],"yoast_head":"<!-- This site is optimized with the Yoast SEO plugin v27.5 - https:\/\/yoast.com\/product\/yoast-seo-wordpress\/ -->\n<title>Acetyl Tetrapeptid-11 - Hurtowy Dystrybutor<\/title>\n<meta name=\"description\" content=\"Acetyl tetrapeptide-11, ana i\u015flevi Syndecan-1 sentezini desteklemek olan geli\u015fmi\u015f bir kozmetik bile\u015fendir.\" \/>\n<meta name=\"robots\" content=\"index, follow, max-snippet:-1, max-image-preview:large, max-video-preview:-1\" \/>\n<link rel=\"canonical\" href=\"https:\/\/naturalpoland.com\/tr\/urunler\/kozmetik-hammaddeleri\/peptitler\/acetyl-tetrapeptid-11\/\" \/>\n<meta property=\"og:locale\" content=\"tr_TR\" \/>\n<meta property=\"og:type\" content=\"article\" \/>\n<meta property=\"og:title\" content=\"Acetyl Tetrapeptid-11 - Hurtowy Dystrybutor\" \/>\n<meta property=\"og:description\" content=\"Acetyl tetrapeptide-11, ana i\u015flevi Syndecan-1 sentezini desteklemek olan geli\u015fmi\u015f bir kozmetik bile\u015fendir.\" \/>\n<meta property=\"og:url\" content=\"https:\/\/naturalpoland.com\/tr\/urunler\/kozmetik-hammaddeleri\/peptitler\/acetyl-tetrapeptid-11\/\" \/>\n<meta property=\"og:site_name\" content=\"NATURAL POLAND - Hurtowy Dystrybutor Surowc\u00f3w\" \/>\n<meta property=\"article:publisher\" content=\"https:\/\/www.facebook.com\/naturalpoland.b2b\" \/>\n<meta property=\"article:modified_time\" content=\"2026-02-04T12:12:55+00:00\" \/>\n<meta property=\"og:image\" content=\"https:\/\/naturalpoland.com\/wp-content\/uploads\/acetyl_tetrapeptide-11.webp\" \/>\n\t<meta property=\"og:image:width\" content=\"612\" \/>\n\t<meta property=\"og:image:height\" content=\"612\" \/>\n\t<meta property=\"og:image:type\" content=\"image\/webp\" \/>\n<script type=\"application\/ld+json\" class=\"yoast-schema-graph\">{\"@context\":\"https:\\\/\\\/schema.org\",\"@graph\":[{\"@type\":\"WebPage\",\"@id\":\"https:\\\/\\\/naturalpoland.com\\\/tr\\\/urunler\\\/kozmetik-hammaddeleri\\\/peptitler\\\/acetyl-tetrapeptid-11\\\/\",\"url\":\"https:\\\/\\\/naturalpoland.com\\\/tr\\\/urunler\\\/kozmetik-hammaddeleri\\\/peptitler\\\/acetyl-tetrapeptid-11\\\/\",\"name\":\"Acetyl Tetrapeptid-11 - Hurtowy Dystrybutor\",\"isPartOf\":{\"@id\":\"https:\\\/\\\/naturalpoland.com\\\/tr\\\/#website\"},\"primaryImageOfPage\":{\"@id\":\"https:\\\/\\\/naturalpoland.com\\\/tr\\\/urunler\\\/kozmetik-hammaddeleri\\\/peptitler\\\/acetyl-tetrapeptid-11\\\/#primaryimage\"},\"image\":{\"@id\":\"https:\\\/\\\/naturalpoland.com\\\/tr\\\/urunler\\\/kozmetik-hammaddeleri\\\/peptitler\\\/acetyl-tetrapeptid-11\\\/#primaryimage\"},\"thumbnailUrl\":\"https:\\\/\\\/naturalpoland.com\\\/wp-content\\\/uploads\\\/acetyl_tetrapeptide-11.webp\",\"datePublished\":\"2024-01-04T14:47:07+00:00\",\"dateModified\":\"2026-02-04T12:12:55+00:00\",\"description\":\"Acetyl tetrapeptide-11, ana i\u015flevi Syndecan-1 sentezini desteklemek olan geli\u015fmi\u015f bir kozmetik bile\u015fendir.\",\"breadcrumb\":{\"@id\":\"https:\\\/\\\/naturalpoland.com\\\/tr\\\/urunler\\\/kozmetik-hammaddeleri\\\/peptitler\\\/acetyl-tetrapeptid-11\\\/#breadcrumb\"},\"inLanguage\":\"tr\",\"potentialAction\":[{\"@type\":\"ReadAction\",\"target\":[\"https:\\\/\\\/naturalpoland.com\\\/tr\\\/urunler\\\/kozmetik-hammaddeleri\\\/peptitler\\\/acetyl-tetrapeptid-11\\\/\"]}]},{\"@type\":\"ImageObject\",\"inLanguage\":\"tr\",\"@id\":\"https:\\\/\\\/naturalpoland.com\\\/tr\\\/urunler\\\/kozmetik-hammaddeleri\\\/peptitler\\\/acetyl-tetrapeptid-11\\\/#primaryimage\",\"url\":\"https:\\\/\\\/naturalpoland.com\\\/wp-content\\\/uploads\\\/acetyl_tetrapeptide-11.webp\",\"contentUrl\":\"https:\\\/\\\/naturalpoland.com\\\/wp-content\\\/uploads\\\/acetyl_tetrapeptide-11.webp\",\"width\":612,\"height\":612,\"caption\":\"Acetyl tetrapeptide-11\"},{\"@type\":\"BreadcrumbList\",\"@id\":\"https:\\\/\\\/naturalpoland.com\\\/tr\\\/urunler\\\/kozmetik-hammaddeleri\\\/peptitler\\\/acetyl-tetrapeptid-11\\\/#breadcrumb\",\"itemListElement\":[{\"@type\":\"ListItem\",\"position\":1,\"name\":\"Ana Sayfa\",\"item\":\"https:\\\/\\\/naturalpoland.com\\\/tr\\\/\"},{\"@type\":\"ListItem\",\"position\":2,\"name\":\"\u00dcr\u00fcnler\",\"item\":\"https:\\\/\\\/naturalpoland.com\\\/tr\\\/urunler\\\/\"},{\"@type\":\"ListItem\",\"position\":3,\"name\":\"Acetyl Tetrapeptid-11\"}]},{\"@type\":\"WebSite\",\"@id\":\"https:\\\/\\\/naturalpoland.com\\\/tr\\\/#website\",\"url\":\"https:\\\/\\\/naturalpoland.com\\\/tr\\\/\",\"name\":\"NATURAL POLAND - Hurtowy Dystrybutor Surowc\u00f3w\",\"description\":\"Surowce dla przemys\u0142u spo\u017cywczego, kosmetycznego i farmaceutycznego\",\"publisher\":{\"@id\":\"https:\\\/\\\/naturalpoland.com\\\/tr\\\/#organization\"},\"potentialAction\":[{\"@type\":\"SearchAction\",\"target\":{\"@type\":\"EntryPoint\",\"urlTemplate\":\"https:\\\/\\\/naturalpoland.com\\\/tr\\\/?s={search_term_string}\"},\"query-input\":{\"@type\":\"PropertyValueSpecification\",\"valueRequired\":true,\"valueName\":\"search_term_string\"}}],\"inLanguage\":\"tr\"},{\"@type\":\"Organization\",\"@id\":\"https:\\\/\\\/naturalpoland.com\\\/tr\\\/#organization\",\"name\":\"Natural Poland\",\"url\":\"https:\\\/\\\/naturalpoland.com\\\/tr\\\/\",\"logo\":{\"@type\":\"ImageObject\",\"inLanguage\":\"tr\",\"@id\":\"https:\\\/\\\/naturalpoland.com\\\/tr\\\/#\\\/schema\\\/logo\\\/image\\\/\",\"url\":\"https:\\\/\\\/naturalpoland.com\\\/wp-content\\\/uploads\\\/2021\\\/05\\\/natural-poland-icon.png\",\"contentUrl\":\"https:\\\/\\\/naturalpoland.com\\\/wp-content\\\/uploads\\\/2021\\\/05\\\/natural-poland-icon.png\",\"width\":512,\"height\":512,\"caption\":\"Natural Poland\"},\"image\":{\"@id\":\"https:\\\/\\\/naturalpoland.com\\\/tr\\\/#\\\/schema\\\/logo\\\/image\\\/\"},\"sameAs\":[\"https:\\\/\\\/www.facebook.com\\\/naturalpoland.b2b\",\"https:\\\/\\\/pl.linkedin.com\\\/company\\\/natural-poland\",\"https:\\\/\\\/www.youtube.com\\\/channel\\\/UCgeGGkvOMahZo-xu_MSEWxg\"]}]}<\/script>\n<!-- \/ Yoast SEO plugin. -->","yoast_head_json":{"title":"Acetyl Tetrapeptid-11 - Hurtowy Dystrybutor","description":"Acetyl tetrapeptide-11, ana i\u015flevi Syndecan-1 sentezini desteklemek olan geli\u015fmi\u015f bir kozmetik bile\u015fendir.","robots":{"index":"index","follow":"follow","max-snippet":"max-snippet:-1","max-image-preview":"max-image-preview:large","max-video-preview":"max-video-preview:-1"},"canonical":"https:\/\/naturalpoland.com\/tr\/urunler\/kozmetik-hammaddeleri\/peptitler\/acetyl-tetrapeptid-11\/","og_locale":"tr_TR","og_type":"article","og_title":"Acetyl Tetrapeptid-11 - Hurtowy Dystrybutor","og_description":"Acetyl tetrapeptide-11, ana i\u015flevi Syndecan-1 sentezini desteklemek olan geli\u015fmi\u015f bir kozmetik bile\u015fendir.","og_url":"https:\/\/naturalpoland.com\/tr\/urunler\/kozmetik-hammaddeleri\/peptitler\/acetyl-tetrapeptid-11\/","og_site_name":"NATURAL POLAND - Hurtowy Dystrybutor Surowc\u00f3w","article_publisher":"https:\/\/www.facebook.com\/naturalpoland.b2b","article_modified_time":"2026-02-04T12:12:55+00:00","og_image":[{"width":612,"height":612,"url":"https:\/\/naturalpoland.com\/wp-content\/uploads\/acetyl_tetrapeptide-11.webp","type":"image\/webp"}],"schema":{"@context":"https:\/\/schema.org","@graph":[{"@type":"WebPage","@id":"https:\/\/naturalpoland.com\/tr\/urunler\/kozmetik-hammaddeleri\/peptitler\/acetyl-tetrapeptid-11\/","url":"https:\/\/naturalpoland.com\/tr\/urunler\/kozmetik-hammaddeleri\/peptitler\/acetyl-tetrapeptid-11\/","name":"Acetyl Tetrapeptid-11 - Hurtowy Dystrybutor","isPartOf":{"@id":"https:\/\/naturalpoland.com\/tr\/#website"},"primaryImageOfPage":{"@id":"https:\/\/naturalpoland.com\/tr\/urunler\/kozmetik-hammaddeleri\/peptitler\/acetyl-tetrapeptid-11\/#primaryimage"},"image":{"@id":"https:\/\/naturalpoland.com\/tr\/urunler\/kozmetik-hammaddeleri\/peptitler\/acetyl-tetrapeptid-11\/#primaryimage"},"thumbnailUrl":"https:\/\/naturalpoland.com\/wp-content\/uploads\/acetyl_tetrapeptide-11.webp","datePublished":"2024-01-04T14:47:07+00:00","dateModified":"2026-02-04T12:12:55+00:00","description":"Acetyl tetrapeptide-11, ana i\u015flevi Syndecan-1 sentezini desteklemek olan geli\u015fmi\u015f bir kozmetik bile\u015fendir.","breadcrumb":{"@id":"https:\/\/naturalpoland.com\/tr\/urunler\/kozmetik-hammaddeleri\/peptitler\/acetyl-tetrapeptid-11\/#breadcrumb"},"inLanguage":"tr","potentialAction":[{"@type":"ReadAction","target":["https:\/\/naturalpoland.com\/tr\/urunler\/kozmetik-hammaddeleri\/peptitler\/acetyl-tetrapeptid-11\/"]}]},{"@type":"ImageObject","inLanguage":"tr","@id":"https:\/\/naturalpoland.com\/tr\/urunler\/kozmetik-hammaddeleri\/peptitler\/acetyl-tetrapeptid-11\/#primaryimage","url":"https:\/\/naturalpoland.com\/wp-content\/uploads\/acetyl_tetrapeptide-11.webp","contentUrl":"https:\/\/naturalpoland.com\/wp-content\/uploads\/acetyl_tetrapeptide-11.webp","width":612,"height":612,"caption":"Acetyl tetrapeptide-11"},{"@type":"BreadcrumbList","@id":"https:\/\/naturalpoland.com\/tr\/urunler\/kozmetik-hammaddeleri\/peptitler\/acetyl-tetrapeptid-11\/#breadcrumb","itemListElement":[{"@type":"ListItem","position":1,"name":"Ana Sayfa","item":"https:\/\/naturalpoland.com\/tr\/"},{"@type":"ListItem","position":2,"name":"\u00dcr\u00fcnler","item":"https:\/\/naturalpoland.com\/tr\/urunler\/"},{"@type":"ListItem","position":3,"name":"Acetyl Tetrapeptid-11"}]},{"@type":"WebSite","@id":"https:\/\/naturalpoland.com\/tr\/#website","url":"https:\/\/naturalpoland.com\/tr\/","name":"NATURAL POLAND - Hurtowy Dystrybutor Surowc\u00f3w","description":"Surowce dla przemys\u0142u spo\u017cywczego, kosmetycznego i farmaceutycznego","publisher":{"@id":"https:\/\/naturalpoland.com\/tr\/#organization"},"potentialAction":[{"@type":"SearchAction","target":{"@type":"EntryPoint","urlTemplate":"https:\/\/naturalpoland.com\/tr\/?s={search_term_string}"},"query-input":{"@type":"PropertyValueSpecification","valueRequired":true,"valueName":"search_term_string"}}],"inLanguage":"tr"},{"@type":"Organization","@id":"https:\/\/naturalpoland.com\/tr\/#organization","name":"Natural Poland","url":"https:\/\/naturalpoland.com\/tr\/","logo":{"@type":"ImageObject","inLanguage":"tr","@id":"https:\/\/naturalpoland.com\/tr\/#\/schema\/logo\/image\/","url":"https:\/\/naturalpoland.com\/wp-content\/uploads\/2021\/05\/natural-poland-icon.png","contentUrl":"https:\/\/naturalpoland.com\/wp-content\/uploads\/2021\/05\/natural-poland-icon.png","width":512,"height":512,"caption":"Natural Poland"},"image":{"@id":"https:\/\/naturalpoland.com\/tr\/#\/schema\/logo\/image\/"},"sameAs":["https:\/\/www.facebook.com\/naturalpoland.b2b","https:\/\/pl.linkedin.com\/company\/natural-poland","https:\/\/www.youtube.com\/channel\/UCgeGGkvOMahZo-xu_MSEWxg"]}]}},"_links":{"self":[{"href":"https:\/\/naturalpoland.com\/tr\/wp-json\/wp\/v2\/product\/45444","targetHints":{"allow":["GET"]}}],"collection":[{"href":"https:\/\/naturalpoland.com\/tr\/wp-json\/wp\/v2\/product"}],"about":[{"href":"https:\/\/naturalpoland.com\/tr\/wp-json\/wp\/v2\/types\/product"}],"wp:featuredmedia":[{"embeddable":true,"href":"https:\/\/naturalpoland.com\/tr\/wp-json\/wp\/v2\/media\/45445"}],"wp:attachment":[{"href":"https:\/\/naturalpoland.com\/tr\/wp-json\/wp\/v2\/media?parent=45444"}],"wp:term":[{"taxonomy":"product_brand","embeddable":true,"href":"https:\/\/naturalpoland.com\/tr\/wp-json\/wp\/v2\/product_brand?post=45444"},{"taxonomy":"product_cat","embeddable":true,"href":"https:\/\/naturalpoland.com\/tr\/wp-json\/wp\/v2\/product_cat?post=45444"},{"taxonomy":"product_tag","embeddable":true,"href":"https:\/\/naturalpoland.com\/tr\/wp-json\/wp\/v2\/product_tag?post=45444"}],"curies":[{"name":"wp","href":"https:\/\/api.w.org\/{rel}","templated":true}]}}