{"id":45450,"date":"2024-01-16T16:18:33","date_gmt":"2024-01-16T15:18:33","guid":{"rendered":"https:\/\/naturalpoland.com\/produkty\/kategorilenmemis\/asetil-dipeptit-1-setil-ester\/"},"modified":"2026-02-04T13:13:18","modified_gmt":"2026-02-04T12:13:18","slug":"asetil-dipeptit-1-setil-ester","status":"publish","type":"product","link":"https:\/\/naturalpoland.com\/tr\/urunler\/kozmetik-hammaddeleri\/peptitler\/asetil-dipeptit-1-setil-ester\/","title":{"rendered":"Asetil dipeptit-1 setil ester"},"content":{"rendered":"<h2>Etki mekanizmas\u0131:<\/h2>\n<p>Asetil dipeptit-1 setil ester, \u03b2-endorfin yap\u0131s\u0131n\u0131 taklit ederek stim\u00fclasyonu yat\u0131\u015ft\u0131r\u0131r ve CGPR sal\u0131n\u0131m\u0131n\u0131 inhibe eder, b\u00f6ylece enflamatuar fakt\u00f6rlerin sentezini azalt\u0131r ve enflamasyonu ile ciltteki yanma hissini hafifletir. Benzersiz lipid yap\u0131s\u0131 cilde gerekli ya\u011flar\u0131 sa\u011flar, su buharla\u015fmas\u0131n\u0131 azalt\u0131r ve cildin yumu\u015fak ve parlak olmas\u0131n\u0131 sa\u011flar. Bu peptit, cildin korneum tabakas\u0131na kolayca n\u00fcfuz edebilir ve etkili bir \u015fekilde \u00e7al\u0131\u015fmak \u00fczere derin katmanlara ula\u015fabilir.  <\/p>\n<h2>Kullan\u0131m:<\/h2>\n<p>Asetil dipeptit-1 setil ester, serum, g\u00f6z kremi, y\u00fcz maskesi ve nemlendirici kremler dahil olmak \u00fczere kozmetik \u00fcr\u00fcnlerde geni\u015f uygulama alan\u0131 bulur. <strong>Etkisi enflamasyona kar\u015f\u0131 koruma, anti-alerjik etki, tahri\u015f yat\u0131\u015ft\u0131rma, cilt rejenerasyonu ve genel cilt kondisyonunun iyile\u015ftirilmesini kapsar.<\/strong><\/p>\n<p>Kozmetik \u00fcr\u00fcnlerde \u00f6nerilen konsantrasyon %0,01 ile %0,025 aras\u0131ndad\u0131r. Bu bile\u015fen \u00f6zellikle hassas, tahri\u015f olmu\u015f ve yo\u011fun rejenerasyon ile nemlendirme gerektiren cilt bak\u0131m\u0131 \u00fcr\u00fcnleri i\u00e7in \u00f6nerilir. <\/p>\n","protected":false},"excerpt":{"rendered":"<p>Asetil dipeptit-1 setil ester, kozmetolojide kullan\u0131lan geli\u015fmi\u015f aktif bile\u015fen olup \u2265%98 safl\u0131k seviyesinde olup biyolojik fermentasyon y\u00f6ntemiyle \u00fcretilir. Benzersiz \u00f6zellikleri sayesinde bu peptit, cilt kondisyonunun iyile\u015ftirilmesinde \u00f6nemli etkiye sahip olup bak\u0131m ve rejenerasyon alan\u0131nda \u00e7ok say\u0131da fayda sunar. <\/p>\n","protected":false},"featured_media":45451,"template":"","meta":{"_acf_changed":false},"product_brand":[],"product_cat":[9554],"product_tag":[],"class_list":{"0":"post-45450","1":"product","2":"type-product","3":"status-publish","4":"has-post-thumbnail","6":"product_cat-peptitler","7":"pa_metoda-pozyskiwania-biyolojik-fermantasyon","9":"first","10":"instock","11":"shipping-taxable","12":"product-type-simple"},"acf":[],"yoast_head":"<!-- This site is optimized with the Yoast SEO plugin v27.5 - https:\/\/yoast.com\/product\/yoast-seo-wordpress\/ -->\n<title>Asetil dipeptit-1 setil ester - Hurtowy Dystrybutor<\/title>\n<meta name=\"description\" content=\"Asetil dipeptit-1 setil ester, cilt kondisyonunun iyile\u015ftirilmesinde \u00f6nemli etkiye sahip olup, bak\u0131m ve rejenerasyon alan\u0131nda \u00e7ok say\u0131da fayda sunar.\" \/>\n<meta name=\"robots\" content=\"index, follow, max-snippet:-1, max-image-preview:large, max-video-preview:-1\" \/>\n<link rel=\"canonical\" href=\"https:\/\/naturalpoland.com\/tr\/urunler\/kozmetik-hammaddeleri\/peptitler\/asetil-dipeptit-1-setil-ester\/\" \/>\n<meta property=\"og:locale\" content=\"tr_TR\" \/>\n<meta property=\"og:type\" content=\"article\" \/>\n<meta property=\"og:title\" content=\"Asetil dipeptit-1 setil ester - Hurtowy Dystrybutor\" \/>\n<meta property=\"og:description\" content=\"Asetil dipeptit-1 setil ester, cilt kondisyonunun iyile\u015ftirilmesinde \u00f6nemli etkiye sahip olup, bak\u0131m ve rejenerasyon alan\u0131nda \u00e7ok say\u0131da fayda sunar.\" \/>\n<meta property=\"og:url\" content=\"https:\/\/naturalpoland.com\/tr\/urunler\/kozmetik-hammaddeleri\/peptitler\/asetil-dipeptit-1-setil-ester\/\" \/>\n<meta property=\"og:site_name\" content=\"NATURAL POLAND - Hurtowy Dystrybutor Surowc\u00f3w\" \/>\n<meta property=\"article:publisher\" content=\"https:\/\/www.facebook.com\/naturalpoland.b2b\" \/>\n<meta property=\"article:modified_time\" content=\"2026-02-04T12:13:18+00:00\" \/>\n<meta property=\"og:image\" content=\"https:\/\/naturalpoland.com\/wp-content\/uploads\/acetyl_dipeptide-1_cetyl_ester.webp\" \/>\n\t<meta property=\"og:image:width\" content=\"618\" \/>\n\t<meta property=\"og:image:height\" content=\"618\" \/>\n\t<meta property=\"og:image:type\" content=\"image\/webp\" \/>\n<script type=\"application\/ld+json\" class=\"yoast-schema-graph\">{\"@context\":\"https:\\\/\\\/schema.org\",\"@graph\":[{\"@type\":\"WebPage\",\"@id\":\"https:\\\/\\\/naturalpoland.com\\\/tr\\\/urunler\\\/kozmetik-hammaddeleri\\\/peptitler\\\/asetil-dipeptit-1-setil-ester\\\/\",\"url\":\"https:\\\/\\\/naturalpoland.com\\\/tr\\\/urunler\\\/kozmetik-hammaddeleri\\\/peptitler\\\/asetil-dipeptit-1-setil-ester\\\/\",\"name\":\"Asetil dipeptit-1 setil ester - Hurtowy Dystrybutor\",\"isPartOf\":{\"@id\":\"https:\\\/\\\/naturalpoland.com\\\/tr\\\/#website\"},\"primaryImageOfPage\":{\"@id\":\"https:\\\/\\\/naturalpoland.com\\\/tr\\\/urunler\\\/kozmetik-hammaddeleri\\\/peptitler\\\/asetil-dipeptit-1-setil-ester\\\/#primaryimage\"},\"image\":{\"@id\":\"https:\\\/\\\/naturalpoland.com\\\/tr\\\/urunler\\\/kozmetik-hammaddeleri\\\/peptitler\\\/asetil-dipeptit-1-setil-ester\\\/#primaryimage\"},\"thumbnailUrl\":\"https:\\\/\\\/naturalpoland.com\\\/wp-content\\\/uploads\\\/acetyl_dipeptide-1_cetyl_ester.webp\",\"datePublished\":\"2024-01-16T15:18:33+00:00\",\"dateModified\":\"2026-02-04T12:13:18+00:00\",\"description\":\"Asetil dipeptit-1 setil ester, cilt kondisyonunun iyile\u015ftirilmesinde \u00f6nemli etkiye sahip olup, bak\u0131m ve rejenerasyon alan\u0131nda \u00e7ok say\u0131da fayda sunar.\",\"breadcrumb\":{\"@id\":\"https:\\\/\\\/naturalpoland.com\\\/tr\\\/urunler\\\/kozmetik-hammaddeleri\\\/peptitler\\\/asetil-dipeptit-1-setil-ester\\\/#breadcrumb\"},\"inLanguage\":\"tr\",\"potentialAction\":[{\"@type\":\"ReadAction\",\"target\":[\"https:\\\/\\\/naturalpoland.com\\\/tr\\\/urunler\\\/kozmetik-hammaddeleri\\\/peptitler\\\/asetil-dipeptit-1-setil-ester\\\/\"]}]},{\"@type\":\"ImageObject\",\"inLanguage\":\"tr\",\"@id\":\"https:\\\/\\\/naturalpoland.com\\\/tr\\\/urunler\\\/kozmetik-hammaddeleri\\\/peptitler\\\/asetil-dipeptit-1-setil-ester\\\/#primaryimage\",\"url\":\"https:\\\/\\\/naturalpoland.com\\\/wp-content\\\/uploads\\\/acetyl_dipeptide-1_cetyl_ester.webp\",\"contentUrl\":\"https:\\\/\\\/naturalpoland.com\\\/wp-content\\\/uploads\\\/acetyl_dipeptide-1_cetyl_ester.webp\",\"width\":618,\"height\":618,\"caption\":\"Asetil dipeptit-1 setil ester\"},{\"@type\":\"BreadcrumbList\",\"@id\":\"https:\\\/\\\/naturalpoland.com\\\/tr\\\/urunler\\\/kozmetik-hammaddeleri\\\/peptitler\\\/asetil-dipeptit-1-setil-ester\\\/#breadcrumb\",\"itemListElement\":[{\"@type\":\"ListItem\",\"position\":1,\"name\":\"Ana Sayfa\",\"item\":\"https:\\\/\\\/naturalpoland.com\\\/tr\\\/\"},{\"@type\":\"ListItem\",\"position\":2,\"name\":\"\u00dcr\u00fcnler\",\"item\":\"https:\\\/\\\/naturalpoland.com\\\/tr\\\/urunler\\\/\"},{\"@type\":\"ListItem\",\"position\":3,\"name\":\"Asetil dipeptit-1 setil ester\"}]},{\"@type\":\"WebSite\",\"@id\":\"https:\\\/\\\/naturalpoland.com\\\/tr\\\/#website\",\"url\":\"https:\\\/\\\/naturalpoland.com\\\/tr\\\/\",\"name\":\"NATURAL POLAND - Hurtowy Dystrybutor Surowc\u00f3w\",\"description\":\"Surowce dla przemys\u0142u spo\u017cywczego, kosmetycznego i farmaceutycznego\",\"publisher\":{\"@id\":\"https:\\\/\\\/naturalpoland.com\\\/tr\\\/#organization\"},\"potentialAction\":[{\"@type\":\"SearchAction\",\"target\":{\"@type\":\"EntryPoint\",\"urlTemplate\":\"https:\\\/\\\/naturalpoland.com\\\/tr\\\/?s={search_term_string}\"},\"query-input\":{\"@type\":\"PropertyValueSpecification\",\"valueRequired\":true,\"valueName\":\"search_term_string\"}}],\"inLanguage\":\"tr\"},{\"@type\":\"Organization\",\"@id\":\"https:\\\/\\\/naturalpoland.com\\\/tr\\\/#organization\",\"name\":\"Natural Poland\",\"url\":\"https:\\\/\\\/naturalpoland.com\\\/tr\\\/\",\"logo\":{\"@type\":\"ImageObject\",\"inLanguage\":\"tr\",\"@id\":\"https:\\\/\\\/naturalpoland.com\\\/tr\\\/#\\\/schema\\\/logo\\\/image\\\/\",\"url\":\"https:\\\/\\\/naturalpoland.com\\\/wp-content\\\/uploads\\\/2021\\\/05\\\/natural-poland-icon.png\",\"contentUrl\":\"https:\\\/\\\/naturalpoland.com\\\/wp-content\\\/uploads\\\/2021\\\/05\\\/natural-poland-icon.png\",\"width\":512,\"height\":512,\"caption\":\"Natural Poland\"},\"image\":{\"@id\":\"https:\\\/\\\/naturalpoland.com\\\/tr\\\/#\\\/schema\\\/logo\\\/image\\\/\"},\"sameAs\":[\"https:\\\/\\\/www.facebook.com\\\/naturalpoland.b2b\",\"https:\\\/\\\/pl.linkedin.com\\\/company\\\/natural-poland\",\"https:\\\/\\\/www.youtube.com\\\/channel\\\/UCgeGGkvOMahZo-xu_MSEWxg\"]}]}<\/script>\n<!-- \/ Yoast SEO plugin. -->","yoast_head_json":{"title":"Asetil dipeptit-1 setil ester - Hurtowy Dystrybutor","description":"Asetil dipeptit-1 setil ester, cilt kondisyonunun iyile\u015ftirilmesinde \u00f6nemli etkiye sahip olup, bak\u0131m ve rejenerasyon alan\u0131nda \u00e7ok say\u0131da fayda sunar.","robots":{"index":"index","follow":"follow","max-snippet":"max-snippet:-1","max-image-preview":"max-image-preview:large","max-video-preview":"max-video-preview:-1"},"canonical":"https:\/\/naturalpoland.com\/tr\/urunler\/kozmetik-hammaddeleri\/peptitler\/asetil-dipeptit-1-setil-ester\/","og_locale":"tr_TR","og_type":"article","og_title":"Asetil dipeptit-1 setil ester - Hurtowy Dystrybutor","og_description":"Asetil dipeptit-1 setil ester, cilt kondisyonunun iyile\u015ftirilmesinde \u00f6nemli etkiye sahip olup, bak\u0131m ve rejenerasyon alan\u0131nda \u00e7ok say\u0131da fayda sunar.","og_url":"https:\/\/naturalpoland.com\/tr\/urunler\/kozmetik-hammaddeleri\/peptitler\/asetil-dipeptit-1-setil-ester\/","og_site_name":"NATURAL POLAND - Hurtowy Dystrybutor Surowc\u00f3w","article_publisher":"https:\/\/www.facebook.com\/naturalpoland.b2b","article_modified_time":"2026-02-04T12:13:18+00:00","og_image":[{"width":618,"height":618,"url":"https:\/\/naturalpoland.com\/wp-content\/uploads\/acetyl_dipeptide-1_cetyl_ester.webp","type":"image\/webp"}],"schema":{"@context":"https:\/\/schema.org","@graph":[{"@type":"WebPage","@id":"https:\/\/naturalpoland.com\/tr\/urunler\/kozmetik-hammaddeleri\/peptitler\/asetil-dipeptit-1-setil-ester\/","url":"https:\/\/naturalpoland.com\/tr\/urunler\/kozmetik-hammaddeleri\/peptitler\/asetil-dipeptit-1-setil-ester\/","name":"Asetil dipeptit-1 setil ester - Hurtowy Dystrybutor","isPartOf":{"@id":"https:\/\/naturalpoland.com\/tr\/#website"},"primaryImageOfPage":{"@id":"https:\/\/naturalpoland.com\/tr\/urunler\/kozmetik-hammaddeleri\/peptitler\/asetil-dipeptit-1-setil-ester\/#primaryimage"},"image":{"@id":"https:\/\/naturalpoland.com\/tr\/urunler\/kozmetik-hammaddeleri\/peptitler\/asetil-dipeptit-1-setil-ester\/#primaryimage"},"thumbnailUrl":"https:\/\/naturalpoland.com\/wp-content\/uploads\/acetyl_dipeptide-1_cetyl_ester.webp","datePublished":"2024-01-16T15:18:33+00:00","dateModified":"2026-02-04T12:13:18+00:00","description":"Asetil dipeptit-1 setil ester, cilt kondisyonunun iyile\u015ftirilmesinde \u00f6nemli etkiye sahip olup, bak\u0131m ve rejenerasyon alan\u0131nda \u00e7ok say\u0131da fayda sunar.","breadcrumb":{"@id":"https:\/\/naturalpoland.com\/tr\/urunler\/kozmetik-hammaddeleri\/peptitler\/asetil-dipeptit-1-setil-ester\/#breadcrumb"},"inLanguage":"tr","potentialAction":[{"@type":"ReadAction","target":["https:\/\/naturalpoland.com\/tr\/urunler\/kozmetik-hammaddeleri\/peptitler\/asetil-dipeptit-1-setil-ester\/"]}]},{"@type":"ImageObject","inLanguage":"tr","@id":"https:\/\/naturalpoland.com\/tr\/urunler\/kozmetik-hammaddeleri\/peptitler\/asetil-dipeptit-1-setil-ester\/#primaryimage","url":"https:\/\/naturalpoland.com\/wp-content\/uploads\/acetyl_dipeptide-1_cetyl_ester.webp","contentUrl":"https:\/\/naturalpoland.com\/wp-content\/uploads\/acetyl_dipeptide-1_cetyl_ester.webp","width":618,"height":618,"caption":"Asetil dipeptit-1 setil ester"},{"@type":"BreadcrumbList","@id":"https:\/\/naturalpoland.com\/tr\/urunler\/kozmetik-hammaddeleri\/peptitler\/asetil-dipeptit-1-setil-ester\/#breadcrumb","itemListElement":[{"@type":"ListItem","position":1,"name":"Ana Sayfa","item":"https:\/\/naturalpoland.com\/tr\/"},{"@type":"ListItem","position":2,"name":"\u00dcr\u00fcnler","item":"https:\/\/naturalpoland.com\/tr\/urunler\/"},{"@type":"ListItem","position":3,"name":"Asetil dipeptit-1 setil ester"}]},{"@type":"WebSite","@id":"https:\/\/naturalpoland.com\/tr\/#website","url":"https:\/\/naturalpoland.com\/tr\/","name":"NATURAL POLAND - Hurtowy Dystrybutor Surowc\u00f3w","description":"Surowce dla przemys\u0142u spo\u017cywczego, kosmetycznego i farmaceutycznego","publisher":{"@id":"https:\/\/naturalpoland.com\/tr\/#organization"},"potentialAction":[{"@type":"SearchAction","target":{"@type":"EntryPoint","urlTemplate":"https:\/\/naturalpoland.com\/tr\/?s={search_term_string}"},"query-input":{"@type":"PropertyValueSpecification","valueRequired":true,"valueName":"search_term_string"}}],"inLanguage":"tr"},{"@type":"Organization","@id":"https:\/\/naturalpoland.com\/tr\/#organization","name":"Natural Poland","url":"https:\/\/naturalpoland.com\/tr\/","logo":{"@type":"ImageObject","inLanguage":"tr","@id":"https:\/\/naturalpoland.com\/tr\/#\/schema\/logo\/image\/","url":"https:\/\/naturalpoland.com\/wp-content\/uploads\/2021\/05\/natural-poland-icon.png","contentUrl":"https:\/\/naturalpoland.com\/wp-content\/uploads\/2021\/05\/natural-poland-icon.png","width":512,"height":512,"caption":"Natural Poland"},"image":{"@id":"https:\/\/naturalpoland.com\/tr\/#\/schema\/logo\/image\/"},"sameAs":["https:\/\/www.facebook.com\/naturalpoland.b2b","https:\/\/pl.linkedin.com\/company\/natural-poland","https:\/\/www.youtube.com\/channel\/UCgeGGkvOMahZo-xu_MSEWxg"]}]}},"_links":{"self":[{"href":"https:\/\/naturalpoland.com\/tr\/wp-json\/wp\/v2\/product\/45450","targetHints":{"allow":["GET"]}}],"collection":[{"href":"https:\/\/naturalpoland.com\/tr\/wp-json\/wp\/v2\/product"}],"about":[{"href":"https:\/\/naturalpoland.com\/tr\/wp-json\/wp\/v2\/types\/product"}],"wp:featuredmedia":[{"embeddable":true,"href":"https:\/\/naturalpoland.com\/tr\/wp-json\/wp\/v2\/media\/45451"}],"wp:attachment":[{"href":"https:\/\/naturalpoland.com\/tr\/wp-json\/wp\/v2\/media?parent=45450"}],"wp:term":[{"taxonomy":"product_brand","embeddable":true,"href":"https:\/\/naturalpoland.com\/tr\/wp-json\/wp\/v2\/product_brand?post=45450"},{"taxonomy":"product_cat","embeddable":true,"href":"https:\/\/naturalpoland.com\/tr\/wp-json\/wp\/v2\/product_cat?post=45450"},{"taxonomy":"product_tag","embeddable":true,"href":"https:\/\/naturalpoland.com\/tr\/wp-json\/wp\/v2\/product_tag?post=45450"}],"curies":[{"name":"wp","href":"https:\/\/api.w.org\/{rel}","templated":true}]}}