{"id":45454,"date":"2024-01-08T11:53:06","date_gmt":"2024-01-08T10:53:06","guid":{"rendered":"https:\/\/naturalpoland.com\/produkty\/kategorilenmemis\/palmitoyl-tetrapeptit-7\/"},"modified":"2026-02-04T13:13:38","modified_gmt":"2026-02-04T12:13:38","slug":"palmitoyl-tetrapeptit-7","status":"publish","type":"product","link":"https:\/\/naturalpoland.com\/tr\/urunler\/kozmetik-hammaddeleri\/peptitler\/palmitoyl-tetrapeptit-7\/","title":{"rendered":"Palmitoyl Tetrapeptit-7"},"content":{"rendered":"<p><strong>Etki mekanizmas\u0131:<\/strong><\/p>\n<p>Palmitoyl tripeptit-7 keratinositlere etki ederek interl\u00f6kin 6 (IL6) salg\u0131lanmas\u0131n\u0131 azalt\u0131r. Bu sayede cildin h\u00fccresel dengesini korur ve enflamatuar yan\u0131t\u0131 minimize eder. Bu bile\u015fen sayesinde cildin s\u0131k\u0131l\u0131\u011f\u0131 ve elastikiyeti etkili \u015fekilde iyile\u015fir. Ayr\u0131ca h\u00fccresel bir iletici olarak g\u00f6rev yaparak ciltte kolajen (tip I, II, IV) ve elastin sentezini uyar\u0131r, b\u00f6ylece kolajen liflerinin rejenerasyonuna katk\u0131da bulunur.   <\/p>\n<p><strong>K\u0131r\u0131\u015f\u0131kl\u0131k kar\u015f\u0131t\u0131 etkinlik deneyi:<\/strong><\/p>\n<p>28 ki\u015fiyi kapsayan \u00e7al\u0131\u015fmada y\u00fcze palmitoyl tripeptit-7 uyguland\u0131. Sonu\u00e7lar, iki ayl\u0131k uygulama sonras\u0131nda ba\u015flang\u0131\u00e7 noktas\u0131na k\u0131yasla cilt liflerinin i\u00e7eri\u011finin \u00f6nemli \u00f6l\u00e7\u00fcde artt\u0131\u011f\u0131n\u0131 g\u00f6sterdi. <\/p>\n<p><strong>Kullan\u0131m alanlar\u0131:<\/strong><\/p>\n<p>Palmitoyl tripeptit-7, ya\u015flanma kar\u015f\u0131t\u0131, k\u0131r\u0131\u015f\u0131kl\u0131k kar\u015f\u0131t\u0131, enflamasyon kar\u015f\u0131t\u0131, s\u0131k\u0131la\u015ft\u0131r\u0131c\u0131, alerji kar\u015f\u0131t\u0131 ve di\u011fer etkiler sa\u011flayan kozmetik \u00fcr\u00fcnlerde geni\u015f kullan\u0131m alan\u0131 bulur. Jeller, balsamlar, g\u00fcnd\u00fcz ve gece kremleri, g\u00f6z serumlar\u0131 ve y\u00fcz maskeleri gibi \u00fcr\u00fcnlerde anahtar bile\u015fendir. <\/p>\n<p>\u00dcr\u00fcnlerde kullan\u0131m i\u00e7in \u00f6nerilen konsantrasyon %0,002 ile %0,01 aras\u0131ndad\u0131r.<\/p>\n","protected":false},"excerpt":{"rendered":"<p>Palmitoyl tripeptit-7, kozmetikte kullan\u0131lan etkili bir aktif bile\u015fen olup, temel g\u00f6revi ciltteki enflamasyon s\u00fcre\u00e7lerini azaltarak cildin s\u0131k\u0131l\u0131\u011f\u0131 ve elastikiyetinin iyile\u015fmesini sa\u011flamakt\u0131r.<\/p>\n","protected":false},"featured_media":45455,"template":"","meta":{"_acf_changed":false},"product_brand":[],"product_cat":[9554],"product_tag":[],"class_list":{"0":"post-45454","1":"product","2":"type-product","3":"status-publish","4":"has-post-thumbnail","6":"product_cat-peptitler","7":"pa_metoda-pozyskiwania-biyolojik-fermantasyon","9":"first","10":"instock","11":"shipping-taxable","12":"product-type-simple"},"acf":[],"yoast_head":"<!-- This site is optimized with the Yoast SEO plugin v27.5 - https:\/\/yoast.com\/product\/yoast-seo-wordpress\/ -->\n<title>Palmitoyl Tetrapeptit-7 - Hurtowy Dystrybutor<\/title>\n<meta name=\"description\" content=\"Palmitoyl tripeptit-7, kozmetikte kullan\u0131lan etkili bir aktif bile\u015fen olup, temel g\u00f6revi ciltteki enflamasyon s\u00fcre\u00e7lerini azaltmakt\u0131r.\" \/>\n<meta name=\"robots\" content=\"index, follow, max-snippet:-1, max-image-preview:large, max-video-preview:-1\" \/>\n<link rel=\"canonical\" href=\"https:\/\/naturalpoland.com\/tr\/urunler\/kozmetik-hammaddeleri\/peptitler\/palmitoyl-tetrapeptit-7\/\" \/>\n<meta property=\"og:locale\" content=\"tr_TR\" \/>\n<meta property=\"og:type\" content=\"article\" \/>\n<meta property=\"og:title\" content=\"Palmitoyl Tetrapeptit-7 - Hurtowy Dystrybutor\" \/>\n<meta property=\"og:description\" content=\"Palmitoyl tripeptit-7, kozmetikte kullan\u0131lan etkili bir aktif bile\u015fen olup, temel g\u00f6revi ciltteki enflamasyon s\u00fcre\u00e7lerini azaltmakt\u0131r.\" \/>\n<meta property=\"og:url\" content=\"https:\/\/naturalpoland.com\/tr\/urunler\/kozmetik-hammaddeleri\/peptitler\/palmitoyl-tetrapeptit-7\/\" \/>\n<meta property=\"og:site_name\" content=\"NATURAL POLAND - Hurtowy Dystrybutor Surowc\u00f3w\" \/>\n<meta property=\"article:publisher\" content=\"https:\/\/www.facebook.com\/naturalpoland.b2b\" \/>\n<meta property=\"article:modified_time\" content=\"2026-02-04T12:13:38+00:00\" \/>\n<meta property=\"og:image\" content=\"https:\/\/naturalpoland.com\/wp-content\/uploads\/copper_peptide.webp\" \/>\n\t<meta property=\"og:image:width\" content=\"618\" \/>\n\t<meta property=\"og:image:height\" content=\"618\" \/>\n\t<meta property=\"og:image:type\" content=\"image\/webp\" \/>\n<script type=\"application\/ld+json\" class=\"yoast-schema-graph\">{\"@context\":\"https:\\\/\\\/schema.org\",\"@graph\":[{\"@type\":\"WebPage\",\"@id\":\"https:\\\/\\\/naturalpoland.com\\\/tr\\\/urunler\\\/kozmetik-hammaddeleri\\\/peptitler\\\/palmitoyl-tetrapeptit-7\\\/\",\"url\":\"https:\\\/\\\/naturalpoland.com\\\/tr\\\/urunler\\\/kozmetik-hammaddeleri\\\/peptitler\\\/palmitoyl-tetrapeptit-7\\\/\",\"name\":\"Palmitoyl Tetrapeptit-7 - Hurtowy Dystrybutor\",\"isPartOf\":{\"@id\":\"https:\\\/\\\/naturalpoland.com\\\/tr\\\/#website\"},\"primaryImageOfPage\":{\"@id\":\"https:\\\/\\\/naturalpoland.com\\\/tr\\\/urunler\\\/kozmetik-hammaddeleri\\\/peptitler\\\/palmitoyl-tetrapeptit-7\\\/#primaryimage\"},\"image\":{\"@id\":\"https:\\\/\\\/naturalpoland.com\\\/tr\\\/urunler\\\/kozmetik-hammaddeleri\\\/peptitler\\\/palmitoyl-tetrapeptit-7\\\/#primaryimage\"},\"thumbnailUrl\":\"https:\\\/\\\/naturalpoland.com\\\/wp-content\\\/uploads\\\/copper_peptide.webp\",\"datePublished\":\"2024-01-08T10:53:06+00:00\",\"dateModified\":\"2026-02-04T12:13:38+00:00\",\"description\":\"Palmitoyl tripeptit-7, kozmetikte kullan\u0131lan etkili bir aktif bile\u015fen olup, temel g\u00f6revi ciltteki enflamasyon s\u00fcre\u00e7lerini azaltmakt\u0131r.\",\"breadcrumb\":{\"@id\":\"https:\\\/\\\/naturalpoland.com\\\/tr\\\/urunler\\\/kozmetik-hammaddeleri\\\/peptitler\\\/palmitoyl-tetrapeptit-7\\\/#breadcrumb\"},\"inLanguage\":\"tr\",\"potentialAction\":[{\"@type\":\"ReadAction\",\"target\":[\"https:\\\/\\\/naturalpoland.com\\\/tr\\\/urunler\\\/kozmetik-hammaddeleri\\\/peptitler\\\/palmitoyl-tetrapeptit-7\\\/\"]}]},{\"@type\":\"ImageObject\",\"inLanguage\":\"tr\",\"@id\":\"https:\\\/\\\/naturalpoland.com\\\/tr\\\/urunler\\\/kozmetik-hammaddeleri\\\/peptitler\\\/palmitoyl-tetrapeptit-7\\\/#primaryimage\",\"url\":\"https:\\\/\\\/naturalpoland.com\\\/wp-content\\\/uploads\\\/copper_peptide.webp\",\"contentUrl\":\"https:\\\/\\\/naturalpoland.com\\\/wp-content\\\/uploads\\\/copper_peptide.webp\",\"width\":618,\"height\":618,\"caption\":\"bak\u0131r peptit\"},{\"@type\":\"BreadcrumbList\",\"@id\":\"https:\\\/\\\/naturalpoland.com\\\/tr\\\/urunler\\\/kozmetik-hammaddeleri\\\/peptitler\\\/palmitoyl-tetrapeptit-7\\\/#breadcrumb\",\"itemListElement\":[{\"@type\":\"ListItem\",\"position\":1,\"name\":\"Ana Sayfa\",\"item\":\"https:\\\/\\\/naturalpoland.com\\\/tr\\\/\"},{\"@type\":\"ListItem\",\"position\":2,\"name\":\"\u00dcr\u00fcnler\",\"item\":\"https:\\\/\\\/naturalpoland.com\\\/tr\\\/urunler\\\/\"},{\"@type\":\"ListItem\",\"position\":3,\"name\":\"Palmitoyl Tetrapeptit-7\"}]},{\"@type\":\"WebSite\",\"@id\":\"https:\\\/\\\/naturalpoland.com\\\/tr\\\/#website\",\"url\":\"https:\\\/\\\/naturalpoland.com\\\/tr\\\/\",\"name\":\"NATURAL POLAND - Hurtowy Dystrybutor Surowc\u00f3w\",\"description\":\"Surowce dla przemys\u0142u spo\u017cywczego, kosmetycznego i farmaceutycznego\",\"publisher\":{\"@id\":\"https:\\\/\\\/naturalpoland.com\\\/tr\\\/#organization\"},\"potentialAction\":[{\"@type\":\"SearchAction\",\"target\":{\"@type\":\"EntryPoint\",\"urlTemplate\":\"https:\\\/\\\/naturalpoland.com\\\/tr\\\/?s={search_term_string}\"},\"query-input\":{\"@type\":\"PropertyValueSpecification\",\"valueRequired\":true,\"valueName\":\"search_term_string\"}}],\"inLanguage\":\"tr\"},{\"@type\":\"Organization\",\"@id\":\"https:\\\/\\\/naturalpoland.com\\\/tr\\\/#organization\",\"name\":\"Natural Poland\",\"url\":\"https:\\\/\\\/naturalpoland.com\\\/tr\\\/\",\"logo\":{\"@type\":\"ImageObject\",\"inLanguage\":\"tr\",\"@id\":\"https:\\\/\\\/naturalpoland.com\\\/tr\\\/#\\\/schema\\\/logo\\\/image\\\/\",\"url\":\"https:\\\/\\\/naturalpoland.com\\\/wp-content\\\/uploads\\\/2021\\\/05\\\/natural-poland-icon.png\",\"contentUrl\":\"https:\\\/\\\/naturalpoland.com\\\/wp-content\\\/uploads\\\/2021\\\/05\\\/natural-poland-icon.png\",\"width\":512,\"height\":512,\"caption\":\"Natural Poland\"},\"image\":{\"@id\":\"https:\\\/\\\/naturalpoland.com\\\/tr\\\/#\\\/schema\\\/logo\\\/image\\\/\"},\"sameAs\":[\"https:\\\/\\\/www.facebook.com\\\/naturalpoland.b2b\",\"https:\\\/\\\/pl.linkedin.com\\\/company\\\/natural-poland\",\"https:\\\/\\\/www.youtube.com\\\/channel\\\/UCgeGGkvOMahZo-xu_MSEWxg\"]}]}<\/script>\n<!-- \/ Yoast SEO plugin. -->","yoast_head_json":{"title":"Palmitoyl Tetrapeptit-7 - Hurtowy Dystrybutor","description":"Palmitoyl tripeptit-7, kozmetikte kullan\u0131lan etkili bir aktif bile\u015fen olup, temel g\u00f6revi ciltteki enflamasyon s\u00fcre\u00e7lerini azaltmakt\u0131r.","robots":{"index":"index","follow":"follow","max-snippet":"max-snippet:-1","max-image-preview":"max-image-preview:large","max-video-preview":"max-video-preview:-1"},"canonical":"https:\/\/naturalpoland.com\/tr\/urunler\/kozmetik-hammaddeleri\/peptitler\/palmitoyl-tetrapeptit-7\/","og_locale":"tr_TR","og_type":"article","og_title":"Palmitoyl Tetrapeptit-7 - Hurtowy Dystrybutor","og_description":"Palmitoyl tripeptit-7, kozmetikte kullan\u0131lan etkili bir aktif bile\u015fen olup, temel g\u00f6revi ciltteki enflamasyon s\u00fcre\u00e7lerini azaltmakt\u0131r.","og_url":"https:\/\/naturalpoland.com\/tr\/urunler\/kozmetik-hammaddeleri\/peptitler\/palmitoyl-tetrapeptit-7\/","og_site_name":"NATURAL POLAND - Hurtowy Dystrybutor Surowc\u00f3w","article_publisher":"https:\/\/www.facebook.com\/naturalpoland.b2b","article_modified_time":"2026-02-04T12:13:38+00:00","og_image":[{"width":618,"height":618,"url":"https:\/\/naturalpoland.com\/wp-content\/uploads\/copper_peptide.webp","type":"image\/webp"}],"schema":{"@context":"https:\/\/schema.org","@graph":[{"@type":"WebPage","@id":"https:\/\/naturalpoland.com\/tr\/urunler\/kozmetik-hammaddeleri\/peptitler\/palmitoyl-tetrapeptit-7\/","url":"https:\/\/naturalpoland.com\/tr\/urunler\/kozmetik-hammaddeleri\/peptitler\/palmitoyl-tetrapeptit-7\/","name":"Palmitoyl Tetrapeptit-7 - Hurtowy Dystrybutor","isPartOf":{"@id":"https:\/\/naturalpoland.com\/tr\/#website"},"primaryImageOfPage":{"@id":"https:\/\/naturalpoland.com\/tr\/urunler\/kozmetik-hammaddeleri\/peptitler\/palmitoyl-tetrapeptit-7\/#primaryimage"},"image":{"@id":"https:\/\/naturalpoland.com\/tr\/urunler\/kozmetik-hammaddeleri\/peptitler\/palmitoyl-tetrapeptit-7\/#primaryimage"},"thumbnailUrl":"https:\/\/naturalpoland.com\/wp-content\/uploads\/copper_peptide.webp","datePublished":"2024-01-08T10:53:06+00:00","dateModified":"2026-02-04T12:13:38+00:00","description":"Palmitoyl tripeptit-7, kozmetikte kullan\u0131lan etkili bir aktif bile\u015fen olup, temel g\u00f6revi ciltteki enflamasyon s\u00fcre\u00e7lerini azaltmakt\u0131r.","breadcrumb":{"@id":"https:\/\/naturalpoland.com\/tr\/urunler\/kozmetik-hammaddeleri\/peptitler\/palmitoyl-tetrapeptit-7\/#breadcrumb"},"inLanguage":"tr","potentialAction":[{"@type":"ReadAction","target":["https:\/\/naturalpoland.com\/tr\/urunler\/kozmetik-hammaddeleri\/peptitler\/palmitoyl-tetrapeptit-7\/"]}]},{"@type":"ImageObject","inLanguage":"tr","@id":"https:\/\/naturalpoland.com\/tr\/urunler\/kozmetik-hammaddeleri\/peptitler\/palmitoyl-tetrapeptit-7\/#primaryimage","url":"https:\/\/naturalpoland.com\/wp-content\/uploads\/copper_peptide.webp","contentUrl":"https:\/\/naturalpoland.com\/wp-content\/uploads\/copper_peptide.webp","width":618,"height":618,"caption":"bak\u0131r peptit"},{"@type":"BreadcrumbList","@id":"https:\/\/naturalpoland.com\/tr\/urunler\/kozmetik-hammaddeleri\/peptitler\/palmitoyl-tetrapeptit-7\/#breadcrumb","itemListElement":[{"@type":"ListItem","position":1,"name":"Ana Sayfa","item":"https:\/\/naturalpoland.com\/tr\/"},{"@type":"ListItem","position":2,"name":"\u00dcr\u00fcnler","item":"https:\/\/naturalpoland.com\/tr\/urunler\/"},{"@type":"ListItem","position":3,"name":"Palmitoyl Tetrapeptit-7"}]},{"@type":"WebSite","@id":"https:\/\/naturalpoland.com\/tr\/#website","url":"https:\/\/naturalpoland.com\/tr\/","name":"NATURAL POLAND - Hurtowy Dystrybutor Surowc\u00f3w","description":"Surowce dla przemys\u0142u spo\u017cywczego, kosmetycznego i farmaceutycznego","publisher":{"@id":"https:\/\/naturalpoland.com\/tr\/#organization"},"potentialAction":[{"@type":"SearchAction","target":{"@type":"EntryPoint","urlTemplate":"https:\/\/naturalpoland.com\/tr\/?s={search_term_string}"},"query-input":{"@type":"PropertyValueSpecification","valueRequired":true,"valueName":"search_term_string"}}],"inLanguage":"tr"},{"@type":"Organization","@id":"https:\/\/naturalpoland.com\/tr\/#organization","name":"Natural Poland","url":"https:\/\/naturalpoland.com\/tr\/","logo":{"@type":"ImageObject","inLanguage":"tr","@id":"https:\/\/naturalpoland.com\/tr\/#\/schema\/logo\/image\/","url":"https:\/\/naturalpoland.com\/wp-content\/uploads\/2021\/05\/natural-poland-icon.png","contentUrl":"https:\/\/naturalpoland.com\/wp-content\/uploads\/2021\/05\/natural-poland-icon.png","width":512,"height":512,"caption":"Natural Poland"},"image":{"@id":"https:\/\/naturalpoland.com\/tr\/#\/schema\/logo\/image\/"},"sameAs":["https:\/\/www.facebook.com\/naturalpoland.b2b","https:\/\/pl.linkedin.com\/company\/natural-poland","https:\/\/www.youtube.com\/channel\/UCgeGGkvOMahZo-xu_MSEWxg"]}]}},"_links":{"self":[{"href":"https:\/\/naturalpoland.com\/tr\/wp-json\/wp\/v2\/product\/45454","targetHints":{"allow":["GET"]}}],"collection":[{"href":"https:\/\/naturalpoland.com\/tr\/wp-json\/wp\/v2\/product"}],"about":[{"href":"https:\/\/naturalpoland.com\/tr\/wp-json\/wp\/v2\/types\/product"}],"wp:featuredmedia":[{"embeddable":true,"href":"https:\/\/naturalpoland.com\/tr\/wp-json\/wp\/v2\/media\/45455"}],"wp:attachment":[{"href":"https:\/\/naturalpoland.com\/tr\/wp-json\/wp\/v2\/media?parent=45454"}],"wp:term":[{"taxonomy":"product_brand","embeddable":true,"href":"https:\/\/naturalpoland.com\/tr\/wp-json\/wp\/v2\/product_brand?post=45454"},{"taxonomy":"product_cat","embeddable":true,"href":"https:\/\/naturalpoland.com\/tr\/wp-json\/wp\/v2\/product_cat?post=45454"},{"taxonomy":"product_tag","embeddable":true,"href":"https:\/\/naturalpoland.com\/tr\/wp-json\/wp\/v2\/product_tag?post=45454"}],"curies":[{"name":"wp","href":"https:\/\/api.w.org\/{rel}","templated":true}]}}