{"id":45458,"date":"2024-01-18T15:41:53","date_gmt":"2024-01-18T14:41:53","guid":{"rendered":"https:\/\/naturalpoland.com\/produkty\/kategorilenmemis\/acetyl-tetrapeptide-5\/"},"modified":"2026-02-04T13:14:11","modified_gmt":"2026-02-04T12:14:11","slug":"acetyl-tetrapeptide-5","status":"publish","type":"product","link":"https:\/\/naturalpoland.com\/tr\/urunler\/kozmetik-hammaddeleri\/peptitler\/acetyl-tetrapeptide-5\/","title":{"rendered":"Acetyl Tetrapeptide-5"},"content":{"rendered":"<h3>Etki mekanizmas\u0131<\/h3>\n<p><strong>S\u00fcperoksit dismutaz (SOD) aktivitesinin art\u0131r\u0131lmas\u0131<\/strong><\/p>\n<p>Acetyl Tetrapeptide-5, SOD aktivitesini destekleyerek cilt h\u00fccrelerinin oksidatif strese kar\u015f\u0131 korunmas\u0131na katk\u0131da bulunur. Bu sayede peptit, protein \u00e7apraz ba\u011flar\u0131n\u0131n olu\u015fumuna yol a\u00e7an glikasyon s\u00fcrecini engellemeye yard\u0131mc\u0131 olur, b\u00f6ylece cildin elastikiyetini iyile\u015ftirir ve erken ya\u015flanmay\u0131 \u00f6nler. <\/p>\n<p><strong>Mikro dola\u015f\u0131m\u0131n iyile\u015ftirilmesi<\/strong><\/p>\n<p>G\u00f6z \u00e7evresindeki ciltte mikro dola\u015f\u0131m\u0131 uyararak Acetyl Tetrapeptide-5, kan damarlar\u0131n\u0131n ge\u00e7irgenli\u011fini ve nem kayb\u0131n\u0131 azalt\u0131r. Bu etki \u00f6demlerin ve g\u00f6z alt\u0131 g\u00f6lgelerinin azalmas\u0131na katk\u0131da bulunarak daha dinlenmi\u015f ve gen\u00e7 bir g\u00f6r\u00fcn\u00fcm sa\u011flar. <\/p>\n<p><strong>Anti-glikasyon etkisi<\/strong><\/p>\n<p>Glikasyon, \u015fekerlerin proteinlerle reaksiyona girerek kolajen ve elastini hasar veren ileri glikasyon son \u00fcr\u00fcnleri (AGE) olu\u015fturdu\u011fu, s\u0131k\u0131l\u0131k kayb\u0131na ve k\u0131r\u0131\u015f\u0131kl\u0131k olu\u015fumuna yol a\u00e7an bir s\u00fcre\u00e7tir. Acetyl Tetrapeptide-5 bu s\u00fcreci etkili \u015fekilde engeller, cildin yap\u0131s\u0131n\u0131 ve elastikiyetini destekler. <\/p>\n<h3>Kozmetik faydalar<\/h3>\n<p><strong>Anti-\u00f6dem<\/strong> \u00f6zellikleri sayesinde Acetyl Tetrapeptide-5, genellikle zay\u0131f lenfatik dola\u015f\u0131m ve s\u0131v\u0131 birikmesinin sonucu olan g\u00f6z alt\u0131 torbalar\u0131n\u0131n azalt\u0131lmas\u0131nda \u00f6zellikle etkilidir. Bu peptit lenfatik dola\u015f\u0131m\u0131 iyile\u015ftirerek <strong>\u015fi\u015fkinli\u011fi azalt\u0131r<\/strong> ve daha dinlenmi\u015f bir g\u00f6r\u00fcn\u00fcm sa\u011flar. Ayr\u0131ca cilt \u00fczerinde <strong>yat\u0131\u015ft\u0131r\u0131c\u0131 ve nemlendirici etki g\u00f6sterir<\/strong>, cildin p\u00fcr\u00fczs\u00fczl\u00fc\u011f\u00fcn\u00fc ve elastikiyetini iyile\u015ftirir. Bu peptit ayn\u0131 zamanda <strong>anti-inflamatuar \u00f6zellikler<\/strong> sergileyerek cilt tahri\u015f ve k\u0131zar\u0131kl\u0131klar\u0131n\u0131n azalmas\u0131na yard\u0131mc\u0131 olur. Hassas ve alerjiye e\u011filimli cilt bak\u0131m\u0131na y\u00f6nelik \u00fcr\u00fcnlerin m\u00fckemmel bir bile\u015fenidir.    <\/p>\n<h3>Bilimsel ara\u015ft\u0131rmalar<\/h3>\n<p>Acetyl Tetrapeptide-5&#8217;in etkinli\u011fi \u00e7ok say\u0131da in vivo \u00e7al\u0131\u015fmada do\u011frulanm\u0131\u015ft\u0131r. \u00c7al\u0131\u015fmalardan birinde 20 g\u00f6n\u00fcll\u00fc, Acetyl Tetrapeptide-5 i\u00e7eren kremi 60 g\u00fcn boyunca kullanm\u0131\u015ft\u0131r. Sonu\u00e7lar, kat\u0131l\u0131mc\u0131lar\u0131n %70&#8217;inde g\u00f6z alt\u0131 torbalar\u0131n\u0131n g\u00f6r\u00fcn\u00fcrl\u00fc\u011f\u00fcn\u00fcn 15. g\u00fcne kadar azald\u0131\u011f\u0131n\u0131, %95&#8217;inde ise \u00e7al\u0131\u015fma sonuna kadar azald\u0131\u011f\u0131n\u0131 g\u00f6stermi\u015ftir.  <\/p>\n<h3>G\u00fcvenlik<\/h3>\n<p>\u00dcr\u00fcn g\u00fcvenli bir kozmetik bile\u015fen olarak kabul edilmektedir. Kullan\u0131lan konsantrasyonlarda tahri\u015f edici veya toksik etki g\u00f6stermez. Kimyasal d\u00fczenlemelere g\u00f6re tehlikeli madde olarak s\u0131n\u0131fland\u0131r\u0131lmamas\u0131, hem kullan\u0131c\u0131lar hem de \u00e7evre i\u00e7in g\u00fcvenli\u011fini do\u011frulamaktad\u0131r.  <\/p>\n","protected":false},"excerpt":{"rendered":"<p>Acetyl Tetrapeptide-5, \u015fi\u015fkinlik ve g\u00f6z alt\u0131 g\u00f6lgelerini azaltan \u00f6zelliklere sahip sentetik, d\u00f6rt amino asitli bir peptittir. Bu \u00fcr\u00fcn jeller, kremler, g\u00f6z serumlar\u0131 ve maskeler dahil olmak \u00fczere kozmetik end\u00fcstrisinde geni\u015f uygulama alan\u0131 bulmaktad\u0131r. <\/p>\n","protected":false},"featured_media":45459,"template":"","meta":{"_acf_changed":false},"product_brand":[],"product_cat":[9554],"product_tag":[],"class_list":{"0":"post-45458","1":"product","2":"type-product","3":"status-publish","4":"has-post-thumbnail","6":"product_cat-peptitler","7":"pa_metoda-pozyskiwania-biyolojik-fermantasyon","9":"first","10":"instock","11":"shipping-taxable","12":"product-type-simple"},"acf":[],"yoast_head":"<!-- This site is optimized with the Yoast SEO plugin v27.5 - https:\/\/yoast.com\/product\/yoast-seo-wordpress\/ -->\n<title>Acetyl Tetrapeptide-5 - NATURAL POLAND - Hurtowy Dystrybutor Surowc\u00f3w<\/title>\n<meta name=\"description\" content=\"Eyeseryl olarak da bilinen Acetyl Tetrapeptide-5, benzersiz \u00f6zellikleri nedeniyle kozmetolojide kullan\u0131lan bir peptittir.\" \/>\n<meta name=\"robots\" content=\"index, follow, max-snippet:-1, max-image-preview:large, max-video-preview:-1\" \/>\n<link rel=\"canonical\" href=\"https:\/\/naturalpoland.com\/tr\/urunler\/kozmetik-hammaddeleri\/peptitler\/acetyl-tetrapeptide-5\/\" \/>\n<meta property=\"og:locale\" content=\"tr_TR\" \/>\n<meta property=\"og:type\" content=\"article\" \/>\n<meta property=\"og:title\" content=\"Acetyl Tetrapeptide-5 - NATURAL POLAND - Hurtowy Dystrybutor Surowc\u00f3w\" \/>\n<meta property=\"og:description\" content=\"Eyeseryl olarak da bilinen Acetyl Tetrapeptide-5, benzersiz \u00f6zellikleri nedeniyle kozmetolojide kullan\u0131lan bir peptittir.\" \/>\n<meta property=\"og:url\" content=\"https:\/\/naturalpoland.com\/tr\/urunler\/kozmetik-hammaddeleri\/peptitler\/acetyl-tetrapeptide-5\/\" \/>\n<meta property=\"og:site_name\" content=\"NATURAL POLAND - Hurtowy Dystrybutor Surowc\u00f3w\" \/>\n<meta property=\"article:publisher\" content=\"https:\/\/www.facebook.com\/naturalpoland.b2b\" \/>\n<meta property=\"article:modified_time\" content=\"2026-02-04T12:14:11+00:00\" \/>\n<meta property=\"og:image\" content=\"https:\/\/naturalpoland.com\/wp-content\/uploads\/tetrapeptide-5.webp\" \/>\n\t<meta property=\"og:image:width\" content=\"614\" \/>\n\t<meta property=\"og:image:height\" content=\"614\" \/>\n\t<meta property=\"og:image:type\" content=\"image\/webp\" \/>\n<script type=\"application\/ld+json\" class=\"yoast-schema-graph\">{\"@context\":\"https:\\\/\\\/schema.org\",\"@graph\":[{\"@type\":\"WebPage\",\"@id\":\"https:\\\/\\\/naturalpoland.com\\\/tr\\\/urunler\\\/kozmetik-hammaddeleri\\\/peptitler\\\/acetyl-tetrapeptide-5\\\/\",\"url\":\"https:\\\/\\\/naturalpoland.com\\\/tr\\\/urunler\\\/kozmetik-hammaddeleri\\\/peptitler\\\/acetyl-tetrapeptide-5\\\/\",\"name\":\"Acetyl Tetrapeptide-5 - NATURAL POLAND - Hurtowy Dystrybutor Surowc\u00f3w\",\"isPartOf\":{\"@id\":\"https:\\\/\\\/naturalpoland.com\\\/tr\\\/#website\"},\"primaryImageOfPage\":{\"@id\":\"https:\\\/\\\/naturalpoland.com\\\/tr\\\/urunler\\\/kozmetik-hammaddeleri\\\/peptitler\\\/acetyl-tetrapeptide-5\\\/#primaryimage\"},\"image\":{\"@id\":\"https:\\\/\\\/naturalpoland.com\\\/tr\\\/urunler\\\/kozmetik-hammaddeleri\\\/peptitler\\\/acetyl-tetrapeptide-5\\\/#primaryimage\"},\"thumbnailUrl\":\"https:\\\/\\\/naturalpoland.com\\\/wp-content\\\/uploads\\\/tetrapeptide-5.webp\",\"datePublished\":\"2024-01-18T14:41:53+00:00\",\"dateModified\":\"2026-02-04T12:14:11+00:00\",\"description\":\"Eyeseryl olarak da bilinen Acetyl Tetrapeptide-5, benzersiz \u00f6zellikleri nedeniyle kozmetolojide kullan\u0131lan bir peptittir.\",\"breadcrumb\":{\"@id\":\"https:\\\/\\\/naturalpoland.com\\\/tr\\\/urunler\\\/kozmetik-hammaddeleri\\\/peptitler\\\/acetyl-tetrapeptide-5\\\/#breadcrumb\"},\"inLanguage\":\"tr\",\"potentialAction\":[{\"@type\":\"ReadAction\",\"target\":[\"https:\\\/\\\/naturalpoland.com\\\/tr\\\/urunler\\\/kozmetik-hammaddeleri\\\/peptitler\\\/acetyl-tetrapeptide-5\\\/\"]}]},{\"@type\":\"ImageObject\",\"inLanguage\":\"tr\",\"@id\":\"https:\\\/\\\/naturalpoland.com\\\/tr\\\/urunler\\\/kozmetik-hammaddeleri\\\/peptitler\\\/acetyl-tetrapeptide-5\\\/#primaryimage\",\"url\":\"https:\\\/\\\/naturalpoland.com\\\/wp-content\\\/uploads\\\/tetrapeptide-5.webp\",\"contentUrl\":\"https:\\\/\\\/naturalpoland.com\\\/wp-content\\\/uploads\\\/tetrapeptide-5.webp\",\"width\":614,\"height\":614,\"caption\":\"Acetyl Tetrapeptide-5\"},{\"@type\":\"BreadcrumbList\",\"@id\":\"https:\\\/\\\/naturalpoland.com\\\/tr\\\/urunler\\\/kozmetik-hammaddeleri\\\/peptitler\\\/acetyl-tetrapeptide-5\\\/#breadcrumb\",\"itemListElement\":[{\"@type\":\"ListItem\",\"position\":1,\"name\":\"Ana Sayfa\",\"item\":\"https:\\\/\\\/naturalpoland.com\\\/tr\\\/\"},{\"@type\":\"ListItem\",\"position\":2,\"name\":\"\u00dcr\u00fcnler\",\"item\":\"https:\\\/\\\/naturalpoland.com\\\/tr\\\/urunler\\\/\"},{\"@type\":\"ListItem\",\"position\":3,\"name\":\"Acetyl Tetrapeptide-5\"}]},{\"@type\":\"WebSite\",\"@id\":\"https:\\\/\\\/naturalpoland.com\\\/tr\\\/#website\",\"url\":\"https:\\\/\\\/naturalpoland.com\\\/tr\\\/\",\"name\":\"NATURAL POLAND - Hurtowy Dystrybutor Surowc\u00f3w\",\"description\":\"Surowce dla przemys\u0142u spo\u017cywczego, kosmetycznego i farmaceutycznego\",\"publisher\":{\"@id\":\"https:\\\/\\\/naturalpoland.com\\\/tr\\\/#organization\"},\"potentialAction\":[{\"@type\":\"SearchAction\",\"target\":{\"@type\":\"EntryPoint\",\"urlTemplate\":\"https:\\\/\\\/naturalpoland.com\\\/tr\\\/?s={search_term_string}\"},\"query-input\":{\"@type\":\"PropertyValueSpecification\",\"valueRequired\":true,\"valueName\":\"search_term_string\"}}],\"inLanguage\":\"tr\"},{\"@type\":\"Organization\",\"@id\":\"https:\\\/\\\/naturalpoland.com\\\/tr\\\/#organization\",\"name\":\"Natural Poland\",\"url\":\"https:\\\/\\\/naturalpoland.com\\\/tr\\\/\",\"logo\":{\"@type\":\"ImageObject\",\"inLanguage\":\"tr\",\"@id\":\"https:\\\/\\\/naturalpoland.com\\\/tr\\\/#\\\/schema\\\/logo\\\/image\\\/\",\"url\":\"https:\\\/\\\/naturalpoland.com\\\/wp-content\\\/uploads\\\/2021\\\/05\\\/natural-poland-icon.png\",\"contentUrl\":\"https:\\\/\\\/naturalpoland.com\\\/wp-content\\\/uploads\\\/2021\\\/05\\\/natural-poland-icon.png\",\"width\":512,\"height\":512,\"caption\":\"Natural Poland\"},\"image\":{\"@id\":\"https:\\\/\\\/naturalpoland.com\\\/tr\\\/#\\\/schema\\\/logo\\\/image\\\/\"},\"sameAs\":[\"https:\\\/\\\/www.facebook.com\\\/naturalpoland.b2b\",\"https:\\\/\\\/pl.linkedin.com\\\/company\\\/natural-poland\",\"https:\\\/\\\/www.youtube.com\\\/channel\\\/UCgeGGkvOMahZo-xu_MSEWxg\"]}]}<\/script>\n<!-- \/ Yoast SEO plugin. -->","yoast_head_json":{"title":"Acetyl Tetrapeptide-5 - NATURAL POLAND - Hurtowy Dystrybutor Surowc\u00f3w","description":"Eyeseryl olarak da bilinen Acetyl Tetrapeptide-5, benzersiz \u00f6zellikleri nedeniyle kozmetolojide kullan\u0131lan bir peptittir.","robots":{"index":"index","follow":"follow","max-snippet":"max-snippet:-1","max-image-preview":"max-image-preview:large","max-video-preview":"max-video-preview:-1"},"canonical":"https:\/\/naturalpoland.com\/tr\/urunler\/kozmetik-hammaddeleri\/peptitler\/acetyl-tetrapeptide-5\/","og_locale":"tr_TR","og_type":"article","og_title":"Acetyl Tetrapeptide-5 - NATURAL POLAND - Hurtowy Dystrybutor Surowc\u00f3w","og_description":"Eyeseryl olarak da bilinen Acetyl Tetrapeptide-5, benzersiz \u00f6zellikleri nedeniyle kozmetolojide kullan\u0131lan bir peptittir.","og_url":"https:\/\/naturalpoland.com\/tr\/urunler\/kozmetik-hammaddeleri\/peptitler\/acetyl-tetrapeptide-5\/","og_site_name":"NATURAL POLAND - Hurtowy Dystrybutor Surowc\u00f3w","article_publisher":"https:\/\/www.facebook.com\/naturalpoland.b2b","article_modified_time":"2026-02-04T12:14:11+00:00","og_image":[{"width":614,"height":614,"url":"https:\/\/naturalpoland.com\/wp-content\/uploads\/tetrapeptide-5.webp","type":"image\/webp"}],"schema":{"@context":"https:\/\/schema.org","@graph":[{"@type":"WebPage","@id":"https:\/\/naturalpoland.com\/tr\/urunler\/kozmetik-hammaddeleri\/peptitler\/acetyl-tetrapeptide-5\/","url":"https:\/\/naturalpoland.com\/tr\/urunler\/kozmetik-hammaddeleri\/peptitler\/acetyl-tetrapeptide-5\/","name":"Acetyl Tetrapeptide-5 - NATURAL POLAND - Hurtowy Dystrybutor Surowc\u00f3w","isPartOf":{"@id":"https:\/\/naturalpoland.com\/tr\/#website"},"primaryImageOfPage":{"@id":"https:\/\/naturalpoland.com\/tr\/urunler\/kozmetik-hammaddeleri\/peptitler\/acetyl-tetrapeptide-5\/#primaryimage"},"image":{"@id":"https:\/\/naturalpoland.com\/tr\/urunler\/kozmetik-hammaddeleri\/peptitler\/acetyl-tetrapeptide-5\/#primaryimage"},"thumbnailUrl":"https:\/\/naturalpoland.com\/wp-content\/uploads\/tetrapeptide-5.webp","datePublished":"2024-01-18T14:41:53+00:00","dateModified":"2026-02-04T12:14:11+00:00","description":"Eyeseryl olarak da bilinen Acetyl Tetrapeptide-5, benzersiz \u00f6zellikleri nedeniyle kozmetolojide kullan\u0131lan bir peptittir.","breadcrumb":{"@id":"https:\/\/naturalpoland.com\/tr\/urunler\/kozmetik-hammaddeleri\/peptitler\/acetyl-tetrapeptide-5\/#breadcrumb"},"inLanguage":"tr","potentialAction":[{"@type":"ReadAction","target":["https:\/\/naturalpoland.com\/tr\/urunler\/kozmetik-hammaddeleri\/peptitler\/acetyl-tetrapeptide-5\/"]}]},{"@type":"ImageObject","inLanguage":"tr","@id":"https:\/\/naturalpoland.com\/tr\/urunler\/kozmetik-hammaddeleri\/peptitler\/acetyl-tetrapeptide-5\/#primaryimage","url":"https:\/\/naturalpoland.com\/wp-content\/uploads\/tetrapeptide-5.webp","contentUrl":"https:\/\/naturalpoland.com\/wp-content\/uploads\/tetrapeptide-5.webp","width":614,"height":614,"caption":"Acetyl Tetrapeptide-5"},{"@type":"BreadcrumbList","@id":"https:\/\/naturalpoland.com\/tr\/urunler\/kozmetik-hammaddeleri\/peptitler\/acetyl-tetrapeptide-5\/#breadcrumb","itemListElement":[{"@type":"ListItem","position":1,"name":"Ana Sayfa","item":"https:\/\/naturalpoland.com\/tr\/"},{"@type":"ListItem","position":2,"name":"\u00dcr\u00fcnler","item":"https:\/\/naturalpoland.com\/tr\/urunler\/"},{"@type":"ListItem","position":3,"name":"Acetyl Tetrapeptide-5"}]},{"@type":"WebSite","@id":"https:\/\/naturalpoland.com\/tr\/#website","url":"https:\/\/naturalpoland.com\/tr\/","name":"NATURAL POLAND - Hurtowy Dystrybutor Surowc\u00f3w","description":"Surowce dla przemys\u0142u spo\u017cywczego, kosmetycznego i farmaceutycznego","publisher":{"@id":"https:\/\/naturalpoland.com\/tr\/#organization"},"potentialAction":[{"@type":"SearchAction","target":{"@type":"EntryPoint","urlTemplate":"https:\/\/naturalpoland.com\/tr\/?s={search_term_string}"},"query-input":{"@type":"PropertyValueSpecification","valueRequired":true,"valueName":"search_term_string"}}],"inLanguage":"tr"},{"@type":"Organization","@id":"https:\/\/naturalpoland.com\/tr\/#organization","name":"Natural Poland","url":"https:\/\/naturalpoland.com\/tr\/","logo":{"@type":"ImageObject","inLanguage":"tr","@id":"https:\/\/naturalpoland.com\/tr\/#\/schema\/logo\/image\/","url":"https:\/\/naturalpoland.com\/wp-content\/uploads\/2021\/05\/natural-poland-icon.png","contentUrl":"https:\/\/naturalpoland.com\/wp-content\/uploads\/2021\/05\/natural-poland-icon.png","width":512,"height":512,"caption":"Natural Poland"},"image":{"@id":"https:\/\/naturalpoland.com\/tr\/#\/schema\/logo\/image\/"},"sameAs":["https:\/\/www.facebook.com\/naturalpoland.b2b","https:\/\/pl.linkedin.com\/company\/natural-poland","https:\/\/www.youtube.com\/channel\/UCgeGGkvOMahZo-xu_MSEWxg"]}]}},"_links":{"self":[{"href":"https:\/\/naturalpoland.com\/tr\/wp-json\/wp\/v2\/product\/45458","targetHints":{"allow":["GET"]}}],"collection":[{"href":"https:\/\/naturalpoland.com\/tr\/wp-json\/wp\/v2\/product"}],"about":[{"href":"https:\/\/naturalpoland.com\/tr\/wp-json\/wp\/v2\/types\/product"}],"wp:featuredmedia":[{"embeddable":true,"href":"https:\/\/naturalpoland.com\/tr\/wp-json\/wp\/v2\/media\/45459"}],"wp:attachment":[{"href":"https:\/\/naturalpoland.com\/tr\/wp-json\/wp\/v2\/media?parent=45458"}],"wp:term":[{"taxonomy":"product_brand","embeddable":true,"href":"https:\/\/naturalpoland.com\/tr\/wp-json\/wp\/v2\/product_brand?post=45458"},{"taxonomy":"product_cat","embeddable":true,"href":"https:\/\/naturalpoland.com\/tr\/wp-json\/wp\/v2\/product_cat?post=45458"},{"taxonomy":"product_tag","embeddable":true,"href":"https:\/\/naturalpoland.com\/tr\/wp-json\/wp\/v2\/product_tag?post=45458"}],"curies":[{"name":"wp","href":"https:\/\/api.w.org\/{rel}","templated":true}]}}