{"id":45470,"date":"2024-01-04T15:26:35","date_gmt":"2024-01-04T14:26:35","guid":{"rendered":"https:\/\/naturalpoland.com\/produkty\/kategorilenmemis\/acetyl-tetrapeptyd-9\/"},"modified":"2026-02-04T13:14:59","modified_gmt":"2026-02-04T12:14:59","slug":"acetyl-tetrapeptyd-9","status":"publish","type":"product","link":"https:\/\/naturalpoland.com\/tr\/urunler\/kozmetik-hammaddeleri\/peptitler\/acetyl-tetrapeptyd-9\/","title":{"rendered":"Acetyl Tetrapeptyd-9"},"content":{"rendered":"<p>Kas kas\u0131lmalar\u0131 hakk\u0131nda bilgi ileten sinirleri bloke etme konusundaki e\u015fsiz yetene\u011fi, cildin daha rahat ve p\u00fcr\u00fczs\u00fcz hale gelmesini sa\u011flar. Acetyl Tetrapeptide-9 ayr\u0131ca proteoglikan sentezini ve kolajen \u00fcretimini uyararak cildin s\u0131k\u0131l\u0131\u011f\u0131n\u0131 ve elastikiyetini art\u0131r\u0131r. <\/p>\n<p>G\u00f6z alt\u0131 serumlar\u0131, g\u00fcnd\u00fcz ve gece kremleri ile maskeler dahil olmak \u00fczere geni\u015f bir kozmetik \u00fcr\u00fcn yelpazesinde kullan\u0131m alan\u0131 bulur ve kapsaml\u0131 ya\u015flanma kar\u015f\u0131t\u0131 ve k\u0131r\u0131\u015f\u0131kl\u0131k kar\u015f\u0131t\u0131 etki sunar. Geli\u015fmi\u015f \u00f6zellikleri sayesinde profesyonel ve l\u00fcks kozmetikte de\u011ferli bir bile\u015fendir. <\/p>\n","protected":false},"excerpt":{"rendered":"<p>Dermican olarak da bilinen Acetyl Tetrapeptide-9, cilt bak\u0131m\u0131nda y\u00fcksek potansiyele sahip bir peptittir. Etkisi kan dola\u015f\u0131m\u0131n\u0131 iyile\u015ftirmeye odaklan\u0131r ve bu da cildin daha iyi beslenmesi ve oksijenlenmesi anlam\u0131na gelir. <\/p>\n","protected":false},"featured_media":45471,"template":"","meta":{"_acf_changed":false},"product_brand":[],"product_cat":[9554],"product_tag":[],"class_list":{"0":"post-45470","1":"product","2":"type-product","3":"status-publish","4":"has-post-thumbnail","6":"product_cat-peptitler","7":"pa_metoda-pozyskiwania-biyolojik-fermantasyon","9":"first","10":"instock","11":"shipping-taxable","12":"product-type-simple"},"acf":[],"yoast_head":"<!-- This site is optimized with the Yoast SEO plugin v27.5 - https:\/\/yoast.com\/product\/yoast-seo-wordpress\/ -->\n<title>Acetyl Tetrapeptyd-9 - Hurtowy Dystrybutor<\/title>\n<meta name=\"description\" content=\"Dermican olarak da bilinen Acetyl Tetrapeptide-9, cilt bak\u0131m\u0131nda y\u00fcksek potansiyele sahip bir peptittir.\" \/>\n<meta name=\"robots\" content=\"index, follow, max-snippet:-1, max-image-preview:large, max-video-preview:-1\" \/>\n<link rel=\"canonical\" href=\"https:\/\/naturalpoland.com\/tr\/urunler\/kozmetik-hammaddeleri\/peptitler\/acetyl-tetrapeptyd-9\/\" \/>\n<meta property=\"og:locale\" content=\"tr_TR\" \/>\n<meta property=\"og:type\" content=\"article\" \/>\n<meta property=\"og:title\" content=\"Acetyl Tetrapeptyd-9 - Hurtowy Dystrybutor\" \/>\n<meta property=\"og:description\" content=\"Dermican olarak da bilinen Acetyl Tetrapeptide-9, cilt bak\u0131m\u0131nda y\u00fcksek potansiyele sahip bir peptittir.\" \/>\n<meta property=\"og:url\" content=\"https:\/\/naturalpoland.com\/tr\/urunler\/kozmetik-hammaddeleri\/peptitler\/acetyl-tetrapeptyd-9\/\" \/>\n<meta property=\"og:site_name\" content=\"NATURAL POLAND - Hurtowy Dystrybutor Surowc\u00f3w\" \/>\n<meta property=\"article:publisher\" content=\"https:\/\/www.facebook.com\/naturalpoland.b2b\" \/>\n<meta property=\"article:modified_time\" content=\"2026-02-04T12:14:59+00:00\" \/>\n<meta property=\"og:image\" content=\"https:\/\/naturalpoland.com\/wp-content\/uploads\/acetyl_tetrapeptide-9.webp\" \/>\n\t<meta property=\"og:image:width\" content=\"612\" \/>\n\t<meta property=\"og:image:height\" content=\"612\" \/>\n\t<meta property=\"og:image:type\" content=\"image\/webp\" \/>\n<script type=\"application\/ld+json\" class=\"yoast-schema-graph\">{\"@context\":\"https:\\\/\\\/schema.org\",\"@graph\":[{\"@type\":\"WebPage\",\"@id\":\"https:\\\/\\\/naturalpoland.com\\\/tr\\\/urunler\\\/kozmetik-hammaddeleri\\\/peptitler\\\/acetyl-tetrapeptyd-9\\\/\",\"url\":\"https:\\\/\\\/naturalpoland.com\\\/tr\\\/urunler\\\/kozmetik-hammaddeleri\\\/peptitler\\\/acetyl-tetrapeptyd-9\\\/\",\"name\":\"Acetyl Tetrapeptyd-9 - Hurtowy Dystrybutor\",\"isPartOf\":{\"@id\":\"https:\\\/\\\/naturalpoland.com\\\/tr\\\/#website\"},\"primaryImageOfPage\":{\"@id\":\"https:\\\/\\\/naturalpoland.com\\\/tr\\\/urunler\\\/kozmetik-hammaddeleri\\\/peptitler\\\/acetyl-tetrapeptyd-9\\\/#primaryimage\"},\"image\":{\"@id\":\"https:\\\/\\\/naturalpoland.com\\\/tr\\\/urunler\\\/kozmetik-hammaddeleri\\\/peptitler\\\/acetyl-tetrapeptyd-9\\\/#primaryimage\"},\"thumbnailUrl\":\"https:\\\/\\\/naturalpoland.com\\\/wp-content\\\/uploads\\\/acetyl_tetrapeptide-9.webp\",\"datePublished\":\"2024-01-04T14:26:35+00:00\",\"dateModified\":\"2026-02-04T12:14:59+00:00\",\"description\":\"Dermican olarak da bilinen Acetyl Tetrapeptide-9, cilt bak\u0131m\u0131nda y\u00fcksek potansiyele sahip bir peptittir.\",\"breadcrumb\":{\"@id\":\"https:\\\/\\\/naturalpoland.com\\\/tr\\\/urunler\\\/kozmetik-hammaddeleri\\\/peptitler\\\/acetyl-tetrapeptyd-9\\\/#breadcrumb\"},\"inLanguage\":\"tr\",\"potentialAction\":[{\"@type\":\"ReadAction\",\"target\":[\"https:\\\/\\\/naturalpoland.com\\\/tr\\\/urunler\\\/kozmetik-hammaddeleri\\\/peptitler\\\/acetyl-tetrapeptyd-9\\\/\"]}]},{\"@type\":\"ImageObject\",\"inLanguage\":\"tr\",\"@id\":\"https:\\\/\\\/naturalpoland.com\\\/tr\\\/urunler\\\/kozmetik-hammaddeleri\\\/peptitler\\\/acetyl-tetrapeptyd-9\\\/#primaryimage\",\"url\":\"https:\\\/\\\/naturalpoland.com\\\/wp-content\\\/uploads\\\/acetyl_tetrapeptide-9.webp\",\"contentUrl\":\"https:\\\/\\\/naturalpoland.com\\\/wp-content\\\/uploads\\\/acetyl_tetrapeptide-9.webp\",\"width\":612,\"height\":612,\"caption\":\"Acetyl Tetrapeptide-9\"},{\"@type\":\"BreadcrumbList\",\"@id\":\"https:\\\/\\\/naturalpoland.com\\\/tr\\\/urunler\\\/kozmetik-hammaddeleri\\\/peptitler\\\/acetyl-tetrapeptyd-9\\\/#breadcrumb\",\"itemListElement\":[{\"@type\":\"ListItem\",\"position\":1,\"name\":\"Ana Sayfa\",\"item\":\"https:\\\/\\\/naturalpoland.com\\\/tr\\\/\"},{\"@type\":\"ListItem\",\"position\":2,\"name\":\"\u00dcr\u00fcnler\",\"item\":\"https:\\\/\\\/naturalpoland.com\\\/tr\\\/urunler\\\/\"},{\"@type\":\"ListItem\",\"position\":3,\"name\":\"Acetyl Tetrapeptyd-9\"}]},{\"@type\":\"WebSite\",\"@id\":\"https:\\\/\\\/naturalpoland.com\\\/tr\\\/#website\",\"url\":\"https:\\\/\\\/naturalpoland.com\\\/tr\\\/\",\"name\":\"NATURAL POLAND - Hurtowy Dystrybutor Surowc\u00f3w\",\"description\":\"Surowce dla przemys\u0142u spo\u017cywczego, kosmetycznego i farmaceutycznego\",\"publisher\":{\"@id\":\"https:\\\/\\\/naturalpoland.com\\\/tr\\\/#organization\"},\"potentialAction\":[{\"@type\":\"SearchAction\",\"target\":{\"@type\":\"EntryPoint\",\"urlTemplate\":\"https:\\\/\\\/naturalpoland.com\\\/tr\\\/?s={search_term_string}\"},\"query-input\":{\"@type\":\"PropertyValueSpecification\",\"valueRequired\":true,\"valueName\":\"search_term_string\"}}],\"inLanguage\":\"tr\"},{\"@type\":\"Organization\",\"@id\":\"https:\\\/\\\/naturalpoland.com\\\/tr\\\/#organization\",\"name\":\"Natural Poland\",\"url\":\"https:\\\/\\\/naturalpoland.com\\\/tr\\\/\",\"logo\":{\"@type\":\"ImageObject\",\"inLanguage\":\"tr\",\"@id\":\"https:\\\/\\\/naturalpoland.com\\\/tr\\\/#\\\/schema\\\/logo\\\/image\\\/\",\"url\":\"https:\\\/\\\/naturalpoland.com\\\/wp-content\\\/uploads\\\/2021\\\/05\\\/natural-poland-icon.png\",\"contentUrl\":\"https:\\\/\\\/naturalpoland.com\\\/wp-content\\\/uploads\\\/2021\\\/05\\\/natural-poland-icon.png\",\"width\":512,\"height\":512,\"caption\":\"Natural Poland\"},\"image\":{\"@id\":\"https:\\\/\\\/naturalpoland.com\\\/tr\\\/#\\\/schema\\\/logo\\\/image\\\/\"},\"sameAs\":[\"https:\\\/\\\/www.facebook.com\\\/naturalpoland.b2b\",\"https:\\\/\\\/pl.linkedin.com\\\/company\\\/natural-poland\",\"https:\\\/\\\/www.youtube.com\\\/channel\\\/UCgeGGkvOMahZo-xu_MSEWxg\"]}]}<\/script>\n<!-- \/ Yoast SEO plugin. -->","yoast_head_json":{"title":"Acetyl Tetrapeptyd-9 - Hurtowy Dystrybutor","description":"Dermican olarak da bilinen Acetyl Tetrapeptide-9, cilt bak\u0131m\u0131nda y\u00fcksek potansiyele sahip bir peptittir.","robots":{"index":"index","follow":"follow","max-snippet":"max-snippet:-1","max-image-preview":"max-image-preview:large","max-video-preview":"max-video-preview:-1"},"canonical":"https:\/\/naturalpoland.com\/tr\/urunler\/kozmetik-hammaddeleri\/peptitler\/acetyl-tetrapeptyd-9\/","og_locale":"tr_TR","og_type":"article","og_title":"Acetyl Tetrapeptyd-9 - Hurtowy Dystrybutor","og_description":"Dermican olarak da bilinen Acetyl Tetrapeptide-9, cilt bak\u0131m\u0131nda y\u00fcksek potansiyele sahip bir peptittir.","og_url":"https:\/\/naturalpoland.com\/tr\/urunler\/kozmetik-hammaddeleri\/peptitler\/acetyl-tetrapeptyd-9\/","og_site_name":"NATURAL POLAND - Hurtowy Dystrybutor Surowc\u00f3w","article_publisher":"https:\/\/www.facebook.com\/naturalpoland.b2b","article_modified_time":"2026-02-04T12:14:59+00:00","og_image":[{"width":612,"height":612,"url":"https:\/\/naturalpoland.com\/wp-content\/uploads\/acetyl_tetrapeptide-9.webp","type":"image\/webp"}],"schema":{"@context":"https:\/\/schema.org","@graph":[{"@type":"WebPage","@id":"https:\/\/naturalpoland.com\/tr\/urunler\/kozmetik-hammaddeleri\/peptitler\/acetyl-tetrapeptyd-9\/","url":"https:\/\/naturalpoland.com\/tr\/urunler\/kozmetik-hammaddeleri\/peptitler\/acetyl-tetrapeptyd-9\/","name":"Acetyl Tetrapeptyd-9 - Hurtowy Dystrybutor","isPartOf":{"@id":"https:\/\/naturalpoland.com\/tr\/#website"},"primaryImageOfPage":{"@id":"https:\/\/naturalpoland.com\/tr\/urunler\/kozmetik-hammaddeleri\/peptitler\/acetyl-tetrapeptyd-9\/#primaryimage"},"image":{"@id":"https:\/\/naturalpoland.com\/tr\/urunler\/kozmetik-hammaddeleri\/peptitler\/acetyl-tetrapeptyd-9\/#primaryimage"},"thumbnailUrl":"https:\/\/naturalpoland.com\/wp-content\/uploads\/acetyl_tetrapeptide-9.webp","datePublished":"2024-01-04T14:26:35+00:00","dateModified":"2026-02-04T12:14:59+00:00","description":"Dermican olarak da bilinen Acetyl Tetrapeptide-9, cilt bak\u0131m\u0131nda y\u00fcksek potansiyele sahip bir peptittir.","breadcrumb":{"@id":"https:\/\/naturalpoland.com\/tr\/urunler\/kozmetik-hammaddeleri\/peptitler\/acetyl-tetrapeptyd-9\/#breadcrumb"},"inLanguage":"tr","potentialAction":[{"@type":"ReadAction","target":["https:\/\/naturalpoland.com\/tr\/urunler\/kozmetik-hammaddeleri\/peptitler\/acetyl-tetrapeptyd-9\/"]}]},{"@type":"ImageObject","inLanguage":"tr","@id":"https:\/\/naturalpoland.com\/tr\/urunler\/kozmetik-hammaddeleri\/peptitler\/acetyl-tetrapeptyd-9\/#primaryimage","url":"https:\/\/naturalpoland.com\/wp-content\/uploads\/acetyl_tetrapeptide-9.webp","contentUrl":"https:\/\/naturalpoland.com\/wp-content\/uploads\/acetyl_tetrapeptide-9.webp","width":612,"height":612,"caption":"Acetyl Tetrapeptide-9"},{"@type":"BreadcrumbList","@id":"https:\/\/naturalpoland.com\/tr\/urunler\/kozmetik-hammaddeleri\/peptitler\/acetyl-tetrapeptyd-9\/#breadcrumb","itemListElement":[{"@type":"ListItem","position":1,"name":"Ana Sayfa","item":"https:\/\/naturalpoland.com\/tr\/"},{"@type":"ListItem","position":2,"name":"\u00dcr\u00fcnler","item":"https:\/\/naturalpoland.com\/tr\/urunler\/"},{"@type":"ListItem","position":3,"name":"Acetyl Tetrapeptyd-9"}]},{"@type":"WebSite","@id":"https:\/\/naturalpoland.com\/tr\/#website","url":"https:\/\/naturalpoland.com\/tr\/","name":"NATURAL POLAND - Hurtowy Dystrybutor Surowc\u00f3w","description":"Surowce dla przemys\u0142u spo\u017cywczego, kosmetycznego i farmaceutycznego","publisher":{"@id":"https:\/\/naturalpoland.com\/tr\/#organization"},"potentialAction":[{"@type":"SearchAction","target":{"@type":"EntryPoint","urlTemplate":"https:\/\/naturalpoland.com\/tr\/?s={search_term_string}"},"query-input":{"@type":"PropertyValueSpecification","valueRequired":true,"valueName":"search_term_string"}}],"inLanguage":"tr"},{"@type":"Organization","@id":"https:\/\/naturalpoland.com\/tr\/#organization","name":"Natural Poland","url":"https:\/\/naturalpoland.com\/tr\/","logo":{"@type":"ImageObject","inLanguage":"tr","@id":"https:\/\/naturalpoland.com\/tr\/#\/schema\/logo\/image\/","url":"https:\/\/naturalpoland.com\/wp-content\/uploads\/2021\/05\/natural-poland-icon.png","contentUrl":"https:\/\/naturalpoland.com\/wp-content\/uploads\/2021\/05\/natural-poland-icon.png","width":512,"height":512,"caption":"Natural Poland"},"image":{"@id":"https:\/\/naturalpoland.com\/tr\/#\/schema\/logo\/image\/"},"sameAs":["https:\/\/www.facebook.com\/naturalpoland.b2b","https:\/\/pl.linkedin.com\/company\/natural-poland","https:\/\/www.youtube.com\/channel\/UCgeGGkvOMahZo-xu_MSEWxg"]}]}},"_links":{"self":[{"href":"https:\/\/naturalpoland.com\/tr\/wp-json\/wp\/v2\/product\/45470","targetHints":{"allow":["GET"]}}],"collection":[{"href":"https:\/\/naturalpoland.com\/tr\/wp-json\/wp\/v2\/product"}],"about":[{"href":"https:\/\/naturalpoland.com\/tr\/wp-json\/wp\/v2\/types\/product"}],"wp:featuredmedia":[{"embeddable":true,"href":"https:\/\/naturalpoland.com\/tr\/wp-json\/wp\/v2\/media\/45471"}],"wp:attachment":[{"href":"https:\/\/naturalpoland.com\/tr\/wp-json\/wp\/v2\/media?parent=45470"}],"wp:term":[{"taxonomy":"product_brand","embeddable":true,"href":"https:\/\/naturalpoland.com\/tr\/wp-json\/wp\/v2\/product_brand?post=45470"},{"taxonomy":"product_cat","embeddable":true,"href":"https:\/\/naturalpoland.com\/tr\/wp-json\/wp\/v2\/product_cat?post=45470"},{"taxonomy":"product_tag","embeddable":true,"href":"https:\/\/naturalpoland.com\/tr\/wp-json\/wp\/v2\/product_tag?post=45470"}],"curies":[{"name":"wp","href":"https:\/\/api.w.org\/{rel}","templated":true}]}}