{"id":45480,"date":"2024-04-10T12:40:15","date_gmt":"2024-04-10T10:40:15","guid":{"rendered":"https:\/\/naturalpoland.com\/produkty\/kategorilenmemis\/misir-nisastasi\/"},"modified":"2026-02-04T13:18:48","modified_gmt":"2026-02-04T12:18:48","slug":"misir-nisastasi","status":"publish","type":"product","link":"https:\/\/naturalpoland.com\/tr\/urunler\/gida-hammaddeleri\/uretim-hammaddeleri\/misir-nisastasi\/","title":{"rendered":"M\u0131s\u0131r Ni\u015fastas\u0131"},"content":{"rendered":"<p><strong>M\u0131s\u0131r ni\u015fastas\u0131n\u0131n \u00f6zellikleri ve kullan\u0131m alanlar\u0131<\/strong><\/p>\n<p>M\u0131s\u0131r ni\u015fastas\u0131 beyaz renge sahiptir ve tipik, hafif tat ve koku ile karakterize edilir. D\u00f6kme ve hafif k\u0131vam\u0131, f\u0131r\u0131nc\u0131l\u0131k \u00fcr\u00fcnlerinden tatl\u0131lar ve i\u00e7eceklere kadar \u00e7e\u015fitli form\u00fcllere kolayca dahil edilmesini sa\u011flar. M\u0131s\u0131r ni\u015fastas\u0131 \u0131s\u0131t\u0131ld\u0131\u011f\u0131nda jel olu\u015fturma kabiliyetine sahiptir, bu \u00f6zellik soslar\u0131, \u00e7orbalar\u0131 veya pasta dolgular\u0131n\u0131 koyula\u015ft\u0131rmak i\u00e7in kullan\u0131l\u0131r ve ayn\u0131 zamanda yemeklere berrakl\u0131k ve parlak g\u00f6r\u00fcn\u00fcm sa\u011flar.  <\/p>\n<p><strong><a href=\"https:\/\/naturalpoland.com\/tr\/kategori\/farmasotik-hammaddeler\/\">\u0130la\u00e7 end\u00fcstrisinde<\/a><\/strong> m\u0131s\u0131r ni\u015fastas\u0131 tablet ve kaps\u00fcllerde dolgu maddesi olarak kullan\u0131l\u0131r, burada aktif maddelerin ta\u015f\u0131y\u0131c\u0131s\u0131 g\u00f6revi g\u00f6rerek dozajlar\u0131n\u0131 ve sal\u0131n\u0131mlar\u0131n\u0131 kolayla\u015ft\u0131r\u0131r.<\/p>\n<p>Ayr\u0131ca, nem ba\u011flama \u00f6zellikleri sayesinde <strong>kozmetik \u00fcretiminde<\/strong> de\u011ferli bir bile\u015fendir, burada \u00fcr\u00fcnlerin viskozitesini kontrol etmek ve ciltteki fazla sebumun do\u011fal emici maddesi olarak kullan\u0131l\u0131r.<\/p>\n<p><strong>G\u00fcvenlik<\/strong><\/p>\n<p>Bu \u00fcr\u00fcn ayn\u0131 zamanda olumlu g\u00fcvenlik profili ile karakterize edilir. M\u0131s\u0131r ni\u015fastas\u0131 GMO i\u00e7ermez ve \u00fcretimi koruyucu madde kullan\u0131lmadan ger\u00e7ekle\u015ftirilir. Fizikokimyasal kontroller d\u00fc\u015f\u00fck nem, k\u00fcl ve protein i\u00e7eri\u011fini do\u011frulayarak bile\u015fenin y\u00fcksek safl\u0131\u011f\u0131n\u0131 g\u00f6sterir. Ayr\u0131ca, bu ni\u015fasta a\u011f\u0131r metaller ve mikotoksinler konusunda s\u0131k\u0131 normlar\u0131 kar\u015f\u0131layarak kullan\u0131m g\u00fcvenli\u011fini garanti eder.   <\/p>\n<hr>\n<h3>Besin de\u011ferleri<\/h3>\n<table>\n<tbody>\n<tr>\n<td><b>\u00dcr\u00fcn\u00fcn besin de\u011feri<\/b><\/td>\n<td><b>100g&#8217;da<\/b><\/td>\n<\/tr>\n<tr>\n<td>Enerji de\u011feri<\/td>\n<td>1493 kJ \/ 351 kcal<\/td>\n<\/tr>\n<tr>\n<td>Ya\u011f<\/td>\n<td>0 g<\/td>\n<\/tr>\n<tr>\n<td>bunun i\u00e7inde doymu\u015f ya\u011f asitleri<\/td>\n<td>0 g<\/td>\n<\/tr>\n<tr>\n<td>Karbonhidrat<\/td>\n<td>86,8 g<\/td>\n<\/tr>\n<tr>\n<td>bunun i\u00e7inde \u015fekerler<\/td>\n<td>0,9 g<\/td>\n<\/tr>\n<tr>\n<td>Lif<\/td>\n<td>1,7 g<\/td>\n<\/tr>\n<tr>\n<td>Protein<\/td>\n<td>0,2 g<\/td>\n<\/tr>\n<tr>\n<td>Tuz *<\/td>\n<td>0,01 g<\/td>\n<\/tr>\n<\/tbody>\n<\/table>\n<p>*Tuz i\u00e7eri\u011fi yaln\u0131zca do\u011fal olarak bulunan sodyumun varl\u0131\u011f\u0131ndan kaynaklanmaktad\u0131r.<\/p>\n","protected":false},"excerpt":{"rendered":"<p>M\u0131s\u0131r ni\u015fastas\u0131, g\u0131da, ila\u00e7 ve kozmetik end\u00fcstrisinde takdir g\u00f6ren \u00e7ok y\u00f6nl\u00fc bir bile\u015fendir. M\u0131s\u0131r tanelerinden elde edilen do\u011fal bir polimerdir. <\/p>\n","protected":false},"featured_media":45483,"template":"","meta":{"_acf_changed":false},"product_brand":[],"product_cat":[9572],"product_tag":[],"class_list":{"0":"post-45480","1":"product","2":"type-product","3":"status-publish","4":"has-post-thumbnail","6":"product_cat-uretim-hammaddeleri","8":"first","9":"instock","10":"shipping-taxable","11":"product-type-simple"},"acf":[],"yoast_head":"<!-- This site is optimized with the Yoast SEO plugin v27.6 - https:\/\/yoast.com\/product\/yoast-seo-wordpress\/ -->\n<title>M\u0131s\u0131r Ni\u015fastas\u0131 - Hurtowy Dystrybutor<\/title>\n<meta name=\"description\" content=\"M\u0131s\u0131r ni\u015fastas\u0131, \u00f6zellikleri sayesinde y\u00fcksek kaliteli \u00fcr\u00fcnler yaratmay\u0131 hedefleyen \u00fcreticiler i\u00e7in kilit bir bile\u015fendir.\" \/>\n<meta name=\"robots\" content=\"index, follow, max-snippet:-1, max-image-preview:large, max-video-preview:-1\" \/>\n<link rel=\"canonical\" href=\"https:\/\/naturalpoland.com\/tr\/urunler\/gida-hammaddeleri\/uretim-hammaddeleri\/misir-nisastasi\/\" \/>\n<meta property=\"og:locale\" content=\"tr_TR\" \/>\n<meta property=\"og:type\" content=\"article\" \/>\n<meta property=\"og:title\" content=\"M\u0131s\u0131r Ni\u015fastas\u0131 - Hurtowy Dystrybutor\" \/>\n<meta property=\"og:description\" content=\"M\u0131s\u0131r ni\u015fastas\u0131, \u00f6zellikleri sayesinde y\u00fcksek kaliteli \u00fcr\u00fcnler yaratmay\u0131 hedefleyen \u00fcreticiler i\u00e7in kilit bir bile\u015fendir.\" \/>\n<meta property=\"og:url\" content=\"https:\/\/naturalpoland.com\/tr\/urunler\/gida-hammaddeleri\/uretim-hammaddeleri\/misir-nisastasi\/\" \/>\n<meta property=\"og:site_name\" content=\"NATURAL POLAND - Hurtowy Dystrybutor Surowc\u00f3w\" \/>\n<meta property=\"article:publisher\" content=\"https:\/\/www.facebook.com\/naturalpoland.b2b\" \/>\n<meta property=\"article:modified_time\" content=\"2026-02-04T12:18:48+00:00\" \/>\n<meta property=\"og:image\" content=\"https:\/\/naturalpoland.com\/wp-content\/uploads\/skrobia-kukurydziana-1.jpg\" \/>\n\t<meta property=\"og:image:width\" content=\"500\" \/>\n\t<meta property=\"og:image:height\" content=\"500\" \/>\n\t<meta property=\"og:image:type\" content=\"image\/jpeg\" \/>\n<script type=\"application\/ld+json\" class=\"yoast-schema-graph\">{\"@context\":\"https:\\\/\\\/schema.org\",\"@graph\":[{\"@type\":\"WebPage\",\"@id\":\"https:\\\/\\\/naturalpoland.com\\\/tr\\\/urunler\\\/gida-hammaddeleri\\\/uretim-hammaddeleri\\\/misir-nisastasi\\\/\",\"url\":\"https:\\\/\\\/naturalpoland.com\\\/tr\\\/urunler\\\/gida-hammaddeleri\\\/uretim-hammaddeleri\\\/misir-nisastasi\\\/\",\"name\":\"M\u0131s\u0131r Ni\u015fastas\u0131 - Hurtowy Dystrybutor\",\"isPartOf\":{\"@id\":\"https:\\\/\\\/naturalpoland.com\\\/tr\\\/#website\"},\"primaryImageOfPage\":{\"@id\":\"https:\\\/\\\/naturalpoland.com\\\/tr\\\/urunler\\\/gida-hammaddeleri\\\/uretim-hammaddeleri\\\/misir-nisastasi\\\/#primaryimage\"},\"image\":{\"@id\":\"https:\\\/\\\/naturalpoland.com\\\/tr\\\/urunler\\\/gida-hammaddeleri\\\/uretim-hammaddeleri\\\/misir-nisastasi\\\/#primaryimage\"},\"thumbnailUrl\":\"https:\\\/\\\/naturalpoland.com\\\/wp-content\\\/uploads\\\/skrobia-kukurydziana-1.jpg\",\"datePublished\":\"2024-04-10T10:40:15+00:00\",\"dateModified\":\"2026-02-04T12:18:48+00:00\",\"description\":\"M\u0131s\u0131r ni\u015fastas\u0131, \u00f6zellikleri sayesinde y\u00fcksek kaliteli \u00fcr\u00fcnler yaratmay\u0131 hedefleyen \u00fcreticiler i\u00e7in kilit bir bile\u015fendir.\",\"breadcrumb\":{\"@id\":\"https:\\\/\\\/naturalpoland.com\\\/tr\\\/urunler\\\/gida-hammaddeleri\\\/uretim-hammaddeleri\\\/misir-nisastasi\\\/#breadcrumb\"},\"inLanguage\":\"tr\",\"potentialAction\":[{\"@type\":\"ReadAction\",\"target\":[\"https:\\\/\\\/naturalpoland.com\\\/tr\\\/urunler\\\/gida-hammaddeleri\\\/uretim-hammaddeleri\\\/misir-nisastasi\\\/\"]}]},{\"@type\":\"ImageObject\",\"inLanguage\":\"tr\",\"@id\":\"https:\\\/\\\/naturalpoland.com\\\/tr\\\/urunler\\\/gida-hammaddeleri\\\/uretim-hammaddeleri\\\/misir-nisastasi\\\/#primaryimage\",\"url\":\"https:\\\/\\\/naturalpoland.com\\\/wp-content\\\/uploads\\\/skrobia-kukurydziana-1.jpg\",\"contentUrl\":\"https:\\\/\\\/naturalpoland.com\\\/wp-content\\\/uploads\\\/skrobia-kukurydziana-1.jpg\",\"width\":500,\"height\":500,\"caption\":\"m\u0131s\u0131r ni\u015fastas\u0131\"},{\"@type\":\"BreadcrumbList\",\"@id\":\"https:\\\/\\\/naturalpoland.com\\\/tr\\\/urunler\\\/gida-hammaddeleri\\\/uretim-hammaddeleri\\\/misir-nisastasi\\\/#breadcrumb\",\"itemListElement\":[{\"@type\":\"ListItem\",\"position\":1,\"name\":\"Ana Sayfa\",\"item\":\"https:\\\/\\\/naturalpoland.com\\\/tr\\\/\"},{\"@type\":\"ListItem\",\"position\":2,\"name\":\"\u00dcr\u00fcnler\",\"item\":\"https:\\\/\\\/naturalpoland.com\\\/tr\\\/urunler\\\/\"},{\"@type\":\"ListItem\",\"position\":3,\"name\":\"M\u0131s\u0131r Ni\u015fastas\u0131\"}]},{\"@type\":\"WebSite\",\"@id\":\"https:\\\/\\\/naturalpoland.com\\\/tr\\\/#website\",\"url\":\"https:\\\/\\\/naturalpoland.com\\\/tr\\\/\",\"name\":\"NATURAL POLAND - Hurtowy Dystrybutor Surowc\u00f3w\",\"description\":\"Surowce dla przemys\u0142u spo\u017cywczego, kosmetycznego i farmaceutycznego\",\"publisher\":{\"@id\":\"https:\\\/\\\/naturalpoland.com\\\/tr\\\/#organization\"},\"potentialAction\":[{\"@type\":\"SearchAction\",\"target\":{\"@type\":\"EntryPoint\",\"urlTemplate\":\"https:\\\/\\\/naturalpoland.com\\\/tr\\\/?s={search_term_string}\"},\"query-input\":{\"@type\":\"PropertyValueSpecification\",\"valueRequired\":true,\"valueName\":\"search_term_string\"}}],\"inLanguage\":\"tr\"},{\"@type\":\"Organization\",\"@id\":\"https:\\\/\\\/naturalpoland.com\\\/tr\\\/#organization\",\"name\":\"Natural Poland\",\"url\":\"https:\\\/\\\/naturalpoland.com\\\/tr\\\/\",\"logo\":{\"@type\":\"ImageObject\",\"inLanguage\":\"tr\",\"@id\":\"https:\\\/\\\/naturalpoland.com\\\/tr\\\/#\\\/schema\\\/logo\\\/image\\\/\",\"url\":\"https:\\\/\\\/naturalpoland.com\\\/wp-content\\\/uploads\\\/2021\\\/05\\\/natural-poland-icon.png\",\"contentUrl\":\"https:\\\/\\\/naturalpoland.com\\\/wp-content\\\/uploads\\\/2021\\\/05\\\/natural-poland-icon.png\",\"width\":512,\"height\":512,\"caption\":\"Natural Poland\"},\"image\":{\"@id\":\"https:\\\/\\\/naturalpoland.com\\\/tr\\\/#\\\/schema\\\/logo\\\/image\\\/\"},\"sameAs\":[\"https:\\\/\\\/www.facebook.com\\\/naturalpoland.b2b\",\"https:\\\/\\\/pl.linkedin.com\\\/company\\\/natural-poland\",\"https:\\\/\\\/www.youtube.com\\\/channel\\\/UCgeGGkvOMahZo-xu_MSEWxg\"]}]}<\/script>\n<!-- \/ Yoast SEO plugin. -->","yoast_head_json":{"title":"M\u0131s\u0131r Ni\u015fastas\u0131 - Hurtowy Dystrybutor","description":"M\u0131s\u0131r ni\u015fastas\u0131, \u00f6zellikleri sayesinde y\u00fcksek kaliteli \u00fcr\u00fcnler yaratmay\u0131 hedefleyen \u00fcreticiler i\u00e7in kilit bir bile\u015fendir.","robots":{"index":"index","follow":"follow","max-snippet":"max-snippet:-1","max-image-preview":"max-image-preview:large","max-video-preview":"max-video-preview:-1"},"canonical":"https:\/\/naturalpoland.com\/tr\/urunler\/gida-hammaddeleri\/uretim-hammaddeleri\/misir-nisastasi\/","og_locale":"tr_TR","og_type":"article","og_title":"M\u0131s\u0131r Ni\u015fastas\u0131 - Hurtowy Dystrybutor","og_description":"M\u0131s\u0131r ni\u015fastas\u0131, \u00f6zellikleri sayesinde y\u00fcksek kaliteli \u00fcr\u00fcnler yaratmay\u0131 hedefleyen \u00fcreticiler i\u00e7in kilit bir bile\u015fendir.","og_url":"https:\/\/naturalpoland.com\/tr\/urunler\/gida-hammaddeleri\/uretim-hammaddeleri\/misir-nisastasi\/","og_site_name":"NATURAL POLAND - Hurtowy Dystrybutor Surowc\u00f3w","article_publisher":"https:\/\/www.facebook.com\/naturalpoland.b2b","article_modified_time":"2026-02-04T12:18:48+00:00","og_image":[{"width":500,"height":500,"url":"https:\/\/naturalpoland.com\/wp-content\/uploads\/skrobia-kukurydziana-1.jpg","type":"image\/jpeg"}],"schema":{"@context":"https:\/\/schema.org","@graph":[{"@type":"WebPage","@id":"https:\/\/naturalpoland.com\/tr\/urunler\/gida-hammaddeleri\/uretim-hammaddeleri\/misir-nisastasi\/","url":"https:\/\/naturalpoland.com\/tr\/urunler\/gida-hammaddeleri\/uretim-hammaddeleri\/misir-nisastasi\/","name":"M\u0131s\u0131r Ni\u015fastas\u0131 - Hurtowy Dystrybutor","isPartOf":{"@id":"https:\/\/naturalpoland.com\/tr\/#website"},"primaryImageOfPage":{"@id":"https:\/\/naturalpoland.com\/tr\/urunler\/gida-hammaddeleri\/uretim-hammaddeleri\/misir-nisastasi\/#primaryimage"},"image":{"@id":"https:\/\/naturalpoland.com\/tr\/urunler\/gida-hammaddeleri\/uretim-hammaddeleri\/misir-nisastasi\/#primaryimage"},"thumbnailUrl":"https:\/\/naturalpoland.com\/wp-content\/uploads\/skrobia-kukurydziana-1.jpg","datePublished":"2024-04-10T10:40:15+00:00","dateModified":"2026-02-04T12:18:48+00:00","description":"M\u0131s\u0131r ni\u015fastas\u0131, \u00f6zellikleri sayesinde y\u00fcksek kaliteli \u00fcr\u00fcnler yaratmay\u0131 hedefleyen \u00fcreticiler i\u00e7in kilit bir bile\u015fendir.","breadcrumb":{"@id":"https:\/\/naturalpoland.com\/tr\/urunler\/gida-hammaddeleri\/uretim-hammaddeleri\/misir-nisastasi\/#breadcrumb"},"inLanguage":"tr","potentialAction":[{"@type":"ReadAction","target":["https:\/\/naturalpoland.com\/tr\/urunler\/gida-hammaddeleri\/uretim-hammaddeleri\/misir-nisastasi\/"]}]},{"@type":"ImageObject","inLanguage":"tr","@id":"https:\/\/naturalpoland.com\/tr\/urunler\/gida-hammaddeleri\/uretim-hammaddeleri\/misir-nisastasi\/#primaryimage","url":"https:\/\/naturalpoland.com\/wp-content\/uploads\/skrobia-kukurydziana-1.jpg","contentUrl":"https:\/\/naturalpoland.com\/wp-content\/uploads\/skrobia-kukurydziana-1.jpg","width":500,"height":500,"caption":"m\u0131s\u0131r ni\u015fastas\u0131"},{"@type":"BreadcrumbList","@id":"https:\/\/naturalpoland.com\/tr\/urunler\/gida-hammaddeleri\/uretim-hammaddeleri\/misir-nisastasi\/#breadcrumb","itemListElement":[{"@type":"ListItem","position":1,"name":"Ana Sayfa","item":"https:\/\/naturalpoland.com\/tr\/"},{"@type":"ListItem","position":2,"name":"\u00dcr\u00fcnler","item":"https:\/\/naturalpoland.com\/tr\/urunler\/"},{"@type":"ListItem","position":3,"name":"M\u0131s\u0131r Ni\u015fastas\u0131"}]},{"@type":"WebSite","@id":"https:\/\/naturalpoland.com\/tr\/#website","url":"https:\/\/naturalpoland.com\/tr\/","name":"NATURAL POLAND - Hurtowy Dystrybutor Surowc\u00f3w","description":"Surowce dla przemys\u0142u spo\u017cywczego, kosmetycznego i farmaceutycznego","publisher":{"@id":"https:\/\/naturalpoland.com\/tr\/#organization"},"potentialAction":[{"@type":"SearchAction","target":{"@type":"EntryPoint","urlTemplate":"https:\/\/naturalpoland.com\/tr\/?s={search_term_string}"},"query-input":{"@type":"PropertyValueSpecification","valueRequired":true,"valueName":"search_term_string"}}],"inLanguage":"tr"},{"@type":"Organization","@id":"https:\/\/naturalpoland.com\/tr\/#organization","name":"Natural Poland","url":"https:\/\/naturalpoland.com\/tr\/","logo":{"@type":"ImageObject","inLanguage":"tr","@id":"https:\/\/naturalpoland.com\/tr\/#\/schema\/logo\/image\/","url":"https:\/\/naturalpoland.com\/wp-content\/uploads\/2021\/05\/natural-poland-icon.png","contentUrl":"https:\/\/naturalpoland.com\/wp-content\/uploads\/2021\/05\/natural-poland-icon.png","width":512,"height":512,"caption":"Natural Poland"},"image":{"@id":"https:\/\/naturalpoland.com\/tr\/#\/schema\/logo\/image\/"},"sameAs":["https:\/\/www.facebook.com\/naturalpoland.b2b","https:\/\/pl.linkedin.com\/company\/natural-poland","https:\/\/www.youtube.com\/channel\/UCgeGGkvOMahZo-xu_MSEWxg"]}]}},"_links":{"self":[{"href":"https:\/\/naturalpoland.com\/tr\/wp-json\/wp\/v2\/product\/45480","targetHints":{"allow":["GET"]}}],"collection":[{"href":"https:\/\/naturalpoland.com\/tr\/wp-json\/wp\/v2\/product"}],"about":[{"href":"https:\/\/naturalpoland.com\/tr\/wp-json\/wp\/v2\/types\/product"}],"wp:featuredmedia":[{"embeddable":true,"href":"https:\/\/naturalpoland.com\/tr\/wp-json\/wp\/v2\/media\/45483"}],"wp:attachment":[{"href":"https:\/\/naturalpoland.com\/tr\/wp-json\/wp\/v2\/media?parent=45480"}],"wp:term":[{"taxonomy":"product_brand","embeddable":true,"href":"https:\/\/naturalpoland.com\/tr\/wp-json\/wp\/v2\/product_brand?post=45480"},{"taxonomy":"product_cat","embeddable":true,"href":"https:\/\/naturalpoland.com\/tr\/wp-json\/wp\/v2\/product_cat?post=45480"},{"taxonomy":"product_tag","embeddable":true,"href":"https:\/\/naturalpoland.com\/tr\/wp-json\/wp\/v2\/product_tag?post=45480"}],"curies":[{"name":"wp","href":"https:\/\/api.w.org\/{rel}","templated":true}]}}