{"id":45484,"date":"2024-02-22T16:32:29","date_gmt":"2024-02-22T15:32:29","guid":{"rendered":"https:\/\/naturalpoland.com\/produkty\/kategorilenmemis\/schisandra-meyvesi-ekstrakti\/"},"modified":"2026-02-04T13:19:25","modified_gmt":"2026-02-04T12:19:25","slug":"schisandra-meyvesi-ekstrakti","status":"publish","type":"product","link":"https:\/\/naturalpoland.com\/tr\/urunler\/bitkisel-ekstraktlar\/schisandra-meyvesi-ekstrakti\/","title":{"rendered":"Schisandra Meyvesi Ekstrakt\u0131"},"content":{"rendered":"<p>Schisandra meyvesi ekstrakt\u0131, kahverengi-sar\u0131 renkte ve karakteristik koku ile tada sahip, tamamen do\u011fal, ince \u00f6\u011f\u00fct\u00fclm\u00fc\u015f toz formundad\u0131r. Kurutulmu\u015f Schisandra meyvelerinden \u00fcretilir. Suda m\u00fckemmel \u00e7\u00f6z\u00fcn\u00fcrl\u00fc\u011f\u00fc, \u00e7e\u015fitli formlarda kullan\u0131m\u0131 kolayla\u015ft\u0131r\u0131r ve pratik, kullan\u0131m\u0131 kolay hale getirir.  <\/p>\n<p>Ekstrakt, ekstraksiyon \u00e7\u00f6z\u00fcc\u00fcs\u00fc olarak su kullan\u0131larak elde edilir, bu da g\u00fcvenli\u011fi garanti eder ve hammaddenin do\u011fal \u00f6zelliklerini korur. %5-10 maltodekstrin ilavesi, \u00fcr\u00fcn\u00fcn stabilitesini ve uygun dokusunu sa\u011flarken ayn\u0131 zamanda y\u00fcksek kalitesini vurgular. Bu ekstrakt\u0131n karakteristik \u00f6zelli\u011fi, i\u00e7eri\u011finin %95&#8217;inin 80 mesh elek boyutundan ge\u00e7mesidir, bu da m\u00fckemmel k\u0131vam ve homojenli\u011fini kan\u0131tlar.  <\/p>\n<p>\u00dcr\u00fcndeki su i\u00e7eri\u011fi d\u00fc\u015f\u00fckt\u00fcr, kurutma kayb\u0131 %3,68 seviyesindedir ve k\u00fcl i\u00e7eri\u011fi %3,74&#8217;t\u00fcr, bu da ekstrakt\u0131n safl\u0131\u011f\u0131n\u0131 ve y\u00fcksek kalitesini do\u011frular. Katk\u0131 ve dolgu maddesi olmadan %100 do\u011fal, kurutulmu\u015f Schisandra meyvelerinin kullan\u0131m\u0131, do\u011fall\u0131\u011f\u0131n\u0131 ve besin de\u011ferlerine odaklanmas\u0131n\u0131 vurgular. <\/p>\n<h2>Schisandra Meyvesi Ekstrakt\u0131n\u0131n \u00d6zellikleri<\/h2>\n<p>Schisandra meyvesi ekstrakt\u0131, organizman\u0131n stresle ba\u015fa \u00e7\u0131kmas\u0131na yard\u0131mc\u0131 olan ve konsantrasyon ile fiziksel dayan\u0131kl\u0131l\u0131\u011f\u0131 art\u0131ran <strong>adaptojenik \u00f6zellikleri<\/strong> ile de\u011ferlidir. Genel refah\u0131 iyile\u015ftirmek ve ya\u015fam enerjisini art\u0131rmak i\u00e7in do\u011fal y\u00f6ntemler arayan ki\u015filer i\u00e7in ideal bir \u00e7\u00f6z\u00fcmd\u00fcr. <\/p>\n<p>Schisandra meyvesi ekstrakt\u0131n\u0131 se\u00e7erek, organizman\u0131z i\u00e7in do\u011fal destek sa\u011flamaya karar verirken ayn\u0131 zamanda \u00fcr\u00fcn\u00fcn kullan\u0131m kolayl\u0131\u011f\u0131 ve ho\u015f tad\u0131ndan faydalan\u0131rs\u0131n\u0131z. Diyetinizi sa\u011fl\u0131k ve iyi hali destekleyen y\u00fcksek kaliteli, do\u011fal bir bile\u015fenle zenginle\u015ftirmek isteyen herkes i\u00e7in m\u00fckemmel bir se\u00e7imdir. <\/p>\n","protected":false},"excerpt":{"rendered":"<p>Do\u011frudan \u00c7in&#8217;den gelen Schisandra meyvesi ekstrakt\u0131, benzersiz \u00f6zellikleri sayesinde d\u00fcnya \u00e7ap\u0131nda tan\u0131n\u0131rl\u0131k kazanm\u0131\u015f istisnai bir do\u011fal \u00fcr\u00fcnd\u00fcr.<\/p>\n","protected":false},"featured_media":45485,"template":"","meta":{"_acf_changed":false},"product_brand":[],"product_cat":[9531],"product_tag":[],"class_list":{"0":"post-45484","1":"product","2":"type-product","3":"status-publish","4":"has-post-thumbnail","6":"product_cat-bitkisel-ekstraktlar","7":"pa_czesc-rosliny-meyve","9":"first","10":"instock","11":"shipping-taxable","12":"product-type-simple"},"acf":[],"yoast_head":"<!-- This site is optimized with the Yoast SEO plugin v27.5 - https:\/\/yoast.com\/product\/yoast-seo-wordpress\/ -->\n<title>Schisandra Meyvesi Ekstrakt\u0131 - Hurtowy Dystrybutor<\/title>\n<meta name=\"description\" content=\"Schisandra meyvesi ekstrakt\u0131, organizman\u0131n stresle ba\u015fa \u00e7\u0131kmas\u0131na yard\u0131mc\u0131 olan adaptojenik \u00f6zellikleri ile de\u011ferlidir.\" \/>\n<meta name=\"robots\" content=\"index, follow, max-snippet:-1, max-image-preview:large, max-video-preview:-1\" \/>\n<link rel=\"canonical\" href=\"https:\/\/naturalpoland.com\/tr\/urunler\/bitkisel-ekstraktlar\/schisandra-meyvesi-ekstrakti\/\" \/>\n<meta property=\"og:locale\" content=\"tr_TR\" \/>\n<meta property=\"og:type\" content=\"article\" \/>\n<meta property=\"og:title\" content=\"Schisandra Meyvesi Ekstrakt\u0131 - Hurtowy Dystrybutor\" \/>\n<meta property=\"og:description\" content=\"Schisandra meyvesi ekstrakt\u0131, organizman\u0131n stresle ba\u015fa \u00e7\u0131kmas\u0131na yard\u0131mc\u0131 olan adaptojenik \u00f6zellikleri ile de\u011ferlidir.\" \/>\n<meta property=\"og:url\" content=\"https:\/\/naturalpoland.com\/tr\/urunler\/bitkisel-ekstraktlar\/schisandra-meyvesi-ekstrakti\/\" \/>\n<meta property=\"og:site_name\" content=\"NATURAL POLAND - Hurtowy Dystrybutor Surowc\u00f3w\" \/>\n<meta property=\"article:publisher\" content=\"https:\/\/www.facebook.com\/naturalpoland.b2b\" \/>\n<meta property=\"article:modified_time\" content=\"2026-02-04T12:19:25+00:00\" \/>\n<meta property=\"og:image\" content=\"https:\/\/naturalpoland.com\/wp-content\/uploads\/schisandra_berry_extract.webp\" \/>\n\t<meta property=\"og:image:width\" content=\"350\" \/>\n\t<meta property=\"og:image:height\" content=\"350\" \/>\n\t<meta property=\"og:image:type\" content=\"image\/webp\" \/>\n<script type=\"application\/ld+json\" class=\"yoast-schema-graph\">{\"@context\":\"https:\\\/\\\/schema.org\",\"@graph\":[{\"@type\":\"WebPage\",\"@id\":\"https:\\\/\\\/naturalpoland.com\\\/tr\\\/urunler\\\/bitkisel-ekstraktlar\\\/schisandra-meyvesi-ekstrakti\\\/\",\"url\":\"https:\\\/\\\/naturalpoland.com\\\/tr\\\/urunler\\\/bitkisel-ekstraktlar\\\/schisandra-meyvesi-ekstrakti\\\/\",\"name\":\"Schisandra Meyvesi Ekstrakt\u0131 - Hurtowy Dystrybutor\",\"isPartOf\":{\"@id\":\"https:\\\/\\\/naturalpoland.com\\\/tr\\\/#website\"},\"primaryImageOfPage\":{\"@id\":\"https:\\\/\\\/naturalpoland.com\\\/tr\\\/urunler\\\/bitkisel-ekstraktlar\\\/schisandra-meyvesi-ekstrakti\\\/#primaryimage\"},\"image\":{\"@id\":\"https:\\\/\\\/naturalpoland.com\\\/tr\\\/urunler\\\/bitkisel-ekstraktlar\\\/schisandra-meyvesi-ekstrakti\\\/#primaryimage\"},\"thumbnailUrl\":\"https:\\\/\\\/naturalpoland.com\\\/wp-content\\\/uploads\\\/schisandra_berry_extract.webp\",\"datePublished\":\"2024-02-22T15:32:29+00:00\",\"dateModified\":\"2026-02-04T12:19:25+00:00\",\"description\":\"Schisandra meyvesi ekstrakt\u0131, organizman\u0131n stresle ba\u015fa \u00e7\u0131kmas\u0131na yard\u0131mc\u0131 olan adaptojenik \u00f6zellikleri ile de\u011ferlidir.\",\"breadcrumb\":{\"@id\":\"https:\\\/\\\/naturalpoland.com\\\/tr\\\/urunler\\\/bitkisel-ekstraktlar\\\/schisandra-meyvesi-ekstrakti\\\/#breadcrumb\"},\"inLanguage\":\"tr\",\"potentialAction\":[{\"@type\":\"ReadAction\",\"target\":[\"https:\\\/\\\/naturalpoland.com\\\/tr\\\/urunler\\\/bitkisel-ekstraktlar\\\/schisandra-meyvesi-ekstrakti\\\/\"]}]},{\"@type\":\"ImageObject\",\"inLanguage\":\"tr\",\"@id\":\"https:\\\/\\\/naturalpoland.com\\\/tr\\\/urunler\\\/bitkisel-ekstraktlar\\\/schisandra-meyvesi-ekstrakti\\\/#primaryimage\",\"url\":\"https:\\\/\\\/naturalpoland.com\\\/wp-content\\\/uploads\\\/schisandra_berry_extract.webp\",\"contentUrl\":\"https:\\\/\\\/naturalpoland.com\\\/wp-content\\\/uploads\\\/schisandra_berry_extract.webp\",\"width\":350,\"height\":350,\"caption\":\"schisandra meyvesi ekstrakt\u0131\"},{\"@type\":\"BreadcrumbList\",\"@id\":\"https:\\\/\\\/naturalpoland.com\\\/tr\\\/urunler\\\/bitkisel-ekstraktlar\\\/schisandra-meyvesi-ekstrakti\\\/#breadcrumb\",\"itemListElement\":[{\"@type\":\"ListItem\",\"position\":1,\"name\":\"Ana Sayfa\",\"item\":\"https:\\\/\\\/naturalpoland.com\\\/tr\\\/\"},{\"@type\":\"ListItem\",\"position\":2,\"name\":\"\u00dcr\u00fcnler\",\"item\":\"https:\\\/\\\/naturalpoland.com\\\/tr\\\/urunler\\\/\"},{\"@type\":\"ListItem\",\"position\":3,\"name\":\"Schisandra Meyvesi Ekstrakt\u0131\"}]},{\"@type\":\"WebSite\",\"@id\":\"https:\\\/\\\/naturalpoland.com\\\/tr\\\/#website\",\"url\":\"https:\\\/\\\/naturalpoland.com\\\/tr\\\/\",\"name\":\"NATURAL POLAND - Hurtowy Dystrybutor Surowc\u00f3w\",\"description\":\"Surowce dla przemys\u0142u spo\u017cywczego, kosmetycznego i farmaceutycznego\",\"publisher\":{\"@id\":\"https:\\\/\\\/naturalpoland.com\\\/tr\\\/#organization\"},\"potentialAction\":[{\"@type\":\"SearchAction\",\"target\":{\"@type\":\"EntryPoint\",\"urlTemplate\":\"https:\\\/\\\/naturalpoland.com\\\/tr\\\/?s={search_term_string}\"},\"query-input\":{\"@type\":\"PropertyValueSpecification\",\"valueRequired\":true,\"valueName\":\"search_term_string\"}}],\"inLanguage\":\"tr\"},{\"@type\":\"Organization\",\"@id\":\"https:\\\/\\\/naturalpoland.com\\\/tr\\\/#organization\",\"name\":\"Natural Poland\",\"url\":\"https:\\\/\\\/naturalpoland.com\\\/tr\\\/\",\"logo\":{\"@type\":\"ImageObject\",\"inLanguage\":\"tr\",\"@id\":\"https:\\\/\\\/naturalpoland.com\\\/tr\\\/#\\\/schema\\\/logo\\\/image\\\/\",\"url\":\"https:\\\/\\\/naturalpoland.com\\\/wp-content\\\/uploads\\\/2021\\\/05\\\/natural-poland-icon.png\",\"contentUrl\":\"https:\\\/\\\/naturalpoland.com\\\/wp-content\\\/uploads\\\/2021\\\/05\\\/natural-poland-icon.png\",\"width\":512,\"height\":512,\"caption\":\"Natural Poland\"},\"image\":{\"@id\":\"https:\\\/\\\/naturalpoland.com\\\/tr\\\/#\\\/schema\\\/logo\\\/image\\\/\"},\"sameAs\":[\"https:\\\/\\\/www.facebook.com\\\/naturalpoland.b2b\",\"https:\\\/\\\/pl.linkedin.com\\\/company\\\/natural-poland\",\"https:\\\/\\\/www.youtube.com\\\/channel\\\/UCgeGGkvOMahZo-xu_MSEWxg\"]}]}<\/script>\n<!-- \/ Yoast SEO plugin. -->","yoast_head_json":{"title":"Schisandra Meyvesi Ekstrakt\u0131 - Hurtowy Dystrybutor","description":"Schisandra meyvesi ekstrakt\u0131, organizman\u0131n stresle ba\u015fa \u00e7\u0131kmas\u0131na yard\u0131mc\u0131 olan adaptojenik \u00f6zellikleri ile de\u011ferlidir.","robots":{"index":"index","follow":"follow","max-snippet":"max-snippet:-1","max-image-preview":"max-image-preview:large","max-video-preview":"max-video-preview:-1"},"canonical":"https:\/\/naturalpoland.com\/tr\/urunler\/bitkisel-ekstraktlar\/schisandra-meyvesi-ekstrakti\/","og_locale":"tr_TR","og_type":"article","og_title":"Schisandra Meyvesi Ekstrakt\u0131 - Hurtowy Dystrybutor","og_description":"Schisandra meyvesi ekstrakt\u0131, organizman\u0131n stresle ba\u015fa \u00e7\u0131kmas\u0131na yard\u0131mc\u0131 olan adaptojenik \u00f6zellikleri ile de\u011ferlidir.","og_url":"https:\/\/naturalpoland.com\/tr\/urunler\/bitkisel-ekstraktlar\/schisandra-meyvesi-ekstrakti\/","og_site_name":"NATURAL POLAND - Hurtowy Dystrybutor Surowc\u00f3w","article_publisher":"https:\/\/www.facebook.com\/naturalpoland.b2b","article_modified_time":"2026-02-04T12:19:25+00:00","og_image":[{"width":350,"height":350,"url":"https:\/\/naturalpoland.com\/wp-content\/uploads\/schisandra_berry_extract.webp","type":"image\/webp"}],"schema":{"@context":"https:\/\/schema.org","@graph":[{"@type":"WebPage","@id":"https:\/\/naturalpoland.com\/tr\/urunler\/bitkisel-ekstraktlar\/schisandra-meyvesi-ekstrakti\/","url":"https:\/\/naturalpoland.com\/tr\/urunler\/bitkisel-ekstraktlar\/schisandra-meyvesi-ekstrakti\/","name":"Schisandra Meyvesi Ekstrakt\u0131 - Hurtowy Dystrybutor","isPartOf":{"@id":"https:\/\/naturalpoland.com\/tr\/#website"},"primaryImageOfPage":{"@id":"https:\/\/naturalpoland.com\/tr\/urunler\/bitkisel-ekstraktlar\/schisandra-meyvesi-ekstrakti\/#primaryimage"},"image":{"@id":"https:\/\/naturalpoland.com\/tr\/urunler\/bitkisel-ekstraktlar\/schisandra-meyvesi-ekstrakti\/#primaryimage"},"thumbnailUrl":"https:\/\/naturalpoland.com\/wp-content\/uploads\/schisandra_berry_extract.webp","datePublished":"2024-02-22T15:32:29+00:00","dateModified":"2026-02-04T12:19:25+00:00","description":"Schisandra meyvesi ekstrakt\u0131, organizman\u0131n stresle ba\u015fa \u00e7\u0131kmas\u0131na yard\u0131mc\u0131 olan adaptojenik \u00f6zellikleri ile de\u011ferlidir.","breadcrumb":{"@id":"https:\/\/naturalpoland.com\/tr\/urunler\/bitkisel-ekstraktlar\/schisandra-meyvesi-ekstrakti\/#breadcrumb"},"inLanguage":"tr","potentialAction":[{"@type":"ReadAction","target":["https:\/\/naturalpoland.com\/tr\/urunler\/bitkisel-ekstraktlar\/schisandra-meyvesi-ekstrakti\/"]}]},{"@type":"ImageObject","inLanguage":"tr","@id":"https:\/\/naturalpoland.com\/tr\/urunler\/bitkisel-ekstraktlar\/schisandra-meyvesi-ekstrakti\/#primaryimage","url":"https:\/\/naturalpoland.com\/wp-content\/uploads\/schisandra_berry_extract.webp","contentUrl":"https:\/\/naturalpoland.com\/wp-content\/uploads\/schisandra_berry_extract.webp","width":350,"height":350,"caption":"schisandra meyvesi ekstrakt\u0131"},{"@type":"BreadcrumbList","@id":"https:\/\/naturalpoland.com\/tr\/urunler\/bitkisel-ekstraktlar\/schisandra-meyvesi-ekstrakti\/#breadcrumb","itemListElement":[{"@type":"ListItem","position":1,"name":"Ana Sayfa","item":"https:\/\/naturalpoland.com\/tr\/"},{"@type":"ListItem","position":2,"name":"\u00dcr\u00fcnler","item":"https:\/\/naturalpoland.com\/tr\/urunler\/"},{"@type":"ListItem","position":3,"name":"Schisandra Meyvesi Ekstrakt\u0131"}]},{"@type":"WebSite","@id":"https:\/\/naturalpoland.com\/tr\/#website","url":"https:\/\/naturalpoland.com\/tr\/","name":"NATURAL POLAND - Hurtowy Dystrybutor Surowc\u00f3w","description":"Surowce dla przemys\u0142u spo\u017cywczego, kosmetycznego i farmaceutycznego","publisher":{"@id":"https:\/\/naturalpoland.com\/tr\/#organization"},"potentialAction":[{"@type":"SearchAction","target":{"@type":"EntryPoint","urlTemplate":"https:\/\/naturalpoland.com\/tr\/?s={search_term_string}"},"query-input":{"@type":"PropertyValueSpecification","valueRequired":true,"valueName":"search_term_string"}}],"inLanguage":"tr"},{"@type":"Organization","@id":"https:\/\/naturalpoland.com\/tr\/#organization","name":"Natural Poland","url":"https:\/\/naturalpoland.com\/tr\/","logo":{"@type":"ImageObject","inLanguage":"tr","@id":"https:\/\/naturalpoland.com\/tr\/#\/schema\/logo\/image\/","url":"https:\/\/naturalpoland.com\/wp-content\/uploads\/2021\/05\/natural-poland-icon.png","contentUrl":"https:\/\/naturalpoland.com\/wp-content\/uploads\/2021\/05\/natural-poland-icon.png","width":512,"height":512,"caption":"Natural Poland"},"image":{"@id":"https:\/\/naturalpoland.com\/tr\/#\/schema\/logo\/image\/"},"sameAs":["https:\/\/www.facebook.com\/naturalpoland.b2b","https:\/\/pl.linkedin.com\/company\/natural-poland","https:\/\/www.youtube.com\/channel\/UCgeGGkvOMahZo-xu_MSEWxg"]}]}},"_links":{"self":[{"href":"https:\/\/naturalpoland.com\/tr\/wp-json\/wp\/v2\/product\/45484","targetHints":{"allow":["GET"]}}],"collection":[{"href":"https:\/\/naturalpoland.com\/tr\/wp-json\/wp\/v2\/product"}],"about":[{"href":"https:\/\/naturalpoland.com\/tr\/wp-json\/wp\/v2\/types\/product"}],"wp:featuredmedia":[{"embeddable":true,"href":"https:\/\/naturalpoland.com\/tr\/wp-json\/wp\/v2\/media\/45485"}],"wp:attachment":[{"href":"https:\/\/naturalpoland.com\/tr\/wp-json\/wp\/v2\/media?parent=45484"}],"wp:term":[{"taxonomy":"product_brand","embeddable":true,"href":"https:\/\/naturalpoland.com\/tr\/wp-json\/wp\/v2\/product_brand?post=45484"},{"taxonomy":"product_cat","embeddable":true,"href":"https:\/\/naturalpoland.com\/tr\/wp-json\/wp\/v2\/product_cat?post=45484"},{"taxonomy":"product_tag","embeddable":true,"href":"https:\/\/naturalpoland.com\/tr\/wp-json\/wp\/v2\/product_tag?post=45484"}],"curies":[{"name":"wp","href":"https:\/\/api.w.org\/{rel}","templated":true}]}}