{"id":45494,"date":"2024-02-23T14:22:46","date_gmt":"2024-02-23T13:22:46","guid":{"rendered":"https:\/\/naturalpoland.com\/produkty\/kategorilenmemis\/adi-fasulye-ekstrakti\/"},"modified":"2026-02-04T13:20:33","modified_gmt":"2026-02-04T12:20:33","slug":"adi-fasulye-ekstrakti","status":"publish","type":"product","link":"https:\/\/naturalpoland.com\/tr\/urunler\/bitkisel-ekstraktlar\/adi-fasulye-ekstrakti\/","title":{"rendered":"Adi Fasulye Ekstrakt\u0131"},"content":{"rendered":"<p>Adi fasulyeden \u00fcretilen bu ekstrakt, sa\u011fl\u0131k \u00fczerinde olumlu etkisi olan besin maddelerince zengindir. \u00dcretimde kullan\u0131lan bitki k\u0131sm\u0131 olan fasulye, sa\u011fl\u0131\u011f\u0131 destekleyici \u00f6zellikleriyle de\u011fer g\u00f6ren bir\u00e7ok k\u0131ymetli maddenin kayna\u011f\u0131d\u0131r. %5-10 maltodekstrin ilavesi sayesinde \u00fcr\u00fcn stabilitesini ve uygun dokusunu koruyarak farkl\u0131 takviye formlar\u0131nda kullan\u0131m\u0131n\u0131 kolayla\u015ft\u0131r\u0131r.  <\/p>\n<p>Adi fasulye ekstrakt\u0131, sa\u011fl\u0131kl\u0131 ya\u015fam tarz\u0131na \u00f6zen g\u00f6steren ki\u015filerin diyeti i\u00e7in m\u00fckemmel bir takviyedir. Do\u011fal \u00f6zellikleri sayesinde sa\u011fl\u0131kl\u0131 metabolizmay\u0131 destekleyebilir ve normal v\u00fccut a\u011f\u0131rl\u0131\u011f\u0131n\u0131n korunmas\u0131na katk\u0131da bulunabilir. D\u00fczenli kullan\u0131m\u0131 kan \u015fekeri seviyesinin stabilizasyonuna da etki edebilir, bu da onu metabolik sorunlarla m\u00fccadele eden ki\u015filerin diyeti i\u00e7in de\u011ferli bir bile\u015fen haline getirir.  <\/p>\n<p>Tamamen do\u011fal bir \u00fcr\u00fcn olan Phaseolus Vulgaris adi fasulye ekstrakt\u0131, v\u00fccutlar\u0131 i\u00e7in etkili ve g\u00fcvenli destek arayan herkes i\u00e7in ideal bir se\u00e7imdir. Kullan\u0131m kolayl\u0131\u011f\u0131 ve ho\u015f, n\u00f6tr tad\u0131 sayesinde beslenme al\u0131\u015fkanl\u0131klar\u0131nda b\u00fcy\u00fck de\u011fi\u015fiklikler yapmaya gerek kalmadan g\u00fcnl\u00fck diyete kolayca entegre edilebilen bir bile\u015fendir. <\/p>\n<p>\u00d6zetle, Phaseolus Vulgaris adi fasulye ekstrakt\u0131, do\u011fal bile\u015fenlerin etkinli\u011fini kullan\u0131m kolayl\u0131\u011f\u0131yla birle\u015ftiren en y\u00fcksek kalitede bir \u00fcr\u00fcnd\u00fcr. Daha iyi sa\u011fl\u0131k ve esenlik aray\u0131\u015f\u0131nda do\u011fal destek arayan ki\u015filer i\u00e7in m\u00fckemmel bir \u00f6neridir. <\/p>\n","protected":false},"excerpt":{"rendered":"<p>Botanik ad\u0131 <em>Phaseolus Vulgaris<\/em> olarak da bilinen adi fasulye ekstrakt\u0131, v\u00fccuda de\u011ferli besin maddelerini sa\u011flamak \u00fczere \u00f6zenle haz\u0131rlanm\u0131\u015f y\u00fcksek kaliteli, do\u011fal bir \u00fcr\u00fcnd\u00fcr.<\/p>\n","protected":false},"featured_media":45495,"template":"","meta":{"_acf_changed":false},"product_brand":[],"product_cat":[9531],"product_tag":[],"class_list":{"0":"post-45494","1":"product","2":"type-product","3":"status-publish","4":"has-post-thumbnail","6":"product_cat-bitkisel-ekstraktlar","7":"pa_certyfikaty-helal","8":"pa_certyfikaty-koser-sertifikasi","9":"pa_czesc-rosliny-tohumlar","11":"first","12":"instock","13":"shipping-taxable","14":"product-type-simple"},"acf":[],"yoast_head":"<!-- This site is optimized with the Yoast SEO plugin v27.5 - https:\/\/yoast.com\/product\/yoast-seo-wordpress\/ -->\n<title>Adi Fasulye Ekstrakt\u0131 - Hurtowy Dystrybutor<\/title>\n<meta name=\"description\" content=\"Adi Fasulye Ekstrakt\u0131 Phaseolus Vulgaris, do\u011fal bile\u015fenlerin etkinli\u011fini kullan\u0131m kolayl\u0131\u011f\u0131yla birle\u015ftiren en y\u00fcksek kalitede bir \u00fcr\u00fcnd\u00fcr.\" \/>\n<meta name=\"robots\" content=\"index, follow, max-snippet:-1, max-image-preview:large, max-video-preview:-1\" \/>\n<link rel=\"canonical\" href=\"https:\/\/naturalpoland.com\/tr\/urunler\/bitkisel-ekstraktlar\/adi-fasulye-ekstrakti\/\" \/>\n<meta property=\"og:locale\" content=\"tr_TR\" \/>\n<meta property=\"og:type\" content=\"article\" \/>\n<meta property=\"og:title\" content=\"Adi Fasulye Ekstrakt\u0131 - Hurtowy Dystrybutor\" \/>\n<meta property=\"og:description\" content=\"Adi Fasulye Ekstrakt\u0131 Phaseolus Vulgaris, do\u011fal bile\u015fenlerin etkinli\u011fini kullan\u0131m kolayl\u0131\u011f\u0131yla birle\u015ftiren en y\u00fcksek kalitede bir \u00fcr\u00fcnd\u00fcr.\" \/>\n<meta property=\"og:url\" content=\"https:\/\/naturalpoland.com\/tr\/urunler\/bitkisel-ekstraktlar\/adi-fasulye-ekstrakti\/\" \/>\n<meta property=\"og:site_name\" content=\"NATURAL POLAND - Hurtowy Dystrybutor Surowc\u00f3w\" \/>\n<meta property=\"article:publisher\" content=\"https:\/\/www.facebook.com\/naturalpoland.b2b\" \/>\n<meta property=\"article:modified_time\" content=\"2026-02-04T12:20:33+00:00\" \/>\n<meta property=\"og:image\" content=\"https:\/\/naturalpoland.com\/wp-content\/uploads\/phaseolus_vulgaris_extract.webp\" \/>\n\t<meta property=\"og:image:width\" content=\"700\" \/>\n\t<meta property=\"og:image:height\" content=\"700\" \/>\n\t<meta property=\"og:image:type\" content=\"image\/webp\" \/>\n<script type=\"application\/ld+json\" class=\"yoast-schema-graph\">{\"@context\":\"https:\\\/\\\/schema.org\",\"@graph\":[{\"@type\":\"WebPage\",\"@id\":\"https:\\\/\\\/naturalpoland.com\\\/tr\\\/urunler\\\/bitkisel-ekstraktlar\\\/adi-fasulye-ekstrakti\\\/\",\"url\":\"https:\\\/\\\/naturalpoland.com\\\/tr\\\/urunler\\\/bitkisel-ekstraktlar\\\/adi-fasulye-ekstrakti\\\/\",\"name\":\"Adi Fasulye Ekstrakt\u0131 - Hurtowy Dystrybutor\",\"isPartOf\":{\"@id\":\"https:\\\/\\\/naturalpoland.com\\\/tr\\\/#website\"},\"primaryImageOfPage\":{\"@id\":\"https:\\\/\\\/naturalpoland.com\\\/tr\\\/urunler\\\/bitkisel-ekstraktlar\\\/adi-fasulye-ekstrakti\\\/#primaryimage\"},\"image\":{\"@id\":\"https:\\\/\\\/naturalpoland.com\\\/tr\\\/urunler\\\/bitkisel-ekstraktlar\\\/adi-fasulye-ekstrakti\\\/#primaryimage\"},\"thumbnailUrl\":\"https:\\\/\\\/naturalpoland.com\\\/wp-content\\\/uploads\\\/phaseolus_vulgaris_extract.webp\",\"datePublished\":\"2024-02-23T13:22:46+00:00\",\"dateModified\":\"2026-02-04T12:20:33+00:00\",\"description\":\"Adi Fasulye Ekstrakt\u0131 Phaseolus Vulgaris, do\u011fal bile\u015fenlerin etkinli\u011fini kullan\u0131m kolayl\u0131\u011f\u0131yla birle\u015ftiren en y\u00fcksek kalitede bir \u00fcr\u00fcnd\u00fcr.\",\"breadcrumb\":{\"@id\":\"https:\\\/\\\/naturalpoland.com\\\/tr\\\/urunler\\\/bitkisel-ekstraktlar\\\/adi-fasulye-ekstrakti\\\/#breadcrumb\"},\"inLanguage\":\"tr\",\"potentialAction\":[{\"@type\":\"ReadAction\",\"target\":[\"https:\\\/\\\/naturalpoland.com\\\/tr\\\/urunler\\\/bitkisel-ekstraktlar\\\/adi-fasulye-ekstrakti\\\/\"]}]},{\"@type\":\"ImageObject\",\"inLanguage\":\"tr\",\"@id\":\"https:\\\/\\\/naturalpoland.com\\\/tr\\\/urunler\\\/bitkisel-ekstraktlar\\\/adi-fasulye-ekstrakti\\\/#primaryimage\",\"url\":\"https:\\\/\\\/naturalpoland.com\\\/wp-content\\\/uploads\\\/phaseolus_vulgaris_extract.webp\",\"contentUrl\":\"https:\\\/\\\/naturalpoland.com\\\/wp-content\\\/uploads\\\/phaseolus_vulgaris_extract.webp\",\"width\":700,\"height\":700,\"caption\":\"phaseolus vulgaris extract\"},{\"@type\":\"BreadcrumbList\",\"@id\":\"https:\\\/\\\/naturalpoland.com\\\/tr\\\/urunler\\\/bitkisel-ekstraktlar\\\/adi-fasulye-ekstrakti\\\/#breadcrumb\",\"itemListElement\":[{\"@type\":\"ListItem\",\"position\":1,\"name\":\"Ana Sayfa\",\"item\":\"https:\\\/\\\/naturalpoland.com\\\/tr\\\/\"},{\"@type\":\"ListItem\",\"position\":2,\"name\":\"\u00dcr\u00fcnler\",\"item\":\"https:\\\/\\\/naturalpoland.com\\\/tr\\\/urunler\\\/\"},{\"@type\":\"ListItem\",\"position\":3,\"name\":\"Adi Fasulye Ekstrakt\u0131\"}]},{\"@type\":\"WebSite\",\"@id\":\"https:\\\/\\\/naturalpoland.com\\\/tr\\\/#website\",\"url\":\"https:\\\/\\\/naturalpoland.com\\\/tr\\\/\",\"name\":\"NATURAL POLAND - Hurtowy Dystrybutor Surowc\u00f3w\",\"description\":\"Surowce dla przemys\u0142u spo\u017cywczego, kosmetycznego i farmaceutycznego\",\"publisher\":{\"@id\":\"https:\\\/\\\/naturalpoland.com\\\/tr\\\/#organization\"},\"potentialAction\":[{\"@type\":\"SearchAction\",\"target\":{\"@type\":\"EntryPoint\",\"urlTemplate\":\"https:\\\/\\\/naturalpoland.com\\\/tr\\\/?s={search_term_string}\"},\"query-input\":{\"@type\":\"PropertyValueSpecification\",\"valueRequired\":true,\"valueName\":\"search_term_string\"}}],\"inLanguage\":\"tr\"},{\"@type\":\"Organization\",\"@id\":\"https:\\\/\\\/naturalpoland.com\\\/tr\\\/#organization\",\"name\":\"Natural Poland\",\"url\":\"https:\\\/\\\/naturalpoland.com\\\/tr\\\/\",\"logo\":{\"@type\":\"ImageObject\",\"inLanguage\":\"tr\",\"@id\":\"https:\\\/\\\/naturalpoland.com\\\/tr\\\/#\\\/schema\\\/logo\\\/image\\\/\",\"url\":\"https:\\\/\\\/naturalpoland.com\\\/wp-content\\\/uploads\\\/2021\\\/05\\\/natural-poland-icon.png\",\"contentUrl\":\"https:\\\/\\\/naturalpoland.com\\\/wp-content\\\/uploads\\\/2021\\\/05\\\/natural-poland-icon.png\",\"width\":512,\"height\":512,\"caption\":\"Natural Poland\"},\"image\":{\"@id\":\"https:\\\/\\\/naturalpoland.com\\\/tr\\\/#\\\/schema\\\/logo\\\/image\\\/\"},\"sameAs\":[\"https:\\\/\\\/www.facebook.com\\\/naturalpoland.b2b\",\"https:\\\/\\\/pl.linkedin.com\\\/company\\\/natural-poland\",\"https:\\\/\\\/www.youtube.com\\\/channel\\\/UCgeGGkvOMahZo-xu_MSEWxg\"]}]}<\/script>\n<!-- \/ Yoast SEO plugin. -->","yoast_head_json":{"title":"Adi Fasulye Ekstrakt\u0131 - Hurtowy Dystrybutor","description":"Adi Fasulye Ekstrakt\u0131 Phaseolus Vulgaris, do\u011fal bile\u015fenlerin etkinli\u011fini kullan\u0131m kolayl\u0131\u011f\u0131yla birle\u015ftiren en y\u00fcksek kalitede bir \u00fcr\u00fcnd\u00fcr.","robots":{"index":"index","follow":"follow","max-snippet":"max-snippet:-1","max-image-preview":"max-image-preview:large","max-video-preview":"max-video-preview:-1"},"canonical":"https:\/\/naturalpoland.com\/tr\/urunler\/bitkisel-ekstraktlar\/adi-fasulye-ekstrakti\/","og_locale":"tr_TR","og_type":"article","og_title":"Adi Fasulye Ekstrakt\u0131 - Hurtowy Dystrybutor","og_description":"Adi Fasulye Ekstrakt\u0131 Phaseolus Vulgaris, do\u011fal bile\u015fenlerin etkinli\u011fini kullan\u0131m kolayl\u0131\u011f\u0131yla birle\u015ftiren en y\u00fcksek kalitede bir \u00fcr\u00fcnd\u00fcr.","og_url":"https:\/\/naturalpoland.com\/tr\/urunler\/bitkisel-ekstraktlar\/adi-fasulye-ekstrakti\/","og_site_name":"NATURAL POLAND - Hurtowy Dystrybutor Surowc\u00f3w","article_publisher":"https:\/\/www.facebook.com\/naturalpoland.b2b","article_modified_time":"2026-02-04T12:20:33+00:00","og_image":[{"width":700,"height":700,"url":"https:\/\/naturalpoland.com\/wp-content\/uploads\/phaseolus_vulgaris_extract.webp","type":"image\/webp"}],"schema":{"@context":"https:\/\/schema.org","@graph":[{"@type":"WebPage","@id":"https:\/\/naturalpoland.com\/tr\/urunler\/bitkisel-ekstraktlar\/adi-fasulye-ekstrakti\/","url":"https:\/\/naturalpoland.com\/tr\/urunler\/bitkisel-ekstraktlar\/adi-fasulye-ekstrakti\/","name":"Adi Fasulye Ekstrakt\u0131 - Hurtowy Dystrybutor","isPartOf":{"@id":"https:\/\/naturalpoland.com\/tr\/#website"},"primaryImageOfPage":{"@id":"https:\/\/naturalpoland.com\/tr\/urunler\/bitkisel-ekstraktlar\/adi-fasulye-ekstrakti\/#primaryimage"},"image":{"@id":"https:\/\/naturalpoland.com\/tr\/urunler\/bitkisel-ekstraktlar\/adi-fasulye-ekstrakti\/#primaryimage"},"thumbnailUrl":"https:\/\/naturalpoland.com\/wp-content\/uploads\/phaseolus_vulgaris_extract.webp","datePublished":"2024-02-23T13:22:46+00:00","dateModified":"2026-02-04T12:20:33+00:00","description":"Adi Fasulye Ekstrakt\u0131 Phaseolus Vulgaris, do\u011fal bile\u015fenlerin etkinli\u011fini kullan\u0131m kolayl\u0131\u011f\u0131yla birle\u015ftiren en y\u00fcksek kalitede bir \u00fcr\u00fcnd\u00fcr.","breadcrumb":{"@id":"https:\/\/naturalpoland.com\/tr\/urunler\/bitkisel-ekstraktlar\/adi-fasulye-ekstrakti\/#breadcrumb"},"inLanguage":"tr","potentialAction":[{"@type":"ReadAction","target":["https:\/\/naturalpoland.com\/tr\/urunler\/bitkisel-ekstraktlar\/adi-fasulye-ekstrakti\/"]}]},{"@type":"ImageObject","inLanguage":"tr","@id":"https:\/\/naturalpoland.com\/tr\/urunler\/bitkisel-ekstraktlar\/adi-fasulye-ekstrakti\/#primaryimage","url":"https:\/\/naturalpoland.com\/wp-content\/uploads\/phaseolus_vulgaris_extract.webp","contentUrl":"https:\/\/naturalpoland.com\/wp-content\/uploads\/phaseolus_vulgaris_extract.webp","width":700,"height":700,"caption":"phaseolus vulgaris extract"},{"@type":"BreadcrumbList","@id":"https:\/\/naturalpoland.com\/tr\/urunler\/bitkisel-ekstraktlar\/adi-fasulye-ekstrakti\/#breadcrumb","itemListElement":[{"@type":"ListItem","position":1,"name":"Ana Sayfa","item":"https:\/\/naturalpoland.com\/tr\/"},{"@type":"ListItem","position":2,"name":"\u00dcr\u00fcnler","item":"https:\/\/naturalpoland.com\/tr\/urunler\/"},{"@type":"ListItem","position":3,"name":"Adi Fasulye Ekstrakt\u0131"}]},{"@type":"WebSite","@id":"https:\/\/naturalpoland.com\/tr\/#website","url":"https:\/\/naturalpoland.com\/tr\/","name":"NATURAL POLAND - Hurtowy Dystrybutor Surowc\u00f3w","description":"Surowce dla przemys\u0142u spo\u017cywczego, kosmetycznego i farmaceutycznego","publisher":{"@id":"https:\/\/naturalpoland.com\/tr\/#organization"},"potentialAction":[{"@type":"SearchAction","target":{"@type":"EntryPoint","urlTemplate":"https:\/\/naturalpoland.com\/tr\/?s={search_term_string}"},"query-input":{"@type":"PropertyValueSpecification","valueRequired":true,"valueName":"search_term_string"}}],"inLanguage":"tr"},{"@type":"Organization","@id":"https:\/\/naturalpoland.com\/tr\/#organization","name":"Natural Poland","url":"https:\/\/naturalpoland.com\/tr\/","logo":{"@type":"ImageObject","inLanguage":"tr","@id":"https:\/\/naturalpoland.com\/tr\/#\/schema\/logo\/image\/","url":"https:\/\/naturalpoland.com\/wp-content\/uploads\/2021\/05\/natural-poland-icon.png","contentUrl":"https:\/\/naturalpoland.com\/wp-content\/uploads\/2021\/05\/natural-poland-icon.png","width":512,"height":512,"caption":"Natural Poland"},"image":{"@id":"https:\/\/naturalpoland.com\/tr\/#\/schema\/logo\/image\/"},"sameAs":["https:\/\/www.facebook.com\/naturalpoland.b2b","https:\/\/pl.linkedin.com\/company\/natural-poland","https:\/\/www.youtube.com\/channel\/UCgeGGkvOMahZo-xu_MSEWxg"]}]}},"_links":{"self":[{"href":"https:\/\/naturalpoland.com\/tr\/wp-json\/wp\/v2\/product\/45494","targetHints":{"allow":["GET"]}}],"collection":[{"href":"https:\/\/naturalpoland.com\/tr\/wp-json\/wp\/v2\/product"}],"about":[{"href":"https:\/\/naturalpoland.com\/tr\/wp-json\/wp\/v2\/types\/product"}],"wp:featuredmedia":[{"embeddable":true,"href":"https:\/\/naturalpoland.com\/tr\/wp-json\/wp\/v2\/media\/45495"}],"wp:attachment":[{"href":"https:\/\/naturalpoland.com\/tr\/wp-json\/wp\/v2\/media?parent=45494"}],"wp:term":[{"taxonomy":"product_brand","embeddable":true,"href":"https:\/\/naturalpoland.com\/tr\/wp-json\/wp\/v2\/product_brand?post=45494"},{"taxonomy":"product_cat","embeddable":true,"href":"https:\/\/naturalpoland.com\/tr\/wp-json\/wp\/v2\/product_cat?post=45494"},{"taxonomy":"product_tag","embeddable":true,"href":"https:\/\/naturalpoland.com\/tr\/wp-json\/wp\/v2\/product_tag?post=45494"}],"curies":[{"name":"wp","href":"https:\/\/api.w.org\/{rel}","templated":true}]}}