{"id":45496,"date":"2024-01-25T14:50:31","date_gmt":"2024-01-25T13:50:31","guid":{"rendered":"https:\/\/naturalpoland.com\/produkty\/kategorilenmemis\/pamuk-tohumu-yagi\/"},"modified":"2026-02-04T13:20:55","modified_gmt":"2026-02-04T12:20:55","slug":"pamuk-tohumu-yagi","status":"publish","type":"product","link":"https:\/\/naturalpoland.com\/tr\/urunler\/kozmetik-hammaddeleri\/kozmetik-yaglari\/pamuk-tohumu-yagi\/","title":{"rendered":"Pamuk Tohumu Ya\u011f\u0131"},"content":{"rendered":"<p>Pamuk tohumu ya\u011f\u0131 a\u00e7\u0131k sar\u0131 rengi ve neredeyse hissedilmeyen kokusu ile karakterize olup bir\u00e7ok kozmetik ve farmas\u00f6tik \u00fcr\u00fcne m\u00fckemmel bir katk\u0131 maddesi olmas\u0131n\u0131 sa\u011flar.<\/p>\n<h2><strong>Kullan\u0131m ve \u00f6zellikler:<\/strong><\/h2>\n<ol>\n<li><strong>Kozmetik ve eczac\u0131l\u0131k:<\/strong> Pamuk tohumu ya\u011f\u0131 nemlendirici ve cilt yumu\u015fat\u0131c\u0131 \u00f6zellikleri ile de\u011fer g\u00f6r\u00fcr. Linoleik asit gibi ya\u011f asitlerinin y\u00fcksek i\u00e7eri\u011fi sayesinde bu ya\u011f, cilt bak\u0131m\u0131, sa\u00e7 bak\u0131m\u0131 \u00fcr\u00fcnlerinde ve farmas\u00f6tik preparatlarda ideal bir bile\u015fendir. <\/li>\n<li><strong>Antioksidan \u00f6zellikler:<\/strong> Bu ya\u011f antioksidan etki g\u00f6stererek cildi serbest radikallerin ve UV \u0131\u015f\u0131n\u0131m\u0131 gibi d\u0131\u015f etkenlerin zararl\u0131 etkilerinden korur.<\/li>\n<li><strong>Cilt bariyeri deste\u011fi:<\/strong> Kozmetiklerde kullan\u0131m\u0131 cildin do\u011fru hidrolipidik bariyerinin korunmas\u0131na yard\u0131mc\u0131 olarak a\u015f\u0131r\u0131 nem kayb\u0131n\u0131 \u00f6nleyebilir.<\/li>\n<\/ol>\n<h2><strong>G\u00fcvenlik ve stabilite:<\/strong><\/h2>\n<p>Pamuk tohumu ya\u011f\u0131 normal saklama ko\u015fullar\u0131nda (20\u00b0C alt\u0131nda) kimyasal reaktivite g\u00f6stermeyen stabil bir \u00fcr\u00fcnd\u00fcr. REACH 2020\/878 Y\u00f6netmeli\u011fine g\u00f6re tehlikeli madde olarak s\u0131n\u0131fland\u0131r\u0131lmam\u0131\u015ft\u0131r. Kullan\u0131mda g\u00fcvenlidir ve toksik veya tahri\u015f edici \u00f6zellik g\u00f6stermez.  <\/p>\n<h2><strong>Saklama ve kullan\u0131m:<\/strong><\/h2>\n<p>\u00dcr\u00fcn\u00fcn optimal kalitesinin korunmas\u0131 i\u00e7in s\u0131k\u0131ca kapal\u0131 kaplarda, kuru ve serin yerde, \u0131s\u0131 ve \u0131\u015f\u0131k kaynaklar\u0131ndan uzakta saklanmal\u0131d\u0131r. Pamuk tohumu ya\u011f\u0131 uzun s\u00fcreli nemlendirme ve cilt korumas\u0131 gerektiren \u00fcr\u00fcnlerde kullan\u0131m i\u00e7in idealdir. <\/p>\n","protected":false},"excerpt":{"rendered":"<p><strong>Pamuk tohumu ya\u011f\u0131 (<em>Gossypium Herbaceum Seed Oil<\/em>)<\/strong>, <strong>Pamuk Ya\u011f\u0131<\/strong> olarak da bilinen, Gossypium Herbaceum bitkisinin tohumlar\u0131ndan elde edilen de\u011ferli bir hammaddedir.<\/p>\n","protected":false},"featured_media":45497,"template":"","meta":{"_acf_changed":false},"product_brand":[],"product_cat":[9551],"product_tag":[],"class_list":{"0":"post-45496","1":"product","2":"type-product","3":"status-publish","4":"has-post-thumbnail","6":"product_cat-kozmetik-yaglari","8":"first","9":"instock","10":"shipping-taxable","11":"product-type-simple"},"acf":[],"yoast_head":"<!-- This site is optimized with the Yoast SEO plugin v27.5 - https:\/\/yoast.com\/product\/yoast-seo-wordpress\/ -->\n<title>Pamuk Tohumu Ya\u011f\u0131 - Hurtowy Dystrybutor<\/title>\n<meta name=\"description\" content=\"Pamuk tohumu ya\u011f\u0131 a\u00e7\u0131k sar\u0131 rengi ve neredeyse hissedilmeyen kokusu ile karakterize olup kozmetik \u00fcr\u00fcnlere m\u00fckemmel bir katk\u0131 maddesi olmas\u0131n\u0131 sa\u011flar.\" \/>\n<meta name=\"robots\" content=\"index, follow, max-snippet:-1, max-image-preview:large, max-video-preview:-1\" \/>\n<link rel=\"canonical\" href=\"https:\/\/naturalpoland.com\/tr\/urunler\/kozmetik-hammaddeleri\/kozmetik-yaglari\/pamuk-tohumu-yagi\/\" \/>\n<meta property=\"og:locale\" content=\"tr_TR\" \/>\n<meta property=\"og:type\" content=\"article\" \/>\n<meta property=\"og:title\" content=\"Pamuk Tohumu Ya\u011f\u0131 - Hurtowy Dystrybutor\" \/>\n<meta property=\"og:description\" content=\"Pamuk tohumu ya\u011f\u0131 a\u00e7\u0131k sar\u0131 rengi ve neredeyse hissedilmeyen kokusu ile karakterize olup kozmetik \u00fcr\u00fcnlere m\u00fckemmel bir katk\u0131 maddesi olmas\u0131n\u0131 sa\u011flar.\" \/>\n<meta property=\"og:url\" content=\"https:\/\/naturalpoland.com\/tr\/urunler\/kozmetik-hammaddeleri\/kozmetik-yaglari\/pamuk-tohumu-yagi\/\" \/>\n<meta property=\"og:site_name\" content=\"NATURAL POLAND - Hurtowy Dystrybutor Surowc\u00f3w\" \/>\n<meta property=\"article:publisher\" content=\"https:\/\/www.facebook.com\/naturalpoland.b2b\" \/>\n<meta property=\"article:modified_time\" content=\"2026-02-04T12:20:55+00:00\" \/>\n<meta property=\"og:image\" content=\"https:\/\/naturalpoland.com\/wp-content\/uploads\/olej-bawelniany.webp\" \/>\n\t<meta property=\"og:image:width\" content=\"614\" \/>\n\t<meta property=\"og:image:height\" content=\"614\" \/>\n\t<meta property=\"og:image:type\" content=\"image\/webp\" \/>\n<script type=\"application\/ld+json\" class=\"yoast-schema-graph\">{\"@context\":\"https:\\\/\\\/schema.org\",\"@graph\":[{\"@type\":\"WebPage\",\"@id\":\"https:\\\/\\\/naturalpoland.com\\\/tr\\\/urunler\\\/kozmetik-hammaddeleri\\\/kozmetik-yaglari\\\/pamuk-tohumu-yagi\\\/\",\"url\":\"https:\\\/\\\/naturalpoland.com\\\/tr\\\/urunler\\\/kozmetik-hammaddeleri\\\/kozmetik-yaglari\\\/pamuk-tohumu-yagi\\\/\",\"name\":\"Pamuk Tohumu Ya\u011f\u0131 - Hurtowy Dystrybutor\",\"isPartOf\":{\"@id\":\"https:\\\/\\\/naturalpoland.com\\\/tr\\\/#website\"},\"primaryImageOfPage\":{\"@id\":\"https:\\\/\\\/naturalpoland.com\\\/tr\\\/urunler\\\/kozmetik-hammaddeleri\\\/kozmetik-yaglari\\\/pamuk-tohumu-yagi\\\/#primaryimage\"},\"image\":{\"@id\":\"https:\\\/\\\/naturalpoland.com\\\/tr\\\/urunler\\\/kozmetik-hammaddeleri\\\/kozmetik-yaglari\\\/pamuk-tohumu-yagi\\\/#primaryimage\"},\"thumbnailUrl\":\"https:\\\/\\\/naturalpoland.com\\\/wp-content\\\/uploads\\\/olej-bawelniany.webp\",\"datePublished\":\"2024-01-25T13:50:31+00:00\",\"dateModified\":\"2026-02-04T12:20:55+00:00\",\"description\":\"Pamuk tohumu ya\u011f\u0131 a\u00e7\u0131k sar\u0131 rengi ve neredeyse hissedilmeyen kokusu ile karakterize olup kozmetik \u00fcr\u00fcnlere m\u00fckemmel bir katk\u0131 maddesi olmas\u0131n\u0131 sa\u011flar.\",\"breadcrumb\":{\"@id\":\"https:\\\/\\\/naturalpoland.com\\\/tr\\\/urunler\\\/kozmetik-hammaddeleri\\\/kozmetik-yaglari\\\/pamuk-tohumu-yagi\\\/#breadcrumb\"},\"inLanguage\":\"tr\",\"potentialAction\":[{\"@type\":\"ReadAction\",\"target\":[\"https:\\\/\\\/naturalpoland.com\\\/tr\\\/urunler\\\/kozmetik-hammaddeleri\\\/kozmetik-yaglari\\\/pamuk-tohumu-yagi\\\/\"]}]},{\"@type\":\"ImageObject\",\"inLanguage\":\"tr\",\"@id\":\"https:\\\/\\\/naturalpoland.com\\\/tr\\\/urunler\\\/kozmetik-hammaddeleri\\\/kozmetik-yaglari\\\/pamuk-tohumu-yagi\\\/#primaryimage\",\"url\":\"https:\\\/\\\/naturalpoland.com\\\/wp-content\\\/uploads\\\/olej-bawelniany.webp\",\"contentUrl\":\"https:\\\/\\\/naturalpoland.com\\\/wp-content\\\/uploads\\\/olej-bawelniany.webp\",\"width\":614,\"height\":614,\"caption\":\"pamuk ya\u011f\u0131\"},{\"@type\":\"BreadcrumbList\",\"@id\":\"https:\\\/\\\/naturalpoland.com\\\/tr\\\/urunler\\\/kozmetik-hammaddeleri\\\/kozmetik-yaglari\\\/pamuk-tohumu-yagi\\\/#breadcrumb\",\"itemListElement\":[{\"@type\":\"ListItem\",\"position\":1,\"name\":\"Ana Sayfa\",\"item\":\"https:\\\/\\\/naturalpoland.com\\\/tr\\\/\"},{\"@type\":\"ListItem\",\"position\":2,\"name\":\"\u00dcr\u00fcnler\",\"item\":\"https:\\\/\\\/naturalpoland.com\\\/tr\\\/urunler\\\/\"},{\"@type\":\"ListItem\",\"position\":3,\"name\":\"Pamuk Tohumu Ya\u011f\u0131\"}]},{\"@type\":\"WebSite\",\"@id\":\"https:\\\/\\\/naturalpoland.com\\\/tr\\\/#website\",\"url\":\"https:\\\/\\\/naturalpoland.com\\\/tr\\\/\",\"name\":\"NATURAL POLAND - Hurtowy Dystrybutor Surowc\u00f3w\",\"description\":\"Surowce dla przemys\u0142u spo\u017cywczego, kosmetycznego i farmaceutycznego\",\"publisher\":{\"@id\":\"https:\\\/\\\/naturalpoland.com\\\/tr\\\/#organization\"},\"potentialAction\":[{\"@type\":\"SearchAction\",\"target\":{\"@type\":\"EntryPoint\",\"urlTemplate\":\"https:\\\/\\\/naturalpoland.com\\\/tr\\\/?s={search_term_string}\"},\"query-input\":{\"@type\":\"PropertyValueSpecification\",\"valueRequired\":true,\"valueName\":\"search_term_string\"}}],\"inLanguage\":\"tr\"},{\"@type\":\"Organization\",\"@id\":\"https:\\\/\\\/naturalpoland.com\\\/tr\\\/#organization\",\"name\":\"Natural Poland\",\"url\":\"https:\\\/\\\/naturalpoland.com\\\/tr\\\/\",\"logo\":{\"@type\":\"ImageObject\",\"inLanguage\":\"tr\",\"@id\":\"https:\\\/\\\/naturalpoland.com\\\/tr\\\/#\\\/schema\\\/logo\\\/image\\\/\",\"url\":\"https:\\\/\\\/naturalpoland.com\\\/wp-content\\\/uploads\\\/2021\\\/05\\\/natural-poland-icon.png\",\"contentUrl\":\"https:\\\/\\\/naturalpoland.com\\\/wp-content\\\/uploads\\\/2021\\\/05\\\/natural-poland-icon.png\",\"width\":512,\"height\":512,\"caption\":\"Natural Poland\"},\"image\":{\"@id\":\"https:\\\/\\\/naturalpoland.com\\\/tr\\\/#\\\/schema\\\/logo\\\/image\\\/\"},\"sameAs\":[\"https:\\\/\\\/www.facebook.com\\\/naturalpoland.b2b\",\"https:\\\/\\\/pl.linkedin.com\\\/company\\\/natural-poland\",\"https:\\\/\\\/www.youtube.com\\\/channel\\\/UCgeGGkvOMahZo-xu_MSEWxg\"]}]}<\/script>\n<!-- \/ Yoast SEO plugin. -->","yoast_head_json":{"title":"Pamuk Tohumu Ya\u011f\u0131 - Hurtowy Dystrybutor","description":"Pamuk tohumu ya\u011f\u0131 a\u00e7\u0131k sar\u0131 rengi ve neredeyse hissedilmeyen kokusu ile karakterize olup kozmetik \u00fcr\u00fcnlere m\u00fckemmel bir katk\u0131 maddesi olmas\u0131n\u0131 sa\u011flar.","robots":{"index":"index","follow":"follow","max-snippet":"max-snippet:-1","max-image-preview":"max-image-preview:large","max-video-preview":"max-video-preview:-1"},"canonical":"https:\/\/naturalpoland.com\/tr\/urunler\/kozmetik-hammaddeleri\/kozmetik-yaglari\/pamuk-tohumu-yagi\/","og_locale":"tr_TR","og_type":"article","og_title":"Pamuk Tohumu Ya\u011f\u0131 - Hurtowy Dystrybutor","og_description":"Pamuk tohumu ya\u011f\u0131 a\u00e7\u0131k sar\u0131 rengi ve neredeyse hissedilmeyen kokusu ile karakterize olup kozmetik \u00fcr\u00fcnlere m\u00fckemmel bir katk\u0131 maddesi olmas\u0131n\u0131 sa\u011flar.","og_url":"https:\/\/naturalpoland.com\/tr\/urunler\/kozmetik-hammaddeleri\/kozmetik-yaglari\/pamuk-tohumu-yagi\/","og_site_name":"NATURAL POLAND - Hurtowy Dystrybutor Surowc\u00f3w","article_publisher":"https:\/\/www.facebook.com\/naturalpoland.b2b","article_modified_time":"2026-02-04T12:20:55+00:00","og_image":[{"width":614,"height":614,"url":"https:\/\/naturalpoland.com\/wp-content\/uploads\/olej-bawelniany.webp","type":"image\/webp"}],"schema":{"@context":"https:\/\/schema.org","@graph":[{"@type":"WebPage","@id":"https:\/\/naturalpoland.com\/tr\/urunler\/kozmetik-hammaddeleri\/kozmetik-yaglari\/pamuk-tohumu-yagi\/","url":"https:\/\/naturalpoland.com\/tr\/urunler\/kozmetik-hammaddeleri\/kozmetik-yaglari\/pamuk-tohumu-yagi\/","name":"Pamuk Tohumu Ya\u011f\u0131 - Hurtowy Dystrybutor","isPartOf":{"@id":"https:\/\/naturalpoland.com\/tr\/#website"},"primaryImageOfPage":{"@id":"https:\/\/naturalpoland.com\/tr\/urunler\/kozmetik-hammaddeleri\/kozmetik-yaglari\/pamuk-tohumu-yagi\/#primaryimage"},"image":{"@id":"https:\/\/naturalpoland.com\/tr\/urunler\/kozmetik-hammaddeleri\/kozmetik-yaglari\/pamuk-tohumu-yagi\/#primaryimage"},"thumbnailUrl":"https:\/\/naturalpoland.com\/wp-content\/uploads\/olej-bawelniany.webp","datePublished":"2024-01-25T13:50:31+00:00","dateModified":"2026-02-04T12:20:55+00:00","description":"Pamuk tohumu ya\u011f\u0131 a\u00e7\u0131k sar\u0131 rengi ve neredeyse hissedilmeyen kokusu ile karakterize olup kozmetik \u00fcr\u00fcnlere m\u00fckemmel bir katk\u0131 maddesi olmas\u0131n\u0131 sa\u011flar.","breadcrumb":{"@id":"https:\/\/naturalpoland.com\/tr\/urunler\/kozmetik-hammaddeleri\/kozmetik-yaglari\/pamuk-tohumu-yagi\/#breadcrumb"},"inLanguage":"tr","potentialAction":[{"@type":"ReadAction","target":["https:\/\/naturalpoland.com\/tr\/urunler\/kozmetik-hammaddeleri\/kozmetik-yaglari\/pamuk-tohumu-yagi\/"]}]},{"@type":"ImageObject","inLanguage":"tr","@id":"https:\/\/naturalpoland.com\/tr\/urunler\/kozmetik-hammaddeleri\/kozmetik-yaglari\/pamuk-tohumu-yagi\/#primaryimage","url":"https:\/\/naturalpoland.com\/wp-content\/uploads\/olej-bawelniany.webp","contentUrl":"https:\/\/naturalpoland.com\/wp-content\/uploads\/olej-bawelniany.webp","width":614,"height":614,"caption":"pamuk ya\u011f\u0131"},{"@type":"BreadcrumbList","@id":"https:\/\/naturalpoland.com\/tr\/urunler\/kozmetik-hammaddeleri\/kozmetik-yaglari\/pamuk-tohumu-yagi\/#breadcrumb","itemListElement":[{"@type":"ListItem","position":1,"name":"Ana Sayfa","item":"https:\/\/naturalpoland.com\/tr\/"},{"@type":"ListItem","position":2,"name":"\u00dcr\u00fcnler","item":"https:\/\/naturalpoland.com\/tr\/urunler\/"},{"@type":"ListItem","position":3,"name":"Pamuk Tohumu Ya\u011f\u0131"}]},{"@type":"WebSite","@id":"https:\/\/naturalpoland.com\/tr\/#website","url":"https:\/\/naturalpoland.com\/tr\/","name":"NATURAL POLAND - Hurtowy Dystrybutor Surowc\u00f3w","description":"Surowce dla przemys\u0142u spo\u017cywczego, kosmetycznego i farmaceutycznego","publisher":{"@id":"https:\/\/naturalpoland.com\/tr\/#organization"},"potentialAction":[{"@type":"SearchAction","target":{"@type":"EntryPoint","urlTemplate":"https:\/\/naturalpoland.com\/tr\/?s={search_term_string}"},"query-input":{"@type":"PropertyValueSpecification","valueRequired":true,"valueName":"search_term_string"}}],"inLanguage":"tr"},{"@type":"Organization","@id":"https:\/\/naturalpoland.com\/tr\/#organization","name":"Natural Poland","url":"https:\/\/naturalpoland.com\/tr\/","logo":{"@type":"ImageObject","inLanguage":"tr","@id":"https:\/\/naturalpoland.com\/tr\/#\/schema\/logo\/image\/","url":"https:\/\/naturalpoland.com\/wp-content\/uploads\/2021\/05\/natural-poland-icon.png","contentUrl":"https:\/\/naturalpoland.com\/wp-content\/uploads\/2021\/05\/natural-poland-icon.png","width":512,"height":512,"caption":"Natural Poland"},"image":{"@id":"https:\/\/naturalpoland.com\/tr\/#\/schema\/logo\/image\/"},"sameAs":["https:\/\/www.facebook.com\/naturalpoland.b2b","https:\/\/pl.linkedin.com\/company\/natural-poland","https:\/\/www.youtube.com\/channel\/UCgeGGkvOMahZo-xu_MSEWxg"]}]}},"_links":{"self":[{"href":"https:\/\/naturalpoland.com\/tr\/wp-json\/wp\/v2\/product\/45496","targetHints":{"allow":["GET"]}}],"collection":[{"href":"https:\/\/naturalpoland.com\/tr\/wp-json\/wp\/v2\/product"}],"about":[{"href":"https:\/\/naturalpoland.com\/tr\/wp-json\/wp\/v2\/types\/product"}],"wp:featuredmedia":[{"embeddable":true,"href":"https:\/\/naturalpoland.com\/tr\/wp-json\/wp\/v2\/media\/45497"}],"wp:attachment":[{"href":"https:\/\/naturalpoland.com\/tr\/wp-json\/wp\/v2\/media?parent=45496"}],"wp:term":[{"taxonomy":"product_brand","embeddable":true,"href":"https:\/\/naturalpoland.com\/tr\/wp-json\/wp\/v2\/product_brand?post=45496"},{"taxonomy":"product_cat","embeddable":true,"href":"https:\/\/naturalpoland.com\/tr\/wp-json\/wp\/v2\/product_cat?post=45496"},{"taxonomy":"product_tag","embeddable":true,"href":"https:\/\/naturalpoland.com\/tr\/wp-json\/wp\/v2\/product_tag?post=45496"}],"curies":[{"name":"wp","href":"https:\/\/api.w.org\/{rel}","templated":true}]}}