{"id":45500,"date":"2024-04-10T11:44:06","date_gmt":"2024-04-10T09:44:06","guid":{"rendered":"https:\/\/naturalpoland.com\/produkty\/kategorilenmemis\/afrika-mango-cekirdegi-ekstrakti\/"},"modified":"2026-02-04T13:21:06","modified_gmt":"2026-02-04T12:21:06","slug":"afrika-mango-cekirdegi-ekstrakti","status":"publish","type":"product","link":"https:\/\/naturalpoland.com\/tr\/urunler\/bitkisel-ekstraktlar\/afrika-mango-cekirdegi-ekstrakti\/","title":{"rendered":"Afrika Mango \u00c7ekirde\u011fi Ekstrakt\u0131"},"content":{"rendered":"<p>Ekstrakt, \u00f6zenle se\u00e7ilmi\u015f Afrika mango meyvelerinin \u00e7ekirdeklerinden elde edilir. \u00c7e\u015fitli takviye g\u0131da form\u00fcllerinde ve sa\u011fl\u0131k \u00fcr\u00fcnlerinde geni\u015f \u00e7apta kullan\u0131labilir. <\/p>\n<p>Afrika mango \u00e7ekirde\u011fi ekstrakt\u0131n\u0131n <strong>antioksidan etkisi<\/strong>, kardiyovask\u00fcler sa\u011fl\u0131\u011f\u0131n desteklenmesi ve kan \u015fekeri seviyesinin d\u00fczenlenmesi \u00fczerinde do\u011frudan etkiye sahiptir. Bu \u00f6zellikler sayesinde \u00fcr\u00fcn, tip 2 diyabet ve kalp hastal\u0131klar\u0131 gibi medeniyet hastal\u0131klar\u0131n\u0131n \u00f6nlenmesinde kullan\u0131m alan\u0131 bulur. Ayr\u0131ca ekstraktta bulunan flavonlar metabolik s\u00fcre\u00e7leri destekleyerek daha etkili kilo y\u00f6netimi ve genel v\u00fccut kondisyonunun iyile\u015ftirilmesine katk\u0131da bulunabilir.  <\/p>\n<p><strong>Afrika mango \u00e7ekirde\u011fi ekstrakt\u0131n\u0131n kullan\u0131m\u0131<\/strong> yaln\u0131zca takviye g\u0131dalarla s\u0131n\u0131rl\u0131 de\u011fildir. Benzersiz \u00f6zellikleri sayesinde do\u011fal kozmetiklerde de de\u011ferli bir bile\u015fendir ve antioksidan ile yenileyici etkisi cildin g\u00f6r\u00fcn\u00fcm\u00fc ve kondisyonunun iyile\u015ftirilmesine katk\u0131da bulunabilir. <\/p>\n<p>Sa\u011fl\u0131k ve kozmetik \u00fcr\u00fcnleri \u00fcreticileri i\u00e7in Afrika mango \u00e7ekirde\u011fi ekstrakt\u0131, do\u011fal bile\u015fenlere dayal\u0131 \u00fcr\u00fcnlere y\u00f6nelik artan t\u00fcketici talebine yan\u0131t veren yenilik\u00e7i form\u00fcllerle \u00fcr\u00fcn gam\u0131n\u0131 zenginle\u015ftirme imkan\u0131 sunar. \u00c7ok y\u00f6nl\u00fc kullan\u0131m\u0131 ve ara\u015ft\u0131rmalarla kan\u0131tlanm\u0131\u015f \u00f6zellikleri, bu ekstrakt\u0131 en y\u00fcksek kalitede \u00fcr\u00fcn geli\u015ftirme i\u00e7in de\u011ferli bir yat\u0131r\u0131m haline getirir. <\/p>\n","protected":false},"excerpt":{"rendered":"<p>Afrika mango \u00e7ekirde\u011fi ekstrakt\u0131, ola\u011fan\u00fcst\u00fc sa\u011fl\u0131k \u00f6zellikleri nedeniyle de\u011fer verilen, takviye g\u0131dalar\u0131n de\u011ferli bir bile\u015fenidir. Afrika ya\u011fmur ormanlar\u0131na \u00f6zg\u00fc <strong><em>Irvingia Gabonensis<\/em><\/strong> bitkisinden elde edilen bu ekstrakt, zengin bir <strong><a href=\"https:\/\/naturalpoland.com\/artykuly\/produkty-naturalne\/czym-sa-i-jak-dzialaja-flawonoidy\/\">flavon<\/a><\/strong> kayna\u011f\u0131d\u0131r. \u0130\u00e7eri\u011fi %10&#8217;u a\u015far ve bu durum UV y\u00f6ntemiyle yap\u0131lan ara\u015ft\u0131rmalarla do\u011frulanm\u0131\u015ft\u0131r.  <\/p>\n","protected":false},"featured_media":45501,"template":"","meta":{"_acf_changed":false},"product_brand":[],"product_cat":[9531],"product_tag":[],"class_list":{"0":"post-45500","1":"product","2":"type-product","3":"status-publish","4":"has-post-thumbnail","6":"product_cat-bitkisel-ekstraktlar","7":"pa_certyfikaty-helal","8":"pa_certyfikaty-koser-sertifikasi","10":"first","11":"instock","12":"shipping-taxable","13":"product-type-simple"},"acf":[],"yoast_head":"<!-- This site is optimized with the Yoast SEO plugin v27.5 - https:\/\/yoast.com\/product\/yoast-seo-wordpress\/ -->\n<title>Afrika Mango \u00c7ekirde\u011fi Ekstrakt\u0131 - Hurtowy Dystrybutor<\/title>\n<meta name=\"description\" content=\"Afrika mango \u00e7ekirde\u011fi ekstrakt\u0131, do\u011fal bile\u015fenlere dayal\u0131 yenilik\u00e7i form\u00fcllerle \u00fcr\u00fcn gam\u0131n\u0131z\u0131 zenginle\u015ftirme imkan\u0131 sunar.\" \/>\n<meta name=\"robots\" content=\"index, follow, max-snippet:-1, max-image-preview:large, max-video-preview:-1\" \/>\n<link rel=\"canonical\" href=\"https:\/\/naturalpoland.com\/tr\/urunler\/bitkisel-ekstraktlar\/afrika-mango-cekirdegi-ekstrakti\/\" \/>\n<meta property=\"og:locale\" content=\"tr_TR\" \/>\n<meta property=\"og:type\" content=\"article\" \/>\n<meta property=\"og:title\" content=\"Afrika Mango \u00c7ekirde\u011fi Ekstrakt\u0131 - Hurtowy Dystrybutor\" \/>\n<meta property=\"og:description\" content=\"Afrika mango \u00e7ekirde\u011fi ekstrakt\u0131, do\u011fal bile\u015fenlere dayal\u0131 yenilik\u00e7i form\u00fcllerle \u00fcr\u00fcn gam\u0131n\u0131z\u0131 zenginle\u015ftirme imkan\u0131 sunar.\" \/>\n<meta property=\"og:url\" content=\"https:\/\/naturalpoland.com\/tr\/urunler\/bitkisel-ekstraktlar\/afrika-mango-cekirdegi-ekstrakti\/\" \/>\n<meta property=\"og:site_name\" content=\"NATURAL POLAND - Hurtowy Dystrybutor Surowc\u00f3w\" \/>\n<meta property=\"article:publisher\" content=\"https:\/\/www.facebook.com\/naturalpoland.b2b\" \/>\n<meta property=\"article:modified_time\" content=\"2026-02-04T12:21:06+00:00\" \/>\n<meta property=\"og:image\" content=\"https:\/\/naturalpoland.com\/wp-content\/uploads\/african_mango_seed_extract.webp\" \/>\n\t<meta property=\"og:image:width\" content=\"700\" \/>\n\t<meta property=\"og:image:height\" content=\"700\" \/>\n\t<meta property=\"og:image:type\" content=\"image\/webp\" \/>\n<script type=\"application\/ld+json\" class=\"yoast-schema-graph\">{\"@context\":\"https:\\\/\\\/schema.org\",\"@graph\":[{\"@type\":\"WebPage\",\"@id\":\"https:\\\/\\\/naturalpoland.com\\\/tr\\\/urunler\\\/bitkisel-ekstraktlar\\\/afrika-mango-cekirdegi-ekstrakti\\\/\",\"url\":\"https:\\\/\\\/naturalpoland.com\\\/tr\\\/urunler\\\/bitkisel-ekstraktlar\\\/afrika-mango-cekirdegi-ekstrakti\\\/\",\"name\":\"Afrika Mango \u00c7ekirde\u011fi Ekstrakt\u0131 - Hurtowy Dystrybutor\",\"isPartOf\":{\"@id\":\"https:\\\/\\\/naturalpoland.com\\\/tr\\\/#website\"},\"primaryImageOfPage\":{\"@id\":\"https:\\\/\\\/naturalpoland.com\\\/tr\\\/urunler\\\/bitkisel-ekstraktlar\\\/afrika-mango-cekirdegi-ekstrakti\\\/#primaryimage\"},\"image\":{\"@id\":\"https:\\\/\\\/naturalpoland.com\\\/tr\\\/urunler\\\/bitkisel-ekstraktlar\\\/afrika-mango-cekirdegi-ekstrakti\\\/#primaryimage\"},\"thumbnailUrl\":\"https:\\\/\\\/naturalpoland.com\\\/wp-content\\\/uploads\\\/african_mango_seed_extract.webp\",\"datePublished\":\"2024-04-10T09:44:06+00:00\",\"dateModified\":\"2026-02-04T12:21:06+00:00\",\"description\":\"Afrika mango \u00e7ekirde\u011fi ekstrakt\u0131, do\u011fal bile\u015fenlere dayal\u0131 yenilik\u00e7i form\u00fcllerle \u00fcr\u00fcn gam\u0131n\u0131z\u0131 zenginle\u015ftirme imkan\u0131 sunar.\",\"breadcrumb\":{\"@id\":\"https:\\\/\\\/naturalpoland.com\\\/tr\\\/urunler\\\/bitkisel-ekstraktlar\\\/afrika-mango-cekirdegi-ekstrakti\\\/#breadcrumb\"},\"inLanguage\":\"tr\",\"potentialAction\":[{\"@type\":\"ReadAction\",\"target\":[\"https:\\\/\\\/naturalpoland.com\\\/tr\\\/urunler\\\/bitkisel-ekstraktlar\\\/afrika-mango-cekirdegi-ekstrakti\\\/\"]}]},{\"@type\":\"ImageObject\",\"inLanguage\":\"tr\",\"@id\":\"https:\\\/\\\/naturalpoland.com\\\/tr\\\/urunler\\\/bitkisel-ekstraktlar\\\/afrika-mango-cekirdegi-ekstrakti\\\/#primaryimage\",\"url\":\"https:\\\/\\\/naturalpoland.com\\\/wp-content\\\/uploads\\\/african_mango_seed_extract.webp\",\"contentUrl\":\"https:\\\/\\\/naturalpoland.com\\\/wp-content\\\/uploads\\\/african_mango_seed_extract.webp\",\"width\":700,\"height\":700,\"caption\":\"Afrika Mango \u00c7ekirde\u011fi Ekstrakt\u0131\"},{\"@type\":\"BreadcrumbList\",\"@id\":\"https:\\\/\\\/naturalpoland.com\\\/tr\\\/urunler\\\/bitkisel-ekstraktlar\\\/afrika-mango-cekirdegi-ekstrakti\\\/#breadcrumb\",\"itemListElement\":[{\"@type\":\"ListItem\",\"position\":1,\"name\":\"Ana Sayfa\",\"item\":\"https:\\\/\\\/naturalpoland.com\\\/tr\\\/\"},{\"@type\":\"ListItem\",\"position\":2,\"name\":\"\u00dcr\u00fcnler\",\"item\":\"https:\\\/\\\/naturalpoland.com\\\/tr\\\/urunler\\\/\"},{\"@type\":\"ListItem\",\"position\":3,\"name\":\"Afrika Mango \u00c7ekirde\u011fi Ekstrakt\u0131\"}]},{\"@type\":\"WebSite\",\"@id\":\"https:\\\/\\\/naturalpoland.com\\\/tr\\\/#website\",\"url\":\"https:\\\/\\\/naturalpoland.com\\\/tr\\\/\",\"name\":\"NATURAL POLAND - Hurtowy Dystrybutor Surowc\u00f3w\",\"description\":\"Surowce dla przemys\u0142u spo\u017cywczego, kosmetycznego i farmaceutycznego\",\"publisher\":{\"@id\":\"https:\\\/\\\/naturalpoland.com\\\/tr\\\/#organization\"},\"potentialAction\":[{\"@type\":\"SearchAction\",\"target\":{\"@type\":\"EntryPoint\",\"urlTemplate\":\"https:\\\/\\\/naturalpoland.com\\\/tr\\\/?s={search_term_string}\"},\"query-input\":{\"@type\":\"PropertyValueSpecification\",\"valueRequired\":true,\"valueName\":\"search_term_string\"}}],\"inLanguage\":\"tr\"},{\"@type\":\"Organization\",\"@id\":\"https:\\\/\\\/naturalpoland.com\\\/tr\\\/#organization\",\"name\":\"Natural Poland\",\"url\":\"https:\\\/\\\/naturalpoland.com\\\/tr\\\/\",\"logo\":{\"@type\":\"ImageObject\",\"inLanguage\":\"tr\",\"@id\":\"https:\\\/\\\/naturalpoland.com\\\/tr\\\/#\\\/schema\\\/logo\\\/image\\\/\",\"url\":\"https:\\\/\\\/naturalpoland.com\\\/wp-content\\\/uploads\\\/2021\\\/05\\\/natural-poland-icon.png\",\"contentUrl\":\"https:\\\/\\\/naturalpoland.com\\\/wp-content\\\/uploads\\\/2021\\\/05\\\/natural-poland-icon.png\",\"width\":512,\"height\":512,\"caption\":\"Natural Poland\"},\"image\":{\"@id\":\"https:\\\/\\\/naturalpoland.com\\\/tr\\\/#\\\/schema\\\/logo\\\/image\\\/\"},\"sameAs\":[\"https:\\\/\\\/www.facebook.com\\\/naturalpoland.b2b\",\"https:\\\/\\\/pl.linkedin.com\\\/company\\\/natural-poland\",\"https:\\\/\\\/www.youtube.com\\\/channel\\\/UCgeGGkvOMahZo-xu_MSEWxg\"]}]}<\/script>\n<!-- \/ Yoast SEO plugin. -->","yoast_head_json":{"title":"Afrika Mango \u00c7ekirde\u011fi Ekstrakt\u0131 - Hurtowy Dystrybutor","description":"Afrika mango \u00e7ekirde\u011fi ekstrakt\u0131, do\u011fal bile\u015fenlere dayal\u0131 yenilik\u00e7i form\u00fcllerle \u00fcr\u00fcn gam\u0131n\u0131z\u0131 zenginle\u015ftirme imkan\u0131 sunar.","robots":{"index":"index","follow":"follow","max-snippet":"max-snippet:-1","max-image-preview":"max-image-preview:large","max-video-preview":"max-video-preview:-1"},"canonical":"https:\/\/naturalpoland.com\/tr\/urunler\/bitkisel-ekstraktlar\/afrika-mango-cekirdegi-ekstrakti\/","og_locale":"tr_TR","og_type":"article","og_title":"Afrika Mango \u00c7ekirde\u011fi Ekstrakt\u0131 - Hurtowy Dystrybutor","og_description":"Afrika mango \u00e7ekirde\u011fi ekstrakt\u0131, do\u011fal bile\u015fenlere dayal\u0131 yenilik\u00e7i form\u00fcllerle \u00fcr\u00fcn gam\u0131n\u0131z\u0131 zenginle\u015ftirme imkan\u0131 sunar.","og_url":"https:\/\/naturalpoland.com\/tr\/urunler\/bitkisel-ekstraktlar\/afrika-mango-cekirdegi-ekstrakti\/","og_site_name":"NATURAL POLAND - Hurtowy Dystrybutor Surowc\u00f3w","article_publisher":"https:\/\/www.facebook.com\/naturalpoland.b2b","article_modified_time":"2026-02-04T12:21:06+00:00","og_image":[{"width":700,"height":700,"url":"https:\/\/naturalpoland.com\/wp-content\/uploads\/african_mango_seed_extract.webp","type":"image\/webp"}],"schema":{"@context":"https:\/\/schema.org","@graph":[{"@type":"WebPage","@id":"https:\/\/naturalpoland.com\/tr\/urunler\/bitkisel-ekstraktlar\/afrika-mango-cekirdegi-ekstrakti\/","url":"https:\/\/naturalpoland.com\/tr\/urunler\/bitkisel-ekstraktlar\/afrika-mango-cekirdegi-ekstrakti\/","name":"Afrika Mango \u00c7ekirde\u011fi Ekstrakt\u0131 - Hurtowy Dystrybutor","isPartOf":{"@id":"https:\/\/naturalpoland.com\/tr\/#website"},"primaryImageOfPage":{"@id":"https:\/\/naturalpoland.com\/tr\/urunler\/bitkisel-ekstraktlar\/afrika-mango-cekirdegi-ekstrakti\/#primaryimage"},"image":{"@id":"https:\/\/naturalpoland.com\/tr\/urunler\/bitkisel-ekstraktlar\/afrika-mango-cekirdegi-ekstrakti\/#primaryimage"},"thumbnailUrl":"https:\/\/naturalpoland.com\/wp-content\/uploads\/african_mango_seed_extract.webp","datePublished":"2024-04-10T09:44:06+00:00","dateModified":"2026-02-04T12:21:06+00:00","description":"Afrika mango \u00e7ekirde\u011fi ekstrakt\u0131, do\u011fal bile\u015fenlere dayal\u0131 yenilik\u00e7i form\u00fcllerle \u00fcr\u00fcn gam\u0131n\u0131z\u0131 zenginle\u015ftirme imkan\u0131 sunar.","breadcrumb":{"@id":"https:\/\/naturalpoland.com\/tr\/urunler\/bitkisel-ekstraktlar\/afrika-mango-cekirdegi-ekstrakti\/#breadcrumb"},"inLanguage":"tr","potentialAction":[{"@type":"ReadAction","target":["https:\/\/naturalpoland.com\/tr\/urunler\/bitkisel-ekstraktlar\/afrika-mango-cekirdegi-ekstrakti\/"]}]},{"@type":"ImageObject","inLanguage":"tr","@id":"https:\/\/naturalpoland.com\/tr\/urunler\/bitkisel-ekstraktlar\/afrika-mango-cekirdegi-ekstrakti\/#primaryimage","url":"https:\/\/naturalpoland.com\/wp-content\/uploads\/african_mango_seed_extract.webp","contentUrl":"https:\/\/naturalpoland.com\/wp-content\/uploads\/african_mango_seed_extract.webp","width":700,"height":700,"caption":"Afrika Mango \u00c7ekirde\u011fi Ekstrakt\u0131"},{"@type":"BreadcrumbList","@id":"https:\/\/naturalpoland.com\/tr\/urunler\/bitkisel-ekstraktlar\/afrika-mango-cekirdegi-ekstrakti\/#breadcrumb","itemListElement":[{"@type":"ListItem","position":1,"name":"Ana Sayfa","item":"https:\/\/naturalpoland.com\/tr\/"},{"@type":"ListItem","position":2,"name":"\u00dcr\u00fcnler","item":"https:\/\/naturalpoland.com\/tr\/urunler\/"},{"@type":"ListItem","position":3,"name":"Afrika Mango \u00c7ekirde\u011fi Ekstrakt\u0131"}]},{"@type":"WebSite","@id":"https:\/\/naturalpoland.com\/tr\/#website","url":"https:\/\/naturalpoland.com\/tr\/","name":"NATURAL POLAND - Hurtowy Dystrybutor Surowc\u00f3w","description":"Surowce dla przemys\u0142u spo\u017cywczego, kosmetycznego i farmaceutycznego","publisher":{"@id":"https:\/\/naturalpoland.com\/tr\/#organization"},"potentialAction":[{"@type":"SearchAction","target":{"@type":"EntryPoint","urlTemplate":"https:\/\/naturalpoland.com\/tr\/?s={search_term_string}"},"query-input":{"@type":"PropertyValueSpecification","valueRequired":true,"valueName":"search_term_string"}}],"inLanguage":"tr"},{"@type":"Organization","@id":"https:\/\/naturalpoland.com\/tr\/#organization","name":"Natural Poland","url":"https:\/\/naturalpoland.com\/tr\/","logo":{"@type":"ImageObject","inLanguage":"tr","@id":"https:\/\/naturalpoland.com\/tr\/#\/schema\/logo\/image\/","url":"https:\/\/naturalpoland.com\/wp-content\/uploads\/2021\/05\/natural-poland-icon.png","contentUrl":"https:\/\/naturalpoland.com\/wp-content\/uploads\/2021\/05\/natural-poland-icon.png","width":512,"height":512,"caption":"Natural Poland"},"image":{"@id":"https:\/\/naturalpoland.com\/tr\/#\/schema\/logo\/image\/"},"sameAs":["https:\/\/www.facebook.com\/naturalpoland.b2b","https:\/\/pl.linkedin.com\/company\/natural-poland","https:\/\/www.youtube.com\/channel\/UCgeGGkvOMahZo-xu_MSEWxg"]}]}},"_links":{"self":[{"href":"https:\/\/naturalpoland.com\/tr\/wp-json\/wp\/v2\/product\/45500","targetHints":{"allow":["GET"]}}],"collection":[{"href":"https:\/\/naturalpoland.com\/tr\/wp-json\/wp\/v2\/product"}],"about":[{"href":"https:\/\/naturalpoland.com\/tr\/wp-json\/wp\/v2\/types\/product"}],"wp:featuredmedia":[{"embeddable":true,"href":"https:\/\/naturalpoland.com\/tr\/wp-json\/wp\/v2\/media\/45501"}],"wp:attachment":[{"href":"https:\/\/naturalpoland.com\/tr\/wp-json\/wp\/v2\/media?parent=45500"}],"wp:term":[{"taxonomy":"product_brand","embeddable":true,"href":"https:\/\/naturalpoland.com\/tr\/wp-json\/wp\/v2\/product_brand?post=45500"},{"taxonomy":"product_cat","embeddable":true,"href":"https:\/\/naturalpoland.com\/tr\/wp-json\/wp\/v2\/product_cat?post=45500"},{"taxonomy":"product_tag","embeddable":true,"href":"https:\/\/naturalpoland.com\/tr\/wp-json\/wp\/v2\/product_tag?post=45500"}],"curies":[{"name":"wp","href":"https:\/\/api.w.org\/{rel}","templated":true}]}}