{"id":45508,"date":"2024-01-25T12:48:21","date_gmt":"2024-01-25T11:48:21","guid":{"rendered":"https:\/\/naturalpoland.com\/produkty\/kategorilenmemis\/makadamya-mumu\/"},"modified":"2026-02-04T13:21:34","modified_gmt":"2026-02-04T12:21:34","slug":"makadamya-mumu","status":"publish","type":"product","link":"https:\/\/naturalpoland.com\/tr\/urunler\/mumlar\/makadamya-mumu\/","title":{"rendered":"Makadamya Mumu"},"content":{"rendered":"<p>Makadamya mumu kremsi sar\u0131 renge sahiptir ve kokusuz oldu\u011fu i\u00e7in \u00e7e\u015fitli kozmetik form\u00fclasyonlarda kullan\u0131m\u0131 kolayd\u0131r.<\/p>\n<p>Makadamya mumundaki oleik asit, palmitik asit ve stearik asit dahil ya\u011f asitleri i\u00e7eri\u011fi, nemlendirici ve yumu\u015fat\u0131c\u0131 \u00f6zelliklerine katk\u0131da bulunur. Ayn\u0131 ya\u011f asitleri bu mumu kuru ve olgun cilt bak\u0131m \u00fcr\u00fcnleri i\u00e7in ideal bir bile\u015fen haline getirerek beslenme ve koruma sa\u011flar. <\/p>\n<p>Makadamya mumu ayr\u0131ca <strong>koruyucu etki<\/strong> g\u00f6stererek ciltte nem kayb\u0131n\u0131 \u00f6nleyen nazik bir film tabakas\u0131 olu\u015fturur. Bu bile\u015fen sayesinde kozmetik \u00fcr\u00fcnler cildi kirlilik ve kuruluk dahil zararl\u0131 d\u0131\u015f etkenlerden daha iyi koruyabilir. <\/p>\n<p><strong>Kullan\u0131m alanlar\u0131<\/strong><\/p>\n<p>Makadamya mumunun kullan\u0131m alan\u0131 \u00e7e\u015fitlidir &#8211; nemlendirici kremlerden v\u00fccut balsamlar\u0131na, sa\u00e7 \u015fekillendirme \u00fcr\u00fcnlerine kadar. \u00c7ok y\u00f6nl\u00fcl\u00fc\u011f\u00fc onu <a href=\"https:\/\/naturalpoland.com\/tr\/kategori\/kozmetik-hammaddeleri\/\">kozmetik end\u00fcstrisinde<\/a> de\u011ferli bir bile\u015fen haline getirir ve toksik olmayan, nazik yap\u0131s\u0131 hassas ciltli ki\u015filer i\u00e7in bile uygun k\u0131lar. <\/p>\n<p>Bu mum, nemlendirici ve yumu\u015fat\u0131c\u0131 \u00f6zellikleri sayesinde \u00f6zellikle kuru, hassas ve olgun cilt bak\u0131m\u0131na y\u00f6nelik \u00fcr\u00fcnlerde kullan\u0131m i\u00e7in tavsiye edilir.<\/p>\n","protected":false},"excerpt":{"rendered":"<p>Makadamya mumu, makadamya f\u0131st\u0131\u011f\u0131ndan elde edilen e\u015fsiz bir kozmetik hammaddesidir. Benzersiz \u00f6zellikleri makadamya f\u0131st\u0131\u011f\u0131 ya\u011f\u0131n\u0131n hidrojenasyon i\u015fleminden kaynaklan\u0131r ve bu i\u015flem ona kat\u0131 k\u0131vam kazand\u0131r\u0131r. <\/p>\n","protected":false},"featured_media":45509,"template":"","meta":{"_acf_changed":false},"product_brand":[],"product_cat":[9573],"product_tag":[],"class_list":{"0":"post-45508","1":"product","2":"type-product","3":"status-publish","4":"has-post-thumbnail","6":"product_cat-mumlar","8":"first","9":"instock","10":"shipping-taxable","11":"product-type-simple"},"acf":[],"yoast_head":"<!-- This site is optimized with the Yoast SEO plugin v27.5 - https:\/\/yoast.com\/product\/yoast-seo-wordpress\/ -->\n<title>Makadamya Mumu - Hurtowy Dystrybutor<\/title>\n<meta name=\"description\" content=\"Makadamya mumu \u00f6zellikle kuru, hassas ve olgun cilt bak\u0131m\u0131na y\u00f6nelik \u00fcr\u00fcnlerde kullan\u0131m i\u00e7in tavsiye edilir.\" \/>\n<meta name=\"robots\" content=\"index, follow, max-snippet:-1, max-image-preview:large, max-video-preview:-1\" \/>\n<link rel=\"canonical\" href=\"https:\/\/naturalpoland.com\/tr\/urunler\/mumlar\/makadamya-mumu\/\" \/>\n<meta property=\"og:locale\" content=\"tr_TR\" \/>\n<meta property=\"og:type\" content=\"article\" \/>\n<meta property=\"og:title\" content=\"Makadamya Mumu - Hurtowy Dystrybutor\" \/>\n<meta property=\"og:description\" content=\"Makadamya mumu \u00f6zellikle kuru, hassas ve olgun cilt bak\u0131m\u0131na y\u00f6nelik \u00fcr\u00fcnlerde kullan\u0131m i\u00e7in tavsiye edilir.\" \/>\n<meta property=\"og:url\" content=\"https:\/\/naturalpoland.com\/tr\/urunler\/mumlar\/makadamya-mumu\/\" \/>\n<meta property=\"og:site_name\" content=\"NATURAL POLAND - Hurtowy Dystrybutor Surowc\u00f3w\" \/>\n<meta property=\"article:publisher\" content=\"https:\/\/www.facebook.com\/naturalpoland.b2b\" \/>\n<meta property=\"article:modified_time\" content=\"2026-02-04T12:21:34+00:00\" \/>\n<meta property=\"og:image\" content=\"https:\/\/naturalpoland.com\/wp-content\/uploads\/wosk-makadamia.webp\" \/>\n\t<meta property=\"og:image:width\" content=\"614\" \/>\n\t<meta property=\"og:image:height\" content=\"614\" \/>\n\t<meta property=\"og:image:type\" content=\"image\/webp\" \/>\n<script type=\"application\/ld+json\" class=\"yoast-schema-graph\">{\"@context\":\"https:\\\/\\\/schema.org\",\"@graph\":[{\"@type\":\"WebPage\",\"@id\":\"https:\\\/\\\/naturalpoland.com\\\/tr\\\/urunler\\\/mumlar\\\/makadamya-mumu\\\/\",\"url\":\"https:\\\/\\\/naturalpoland.com\\\/tr\\\/urunler\\\/mumlar\\\/makadamya-mumu\\\/\",\"name\":\"Makadamya Mumu - Hurtowy Dystrybutor\",\"isPartOf\":{\"@id\":\"https:\\\/\\\/naturalpoland.com\\\/tr\\\/#website\"},\"primaryImageOfPage\":{\"@id\":\"https:\\\/\\\/naturalpoland.com\\\/tr\\\/urunler\\\/mumlar\\\/makadamya-mumu\\\/#primaryimage\"},\"image\":{\"@id\":\"https:\\\/\\\/naturalpoland.com\\\/tr\\\/urunler\\\/mumlar\\\/makadamya-mumu\\\/#primaryimage\"},\"thumbnailUrl\":\"https:\\\/\\\/naturalpoland.com\\\/wp-content\\\/uploads\\\/wosk-makadamia.webp\",\"datePublished\":\"2024-01-25T11:48:21+00:00\",\"dateModified\":\"2026-02-04T12:21:34+00:00\",\"description\":\"Makadamya mumu \u00f6zellikle kuru, hassas ve olgun cilt bak\u0131m\u0131na y\u00f6nelik \u00fcr\u00fcnlerde kullan\u0131m i\u00e7in tavsiye edilir.\",\"breadcrumb\":{\"@id\":\"https:\\\/\\\/naturalpoland.com\\\/tr\\\/urunler\\\/mumlar\\\/makadamya-mumu\\\/#breadcrumb\"},\"inLanguage\":\"tr\",\"potentialAction\":[{\"@type\":\"ReadAction\",\"target\":[\"https:\\\/\\\/naturalpoland.com\\\/tr\\\/urunler\\\/mumlar\\\/makadamya-mumu\\\/\"]}]},{\"@type\":\"ImageObject\",\"inLanguage\":\"tr\",\"@id\":\"https:\\\/\\\/naturalpoland.com\\\/tr\\\/urunler\\\/mumlar\\\/makadamya-mumu\\\/#primaryimage\",\"url\":\"https:\\\/\\\/naturalpoland.com\\\/wp-content\\\/uploads\\\/wosk-makadamia.webp\",\"contentUrl\":\"https:\\\/\\\/naturalpoland.com\\\/wp-content\\\/uploads\\\/wosk-makadamia.webp\",\"width\":614,\"height\":614,\"caption\":\"makadamya mumu\"},{\"@type\":\"BreadcrumbList\",\"@id\":\"https:\\\/\\\/naturalpoland.com\\\/tr\\\/urunler\\\/mumlar\\\/makadamya-mumu\\\/#breadcrumb\",\"itemListElement\":[{\"@type\":\"ListItem\",\"position\":1,\"name\":\"Ana Sayfa\",\"item\":\"https:\\\/\\\/naturalpoland.com\\\/tr\\\/\"},{\"@type\":\"ListItem\",\"position\":2,\"name\":\"\u00dcr\u00fcnler\",\"item\":\"https:\\\/\\\/naturalpoland.com\\\/tr\\\/urunler\\\/\"},{\"@type\":\"ListItem\",\"position\":3,\"name\":\"Makadamya Mumu\"}]},{\"@type\":\"WebSite\",\"@id\":\"https:\\\/\\\/naturalpoland.com\\\/tr\\\/#website\",\"url\":\"https:\\\/\\\/naturalpoland.com\\\/tr\\\/\",\"name\":\"NATURAL POLAND - Hurtowy Dystrybutor Surowc\u00f3w\",\"description\":\"Surowce dla przemys\u0142u spo\u017cywczego, kosmetycznego i farmaceutycznego\",\"publisher\":{\"@id\":\"https:\\\/\\\/naturalpoland.com\\\/tr\\\/#organization\"},\"potentialAction\":[{\"@type\":\"SearchAction\",\"target\":{\"@type\":\"EntryPoint\",\"urlTemplate\":\"https:\\\/\\\/naturalpoland.com\\\/tr\\\/?s={search_term_string}\"},\"query-input\":{\"@type\":\"PropertyValueSpecification\",\"valueRequired\":true,\"valueName\":\"search_term_string\"}}],\"inLanguage\":\"tr\"},{\"@type\":\"Organization\",\"@id\":\"https:\\\/\\\/naturalpoland.com\\\/tr\\\/#organization\",\"name\":\"Natural Poland\",\"url\":\"https:\\\/\\\/naturalpoland.com\\\/tr\\\/\",\"logo\":{\"@type\":\"ImageObject\",\"inLanguage\":\"tr\",\"@id\":\"https:\\\/\\\/naturalpoland.com\\\/tr\\\/#\\\/schema\\\/logo\\\/image\\\/\",\"url\":\"https:\\\/\\\/naturalpoland.com\\\/wp-content\\\/uploads\\\/2021\\\/05\\\/natural-poland-icon.png\",\"contentUrl\":\"https:\\\/\\\/naturalpoland.com\\\/wp-content\\\/uploads\\\/2021\\\/05\\\/natural-poland-icon.png\",\"width\":512,\"height\":512,\"caption\":\"Natural Poland\"},\"image\":{\"@id\":\"https:\\\/\\\/naturalpoland.com\\\/tr\\\/#\\\/schema\\\/logo\\\/image\\\/\"},\"sameAs\":[\"https:\\\/\\\/www.facebook.com\\\/naturalpoland.b2b\",\"https:\\\/\\\/pl.linkedin.com\\\/company\\\/natural-poland\",\"https:\\\/\\\/www.youtube.com\\\/channel\\\/UCgeGGkvOMahZo-xu_MSEWxg\"]}]}<\/script>\n<!-- \/ Yoast SEO plugin. -->","yoast_head_json":{"title":"Makadamya Mumu - Hurtowy Dystrybutor","description":"Makadamya mumu \u00f6zellikle kuru, hassas ve olgun cilt bak\u0131m\u0131na y\u00f6nelik \u00fcr\u00fcnlerde kullan\u0131m i\u00e7in tavsiye edilir.","robots":{"index":"index","follow":"follow","max-snippet":"max-snippet:-1","max-image-preview":"max-image-preview:large","max-video-preview":"max-video-preview:-1"},"canonical":"https:\/\/naturalpoland.com\/tr\/urunler\/mumlar\/makadamya-mumu\/","og_locale":"tr_TR","og_type":"article","og_title":"Makadamya Mumu - Hurtowy Dystrybutor","og_description":"Makadamya mumu \u00f6zellikle kuru, hassas ve olgun cilt bak\u0131m\u0131na y\u00f6nelik \u00fcr\u00fcnlerde kullan\u0131m i\u00e7in tavsiye edilir.","og_url":"https:\/\/naturalpoland.com\/tr\/urunler\/mumlar\/makadamya-mumu\/","og_site_name":"NATURAL POLAND - Hurtowy Dystrybutor Surowc\u00f3w","article_publisher":"https:\/\/www.facebook.com\/naturalpoland.b2b","article_modified_time":"2026-02-04T12:21:34+00:00","og_image":[{"width":614,"height":614,"url":"https:\/\/naturalpoland.com\/wp-content\/uploads\/wosk-makadamia.webp","type":"image\/webp"}],"schema":{"@context":"https:\/\/schema.org","@graph":[{"@type":"WebPage","@id":"https:\/\/naturalpoland.com\/tr\/urunler\/mumlar\/makadamya-mumu\/","url":"https:\/\/naturalpoland.com\/tr\/urunler\/mumlar\/makadamya-mumu\/","name":"Makadamya Mumu - Hurtowy Dystrybutor","isPartOf":{"@id":"https:\/\/naturalpoland.com\/tr\/#website"},"primaryImageOfPage":{"@id":"https:\/\/naturalpoland.com\/tr\/urunler\/mumlar\/makadamya-mumu\/#primaryimage"},"image":{"@id":"https:\/\/naturalpoland.com\/tr\/urunler\/mumlar\/makadamya-mumu\/#primaryimage"},"thumbnailUrl":"https:\/\/naturalpoland.com\/wp-content\/uploads\/wosk-makadamia.webp","datePublished":"2024-01-25T11:48:21+00:00","dateModified":"2026-02-04T12:21:34+00:00","description":"Makadamya mumu \u00f6zellikle kuru, hassas ve olgun cilt bak\u0131m\u0131na y\u00f6nelik \u00fcr\u00fcnlerde kullan\u0131m i\u00e7in tavsiye edilir.","breadcrumb":{"@id":"https:\/\/naturalpoland.com\/tr\/urunler\/mumlar\/makadamya-mumu\/#breadcrumb"},"inLanguage":"tr","potentialAction":[{"@type":"ReadAction","target":["https:\/\/naturalpoland.com\/tr\/urunler\/mumlar\/makadamya-mumu\/"]}]},{"@type":"ImageObject","inLanguage":"tr","@id":"https:\/\/naturalpoland.com\/tr\/urunler\/mumlar\/makadamya-mumu\/#primaryimage","url":"https:\/\/naturalpoland.com\/wp-content\/uploads\/wosk-makadamia.webp","contentUrl":"https:\/\/naturalpoland.com\/wp-content\/uploads\/wosk-makadamia.webp","width":614,"height":614,"caption":"makadamya mumu"},{"@type":"BreadcrumbList","@id":"https:\/\/naturalpoland.com\/tr\/urunler\/mumlar\/makadamya-mumu\/#breadcrumb","itemListElement":[{"@type":"ListItem","position":1,"name":"Ana Sayfa","item":"https:\/\/naturalpoland.com\/tr\/"},{"@type":"ListItem","position":2,"name":"\u00dcr\u00fcnler","item":"https:\/\/naturalpoland.com\/tr\/urunler\/"},{"@type":"ListItem","position":3,"name":"Makadamya Mumu"}]},{"@type":"WebSite","@id":"https:\/\/naturalpoland.com\/tr\/#website","url":"https:\/\/naturalpoland.com\/tr\/","name":"NATURAL POLAND - Hurtowy Dystrybutor Surowc\u00f3w","description":"Surowce dla przemys\u0142u spo\u017cywczego, kosmetycznego i farmaceutycznego","publisher":{"@id":"https:\/\/naturalpoland.com\/tr\/#organization"},"potentialAction":[{"@type":"SearchAction","target":{"@type":"EntryPoint","urlTemplate":"https:\/\/naturalpoland.com\/tr\/?s={search_term_string}"},"query-input":{"@type":"PropertyValueSpecification","valueRequired":true,"valueName":"search_term_string"}}],"inLanguage":"tr"},{"@type":"Organization","@id":"https:\/\/naturalpoland.com\/tr\/#organization","name":"Natural Poland","url":"https:\/\/naturalpoland.com\/tr\/","logo":{"@type":"ImageObject","inLanguage":"tr","@id":"https:\/\/naturalpoland.com\/tr\/#\/schema\/logo\/image\/","url":"https:\/\/naturalpoland.com\/wp-content\/uploads\/2021\/05\/natural-poland-icon.png","contentUrl":"https:\/\/naturalpoland.com\/wp-content\/uploads\/2021\/05\/natural-poland-icon.png","width":512,"height":512,"caption":"Natural Poland"},"image":{"@id":"https:\/\/naturalpoland.com\/tr\/#\/schema\/logo\/image\/"},"sameAs":["https:\/\/www.facebook.com\/naturalpoland.b2b","https:\/\/pl.linkedin.com\/company\/natural-poland","https:\/\/www.youtube.com\/channel\/UCgeGGkvOMahZo-xu_MSEWxg"]}]}},"_links":{"self":[{"href":"https:\/\/naturalpoland.com\/tr\/wp-json\/wp\/v2\/product\/45508","targetHints":{"allow":["GET"]}}],"collection":[{"href":"https:\/\/naturalpoland.com\/tr\/wp-json\/wp\/v2\/product"}],"about":[{"href":"https:\/\/naturalpoland.com\/tr\/wp-json\/wp\/v2\/types\/product"}],"wp:featuredmedia":[{"embeddable":true,"href":"https:\/\/naturalpoland.com\/tr\/wp-json\/wp\/v2\/media\/45509"}],"wp:attachment":[{"href":"https:\/\/naturalpoland.com\/tr\/wp-json\/wp\/v2\/media?parent=45508"}],"wp:term":[{"taxonomy":"product_brand","embeddable":true,"href":"https:\/\/naturalpoland.com\/tr\/wp-json\/wp\/v2\/product_brand?post=45508"},{"taxonomy":"product_cat","embeddable":true,"href":"https:\/\/naturalpoland.com\/tr\/wp-json\/wp\/v2\/product_cat?post=45508"},{"taxonomy":"product_tag","embeddable":true,"href":"https:\/\/naturalpoland.com\/tr\/wp-json\/wp\/v2\/product_tag?post=45508"}],"curies":[{"name":"wp","href":"https:\/\/api.w.org\/{rel}","templated":true}]}}