{"id":45512,"date":"2024-01-26T11:36:50","date_gmt":"2024-01-26T10:36:50","guid":{"rendered":"https:\/\/naturalpoland.com\/produkty\/kategorilenmemis\/karasakiz-ozutu\/"},"modified":"2026-02-04T13:21:41","modified_gmt":"2026-02-04T12:21:41","slug":"karasakiz-ozutu","status":"publish","type":"product","link":"https:\/\/naturalpoland.com\/tr\/urunler\/bitkisel-ekstraktlar\/karasakiz-ozutu\/","title":{"rendered":"Karasak\u0131z \u00d6z\u00fct\u00fc"},"content":{"rendered":"<p>Karasak\u0131z \u00f6z\u00fct\u00fcn\u00fcn kullan\u0131m alanlar\u0131 \u00e7e\u015fitlidir \u2013 beyin sa\u011fl\u0131\u011f\u0131n\u0131 desteklemekten ve ruh halini iyile\u015ftirmekten \u00fcreme sistemine destek sa\u011flamaya kadar. Ayurveda t\u0131bb\u0131nda Mucuna Pruriens libidoyu art\u0131rmak, do\u011furganl\u0131\u011f\u0131 desteklemek ve v\u00fccudu g\u00fc\u00e7lendiren genel bir tonik olarak kullan\u0131l\u0131r. <\/p>\n<p>Beyin sa\u011fl\u0131\u011f\u0131 ba\u011flam\u0131nda bu \u00f6z\u00fct, dopamin seviyelerine etkisi sayesinde bili\u015fsel fonksiyonlar\u0131n iyile\u015ftirilmesine ve depresyon belirtilerinin azalt\u0131lmas\u0131na katk\u0131da bulunabilir. Do\u011fal t\u0131pta Parkinson hastal\u0131\u011f\u0131n\u0131n tedavisinde de kullan\u0131l\u0131r, ancak bu konuda daha fazla ara\u015ft\u0131rmaya ihtiya\u00e7 vard\u0131r. <\/p>\n<p>Takviye olarak adaptojenik \u00f6zellikleri nedeniyle de\u011fer g\u00f6r\u00fcr ve v\u00fccudun stres ve yorgunlukla daha iyi ba\u015fa \u00e7\u0131kmas\u0131na yard\u0131mc\u0131 olur. Antioksidan \u00f6zellikleri sayesinde cilt ve sa\u00e7 sa\u011fl\u0131\u011f\u0131n\u0131 da destekleyebilir. <\/p>\n<p>G\u00fcvenlik a\u00e7\u0131s\u0131ndan Mucuna Pruriens \u00f6z\u00fct\u00fc genel olarak g\u00fcvenli kabul edilir, ancak \u00f6zellikle kalp hastal\u0131\u011f\u0131, diyabet veya hamilelik durumlar\u0131nda dikkatli kullan\u0131lmal\u0131d\u0131r.<\/p>\n<p>Spesifikasyon a\u00e7\u0131s\u0131ndan bu \u00f6z\u00fct, karakteristik koku ve tada sahip a\u00e7\u0131k kahverengi toz formundad\u0131r ve a\u011f\u0131r metaller ve mikrobiyoloji testleri dahil t\u00fcm kalite standartlar\u0131n\u0131 kar\u015f\u0131lar. \u00c7\u00f6z\u00fcc\u00fc olarak su kullan\u0131larak \u00fcretilir ve GMO i\u00e7ermez. <\/p>\n","protected":false},"excerpt":{"rendered":"<p><strong>Karasak\u0131z \u00f6z\u00fct\u00fc<\/strong> (<strong><em>Mucuna Pruriens<\/em><\/strong>) takviye ve do\u011fal t\u0131p d\u00fcnyas\u0131nda de\u011ferli bir bile\u015fendir. Bitki tohumlar\u0131ndan elde edilen bu \u00f6z\u00fct, n\u00f6rotransmitter dopaminin \u00f6nc\u00fcs\u00fc olan L-dopa dahil \u00e7ok say\u0131da aktif bile\u015fen a\u00e7\u0131s\u0131ndan zengindir. <\/p>\n","protected":false},"featured_media":45513,"template":"","meta":{"_acf_changed":false},"product_brand":[],"product_cat":[9531],"product_tag":[],"class_list":{"0":"post-45512","1":"product","2":"type-product","3":"status-publish","4":"has-post-thumbnail","6":"product_cat-bitkisel-ekstraktlar","7":"pa_certyfikaty-helal","8":"pa_certyfikaty-koser-sertifikasi","9":"pa_czesc-rosliny-tohumlar","11":"first","12":"instock","13":"shipping-taxable","14":"product-type-simple"},"acf":[],"yoast_head":"<!-- This site is optimized with the Yoast SEO plugin v27.5 - https:\/\/yoast.com\/product\/yoast-seo-wordpress\/ -->\n<title>Karasak\u0131z \u00d6z\u00fct\u00fc - Hurtowy Dystrybutor<\/title>\n<meta name=\"description\" content=\"Karasak\u0131z \u00f6z\u00fct\u00fc (Mucuna Pruriens) takviye ve do\u011fal t\u0131p d\u00fcnyas\u0131nda de\u011ferli bir bile\u015fendir.\" \/>\n<meta name=\"robots\" content=\"index, follow, max-snippet:-1, max-image-preview:large, max-video-preview:-1\" \/>\n<link rel=\"canonical\" href=\"https:\/\/naturalpoland.com\/tr\/urunler\/bitkisel-ekstraktlar\/karasakiz-ozutu\/\" \/>\n<meta property=\"og:locale\" content=\"tr_TR\" \/>\n<meta property=\"og:type\" content=\"article\" \/>\n<meta property=\"og:title\" content=\"Karasak\u0131z \u00d6z\u00fct\u00fc - Hurtowy Dystrybutor\" \/>\n<meta property=\"og:description\" content=\"Karasak\u0131z \u00f6z\u00fct\u00fc (Mucuna Pruriens) takviye ve do\u011fal t\u0131p d\u00fcnyas\u0131nda de\u011ferli bir bile\u015fendir.\" \/>\n<meta property=\"og:url\" content=\"https:\/\/naturalpoland.com\/tr\/urunler\/bitkisel-ekstraktlar\/karasakiz-ozutu\/\" \/>\n<meta property=\"og:site_name\" content=\"NATURAL POLAND - Hurtowy Dystrybutor Surowc\u00f3w\" \/>\n<meta property=\"article:publisher\" content=\"https:\/\/www.facebook.com\/naturalpoland.b2b\" \/>\n<meta property=\"article:modified_time\" content=\"2026-02-04T12:21:41+00:00\" \/>\n<meta property=\"og:image\" content=\"https:\/\/naturalpoland.com\/wp-content\/uploads\/mucuna_pruriens_extract.webp\" \/>\n\t<meta property=\"og:image:width\" content=\"614\" \/>\n\t<meta property=\"og:image:height\" content=\"614\" \/>\n\t<meta property=\"og:image:type\" content=\"image\/webp\" \/>\n<script type=\"application\/ld+json\" class=\"yoast-schema-graph\">{\"@context\":\"https:\\\/\\\/schema.org\",\"@graph\":[{\"@type\":\"WebPage\",\"@id\":\"https:\\\/\\\/naturalpoland.com\\\/tr\\\/urunler\\\/bitkisel-ekstraktlar\\\/karasakiz-ozutu\\\/\",\"url\":\"https:\\\/\\\/naturalpoland.com\\\/tr\\\/urunler\\\/bitkisel-ekstraktlar\\\/karasakiz-ozutu\\\/\",\"name\":\"Karasak\u0131z \u00d6z\u00fct\u00fc - Hurtowy Dystrybutor\",\"isPartOf\":{\"@id\":\"https:\\\/\\\/naturalpoland.com\\\/tr\\\/#website\"},\"primaryImageOfPage\":{\"@id\":\"https:\\\/\\\/naturalpoland.com\\\/tr\\\/urunler\\\/bitkisel-ekstraktlar\\\/karasakiz-ozutu\\\/#primaryimage\"},\"image\":{\"@id\":\"https:\\\/\\\/naturalpoland.com\\\/tr\\\/urunler\\\/bitkisel-ekstraktlar\\\/karasakiz-ozutu\\\/#primaryimage\"},\"thumbnailUrl\":\"https:\\\/\\\/naturalpoland.com\\\/wp-content\\\/uploads\\\/mucuna_pruriens_extract.webp\",\"datePublished\":\"2024-01-26T10:36:50+00:00\",\"dateModified\":\"2026-02-04T12:21:41+00:00\",\"description\":\"Karasak\u0131z \u00f6z\u00fct\u00fc (Mucuna Pruriens) takviye ve do\u011fal t\u0131p d\u00fcnyas\u0131nda de\u011ferli bir bile\u015fendir.\",\"breadcrumb\":{\"@id\":\"https:\\\/\\\/naturalpoland.com\\\/tr\\\/urunler\\\/bitkisel-ekstraktlar\\\/karasakiz-ozutu\\\/#breadcrumb\"},\"inLanguage\":\"tr\",\"potentialAction\":[{\"@type\":\"ReadAction\",\"target\":[\"https:\\\/\\\/naturalpoland.com\\\/tr\\\/urunler\\\/bitkisel-ekstraktlar\\\/karasakiz-ozutu\\\/\"]}]},{\"@type\":\"ImageObject\",\"inLanguage\":\"tr\",\"@id\":\"https:\\\/\\\/naturalpoland.com\\\/tr\\\/urunler\\\/bitkisel-ekstraktlar\\\/karasakiz-ozutu\\\/#primaryimage\",\"url\":\"https:\\\/\\\/naturalpoland.com\\\/wp-content\\\/uploads\\\/mucuna_pruriens_extract.webp\",\"contentUrl\":\"https:\\\/\\\/naturalpoland.com\\\/wp-content\\\/uploads\\\/mucuna_pruriens_extract.webp\",\"width\":614,\"height\":614,\"caption\":\"Karasak\u0131z \u00d6z\u00fct\u00fc\"},{\"@type\":\"BreadcrumbList\",\"@id\":\"https:\\\/\\\/naturalpoland.com\\\/tr\\\/urunler\\\/bitkisel-ekstraktlar\\\/karasakiz-ozutu\\\/#breadcrumb\",\"itemListElement\":[{\"@type\":\"ListItem\",\"position\":1,\"name\":\"Ana Sayfa\",\"item\":\"https:\\\/\\\/naturalpoland.com\\\/tr\\\/\"},{\"@type\":\"ListItem\",\"position\":2,\"name\":\"\u00dcr\u00fcnler\",\"item\":\"https:\\\/\\\/naturalpoland.com\\\/tr\\\/urunler\\\/\"},{\"@type\":\"ListItem\",\"position\":3,\"name\":\"Karasak\u0131z \u00d6z\u00fct\u00fc\"}]},{\"@type\":\"WebSite\",\"@id\":\"https:\\\/\\\/naturalpoland.com\\\/tr\\\/#website\",\"url\":\"https:\\\/\\\/naturalpoland.com\\\/tr\\\/\",\"name\":\"NATURAL POLAND - Hurtowy Dystrybutor Surowc\u00f3w\",\"description\":\"Surowce dla przemys\u0142u spo\u017cywczego, kosmetycznego i farmaceutycznego\",\"publisher\":{\"@id\":\"https:\\\/\\\/naturalpoland.com\\\/tr\\\/#organization\"},\"potentialAction\":[{\"@type\":\"SearchAction\",\"target\":{\"@type\":\"EntryPoint\",\"urlTemplate\":\"https:\\\/\\\/naturalpoland.com\\\/tr\\\/?s={search_term_string}\"},\"query-input\":{\"@type\":\"PropertyValueSpecification\",\"valueRequired\":true,\"valueName\":\"search_term_string\"}}],\"inLanguage\":\"tr\"},{\"@type\":\"Organization\",\"@id\":\"https:\\\/\\\/naturalpoland.com\\\/tr\\\/#organization\",\"name\":\"Natural Poland\",\"url\":\"https:\\\/\\\/naturalpoland.com\\\/tr\\\/\",\"logo\":{\"@type\":\"ImageObject\",\"inLanguage\":\"tr\",\"@id\":\"https:\\\/\\\/naturalpoland.com\\\/tr\\\/#\\\/schema\\\/logo\\\/image\\\/\",\"url\":\"https:\\\/\\\/naturalpoland.com\\\/wp-content\\\/uploads\\\/2021\\\/05\\\/natural-poland-icon.png\",\"contentUrl\":\"https:\\\/\\\/naturalpoland.com\\\/wp-content\\\/uploads\\\/2021\\\/05\\\/natural-poland-icon.png\",\"width\":512,\"height\":512,\"caption\":\"Natural Poland\"},\"image\":{\"@id\":\"https:\\\/\\\/naturalpoland.com\\\/tr\\\/#\\\/schema\\\/logo\\\/image\\\/\"},\"sameAs\":[\"https:\\\/\\\/www.facebook.com\\\/naturalpoland.b2b\",\"https:\\\/\\\/pl.linkedin.com\\\/company\\\/natural-poland\",\"https:\\\/\\\/www.youtube.com\\\/channel\\\/UCgeGGkvOMahZo-xu_MSEWxg\"]}]}<\/script>\n<!-- \/ Yoast SEO plugin. -->","yoast_head_json":{"title":"Karasak\u0131z \u00d6z\u00fct\u00fc - Hurtowy Dystrybutor","description":"Karasak\u0131z \u00f6z\u00fct\u00fc (Mucuna Pruriens) takviye ve do\u011fal t\u0131p d\u00fcnyas\u0131nda de\u011ferli bir bile\u015fendir.","robots":{"index":"index","follow":"follow","max-snippet":"max-snippet:-1","max-image-preview":"max-image-preview:large","max-video-preview":"max-video-preview:-1"},"canonical":"https:\/\/naturalpoland.com\/tr\/urunler\/bitkisel-ekstraktlar\/karasakiz-ozutu\/","og_locale":"tr_TR","og_type":"article","og_title":"Karasak\u0131z \u00d6z\u00fct\u00fc - Hurtowy Dystrybutor","og_description":"Karasak\u0131z \u00f6z\u00fct\u00fc (Mucuna Pruriens) takviye ve do\u011fal t\u0131p d\u00fcnyas\u0131nda de\u011ferli bir bile\u015fendir.","og_url":"https:\/\/naturalpoland.com\/tr\/urunler\/bitkisel-ekstraktlar\/karasakiz-ozutu\/","og_site_name":"NATURAL POLAND - Hurtowy Dystrybutor Surowc\u00f3w","article_publisher":"https:\/\/www.facebook.com\/naturalpoland.b2b","article_modified_time":"2026-02-04T12:21:41+00:00","og_image":[{"width":614,"height":614,"url":"https:\/\/naturalpoland.com\/wp-content\/uploads\/mucuna_pruriens_extract.webp","type":"image\/webp"}],"schema":{"@context":"https:\/\/schema.org","@graph":[{"@type":"WebPage","@id":"https:\/\/naturalpoland.com\/tr\/urunler\/bitkisel-ekstraktlar\/karasakiz-ozutu\/","url":"https:\/\/naturalpoland.com\/tr\/urunler\/bitkisel-ekstraktlar\/karasakiz-ozutu\/","name":"Karasak\u0131z \u00d6z\u00fct\u00fc - Hurtowy Dystrybutor","isPartOf":{"@id":"https:\/\/naturalpoland.com\/tr\/#website"},"primaryImageOfPage":{"@id":"https:\/\/naturalpoland.com\/tr\/urunler\/bitkisel-ekstraktlar\/karasakiz-ozutu\/#primaryimage"},"image":{"@id":"https:\/\/naturalpoland.com\/tr\/urunler\/bitkisel-ekstraktlar\/karasakiz-ozutu\/#primaryimage"},"thumbnailUrl":"https:\/\/naturalpoland.com\/wp-content\/uploads\/mucuna_pruriens_extract.webp","datePublished":"2024-01-26T10:36:50+00:00","dateModified":"2026-02-04T12:21:41+00:00","description":"Karasak\u0131z \u00f6z\u00fct\u00fc (Mucuna Pruriens) takviye ve do\u011fal t\u0131p d\u00fcnyas\u0131nda de\u011ferli bir bile\u015fendir.","breadcrumb":{"@id":"https:\/\/naturalpoland.com\/tr\/urunler\/bitkisel-ekstraktlar\/karasakiz-ozutu\/#breadcrumb"},"inLanguage":"tr","potentialAction":[{"@type":"ReadAction","target":["https:\/\/naturalpoland.com\/tr\/urunler\/bitkisel-ekstraktlar\/karasakiz-ozutu\/"]}]},{"@type":"ImageObject","inLanguage":"tr","@id":"https:\/\/naturalpoland.com\/tr\/urunler\/bitkisel-ekstraktlar\/karasakiz-ozutu\/#primaryimage","url":"https:\/\/naturalpoland.com\/wp-content\/uploads\/mucuna_pruriens_extract.webp","contentUrl":"https:\/\/naturalpoland.com\/wp-content\/uploads\/mucuna_pruriens_extract.webp","width":614,"height":614,"caption":"Karasak\u0131z \u00d6z\u00fct\u00fc"},{"@type":"BreadcrumbList","@id":"https:\/\/naturalpoland.com\/tr\/urunler\/bitkisel-ekstraktlar\/karasakiz-ozutu\/#breadcrumb","itemListElement":[{"@type":"ListItem","position":1,"name":"Ana Sayfa","item":"https:\/\/naturalpoland.com\/tr\/"},{"@type":"ListItem","position":2,"name":"\u00dcr\u00fcnler","item":"https:\/\/naturalpoland.com\/tr\/urunler\/"},{"@type":"ListItem","position":3,"name":"Karasak\u0131z \u00d6z\u00fct\u00fc"}]},{"@type":"WebSite","@id":"https:\/\/naturalpoland.com\/tr\/#website","url":"https:\/\/naturalpoland.com\/tr\/","name":"NATURAL POLAND - Hurtowy Dystrybutor Surowc\u00f3w","description":"Surowce dla przemys\u0142u spo\u017cywczego, kosmetycznego i farmaceutycznego","publisher":{"@id":"https:\/\/naturalpoland.com\/tr\/#organization"},"potentialAction":[{"@type":"SearchAction","target":{"@type":"EntryPoint","urlTemplate":"https:\/\/naturalpoland.com\/tr\/?s={search_term_string}"},"query-input":{"@type":"PropertyValueSpecification","valueRequired":true,"valueName":"search_term_string"}}],"inLanguage":"tr"},{"@type":"Organization","@id":"https:\/\/naturalpoland.com\/tr\/#organization","name":"Natural Poland","url":"https:\/\/naturalpoland.com\/tr\/","logo":{"@type":"ImageObject","inLanguage":"tr","@id":"https:\/\/naturalpoland.com\/tr\/#\/schema\/logo\/image\/","url":"https:\/\/naturalpoland.com\/wp-content\/uploads\/2021\/05\/natural-poland-icon.png","contentUrl":"https:\/\/naturalpoland.com\/wp-content\/uploads\/2021\/05\/natural-poland-icon.png","width":512,"height":512,"caption":"Natural Poland"},"image":{"@id":"https:\/\/naturalpoland.com\/tr\/#\/schema\/logo\/image\/"},"sameAs":["https:\/\/www.facebook.com\/naturalpoland.b2b","https:\/\/pl.linkedin.com\/company\/natural-poland","https:\/\/www.youtube.com\/channel\/UCgeGGkvOMahZo-xu_MSEWxg"]}]}},"_links":{"self":[{"href":"https:\/\/naturalpoland.com\/tr\/wp-json\/wp\/v2\/product\/45512","targetHints":{"allow":["GET"]}}],"collection":[{"href":"https:\/\/naturalpoland.com\/tr\/wp-json\/wp\/v2\/product"}],"about":[{"href":"https:\/\/naturalpoland.com\/tr\/wp-json\/wp\/v2\/types\/product"}],"wp:featuredmedia":[{"embeddable":true,"href":"https:\/\/naturalpoland.com\/tr\/wp-json\/wp\/v2\/media\/45513"}],"wp:attachment":[{"href":"https:\/\/naturalpoland.com\/tr\/wp-json\/wp\/v2\/media?parent=45512"}],"wp:term":[{"taxonomy":"product_brand","embeddable":true,"href":"https:\/\/naturalpoland.com\/tr\/wp-json\/wp\/v2\/product_brand?post=45512"},{"taxonomy":"product_cat","embeddable":true,"href":"https:\/\/naturalpoland.com\/tr\/wp-json\/wp\/v2\/product_cat?post=45512"},{"taxonomy":"product_tag","embeddable":true,"href":"https:\/\/naturalpoland.com\/tr\/wp-json\/wp\/v2\/product_tag?post=45512"}],"curies":[{"name":"wp","href":"https:\/\/api.w.org\/{rel}","templated":true}]}}