{"id":45518,"date":"2024-01-26T10:43:36","date_gmt":"2024-01-26T09:43:36","guid":{"rendered":"https:\/\/naturalpoland.com\/produkty\/kategorilenmemis\/coban-cokerten-ekstrakti\/"},"modified":"2026-02-04T13:22:14","modified_gmt":"2026-02-04T12:22:14","slug":"coban-cokerten-ekstrakti","status":"publish","type":"product","link":"https:\/\/naturalpoland.com\/tr\/urunler\/bitkisel-ekstraktlar\/coban-cokerten-ekstrakti\/","title":{"rendered":"\u00c7oban \u00c7\u00f6kerten Ekstrakt\u0131"},"content":{"rendered":"<p>\u00c7oban \u00e7\u00f6kerten ekstrakt\u0131, kahverengi renkte, karakteristik koku ve tada sahip ince \u00f6\u011f\u00fct\u00fclm\u00fc\u015f bir tozdur. \u00dcr\u00fcn, 80 mesh g\u00f6zenekli elekten %95 ge\u00e7i\u015f ile elek analizi, maksimum %5 k\u00fcl i\u00e7eri\u011fi ve maksimum %5 kurutma kayb\u0131 dahil olmak \u00fczere kalite standartlar\u0131n\u0131 kar\u015f\u0131lamaktad\u0131r. <\/p>\n<p>Ekstrakt\u0131n elde edilmesinde bitkinin tohumlar\u0131 kullan\u0131l\u0131r ve ekstraksiyon i\u00e7in etanol ve su uygulan\u0131r. \u00dcr\u00fcn GMO i\u00e7ermez, pestisit kal\u0131nt\u0131lar\u0131 ve a\u011f\u0131r metaller a\u00e7\u0131s\u0131ndan Amerikan farmakope standartlar\u0131n\u0131 (USP) kar\u015f\u0131lar. Ayr\u0131ca AOAC mikrobiyolojik normlar\u0131na uygun olup S. aureus, E.coli, Salmonella ve Pseudomonas aeruginosa i\u00e7ermez.  <\/p>\n<h2>\u00d6zellikler ve kullan\u0131m:<\/h2>\n<p>\u00c7oban \u00e7\u00f6kerten ekstrakt\u0131, \u00f6zellikle hormonal ve cinsel fonksiyonlar\u0131n desteklenmesi ba\u011flam\u0131nda potansiyel sa\u011fl\u0131k \u00f6zellikleri nedeniyle de\u011fer g\u00f6rmektedir. S\u0131kl\u0131kla <strong>libido ve fiziksel performans\u0131 destekleyen takviyelerde<\/strong> kullan\u0131l\u0131r. Saponin i\u00e7eri\u011fi sayesinde erkeklerde testosteron seviyesinin art\u0131r\u0131lmas\u0131na etki edebilir, bu da performans ve kas g\u00fcc\u00fcn\u00fcn iyile\u015fmesine yans\u0131r ve cinsel sa\u011fl\u0131k \u00fczerinde olumlu etkisi olabilir.  <\/p>\n<p><strong>Kardiyovask\u00fcler sistemi<\/strong> destekleyen \u00fcr\u00fcnlerde de uygulama alan\u0131 bulur ve <strong>\u00fcriner sistem fonksiyonlar\u0131n\u0131<\/strong> destekleyebilir. Antioksidan ve ba\u011f\u0131\u015f\u0131kl\u0131k sistemini destekleyici \u00f6zellikleri onu diyet takviyeleri ve sa\u011fl\u0131k \u00fcr\u00fcnlerinde pop\u00fcler bir bile\u015fen haline getirir. <\/p>\n","protected":false},"excerpt":{"rendered":"<p>Bilimsel olarak <strong>Tribulus Terrestris<\/strong> olarak bilinen <strong>\u00e7oban \u00e7\u00f6kerten ekstrakt\u0131<\/strong>, UV y\u00f6ntemiyle analiz uyar\u0131nca saponin i\u00e7eri\u011fi \u00fczerine standartla\u015ft\u0131r\u0131lm\u0131\u015ft\u0131r.<\/p>\n","protected":false},"featured_media":45519,"template":"","meta":{"_acf_changed":false},"product_brand":[],"product_cat":[9531],"product_tag":[],"class_list":{"0":"post-45518","1":"product","2":"type-product","3":"status-publish","4":"has-post-thumbnail","6":"product_cat-bitkisel-ekstraktlar","7":"pa_certyfikaty-helal","8":"pa_certyfikaty-koser-sertifikasi","9":"pa_czesc-rosliny-tohumlar","10":"pa_skladnik-aktywny-saponinler","12":"first","13":"instock","14":"shipping-taxable","15":"product-type-simple"},"acf":[],"yoast_head":"<!-- This site is optimized with the Yoast SEO plugin v27.5 - https:\/\/yoast.com\/product\/yoast-seo-wordpress\/ -->\n<title>\u00c7oban \u00c7\u00f6kerten Ekstrakt\u0131 - Toptan Distrib\u00fct\u00f6r<\/title>\n<meta name=\"description\" content=\"\u00c7oban \u00e7\u00f6kerten ekstrakt\u0131, \u00f6zellikle hormonal fonksiyonlar\u0131n desteklenmesi ba\u011flam\u0131nda potansiyel sa\u011fl\u0131k \u00f6zellikleri nedeniyle de\u011fer g\u00f6rmektedir.\" \/>\n<meta name=\"robots\" content=\"index, follow, max-snippet:-1, max-image-preview:large, max-video-preview:-1\" \/>\n<link rel=\"canonical\" href=\"https:\/\/naturalpoland.com\/tr\/urunler\/bitkisel-ekstraktlar\/coban-cokerten-ekstrakti\/\" \/>\n<meta property=\"og:locale\" content=\"tr_TR\" \/>\n<meta property=\"og:type\" content=\"article\" \/>\n<meta property=\"og:title\" content=\"\u00c7oban \u00c7\u00f6kerten Ekstrakt\u0131 - Toptan Distrib\u00fct\u00f6r\" \/>\n<meta property=\"og:description\" content=\"\u00c7oban \u00e7\u00f6kerten ekstrakt\u0131, \u00f6zellikle hormonal fonksiyonlar\u0131n desteklenmesi ba\u011flam\u0131nda potansiyel sa\u011fl\u0131k \u00f6zellikleri nedeniyle de\u011fer g\u00f6rmektedir.\" \/>\n<meta property=\"og:url\" content=\"https:\/\/naturalpoland.com\/tr\/urunler\/bitkisel-ekstraktlar\/coban-cokerten-ekstrakti\/\" \/>\n<meta property=\"og:site_name\" content=\"NATURAL POLAND - Hurtowy Dystrybutor Surowc\u00f3w\" \/>\n<meta property=\"article:publisher\" content=\"https:\/\/www.facebook.com\/naturalpoland.b2b\" \/>\n<meta property=\"article:modified_time\" content=\"2026-02-04T12:22:14+00:00\" \/>\n<meta property=\"og:image\" content=\"https:\/\/naturalpoland.com\/wp-content\/uploads\/ekstrakt-z-buzdyganka-naziemnego.webp\" \/>\n\t<meta property=\"og:image:width\" content=\"614\" \/>\n\t<meta property=\"og:image:height\" content=\"614\" \/>\n\t<meta property=\"og:image:type\" content=\"image\/webp\" \/>\n<script type=\"application\/ld+json\" class=\"yoast-schema-graph\">{\"@context\":\"https:\\\/\\\/schema.org\",\"@graph\":[{\"@type\":\"WebPage\",\"@id\":\"https:\\\/\\\/naturalpoland.com\\\/tr\\\/urunler\\\/bitkisel-ekstraktlar\\\/coban-cokerten-ekstrakti\\\/\",\"url\":\"https:\\\/\\\/naturalpoland.com\\\/tr\\\/urunler\\\/bitkisel-ekstraktlar\\\/coban-cokerten-ekstrakti\\\/\",\"name\":\"\u00c7oban \u00c7\u00f6kerten Ekstrakt\u0131 - Toptan Distrib\u00fct\u00f6r\",\"isPartOf\":{\"@id\":\"https:\\\/\\\/naturalpoland.com\\\/tr\\\/#website\"},\"primaryImageOfPage\":{\"@id\":\"https:\\\/\\\/naturalpoland.com\\\/tr\\\/urunler\\\/bitkisel-ekstraktlar\\\/coban-cokerten-ekstrakti\\\/#primaryimage\"},\"image\":{\"@id\":\"https:\\\/\\\/naturalpoland.com\\\/tr\\\/urunler\\\/bitkisel-ekstraktlar\\\/coban-cokerten-ekstrakti\\\/#primaryimage\"},\"thumbnailUrl\":\"https:\\\/\\\/naturalpoland.com\\\/wp-content\\\/uploads\\\/ekstrakt-z-buzdyganka-naziemnego.webp\",\"datePublished\":\"2024-01-26T09:43:36+00:00\",\"dateModified\":\"2026-02-04T12:22:14+00:00\",\"description\":\"\u00c7oban \u00e7\u00f6kerten ekstrakt\u0131, \u00f6zellikle hormonal fonksiyonlar\u0131n desteklenmesi ba\u011flam\u0131nda potansiyel sa\u011fl\u0131k \u00f6zellikleri nedeniyle de\u011fer g\u00f6rmektedir.\",\"breadcrumb\":{\"@id\":\"https:\\\/\\\/naturalpoland.com\\\/tr\\\/urunler\\\/bitkisel-ekstraktlar\\\/coban-cokerten-ekstrakti\\\/#breadcrumb\"},\"inLanguage\":\"tr\",\"potentialAction\":[{\"@type\":\"ReadAction\",\"target\":[\"https:\\\/\\\/naturalpoland.com\\\/tr\\\/urunler\\\/bitkisel-ekstraktlar\\\/coban-cokerten-ekstrakti\\\/\"]}]},{\"@type\":\"ImageObject\",\"inLanguage\":\"tr\",\"@id\":\"https:\\\/\\\/naturalpoland.com\\\/tr\\\/urunler\\\/bitkisel-ekstraktlar\\\/coban-cokerten-ekstrakti\\\/#primaryimage\",\"url\":\"https:\\\/\\\/naturalpoland.com\\\/wp-content\\\/uploads\\\/ekstrakt-z-buzdyganka-naziemnego.webp\",\"contentUrl\":\"https:\\\/\\\/naturalpoland.com\\\/wp-content\\\/uploads\\\/ekstrakt-z-buzdyganka-naziemnego.webp\",\"width\":614,\"height\":614,\"caption\":\"\u00c7oban \u00c7\u00f6kerten Ekstrakt\u0131\"},{\"@type\":\"BreadcrumbList\",\"@id\":\"https:\\\/\\\/naturalpoland.com\\\/tr\\\/urunler\\\/bitkisel-ekstraktlar\\\/coban-cokerten-ekstrakti\\\/#breadcrumb\",\"itemListElement\":[{\"@type\":\"ListItem\",\"position\":1,\"name\":\"Ana Sayfa\",\"item\":\"https:\\\/\\\/naturalpoland.com\\\/tr\\\/\"},{\"@type\":\"ListItem\",\"position\":2,\"name\":\"\u00dcr\u00fcnler\",\"item\":\"https:\\\/\\\/naturalpoland.com\\\/tr\\\/urunler\\\/\"},{\"@type\":\"ListItem\",\"position\":3,\"name\":\"\u00c7oban \u00c7\u00f6kerten Ekstrakt\u0131\"}]},{\"@type\":\"WebSite\",\"@id\":\"https:\\\/\\\/naturalpoland.com\\\/tr\\\/#website\",\"url\":\"https:\\\/\\\/naturalpoland.com\\\/tr\\\/\",\"name\":\"NATURAL POLAND - Hurtowy Dystrybutor Surowc\u00f3w\",\"description\":\"Surowce dla przemys\u0142u spo\u017cywczego, kosmetycznego i farmaceutycznego\",\"publisher\":{\"@id\":\"https:\\\/\\\/naturalpoland.com\\\/tr\\\/#organization\"},\"potentialAction\":[{\"@type\":\"SearchAction\",\"target\":{\"@type\":\"EntryPoint\",\"urlTemplate\":\"https:\\\/\\\/naturalpoland.com\\\/tr\\\/?s={search_term_string}\"},\"query-input\":{\"@type\":\"PropertyValueSpecification\",\"valueRequired\":true,\"valueName\":\"search_term_string\"}}],\"inLanguage\":\"tr\"},{\"@type\":\"Organization\",\"@id\":\"https:\\\/\\\/naturalpoland.com\\\/tr\\\/#organization\",\"name\":\"Natural Poland\",\"url\":\"https:\\\/\\\/naturalpoland.com\\\/tr\\\/\",\"logo\":{\"@type\":\"ImageObject\",\"inLanguage\":\"tr\",\"@id\":\"https:\\\/\\\/naturalpoland.com\\\/tr\\\/#\\\/schema\\\/logo\\\/image\\\/\",\"url\":\"https:\\\/\\\/naturalpoland.com\\\/wp-content\\\/uploads\\\/2021\\\/05\\\/natural-poland-icon.png\",\"contentUrl\":\"https:\\\/\\\/naturalpoland.com\\\/wp-content\\\/uploads\\\/2021\\\/05\\\/natural-poland-icon.png\",\"width\":512,\"height\":512,\"caption\":\"Natural Poland\"},\"image\":{\"@id\":\"https:\\\/\\\/naturalpoland.com\\\/tr\\\/#\\\/schema\\\/logo\\\/image\\\/\"},\"sameAs\":[\"https:\\\/\\\/www.facebook.com\\\/naturalpoland.b2b\",\"https:\\\/\\\/pl.linkedin.com\\\/company\\\/natural-poland\",\"https:\\\/\\\/www.youtube.com\\\/channel\\\/UCgeGGkvOMahZo-xu_MSEWxg\"]}]}<\/script>\n<!-- \/ Yoast SEO plugin. -->","yoast_head_json":{"title":"\u00c7oban \u00c7\u00f6kerten Ekstrakt\u0131 - Toptan Distrib\u00fct\u00f6r","description":"\u00c7oban \u00e7\u00f6kerten ekstrakt\u0131, \u00f6zellikle hormonal fonksiyonlar\u0131n desteklenmesi ba\u011flam\u0131nda potansiyel sa\u011fl\u0131k \u00f6zellikleri nedeniyle de\u011fer g\u00f6rmektedir.","robots":{"index":"index","follow":"follow","max-snippet":"max-snippet:-1","max-image-preview":"max-image-preview:large","max-video-preview":"max-video-preview:-1"},"canonical":"https:\/\/naturalpoland.com\/tr\/urunler\/bitkisel-ekstraktlar\/coban-cokerten-ekstrakti\/","og_locale":"tr_TR","og_type":"article","og_title":"\u00c7oban \u00c7\u00f6kerten Ekstrakt\u0131 - Toptan Distrib\u00fct\u00f6r","og_description":"\u00c7oban \u00e7\u00f6kerten ekstrakt\u0131, \u00f6zellikle hormonal fonksiyonlar\u0131n desteklenmesi ba\u011flam\u0131nda potansiyel sa\u011fl\u0131k \u00f6zellikleri nedeniyle de\u011fer g\u00f6rmektedir.","og_url":"https:\/\/naturalpoland.com\/tr\/urunler\/bitkisel-ekstraktlar\/coban-cokerten-ekstrakti\/","og_site_name":"NATURAL POLAND - Hurtowy Dystrybutor Surowc\u00f3w","article_publisher":"https:\/\/www.facebook.com\/naturalpoland.b2b","article_modified_time":"2026-02-04T12:22:14+00:00","og_image":[{"width":614,"height":614,"url":"https:\/\/naturalpoland.com\/wp-content\/uploads\/ekstrakt-z-buzdyganka-naziemnego.webp","type":"image\/webp"}],"schema":{"@context":"https:\/\/schema.org","@graph":[{"@type":"WebPage","@id":"https:\/\/naturalpoland.com\/tr\/urunler\/bitkisel-ekstraktlar\/coban-cokerten-ekstrakti\/","url":"https:\/\/naturalpoland.com\/tr\/urunler\/bitkisel-ekstraktlar\/coban-cokerten-ekstrakti\/","name":"\u00c7oban \u00c7\u00f6kerten Ekstrakt\u0131 - Toptan Distrib\u00fct\u00f6r","isPartOf":{"@id":"https:\/\/naturalpoland.com\/tr\/#website"},"primaryImageOfPage":{"@id":"https:\/\/naturalpoland.com\/tr\/urunler\/bitkisel-ekstraktlar\/coban-cokerten-ekstrakti\/#primaryimage"},"image":{"@id":"https:\/\/naturalpoland.com\/tr\/urunler\/bitkisel-ekstraktlar\/coban-cokerten-ekstrakti\/#primaryimage"},"thumbnailUrl":"https:\/\/naturalpoland.com\/wp-content\/uploads\/ekstrakt-z-buzdyganka-naziemnego.webp","datePublished":"2024-01-26T09:43:36+00:00","dateModified":"2026-02-04T12:22:14+00:00","description":"\u00c7oban \u00e7\u00f6kerten ekstrakt\u0131, \u00f6zellikle hormonal fonksiyonlar\u0131n desteklenmesi ba\u011flam\u0131nda potansiyel sa\u011fl\u0131k \u00f6zellikleri nedeniyle de\u011fer g\u00f6rmektedir.","breadcrumb":{"@id":"https:\/\/naturalpoland.com\/tr\/urunler\/bitkisel-ekstraktlar\/coban-cokerten-ekstrakti\/#breadcrumb"},"inLanguage":"tr","potentialAction":[{"@type":"ReadAction","target":["https:\/\/naturalpoland.com\/tr\/urunler\/bitkisel-ekstraktlar\/coban-cokerten-ekstrakti\/"]}]},{"@type":"ImageObject","inLanguage":"tr","@id":"https:\/\/naturalpoland.com\/tr\/urunler\/bitkisel-ekstraktlar\/coban-cokerten-ekstrakti\/#primaryimage","url":"https:\/\/naturalpoland.com\/wp-content\/uploads\/ekstrakt-z-buzdyganka-naziemnego.webp","contentUrl":"https:\/\/naturalpoland.com\/wp-content\/uploads\/ekstrakt-z-buzdyganka-naziemnego.webp","width":614,"height":614,"caption":"\u00c7oban \u00c7\u00f6kerten Ekstrakt\u0131"},{"@type":"BreadcrumbList","@id":"https:\/\/naturalpoland.com\/tr\/urunler\/bitkisel-ekstraktlar\/coban-cokerten-ekstrakti\/#breadcrumb","itemListElement":[{"@type":"ListItem","position":1,"name":"Ana Sayfa","item":"https:\/\/naturalpoland.com\/tr\/"},{"@type":"ListItem","position":2,"name":"\u00dcr\u00fcnler","item":"https:\/\/naturalpoland.com\/tr\/urunler\/"},{"@type":"ListItem","position":3,"name":"\u00c7oban \u00c7\u00f6kerten Ekstrakt\u0131"}]},{"@type":"WebSite","@id":"https:\/\/naturalpoland.com\/tr\/#website","url":"https:\/\/naturalpoland.com\/tr\/","name":"NATURAL POLAND - Hurtowy Dystrybutor Surowc\u00f3w","description":"Surowce dla przemys\u0142u spo\u017cywczego, kosmetycznego i farmaceutycznego","publisher":{"@id":"https:\/\/naturalpoland.com\/tr\/#organization"},"potentialAction":[{"@type":"SearchAction","target":{"@type":"EntryPoint","urlTemplate":"https:\/\/naturalpoland.com\/tr\/?s={search_term_string}"},"query-input":{"@type":"PropertyValueSpecification","valueRequired":true,"valueName":"search_term_string"}}],"inLanguage":"tr"},{"@type":"Organization","@id":"https:\/\/naturalpoland.com\/tr\/#organization","name":"Natural Poland","url":"https:\/\/naturalpoland.com\/tr\/","logo":{"@type":"ImageObject","inLanguage":"tr","@id":"https:\/\/naturalpoland.com\/tr\/#\/schema\/logo\/image\/","url":"https:\/\/naturalpoland.com\/wp-content\/uploads\/2021\/05\/natural-poland-icon.png","contentUrl":"https:\/\/naturalpoland.com\/wp-content\/uploads\/2021\/05\/natural-poland-icon.png","width":512,"height":512,"caption":"Natural Poland"},"image":{"@id":"https:\/\/naturalpoland.com\/tr\/#\/schema\/logo\/image\/"},"sameAs":["https:\/\/www.facebook.com\/naturalpoland.b2b","https:\/\/pl.linkedin.com\/company\/natural-poland","https:\/\/www.youtube.com\/channel\/UCgeGGkvOMahZo-xu_MSEWxg"]}]}},"_links":{"self":[{"href":"https:\/\/naturalpoland.com\/tr\/wp-json\/wp\/v2\/product\/45518","targetHints":{"allow":["GET"]}}],"collection":[{"href":"https:\/\/naturalpoland.com\/tr\/wp-json\/wp\/v2\/product"}],"about":[{"href":"https:\/\/naturalpoland.com\/tr\/wp-json\/wp\/v2\/types\/product"}],"wp:featuredmedia":[{"embeddable":true,"href":"https:\/\/naturalpoland.com\/tr\/wp-json\/wp\/v2\/media\/45519"}],"wp:attachment":[{"href":"https:\/\/naturalpoland.com\/tr\/wp-json\/wp\/v2\/media?parent=45518"}],"wp:term":[{"taxonomy":"product_brand","embeddable":true,"href":"https:\/\/naturalpoland.com\/tr\/wp-json\/wp\/v2\/product_brand?post=45518"},{"taxonomy":"product_cat","embeddable":true,"href":"https:\/\/naturalpoland.com\/tr\/wp-json\/wp\/v2\/product_cat?post=45518"},{"taxonomy":"product_tag","embeddable":true,"href":"https:\/\/naturalpoland.com\/tr\/wp-json\/wp\/v2\/product_tag?post=45518"}],"curies":[{"name":"wp","href":"https:\/\/api.w.org\/{rel}","templated":true}]}}