{"id":45527,"date":"2023-10-18T16:10:21","date_gmt":"2023-10-18T14:10:21","guid":{"rendered":"https:\/\/naturalpoland.com\/produkty\/kategorilenmemis\/lipaz-ec-3-1-1-3\/"},"modified":"2026-02-04T13:24:30","modified_gmt":"2026-02-04T12:24:30","slug":"lipaz-ec-3-1-1-3","status":"publish","type":"product","link":"https:\/\/naturalpoland.com\/tr\/urunler\/gida-hammaddeleri\/enzimler\/firincilik-enzimleri\/lipaz-ec-3-1-1-3\/","title":{"rendered":"Lipaz EC 3.1.1.3"},"content":{"rendered":"<p data-start=\"55\" data-end=\"595\"><strong>Lipaz (EC 3.1.1.3)<\/strong>, ayn\u0131 zamanda <strong>tria\u00e7ilgliserol hidrolaz<\/strong> olarak da bilinen, trigliseritlerin ve ya\u011f asidi esterlerinin par\u00e7alanmas\u0131n\u0131 katalize eden f\u0131r\u0131nc\u0131l\u0131k end\u00fcstrisinde yayg\u0131n olarak kullan\u0131lan bir enzimdir. Lipaz etkisiyle mono- ve dia\u00e7ilgliseroller, serbest ya\u011f asitleri ve gliserol olu\u015fur. Bu enzim ayr\u0131ca do\u011fal ya\u011flar\u0131 hidrolize edebilir ve esterifikasyon ile transesterifikasyon reaksiyonlar\u0131nda yer alabilir. B\u00f6ylece sadece hamur yap\u0131s\u0131n\u0131 etkilemekle kalmaz, ayn\u0131 zamanda organoleptik \u00f6zelliklerini ve pi\u015fmi\u015f \u00fcr\u00fcnlerin son kalitesini de iyile\u015ftirir.   <\/p>\n<p data-start=\"597\" data-end=\"1157\">Lipaz, trigliseritlerin gl\u00fcten proteinleriyle ba\u011flanmas\u0131n\u0131 \u00f6nleyerek gl\u00fcten yap\u0131s\u0131n\u0131 g\u00fc\u00e7lendirir ve fosfolipid olu\u015fumunu destekler. Ayr\u0131ca hamurdaki doymam\u0131\u015f ya\u011f asitlerini oksitleyerek peroksit olu\u015fumuna ve un proteinleri aras\u0131nda dis\u00fclf\u00fcr ba\u011flar\u0131n\u0131n olu\u015fumuna yol a\u00e7ar. Sonu\u00e7ta <strong>gl\u00fctenin g\u00fcc\u00fc ve elastikiyeti artar<\/strong>, hamurun mekanik gerilmelere kar\u015f\u0131 direnci ve reolojisi iyile\u015fir. Lipaz etkisi ayr\u0131ca boya i\u00e7eren ya\u011flar\u0131n par\u00e7alanmas\u0131n\u0131 etkileyerek bitmi\u015f \u00fcr\u00fcnde ayd\u0131nlatma ve parlatma sa\u011flar.   <\/p>\n<p data-start=\"597\" data-end=\"1157\">Lipaz, pi\u015fmi\u015f \u00fcr\u00fcnlerin hacmini ve beyazl\u0131\u011f\u0131n\u0131 \u00f6nemli \u00f6l\u00e7\u00fcde art\u0131r\u0131r, dokular\u0131n\u0131 iyile\u015ftirir, i\u00e7e homojen ve yumu\u015fak yap\u0131 kazand\u0131r\u0131r ve ekme\u011fin genel duyusal kalitesini iyile\u015ftirir. Kimyasal modifiye edicilere do\u011fal alternatif olarak ba\u015far\u0131yla kullan\u0131labilir. <\/p>\n<h2 data-start=\"597\" data-end=\"1157\">Kullan\u0131m:<\/h2>\n<p data-start=\"597\" data-end=\"1157\">Lipaz do\u011frudan una eklenebilir veya daha fazla i\u015flemden \u00f6nce 1:10 kar\u0131\u015f\u0131m haz\u0131rlanabilir. \u00d6nerilen doz 10-20 ppm&#8217;dir ve optimal miktar\u0131 pi\u015fmi\u015f \u00fcr\u00fcn t\u00fcr\u00fcne ba\u011fl\u0131 olarak deneysel olarak belirlenmelidir. <\/p>\n<h3>K\u00f6ken:<\/h3>\n<p><strong>Spor olu\u015fturan bakteri \u00e7ubuklar\u0131:<\/strong> <em>Bacillus spp., Achromobacter spp., Alcaligenes spp., Arthrobacter spp., Pseudomonos spp., Penicillium spp., Fusarium spp., Aspergillus spp<\/em>.<\/p>\n<h3>Etkileri:<\/h3>\n<p>Tria\u00e7ilgliserollerin (TAG) hidrolizi ile \u015funlar\u0131 olu\u015fturur: monoa\u00e7ilgliseroller (MAG), dia\u00e7ilgliseroller (DAG), gliserol ve serbest ya\u011f asitleri.<\/p>\n<h3>Ek kullan\u0131m:<\/h3>\n<ul>\n<li>Hamur reolojisinin iyile\u015ftirilmesi.<\/li>\n<li>F\u0131r\u0131nc\u0131l\u0131k i\u015flemi s\u0131ras\u0131nda hamurun mekanik gerilmelere kar\u015f\u0131 dayan\u0131kl\u0131l\u0131\u011f\u0131n\u0131n art\u0131r\u0131lmas\u0131.<\/li>\n<li>Hamur viskozitesinin azalt\u0131lmas\u0131 ve y\u00fcksek lif i\u00e7erikli beyaz ekme\u011fin i\u00e7 yumu\u015fakl\u0131\u011f\u0131n\u0131n iyile\u015ftirilmesi.<\/li>\n<\/ul>\n","protected":false},"excerpt":{"rendered":"<p>Lipazlar, f\u0131r\u0131nc\u0131l\u0131k \u00fcr\u00fcnlerine belirli lezzet vermek i\u00e7in kullan\u0131lan f\u0131r\u0131nc\u0131l\u0131k enzimleridir. Bu enzimlerin kullan\u0131m\u0131, pi\u015fmi\u015f \u00fcr\u00fcnlerin uzun s\u00fcreli depolanmas\u0131 sonucu ho\u015f olmayan tat olu\u015fma riskini azalt\u0131r. <\/p>\n","protected":false},"featured_media":45528,"template":"","meta":{"_acf_changed":false},"product_brand":[],"product_cat":[9570],"product_tag":[],"class_list":{"0":"post-45527","1":"product","2":"type-product","3":"status-publish","4":"has-post-thumbnail","6":"product_cat-firincilik-enzimleri","8":"first","9":"instock","10":"shipping-taxable","11":"product-type-simple"},"acf":[],"yoast_head":"<!-- This site is optimized with the Yoast SEO plugin v27.5 - https:\/\/yoast.com\/product\/yoast-seo-wordpress\/ -->\n<title>Lipaz EC 3.1.1.3 - Hurtowy Dystrybutor<\/title>\n<meta name=\"description\" content=\"Lipazlar, f\u0131r\u0131nc\u0131l\u0131k \u00fcr\u00fcnlerine belirli lezzet vermek i\u00e7in kullan\u0131lan f\u0131r\u0131nc\u0131l\u0131k enzimleridir. Pi\u015fmi\u015f \u00fcr\u00fcnlerde ho\u015f olmayan tat olu\u015fma riskini azalt\u0131r.\" \/>\n<meta name=\"robots\" content=\"index, follow, max-snippet:-1, max-image-preview:large, max-video-preview:-1\" \/>\n<link rel=\"canonical\" href=\"https:\/\/naturalpoland.com\/tr\/urunler\/gida-hammaddeleri\/enzimler\/firincilik-enzimleri\/lipaz-ec-3-1-1-3\/\" \/>\n<meta property=\"og:locale\" content=\"tr_TR\" \/>\n<meta property=\"og:type\" content=\"article\" \/>\n<meta property=\"og:title\" content=\"Lipaz EC 3.1.1.3 - Hurtowy Dystrybutor\" \/>\n<meta property=\"og:description\" content=\"Lipazlar, f\u0131r\u0131nc\u0131l\u0131k \u00fcr\u00fcnlerine belirli lezzet vermek i\u00e7in kullan\u0131lan f\u0131r\u0131nc\u0131l\u0131k enzimleridir. Pi\u015fmi\u015f \u00fcr\u00fcnlerde ho\u015f olmayan tat olu\u015fma riskini azalt\u0131r.\" \/>\n<meta property=\"og:url\" content=\"https:\/\/naturalpoland.com\/tr\/urunler\/gida-hammaddeleri\/enzimler\/firincilik-enzimleri\/lipaz-ec-3-1-1-3\/\" \/>\n<meta property=\"og:site_name\" content=\"NATURAL POLAND - Hurtowy Dystrybutor Surowc\u00f3w\" \/>\n<meta property=\"article:publisher\" content=\"https:\/\/www.facebook.com\/naturalpoland.b2b\" \/>\n<meta property=\"article:modified_time\" content=\"2026-02-04T12:24:30+00:00\" \/>\n<meta property=\"og:image\" content=\"https:\/\/naturalpoland.com\/wp-content\/uploads\/lipazy.jpg\" \/>\n\t<meta property=\"og:image:width\" content=\"650\" \/>\n\t<meta property=\"og:image:height\" content=\"650\" \/>\n\t<meta property=\"og:image:type\" content=\"image\/jpeg\" \/>\n<script type=\"application\/ld+json\" class=\"yoast-schema-graph\">{\"@context\":\"https:\\\/\\\/schema.org\",\"@graph\":[{\"@type\":\"WebPage\",\"@id\":\"https:\\\/\\\/naturalpoland.com\\\/tr\\\/urunler\\\/gida-hammaddeleri\\\/enzimler\\\/firincilik-enzimleri\\\/lipaz-ec-3-1-1-3\\\/\",\"url\":\"https:\\\/\\\/naturalpoland.com\\\/tr\\\/urunler\\\/gida-hammaddeleri\\\/enzimler\\\/firincilik-enzimleri\\\/lipaz-ec-3-1-1-3\\\/\",\"name\":\"Lipaz EC 3.1.1.3 - Hurtowy Dystrybutor\",\"isPartOf\":{\"@id\":\"https:\\\/\\\/naturalpoland.com\\\/tr\\\/#website\"},\"primaryImageOfPage\":{\"@id\":\"https:\\\/\\\/naturalpoland.com\\\/tr\\\/urunler\\\/gida-hammaddeleri\\\/enzimler\\\/firincilik-enzimleri\\\/lipaz-ec-3-1-1-3\\\/#primaryimage\"},\"image\":{\"@id\":\"https:\\\/\\\/naturalpoland.com\\\/tr\\\/urunler\\\/gida-hammaddeleri\\\/enzimler\\\/firincilik-enzimleri\\\/lipaz-ec-3-1-1-3\\\/#primaryimage\"},\"thumbnailUrl\":\"https:\\\/\\\/naturalpoland.com\\\/wp-content\\\/uploads\\\/lipazy.jpg\",\"datePublished\":\"2023-10-18T14:10:21+00:00\",\"dateModified\":\"2026-02-04T12:24:30+00:00\",\"description\":\"Lipazlar, f\u0131r\u0131nc\u0131l\u0131k \u00fcr\u00fcnlerine belirli lezzet vermek i\u00e7in kullan\u0131lan f\u0131r\u0131nc\u0131l\u0131k enzimleridir. Pi\u015fmi\u015f \u00fcr\u00fcnlerde ho\u015f olmayan tat olu\u015fma riskini azalt\u0131r.\",\"breadcrumb\":{\"@id\":\"https:\\\/\\\/naturalpoland.com\\\/tr\\\/urunler\\\/gida-hammaddeleri\\\/enzimler\\\/firincilik-enzimleri\\\/lipaz-ec-3-1-1-3\\\/#breadcrumb\"},\"inLanguage\":\"tr\",\"potentialAction\":[{\"@type\":\"ReadAction\",\"target\":[\"https:\\\/\\\/naturalpoland.com\\\/tr\\\/urunler\\\/gida-hammaddeleri\\\/enzimler\\\/firincilik-enzimleri\\\/lipaz-ec-3-1-1-3\\\/\"]}]},{\"@type\":\"ImageObject\",\"inLanguage\":\"tr\",\"@id\":\"https:\\\/\\\/naturalpoland.com\\\/tr\\\/urunler\\\/gida-hammaddeleri\\\/enzimler\\\/firincilik-enzimleri\\\/lipaz-ec-3-1-1-3\\\/#primaryimage\",\"url\":\"https:\\\/\\\/naturalpoland.com\\\/wp-content\\\/uploads\\\/lipazy.jpg\",\"contentUrl\":\"https:\\\/\\\/naturalpoland.com\\\/wp-content\\\/uploads\\\/lipazy.jpg\",\"width\":650,\"height\":650,\"caption\":\"lipazlar\"},{\"@type\":\"BreadcrumbList\",\"@id\":\"https:\\\/\\\/naturalpoland.com\\\/tr\\\/urunler\\\/gida-hammaddeleri\\\/enzimler\\\/firincilik-enzimleri\\\/lipaz-ec-3-1-1-3\\\/#breadcrumb\",\"itemListElement\":[{\"@type\":\"ListItem\",\"position\":1,\"name\":\"Ana Sayfa\",\"item\":\"https:\\\/\\\/naturalpoland.com\\\/tr\\\/\"},{\"@type\":\"ListItem\",\"position\":2,\"name\":\"\u00dcr\u00fcnler\",\"item\":\"https:\\\/\\\/naturalpoland.com\\\/tr\\\/urunler\\\/\"},{\"@type\":\"ListItem\",\"position\":3,\"name\":\"Lipaz EC 3.1.1.3\"}]},{\"@type\":\"WebSite\",\"@id\":\"https:\\\/\\\/naturalpoland.com\\\/tr\\\/#website\",\"url\":\"https:\\\/\\\/naturalpoland.com\\\/tr\\\/\",\"name\":\"NATURAL POLAND - Hurtowy Dystrybutor Surowc\u00f3w\",\"description\":\"Surowce dla przemys\u0142u spo\u017cywczego, kosmetycznego i farmaceutycznego\",\"publisher\":{\"@id\":\"https:\\\/\\\/naturalpoland.com\\\/tr\\\/#organization\"},\"potentialAction\":[{\"@type\":\"SearchAction\",\"target\":{\"@type\":\"EntryPoint\",\"urlTemplate\":\"https:\\\/\\\/naturalpoland.com\\\/tr\\\/?s={search_term_string}\"},\"query-input\":{\"@type\":\"PropertyValueSpecification\",\"valueRequired\":true,\"valueName\":\"search_term_string\"}}],\"inLanguage\":\"tr\"},{\"@type\":\"Organization\",\"@id\":\"https:\\\/\\\/naturalpoland.com\\\/tr\\\/#organization\",\"name\":\"Natural Poland\",\"url\":\"https:\\\/\\\/naturalpoland.com\\\/tr\\\/\",\"logo\":{\"@type\":\"ImageObject\",\"inLanguage\":\"tr\",\"@id\":\"https:\\\/\\\/naturalpoland.com\\\/tr\\\/#\\\/schema\\\/logo\\\/image\\\/\",\"url\":\"https:\\\/\\\/naturalpoland.com\\\/wp-content\\\/uploads\\\/2021\\\/05\\\/natural-poland-icon.png\",\"contentUrl\":\"https:\\\/\\\/naturalpoland.com\\\/wp-content\\\/uploads\\\/2021\\\/05\\\/natural-poland-icon.png\",\"width\":512,\"height\":512,\"caption\":\"Natural Poland\"},\"image\":{\"@id\":\"https:\\\/\\\/naturalpoland.com\\\/tr\\\/#\\\/schema\\\/logo\\\/image\\\/\"},\"sameAs\":[\"https:\\\/\\\/www.facebook.com\\\/naturalpoland.b2b\",\"https:\\\/\\\/pl.linkedin.com\\\/company\\\/natural-poland\",\"https:\\\/\\\/www.youtube.com\\\/channel\\\/UCgeGGkvOMahZo-xu_MSEWxg\"]}]}<\/script>\n<!-- \/ Yoast SEO plugin. -->","yoast_head_json":{"title":"Lipaz EC 3.1.1.3 - Hurtowy Dystrybutor","description":"Lipazlar, f\u0131r\u0131nc\u0131l\u0131k \u00fcr\u00fcnlerine belirli lezzet vermek i\u00e7in kullan\u0131lan f\u0131r\u0131nc\u0131l\u0131k enzimleridir. Pi\u015fmi\u015f \u00fcr\u00fcnlerde ho\u015f olmayan tat olu\u015fma riskini azalt\u0131r.","robots":{"index":"index","follow":"follow","max-snippet":"max-snippet:-1","max-image-preview":"max-image-preview:large","max-video-preview":"max-video-preview:-1"},"canonical":"https:\/\/naturalpoland.com\/tr\/urunler\/gida-hammaddeleri\/enzimler\/firincilik-enzimleri\/lipaz-ec-3-1-1-3\/","og_locale":"tr_TR","og_type":"article","og_title":"Lipaz EC 3.1.1.3 - Hurtowy Dystrybutor","og_description":"Lipazlar, f\u0131r\u0131nc\u0131l\u0131k \u00fcr\u00fcnlerine belirli lezzet vermek i\u00e7in kullan\u0131lan f\u0131r\u0131nc\u0131l\u0131k enzimleridir. Pi\u015fmi\u015f \u00fcr\u00fcnlerde ho\u015f olmayan tat olu\u015fma riskini azalt\u0131r.","og_url":"https:\/\/naturalpoland.com\/tr\/urunler\/gida-hammaddeleri\/enzimler\/firincilik-enzimleri\/lipaz-ec-3-1-1-3\/","og_site_name":"NATURAL POLAND - Hurtowy Dystrybutor Surowc\u00f3w","article_publisher":"https:\/\/www.facebook.com\/naturalpoland.b2b","article_modified_time":"2026-02-04T12:24:30+00:00","og_image":[{"width":650,"height":650,"url":"https:\/\/naturalpoland.com\/wp-content\/uploads\/lipazy.jpg","type":"image\/jpeg"}],"schema":{"@context":"https:\/\/schema.org","@graph":[{"@type":"WebPage","@id":"https:\/\/naturalpoland.com\/tr\/urunler\/gida-hammaddeleri\/enzimler\/firincilik-enzimleri\/lipaz-ec-3-1-1-3\/","url":"https:\/\/naturalpoland.com\/tr\/urunler\/gida-hammaddeleri\/enzimler\/firincilik-enzimleri\/lipaz-ec-3-1-1-3\/","name":"Lipaz EC 3.1.1.3 - Hurtowy Dystrybutor","isPartOf":{"@id":"https:\/\/naturalpoland.com\/tr\/#website"},"primaryImageOfPage":{"@id":"https:\/\/naturalpoland.com\/tr\/urunler\/gida-hammaddeleri\/enzimler\/firincilik-enzimleri\/lipaz-ec-3-1-1-3\/#primaryimage"},"image":{"@id":"https:\/\/naturalpoland.com\/tr\/urunler\/gida-hammaddeleri\/enzimler\/firincilik-enzimleri\/lipaz-ec-3-1-1-3\/#primaryimage"},"thumbnailUrl":"https:\/\/naturalpoland.com\/wp-content\/uploads\/lipazy.jpg","datePublished":"2023-10-18T14:10:21+00:00","dateModified":"2026-02-04T12:24:30+00:00","description":"Lipazlar, f\u0131r\u0131nc\u0131l\u0131k \u00fcr\u00fcnlerine belirli lezzet vermek i\u00e7in kullan\u0131lan f\u0131r\u0131nc\u0131l\u0131k enzimleridir. Pi\u015fmi\u015f \u00fcr\u00fcnlerde ho\u015f olmayan tat olu\u015fma riskini azalt\u0131r.","breadcrumb":{"@id":"https:\/\/naturalpoland.com\/tr\/urunler\/gida-hammaddeleri\/enzimler\/firincilik-enzimleri\/lipaz-ec-3-1-1-3\/#breadcrumb"},"inLanguage":"tr","potentialAction":[{"@type":"ReadAction","target":["https:\/\/naturalpoland.com\/tr\/urunler\/gida-hammaddeleri\/enzimler\/firincilik-enzimleri\/lipaz-ec-3-1-1-3\/"]}]},{"@type":"ImageObject","inLanguage":"tr","@id":"https:\/\/naturalpoland.com\/tr\/urunler\/gida-hammaddeleri\/enzimler\/firincilik-enzimleri\/lipaz-ec-3-1-1-3\/#primaryimage","url":"https:\/\/naturalpoland.com\/wp-content\/uploads\/lipazy.jpg","contentUrl":"https:\/\/naturalpoland.com\/wp-content\/uploads\/lipazy.jpg","width":650,"height":650,"caption":"lipazlar"},{"@type":"BreadcrumbList","@id":"https:\/\/naturalpoland.com\/tr\/urunler\/gida-hammaddeleri\/enzimler\/firincilik-enzimleri\/lipaz-ec-3-1-1-3\/#breadcrumb","itemListElement":[{"@type":"ListItem","position":1,"name":"Ana Sayfa","item":"https:\/\/naturalpoland.com\/tr\/"},{"@type":"ListItem","position":2,"name":"\u00dcr\u00fcnler","item":"https:\/\/naturalpoland.com\/tr\/urunler\/"},{"@type":"ListItem","position":3,"name":"Lipaz EC 3.1.1.3"}]},{"@type":"WebSite","@id":"https:\/\/naturalpoland.com\/tr\/#website","url":"https:\/\/naturalpoland.com\/tr\/","name":"NATURAL POLAND - Hurtowy Dystrybutor Surowc\u00f3w","description":"Surowce dla przemys\u0142u spo\u017cywczego, kosmetycznego i farmaceutycznego","publisher":{"@id":"https:\/\/naturalpoland.com\/tr\/#organization"},"potentialAction":[{"@type":"SearchAction","target":{"@type":"EntryPoint","urlTemplate":"https:\/\/naturalpoland.com\/tr\/?s={search_term_string}"},"query-input":{"@type":"PropertyValueSpecification","valueRequired":true,"valueName":"search_term_string"}}],"inLanguage":"tr"},{"@type":"Organization","@id":"https:\/\/naturalpoland.com\/tr\/#organization","name":"Natural Poland","url":"https:\/\/naturalpoland.com\/tr\/","logo":{"@type":"ImageObject","inLanguage":"tr","@id":"https:\/\/naturalpoland.com\/tr\/#\/schema\/logo\/image\/","url":"https:\/\/naturalpoland.com\/wp-content\/uploads\/2021\/05\/natural-poland-icon.png","contentUrl":"https:\/\/naturalpoland.com\/wp-content\/uploads\/2021\/05\/natural-poland-icon.png","width":512,"height":512,"caption":"Natural Poland"},"image":{"@id":"https:\/\/naturalpoland.com\/tr\/#\/schema\/logo\/image\/"},"sameAs":["https:\/\/www.facebook.com\/naturalpoland.b2b","https:\/\/pl.linkedin.com\/company\/natural-poland","https:\/\/www.youtube.com\/channel\/UCgeGGkvOMahZo-xu_MSEWxg"]}]}},"_links":{"self":[{"href":"https:\/\/naturalpoland.com\/tr\/wp-json\/wp\/v2\/product\/45527","targetHints":{"allow":["GET"]}}],"collection":[{"href":"https:\/\/naturalpoland.com\/tr\/wp-json\/wp\/v2\/product"}],"about":[{"href":"https:\/\/naturalpoland.com\/tr\/wp-json\/wp\/v2\/types\/product"}],"wp:featuredmedia":[{"embeddable":true,"href":"https:\/\/naturalpoland.com\/tr\/wp-json\/wp\/v2\/media\/45528"}],"wp:attachment":[{"href":"https:\/\/naturalpoland.com\/tr\/wp-json\/wp\/v2\/media?parent=45527"}],"wp:term":[{"taxonomy":"product_brand","embeddable":true,"href":"https:\/\/naturalpoland.com\/tr\/wp-json\/wp\/v2\/product_brand?post=45527"},{"taxonomy":"product_cat","embeddable":true,"href":"https:\/\/naturalpoland.com\/tr\/wp-json\/wp\/v2\/product_cat?post=45527"},{"taxonomy":"product_tag","embeddable":true,"href":"https:\/\/naturalpoland.com\/tr\/wp-json\/wp\/v2\/product_tag?post=45527"}],"curies":[{"name":"wp","href":"https:\/\/api.w.org\/{rel}","templated":true}]}}