{"id":45535,"date":"2023-10-18T16:25:38","date_gmt":"2023-10-18T14:25:38","guid":{"rendered":"https:\/\/naturalpoland.com\/produkty\/kategorilenmemis\/selulaz-ec-3-2-1-4\/"},"modified":"2026-02-04T13:25:08","modified_gmt":"2026-02-04T12:25:08","slug":"selulaz-ec-3-2-1-4","status":"publish","type":"product","link":"https:\/\/naturalpoland.com\/tr\/urunler\/gida-hammaddeleri\/enzimler\/firincilik-enzimleri\/selulaz-ec-3-2-1-4\/","title":{"rendered":"Sel\u00fclaz EC 3.2.1.4"},"content":{"rendered":"<p>Bu enzimin ek avantaj\u0131, insan sa\u011fl\u0131\u011f\u0131 \u00fczerinde faydal\u0131 etkisi olan arabino-ksilo-oligosakkaritlerin ekmekteki konsantrasyonunu art\u0131rmas\u0131d\u0131r.<\/p>\n<h3>K\u00f6ken:<\/h3>\n<ul>\n<li><em>Trichoderma<\/em> cinsinden mantarlar: <em>T. reesei QM 6a<\/em> ve mutantlar\u0131, <em>T. harzianum, T. viride<\/em>.<\/li>\n<li>Bakterilerin sporlu basilleri: <em>Aspergillus, Penicillium, Humicola, Cellulomonas, Pseudomonas<\/em>.<\/li>\n<li><em>Streptomyces<\/em> gibi aktinomisetler<\/li>\n<\/ul>\n<h3>Etkileri:<\/h3>\n<ul>\n<li>Su kat\u0131l\u0131m\u0131yla sel\u00fclozun par\u00e7alanmas\u0131n\u0131n katalizlenmesi.<br \/>\nSel\u00fclozun \u03b2-1,4-glikozidik ba\u011f\u0131n\u0131n hidrolizi ve polimerin son \u00fcr\u00fcn olan glukozu elde etmek i\u00e7in kademeli olarak k\u0131salt\u0131lmas\u0131.<\/li>\n<\/ul>\n","protected":false},"excerpt":{"rendered":"<p>Sel\u00fclazlar, gluten a\u011f\u0131n\u0131n olu\u015fumunu engelleyen \u00e7\u00f6z\u00fcnmeyen arabinoksilanlar\u0131 uzakla\u015ft\u0131ran ve y\u00fcksek molek\u00fcler a\u011f\u0131rl\u0131kl\u0131 \u00e7\u00f6z\u00fcnm\u00fc\u015f arabinoksilanlar\u0131n olu\u015fmas\u0131na neden olan f\u0131r\u0131nc\u0131l\u0131k enzimlerdir. Bu da artan viskozite ve b\u00f6ylece <strong>hamur stabilitesinin iyile\u015fmesi<\/strong> ile sonu\u00e7lan\u0131r. F\u0131r\u0131nc\u0131l\u0131k end\u00fcstrisinde sel\u00fclaz kullan\u0131m\u0131 hamurun reolojik \u00f6zelliklerini ve ekme\u011fin organoleptik \u00f6zelliklerini etkiler. <\/p>\n","protected":false},"featured_media":45537,"template":"","meta":{"_acf_changed":false},"product_brand":[],"product_cat":[9570],"product_tag":[],"class_list":{"0":"post-45535","1":"product","2":"type-product","3":"status-publish","4":"has-post-thumbnail","6":"product_cat-firincilik-enzimleri","8":"first","9":"instock","10":"shipping-taxable","11":"product-type-simple"},"acf":[],"yoast_head":"<!-- This site is optimized with the Yoast SEO plugin v27.5 - https:\/\/yoast.com\/product\/yoast-seo-wordpress\/ -->\n<title>Sel\u00fclaz EC 3.2.1.4 - Hurtowy Dystrybutor<\/title>\n<meta name=\"description\" content=\"Sel\u00fclazlar, gluten a\u011f\u0131n\u0131n olu\u015fumunu engelleyen \u00e7\u00f6z\u00fcnmeyen arabinoksilanlar\u0131 uzakla\u015ft\u0131ran ve hamurun viskozitesini iyile\u015ftiren f\u0131r\u0131nc\u0131l\u0131k enzimlerdir.\" \/>\n<meta name=\"robots\" content=\"index, follow, max-snippet:-1, max-image-preview:large, max-video-preview:-1\" \/>\n<link rel=\"canonical\" href=\"https:\/\/naturalpoland.com\/tr\/urunler\/gida-hammaddeleri\/enzimler\/firincilik-enzimleri\/selulaz-ec-3-2-1-4\/\" \/>\n<meta property=\"og:locale\" content=\"tr_TR\" \/>\n<meta property=\"og:type\" content=\"article\" \/>\n<meta property=\"og:title\" content=\"Sel\u00fclaz EC 3.2.1.4 - Hurtowy Dystrybutor\" \/>\n<meta property=\"og:description\" content=\"Sel\u00fclazlar, gluten a\u011f\u0131n\u0131n olu\u015fumunu engelleyen \u00e7\u00f6z\u00fcnmeyen arabinoksilanlar\u0131 uzakla\u015ft\u0131ran ve hamurun viskozitesini iyile\u015ftiren f\u0131r\u0131nc\u0131l\u0131k enzimlerdir.\" \/>\n<meta property=\"og:url\" content=\"https:\/\/naturalpoland.com\/tr\/urunler\/gida-hammaddeleri\/enzimler\/firincilik-enzimleri\/selulaz-ec-3-2-1-4\/\" \/>\n<meta property=\"og:site_name\" content=\"NATURAL POLAND - Hurtowy Dystrybutor Surowc\u00f3w\" \/>\n<meta property=\"article:publisher\" content=\"https:\/\/www.facebook.com\/naturalpoland.b2b\" \/>\n<meta property=\"article:modified_time\" content=\"2026-02-04T12:25:08+00:00\" \/>\n<meta property=\"og:image\" content=\"https:\/\/naturalpoland.com\/wp-content\/uploads\/celulaza.jpg\" \/>\n\t<meta property=\"og:image:width\" content=\"650\" \/>\n\t<meta property=\"og:image:height\" content=\"650\" \/>\n\t<meta property=\"og:image:type\" content=\"image\/jpeg\" \/>\n<script type=\"application\/ld+json\" class=\"yoast-schema-graph\">{\"@context\":\"https:\\\/\\\/schema.org\",\"@graph\":[{\"@type\":\"WebPage\",\"@id\":\"https:\\\/\\\/naturalpoland.com\\\/tr\\\/urunler\\\/gida-hammaddeleri\\\/enzimler\\\/firincilik-enzimleri\\\/selulaz-ec-3-2-1-4\\\/\",\"url\":\"https:\\\/\\\/naturalpoland.com\\\/tr\\\/urunler\\\/gida-hammaddeleri\\\/enzimler\\\/firincilik-enzimleri\\\/selulaz-ec-3-2-1-4\\\/\",\"name\":\"Sel\u00fclaz EC 3.2.1.4 - Hurtowy Dystrybutor\",\"isPartOf\":{\"@id\":\"https:\\\/\\\/naturalpoland.com\\\/tr\\\/#website\"},\"primaryImageOfPage\":{\"@id\":\"https:\\\/\\\/naturalpoland.com\\\/tr\\\/urunler\\\/gida-hammaddeleri\\\/enzimler\\\/firincilik-enzimleri\\\/selulaz-ec-3-2-1-4\\\/#primaryimage\"},\"image\":{\"@id\":\"https:\\\/\\\/naturalpoland.com\\\/tr\\\/urunler\\\/gida-hammaddeleri\\\/enzimler\\\/firincilik-enzimleri\\\/selulaz-ec-3-2-1-4\\\/#primaryimage\"},\"thumbnailUrl\":\"https:\\\/\\\/naturalpoland.com\\\/wp-content\\\/uploads\\\/celulaza.jpg\",\"datePublished\":\"2023-10-18T14:25:38+00:00\",\"dateModified\":\"2026-02-04T12:25:08+00:00\",\"description\":\"Sel\u00fclazlar, gluten a\u011f\u0131n\u0131n olu\u015fumunu engelleyen \u00e7\u00f6z\u00fcnmeyen arabinoksilanlar\u0131 uzakla\u015ft\u0131ran ve hamurun viskozitesini iyile\u015ftiren f\u0131r\u0131nc\u0131l\u0131k enzimlerdir.\",\"breadcrumb\":{\"@id\":\"https:\\\/\\\/naturalpoland.com\\\/tr\\\/urunler\\\/gida-hammaddeleri\\\/enzimler\\\/firincilik-enzimleri\\\/selulaz-ec-3-2-1-4\\\/#breadcrumb\"},\"inLanguage\":\"tr\",\"potentialAction\":[{\"@type\":\"ReadAction\",\"target\":[\"https:\\\/\\\/naturalpoland.com\\\/tr\\\/urunler\\\/gida-hammaddeleri\\\/enzimler\\\/firincilik-enzimleri\\\/selulaz-ec-3-2-1-4\\\/\"]}]},{\"@type\":\"ImageObject\",\"inLanguage\":\"tr\",\"@id\":\"https:\\\/\\\/naturalpoland.com\\\/tr\\\/urunler\\\/gida-hammaddeleri\\\/enzimler\\\/firincilik-enzimleri\\\/selulaz-ec-3-2-1-4\\\/#primaryimage\",\"url\":\"https:\\\/\\\/naturalpoland.com\\\/wp-content\\\/uploads\\\/celulaza.jpg\",\"contentUrl\":\"https:\\\/\\\/naturalpoland.com\\\/wp-content\\\/uploads\\\/celulaza.jpg\",\"width\":650,\"height\":650,\"caption\":\"sel\u00fclaz\"},{\"@type\":\"BreadcrumbList\",\"@id\":\"https:\\\/\\\/naturalpoland.com\\\/tr\\\/urunler\\\/gida-hammaddeleri\\\/enzimler\\\/firincilik-enzimleri\\\/selulaz-ec-3-2-1-4\\\/#breadcrumb\",\"itemListElement\":[{\"@type\":\"ListItem\",\"position\":1,\"name\":\"Ana Sayfa\",\"item\":\"https:\\\/\\\/naturalpoland.com\\\/tr\\\/\"},{\"@type\":\"ListItem\",\"position\":2,\"name\":\"\u00dcr\u00fcnler\",\"item\":\"https:\\\/\\\/naturalpoland.com\\\/tr\\\/urunler\\\/\"},{\"@type\":\"ListItem\",\"position\":3,\"name\":\"Sel\u00fclaz EC 3.2.1.4\"}]},{\"@type\":\"WebSite\",\"@id\":\"https:\\\/\\\/naturalpoland.com\\\/tr\\\/#website\",\"url\":\"https:\\\/\\\/naturalpoland.com\\\/tr\\\/\",\"name\":\"NATURAL POLAND - Hurtowy Dystrybutor Surowc\u00f3w\",\"description\":\"Surowce dla przemys\u0142u spo\u017cywczego, kosmetycznego i farmaceutycznego\",\"publisher\":{\"@id\":\"https:\\\/\\\/naturalpoland.com\\\/tr\\\/#organization\"},\"potentialAction\":[{\"@type\":\"SearchAction\",\"target\":{\"@type\":\"EntryPoint\",\"urlTemplate\":\"https:\\\/\\\/naturalpoland.com\\\/tr\\\/?s={search_term_string}\"},\"query-input\":{\"@type\":\"PropertyValueSpecification\",\"valueRequired\":true,\"valueName\":\"search_term_string\"}}],\"inLanguage\":\"tr\"},{\"@type\":\"Organization\",\"@id\":\"https:\\\/\\\/naturalpoland.com\\\/tr\\\/#organization\",\"name\":\"Natural Poland\",\"url\":\"https:\\\/\\\/naturalpoland.com\\\/tr\\\/\",\"logo\":{\"@type\":\"ImageObject\",\"inLanguage\":\"tr\",\"@id\":\"https:\\\/\\\/naturalpoland.com\\\/tr\\\/#\\\/schema\\\/logo\\\/image\\\/\",\"url\":\"https:\\\/\\\/naturalpoland.com\\\/wp-content\\\/uploads\\\/2021\\\/05\\\/natural-poland-icon.png\",\"contentUrl\":\"https:\\\/\\\/naturalpoland.com\\\/wp-content\\\/uploads\\\/2021\\\/05\\\/natural-poland-icon.png\",\"width\":512,\"height\":512,\"caption\":\"Natural Poland\"},\"image\":{\"@id\":\"https:\\\/\\\/naturalpoland.com\\\/tr\\\/#\\\/schema\\\/logo\\\/image\\\/\"},\"sameAs\":[\"https:\\\/\\\/www.facebook.com\\\/naturalpoland.b2b\",\"https:\\\/\\\/pl.linkedin.com\\\/company\\\/natural-poland\",\"https:\\\/\\\/www.youtube.com\\\/channel\\\/UCgeGGkvOMahZo-xu_MSEWxg\"]}]}<\/script>\n<!-- \/ Yoast SEO plugin. -->","yoast_head_json":{"title":"Sel\u00fclaz EC 3.2.1.4 - Hurtowy Dystrybutor","description":"Sel\u00fclazlar, gluten a\u011f\u0131n\u0131n olu\u015fumunu engelleyen \u00e7\u00f6z\u00fcnmeyen arabinoksilanlar\u0131 uzakla\u015ft\u0131ran ve hamurun viskozitesini iyile\u015ftiren f\u0131r\u0131nc\u0131l\u0131k enzimlerdir.","robots":{"index":"index","follow":"follow","max-snippet":"max-snippet:-1","max-image-preview":"max-image-preview:large","max-video-preview":"max-video-preview:-1"},"canonical":"https:\/\/naturalpoland.com\/tr\/urunler\/gida-hammaddeleri\/enzimler\/firincilik-enzimleri\/selulaz-ec-3-2-1-4\/","og_locale":"tr_TR","og_type":"article","og_title":"Sel\u00fclaz EC 3.2.1.4 - Hurtowy Dystrybutor","og_description":"Sel\u00fclazlar, gluten a\u011f\u0131n\u0131n olu\u015fumunu engelleyen \u00e7\u00f6z\u00fcnmeyen arabinoksilanlar\u0131 uzakla\u015ft\u0131ran ve hamurun viskozitesini iyile\u015ftiren f\u0131r\u0131nc\u0131l\u0131k enzimlerdir.","og_url":"https:\/\/naturalpoland.com\/tr\/urunler\/gida-hammaddeleri\/enzimler\/firincilik-enzimleri\/selulaz-ec-3-2-1-4\/","og_site_name":"NATURAL POLAND - Hurtowy Dystrybutor Surowc\u00f3w","article_publisher":"https:\/\/www.facebook.com\/naturalpoland.b2b","article_modified_time":"2026-02-04T12:25:08+00:00","og_image":[{"width":650,"height":650,"url":"https:\/\/naturalpoland.com\/wp-content\/uploads\/celulaza.jpg","type":"image\/jpeg"}],"schema":{"@context":"https:\/\/schema.org","@graph":[{"@type":"WebPage","@id":"https:\/\/naturalpoland.com\/tr\/urunler\/gida-hammaddeleri\/enzimler\/firincilik-enzimleri\/selulaz-ec-3-2-1-4\/","url":"https:\/\/naturalpoland.com\/tr\/urunler\/gida-hammaddeleri\/enzimler\/firincilik-enzimleri\/selulaz-ec-3-2-1-4\/","name":"Sel\u00fclaz EC 3.2.1.4 - Hurtowy Dystrybutor","isPartOf":{"@id":"https:\/\/naturalpoland.com\/tr\/#website"},"primaryImageOfPage":{"@id":"https:\/\/naturalpoland.com\/tr\/urunler\/gida-hammaddeleri\/enzimler\/firincilik-enzimleri\/selulaz-ec-3-2-1-4\/#primaryimage"},"image":{"@id":"https:\/\/naturalpoland.com\/tr\/urunler\/gida-hammaddeleri\/enzimler\/firincilik-enzimleri\/selulaz-ec-3-2-1-4\/#primaryimage"},"thumbnailUrl":"https:\/\/naturalpoland.com\/wp-content\/uploads\/celulaza.jpg","datePublished":"2023-10-18T14:25:38+00:00","dateModified":"2026-02-04T12:25:08+00:00","description":"Sel\u00fclazlar, gluten a\u011f\u0131n\u0131n olu\u015fumunu engelleyen \u00e7\u00f6z\u00fcnmeyen arabinoksilanlar\u0131 uzakla\u015ft\u0131ran ve hamurun viskozitesini iyile\u015ftiren f\u0131r\u0131nc\u0131l\u0131k enzimlerdir.","breadcrumb":{"@id":"https:\/\/naturalpoland.com\/tr\/urunler\/gida-hammaddeleri\/enzimler\/firincilik-enzimleri\/selulaz-ec-3-2-1-4\/#breadcrumb"},"inLanguage":"tr","potentialAction":[{"@type":"ReadAction","target":["https:\/\/naturalpoland.com\/tr\/urunler\/gida-hammaddeleri\/enzimler\/firincilik-enzimleri\/selulaz-ec-3-2-1-4\/"]}]},{"@type":"ImageObject","inLanguage":"tr","@id":"https:\/\/naturalpoland.com\/tr\/urunler\/gida-hammaddeleri\/enzimler\/firincilik-enzimleri\/selulaz-ec-3-2-1-4\/#primaryimage","url":"https:\/\/naturalpoland.com\/wp-content\/uploads\/celulaza.jpg","contentUrl":"https:\/\/naturalpoland.com\/wp-content\/uploads\/celulaza.jpg","width":650,"height":650,"caption":"sel\u00fclaz"},{"@type":"BreadcrumbList","@id":"https:\/\/naturalpoland.com\/tr\/urunler\/gida-hammaddeleri\/enzimler\/firincilik-enzimleri\/selulaz-ec-3-2-1-4\/#breadcrumb","itemListElement":[{"@type":"ListItem","position":1,"name":"Ana Sayfa","item":"https:\/\/naturalpoland.com\/tr\/"},{"@type":"ListItem","position":2,"name":"\u00dcr\u00fcnler","item":"https:\/\/naturalpoland.com\/tr\/urunler\/"},{"@type":"ListItem","position":3,"name":"Sel\u00fclaz EC 3.2.1.4"}]},{"@type":"WebSite","@id":"https:\/\/naturalpoland.com\/tr\/#website","url":"https:\/\/naturalpoland.com\/tr\/","name":"NATURAL POLAND - Hurtowy Dystrybutor Surowc\u00f3w","description":"Surowce dla przemys\u0142u spo\u017cywczego, kosmetycznego i farmaceutycznego","publisher":{"@id":"https:\/\/naturalpoland.com\/tr\/#organization"},"potentialAction":[{"@type":"SearchAction","target":{"@type":"EntryPoint","urlTemplate":"https:\/\/naturalpoland.com\/tr\/?s={search_term_string}"},"query-input":{"@type":"PropertyValueSpecification","valueRequired":true,"valueName":"search_term_string"}}],"inLanguage":"tr"},{"@type":"Organization","@id":"https:\/\/naturalpoland.com\/tr\/#organization","name":"Natural Poland","url":"https:\/\/naturalpoland.com\/tr\/","logo":{"@type":"ImageObject","inLanguage":"tr","@id":"https:\/\/naturalpoland.com\/tr\/#\/schema\/logo\/image\/","url":"https:\/\/naturalpoland.com\/wp-content\/uploads\/2021\/05\/natural-poland-icon.png","contentUrl":"https:\/\/naturalpoland.com\/wp-content\/uploads\/2021\/05\/natural-poland-icon.png","width":512,"height":512,"caption":"Natural Poland"},"image":{"@id":"https:\/\/naturalpoland.com\/tr\/#\/schema\/logo\/image\/"},"sameAs":["https:\/\/www.facebook.com\/naturalpoland.b2b","https:\/\/pl.linkedin.com\/company\/natural-poland","https:\/\/www.youtube.com\/channel\/UCgeGGkvOMahZo-xu_MSEWxg"]}]}},"_links":{"self":[{"href":"https:\/\/naturalpoland.com\/tr\/wp-json\/wp\/v2\/product\/45535","targetHints":{"allow":["GET"]}}],"collection":[{"href":"https:\/\/naturalpoland.com\/tr\/wp-json\/wp\/v2\/product"}],"about":[{"href":"https:\/\/naturalpoland.com\/tr\/wp-json\/wp\/v2\/types\/product"}],"wp:featuredmedia":[{"embeddable":true,"href":"https:\/\/naturalpoland.com\/tr\/wp-json\/wp\/v2\/media\/45537"}],"wp:attachment":[{"href":"https:\/\/naturalpoland.com\/tr\/wp-json\/wp\/v2\/media?parent=45535"}],"wp:term":[{"taxonomy":"product_brand","embeddable":true,"href":"https:\/\/naturalpoland.com\/tr\/wp-json\/wp\/v2\/product_brand?post=45535"},{"taxonomy":"product_cat","embeddable":true,"href":"https:\/\/naturalpoland.com\/tr\/wp-json\/wp\/v2\/product_cat?post=45535"},{"taxonomy":"product_tag","embeddable":true,"href":"https:\/\/naturalpoland.com\/tr\/wp-json\/wp\/v2\/product_tag?post=45535"}],"curies":[{"name":"wp","href":"https:\/\/api.w.org\/{rel}","templated":true}]}}