{"id":45538,"date":"2023-10-18T16:17:55","date_gmt":"2023-10-18T14:17:55","guid":{"rendered":"https:\/\/naturalpoland.com\/produkty\/kategorilenmemis\/proteaz-ec-3-4-21-112\/"},"modified":"2026-02-04T13:25:10","modified_gmt":"2026-02-04T12:25:10","slug":"proteaz-ec-3-4-21-112","status":"publish","type":"product","link":"https:\/\/naturalpoland.com\/tr\/urunler\/gida-hammaddeleri\/enzimler\/firincilik-enzimleri\/proteaz-ec-3-4-21-112\/","title":{"rendered":"Proteaz EC 3.4.21.112"},"content":{"rendered":"<h3>K\u00f6ken:<\/h3>\n<p>Bakterilerin spor olu\u015fturan \u00e7ubuk formlar\u0131: <em>Aspergillus niger, Bacillus spp<\/em>.<\/p>\n<h3>Etkileri:<\/h3>\n<p>Substrat\u0131n amino veya karboksil u\u00e7lar\u0131 yak\u0131n\u0131ndaki peptit ba\u011flar\u0131n\u0131n kesilmesi (proteoliz).<\/p>\n","protected":false},"excerpt":{"rendered":"<p>Proteazlar, hamur homojenli\u011fini sa\u011flamak, ekmekteki gl\u00fcten i\u00e7eri\u011fini d\u00fczenlemek ve ekme\u011fin dokusunu kontrol etmek i\u00e7in kullan\u0131lan f\u0131r\u0131nc\u0131l\u0131k enzimlerdir. Proteazlar\u0131n ek bir kullan\u0131m alan\u0131 hamurdaki suyun yeniden da\u011f\u0131t\u0131m\u0131d\u0131r. Bu enzimlerin kullan\u0131m\u0131 ayr\u0131ca gl\u00fcten proteinlerinin dis\u00fclf\u00fcr ba\u011flar\u0131n\u0131 azaltarak tutarl\u0131l\u0131\u011f\u0131 kontrol etmek i\u00e7in kullan\u0131lan hidros\u00fclfatlar\u0131n s\u0131n\u0131rland\u0131r\u0131lmas\u0131na etki eder (gl\u00fcten a\u011f\u0131 veya gliadin \u00fczerindeki etki).  <\/p>\n","protected":false},"featured_media":45540,"template":"","meta":{"_acf_changed":false},"product_brand":[],"product_cat":[9570],"product_tag":[],"class_list":{"0":"post-45538","1":"product","2":"type-product","3":"status-publish","4":"has-post-thumbnail","6":"product_cat-firincilik-enzimleri","8":"first","9":"instock","10":"shipping-taxable","11":"product-type-simple"},"acf":[],"yoast_head":"<!-- This site is optimized with the Yoast SEO plugin v27.5 - https:\/\/yoast.com\/product\/yoast-seo-wordpress\/ -->\n<title>Proteaz EC 3.4.21.112 - Hurtowy Dystrybutor<\/title>\n<meta name=\"description\" content=\"Proteazlar, hamur homojenli\u011fini sa\u011flamak ve ekmekteki gl\u00fcten i\u00e7eri\u011fini d\u00fczenlemek i\u00e7in kullan\u0131lan f\u0131r\u0131nc\u0131l\u0131k enzimlerdir.\" \/>\n<meta name=\"robots\" content=\"index, follow, max-snippet:-1, max-image-preview:large, max-video-preview:-1\" \/>\n<link rel=\"canonical\" href=\"https:\/\/naturalpoland.com\/tr\/urunler\/gida-hammaddeleri\/enzimler\/firincilik-enzimleri\/proteaz-ec-3-4-21-112\/\" \/>\n<meta property=\"og:locale\" content=\"tr_TR\" \/>\n<meta property=\"og:type\" content=\"article\" \/>\n<meta property=\"og:title\" content=\"Proteaz EC 3.4.21.112 - Hurtowy Dystrybutor\" \/>\n<meta property=\"og:description\" content=\"Proteazlar, hamur homojenli\u011fini sa\u011flamak ve ekmekteki gl\u00fcten i\u00e7eri\u011fini d\u00fczenlemek i\u00e7in kullan\u0131lan f\u0131r\u0131nc\u0131l\u0131k enzimlerdir.\" \/>\n<meta property=\"og:url\" content=\"https:\/\/naturalpoland.com\/tr\/urunler\/gida-hammaddeleri\/enzimler\/firincilik-enzimleri\/proteaz-ec-3-4-21-112\/\" \/>\n<meta property=\"og:site_name\" content=\"NATURAL POLAND - Hurtowy Dystrybutor Surowc\u00f3w\" \/>\n<meta property=\"article:publisher\" content=\"https:\/\/www.facebook.com\/naturalpoland.b2b\" \/>\n<meta property=\"article:modified_time\" content=\"2026-02-04T12:25:10+00:00\" \/>\n<meta property=\"og:image\" content=\"https:\/\/naturalpoland.com\/wp-content\/uploads\/proteaza.jpg\" \/>\n\t<meta property=\"og:image:width\" content=\"650\" \/>\n\t<meta property=\"og:image:height\" content=\"650\" \/>\n\t<meta property=\"og:image:type\" content=\"image\/jpeg\" \/>\n<script type=\"application\/ld+json\" class=\"yoast-schema-graph\">{\"@context\":\"https:\\\/\\\/schema.org\",\"@graph\":[{\"@type\":\"WebPage\",\"@id\":\"https:\\\/\\\/naturalpoland.com\\\/tr\\\/urunler\\\/gida-hammaddeleri\\\/enzimler\\\/firincilik-enzimleri\\\/proteaz-ec-3-4-21-112\\\/\",\"url\":\"https:\\\/\\\/naturalpoland.com\\\/tr\\\/urunler\\\/gida-hammaddeleri\\\/enzimler\\\/firincilik-enzimleri\\\/proteaz-ec-3-4-21-112\\\/\",\"name\":\"Proteaz EC 3.4.21.112 - Hurtowy Dystrybutor\",\"isPartOf\":{\"@id\":\"https:\\\/\\\/naturalpoland.com\\\/tr\\\/#website\"},\"primaryImageOfPage\":{\"@id\":\"https:\\\/\\\/naturalpoland.com\\\/tr\\\/urunler\\\/gida-hammaddeleri\\\/enzimler\\\/firincilik-enzimleri\\\/proteaz-ec-3-4-21-112\\\/#primaryimage\"},\"image\":{\"@id\":\"https:\\\/\\\/naturalpoland.com\\\/tr\\\/urunler\\\/gida-hammaddeleri\\\/enzimler\\\/firincilik-enzimleri\\\/proteaz-ec-3-4-21-112\\\/#primaryimage\"},\"thumbnailUrl\":\"https:\\\/\\\/naturalpoland.com\\\/wp-content\\\/uploads\\\/proteaza.jpg\",\"datePublished\":\"2023-10-18T14:17:55+00:00\",\"dateModified\":\"2026-02-04T12:25:10+00:00\",\"description\":\"Proteazlar, hamur homojenli\u011fini sa\u011flamak ve ekmekteki gl\u00fcten i\u00e7eri\u011fini d\u00fczenlemek i\u00e7in kullan\u0131lan f\u0131r\u0131nc\u0131l\u0131k enzimlerdir.\",\"breadcrumb\":{\"@id\":\"https:\\\/\\\/naturalpoland.com\\\/tr\\\/urunler\\\/gida-hammaddeleri\\\/enzimler\\\/firincilik-enzimleri\\\/proteaz-ec-3-4-21-112\\\/#breadcrumb\"},\"inLanguage\":\"tr\",\"potentialAction\":[{\"@type\":\"ReadAction\",\"target\":[\"https:\\\/\\\/naturalpoland.com\\\/tr\\\/urunler\\\/gida-hammaddeleri\\\/enzimler\\\/firincilik-enzimleri\\\/proteaz-ec-3-4-21-112\\\/\"]}]},{\"@type\":\"ImageObject\",\"inLanguage\":\"tr\",\"@id\":\"https:\\\/\\\/naturalpoland.com\\\/tr\\\/urunler\\\/gida-hammaddeleri\\\/enzimler\\\/firincilik-enzimleri\\\/proteaz-ec-3-4-21-112\\\/#primaryimage\",\"url\":\"https:\\\/\\\/naturalpoland.com\\\/wp-content\\\/uploads\\\/proteaza.jpg\",\"contentUrl\":\"https:\\\/\\\/naturalpoland.com\\\/wp-content\\\/uploads\\\/proteaza.jpg\",\"width\":650,\"height\":650,\"caption\":\"proteaz\"},{\"@type\":\"BreadcrumbList\",\"@id\":\"https:\\\/\\\/naturalpoland.com\\\/tr\\\/urunler\\\/gida-hammaddeleri\\\/enzimler\\\/firincilik-enzimleri\\\/proteaz-ec-3-4-21-112\\\/#breadcrumb\",\"itemListElement\":[{\"@type\":\"ListItem\",\"position\":1,\"name\":\"Ana Sayfa\",\"item\":\"https:\\\/\\\/naturalpoland.com\\\/tr\\\/\"},{\"@type\":\"ListItem\",\"position\":2,\"name\":\"\u00dcr\u00fcnler\",\"item\":\"https:\\\/\\\/naturalpoland.com\\\/tr\\\/urunler\\\/\"},{\"@type\":\"ListItem\",\"position\":3,\"name\":\"Proteaz EC 3.4.21.112\"}]},{\"@type\":\"WebSite\",\"@id\":\"https:\\\/\\\/naturalpoland.com\\\/tr\\\/#website\",\"url\":\"https:\\\/\\\/naturalpoland.com\\\/tr\\\/\",\"name\":\"NATURAL POLAND - Hurtowy Dystrybutor Surowc\u00f3w\",\"description\":\"Surowce dla przemys\u0142u spo\u017cywczego, kosmetycznego i farmaceutycznego\",\"publisher\":{\"@id\":\"https:\\\/\\\/naturalpoland.com\\\/tr\\\/#organization\"},\"potentialAction\":[{\"@type\":\"SearchAction\",\"target\":{\"@type\":\"EntryPoint\",\"urlTemplate\":\"https:\\\/\\\/naturalpoland.com\\\/tr\\\/?s={search_term_string}\"},\"query-input\":{\"@type\":\"PropertyValueSpecification\",\"valueRequired\":true,\"valueName\":\"search_term_string\"}}],\"inLanguage\":\"tr\"},{\"@type\":\"Organization\",\"@id\":\"https:\\\/\\\/naturalpoland.com\\\/tr\\\/#organization\",\"name\":\"Natural Poland\",\"url\":\"https:\\\/\\\/naturalpoland.com\\\/tr\\\/\",\"logo\":{\"@type\":\"ImageObject\",\"inLanguage\":\"tr\",\"@id\":\"https:\\\/\\\/naturalpoland.com\\\/tr\\\/#\\\/schema\\\/logo\\\/image\\\/\",\"url\":\"https:\\\/\\\/naturalpoland.com\\\/wp-content\\\/uploads\\\/2021\\\/05\\\/natural-poland-icon.png\",\"contentUrl\":\"https:\\\/\\\/naturalpoland.com\\\/wp-content\\\/uploads\\\/2021\\\/05\\\/natural-poland-icon.png\",\"width\":512,\"height\":512,\"caption\":\"Natural Poland\"},\"image\":{\"@id\":\"https:\\\/\\\/naturalpoland.com\\\/tr\\\/#\\\/schema\\\/logo\\\/image\\\/\"},\"sameAs\":[\"https:\\\/\\\/www.facebook.com\\\/naturalpoland.b2b\",\"https:\\\/\\\/pl.linkedin.com\\\/company\\\/natural-poland\",\"https:\\\/\\\/www.youtube.com\\\/channel\\\/UCgeGGkvOMahZo-xu_MSEWxg\"]}]}<\/script>\n<!-- \/ Yoast SEO plugin. -->","yoast_head_json":{"title":"Proteaz EC 3.4.21.112 - Hurtowy Dystrybutor","description":"Proteazlar, hamur homojenli\u011fini sa\u011flamak ve ekmekteki gl\u00fcten i\u00e7eri\u011fini d\u00fczenlemek i\u00e7in kullan\u0131lan f\u0131r\u0131nc\u0131l\u0131k enzimlerdir.","robots":{"index":"index","follow":"follow","max-snippet":"max-snippet:-1","max-image-preview":"max-image-preview:large","max-video-preview":"max-video-preview:-1"},"canonical":"https:\/\/naturalpoland.com\/tr\/urunler\/gida-hammaddeleri\/enzimler\/firincilik-enzimleri\/proteaz-ec-3-4-21-112\/","og_locale":"tr_TR","og_type":"article","og_title":"Proteaz EC 3.4.21.112 - Hurtowy Dystrybutor","og_description":"Proteazlar, hamur homojenli\u011fini sa\u011flamak ve ekmekteki gl\u00fcten i\u00e7eri\u011fini d\u00fczenlemek i\u00e7in kullan\u0131lan f\u0131r\u0131nc\u0131l\u0131k enzimlerdir.","og_url":"https:\/\/naturalpoland.com\/tr\/urunler\/gida-hammaddeleri\/enzimler\/firincilik-enzimleri\/proteaz-ec-3-4-21-112\/","og_site_name":"NATURAL POLAND - Hurtowy Dystrybutor Surowc\u00f3w","article_publisher":"https:\/\/www.facebook.com\/naturalpoland.b2b","article_modified_time":"2026-02-04T12:25:10+00:00","og_image":[{"width":650,"height":650,"url":"https:\/\/naturalpoland.com\/wp-content\/uploads\/proteaza.jpg","type":"image\/jpeg"}],"schema":{"@context":"https:\/\/schema.org","@graph":[{"@type":"WebPage","@id":"https:\/\/naturalpoland.com\/tr\/urunler\/gida-hammaddeleri\/enzimler\/firincilik-enzimleri\/proteaz-ec-3-4-21-112\/","url":"https:\/\/naturalpoland.com\/tr\/urunler\/gida-hammaddeleri\/enzimler\/firincilik-enzimleri\/proteaz-ec-3-4-21-112\/","name":"Proteaz EC 3.4.21.112 - Hurtowy Dystrybutor","isPartOf":{"@id":"https:\/\/naturalpoland.com\/tr\/#website"},"primaryImageOfPage":{"@id":"https:\/\/naturalpoland.com\/tr\/urunler\/gida-hammaddeleri\/enzimler\/firincilik-enzimleri\/proteaz-ec-3-4-21-112\/#primaryimage"},"image":{"@id":"https:\/\/naturalpoland.com\/tr\/urunler\/gida-hammaddeleri\/enzimler\/firincilik-enzimleri\/proteaz-ec-3-4-21-112\/#primaryimage"},"thumbnailUrl":"https:\/\/naturalpoland.com\/wp-content\/uploads\/proteaza.jpg","datePublished":"2023-10-18T14:17:55+00:00","dateModified":"2026-02-04T12:25:10+00:00","description":"Proteazlar, hamur homojenli\u011fini sa\u011flamak ve ekmekteki gl\u00fcten i\u00e7eri\u011fini d\u00fczenlemek i\u00e7in kullan\u0131lan f\u0131r\u0131nc\u0131l\u0131k enzimlerdir.","breadcrumb":{"@id":"https:\/\/naturalpoland.com\/tr\/urunler\/gida-hammaddeleri\/enzimler\/firincilik-enzimleri\/proteaz-ec-3-4-21-112\/#breadcrumb"},"inLanguage":"tr","potentialAction":[{"@type":"ReadAction","target":["https:\/\/naturalpoland.com\/tr\/urunler\/gida-hammaddeleri\/enzimler\/firincilik-enzimleri\/proteaz-ec-3-4-21-112\/"]}]},{"@type":"ImageObject","inLanguage":"tr","@id":"https:\/\/naturalpoland.com\/tr\/urunler\/gida-hammaddeleri\/enzimler\/firincilik-enzimleri\/proteaz-ec-3-4-21-112\/#primaryimage","url":"https:\/\/naturalpoland.com\/wp-content\/uploads\/proteaza.jpg","contentUrl":"https:\/\/naturalpoland.com\/wp-content\/uploads\/proteaza.jpg","width":650,"height":650,"caption":"proteaz"},{"@type":"BreadcrumbList","@id":"https:\/\/naturalpoland.com\/tr\/urunler\/gida-hammaddeleri\/enzimler\/firincilik-enzimleri\/proteaz-ec-3-4-21-112\/#breadcrumb","itemListElement":[{"@type":"ListItem","position":1,"name":"Ana Sayfa","item":"https:\/\/naturalpoland.com\/tr\/"},{"@type":"ListItem","position":2,"name":"\u00dcr\u00fcnler","item":"https:\/\/naturalpoland.com\/tr\/urunler\/"},{"@type":"ListItem","position":3,"name":"Proteaz EC 3.4.21.112"}]},{"@type":"WebSite","@id":"https:\/\/naturalpoland.com\/tr\/#website","url":"https:\/\/naturalpoland.com\/tr\/","name":"NATURAL POLAND - Hurtowy Dystrybutor Surowc\u00f3w","description":"Surowce dla przemys\u0142u spo\u017cywczego, kosmetycznego i farmaceutycznego","publisher":{"@id":"https:\/\/naturalpoland.com\/tr\/#organization"},"potentialAction":[{"@type":"SearchAction","target":{"@type":"EntryPoint","urlTemplate":"https:\/\/naturalpoland.com\/tr\/?s={search_term_string}"},"query-input":{"@type":"PropertyValueSpecification","valueRequired":true,"valueName":"search_term_string"}}],"inLanguage":"tr"},{"@type":"Organization","@id":"https:\/\/naturalpoland.com\/tr\/#organization","name":"Natural Poland","url":"https:\/\/naturalpoland.com\/tr\/","logo":{"@type":"ImageObject","inLanguage":"tr","@id":"https:\/\/naturalpoland.com\/tr\/#\/schema\/logo\/image\/","url":"https:\/\/naturalpoland.com\/wp-content\/uploads\/2021\/05\/natural-poland-icon.png","contentUrl":"https:\/\/naturalpoland.com\/wp-content\/uploads\/2021\/05\/natural-poland-icon.png","width":512,"height":512,"caption":"Natural Poland"},"image":{"@id":"https:\/\/naturalpoland.com\/tr\/#\/schema\/logo\/image\/"},"sameAs":["https:\/\/www.facebook.com\/naturalpoland.b2b","https:\/\/pl.linkedin.com\/company\/natural-poland","https:\/\/www.youtube.com\/channel\/UCgeGGkvOMahZo-xu_MSEWxg"]}]}},"_links":{"self":[{"href":"https:\/\/naturalpoland.com\/tr\/wp-json\/wp\/v2\/product\/45538","targetHints":{"allow":["GET"]}}],"collection":[{"href":"https:\/\/naturalpoland.com\/tr\/wp-json\/wp\/v2\/product"}],"about":[{"href":"https:\/\/naturalpoland.com\/tr\/wp-json\/wp\/v2\/types\/product"}],"wp:featuredmedia":[{"embeddable":true,"href":"https:\/\/naturalpoland.com\/tr\/wp-json\/wp\/v2\/media\/45540"}],"wp:attachment":[{"href":"https:\/\/naturalpoland.com\/tr\/wp-json\/wp\/v2\/media?parent=45538"}],"wp:term":[{"taxonomy":"product_brand","embeddable":true,"href":"https:\/\/naturalpoland.com\/tr\/wp-json\/wp\/v2\/product_brand?post=45538"},{"taxonomy":"product_cat","embeddable":true,"href":"https:\/\/naturalpoland.com\/tr\/wp-json\/wp\/v2\/product_cat?post=45538"},{"taxonomy":"product_tag","embeddable":true,"href":"https:\/\/naturalpoland.com\/tr\/wp-json\/wp\/v2\/product_tag?post=45538"}],"curies":[{"name":"wp","href":"https:\/\/api.w.org\/{rel}","templated":true}]}}