{"id":45552,"date":"2023-10-19T10:56:37","date_gmt":"2023-10-19T08:56:37","guid":{"rendered":"https:\/\/naturalpoland.com\/produkty\/kategorilenmemis\/lipoksigenaz\/"},"modified":"2026-02-04T13:25:52","modified_gmt":"2026-02-04T12:25:52","slug":"lipoksigenaz","status":"publish","type":"product","link":"https:\/\/naturalpoland.com\/tr\/urunler\/gida-hammaddeleri\/enzimler\/firincilik-enzimleri\/lipoksigenaz\/","title":{"rendered":"Lipoksigenaz"},"content":{"rendered":"<p>Lipoksigenaz, doymam\u0131\u015f ya\u011f asitlerini, \u00f6zellikle linoleik asidi oksitleyici \u00f6zellikler g\u00f6steren bir enzimdir. Lipoksigenaz taraf\u0131ndan katalize edilen reaksiyonda lipid hidroperoksitler olu\u015fur. Bu enzim, lipid metabolizmas\u0131 ve bitkilerin savunma reaksiyonlar\u0131 dahil olmak \u00fczere bir\u00e7ok biyolojik s\u00fcre\u00e7te kilit rol oynar.  <\/p>\n<p>F\u0131r\u0131nc\u0131l\u0131k end\u00fcstrisinde lipoksigenaz, unun i\u00e7indeki doymam\u0131\u015f ya\u011f asitlerini oksitleme kabiliyeti nedeniyle hamur ve haz\u0131r f\u0131r\u0131n \u00fcr\u00fcnlerinin kalitesini etkileyerek kullan\u0131m alan\u0131 bulur.<\/p>\n","protected":false},"excerpt":{"rendered":"<p>Lipoksigenaz, renk, tekst\u00fcr ve ekmek tad\u0131 \u00fczerindeki etkisi sayesinde f\u0131r\u0131n \u00fcr\u00fcnlerinin kalitesini art\u0131ran bir f\u0131r\u0131nc\u0131l\u0131k enzimidir. Do\u011fru kullan\u0131m\u0131 f\u0131r\u0131nc\u0131l\u0131k \u00fcr\u00fcnlerinin \u00e7ekicili\u011fini \u00f6nemli \u00f6l\u00e7\u00fcde art\u0131rarak onlar\u0131 daha i\u015ftah a\u00e7\u0131c\u0131 ve uzun s\u00fcre taze hale getirebilir. <\/p>\n","protected":false},"featured_media":45554,"template":"","meta":{"_acf_changed":false},"product_brand":[],"product_cat":[9570],"product_tag":[],"class_list":{"0":"post-45552","1":"product","2":"type-product","3":"status-publish","4":"has-post-thumbnail","6":"product_cat-firincilik-enzimleri","8":"first","9":"instock","10":"shipping-taxable","11":"product-type-simple"},"acf":[],"yoast_head":"<!-- This site is optimized with the Yoast SEO plugin v27.5 - https:\/\/yoast.com\/product\/yoast-seo-wordpress\/ -->\n<title>Lipoksigenaz - Hurtowy Dystrybutor<\/title>\n<meta name=\"description\" content=\"Lipoksigenaz, renk, tekst\u00fcr ve ekmek tad\u0131 \u00fczerindeki etkisi sayesinde f\u0131r\u0131n \u00fcr\u00fcnlerinin kalitesini art\u0131ran bir f\u0131r\u0131nc\u0131l\u0131k enzimidir.\" \/>\n<meta name=\"robots\" content=\"index, follow, max-snippet:-1, max-image-preview:large, max-video-preview:-1\" \/>\n<link rel=\"canonical\" href=\"https:\/\/naturalpoland.com\/tr\/urunler\/gida-hammaddeleri\/enzimler\/firincilik-enzimleri\/lipoksigenaz\/\" \/>\n<meta property=\"og:locale\" content=\"tr_TR\" \/>\n<meta property=\"og:type\" content=\"article\" \/>\n<meta property=\"og:title\" content=\"Lipoksigenaz - Hurtowy Dystrybutor\" \/>\n<meta property=\"og:description\" content=\"Lipoksigenaz, renk, tekst\u00fcr ve ekmek tad\u0131 \u00fczerindeki etkisi sayesinde f\u0131r\u0131n \u00fcr\u00fcnlerinin kalitesini art\u0131ran bir f\u0131r\u0131nc\u0131l\u0131k enzimidir.\" \/>\n<meta property=\"og:url\" content=\"https:\/\/naturalpoland.com\/tr\/urunler\/gida-hammaddeleri\/enzimler\/firincilik-enzimleri\/lipoksigenaz\/\" \/>\n<meta property=\"og:site_name\" content=\"NATURAL POLAND - Hurtowy Dystrybutor Surowc\u00f3w\" \/>\n<meta property=\"article:publisher\" content=\"https:\/\/www.facebook.com\/naturalpoland.b2b\" \/>\n<meta property=\"article:modified_time\" content=\"2026-02-04T12:25:52+00:00\" \/>\n<meta property=\"og:image\" content=\"https:\/\/naturalpoland.com\/wp-content\/uploads\/lipooksygenaza.jpg\" \/>\n\t<meta property=\"og:image:width\" content=\"650\" \/>\n\t<meta property=\"og:image:height\" content=\"650\" \/>\n\t<meta property=\"og:image:type\" content=\"image\/jpeg\" \/>\n<script type=\"application\/ld+json\" class=\"yoast-schema-graph\">{\"@context\":\"https:\\\/\\\/schema.org\",\"@graph\":[{\"@type\":\"WebPage\",\"@id\":\"https:\\\/\\\/naturalpoland.com\\\/tr\\\/urunler\\\/gida-hammaddeleri\\\/enzimler\\\/firincilik-enzimleri\\\/lipoksigenaz\\\/\",\"url\":\"https:\\\/\\\/naturalpoland.com\\\/tr\\\/urunler\\\/gida-hammaddeleri\\\/enzimler\\\/firincilik-enzimleri\\\/lipoksigenaz\\\/\",\"name\":\"Lipoksigenaz - Hurtowy Dystrybutor\",\"isPartOf\":{\"@id\":\"https:\\\/\\\/naturalpoland.com\\\/tr\\\/#website\"},\"primaryImageOfPage\":{\"@id\":\"https:\\\/\\\/naturalpoland.com\\\/tr\\\/urunler\\\/gida-hammaddeleri\\\/enzimler\\\/firincilik-enzimleri\\\/lipoksigenaz\\\/#primaryimage\"},\"image\":{\"@id\":\"https:\\\/\\\/naturalpoland.com\\\/tr\\\/urunler\\\/gida-hammaddeleri\\\/enzimler\\\/firincilik-enzimleri\\\/lipoksigenaz\\\/#primaryimage\"},\"thumbnailUrl\":\"https:\\\/\\\/naturalpoland.com\\\/wp-content\\\/uploads\\\/lipooksygenaza.jpg\",\"datePublished\":\"2023-10-19T08:56:37+00:00\",\"dateModified\":\"2026-02-04T12:25:52+00:00\",\"description\":\"Lipoksigenaz, renk, tekst\u00fcr ve ekmek tad\u0131 \u00fczerindeki etkisi sayesinde f\u0131r\u0131n \u00fcr\u00fcnlerinin kalitesini art\u0131ran bir f\u0131r\u0131nc\u0131l\u0131k enzimidir.\",\"breadcrumb\":{\"@id\":\"https:\\\/\\\/naturalpoland.com\\\/tr\\\/urunler\\\/gida-hammaddeleri\\\/enzimler\\\/firincilik-enzimleri\\\/lipoksigenaz\\\/#breadcrumb\"},\"inLanguage\":\"tr\",\"potentialAction\":[{\"@type\":\"ReadAction\",\"target\":[\"https:\\\/\\\/naturalpoland.com\\\/tr\\\/urunler\\\/gida-hammaddeleri\\\/enzimler\\\/firincilik-enzimleri\\\/lipoksigenaz\\\/\"]}]},{\"@type\":\"ImageObject\",\"inLanguage\":\"tr\",\"@id\":\"https:\\\/\\\/naturalpoland.com\\\/tr\\\/urunler\\\/gida-hammaddeleri\\\/enzimler\\\/firincilik-enzimleri\\\/lipoksigenaz\\\/#primaryimage\",\"url\":\"https:\\\/\\\/naturalpoland.com\\\/wp-content\\\/uploads\\\/lipooksygenaza.jpg\",\"contentUrl\":\"https:\\\/\\\/naturalpoland.com\\\/wp-content\\\/uploads\\\/lipooksygenaza.jpg\",\"width\":650,\"height\":650,\"caption\":\"lipoksigenaz\"},{\"@type\":\"BreadcrumbList\",\"@id\":\"https:\\\/\\\/naturalpoland.com\\\/tr\\\/urunler\\\/gida-hammaddeleri\\\/enzimler\\\/firincilik-enzimleri\\\/lipoksigenaz\\\/#breadcrumb\",\"itemListElement\":[{\"@type\":\"ListItem\",\"position\":1,\"name\":\"Ana Sayfa\",\"item\":\"https:\\\/\\\/naturalpoland.com\\\/tr\\\/\"},{\"@type\":\"ListItem\",\"position\":2,\"name\":\"\u00dcr\u00fcnler\",\"item\":\"https:\\\/\\\/naturalpoland.com\\\/tr\\\/urunler\\\/\"},{\"@type\":\"ListItem\",\"position\":3,\"name\":\"Lipoksigenaz\"}]},{\"@type\":\"WebSite\",\"@id\":\"https:\\\/\\\/naturalpoland.com\\\/tr\\\/#website\",\"url\":\"https:\\\/\\\/naturalpoland.com\\\/tr\\\/\",\"name\":\"NATURAL POLAND - Hurtowy Dystrybutor Surowc\u00f3w\",\"description\":\"Surowce dla przemys\u0142u spo\u017cywczego, kosmetycznego i farmaceutycznego\",\"publisher\":{\"@id\":\"https:\\\/\\\/naturalpoland.com\\\/tr\\\/#organization\"},\"potentialAction\":[{\"@type\":\"SearchAction\",\"target\":{\"@type\":\"EntryPoint\",\"urlTemplate\":\"https:\\\/\\\/naturalpoland.com\\\/tr\\\/?s={search_term_string}\"},\"query-input\":{\"@type\":\"PropertyValueSpecification\",\"valueRequired\":true,\"valueName\":\"search_term_string\"}}],\"inLanguage\":\"tr\"},{\"@type\":\"Organization\",\"@id\":\"https:\\\/\\\/naturalpoland.com\\\/tr\\\/#organization\",\"name\":\"Natural Poland\",\"url\":\"https:\\\/\\\/naturalpoland.com\\\/tr\\\/\",\"logo\":{\"@type\":\"ImageObject\",\"inLanguage\":\"tr\",\"@id\":\"https:\\\/\\\/naturalpoland.com\\\/tr\\\/#\\\/schema\\\/logo\\\/image\\\/\",\"url\":\"https:\\\/\\\/naturalpoland.com\\\/wp-content\\\/uploads\\\/2021\\\/05\\\/natural-poland-icon.png\",\"contentUrl\":\"https:\\\/\\\/naturalpoland.com\\\/wp-content\\\/uploads\\\/2021\\\/05\\\/natural-poland-icon.png\",\"width\":512,\"height\":512,\"caption\":\"Natural Poland\"},\"image\":{\"@id\":\"https:\\\/\\\/naturalpoland.com\\\/tr\\\/#\\\/schema\\\/logo\\\/image\\\/\"},\"sameAs\":[\"https:\\\/\\\/www.facebook.com\\\/naturalpoland.b2b\",\"https:\\\/\\\/pl.linkedin.com\\\/company\\\/natural-poland\",\"https:\\\/\\\/www.youtube.com\\\/channel\\\/UCgeGGkvOMahZo-xu_MSEWxg\"]}]}<\/script>\n<!-- \/ Yoast SEO plugin. -->","yoast_head_json":{"title":"Lipoksigenaz - Hurtowy Dystrybutor","description":"Lipoksigenaz, renk, tekst\u00fcr ve ekmek tad\u0131 \u00fczerindeki etkisi sayesinde f\u0131r\u0131n \u00fcr\u00fcnlerinin kalitesini art\u0131ran bir f\u0131r\u0131nc\u0131l\u0131k enzimidir.","robots":{"index":"index","follow":"follow","max-snippet":"max-snippet:-1","max-image-preview":"max-image-preview:large","max-video-preview":"max-video-preview:-1"},"canonical":"https:\/\/naturalpoland.com\/tr\/urunler\/gida-hammaddeleri\/enzimler\/firincilik-enzimleri\/lipoksigenaz\/","og_locale":"tr_TR","og_type":"article","og_title":"Lipoksigenaz - Hurtowy Dystrybutor","og_description":"Lipoksigenaz, renk, tekst\u00fcr ve ekmek tad\u0131 \u00fczerindeki etkisi sayesinde f\u0131r\u0131n \u00fcr\u00fcnlerinin kalitesini art\u0131ran bir f\u0131r\u0131nc\u0131l\u0131k enzimidir.","og_url":"https:\/\/naturalpoland.com\/tr\/urunler\/gida-hammaddeleri\/enzimler\/firincilik-enzimleri\/lipoksigenaz\/","og_site_name":"NATURAL POLAND - Hurtowy Dystrybutor Surowc\u00f3w","article_publisher":"https:\/\/www.facebook.com\/naturalpoland.b2b","article_modified_time":"2026-02-04T12:25:52+00:00","og_image":[{"width":650,"height":650,"url":"https:\/\/naturalpoland.com\/wp-content\/uploads\/lipooksygenaza.jpg","type":"image\/jpeg"}],"schema":{"@context":"https:\/\/schema.org","@graph":[{"@type":"WebPage","@id":"https:\/\/naturalpoland.com\/tr\/urunler\/gida-hammaddeleri\/enzimler\/firincilik-enzimleri\/lipoksigenaz\/","url":"https:\/\/naturalpoland.com\/tr\/urunler\/gida-hammaddeleri\/enzimler\/firincilik-enzimleri\/lipoksigenaz\/","name":"Lipoksigenaz - Hurtowy Dystrybutor","isPartOf":{"@id":"https:\/\/naturalpoland.com\/tr\/#website"},"primaryImageOfPage":{"@id":"https:\/\/naturalpoland.com\/tr\/urunler\/gida-hammaddeleri\/enzimler\/firincilik-enzimleri\/lipoksigenaz\/#primaryimage"},"image":{"@id":"https:\/\/naturalpoland.com\/tr\/urunler\/gida-hammaddeleri\/enzimler\/firincilik-enzimleri\/lipoksigenaz\/#primaryimage"},"thumbnailUrl":"https:\/\/naturalpoland.com\/wp-content\/uploads\/lipooksygenaza.jpg","datePublished":"2023-10-19T08:56:37+00:00","dateModified":"2026-02-04T12:25:52+00:00","description":"Lipoksigenaz, renk, tekst\u00fcr ve ekmek tad\u0131 \u00fczerindeki etkisi sayesinde f\u0131r\u0131n \u00fcr\u00fcnlerinin kalitesini art\u0131ran bir f\u0131r\u0131nc\u0131l\u0131k enzimidir.","breadcrumb":{"@id":"https:\/\/naturalpoland.com\/tr\/urunler\/gida-hammaddeleri\/enzimler\/firincilik-enzimleri\/lipoksigenaz\/#breadcrumb"},"inLanguage":"tr","potentialAction":[{"@type":"ReadAction","target":["https:\/\/naturalpoland.com\/tr\/urunler\/gida-hammaddeleri\/enzimler\/firincilik-enzimleri\/lipoksigenaz\/"]}]},{"@type":"ImageObject","inLanguage":"tr","@id":"https:\/\/naturalpoland.com\/tr\/urunler\/gida-hammaddeleri\/enzimler\/firincilik-enzimleri\/lipoksigenaz\/#primaryimage","url":"https:\/\/naturalpoland.com\/wp-content\/uploads\/lipooksygenaza.jpg","contentUrl":"https:\/\/naturalpoland.com\/wp-content\/uploads\/lipooksygenaza.jpg","width":650,"height":650,"caption":"lipoksigenaz"},{"@type":"BreadcrumbList","@id":"https:\/\/naturalpoland.com\/tr\/urunler\/gida-hammaddeleri\/enzimler\/firincilik-enzimleri\/lipoksigenaz\/#breadcrumb","itemListElement":[{"@type":"ListItem","position":1,"name":"Ana Sayfa","item":"https:\/\/naturalpoland.com\/tr\/"},{"@type":"ListItem","position":2,"name":"\u00dcr\u00fcnler","item":"https:\/\/naturalpoland.com\/tr\/urunler\/"},{"@type":"ListItem","position":3,"name":"Lipoksigenaz"}]},{"@type":"WebSite","@id":"https:\/\/naturalpoland.com\/tr\/#website","url":"https:\/\/naturalpoland.com\/tr\/","name":"NATURAL POLAND - Hurtowy Dystrybutor Surowc\u00f3w","description":"Surowce dla przemys\u0142u spo\u017cywczego, kosmetycznego i farmaceutycznego","publisher":{"@id":"https:\/\/naturalpoland.com\/tr\/#organization"},"potentialAction":[{"@type":"SearchAction","target":{"@type":"EntryPoint","urlTemplate":"https:\/\/naturalpoland.com\/tr\/?s={search_term_string}"},"query-input":{"@type":"PropertyValueSpecification","valueRequired":true,"valueName":"search_term_string"}}],"inLanguage":"tr"},{"@type":"Organization","@id":"https:\/\/naturalpoland.com\/tr\/#organization","name":"Natural Poland","url":"https:\/\/naturalpoland.com\/tr\/","logo":{"@type":"ImageObject","inLanguage":"tr","@id":"https:\/\/naturalpoland.com\/tr\/#\/schema\/logo\/image\/","url":"https:\/\/naturalpoland.com\/wp-content\/uploads\/2021\/05\/natural-poland-icon.png","contentUrl":"https:\/\/naturalpoland.com\/wp-content\/uploads\/2021\/05\/natural-poland-icon.png","width":512,"height":512,"caption":"Natural Poland"},"image":{"@id":"https:\/\/naturalpoland.com\/tr\/#\/schema\/logo\/image\/"},"sameAs":["https:\/\/www.facebook.com\/naturalpoland.b2b","https:\/\/pl.linkedin.com\/company\/natural-poland","https:\/\/www.youtube.com\/channel\/UCgeGGkvOMahZo-xu_MSEWxg"]}]}},"_links":{"self":[{"href":"https:\/\/naturalpoland.com\/tr\/wp-json\/wp\/v2\/product\/45552","targetHints":{"allow":["GET"]}}],"collection":[{"href":"https:\/\/naturalpoland.com\/tr\/wp-json\/wp\/v2\/product"}],"about":[{"href":"https:\/\/naturalpoland.com\/tr\/wp-json\/wp\/v2\/types\/product"}],"wp:featuredmedia":[{"embeddable":true,"href":"https:\/\/naturalpoland.com\/tr\/wp-json\/wp\/v2\/media\/45554"}],"wp:attachment":[{"href":"https:\/\/naturalpoland.com\/tr\/wp-json\/wp\/v2\/media?parent=45552"}],"wp:term":[{"taxonomy":"product_brand","embeddable":true,"href":"https:\/\/naturalpoland.com\/tr\/wp-json\/wp\/v2\/product_brand?post=45552"},{"taxonomy":"product_cat","embeddable":true,"href":"https:\/\/naturalpoland.com\/tr\/wp-json\/wp\/v2\/product_cat?post=45552"},{"taxonomy":"product_tag","embeddable":true,"href":"https:\/\/naturalpoland.com\/tr\/wp-json\/wp\/v2\/product_tag?post=45552"}],"curies":[{"name":"wp","href":"https:\/\/api.w.org\/{rel}","templated":true}]}}