{"id":45565,"date":"2023-10-19T11:07:09","date_gmt":"2023-10-19T09:07:09","guid":{"rendered":"https:\/\/naturalpoland.com\/produkty\/kategorilenmemis\/transglutaminaz\/"},"modified":"2026-02-04T13:26:19","modified_gmt":"2026-02-04T12:26:19","slug":"transglutaminaz","status":"publish","type":"product","link":"https:\/\/naturalpoland.com\/tr\/urunler\/gida-hammaddeleri\/enzimler\/firincilik-enzimleri\/transglutaminaz\/","title":{"rendered":"Transglutaminaz"},"content":{"rendered":"<p>Transglutaminaz, <strong>proteinler aras\u0131nda \u00e7apraz ba\u011flar\u0131n olu\u015fumunu katalize eden<\/strong> ve kararl\u0131 protein a\u011flar\u0131n\u0131n meydana gelmesini sa\u011flayan bir enzimdir. \u0130nsan v\u00fccudu dahil bir\u00e7ok organizmada do\u011fal olarak bulunan bir maddedir ve kan p\u0131ht\u0131la\u015fmas\u0131 s\u00fcre\u00e7lerinde rol al\u0131r. <strong>Lizin ve glutamin ba\u011flar\u0131n\u0131 \u00e7aprazlama yetene\u011fine<\/strong> sahiptir (glutamin ve lizin aras\u0131nda kovalent \u00e7apraz ba\u011flar olu\u015fturur).  <\/p>\n<h3><strong>F\u0131r\u0131nc\u0131l\u0131kta transglutaminaz:<\/strong><\/h3>\n<p>Transglutaminaz, f\u0131r\u0131nc\u0131l\u0131k \u00fcr\u00fcnlerinin yap\u0131s\u0131n\u0131 ve kalitesini iyile\u015ftirme yetene\u011fi sayesinde f\u0131r\u0131nc\u0131l\u0131k end\u00fcstrisinde geni\u015f uygulama alan\u0131 bulmu\u015ftur.<\/p>\n<ol>\n<li><strong>Ekmek dokusunun iyile\u015ftirilmesi:<\/strong> Transglutaminaz hamurda daha g\u00fc\u00e7l\u00fc protein a\u011flar\u0131 olu\u015fturulmas\u0131n\u0131 sa\u011flar, bu da daha iyi doku ve daha b\u00fcy\u00fck ekmek hacmine yol a\u00e7ar.<\/li>\n<li><strong>Hamur elastikiyetinin art\u0131r\u0131lmas\u0131:<\/strong> Bu enzim hamuru daha elastik hale getirebilir, i\u015flenmesini ve \u015fekillendirilmesini kolayla\u015ft\u0131r\u0131r.<\/li>\n<li><strong>Bile\u015fenlerin optimizasyonu:<\/strong> Re\u00e7etelerde daha fazla su kullan\u0131m\u0131na olanak tan\u0131r, bu da \u00fcretim maliyetlerinin azalt\u0131lmas\u0131na yol a\u00e7abilir.<\/li>\n<li><strong>Unlu mamullerin dayan\u0131kl\u0131l\u0131\u011f\u0131n\u0131n uzat\u0131lmas\u0131:<\/strong> G\u00fc\u00e7l\u00fc protein ba\u011flar\u0131 sayesinde unlu mamuller tazeliklerini daha uzun s\u00fcre korur ve kurumaya kar\u015f\u0131 daha dayan\u0131kl\u0131 olur.<\/li>\n<li><strong>Lezzet de\u011ferlerinin iyile\u015ftirilmesi:<\/strong> Ekme\u011fin daha iyi k\u0131vam\u0131, tad\u0131n\u0131 ve aromas\u0131n\u0131 etkileyerek \u00fcr\u00fcn\u00fc t\u00fcketici i\u00e7in daha \u00e7ekici hale getirebilir.<\/li>\n<\/ol>\n","protected":false},"excerpt":{"rendered":"<p>Transglutaminaz, kararl\u0131 protein a\u011flar\u0131 olu\u015fturarak unlu mamullerin kalitesini, dokusunu ve dayan\u0131kl\u0131l\u0131\u011f\u0131n\u0131 \u00f6nemli \u00f6l\u00e7\u00fcde art\u0131ran de\u011ferli bir f\u0131r\u0131nc\u0131l\u0131k enzimidir. Do\u011fru kullan\u0131m\u0131 m\u00fckemmel k\u0131vam, lezzet ve daha uzun tazelik s\u00fcresine sahip ekmek \u00fcretimine katk\u0131da bulunabilir. <\/p>\n","protected":false},"featured_media":45567,"template":"","meta":{"_acf_changed":false},"product_brand":[],"product_cat":[9570],"product_tag":[],"class_list":{"0":"post-45565","1":"product","2":"type-product","3":"status-publish","4":"has-post-thumbnail","6":"product_cat-firincilik-enzimleri","8":"first","9":"instock","10":"shipping-taxable","11":"product-type-simple"},"acf":[],"yoast_head":"<!-- This site is optimized with the Yoast SEO plugin v27.5 - https:\/\/yoast.com\/product\/yoast-seo-wordpress\/ -->\n<title>Transglutaminaz - Hurtowy Dystrybutor<\/title>\n<meta name=\"description\" content=\"Transglutaminaz, kararl\u0131 protein a\u011flar\u0131 olu\u015fturarak unlu mamullerin kalitesini, dokusunu ve dayan\u0131kl\u0131l\u0131\u011f\u0131n\u0131 \u00f6nemli \u00f6l\u00e7\u00fcde art\u0131ran bir f\u0131r\u0131nc\u0131l\u0131k enzimidir.\" \/>\n<meta name=\"robots\" content=\"index, follow, max-snippet:-1, max-image-preview:large, max-video-preview:-1\" \/>\n<link rel=\"canonical\" href=\"https:\/\/naturalpoland.com\/tr\/urunler\/gida-hammaddeleri\/enzimler\/firincilik-enzimleri\/transglutaminaz\/\" \/>\n<meta property=\"og:locale\" content=\"tr_TR\" \/>\n<meta property=\"og:type\" content=\"article\" \/>\n<meta property=\"og:title\" content=\"Transglutaminaz - Hurtowy Dystrybutor\" \/>\n<meta property=\"og:description\" content=\"Transglutaminaz, kararl\u0131 protein a\u011flar\u0131 olu\u015fturarak unlu mamullerin kalitesini, dokusunu ve dayan\u0131kl\u0131l\u0131\u011f\u0131n\u0131 \u00f6nemli \u00f6l\u00e7\u00fcde art\u0131ran bir f\u0131r\u0131nc\u0131l\u0131k enzimidir.\" \/>\n<meta property=\"og:url\" content=\"https:\/\/naturalpoland.com\/tr\/urunler\/gida-hammaddeleri\/enzimler\/firincilik-enzimleri\/transglutaminaz\/\" \/>\n<meta property=\"og:site_name\" content=\"NATURAL POLAND - Hurtowy Dystrybutor Surowc\u00f3w\" \/>\n<meta property=\"article:publisher\" content=\"https:\/\/www.facebook.com\/naturalpoland.b2b\" \/>\n<meta property=\"article:modified_time\" content=\"2026-02-04T12:26:19+00:00\" \/>\n<meta property=\"og:image\" content=\"https:\/\/naturalpoland.com\/wp-content\/uploads\/transglutaminaza.jpg\" \/>\n\t<meta property=\"og:image:width\" content=\"650\" \/>\n\t<meta property=\"og:image:height\" content=\"650\" \/>\n\t<meta property=\"og:image:type\" content=\"image\/jpeg\" \/>\n<script type=\"application\/ld+json\" class=\"yoast-schema-graph\">{\"@context\":\"https:\\\/\\\/schema.org\",\"@graph\":[{\"@type\":\"WebPage\",\"@id\":\"https:\\\/\\\/naturalpoland.com\\\/tr\\\/urunler\\\/gida-hammaddeleri\\\/enzimler\\\/firincilik-enzimleri\\\/transglutaminaz\\\/\",\"url\":\"https:\\\/\\\/naturalpoland.com\\\/tr\\\/urunler\\\/gida-hammaddeleri\\\/enzimler\\\/firincilik-enzimleri\\\/transglutaminaz\\\/\",\"name\":\"Transglutaminaz - Hurtowy Dystrybutor\",\"isPartOf\":{\"@id\":\"https:\\\/\\\/naturalpoland.com\\\/tr\\\/#website\"},\"primaryImageOfPage\":{\"@id\":\"https:\\\/\\\/naturalpoland.com\\\/tr\\\/urunler\\\/gida-hammaddeleri\\\/enzimler\\\/firincilik-enzimleri\\\/transglutaminaz\\\/#primaryimage\"},\"image\":{\"@id\":\"https:\\\/\\\/naturalpoland.com\\\/tr\\\/urunler\\\/gida-hammaddeleri\\\/enzimler\\\/firincilik-enzimleri\\\/transglutaminaz\\\/#primaryimage\"},\"thumbnailUrl\":\"https:\\\/\\\/naturalpoland.com\\\/wp-content\\\/uploads\\\/transglutaminaza.jpg\",\"datePublished\":\"2023-10-19T09:07:09+00:00\",\"dateModified\":\"2026-02-04T12:26:19+00:00\",\"description\":\"Transglutaminaz, kararl\u0131 protein a\u011flar\u0131 olu\u015fturarak unlu mamullerin kalitesini, dokusunu ve dayan\u0131kl\u0131l\u0131\u011f\u0131n\u0131 \u00f6nemli \u00f6l\u00e7\u00fcde art\u0131ran bir f\u0131r\u0131nc\u0131l\u0131k enzimidir.\",\"breadcrumb\":{\"@id\":\"https:\\\/\\\/naturalpoland.com\\\/tr\\\/urunler\\\/gida-hammaddeleri\\\/enzimler\\\/firincilik-enzimleri\\\/transglutaminaz\\\/#breadcrumb\"},\"inLanguage\":\"tr\",\"potentialAction\":[{\"@type\":\"ReadAction\",\"target\":[\"https:\\\/\\\/naturalpoland.com\\\/tr\\\/urunler\\\/gida-hammaddeleri\\\/enzimler\\\/firincilik-enzimleri\\\/transglutaminaz\\\/\"]}]},{\"@type\":\"ImageObject\",\"inLanguage\":\"tr\",\"@id\":\"https:\\\/\\\/naturalpoland.com\\\/tr\\\/urunler\\\/gida-hammaddeleri\\\/enzimler\\\/firincilik-enzimleri\\\/transglutaminaz\\\/#primaryimage\",\"url\":\"https:\\\/\\\/naturalpoland.com\\\/wp-content\\\/uploads\\\/transglutaminaza.jpg\",\"contentUrl\":\"https:\\\/\\\/naturalpoland.com\\\/wp-content\\\/uploads\\\/transglutaminaza.jpg\",\"width\":650,\"height\":650,\"caption\":\"transglutaminaz\"},{\"@type\":\"BreadcrumbList\",\"@id\":\"https:\\\/\\\/naturalpoland.com\\\/tr\\\/urunler\\\/gida-hammaddeleri\\\/enzimler\\\/firincilik-enzimleri\\\/transglutaminaz\\\/#breadcrumb\",\"itemListElement\":[{\"@type\":\"ListItem\",\"position\":1,\"name\":\"Ana Sayfa\",\"item\":\"https:\\\/\\\/naturalpoland.com\\\/tr\\\/\"},{\"@type\":\"ListItem\",\"position\":2,\"name\":\"\u00dcr\u00fcnler\",\"item\":\"https:\\\/\\\/naturalpoland.com\\\/tr\\\/urunler\\\/\"},{\"@type\":\"ListItem\",\"position\":3,\"name\":\"Transglutaminaz\"}]},{\"@type\":\"WebSite\",\"@id\":\"https:\\\/\\\/naturalpoland.com\\\/tr\\\/#website\",\"url\":\"https:\\\/\\\/naturalpoland.com\\\/tr\\\/\",\"name\":\"NATURAL POLAND - Hurtowy Dystrybutor Surowc\u00f3w\",\"description\":\"Surowce dla przemys\u0142u spo\u017cywczego, kosmetycznego i farmaceutycznego\",\"publisher\":{\"@id\":\"https:\\\/\\\/naturalpoland.com\\\/tr\\\/#organization\"},\"potentialAction\":[{\"@type\":\"SearchAction\",\"target\":{\"@type\":\"EntryPoint\",\"urlTemplate\":\"https:\\\/\\\/naturalpoland.com\\\/tr\\\/?s={search_term_string}\"},\"query-input\":{\"@type\":\"PropertyValueSpecification\",\"valueRequired\":true,\"valueName\":\"search_term_string\"}}],\"inLanguage\":\"tr\"},{\"@type\":\"Organization\",\"@id\":\"https:\\\/\\\/naturalpoland.com\\\/tr\\\/#organization\",\"name\":\"Natural Poland\",\"url\":\"https:\\\/\\\/naturalpoland.com\\\/tr\\\/\",\"logo\":{\"@type\":\"ImageObject\",\"inLanguage\":\"tr\",\"@id\":\"https:\\\/\\\/naturalpoland.com\\\/tr\\\/#\\\/schema\\\/logo\\\/image\\\/\",\"url\":\"https:\\\/\\\/naturalpoland.com\\\/wp-content\\\/uploads\\\/2021\\\/05\\\/natural-poland-icon.png\",\"contentUrl\":\"https:\\\/\\\/naturalpoland.com\\\/wp-content\\\/uploads\\\/2021\\\/05\\\/natural-poland-icon.png\",\"width\":512,\"height\":512,\"caption\":\"Natural Poland\"},\"image\":{\"@id\":\"https:\\\/\\\/naturalpoland.com\\\/tr\\\/#\\\/schema\\\/logo\\\/image\\\/\"},\"sameAs\":[\"https:\\\/\\\/www.facebook.com\\\/naturalpoland.b2b\",\"https:\\\/\\\/pl.linkedin.com\\\/company\\\/natural-poland\",\"https:\\\/\\\/www.youtube.com\\\/channel\\\/UCgeGGkvOMahZo-xu_MSEWxg\"]}]}<\/script>\n<!-- \/ Yoast SEO plugin. -->","yoast_head_json":{"title":"Transglutaminaz - Hurtowy Dystrybutor","description":"Transglutaminaz, kararl\u0131 protein a\u011flar\u0131 olu\u015fturarak unlu mamullerin kalitesini, dokusunu ve dayan\u0131kl\u0131l\u0131\u011f\u0131n\u0131 \u00f6nemli \u00f6l\u00e7\u00fcde art\u0131ran bir f\u0131r\u0131nc\u0131l\u0131k enzimidir.","robots":{"index":"index","follow":"follow","max-snippet":"max-snippet:-1","max-image-preview":"max-image-preview:large","max-video-preview":"max-video-preview:-1"},"canonical":"https:\/\/naturalpoland.com\/tr\/urunler\/gida-hammaddeleri\/enzimler\/firincilik-enzimleri\/transglutaminaz\/","og_locale":"tr_TR","og_type":"article","og_title":"Transglutaminaz - Hurtowy Dystrybutor","og_description":"Transglutaminaz, kararl\u0131 protein a\u011flar\u0131 olu\u015fturarak unlu mamullerin kalitesini, dokusunu ve dayan\u0131kl\u0131l\u0131\u011f\u0131n\u0131 \u00f6nemli \u00f6l\u00e7\u00fcde art\u0131ran bir f\u0131r\u0131nc\u0131l\u0131k enzimidir.","og_url":"https:\/\/naturalpoland.com\/tr\/urunler\/gida-hammaddeleri\/enzimler\/firincilik-enzimleri\/transglutaminaz\/","og_site_name":"NATURAL POLAND - Hurtowy Dystrybutor Surowc\u00f3w","article_publisher":"https:\/\/www.facebook.com\/naturalpoland.b2b","article_modified_time":"2026-02-04T12:26:19+00:00","og_image":[{"width":650,"height":650,"url":"https:\/\/naturalpoland.com\/wp-content\/uploads\/transglutaminaza.jpg","type":"image\/jpeg"}],"schema":{"@context":"https:\/\/schema.org","@graph":[{"@type":"WebPage","@id":"https:\/\/naturalpoland.com\/tr\/urunler\/gida-hammaddeleri\/enzimler\/firincilik-enzimleri\/transglutaminaz\/","url":"https:\/\/naturalpoland.com\/tr\/urunler\/gida-hammaddeleri\/enzimler\/firincilik-enzimleri\/transglutaminaz\/","name":"Transglutaminaz - Hurtowy Dystrybutor","isPartOf":{"@id":"https:\/\/naturalpoland.com\/tr\/#website"},"primaryImageOfPage":{"@id":"https:\/\/naturalpoland.com\/tr\/urunler\/gida-hammaddeleri\/enzimler\/firincilik-enzimleri\/transglutaminaz\/#primaryimage"},"image":{"@id":"https:\/\/naturalpoland.com\/tr\/urunler\/gida-hammaddeleri\/enzimler\/firincilik-enzimleri\/transglutaminaz\/#primaryimage"},"thumbnailUrl":"https:\/\/naturalpoland.com\/wp-content\/uploads\/transglutaminaza.jpg","datePublished":"2023-10-19T09:07:09+00:00","dateModified":"2026-02-04T12:26:19+00:00","description":"Transglutaminaz, kararl\u0131 protein a\u011flar\u0131 olu\u015fturarak unlu mamullerin kalitesini, dokusunu ve dayan\u0131kl\u0131l\u0131\u011f\u0131n\u0131 \u00f6nemli \u00f6l\u00e7\u00fcde art\u0131ran bir f\u0131r\u0131nc\u0131l\u0131k enzimidir.","breadcrumb":{"@id":"https:\/\/naturalpoland.com\/tr\/urunler\/gida-hammaddeleri\/enzimler\/firincilik-enzimleri\/transglutaminaz\/#breadcrumb"},"inLanguage":"tr","potentialAction":[{"@type":"ReadAction","target":["https:\/\/naturalpoland.com\/tr\/urunler\/gida-hammaddeleri\/enzimler\/firincilik-enzimleri\/transglutaminaz\/"]}]},{"@type":"ImageObject","inLanguage":"tr","@id":"https:\/\/naturalpoland.com\/tr\/urunler\/gida-hammaddeleri\/enzimler\/firincilik-enzimleri\/transglutaminaz\/#primaryimage","url":"https:\/\/naturalpoland.com\/wp-content\/uploads\/transglutaminaza.jpg","contentUrl":"https:\/\/naturalpoland.com\/wp-content\/uploads\/transglutaminaza.jpg","width":650,"height":650,"caption":"transglutaminaz"},{"@type":"BreadcrumbList","@id":"https:\/\/naturalpoland.com\/tr\/urunler\/gida-hammaddeleri\/enzimler\/firincilik-enzimleri\/transglutaminaz\/#breadcrumb","itemListElement":[{"@type":"ListItem","position":1,"name":"Ana Sayfa","item":"https:\/\/naturalpoland.com\/tr\/"},{"@type":"ListItem","position":2,"name":"\u00dcr\u00fcnler","item":"https:\/\/naturalpoland.com\/tr\/urunler\/"},{"@type":"ListItem","position":3,"name":"Transglutaminaz"}]},{"@type":"WebSite","@id":"https:\/\/naturalpoland.com\/tr\/#website","url":"https:\/\/naturalpoland.com\/tr\/","name":"NATURAL POLAND - Hurtowy Dystrybutor Surowc\u00f3w","description":"Surowce dla przemys\u0142u spo\u017cywczego, kosmetycznego i farmaceutycznego","publisher":{"@id":"https:\/\/naturalpoland.com\/tr\/#organization"},"potentialAction":[{"@type":"SearchAction","target":{"@type":"EntryPoint","urlTemplate":"https:\/\/naturalpoland.com\/tr\/?s={search_term_string}"},"query-input":{"@type":"PropertyValueSpecification","valueRequired":true,"valueName":"search_term_string"}}],"inLanguage":"tr"},{"@type":"Organization","@id":"https:\/\/naturalpoland.com\/tr\/#organization","name":"Natural Poland","url":"https:\/\/naturalpoland.com\/tr\/","logo":{"@type":"ImageObject","inLanguage":"tr","@id":"https:\/\/naturalpoland.com\/tr\/#\/schema\/logo\/image\/","url":"https:\/\/naturalpoland.com\/wp-content\/uploads\/2021\/05\/natural-poland-icon.png","contentUrl":"https:\/\/naturalpoland.com\/wp-content\/uploads\/2021\/05\/natural-poland-icon.png","width":512,"height":512,"caption":"Natural Poland"},"image":{"@id":"https:\/\/naturalpoland.com\/tr\/#\/schema\/logo\/image\/"},"sameAs":["https:\/\/www.facebook.com\/naturalpoland.b2b","https:\/\/pl.linkedin.com\/company\/natural-poland","https:\/\/www.youtube.com\/channel\/UCgeGGkvOMahZo-xu_MSEWxg"]}]}},"_links":{"self":[{"href":"https:\/\/naturalpoland.com\/tr\/wp-json\/wp\/v2\/product\/45565","targetHints":{"allow":["GET"]}}],"collection":[{"href":"https:\/\/naturalpoland.com\/tr\/wp-json\/wp\/v2\/product"}],"about":[{"href":"https:\/\/naturalpoland.com\/tr\/wp-json\/wp\/v2\/types\/product"}],"wp:featuredmedia":[{"embeddable":true,"href":"https:\/\/naturalpoland.com\/tr\/wp-json\/wp\/v2\/media\/45567"}],"wp:attachment":[{"href":"https:\/\/naturalpoland.com\/tr\/wp-json\/wp\/v2\/media?parent=45565"}],"wp:term":[{"taxonomy":"product_brand","embeddable":true,"href":"https:\/\/naturalpoland.com\/tr\/wp-json\/wp\/v2\/product_brand?post=45565"},{"taxonomy":"product_cat","embeddable":true,"href":"https:\/\/naturalpoland.com\/tr\/wp-json\/wp\/v2\/product_cat?post=45565"},{"taxonomy":"product_tag","embeddable":true,"href":"https:\/\/naturalpoland.com\/tr\/wp-json\/wp\/v2\/product_tag?post=45565"}],"curies":[{"name":"wp","href":"https:\/\/api.w.org\/{rel}","templated":true}]}}