{"id":45568,"date":"2023-10-26T13:45:41","date_gmt":"2023-10-26T11:45:41","guid":{"rendered":"https:\/\/naturalpoland.com\/produkty\/kategorilenmemis\/lipaz-ec-3-1-1-3-2\/"},"modified":"2026-02-04T13:26:33","modified_gmt":"2026-02-04T12:26:33","slug":"lipaz-ec-3-1-1-3-2","status":"publish","type":"product","link":"https:\/\/naturalpoland.com\/tr\/urunler\/gida-hammaddeleri\/enzimler\/sut-endustrisi-enzimleri\/lipaz-ec-3-1-1-3-2\/","title":{"rendered":"Lipaz EC 3.1.1.3"},"content":{"rendered":"<h4>K\u00f6ken:<\/h4>\n<ul>\n<li><strong>Mantarlar:<\/strong> <em>Mucor meihei, Candida rugosa<\/em><\/li>\n<li><strong>Bakteriler:<\/strong> <em>Achromobacter, Alcaligenes, Arthrobacter, Pseudomonas, Staphylococcus, Chromobacterium<\/em><\/li>\n<\/ul>\n<h4>Etkileri:<\/h4>\n<ul>\n<li><strong>Trigliserit hidrolizi:<\/strong> Lipazlar trigliseritleri serbest ya\u011f asitleri ve alkollere d\u00f6n\u00fc\u015ft\u00fcr\u00fcr.<\/li>\n<li><strong>Metabolizmaya kat\u0131l\u0131m:<\/strong> Enzim aktivitesi lipoliz, proteoliz ve art\u0131k laktoz ile laktat metabolizmas\u0131n\u0131 kapsar. Ayr\u0131ca lipazlar, su ile lipitler aras\u0131ndaki ara y\u00fczeyde reaksiyonlar\u0131 katalize etme konusunda benzersiz yetene\u011fe sahiptir. <\/li>\n<\/ul>\n<h4>Kullan\u0131m alanlar\u0131:<\/h4>\n<ul>\n<li><strong>Peynir aromaland\u0131rma:<\/strong> Lipazlar, s\u00fct ya\u011flar\u0131n\u0131n hidrolizinden kaynaklanan peynirlerin karakteristik tad\u0131n\u0131n olu\u015fumundan sorumludur.<\/li>\n<li><strong>Ya\u011f modifikasyonu:<\/strong> Ya\u011f fraksiyonlar\u0131n\u0131n esterifikasyon s\u00fcrecinde kullan\u0131m alan\u0131 bulurlar.<\/li>\n<li><strong>Aroma \u00fcretimi:<\/strong> Peynir analoglar\u0131nda kullan\u0131lan spesifik aromalar\u0131n \u00fcretiminde yer al\u0131rlar.<\/li>\n<li><strong>Peynir olgunla\u015ft\u0131rman\u0131n h\u0131zland\u0131r\u0131lmas\u0131:<\/strong> Lipazlar orta ve uzun s\u00fcreli olgunla\u015ft\u0131r\u0131lan peynirlerin \u00fcretiminde kullan\u0131larak olgunla\u015ft\u0131rma s\u00fcrecini h\u0131zland\u0131r\u0131r.<\/li>\n<\/ul>\n<p>Lipazlar EC 3.1.1.3, bir\u00e7ok g\u0131da \u00fcr\u00fcn\u00fcn\u00fcn \u00fcretiminde vazge\u00e7ilmez bir bile\u015fen olup, e\u015fsiz lezzetlerini ve m\u00fckemmel k\u0131vamlar\u0131n\u0131 garanti eder.<\/p>\n","protected":false},"excerpt":{"rendered":"<p>Lipazlar, ya\u011flar\u0131 modifiye etme konusunda uzmanla\u015fm\u0131\u015f enzimlerdir ve g\u0131da end\u00fcstrisinde, \u00f6zellikle peynir \u00fcretiminde kilit rol oynarlar. Su ile lipitler aras\u0131ndaki ara y\u00fczeyde spesifik reaksiyonlar\u0131 katalize etme yetene\u011fine sahiptirler, bu da \u00e7e\u015fitli \u00fcretim s\u00fcre\u00e7lerinde e\u015fsiz uygulamalara d\u00f6n\u00fc\u015f\u00fcr. <\/p>\n","protected":false},"featured_media":45570,"template":"","meta":{"_acf_changed":false},"product_brand":[],"product_cat":[9569],"product_tag":[],"class_list":{"0":"post-45568","1":"product","2":"type-product","3":"status-publish","4":"has-post-thumbnail","6":"product_cat-sut-endustrisi-enzimleri","8":"first","9":"instock","10":"shipping-taxable","11":"product-type-simple"},"acf":[],"yoast_head":"<!-- This site is optimized with the Yoast SEO plugin v27.6 - https:\/\/yoast.com\/product\/yoast-seo-wordpress\/ -->\n<title>Lipaz EC 3.1.1.3 - Hurtowy Dystrybutor<\/title>\n<meta name=\"description\" content=\"Lipazlar, ya\u011flar\u0131 modifiye etme konusunda uzmanla\u015fm\u0131\u015f enzimlerdir ve g\u0131da end\u00fcstrisinde, \u00f6zellikle peynir \u00fcretiminde kilit rol oynarlar.\" \/>\n<meta name=\"robots\" content=\"index, follow, max-snippet:-1, max-image-preview:large, max-video-preview:-1\" \/>\n<link rel=\"canonical\" href=\"https:\/\/naturalpoland.com\/tr\/urunler\/gida-hammaddeleri\/enzimler\/sut-endustrisi-enzimleri\/lipaz-ec-3-1-1-3-2\/\" \/>\n<meta property=\"og:locale\" content=\"tr_TR\" \/>\n<meta property=\"og:type\" content=\"article\" \/>\n<meta property=\"og:title\" content=\"Lipaz EC 3.1.1.3 - Hurtowy Dystrybutor\" \/>\n<meta property=\"og:description\" content=\"Lipazlar, ya\u011flar\u0131 modifiye etme konusunda uzmanla\u015fm\u0131\u015f enzimlerdir ve g\u0131da end\u00fcstrisinde, \u00f6zellikle peynir \u00fcretiminde kilit rol oynarlar.\" \/>\n<meta property=\"og:url\" content=\"https:\/\/naturalpoland.com\/tr\/urunler\/gida-hammaddeleri\/enzimler\/sut-endustrisi-enzimleri\/lipaz-ec-3-1-1-3-2\/\" \/>\n<meta property=\"og:site_name\" content=\"NATURAL POLAND - Hurtowy Dystrybutor Surowc\u00f3w\" \/>\n<meta property=\"article:publisher\" content=\"https:\/\/www.facebook.com\/naturalpoland.b2b\" \/>\n<meta property=\"article:modified_time\" content=\"2026-02-04T12:26:33+00:00\" \/>\n<meta property=\"og:image\" content=\"https:\/\/naturalpoland.com\/wp-content\/uploads\/lipaza.jpg\" \/>\n\t<meta property=\"og:image:width\" content=\"650\" \/>\n\t<meta property=\"og:image:height\" content=\"650\" \/>\n\t<meta property=\"og:image:type\" content=\"image\/jpeg\" \/>\n<script type=\"application\/ld+json\" class=\"yoast-schema-graph\">{\"@context\":\"https:\\\/\\\/schema.org\",\"@graph\":[{\"@type\":\"WebPage\",\"@id\":\"https:\\\/\\\/naturalpoland.com\\\/tr\\\/urunler\\\/gida-hammaddeleri\\\/enzimler\\\/sut-endustrisi-enzimleri\\\/lipaz-ec-3-1-1-3-2\\\/\",\"url\":\"https:\\\/\\\/naturalpoland.com\\\/tr\\\/urunler\\\/gida-hammaddeleri\\\/enzimler\\\/sut-endustrisi-enzimleri\\\/lipaz-ec-3-1-1-3-2\\\/\",\"name\":\"Lipaz EC 3.1.1.3 - Hurtowy Dystrybutor\",\"isPartOf\":{\"@id\":\"https:\\\/\\\/naturalpoland.com\\\/tr\\\/#website\"},\"primaryImageOfPage\":{\"@id\":\"https:\\\/\\\/naturalpoland.com\\\/tr\\\/urunler\\\/gida-hammaddeleri\\\/enzimler\\\/sut-endustrisi-enzimleri\\\/lipaz-ec-3-1-1-3-2\\\/#primaryimage\"},\"image\":{\"@id\":\"https:\\\/\\\/naturalpoland.com\\\/tr\\\/urunler\\\/gida-hammaddeleri\\\/enzimler\\\/sut-endustrisi-enzimleri\\\/lipaz-ec-3-1-1-3-2\\\/#primaryimage\"},\"thumbnailUrl\":\"https:\\\/\\\/naturalpoland.com\\\/wp-content\\\/uploads\\\/lipaza.jpg\",\"datePublished\":\"2023-10-26T11:45:41+00:00\",\"dateModified\":\"2026-02-04T12:26:33+00:00\",\"description\":\"Lipazlar, ya\u011flar\u0131 modifiye etme konusunda uzmanla\u015fm\u0131\u015f enzimlerdir ve g\u0131da end\u00fcstrisinde, \u00f6zellikle peynir \u00fcretiminde kilit rol oynarlar.\",\"breadcrumb\":{\"@id\":\"https:\\\/\\\/naturalpoland.com\\\/tr\\\/urunler\\\/gida-hammaddeleri\\\/enzimler\\\/sut-endustrisi-enzimleri\\\/lipaz-ec-3-1-1-3-2\\\/#breadcrumb\"},\"inLanguage\":\"tr\",\"potentialAction\":[{\"@type\":\"ReadAction\",\"target\":[\"https:\\\/\\\/naturalpoland.com\\\/tr\\\/urunler\\\/gida-hammaddeleri\\\/enzimler\\\/sut-endustrisi-enzimleri\\\/lipaz-ec-3-1-1-3-2\\\/\"]}]},{\"@type\":\"ImageObject\",\"inLanguage\":\"tr\",\"@id\":\"https:\\\/\\\/naturalpoland.com\\\/tr\\\/urunler\\\/gida-hammaddeleri\\\/enzimler\\\/sut-endustrisi-enzimleri\\\/lipaz-ec-3-1-1-3-2\\\/#primaryimage\",\"url\":\"https:\\\/\\\/naturalpoland.com\\\/wp-content\\\/uploads\\\/lipaza.jpg\",\"contentUrl\":\"https:\\\/\\\/naturalpoland.com\\\/wp-content\\\/uploads\\\/lipaza.jpg\",\"width\":650,\"height\":650,\"caption\":\"lipaz\"},{\"@type\":\"BreadcrumbList\",\"@id\":\"https:\\\/\\\/naturalpoland.com\\\/tr\\\/urunler\\\/gida-hammaddeleri\\\/enzimler\\\/sut-endustrisi-enzimleri\\\/lipaz-ec-3-1-1-3-2\\\/#breadcrumb\",\"itemListElement\":[{\"@type\":\"ListItem\",\"position\":1,\"name\":\"Ana Sayfa\",\"item\":\"https:\\\/\\\/naturalpoland.com\\\/tr\\\/\"},{\"@type\":\"ListItem\",\"position\":2,\"name\":\"\u00dcr\u00fcnler\",\"item\":\"https:\\\/\\\/naturalpoland.com\\\/tr\\\/urunler\\\/\"},{\"@type\":\"ListItem\",\"position\":3,\"name\":\"Lipaz EC 3.1.1.3\"}]},{\"@type\":\"WebSite\",\"@id\":\"https:\\\/\\\/naturalpoland.com\\\/tr\\\/#website\",\"url\":\"https:\\\/\\\/naturalpoland.com\\\/tr\\\/\",\"name\":\"NATURAL POLAND - Hurtowy Dystrybutor Surowc\u00f3w\",\"description\":\"Surowce dla przemys\u0142u spo\u017cywczego, kosmetycznego i farmaceutycznego\",\"publisher\":{\"@id\":\"https:\\\/\\\/naturalpoland.com\\\/tr\\\/#organization\"},\"potentialAction\":[{\"@type\":\"SearchAction\",\"target\":{\"@type\":\"EntryPoint\",\"urlTemplate\":\"https:\\\/\\\/naturalpoland.com\\\/tr\\\/?s={search_term_string}\"},\"query-input\":{\"@type\":\"PropertyValueSpecification\",\"valueRequired\":true,\"valueName\":\"search_term_string\"}}],\"inLanguage\":\"tr\"},{\"@type\":\"Organization\",\"@id\":\"https:\\\/\\\/naturalpoland.com\\\/tr\\\/#organization\",\"name\":\"Natural Poland\",\"url\":\"https:\\\/\\\/naturalpoland.com\\\/tr\\\/\",\"logo\":{\"@type\":\"ImageObject\",\"inLanguage\":\"tr\",\"@id\":\"https:\\\/\\\/naturalpoland.com\\\/tr\\\/#\\\/schema\\\/logo\\\/image\\\/\",\"url\":\"https:\\\/\\\/naturalpoland.com\\\/wp-content\\\/uploads\\\/2021\\\/05\\\/natural-poland-icon.png\",\"contentUrl\":\"https:\\\/\\\/naturalpoland.com\\\/wp-content\\\/uploads\\\/2021\\\/05\\\/natural-poland-icon.png\",\"width\":512,\"height\":512,\"caption\":\"Natural Poland\"},\"image\":{\"@id\":\"https:\\\/\\\/naturalpoland.com\\\/tr\\\/#\\\/schema\\\/logo\\\/image\\\/\"},\"sameAs\":[\"https:\\\/\\\/www.facebook.com\\\/naturalpoland.b2b\",\"https:\\\/\\\/pl.linkedin.com\\\/company\\\/natural-poland\",\"https:\\\/\\\/www.youtube.com\\\/channel\\\/UCgeGGkvOMahZo-xu_MSEWxg\"]}]}<\/script>\n<!-- \/ Yoast SEO plugin. -->","yoast_head_json":{"title":"Lipaz EC 3.1.1.3 - Hurtowy Dystrybutor","description":"Lipazlar, ya\u011flar\u0131 modifiye etme konusunda uzmanla\u015fm\u0131\u015f enzimlerdir ve g\u0131da end\u00fcstrisinde, \u00f6zellikle peynir \u00fcretiminde kilit rol oynarlar.","robots":{"index":"index","follow":"follow","max-snippet":"max-snippet:-1","max-image-preview":"max-image-preview:large","max-video-preview":"max-video-preview:-1"},"canonical":"https:\/\/naturalpoland.com\/tr\/urunler\/gida-hammaddeleri\/enzimler\/sut-endustrisi-enzimleri\/lipaz-ec-3-1-1-3-2\/","og_locale":"tr_TR","og_type":"article","og_title":"Lipaz EC 3.1.1.3 - Hurtowy Dystrybutor","og_description":"Lipazlar, ya\u011flar\u0131 modifiye etme konusunda uzmanla\u015fm\u0131\u015f enzimlerdir ve g\u0131da end\u00fcstrisinde, \u00f6zellikle peynir \u00fcretiminde kilit rol oynarlar.","og_url":"https:\/\/naturalpoland.com\/tr\/urunler\/gida-hammaddeleri\/enzimler\/sut-endustrisi-enzimleri\/lipaz-ec-3-1-1-3-2\/","og_site_name":"NATURAL POLAND - Hurtowy Dystrybutor Surowc\u00f3w","article_publisher":"https:\/\/www.facebook.com\/naturalpoland.b2b","article_modified_time":"2026-02-04T12:26:33+00:00","og_image":[{"width":650,"height":650,"url":"https:\/\/naturalpoland.com\/wp-content\/uploads\/lipaza.jpg","type":"image\/jpeg"}],"schema":{"@context":"https:\/\/schema.org","@graph":[{"@type":"WebPage","@id":"https:\/\/naturalpoland.com\/tr\/urunler\/gida-hammaddeleri\/enzimler\/sut-endustrisi-enzimleri\/lipaz-ec-3-1-1-3-2\/","url":"https:\/\/naturalpoland.com\/tr\/urunler\/gida-hammaddeleri\/enzimler\/sut-endustrisi-enzimleri\/lipaz-ec-3-1-1-3-2\/","name":"Lipaz EC 3.1.1.3 - Hurtowy Dystrybutor","isPartOf":{"@id":"https:\/\/naturalpoland.com\/tr\/#website"},"primaryImageOfPage":{"@id":"https:\/\/naturalpoland.com\/tr\/urunler\/gida-hammaddeleri\/enzimler\/sut-endustrisi-enzimleri\/lipaz-ec-3-1-1-3-2\/#primaryimage"},"image":{"@id":"https:\/\/naturalpoland.com\/tr\/urunler\/gida-hammaddeleri\/enzimler\/sut-endustrisi-enzimleri\/lipaz-ec-3-1-1-3-2\/#primaryimage"},"thumbnailUrl":"https:\/\/naturalpoland.com\/wp-content\/uploads\/lipaza.jpg","datePublished":"2023-10-26T11:45:41+00:00","dateModified":"2026-02-04T12:26:33+00:00","description":"Lipazlar, ya\u011flar\u0131 modifiye etme konusunda uzmanla\u015fm\u0131\u015f enzimlerdir ve g\u0131da end\u00fcstrisinde, \u00f6zellikle peynir \u00fcretiminde kilit rol oynarlar.","breadcrumb":{"@id":"https:\/\/naturalpoland.com\/tr\/urunler\/gida-hammaddeleri\/enzimler\/sut-endustrisi-enzimleri\/lipaz-ec-3-1-1-3-2\/#breadcrumb"},"inLanguage":"tr","potentialAction":[{"@type":"ReadAction","target":["https:\/\/naturalpoland.com\/tr\/urunler\/gida-hammaddeleri\/enzimler\/sut-endustrisi-enzimleri\/lipaz-ec-3-1-1-3-2\/"]}]},{"@type":"ImageObject","inLanguage":"tr","@id":"https:\/\/naturalpoland.com\/tr\/urunler\/gida-hammaddeleri\/enzimler\/sut-endustrisi-enzimleri\/lipaz-ec-3-1-1-3-2\/#primaryimage","url":"https:\/\/naturalpoland.com\/wp-content\/uploads\/lipaza.jpg","contentUrl":"https:\/\/naturalpoland.com\/wp-content\/uploads\/lipaza.jpg","width":650,"height":650,"caption":"lipaz"},{"@type":"BreadcrumbList","@id":"https:\/\/naturalpoland.com\/tr\/urunler\/gida-hammaddeleri\/enzimler\/sut-endustrisi-enzimleri\/lipaz-ec-3-1-1-3-2\/#breadcrumb","itemListElement":[{"@type":"ListItem","position":1,"name":"Ana Sayfa","item":"https:\/\/naturalpoland.com\/tr\/"},{"@type":"ListItem","position":2,"name":"\u00dcr\u00fcnler","item":"https:\/\/naturalpoland.com\/tr\/urunler\/"},{"@type":"ListItem","position":3,"name":"Lipaz EC 3.1.1.3"}]},{"@type":"WebSite","@id":"https:\/\/naturalpoland.com\/tr\/#website","url":"https:\/\/naturalpoland.com\/tr\/","name":"NATURAL POLAND - Hurtowy Dystrybutor Surowc\u00f3w","description":"Surowce dla przemys\u0142u spo\u017cywczego, kosmetycznego i farmaceutycznego","publisher":{"@id":"https:\/\/naturalpoland.com\/tr\/#organization"},"potentialAction":[{"@type":"SearchAction","target":{"@type":"EntryPoint","urlTemplate":"https:\/\/naturalpoland.com\/tr\/?s={search_term_string}"},"query-input":{"@type":"PropertyValueSpecification","valueRequired":true,"valueName":"search_term_string"}}],"inLanguage":"tr"},{"@type":"Organization","@id":"https:\/\/naturalpoland.com\/tr\/#organization","name":"Natural Poland","url":"https:\/\/naturalpoland.com\/tr\/","logo":{"@type":"ImageObject","inLanguage":"tr","@id":"https:\/\/naturalpoland.com\/tr\/#\/schema\/logo\/image\/","url":"https:\/\/naturalpoland.com\/wp-content\/uploads\/2021\/05\/natural-poland-icon.png","contentUrl":"https:\/\/naturalpoland.com\/wp-content\/uploads\/2021\/05\/natural-poland-icon.png","width":512,"height":512,"caption":"Natural Poland"},"image":{"@id":"https:\/\/naturalpoland.com\/tr\/#\/schema\/logo\/image\/"},"sameAs":["https:\/\/www.facebook.com\/naturalpoland.b2b","https:\/\/pl.linkedin.com\/company\/natural-poland","https:\/\/www.youtube.com\/channel\/UCgeGGkvOMahZo-xu_MSEWxg"]}]}},"_links":{"self":[{"href":"https:\/\/naturalpoland.com\/tr\/wp-json\/wp\/v2\/product\/45568","targetHints":{"allow":["GET"]}}],"collection":[{"href":"https:\/\/naturalpoland.com\/tr\/wp-json\/wp\/v2\/product"}],"about":[{"href":"https:\/\/naturalpoland.com\/tr\/wp-json\/wp\/v2\/types\/product"}],"wp:featuredmedia":[{"embeddable":true,"href":"https:\/\/naturalpoland.com\/tr\/wp-json\/wp\/v2\/media\/45570"}],"wp:attachment":[{"href":"https:\/\/naturalpoland.com\/tr\/wp-json\/wp\/v2\/media?parent=45568"}],"wp:term":[{"taxonomy":"product_brand","embeddable":true,"href":"https:\/\/naturalpoland.com\/tr\/wp-json\/wp\/v2\/product_brand?post=45568"},{"taxonomy":"product_cat","embeddable":true,"href":"https:\/\/naturalpoland.com\/tr\/wp-json\/wp\/v2\/product_cat?post=45568"},{"taxonomy":"product_tag","embeddable":true,"href":"https:\/\/naturalpoland.com\/tr\/wp-json\/wp\/v2\/product_tag?post=45568"}],"curies":[{"name":"wp","href":"https:\/\/api.w.org\/{rel}","templated":true}]}}