{"id":45578,"date":"2023-10-02T14:38:02","date_gmt":"2023-10-02T12:38:02","guid":{"rendered":"https:\/\/naturalpoland.com\/produkty\/kategorilenmemis\/bugday-proteini-gluten\/"},"modified":"2026-02-04T14:09:57","modified_gmt":"2026-02-04T13:09:57","slug":"bugday-proteini-gluten","status":"publish","type":"product","link":"https:\/\/naturalpoland.com\/tr\/urunler\/gida-hammaddeleri\/bitkisel-proteinler\/bugday-proteini-gluten\/","title":{"rendered":"Bu\u011fday proteini (gluten)"},"content":{"rendered":"<p>Benzersiz ba\u011flay\u0131c\u0131 \u00f6zellikleri ve esnekli\u011fi nedeniyle gluten, sadece f\u0131r\u0131nc\u0131l\u0131k end\u00fcstrisinde de\u011fil, ayn\u0131 zamanda \u00e7e\u015fitli g\u0131da \u00fcr\u00fcnlerinde ve yemlerde protein katk\u0131s\u0131 olarak da yayg\u0131n \u015fekilde kullan\u0131lmaktad\u0131r.<\/p>\n<h3>Bu\u011fday proteininin \u00f6zellikleri ve kullan\u0131m\u0131<\/h3>\n<ol>\n<li><strong>Ba\u011flay\u0131c\u0131 \u00f6zellikler:<\/strong> Gluten, e\u015fsiz ba\u011flay\u0131c\u0131 \u00f6zelliklere sahiptir ve bu da onu bitkisel et gibi vejetaryen ve vegan \u00fcr\u00fcnlerin \u00fcretiminde m\u00fckemmel bir bile\u015fen yapar.<\/li>\n<li><strong>Beslenme de\u011feri:<\/strong> Bu\u011fday proteini esansiyel amino asitler sa\u011flayarak diyette \u00f6nemli bir protein kayna\u011f\u0131 olu\u015fturur.<\/li>\n<li><strong>F\u0131r\u0131nc\u0131l\u0131k end\u00fcstrisi:<\/strong> Ekmek ve di\u011fer f\u0131r\u0131n \u00fcr\u00fcnlerinin \u00fcretiminde vazge\u00e7ilmez olan gluten, hamura esneklik kazand\u0131r\u0131r, fermentasyon s\u0131ras\u0131nda olu\u015fan gazlar\u0131n tutulmas\u0131n\u0131 sa\u011flar ve b\u00f6ylece kabar\u0131k, elastik bir i\u00e7 yap\u0131n\u0131n olu\u015fmas\u0131na yol a\u00e7ar.<\/li>\n<li><strong>Kozmetik ve takviyeler:<\/strong> Gluten ayr\u0131ca kozmetikte ve takviyelerde ba\u011flay\u0131c\u0131, stabilize edici ve besleyici bile\u015fen olarak da kullan\u0131lmaktad\u0131r.<\/li>\n<\/ol>\n<p>Gluten n\u00fcfusun \u00e7o\u011funlu\u011fu i\u00e7in g\u00fcvenli olmas\u0131na ra\u011fmen, \u00e7\u00f6lyak hastal\u0131\u011f\u0131, gluten intolerans\u0131 veya bu\u011fday alerjisi olan ki\u015filer glutenden ka\u00e7\u0131nmal\u0131d\u0131r. Gluten i\u00e7eren g\u0131da \u00fcr\u00fcnleri \u00fcreten firmalar, t\u00fcketicileri gluten varl\u0131\u011f\u0131 konusunda bilgilendirmek i\u00e7in \u00fcr\u00fcn etiketlemesine \u00f6zel dikkat g\u00f6stermelidir. <\/p>\n","protected":false},"excerpt":{"rendered":"<p><strong>Bu\u011fday proteini<\/strong>, yayg\u0131n olarak <strong>gluten<\/strong> olarak bilinir ve bu\u011fday tanelerinde bulunan karma\u015f\u0131k bir protein kar\u0131\u015f\u0131m\u0131d\u0131r. Gluten, bu\u011fday tanelerindeki toplam protein i\u00e7eri\u011finin yakla\u015f\u0131k %80&#8217;ini olu\u015fturur ve bu\u011fday \u00fcr\u00fcnlerinin dokusunu, yap\u0131s\u0131n\u0131 ve pi\u015firme \u00f6zelliklerini belirleyen temel bile\u015fendir. <\/p>\n","protected":false},"featured_media":45579,"template":"","meta":{"_acf_changed":false},"product_brand":[],"product_cat":[9567],"product_tag":[],"class_list":{"0":"post-45578","1":"product","2":"type-product","3":"status-publish","4":"has-post-thumbnail","6":"product_cat-bitkisel-proteinler","8":"first","9":"instock","10":"shipping-taxable","11":"product-type-simple"},"acf":[],"yoast_head":"<!-- This site is optimized with the Yoast SEO plugin v27.6 - https:\/\/yoast.com\/product\/yoast-seo-wordpress\/ -->\n<title>Bu\u011fday proteini (gluten) - Hurtowy Dystrybutor<\/title>\n<meta name=\"description\" content=\"Gluten olarak bilinen bu\u011fday proteini, bu\u011fday tanelerinde bulunan karma\u015f\u0131k bir protein kar\u0131\u015f\u0131m\u0131d\u0131r. Gluten, bu\u011fdaydaki toplam protein i\u00e7eri\u011finin yakla\u015f\u0131k &#039;ini olu\u015fturur.\" \/>\n<meta name=\"robots\" content=\"index, follow, max-snippet:-1, max-image-preview:large, max-video-preview:-1\" \/>\n<link rel=\"canonical\" href=\"https:\/\/naturalpoland.com\/tr\/urunler\/gida-hammaddeleri\/bitkisel-proteinler\/bugday-proteini-gluten\/\" \/>\n<meta property=\"og:locale\" content=\"tr_TR\" \/>\n<meta property=\"og:type\" content=\"article\" \/>\n<meta property=\"og:title\" content=\"Bu\u011fday proteini (gluten) - Hurtowy Dystrybutor\" \/>\n<meta property=\"og:description\" content=\"Gluten olarak bilinen bu\u011fday proteini, bu\u011fday tanelerinde bulunan karma\u015f\u0131k bir protein kar\u0131\u015f\u0131m\u0131d\u0131r. Gluten, bu\u011fdaydaki toplam protein i\u00e7eri\u011finin yakla\u015f\u0131k &#039;ini olu\u015fturur.\" \/>\n<meta property=\"og:url\" content=\"https:\/\/naturalpoland.com\/tr\/urunler\/gida-hammaddeleri\/bitkisel-proteinler\/bugday-proteini-gluten\/\" \/>\n<meta property=\"og:site_name\" content=\"NATURAL POLAND - Hurtowy Dystrybutor Surowc\u00f3w\" \/>\n<meta property=\"article:publisher\" content=\"https:\/\/www.facebook.com\/naturalpoland.b2b\" \/>\n<meta property=\"article:modified_time\" content=\"2026-02-04T13:09:57+00:00\" \/>\n<meta property=\"og:image\" content=\"https:\/\/naturalpoland.com\/wp-content\/uploads\/bialko-pszenicy-gluten.jpg\" \/>\n\t<meta property=\"og:image:width\" content=\"650\" \/>\n\t<meta property=\"og:image:height\" content=\"650\" \/>\n\t<meta property=\"og:image:type\" content=\"image\/jpeg\" \/>\n<script type=\"application\/ld+json\" class=\"yoast-schema-graph\">{\"@context\":\"https:\\\/\\\/schema.org\",\"@graph\":[{\"@type\":\"WebPage\",\"@id\":\"https:\\\/\\\/naturalpoland.com\\\/tr\\\/urunler\\\/gida-hammaddeleri\\\/bitkisel-proteinler\\\/bugday-proteini-gluten\\\/\",\"url\":\"https:\\\/\\\/naturalpoland.com\\\/tr\\\/urunler\\\/gida-hammaddeleri\\\/bitkisel-proteinler\\\/bugday-proteini-gluten\\\/\",\"name\":\"Bu\u011fday proteini (gluten) - Hurtowy Dystrybutor\",\"isPartOf\":{\"@id\":\"https:\\\/\\\/naturalpoland.com\\\/tr\\\/#website\"},\"primaryImageOfPage\":{\"@id\":\"https:\\\/\\\/naturalpoland.com\\\/tr\\\/urunler\\\/gida-hammaddeleri\\\/bitkisel-proteinler\\\/bugday-proteini-gluten\\\/#primaryimage\"},\"image\":{\"@id\":\"https:\\\/\\\/naturalpoland.com\\\/tr\\\/urunler\\\/gida-hammaddeleri\\\/bitkisel-proteinler\\\/bugday-proteini-gluten\\\/#primaryimage\"},\"thumbnailUrl\":\"https:\\\/\\\/naturalpoland.com\\\/wp-content\\\/uploads\\\/bialko-pszenicy-gluten.jpg\",\"datePublished\":\"2023-10-02T12:38:02+00:00\",\"dateModified\":\"2026-02-04T13:09:57+00:00\",\"description\":\"Gluten olarak bilinen bu\u011fday proteini, bu\u011fday tanelerinde bulunan karma\u015f\u0131k bir protein kar\u0131\u015f\u0131m\u0131d\u0131r. Gluten, bu\u011fdaydaki toplam protein i\u00e7eri\u011finin yakla\u015f\u0131k 'ini olu\u015fturur.\",\"breadcrumb\":{\"@id\":\"https:\\\/\\\/naturalpoland.com\\\/tr\\\/urunler\\\/gida-hammaddeleri\\\/bitkisel-proteinler\\\/bugday-proteini-gluten\\\/#breadcrumb\"},\"inLanguage\":\"tr\",\"potentialAction\":[{\"@type\":\"ReadAction\",\"target\":[\"https:\\\/\\\/naturalpoland.com\\\/tr\\\/urunler\\\/gida-hammaddeleri\\\/bitkisel-proteinler\\\/bugday-proteini-gluten\\\/\"]}]},{\"@type\":\"ImageObject\",\"inLanguage\":\"tr\",\"@id\":\"https:\\\/\\\/naturalpoland.com\\\/tr\\\/urunler\\\/gida-hammaddeleri\\\/bitkisel-proteinler\\\/bugday-proteini-gluten\\\/#primaryimage\",\"url\":\"https:\\\/\\\/naturalpoland.com\\\/wp-content\\\/uploads\\\/bialko-pszenicy-gluten.jpg\",\"contentUrl\":\"https:\\\/\\\/naturalpoland.com\\\/wp-content\\\/uploads\\\/bialko-pszenicy-gluten.jpg\",\"width\":650,\"height\":650,\"caption\":\"gluten - bu\u011fday proteini\"},{\"@type\":\"BreadcrumbList\",\"@id\":\"https:\\\/\\\/naturalpoland.com\\\/tr\\\/urunler\\\/gida-hammaddeleri\\\/bitkisel-proteinler\\\/bugday-proteini-gluten\\\/#breadcrumb\",\"itemListElement\":[{\"@type\":\"ListItem\",\"position\":1,\"name\":\"Ana Sayfa\",\"item\":\"https:\\\/\\\/naturalpoland.com\\\/tr\\\/\"},{\"@type\":\"ListItem\",\"position\":2,\"name\":\"\u00dcr\u00fcnler\",\"item\":\"https:\\\/\\\/naturalpoland.com\\\/tr\\\/urunler\\\/\"},{\"@type\":\"ListItem\",\"position\":3,\"name\":\"Bu\u011fday proteini (gluten)\"}]},{\"@type\":\"WebSite\",\"@id\":\"https:\\\/\\\/naturalpoland.com\\\/tr\\\/#website\",\"url\":\"https:\\\/\\\/naturalpoland.com\\\/tr\\\/\",\"name\":\"NATURAL POLAND - Hurtowy Dystrybutor Surowc\u00f3w\",\"description\":\"Surowce dla przemys\u0142u spo\u017cywczego, kosmetycznego i farmaceutycznego\",\"publisher\":{\"@id\":\"https:\\\/\\\/naturalpoland.com\\\/tr\\\/#organization\"},\"potentialAction\":[{\"@type\":\"SearchAction\",\"target\":{\"@type\":\"EntryPoint\",\"urlTemplate\":\"https:\\\/\\\/naturalpoland.com\\\/tr\\\/?s={search_term_string}\"},\"query-input\":{\"@type\":\"PropertyValueSpecification\",\"valueRequired\":true,\"valueName\":\"search_term_string\"}}],\"inLanguage\":\"tr\"},{\"@type\":\"Organization\",\"@id\":\"https:\\\/\\\/naturalpoland.com\\\/tr\\\/#organization\",\"name\":\"Natural Poland\",\"url\":\"https:\\\/\\\/naturalpoland.com\\\/tr\\\/\",\"logo\":{\"@type\":\"ImageObject\",\"inLanguage\":\"tr\",\"@id\":\"https:\\\/\\\/naturalpoland.com\\\/tr\\\/#\\\/schema\\\/logo\\\/image\\\/\",\"url\":\"https:\\\/\\\/naturalpoland.com\\\/wp-content\\\/uploads\\\/2021\\\/05\\\/natural-poland-icon.png\",\"contentUrl\":\"https:\\\/\\\/naturalpoland.com\\\/wp-content\\\/uploads\\\/2021\\\/05\\\/natural-poland-icon.png\",\"width\":512,\"height\":512,\"caption\":\"Natural Poland\"},\"image\":{\"@id\":\"https:\\\/\\\/naturalpoland.com\\\/tr\\\/#\\\/schema\\\/logo\\\/image\\\/\"},\"sameAs\":[\"https:\\\/\\\/www.facebook.com\\\/naturalpoland.b2b\",\"https:\\\/\\\/pl.linkedin.com\\\/company\\\/natural-poland\",\"https:\\\/\\\/www.youtube.com\\\/channel\\\/UCgeGGkvOMahZo-xu_MSEWxg\"]}]}<\/script>\n<!-- \/ Yoast SEO plugin. -->","yoast_head_json":{"title":"Bu\u011fday proteini (gluten) - Hurtowy Dystrybutor","description":"Gluten olarak bilinen bu\u011fday proteini, bu\u011fday tanelerinde bulunan karma\u015f\u0131k bir protein kar\u0131\u015f\u0131m\u0131d\u0131r. Gluten, bu\u011fdaydaki toplam protein i\u00e7eri\u011finin yakla\u015f\u0131k 'ini olu\u015fturur.","robots":{"index":"index","follow":"follow","max-snippet":"max-snippet:-1","max-image-preview":"max-image-preview:large","max-video-preview":"max-video-preview:-1"},"canonical":"https:\/\/naturalpoland.com\/tr\/urunler\/gida-hammaddeleri\/bitkisel-proteinler\/bugday-proteini-gluten\/","og_locale":"tr_TR","og_type":"article","og_title":"Bu\u011fday proteini (gluten) - Hurtowy Dystrybutor","og_description":"Gluten olarak bilinen bu\u011fday proteini, bu\u011fday tanelerinde bulunan karma\u015f\u0131k bir protein kar\u0131\u015f\u0131m\u0131d\u0131r. Gluten, bu\u011fdaydaki toplam protein i\u00e7eri\u011finin yakla\u015f\u0131k 'ini olu\u015fturur.","og_url":"https:\/\/naturalpoland.com\/tr\/urunler\/gida-hammaddeleri\/bitkisel-proteinler\/bugday-proteini-gluten\/","og_site_name":"NATURAL POLAND - Hurtowy Dystrybutor Surowc\u00f3w","article_publisher":"https:\/\/www.facebook.com\/naturalpoland.b2b","article_modified_time":"2026-02-04T13:09:57+00:00","og_image":[{"width":650,"height":650,"url":"https:\/\/naturalpoland.com\/wp-content\/uploads\/bialko-pszenicy-gluten.jpg","type":"image\/jpeg"}],"schema":{"@context":"https:\/\/schema.org","@graph":[{"@type":"WebPage","@id":"https:\/\/naturalpoland.com\/tr\/urunler\/gida-hammaddeleri\/bitkisel-proteinler\/bugday-proteini-gluten\/","url":"https:\/\/naturalpoland.com\/tr\/urunler\/gida-hammaddeleri\/bitkisel-proteinler\/bugday-proteini-gluten\/","name":"Bu\u011fday proteini (gluten) - Hurtowy Dystrybutor","isPartOf":{"@id":"https:\/\/naturalpoland.com\/tr\/#website"},"primaryImageOfPage":{"@id":"https:\/\/naturalpoland.com\/tr\/urunler\/gida-hammaddeleri\/bitkisel-proteinler\/bugday-proteini-gluten\/#primaryimage"},"image":{"@id":"https:\/\/naturalpoland.com\/tr\/urunler\/gida-hammaddeleri\/bitkisel-proteinler\/bugday-proteini-gluten\/#primaryimage"},"thumbnailUrl":"https:\/\/naturalpoland.com\/wp-content\/uploads\/bialko-pszenicy-gluten.jpg","datePublished":"2023-10-02T12:38:02+00:00","dateModified":"2026-02-04T13:09:57+00:00","description":"Gluten olarak bilinen bu\u011fday proteini, bu\u011fday tanelerinde bulunan karma\u015f\u0131k bir protein kar\u0131\u015f\u0131m\u0131d\u0131r. Gluten, bu\u011fdaydaki toplam protein i\u00e7eri\u011finin yakla\u015f\u0131k 'ini olu\u015fturur.","breadcrumb":{"@id":"https:\/\/naturalpoland.com\/tr\/urunler\/gida-hammaddeleri\/bitkisel-proteinler\/bugday-proteini-gluten\/#breadcrumb"},"inLanguage":"tr","potentialAction":[{"@type":"ReadAction","target":["https:\/\/naturalpoland.com\/tr\/urunler\/gida-hammaddeleri\/bitkisel-proteinler\/bugday-proteini-gluten\/"]}]},{"@type":"ImageObject","inLanguage":"tr","@id":"https:\/\/naturalpoland.com\/tr\/urunler\/gida-hammaddeleri\/bitkisel-proteinler\/bugday-proteini-gluten\/#primaryimage","url":"https:\/\/naturalpoland.com\/wp-content\/uploads\/bialko-pszenicy-gluten.jpg","contentUrl":"https:\/\/naturalpoland.com\/wp-content\/uploads\/bialko-pszenicy-gluten.jpg","width":650,"height":650,"caption":"gluten - bu\u011fday proteini"},{"@type":"BreadcrumbList","@id":"https:\/\/naturalpoland.com\/tr\/urunler\/gida-hammaddeleri\/bitkisel-proteinler\/bugday-proteini-gluten\/#breadcrumb","itemListElement":[{"@type":"ListItem","position":1,"name":"Ana Sayfa","item":"https:\/\/naturalpoland.com\/tr\/"},{"@type":"ListItem","position":2,"name":"\u00dcr\u00fcnler","item":"https:\/\/naturalpoland.com\/tr\/urunler\/"},{"@type":"ListItem","position":3,"name":"Bu\u011fday proteini (gluten)"}]},{"@type":"WebSite","@id":"https:\/\/naturalpoland.com\/tr\/#website","url":"https:\/\/naturalpoland.com\/tr\/","name":"NATURAL POLAND - Hurtowy Dystrybutor Surowc\u00f3w","description":"Surowce dla przemys\u0142u spo\u017cywczego, kosmetycznego i farmaceutycznego","publisher":{"@id":"https:\/\/naturalpoland.com\/tr\/#organization"},"potentialAction":[{"@type":"SearchAction","target":{"@type":"EntryPoint","urlTemplate":"https:\/\/naturalpoland.com\/tr\/?s={search_term_string}"},"query-input":{"@type":"PropertyValueSpecification","valueRequired":true,"valueName":"search_term_string"}}],"inLanguage":"tr"},{"@type":"Organization","@id":"https:\/\/naturalpoland.com\/tr\/#organization","name":"Natural Poland","url":"https:\/\/naturalpoland.com\/tr\/","logo":{"@type":"ImageObject","inLanguage":"tr","@id":"https:\/\/naturalpoland.com\/tr\/#\/schema\/logo\/image\/","url":"https:\/\/naturalpoland.com\/wp-content\/uploads\/2021\/05\/natural-poland-icon.png","contentUrl":"https:\/\/naturalpoland.com\/wp-content\/uploads\/2021\/05\/natural-poland-icon.png","width":512,"height":512,"caption":"Natural Poland"},"image":{"@id":"https:\/\/naturalpoland.com\/tr\/#\/schema\/logo\/image\/"},"sameAs":["https:\/\/www.facebook.com\/naturalpoland.b2b","https:\/\/pl.linkedin.com\/company\/natural-poland","https:\/\/www.youtube.com\/channel\/UCgeGGkvOMahZo-xu_MSEWxg"]}]}},"_links":{"self":[{"href":"https:\/\/naturalpoland.com\/tr\/wp-json\/wp\/v2\/product\/45578","targetHints":{"allow":["GET"]}}],"collection":[{"href":"https:\/\/naturalpoland.com\/tr\/wp-json\/wp\/v2\/product"}],"about":[{"href":"https:\/\/naturalpoland.com\/tr\/wp-json\/wp\/v2\/types\/product"}],"wp:featuredmedia":[{"embeddable":true,"href":"https:\/\/naturalpoland.com\/tr\/wp-json\/wp\/v2\/media\/45579"}],"wp:attachment":[{"href":"https:\/\/naturalpoland.com\/tr\/wp-json\/wp\/v2\/media?parent=45578"}],"wp:term":[{"taxonomy":"product_brand","embeddable":true,"href":"https:\/\/naturalpoland.com\/tr\/wp-json\/wp\/v2\/product_brand?post=45578"},{"taxonomy":"product_cat","embeddable":true,"href":"https:\/\/naturalpoland.com\/tr\/wp-json\/wp\/v2\/product_cat?post=45578"},{"taxonomy":"product_tag","embeddable":true,"href":"https:\/\/naturalpoland.com\/tr\/wp-json\/wp\/v2\/product_tag?post=45578"}],"curies":[{"name":"wp","href":"https:\/\/api.w.org\/{rel}","templated":true}]}}