{"id":45584,"date":"2023-10-02T11:15:06","date_gmt":"2023-10-02T09:15:06","guid":{"rendered":"https:\/\/naturalpoland.com\/produkty\/kategorilenmemis\/kolza-lesitini\/"},"modified":"2026-02-04T14:10:32","modified_gmt":"2026-02-04T13:10:32","slug":"kolza-lesitini","status":"publish","type":"product","link":"https:\/\/naturalpoland.com\/tr\/urunler\/gida-hammaddeleri\/uretim-hammaddeleri\/kolza-lesitini\/","title":{"rendered":"Kolza Lesitini"},"content":{"rendered":"<h2>Kolza lesitini nedir:<\/h2>\n<p><span class=\"ui-provider a b c d e f g h i j k l m n o p q r s t u v w x y z ab ac ae af ag ah ai aj ak\" dir=\"ltr\">Kolza lesitini, h\u00fccre zarlar\u0131n\u0131n temel bile\u015fenleri olan ba\u015fl\u0131ca fosfatidilkolin (PC), fosfatidiletanolamin (PE) ve fosfatidilinositol (PI) olmak \u00fczere fosfolipitlerin bir kar\u0131\u015f\u0131m\u0131d\u0131r. Bu lesitin, m\u00fckemmel em\u00fclsifiye edici \u00f6zellikler g\u00f6stererek ya\u011f ve su kar\u0131\u015f\u0131mlar\u0131n\u0131n stabilizasyonunu sa\u011flar, bu da onu g\u0131da, kozmetik ve farmas\u00f6tik \u00fcr\u00fcnlerde ideal bir katk\u0131 maddesi yapar. <\/span><\/p>\n<p>&nbsp;<\/p>\n<h2>\u00d6zellikler ve kullan\u0131m:<\/h2>\n<p><strong>G\u0131da end\u00fcstrisi:<\/strong><\/p>\n<p>Kolza lesitini <strong>g\u0131da end\u00fcstrisinde<\/strong> <strong>em\u00fclgat\u00f6r, stabilizat\u00f6r ve aroma ta\u015f\u0131y\u0131c\u0131s\u0131 olarak<\/strong> yayg\u0131n \u015fekilde kullan\u0131lmaktad\u0131r. Ya\u011f ve suyu birle\u015ftirme yetene\u011fi sayesinde \u00e7ikolata, margarin, f\u0131r\u0131n \u00fcr\u00fcnleri ve ayr\u0131ca yo\u011fun aromalar\u0131n ta\u015f\u0131y\u0131c\u0131s\u0131 i\u015flevi g\u00f6rd\u00fc\u011f\u00fc d\u00fc\u015f\u00fck ya\u011f i\u00e7erikli \u00fcr\u00fcnlerin \u00fcretiminde kullan\u0131l\u0131r. <\/p>\n<p>Ayr\u0131ca <strong>antioksidan \u00f6zellikler<\/strong> ta\u015f\u0131r, bu da \u00fcr\u00fcnlerin raf \u00f6mr\u00fcn\u00fc uzat\u0131r.<\/p>\n<p><strong>Kozmetik end\u00fcstrisi:<\/strong><\/p>\n<p>Lesitin ayn\u0131 zamanda <span class=\"ui-provider a b c d e f g h i j k l m n o p q r s t u v w x y z ab ac ae af ag ah ai aj ak\" dir=\"ltr\"><strong>kozmetik form\u00fclasyonlarda<\/strong><\/span> da uygulama alan\u0131 bulur, burada kremler, balsamlar ve cilt bak\u0131m \u00fcr\u00fcnlerinde nemlendirici ve yenileyici bile\u015fen olarak kullan\u0131l\u0131r. <span class=\"ui-provider a b c d e f g h i j k l m n o p q r s t u v w x y z ab ac ae af ag ah ai aj ak\" dir=\"ltr\">Epidermisin su kayb\u0131na kar\u015f\u0131 koruma sa\u011flayarak s\u0131k\u0131l\u0131\u011f\u0131n\u0131 ve elastikiyetini korur.<\/span><\/p>\n<p>&nbsp;<\/p>\n<h2>Besin de\u011ferleri (100 g ba\u015f\u0131na):<\/h2>\n<ul>\n<li><strong>Enerji de\u011feri<\/strong>: 3307 kJ \/ 790 kcal<\/li>\n<li><strong>Ya\u011f<\/strong>: 85 g (bunun 14 g doymu\u015f ya\u011f asitleri, 25 g tekli doymam\u0131\u015f ve 46 g \u00e7oklu doymam\u0131\u015f)<\/li>\n<li><strong>Karbonhidrat<\/strong>: 6 g (bunun 1,5 g \u015feker)<\/li>\n<li><strong>Protein<\/strong>: &lt;0,01 g<\/li>\n<li><strong>Tuz<\/strong>: &lt;0,01 g<\/li>\n<\/ul>\n<h2><\/h2>\n<h2>G\u00fcvenlik ve uygunluk:<\/h2>\n<ul>\n<li>S\u0131v\u0131 kolza lesitini, g\u0131da katk\u0131 maddeleri ve alerjenlerle ilgili Avrupa Birli\u011fi (AB) 231\/2012 ve 1169\/2011 say\u0131l\u0131 Y\u00f6netmeliklerine uygundur.<\/li>\n<li>\u00dcr\u00fcn, Avrupa Parlamentosu 1829\/2003 ve 1830\/2003 say\u0131l\u0131 Y\u00f6netmeliklerine uygun olarak GDO i\u00e7ermez.<\/li>\n<li>1999\/2\/EC Direktifine uygun olarak iyonla\u015ft\u0131r\u0131c\u0131 radyasyona maruz b\u0131rak\u0131lmaz.<\/li>\n<\/ul>\n","protected":false},"excerpt":{"rendered":"<p><span class=\"ui-provider a b c d e f g h i j k l m n o p q r s t u v w x y z ab ac ae af ag ah ai aj ak\" dir=\"ltr\"><strong>S\u0131v\u0131 kolza lesitini E322<\/strong>, ham kolza ya\u011f\u0131ndan elde edilen bitkisel k\u00f6kenli do\u011fal bir em\u00fclgat\u00f6rd\u00fcr<\/span><\/p>\n","protected":false},"featured_media":45586,"template":"","meta":{"_acf_changed":false},"product_brand":[],"product_cat":[9557,9572],"product_tag":[],"class_list":{"0":"post-45584","1":"product","2":"type-product","3":"status-publish","4":"has-post-thumbnail","6":"product_cat-kozmetik-hammaddeleri-2","7":"product_cat-uretim-hammaddeleri","8":"pa_grupa-substancji-fosfolipidler","10":"first","11":"instock","12":"shipping-taxable","13":"product-type-simple"},"acf":[],"yoast_head":"<!-- This site is optimized with the Yoast SEO plugin v27.5 - https:\/\/yoast.com\/product\/yoast-seo-wordpress\/ -->\n<title>Kolza Lesitini - NATURAL POLAND - Hurtowy Dystrybutor Surowc\u00f3w<\/title>\n<meta name=\"description\" content=\"Kolza tohumlar\u0131ndan ekstrakte edilen kolza lesitini, ola\u011fan\u00fcst\u00fc i\u015flevselli\u011fi nedeniyle pop\u00fclerlik kazanmaktad\u0131r.\" \/>\n<meta name=\"robots\" content=\"index, follow, max-snippet:-1, max-image-preview:large, max-video-preview:-1\" \/>\n<link rel=\"canonical\" href=\"https:\/\/naturalpoland.com\/tr\/urunler\/gida-hammaddeleri\/uretim-hammaddeleri\/kolza-lesitini\/\" \/>\n<meta property=\"og:locale\" content=\"tr_TR\" \/>\n<meta property=\"og:type\" content=\"article\" \/>\n<meta property=\"og:title\" content=\"Kolza Lesitini - NATURAL POLAND - Hurtowy Dystrybutor Surowc\u00f3w\" \/>\n<meta property=\"og:description\" content=\"Kolza tohumlar\u0131ndan ekstrakte edilen kolza lesitini, ola\u011fan\u00fcst\u00fc i\u015flevselli\u011fi nedeniyle pop\u00fclerlik kazanmaktad\u0131r.\" \/>\n<meta property=\"og:url\" content=\"https:\/\/naturalpoland.com\/tr\/urunler\/gida-hammaddeleri\/uretim-hammaddeleri\/kolza-lesitini\/\" \/>\n<meta property=\"og:site_name\" content=\"NATURAL POLAND - Hurtowy Dystrybutor Surowc\u00f3w\" \/>\n<meta property=\"article:publisher\" content=\"https:\/\/www.facebook.com\/naturalpoland.b2b\" \/>\n<meta property=\"article:modified_time\" content=\"2026-02-04T13:10:32+00:00\" \/>\n<meta property=\"og:image\" content=\"https:\/\/naturalpoland.com\/wp-content\/uploads\/lecytyna-rzepakowa-plynna.webp\" \/>\n\t<meta property=\"og:image:width\" content=\"619\" \/>\n\t<meta property=\"og:image:height\" content=\"619\" \/>\n\t<meta property=\"og:image:type\" content=\"image\/webp\" \/>\n<script type=\"application\/ld+json\" class=\"yoast-schema-graph\">{\"@context\":\"https:\\\/\\\/schema.org\",\"@graph\":[{\"@type\":\"WebPage\",\"@id\":\"https:\\\/\\\/naturalpoland.com\\\/tr\\\/urunler\\\/gida-hammaddeleri\\\/uretim-hammaddeleri\\\/kolza-lesitini\\\/\",\"url\":\"https:\\\/\\\/naturalpoland.com\\\/tr\\\/urunler\\\/gida-hammaddeleri\\\/uretim-hammaddeleri\\\/kolza-lesitini\\\/\",\"name\":\"Kolza Lesitini - NATURAL POLAND - Hurtowy Dystrybutor Surowc\u00f3w\",\"isPartOf\":{\"@id\":\"https:\\\/\\\/naturalpoland.com\\\/tr\\\/#website\"},\"primaryImageOfPage\":{\"@id\":\"https:\\\/\\\/naturalpoland.com\\\/tr\\\/urunler\\\/gida-hammaddeleri\\\/uretim-hammaddeleri\\\/kolza-lesitini\\\/#primaryimage\"},\"image\":{\"@id\":\"https:\\\/\\\/naturalpoland.com\\\/tr\\\/urunler\\\/gida-hammaddeleri\\\/uretim-hammaddeleri\\\/kolza-lesitini\\\/#primaryimage\"},\"thumbnailUrl\":\"https:\\\/\\\/naturalpoland.com\\\/wp-content\\\/uploads\\\/lecytyna-rzepakowa-plynna.webp\",\"datePublished\":\"2023-10-02T09:15:06+00:00\",\"dateModified\":\"2026-02-04T13:10:32+00:00\",\"description\":\"Kolza tohumlar\u0131ndan ekstrakte edilen kolza lesitini, ola\u011fan\u00fcst\u00fc i\u015flevselli\u011fi nedeniyle pop\u00fclerlik kazanmaktad\u0131r.\",\"breadcrumb\":{\"@id\":\"https:\\\/\\\/naturalpoland.com\\\/tr\\\/urunler\\\/gida-hammaddeleri\\\/uretim-hammaddeleri\\\/kolza-lesitini\\\/#breadcrumb\"},\"inLanguage\":\"tr\",\"potentialAction\":[{\"@type\":\"ReadAction\",\"target\":[\"https:\\\/\\\/naturalpoland.com\\\/tr\\\/urunler\\\/gida-hammaddeleri\\\/uretim-hammaddeleri\\\/kolza-lesitini\\\/\"]}]},{\"@type\":\"ImageObject\",\"inLanguage\":\"tr\",\"@id\":\"https:\\\/\\\/naturalpoland.com\\\/tr\\\/urunler\\\/gida-hammaddeleri\\\/uretim-hammaddeleri\\\/kolza-lesitini\\\/#primaryimage\",\"url\":\"https:\\\/\\\/naturalpoland.com\\\/wp-content\\\/uploads\\\/lecytyna-rzepakowa-plynna.webp\",\"contentUrl\":\"https:\\\/\\\/naturalpoland.com\\\/wp-content\\\/uploads\\\/lecytyna-rzepakowa-plynna.webp\",\"width\":619,\"height\":619,\"caption\":\"s\u0131v\u0131 kolza lesitini\"},{\"@type\":\"BreadcrumbList\",\"@id\":\"https:\\\/\\\/naturalpoland.com\\\/tr\\\/urunler\\\/gida-hammaddeleri\\\/uretim-hammaddeleri\\\/kolza-lesitini\\\/#breadcrumb\",\"itemListElement\":[{\"@type\":\"ListItem\",\"position\":1,\"name\":\"Ana Sayfa\",\"item\":\"https:\\\/\\\/naturalpoland.com\\\/tr\\\/\"},{\"@type\":\"ListItem\",\"position\":2,\"name\":\"\u00dcr\u00fcnler\",\"item\":\"https:\\\/\\\/naturalpoland.com\\\/tr\\\/urunler\\\/\"},{\"@type\":\"ListItem\",\"position\":3,\"name\":\"Kolza Lesitini\"}]},{\"@type\":\"WebSite\",\"@id\":\"https:\\\/\\\/naturalpoland.com\\\/tr\\\/#website\",\"url\":\"https:\\\/\\\/naturalpoland.com\\\/tr\\\/\",\"name\":\"NATURAL POLAND - Hurtowy Dystrybutor Surowc\u00f3w\",\"description\":\"Surowce dla przemys\u0142u spo\u017cywczego, kosmetycznego i farmaceutycznego\",\"publisher\":{\"@id\":\"https:\\\/\\\/naturalpoland.com\\\/tr\\\/#organization\"},\"potentialAction\":[{\"@type\":\"SearchAction\",\"target\":{\"@type\":\"EntryPoint\",\"urlTemplate\":\"https:\\\/\\\/naturalpoland.com\\\/tr\\\/?s={search_term_string}\"},\"query-input\":{\"@type\":\"PropertyValueSpecification\",\"valueRequired\":true,\"valueName\":\"search_term_string\"}}],\"inLanguage\":\"tr\"},{\"@type\":\"Organization\",\"@id\":\"https:\\\/\\\/naturalpoland.com\\\/tr\\\/#organization\",\"name\":\"Natural Poland\",\"url\":\"https:\\\/\\\/naturalpoland.com\\\/tr\\\/\",\"logo\":{\"@type\":\"ImageObject\",\"inLanguage\":\"tr\",\"@id\":\"https:\\\/\\\/naturalpoland.com\\\/tr\\\/#\\\/schema\\\/logo\\\/image\\\/\",\"url\":\"https:\\\/\\\/naturalpoland.com\\\/wp-content\\\/uploads\\\/2021\\\/05\\\/natural-poland-icon.png\",\"contentUrl\":\"https:\\\/\\\/naturalpoland.com\\\/wp-content\\\/uploads\\\/2021\\\/05\\\/natural-poland-icon.png\",\"width\":512,\"height\":512,\"caption\":\"Natural Poland\"},\"image\":{\"@id\":\"https:\\\/\\\/naturalpoland.com\\\/tr\\\/#\\\/schema\\\/logo\\\/image\\\/\"},\"sameAs\":[\"https:\\\/\\\/www.facebook.com\\\/naturalpoland.b2b\",\"https:\\\/\\\/pl.linkedin.com\\\/company\\\/natural-poland\",\"https:\\\/\\\/www.youtube.com\\\/channel\\\/UCgeGGkvOMahZo-xu_MSEWxg\"]}]}<\/script>\n<!-- \/ Yoast SEO plugin. -->","yoast_head_json":{"title":"Kolza Lesitini - NATURAL POLAND - Hurtowy Dystrybutor Surowc\u00f3w","description":"Kolza tohumlar\u0131ndan ekstrakte edilen kolza lesitini, ola\u011fan\u00fcst\u00fc i\u015flevselli\u011fi nedeniyle pop\u00fclerlik kazanmaktad\u0131r.","robots":{"index":"index","follow":"follow","max-snippet":"max-snippet:-1","max-image-preview":"max-image-preview:large","max-video-preview":"max-video-preview:-1"},"canonical":"https:\/\/naturalpoland.com\/tr\/urunler\/gida-hammaddeleri\/uretim-hammaddeleri\/kolza-lesitini\/","og_locale":"tr_TR","og_type":"article","og_title":"Kolza Lesitini - NATURAL POLAND - Hurtowy Dystrybutor Surowc\u00f3w","og_description":"Kolza tohumlar\u0131ndan ekstrakte edilen kolza lesitini, ola\u011fan\u00fcst\u00fc i\u015flevselli\u011fi nedeniyle pop\u00fclerlik kazanmaktad\u0131r.","og_url":"https:\/\/naturalpoland.com\/tr\/urunler\/gida-hammaddeleri\/uretim-hammaddeleri\/kolza-lesitini\/","og_site_name":"NATURAL POLAND - Hurtowy Dystrybutor Surowc\u00f3w","article_publisher":"https:\/\/www.facebook.com\/naturalpoland.b2b","article_modified_time":"2026-02-04T13:10:32+00:00","og_image":[{"width":619,"height":619,"url":"https:\/\/naturalpoland.com\/wp-content\/uploads\/lecytyna-rzepakowa-plynna.webp","type":"image\/webp"}],"schema":{"@context":"https:\/\/schema.org","@graph":[{"@type":"WebPage","@id":"https:\/\/naturalpoland.com\/tr\/urunler\/gida-hammaddeleri\/uretim-hammaddeleri\/kolza-lesitini\/","url":"https:\/\/naturalpoland.com\/tr\/urunler\/gida-hammaddeleri\/uretim-hammaddeleri\/kolza-lesitini\/","name":"Kolza Lesitini - NATURAL POLAND - Hurtowy Dystrybutor Surowc\u00f3w","isPartOf":{"@id":"https:\/\/naturalpoland.com\/tr\/#website"},"primaryImageOfPage":{"@id":"https:\/\/naturalpoland.com\/tr\/urunler\/gida-hammaddeleri\/uretim-hammaddeleri\/kolza-lesitini\/#primaryimage"},"image":{"@id":"https:\/\/naturalpoland.com\/tr\/urunler\/gida-hammaddeleri\/uretim-hammaddeleri\/kolza-lesitini\/#primaryimage"},"thumbnailUrl":"https:\/\/naturalpoland.com\/wp-content\/uploads\/lecytyna-rzepakowa-plynna.webp","datePublished":"2023-10-02T09:15:06+00:00","dateModified":"2026-02-04T13:10:32+00:00","description":"Kolza tohumlar\u0131ndan ekstrakte edilen kolza lesitini, ola\u011fan\u00fcst\u00fc i\u015flevselli\u011fi nedeniyle pop\u00fclerlik kazanmaktad\u0131r.","breadcrumb":{"@id":"https:\/\/naturalpoland.com\/tr\/urunler\/gida-hammaddeleri\/uretim-hammaddeleri\/kolza-lesitini\/#breadcrumb"},"inLanguage":"tr","potentialAction":[{"@type":"ReadAction","target":["https:\/\/naturalpoland.com\/tr\/urunler\/gida-hammaddeleri\/uretim-hammaddeleri\/kolza-lesitini\/"]}]},{"@type":"ImageObject","inLanguage":"tr","@id":"https:\/\/naturalpoland.com\/tr\/urunler\/gida-hammaddeleri\/uretim-hammaddeleri\/kolza-lesitini\/#primaryimage","url":"https:\/\/naturalpoland.com\/wp-content\/uploads\/lecytyna-rzepakowa-plynna.webp","contentUrl":"https:\/\/naturalpoland.com\/wp-content\/uploads\/lecytyna-rzepakowa-plynna.webp","width":619,"height":619,"caption":"s\u0131v\u0131 kolza lesitini"},{"@type":"BreadcrumbList","@id":"https:\/\/naturalpoland.com\/tr\/urunler\/gida-hammaddeleri\/uretim-hammaddeleri\/kolza-lesitini\/#breadcrumb","itemListElement":[{"@type":"ListItem","position":1,"name":"Ana Sayfa","item":"https:\/\/naturalpoland.com\/tr\/"},{"@type":"ListItem","position":2,"name":"\u00dcr\u00fcnler","item":"https:\/\/naturalpoland.com\/tr\/urunler\/"},{"@type":"ListItem","position":3,"name":"Kolza Lesitini"}]},{"@type":"WebSite","@id":"https:\/\/naturalpoland.com\/tr\/#website","url":"https:\/\/naturalpoland.com\/tr\/","name":"NATURAL POLAND - Hurtowy Dystrybutor Surowc\u00f3w","description":"Surowce dla przemys\u0142u spo\u017cywczego, kosmetycznego i farmaceutycznego","publisher":{"@id":"https:\/\/naturalpoland.com\/tr\/#organization"},"potentialAction":[{"@type":"SearchAction","target":{"@type":"EntryPoint","urlTemplate":"https:\/\/naturalpoland.com\/tr\/?s={search_term_string}"},"query-input":{"@type":"PropertyValueSpecification","valueRequired":true,"valueName":"search_term_string"}}],"inLanguage":"tr"},{"@type":"Organization","@id":"https:\/\/naturalpoland.com\/tr\/#organization","name":"Natural Poland","url":"https:\/\/naturalpoland.com\/tr\/","logo":{"@type":"ImageObject","inLanguage":"tr","@id":"https:\/\/naturalpoland.com\/tr\/#\/schema\/logo\/image\/","url":"https:\/\/naturalpoland.com\/wp-content\/uploads\/2021\/05\/natural-poland-icon.png","contentUrl":"https:\/\/naturalpoland.com\/wp-content\/uploads\/2021\/05\/natural-poland-icon.png","width":512,"height":512,"caption":"Natural Poland"},"image":{"@id":"https:\/\/naturalpoland.com\/tr\/#\/schema\/logo\/image\/"},"sameAs":["https:\/\/www.facebook.com\/naturalpoland.b2b","https:\/\/pl.linkedin.com\/company\/natural-poland","https:\/\/www.youtube.com\/channel\/UCgeGGkvOMahZo-xu_MSEWxg"]}]}},"_links":{"self":[{"href":"https:\/\/naturalpoland.com\/tr\/wp-json\/wp\/v2\/product\/45584","targetHints":{"allow":["GET"]}}],"collection":[{"href":"https:\/\/naturalpoland.com\/tr\/wp-json\/wp\/v2\/product"}],"about":[{"href":"https:\/\/naturalpoland.com\/tr\/wp-json\/wp\/v2\/types\/product"}],"wp:featuredmedia":[{"embeddable":true,"href":"https:\/\/naturalpoland.com\/tr\/wp-json\/wp\/v2\/media\/45586"}],"wp:attachment":[{"href":"https:\/\/naturalpoland.com\/tr\/wp-json\/wp\/v2\/media?parent=45584"}],"wp:term":[{"taxonomy":"product_brand","embeddable":true,"href":"https:\/\/naturalpoland.com\/tr\/wp-json\/wp\/v2\/product_brand?post=45584"},{"taxonomy":"product_cat","embeddable":true,"href":"https:\/\/naturalpoland.com\/tr\/wp-json\/wp\/v2\/product_cat?post=45584"},{"taxonomy":"product_tag","embeddable":true,"href":"https:\/\/naturalpoland.com\/tr\/wp-json\/wp\/v2\/product_tag?post=45584"}],"curies":[{"name":"wp","href":"https:\/\/api.w.org\/{rel}","templated":true}]}}