{"id":45587,"date":"2023-09-15T15:34:19","date_gmt":"2023-09-15T13:34:19","guid":{"rendered":"https:\/\/naturalpoland.com\/produkty\/kategorilenmemis\/hayvanlar-icin-toz-hammaddeler\/"},"modified":"2026-02-04T14:10:52","modified_gmt":"2026-02-04T13:10:52","slug":"hayvanlar-icin-toz-hammaddeler","status":"publish","type":"product","link":"https:\/\/naturalpoland.com\/tr\/urunler\/hayvanlar-icin-hammaddeler\/hayvanlar-icin-toz-hammaddeler\/","title":{"rendered":"Hayvanlar i\u00e7in Toz Hammaddeler"},"content":{"rendered":"<ul>\n<li><strong>Yumurta Kabu\u011fu Tozu<\/strong>: Sa\u011fl\u0131kl\u0131 kemikler ve di\u015fler i\u00e7in gerekli do\u011fal kalsiyum ve fosfor kayna\u011f\u0131. Hayvanlar\u0131n iskelet sisteminin d\u00fczg\u00fcn geli\u015fimini destekler. <\/li>\n<li><strong>K\u00f6pekler i\u00e7in Mineral Mama Katk\u0131s\u0131<\/strong>: Temel minerallerle zenginle\u015ftirilmi\u015f bu katk\u0131, organizman\u0131n d\u00fczg\u00fcn \u00e7al\u0131\u015fmas\u0131n\u0131 destekler, k\u00f6pe\u011fin kondisyonunu iyile\u015ftirir ve tam de\u011ferli beslenme sa\u011flamaya yard\u0131mc\u0131 olur.<\/li>\n<li><strong>K\u00f6pekler i\u00e7in Sensitive Mama Katk\u0131s\u0131<\/strong>: Hassas sindirim sistemine sahip k\u00f6pekler i\u00e7in geli\u015ftirilmi\u015ftir. Sindirimi destekler, alerjileri ve tahri\u015f \u00f6nlemeye yard\u0131mc\u0131 olur. <\/li>\n<li><strong>Krill Unu<\/strong>: Protein ve omega-3 ya\u011f asitleri a\u00e7\u0131s\u0131ndan zengin krill unu, m\u00fckemmel bir enerji kayna\u011f\u0131d\u0131r ve deri, t\u00fcy ile kardiyovask\u00fcler sistem sa\u011fl\u0131\u011f\u0131n\u0131 destekler.<\/li>\n<li><strong>Kalamar Unu<\/strong>: Y\u00fcksek protein ve amino asit seviyesi, hayvanlar\u0131n kas dokusunun b\u00fcy\u00fcmesi ve yenilenmesi i\u00e7in de\u011ferli bir bile\u015fen yapar.<\/li>\n<li><strong>MSM Tozu<\/strong>: Sa\u011fl\u0131kl\u0131 eklemleri, kemikleri destekleyen ve deri ile t\u00fcy kondisyonunu iyile\u015ftiren \u00f6zellikleriyle bilinen organik k\u00fck\u00fcrtl\u00fc mineral bile\u015fik.<\/li>\n<\/ul>\n","protected":false},"excerpt":{"rendered":"<p>Hayvanlar i\u00e7in toz hammaddeler, hayvan beslenme \u00fcr\u00fcnlerinde kullan\u0131m i\u00e7in en y\u00fcksek kaliteli bile\u015fenlerdir. \u00d6zel i\u015fleme y\u00f6ntemleri, t\u00fcm de\u011ferli besin \u00f6zelliklerinin korunmas\u0131n\u0131 garanti eder. <\/p>\n","protected":false},"featured_media":45588,"template":"","meta":{"_acf_changed":false},"product_brand":[],"product_cat":[9536],"product_tag":[],"class_list":{"0":"post-45587","1":"product","2":"type-product","3":"status-publish","4":"has-post-thumbnail","6":"product_cat-hayvanlar-icin-hammaddeler","8":"first","9":"instock","10":"shipping-taxable","11":"product-type-simple"},"acf":[],"yoast_head":"<!-- This site is optimized with the Yoast SEO plugin v27.5 - https:\/\/yoast.com\/product\/yoast-seo-wordpress\/ -->\n<title>Hayvanlar i\u00e7in Toz Hammaddeler - Hurtowy Dystrybutor<\/title>\n<meta name=\"description\" content=\"Hayvanlar i\u00e7in toz hammaddeler, hayvan beslenme \u00fcr\u00fcnlerinde kullan\u0131m i\u00e7in en y\u00fcksek kaliteli bile\u015fenlerdir.\" \/>\n<meta name=\"robots\" content=\"index, follow, max-snippet:-1, max-image-preview:large, max-video-preview:-1\" \/>\n<link rel=\"canonical\" href=\"https:\/\/naturalpoland.com\/tr\/urunler\/hayvanlar-icin-hammaddeler\/hayvanlar-icin-toz-hammaddeler\/\" \/>\n<meta property=\"og:locale\" content=\"tr_TR\" \/>\n<meta property=\"og:type\" content=\"article\" \/>\n<meta property=\"og:title\" content=\"Hayvanlar i\u00e7in Toz Hammaddeler - Hurtowy Dystrybutor\" \/>\n<meta property=\"og:description\" content=\"Hayvanlar i\u00e7in toz hammaddeler, hayvan beslenme \u00fcr\u00fcnlerinde kullan\u0131m i\u00e7in en y\u00fcksek kaliteli bile\u015fenlerdir.\" \/>\n<meta property=\"og:url\" content=\"https:\/\/naturalpoland.com\/tr\/urunler\/hayvanlar-icin-hammaddeler\/hayvanlar-icin-toz-hammaddeler\/\" \/>\n<meta property=\"og:site_name\" content=\"NATURAL POLAND - Hurtowy Dystrybutor Surowc\u00f3w\" \/>\n<meta property=\"article:publisher\" content=\"https:\/\/www.facebook.com\/naturalpoland.b2b\" \/>\n<meta property=\"article:modified_time\" content=\"2026-02-04T13:10:52+00:00\" \/>\n<meta property=\"og:image\" content=\"https:\/\/naturalpoland.com\/wp-content\/uploads\/maczka-z-kryla.jpg\" \/>\n\t<meta property=\"og:image:width\" content=\"650\" \/>\n\t<meta property=\"og:image:height\" content=\"650\" \/>\n\t<meta property=\"og:image:type\" content=\"image\/jpeg\" \/>\n<script type=\"application\/ld+json\" class=\"yoast-schema-graph\">{\"@context\":\"https:\\\/\\\/schema.org\",\"@graph\":[{\"@type\":\"WebPage\",\"@id\":\"https:\\\/\\\/naturalpoland.com\\\/tr\\\/urunler\\\/hayvanlar-icin-hammaddeler\\\/hayvanlar-icin-toz-hammaddeler\\\/\",\"url\":\"https:\\\/\\\/naturalpoland.com\\\/tr\\\/urunler\\\/hayvanlar-icin-hammaddeler\\\/hayvanlar-icin-toz-hammaddeler\\\/\",\"name\":\"Hayvanlar i\u00e7in Toz Hammaddeler - Hurtowy Dystrybutor\",\"isPartOf\":{\"@id\":\"https:\\\/\\\/naturalpoland.com\\\/tr\\\/#website\"},\"primaryImageOfPage\":{\"@id\":\"https:\\\/\\\/naturalpoland.com\\\/tr\\\/urunler\\\/hayvanlar-icin-hammaddeler\\\/hayvanlar-icin-toz-hammaddeler\\\/#primaryimage\"},\"image\":{\"@id\":\"https:\\\/\\\/naturalpoland.com\\\/tr\\\/urunler\\\/hayvanlar-icin-hammaddeler\\\/hayvanlar-icin-toz-hammaddeler\\\/#primaryimage\"},\"thumbnailUrl\":\"https:\\\/\\\/naturalpoland.com\\\/wp-content\\\/uploads\\\/maczka-z-kryla.jpg\",\"datePublished\":\"2023-09-15T13:34:19+00:00\",\"dateModified\":\"2026-02-04T13:10:52+00:00\",\"description\":\"Hayvanlar i\u00e7in toz hammaddeler, hayvan beslenme \u00fcr\u00fcnlerinde kullan\u0131m i\u00e7in en y\u00fcksek kaliteli bile\u015fenlerdir.\",\"breadcrumb\":{\"@id\":\"https:\\\/\\\/naturalpoland.com\\\/tr\\\/urunler\\\/hayvanlar-icin-hammaddeler\\\/hayvanlar-icin-toz-hammaddeler\\\/#breadcrumb\"},\"inLanguage\":\"tr\",\"potentialAction\":[{\"@type\":\"ReadAction\",\"target\":[\"https:\\\/\\\/naturalpoland.com\\\/tr\\\/urunler\\\/hayvanlar-icin-hammaddeler\\\/hayvanlar-icin-toz-hammaddeler\\\/\"]}]},{\"@type\":\"ImageObject\",\"inLanguage\":\"tr\",\"@id\":\"https:\\\/\\\/naturalpoland.com\\\/tr\\\/urunler\\\/hayvanlar-icin-hammaddeler\\\/hayvanlar-icin-toz-hammaddeler\\\/#primaryimage\",\"url\":\"https:\\\/\\\/naturalpoland.com\\\/wp-content\\\/uploads\\\/maczka-z-kryla.jpg\",\"contentUrl\":\"https:\\\/\\\/naturalpoland.com\\\/wp-content\\\/uploads\\\/maczka-z-kryla.jpg\",\"width\":650,\"height\":650,\"caption\":\"krill unu\"},{\"@type\":\"BreadcrumbList\",\"@id\":\"https:\\\/\\\/naturalpoland.com\\\/tr\\\/urunler\\\/hayvanlar-icin-hammaddeler\\\/hayvanlar-icin-toz-hammaddeler\\\/#breadcrumb\",\"itemListElement\":[{\"@type\":\"ListItem\",\"position\":1,\"name\":\"Ana Sayfa\",\"item\":\"https:\\\/\\\/naturalpoland.com\\\/tr\\\/\"},{\"@type\":\"ListItem\",\"position\":2,\"name\":\"\u00dcr\u00fcnler\",\"item\":\"https:\\\/\\\/naturalpoland.com\\\/tr\\\/urunler\\\/\"},{\"@type\":\"ListItem\",\"position\":3,\"name\":\"Hayvanlar i\u00e7in Toz Hammaddeler\"}]},{\"@type\":\"WebSite\",\"@id\":\"https:\\\/\\\/naturalpoland.com\\\/tr\\\/#website\",\"url\":\"https:\\\/\\\/naturalpoland.com\\\/tr\\\/\",\"name\":\"NATURAL POLAND - Hurtowy Dystrybutor Surowc\u00f3w\",\"description\":\"Surowce dla przemys\u0142u spo\u017cywczego, kosmetycznego i farmaceutycznego\",\"publisher\":{\"@id\":\"https:\\\/\\\/naturalpoland.com\\\/tr\\\/#organization\"},\"potentialAction\":[{\"@type\":\"SearchAction\",\"target\":{\"@type\":\"EntryPoint\",\"urlTemplate\":\"https:\\\/\\\/naturalpoland.com\\\/tr\\\/?s={search_term_string}\"},\"query-input\":{\"@type\":\"PropertyValueSpecification\",\"valueRequired\":true,\"valueName\":\"search_term_string\"}}],\"inLanguage\":\"tr\"},{\"@type\":\"Organization\",\"@id\":\"https:\\\/\\\/naturalpoland.com\\\/tr\\\/#organization\",\"name\":\"Natural Poland\",\"url\":\"https:\\\/\\\/naturalpoland.com\\\/tr\\\/\",\"logo\":{\"@type\":\"ImageObject\",\"inLanguage\":\"tr\",\"@id\":\"https:\\\/\\\/naturalpoland.com\\\/tr\\\/#\\\/schema\\\/logo\\\/image\\\/\",\"url\":\"https:\\\/\\\/naturalpoland.com\\\/wp-content\\\/uploads\\\/2021\\\/05\\\/natural-poland-icon.png\",\"contentUrl\":\"https:\\\/\\\/naturalpoland.com\\\/wp-content\\\/uploads\\\/2021\\\/05\\\/natural-poland-icon.png\",\"width\":512,\"height\":512,\"caption\":\"Natural Poland\"},\"image\":{\"@id\":\"https:\\\/\\\/naturalpoland.com\\\/tr\\\/#\\\/schema\\\/logo\\\/image\\\/\"},\"sameAs\":[\"https:\\\/\\\/www.facebook.com\\\/naturalpoland.b2b\",\"https:\\\/\\\/pl.linkedin.com\\\/company\\\/natural-poland\",\"https:\\\/\\\/www.youtube.com\\\/channel\\\/UCgeGGkvOMahZo-xu_MSEWxg\"]}]}<\/script>\n<!-- \/ Yoast SEO plugin. -->","yoast_head_json":{"title":"Hayvanlar i\u00e7in Toz Hammaddeler - Hurtowy Dystrybutor","description":"Hayvanlar i\u00e7in toz hammaddeler, hayvan beslenme \u00fcr\u00fcnlerinde kullan\u0131m i\u00e7in en y\u00fcksek kaliteli bile\u015fenlerdir.","robots":{"index":"index","follow":"follow","max-snippet":"max-snippet:-1","max-image-preview":"max-image-preview:large","max-video-preview":"max-video-preview:-1"},"canonical":"https:\/\/naturalpoland.com\/tr\/urunler\/hayvanlar-icin-hammaddeler\/hayvanlar-icin-toz-hammaddeler\/","og_locale":"tr_TR","og_type":"article","og_title":"Hayvanlar i\u00e7in Toz Hammaddeler - Hurtowy Dystrybutor","og_description":"Hayvanlar i\u00e7in toz hammaddeler, hayvan beslenme \u00fcr\u00fcnlerinde kullan\u0131m i\u00e7in en y\u00fcksek kaliteli bile\u015fenlerdir.","og_url":"https:\/\/naturalpoland.com\/tr\/urunler\/hayvanlar-icin-hammaddeler\/hayvanlar-icin-toz-hammaddeler\/","og_site_name":"NATURAL POLAND - Hurtowy Dystrybutor Surowc\u00f3w","article_publisher":"https:\/\/www.facebook.com\/naturalpoland.b2b","article_modified_time":"2026-02-04T13:10:52+00:00","og_image":[{"width":650,"height":650,"url":"https:\/\/naturalpoland.com\/wp-content\/uploads\/maczka-z-kryla.jpg","type":"image\/jpeg"}],"schema":{"@context":"https:\/\/schema.org","@graph":[{"@type":"WebPage","@id":"https:\/\/naturalpoland.com\/tr\/urunler\/hayvanlar-icin-hammaddeler\/hayvanlar-icin-toz-hammaddeler\/","url":"https:\/\/naturalpoland.com\/tr\/urunler\/hayvanlar-icin-hammaddeler\/hayvanlar-icin-toz-hammaddeler\/","name":"Hayvanlar i\u00e7in Toz Hammaddeler - Hurtowy Dystrybutor","isPartOf":{"@id":"https:\/\/naturalpoland.com\/tr\/#website"},"primaryImageOfPage":{"@id":"https:\/\/naturalpoland.com\/tr\/urunler\/hayvanlar-icin-hammaddeler\/hayvanlar-icin-toz-hammaddeler\/#primaryimage"},"image":{"@id":"https:\/\/naturalpoland.com\/tr\/urunler\/hayvanlar-icin-hammaddeler\/hayvanlar-icin-toz-hammaddeler\/#primaryimage"},"thumbnailUrl":"https:\/\/naturalpoland.com\/wp-content\/uploads\/maczka-z-kryla.jpg","datePublished":"2023-09-15T13:34:19+00:00","dateModified":"2026-02-04T13:10:52+00:00","description":"Hayvanlar i\u00e7in toz hammaddeler, hayvan beslenme \u00fcr\u00fcnlerinde kullan\u0131m i\u00e7in en y\u00fcksek kaliteli bile\u015fenlerdir.","breadcrumb":{"@id":"https:\/\/naturalpoland.com\/tr\/urunler\/hayvanlar-icin-hammaddeler\/hayvanlar-icin-toz-hammaddeler\/#breadcrumb"},"inLanguage":"tr","potentialAction":[{"@type":"ReadAction","target":["https:\/\/naturalpoland.com\/tr\/urunler\/hayvanlar-icin-hammaddeler\/hayvanlar-icin-toz-hammaddeler\/"]}]},{"@type":"ImageObject","inLanguage":"tr","@id":"https:\/\/naturalpoland.com\/tr\/urunler\/hayvanlar-icin-hammaddeler\/hayvanlar-icin-toz-hammaddeler\/#primaryimage","url":"https:\/\/naturalpoland.com\/wp-content\/uploads\/maczka-z-kryla.jpg","contentUrl":"https:\/\/naturalpoland.com\/wp-content\/uploads\/maczka-z-kryla.jpg","width":650,"height":650,"caption":"krill unu"},{"@type":"BreadcrumbList","@id":"https:\/\/naturalpoland.com\/tr\/urunler\/hayvanlar-icin-hammaddeler\/hayvanlar-icin-toz-hammaddeler\/#breadcrumb","itemListElement":[{"@type":"ListItem","position":1,"name":"Ana Sayfa","item":"https:\/\/naturalpoland.com\/tr\/"},{"@type":"ListItem","position":2,"name":"\u00dcr\u00fcnler","item":"https:\/\/naturalpoland.com\/tr\/urunler\/"},{"@type":"ListItem","position":3,"name":"Hayvanlar i\u00e7in Toz Hammaddeler"}]},{"@type":"WebSite","@id":"https:\/\/naturalpoland.com\/tr\/#website","url":"https:\/\/naturalpoland.com\/tr\/","name":"NATURAL POLAND - Hurtowy Dystrybutor Surowc\u00f3w","description":"Surowce dla przemys\u0142u spo\u017cywczego, kosmetycznego i farmaceutycznego","publisher":{"@id":"https:\/\/naturalpoland.com\/tr\/#organization"},"potentialAction":[{"@type":"SearchAction","target":{"@type":"EntryPoint","urlTemplate":"https:\/\/naturalpoland.com\/tr\/?s={search_term_string}"},"query-input":{"@type":"PropertyValueSpecification","valueRequired":true,"valueName":"search_term_string"}}],"inLanguage":"tr"},{"@type":"Organization","@id":"https:\/\/naturalpoland.com\/tr\/#organization","name":"Natural Poland","url":"https:\/\/naturalpoland.com\/tr\/","logo":{"@type":"ImageObject","inLanguage":"tr","@id":"https:\/\/naturalpoland.com\/tr\/#\/schema\/logo\/image\/","url":"https:\/\/naturalpoland.com\/wp-content\/uploads\/2021\/05\/natural-poland-icon.png","contentUrl":"https:\/\/naturalpoland.com\/wp-content\/uploads\/2021\/05\/natural-poland-icon.png","width":512,"height":512,"caption":"Natural Poland"},"image":{"@id":"https:\/\/naturalpoland.com\/tr\/#\/schema\/logo\/image\/"},"sameAs":["https:\/\/www.facebook.com\/naturalpoland.b2b","https:\/\/pl.linkedin.com\/company\/natural-poland","https:\/\/www.youtube.com\/channel\/UCgeGGkvOMahZo-xu_MSEWxg"]}]}},"_links":{"self":[{"href":"https:\/\/naturalpoland.com\/tr\/wp-json\/wp\/v2\/product\/45587","targetHints":{"allow":["GET"]}}],"collection":[{"href":"https:\/\/naturalpoland.com\/tr\/wp-json\/wp\/v2\/product"}],"about":[{"href":"https:\/\/naturalpoland.com\/tr\/wp-json\/wp\/v2\/types\/product"}],"wp:featuredmedia":[{"embeddable":true,"href":"https:\/\/naturalpoland.com\/tr\/wp-json\/wp\/v2\/media\/45588"}],"wp:attachment":[{"href":"https:\/\/naturalpoland.com\/tr\/wp-json\/wp\/v2\/media?parent=45587"}],"wp:term":[{"taxonomy":"product_brand","embeddable":true,"href":"https:\/\/naturalpoland.com\/tr\/wp-json\/wp\/v2\/product_brand?post=45587"},{"taxonomy":"product_cat","embeddable":true,"href":"https:\/\/naturalpoland.com\/tr\/wp-json\/wp\/v2\/product_cat?post=45587"},{"taxonomy":"product_tag","embeddable":true,"href":"https:\/\/naturalpoland.com\/tr\/wp-json\/wp\/v2\/product_tag?post=45587"}],"curies":[{"name":"wp","href":"https:\/\/api.w.org\/{rel}","templated":true}]}}