{"id":45593,"date":"2023-09-15T15:13:14","date_gmt":"2023-09-15T13:13:14","guid":{"rendered":"https:\/\/naturalpoland.com\/produkty\/kategorilenmemis\/hayvan-yaglari\/"},"modified":"2026-02-04T14:11:20","modified_gmt":"2026-02-04T13:11:20","slug":"hayvan-yaglari","status":"publish","type":"product","link":"https:\/\/naturalpoland.com\/tr\/urunler\/hayvanlar-icin-hammaddeler\/hayvan-yaglari\/","title":{"rendered":"Hayvan Ya\u011flar\u0131"},"content":{"rendered":"<div class=\"group w-full text-token-text-primary border-b border-black\/10 dark:border-gray-900\/50 bg-gray-50 dark:bg-[#444654]\" data-testid=\"conversation-turn-120\">\n<div class=\"p-4 justify-center text-base md:gap-6 md:py-6 m-auto\">\n<div class=\"flex flex-1 gap-4 text-base mx-auto md:gap-6 md:max-w-2xl lg:max-w-[38rem] xl:max-w-3xl }\">\n<div class=\"relative flex w-[calc(100%-50px)] flex-col gap-1 md:gap-3 lg:w-[calc(100%-115px)]\">\n<div class=\"flex flex-grow flex-col gap-3 max-w-full\">\n<div class=\"min-h-[20px] flex flex-col items-start gap-3 overflow-x-auto whitespace-pre-wrap break-words\">\n<div class=\"markdown prose w-full break-words dark:prose-invert light\">\n<ul>\n<li><strong>\u00c7\u00f6rek otu ya\u011f\u0131<\/strong>: G\u00fc\u00e7l\u00fc anti-enflamatuar ve antioksidan \u00f6zellikleriyle bilinir. Ba\u011f\u0131\u015f\u0131kl\u0131k sistemini destekler, deri ve t\u00fcy sa\u011fl\u0131\u011f\u0131n\u0131 olumlu etkiler. Deri sorunlar\u0131 veya alerjileri olan hayvanlar i\u00e7in idealdir.  <\/li>\n<li><strong>Somon ya\u011f\u0131<\/strong>: Kalp-damar sistemi, deri ve t\u00fcyleri olumlu etkileyen omega-3 \u00e7oklu doymam\u0131\u015f ya\u011f asitleri a\u00e7\u0131s\u0131ndan zengindir. \u00d6zellikle ya\u015fl\u0131 hayvanlar ve eklem sorunlar\u0131 olan hayvanlar i\u00e7in \u00f6nerilir. <\/li>\n<li><strong>Morina bal\u0131\u011f\u0131 karaci\u011fer ya\u011f\u0131<\/strong>: G\u00f6z, kemik ve ba\u011f\u0131\u015f\u0131kl\u0131k sistemi sa\u011fl\u0131\u011f\u0131n\u0131 destekleyen A ve D vitaminlerinin de\u011ferli kayna\u011f\u0131d\u0131r. Gen\u00e7, b\u00fcy\u00fcyen hayvanlar ve iyile\u015fme d\u00f6nemindeki hayvanlar i\u00e7in tavsiye edilir. <\/li>\n<li><strong>Keten tohumu ya\u011f\u0131<\/strong>: Kalp-damar sistemini destekleyen ve deri ile t\u00fcyler \u00fczerinde olumlu etkisi olan omega-3 ve omega-6 ya\u011f asitleri i\u00e7erir.<\/li>\n<li><strong>Kenevir ya\u011f\u0131<\/strong>: Esansiyel ya\u011f asitleri ve antioksidanlar i\u00e7erir, sinir sistemini destekler ve deri ile t\u00fcy kondisyonunu iyile\u015ftirir.<\/li>\n<\/ul>\n<p>Hayvan ya\u011flar\u0131m\u0131z en y\u00fcksek kalite garantisidir ve do\u011fal kaynaklardan elde edilmektedir. Nazik ekstraksiyon s\u00fcreci t\u00fcm faydal\u0131 \u00f6zelliklerin korunmas\u0131n\u0131 sa\u011flar. Bu ya\u011flar\u0131n hayvan \u00fcr\u00fcnlerinde kullan\u0131m\u0131, hayvanlar\u0131n daha iyi hissetmelerine ve sa\u011fl\u0131kl\u0131 g\u00f6r\u00fcn\u00fcmlerine katk\u0131da bulunur. En y\u00fcksek kalitede bile\u015fenler arayan hayvan mamas\u0131 \u00fcreticileri ve perakende sat\u0131c\u0131lar\u0131 i\u00e7in idealdir.   <\/p>\n<\/div>\n<\/div>\n<\/div>\n<div class=\"flex justify-between lg:block\">\n<div class=\"text-xs flex items-center justify-center gap-1 self-center pt-2 !invisible\"><\/div>\n<div class=\"text-gray-400 flex self-end lg:self-center justify-center mt-2 gap-2 md:gap-3 lg:gap-1 lg:absolute lg:top-0 lg:translate-x-full lg:right-0 lg:mt-0 lg:pl-2 visible\"><button class=\"flex ml-auto gap-2 rounded-md p-1 hover:bg-gray-100 hover:text-gray-700 dark:text-gray-400 dark:hover:bg-gray-700 dark:hover:text-gray-200 disabled:dark:hover:text-gray-400\"><\/button><\/p>\n<div class=\"flex gap-1\"><\/div>\n<\/div>\n<\/div>\n<\/div>\n<\/div>\n<\/div>\n<\/div>\n","protected":false},"excerpt":{"rendered":"<p>Sundu\u011fumuz hayvan ya\u011flar\u0131, hayvanlar\u0131n beslenme deste\u011finde \u00f6nemli bir katk\u0131 olan gerekli ya\u011f asitleri ve vitaminlerin m\u00fckemmel bir kayna\u011f\u0131n\u0131 olu\u015fturmaktad\u0131r. Her ya\u011f, hayvan\u0131n genel sa\u011fl\u0131\u011f\u0131n\u0131n desteklenmesine katk\u0131da bulunan spesifik besin bile\u015feni profili ile karakterize edilmektedir. <\/p>\n","protected":false},"featured_media":45594,"template":"","meta":{"_acf_changed":false},"product_brand":[],"product_cat":[9536],"product_tag":[],"class_list":{"0":"post-45593","1":"product","2":"type-product","3":"status-publish","4":"has-post-thumbnail","6":"product_cat-hayvanlar-icin-hammaddeler","8":"first","9":"instock","10":"shipping-taxable","11":"product-type-simple"},"acf":[],"yoast_head":"<!-- This site is optimized with the Yoast SEO plugin v27.5 - https:\/\/yoast.com\/product\/yoast-seo-wordpress\/ -->\n<title>Hayvan Ya\u011flar\u0131 - Hurtowy Dystrybutor<\/title>\n<meta name=\"description\" content=\"Hayvan ya\u011flar\u0131, hayvanlar\u0131n beslenme deste\u011finde \u00f6nemli bir katk\u0131 olan gerekli ya\u011f asitleri ve vitaminlerin m\u00fckemmel bir kayna\u011f\u0131n\u0131 olu\u015fturmaktad\u0131r.\" \/>\n<meta name=\"robots\" content=\"index, follow, max-snippet:-1, max-image-preview:large, max-video-preview:-1\" \/>\n<link rel=\"canonical\" href=\"https:\/\/naturalpoland.com\/tr\/urunler\/hayvanlar-icin-hammaddeler\/hayvan-yaglari\/\" \/>\n<meta property=\"og:locale\" content=\"tr_TR\" \/>\n<meta property=\"og:type\" content=\"article\" \/>\n<meta property=\"og:title\" content=\"Hayvan Ya\u011flar\u0131 - Hurtowy Dystrybutor\" \/>\n<meta property=\"og:description\" content=\"Hayvan ya\u011flar\u0131, hayvanlar\u0131n beslenme deste\u011finde \u00f6nemli bir katk\u0131 olan gerekli ya\u011f asitleri ve vitaminlerin m\u00fckemmel bir kayna\u011f\u0131n\u0131 olu\u015fturmaktad\u0131r.\" \/>\n<meta property=\"og:url\" content=\"https:\/\/naturalpoland.com\/tr\/urunler\/hayvanlar-icin-hammaddeler\/hayvan-yaglari\/\" \/>\n<meta property=\"og:site_name\" content=\"NATURAL POLAND - Hurtowy Dystrybutor Surowc\u00f3w\" \/>\n<meta property=\"article:publisher\" content=\"https:\/\/www.facebook.com\/naturalpoland.b2b\" \/>\n<meta property=\"article:modified_time\" content=\"2026-02-04T13:11:20+00:00\" \/>\n<meta property=\"og:image\" content=\"https:\/\/naturalpoland.com\/wp-content\/uploads\/oleje-dla-zwierzat.jpg\" \/>\n\t<meta property=\"og:image:width\" content=\"650\" \/>\n\t<meta property=\"og:image:height\" content=\"650\" \/>\n\t<meta property=\"og:image:type\" content=\"image\/jpeg\" \/>\n<script type=\"application\/ld+json\" class=\"yoast-schema-graph\">{\"@context\":\"https:\\\/\\\/schema.org\",\"@graph\":[{\"@type\":\"WebPage\",\"@id\":\"https:\\\/\\\/naturalpoland.com\\\/tr\\\/urunler\\\/hayvanlar-icin-hammaddeler\\\/hayvan-yaglari\\\/\",\"url\":\"https:\\\/\\\/naturalpoland.com\\\/tr\\\/urunler\\\/hayvanlar-icin-hammaddeler\\\/hayvan-yaglari\\\/\",\"name\":\"Hayvan Ya\u011flar\u0131 - Hurtowy Dystrybutor\",\"isPartOf\":{\"@id\":\"https:\\\/\\\/naturalpoland.com\\\/tr\\\/#website\"},\"primaryImageOfPage\":{\"@id\":\"https:\\\/\\\/naturalpoland.com\\\/tr\\\/urunler\\\/hayvanlar-icin-hammaddeler\\\/hayvan-yaglari\\\/#primaryimage\"},\"image\":{\"@id\":\"https:\\\/\\\/naturalpoland.com\\\/tr\\\/urunler\\\/hayvanlar-icin-hammaddeler\\\/hayvan-yaglari\\\/#primaryimage\"},\"thumbnailUrl\":\"https:\\\/\\\/naturalpoland.com\\\/wp-content\\\/uploads\\\/oleje-dla-zwierzat.jpg\",\"datePublished\":\"2023-09-15T13:13:14+00:00\",\"dateModified\":\"2026-02-04T13:11:20+00:00\",\"description\":\"Hayvan ya\u011flar\u0131, hayvanlar\u0131n beslenme deste\u011finde \u00f6nemli bir katk\u0131 olan gerekli ya\u011f asitleri ve vitaminlerin m\u00fckemmel bir kayna\u011f\u0131n\u0131 olu\u015fturmaktad\u0131r.\",\"breadcrumb\":{\"@id\":\"https:\\\/\\\/naturalpoland.com\\\/tr\\\/urunler\\\/hayvanlar-icin-hammaddeler\\\/hayvan-yaglari\\\/#breadcrumb\"},\"inLanguage\":\"tr\",\"potentialAction\":[{\"@type\":\"ReadAction\",\"target\":[\"https:\\\/\\\/naturalpoland.com\\\/tr\\\/urunler\\\/hayvanlar-icin-hammaddeler\\\/hayvan-yaglari\\\/\"]}]},{\"@type\":\"ImageObject\",\"inLanguage\":\"tr\",\"@id\":\"https:\\\/\\\/naturalpoland.com\\\/tr\\\/urunler\\\/hayvanlar-icin-hammaddeler\\\/hayvan-yaglari\\\/#primaryimage\",\"url\":\"https:\\\/\\\/naturalpoland.com\\\/wp-content\\\/uploads\\\/oleje-dla-zwierzat.jpg\",\"contentUrl\":\"https:\\\/\\\/naturalpoland.com\\\/wp-content\\\/uploads\\\/oleje-dla-zwierzat.jpg\",\"width\":650,\"height\":650,\"caption\":\"hayvan ya\u011flar\u0131\"},{\"@type\":\"BreadcrumbList\",\"@id\":\"https:\\\/\\\/naturalpoland.com\\\/tr\\\/urunler\\\/hayvanlar-icin-hammaddeler\\\/hayvan-yaglari\\\/#breadcrumb\",\"itemListElement\":[{\"@type\":\"ListItem\",\"position\":1,\"name\":\"Ana Sayfa\",\"item\":\"https:\\\/\\\/naturalpoland.com\\\/tr\\\/\"},{\"@type\":\"ListItem\",\"position\":2,\"name\":\"\u00dcr\u00fcnler\",\"item\":\"https:\\\/\\\/naturalpoland.com\\\/tr\\\/urunler\\\/\"},{\"@type\":\"ListItem\",\"position\":3,\"name\":\"Hayvan Ya\u011flar\u0131\"}]},{\"@type\":\"WebSite\",\"@id\":\"https:\\\/\\\/naturalpoland.com\\\/tr\\\/#website\",\"url\":\"https:\\\/\\\/naturalpoland.com\\\/tr\\\/\",\"name\":\"NATURAL POLAND - Hurtowy Dystrybutor Surowc\u00f3w\",\"description\":\"Surowce dla przemys\u0142u spo\u017cywczego, kosmetycznego i farmaceutycznego\",\"publisher\":{\"@id\":\"https:\\\/\\\/naturalpoland.com\\\/tr\\\/#organization\"},\"potentialAction\":[{\"@type\":\"SearchAction\",\"target\":{\"@type\":\"EntryPoint\",\"urlTemplate\":\"https:\\\/\\\/naturalpoland.com\\\/tr\\\/?s={search_term_string}\"},\"query-input\":{\"@type\":\"PropertyValueSpecification\",\"valueRequired\":true,\"valueName\":\"search_term_string\"}}],\"inLanguage\":\"tr\"},{\"@type\":\"Organization\",\"@id\":\"https:\\\/\\\/naturalpoland.com\\\/tr\\\/#organization\",\"name\":\"Natural Poland\",\"url\":\"https:\\\/\\\/naturalpoland.com\\\/tr\\\/\",\"logo\":{\"@type\":\"ImageObject\",\"inLanguage\":\"tr\",\"@id\":\"https:\\\/\\\/naturalpoland.com\\\/tr\\\/#\\\/schema\\\/logo\\\/image\\\/\",\"url\":\"https:\\\/\\\/naturalpoland.com\\\/wp-content\\\/uploads\\\/2021\\\/05\\\/natural-poland-icon.png\",\"contentUrl\":\"https:\\\/\\\/naturalpoland.com\\\/wp-content\\\/uploads\\\/2021\\\/05\\\/natural-poland-icon.png\",\"width\":512,\"height\":512,\"caption\":\"Natural Poland\"},\"image\":{\"@id\":\"https:\\\/\\\/naturalpoland.com\\\/tr\\\/#\\\/schema\\\/logo\\\/image\\\/\"},\"sameAs\":[\"https:\\\/\\\/www.facebook.com\\\/naturalpoland.b2b\",\"https:\\\/\\\/pl.linkedin.com\\\/company\\\/natural-poland\",\"https:\\\/\\\/www.youtube.com\\\/channel\\\/UCgeGGkvOMahZo-xu_MSEWxg\"]}]}<\/script>\n<!-- \/ Yoast SEO plugin. -->","yoast_head_json":{"title":"Hayvan Ya\u011flar\u0131 - Hurtowy Dystrybutor","description":"Hayvan ya\u011flar\u0131, hayvanlar\u0131n beslenme deste\u011finde \u00f6nemli bir katk\u0131 olan gerekli ya\u011f asitleri ve vitaminlerin m\u00fckemmel bir kayna\u011f\u0131n\u0131 olu\u015fturmaktad\u0131r.","robots":{"index":"index","follow":"follow","max-snippet":"max-snippet:-1","max-image-preview":"max-image-preview:large","max-video-preview":"max-video-preview:-1"},"canonical":"https:\/\/naturalpoland.com\/tr\/urunler\/hayvanlar-icin-hammaddeler\/hayvan-yaglari\/","og_locale":"tr_TR","og_type":"article","og_title":"Hayvan Ya\u011flar\u0131 - Hurtowy Dystrybutor","og_description":"Hayvan ya\u011flar\u0131, hayvanlar\u0131n beslenme deste\u011finde \u00f6nemli bir katk\u0131 olan gerekli ya\u011f asitleri ve vitaminlerin m\u00fckemmel bir kayna\u011f\u0131n\u0131 olu\u015fturmaktad\u0131r.","og_url":"https:\/\/naturalpoland.com\/tr\/urunler\/hayvanlar-icin-hammaddeler\/hayvan-yaglari\/","og_site_name":"NATURAL POLAND - Hurtowy Dystrybutor Surowc\u00f3w","article_publisher":"https:\/\/www.facebook.com\/naturalpoland.b2b","article_modified_time":"2026-02-04T13:11:20+00:00","og_image":[{"width":650,"height":650,"url":"https:\/\/naturalpoland.com\/wp-content\/uploads\/oleje-dla-zwierzat.jpg","type":"image\/jpeg"}],"schema":{"@context":"https:\/\/schema.org","@graph":[{"@type":"WebPage","@id":"https:\/\/naturalpoland.com\/tr\/urunler\/hayvanlar-icin-hammaddeler\/hayvan-yaglari\/","url":"https:\/\/naturalpoland.com\/tr\/urunler\/hayvanlar-icin-hammaddeler\/hayvan-yaglari\/","name":"Hayvan Ya\u011flar\u0131 - Hurtowy Dystrybutor","isPartOf":{"@id":"https:\/\/naturalpoland.com\/tr\/#website"},"primaryImageOfPage":{"@id":"https:\/\/naturalpoland.com\/tr\/urunler\/hayvanlar-icin-hammaddeler\/hayvan-yaglari\/#primaryimage"},"image":{"@id":"https:\/\/naturalpoland.com\/tr\/urunler\/hayvanlar-icin-hammaddeler\/hayvan-yaglari\/#primaryimage"},"thumbnailUrl":"https:\/\/naturalpoland.com\/wp-content\/uploads\/oleje-dla-zwierzat.jpg","datePublished":"2023-09-15T13:13:14+00:00","dateModified":"2026-02-04T13:11:20+00:00","description":"Hayvan ya\u011flar\u0131, hayvanlar\u0131n beslenme deste\u011finde \u00f6nemli bir katk\u0131 olan gerekli ya\u011f asitleri ve vitaminlerin m\u00fckemmel bir kayna\u011f\u0131n\u0131 olu\u015fturmaktad\u0131r.","breadcrumb":{"@id":"https:\/\/naturalpoland.com\/tr\/urunler\/hayvanlar-icin-hammaddeler\/hayvan-yaglari\/#breadcrumb"},"inLanguage":"tr","potentialAction":[{"@type":"ReadAction","target":["https:\/\/naturalpoland.com\/tr\/urunler\/hayvanlar-icin-hammaddeler\/hayvan-yaglari\/"]}]},{"@type":"ImageObject","inLanguage":"tr","@id":"https:\/\/naturalpoland.com\/tr\/urunler\/hayvanlar-icin-hammaddeler\/hayvan-yaglari\/#primaryimage","url":"https:\/\/naturalpoland.com\/wp-content\/uploads\/oleje-dla-zwierzat.jpg","contentUrl":"https:\/\/naturalpoland.com\/wp-content\/uploads\/oleje-dla-zwierzat.jpg","width":650,"height":650,"caption":"hayvan ya\u011flar\u0131"},{"@type":"BreadcrumbList","@id":"https:\/\/naturalpoland.com\/tr\/urunler\/hayvanlar-icin-hammaddeler\/hayvan-yaglari\/#breadcrumb","itemListElement":[{"@type":"ListItem","position":1,"name":"Ana Sayfa","item":"https:\/\/naturalpoland.com\/tr\/"},{"@type":"ListItem","position":2,"name":"\u00dcr\u00fcnler","item":"https:\/\/naturalpoland.com\/tr\/urunler\/"},{"@type":"ListItem","position":3,"name":"Hayvan Ya\u011flar\u0131"}]},{"@type":"WebSite","@id":"https:\/\/naturalpoland.com\/tr\/#website","url":"https:\/\/naturalpoland.com\/tr\/","name":"NATURAL POLAND - Hurtowy Dystrybutor Surowc\u00f3w","description":"Surowce dla przemys\u0142u spo\u017cywczego, kosmetycznego i farmaceutycznego","publisher":{"@id":"https:\/\/naturalpoland.com\/tr\/#organization"},"potentialAction":[{"@type":"SearchAction","target":{"@type":"EntryPoint","urlTemplate":"https:\/\/naturalpoland.com\/tr\/?s={search_term_string}"},"query-input":{"@type":"PropertyValueSpecification","valueRequired":true,"valueName":"search_term_string"}}],"inLanguage":"tr"},{"@type":"Organization","@id":"https:\/\/naturalpoland.com\/tr\/#organization","name":"Natural Poland","url":"https:\/\/naturalpoland.com\/tr\/","logo":{"@type":"ImageObject","inLanguage":"tr","@id":"https:\/\/naturalpoland.com\/tr\/#\/schema\/logo\/image\/","url":"https:\/\/naturalpoland.com\/wp-content\/uploads\/2021\/05\/natural-poland-icon.png","contentUrl":"https:\/\/naturalpoland.com\/wp-content\/uploads\/2021\/05\/natural-poland-icon.png","width":512,"height":512,"caption":"Natural Poland"},"image":{"@id":"https:\/\/naturalpoland.com\/tr\/#\/schema\/logo\/image\/"},"sameAs":["https:\/\/www.facebook.com\/naturalpoland.b2b","https:\/\/pl.linkedin.com\/company\/natural-poland","https:\/\/www.youtube.com\/channel\/UCgeGGkvOMahZo-xu_MSEWxg"]}]}},"_links":{"self":[{"href":"https:\/\/naturalpoland.com\/tr\/wp-json\/wp\/v2\/product\/45593","targetHints":{"allow":["GET"]}}],"collection":[{"href":"https:\/\/naturalpoland.com\/tr\/wp-json\/wp\/v2\/product"}],"about":[{"href":"https:\/\/naturalpoland.com\/tr\/wp-json\/wp\/v2\/types\/product"}],"wp:featuredmedia":[{"embeddable":true,"href":"https:\/\/naturalpoland.com\/tr\/wp-json\/wp\/v2\/media\/45594"}],"wp:attachment":[{"href":"https:\/\/naturalpoland.com\/tr\/wp-json\/wp\/v2\/media?parent=45593"}],"wp:term":[{"taxonomy":"product_brand","embeddable":true,"href":"https:\/\/naturalpoland.com\/tr\/wp-json\/wp\/v2\/product_brand?post=45593"},{"taxonomy":"product_cat","embeddable":true,"href":"https:\/\/naturalpoland.com\/tr\/wp-json\/wp\/v2\/product_cat?post=45593"},{"taxonomy":"product_tag","embeddable":true,"href":"https:\/\/naturalpoland.com\/tr\/wp-json\/wp\/v2\/product_tag?post=45593"}],"curies":[{"name":"wp","href":"https:\/\/api.w.org\/{rel}","templated":true}]}}