{"id":45597,"date":"2023-10-02T13:56:47","date_gmt":"2023-10-02T11:56:47","guid":{"rendered":"https:\/\/naturalpoland.com\/produkty\/kategorilenmemis\/bakla-proteini\/"},"modified":"2026-02-04T14:11:41","modified_gmt":"2026-02-04T13:11:41","slug":"bakla-proteini","status":"publish","type":"product","link":"https:\/\/naturalpoland.com\/tr\/urunler\/gida-hammaddeleri\/bitkisel-proteinler\/bakla-proteini\/","title":{"rendered":"Bakla Proteini"},"content":{"rendered":"<p>En b\u00fcy\u00fck avantaj\u0131 eksiksiz amino asit profiline sahip olmas\u0131d\u0131r \u2013 <strong>t\u00fcm gerekli amino asitleri i\u00e7erir<\/strong>, bu da bitkisel proteinler aras\u0131nda nadir g\u00f6r\u00fclen bir \u00f6zelliktir. Bu sayede bakla proteini, v\u00fccudun rejenerasyon s\u00fcre\u00e7lerini, kas dokusunun yap\u0131m\u0131n\u0131 ve onar\u0131m\u0131n\u0131 ile bir\u00e7ok \u00f6nemli metabolik s\u00fcrecin d\u00fczg\u00fcn i\u015fleyi\u015fini etkili bir \u015fekilde destekleyebilir. <\/p>\n<p>Bakla proteininin besin de\u011ferleri olduk\u00e7a \u00e7ok y\u00f6nl\u00fcd\u00fcr. Bu \u00fcr\u00fcn hem sporcular hem de daha az aktif ya\u015fam tarz\u0131 s\u00fcren ki\u015filer taraf\u0131ndan ba\u015far\u0131yla kullan\u0131labilir. D\u00fczenli t\u00fcketimi genel v\u00fccut kondisyonunun iyile\u015fmesine ve g\u00fcnl\u00fck protein ihtiyac\u0131n\u0131n kar\u015f\u0131lanmas\u0131na katk\u0131da bulunabilir, bu da \u00f6zellikle vejetaryen ve vegan diyetlerde kritik \u00f6neme sahiptir.  <\/p>\n<p>Bakla proteininin hafif, n\u00f6tr tad\u0131 farkl\u0131 g\u0131da \u00fcr\u00fcnleriyle m\u00fckemmel uyum sa\u011flar. Smoothie&#8217;lere, protein kokteyline, yulaf lapas\u0131na, yo\u011furda, salatalara eklenebilir veya unlu mamullerde ve haz\u0131r yemeklerde besin de\u011ferini art\u0131ran bir bile\u015fen olarak kullan\u0131labilir. <\/p>\n<p>Ayr\u0131ca bakla proteini glutensiz ve hipoalerjenik bir \u00fcr\u00fcnd\u00fcr, bu da onu g\u0131da intoleranslar\u0131 ve alerjileri olan ki\u015filer i\u00e7in g\u00fcvenli k\u0131lar. Uygun \u015fekilde i\u015flendi\u011finde, sindirim sistemi i\u00e7in ek y\u00fck olu\u015fturmadan v\u00fccut taraf\u0131ndan kolayca emilen ve sindirilen bir bile\u015fen olu\u015fturur. <\/p>\n<p>Bakla proteini \u00fcretiminin ekolojik y\u00f6nleri de g\u00f6z ard\u0131 edilemez. Bu, yeti\u015ftiricili\u011fi \u00e7evre \u00fczerinde d\u00fc\u015f\u00fck etkiye sahip s\u00fcrd\u00fcr\u00fclebilir bir hammaddedir ve bu da onu gezegen dostu bir se\u00e7im haline getirir. T\u00fcketicilerin artan \u00e7evre bilincinin oldu\u011fu g\u00fcn\u00fcm\u00fczde, bu arg\u00fcman giderek daha fazla \u00f6nem kazanmakta ve bakla proteini kesinlikle bu beklentileri kar\u015f\u0131lamaktad\u0131r.  <\/p>\n","protected":false},"excerpt":{"rendered":"<p>%60 protein i\u00e7eri\u011fiyle bakla proteini, m\u00fckemmel bir bitkisel protein kayna\u011f\u0131d\u0131r. Diyetlerinde \u00e7e\u015fitli ve de\u011ferli protein kaynaklar\u0131 arayan ki\u015filer i\u00e7in m\u00fckemmel bir alternatiftir. <\/p>\n","protected":false},"featured_media":45598,"template":"","meta":{"_acf_changed":false},"product_brand":[],"product_cat":[9567],"product_tag":[],"class_list":{"0":"post-45597","1":"product","2":"type-product","3":"status-publish","4":"has-post-thumbnail","6":"product_cat-bitkisel-proteinler","8":"first","9":"instock","10":"shipping-taxable","11":"product-type-simple"},"acf":[],"yoast_head":"<!-- This site is optimized with the Yoast SEO plugin v27.6 - https:\/\/yoast.com\/product\/yoast-seo-wordpress\/ -->\n<title>Bakla Proteini - Hurtowy Dystrybutor<\/title>\n<meta name=\"robots\" content=\"index, follow, max-snippet:-1, max-image-preview:large, max-video-preview:-1\" \/>\n<link rel=\"canonical\" href=\"https:\/\/naturalpoland.com\/tr\/urunler\/gida-hammaddeleri\/bitkisel-proteinler\/bakla-proteini\/\" \/>\n<meta property=\"og:locale\" content=\"tr_TR\" \/>\n<meta property=\"og:type\" content=\"article\" \/>\n<meta property=\"og:title\" content=\"Bakla Proteini - Hurtowy Dystrybutor\" \/>\n<meta property=\"og:description\" content=\"%60 protein i\u00e7eri\u011fiyle bakla proteini, m\u00fckemmel bir bitkisel protein kayna\u011f\u0131d\u0131r. Diyetlerinde \u00e7e\u015fitli ve de\u011ferli protein kaynaklar\u0131 arayan ki\u015filer i\u00e7in m\u00fckemmel bir alternatiftir.\" \/>\n<meta property=\"og:url\" content=\"https:\/\/naturalpoland.com\/tr\/urunler\/gida-hammaddeleri\/bitkisel-proteinler\/bakla-proteini\/\" \/>\n<meta property=\"og:site_name\" content=\"NATURAL POLAND - Hurtowy Dystrybutor Surowc\u00f3w\" \/>\n<meta property=\"article:publisher\" content=\"https:\/\/www.facebook.com\/naturalpoland.b2b\" \/>\n<meta property=\"article:modified_time\" content=\"2026-02-04T13:11:41+00:00\" \/>\n<meta property=\"og:image\" content=\"https:\/\/naturalpoland.com\/wp-content\/uploads\/bialko-bobu.jpg\" \/>\n\t<meta property=\"og:image:width\" content=\"650\" \/>\n\t<meta property=\"og:image:height\" content=\"650\" \/>\n\t<meta property=\"og:image:type\" content=\"image\/jpeg\" \/>\n<script type=\"application\/ld+json\" class=\"yoast-schema-graph\">{\"@context\":\"https:\\\/\\\/schema.org\",\"@graph\":[{\"@type\":\"WebPage\",\"@id\":\"https:\\\/\\\/naturalpoland.com\\\/tr\\\/urunler\\\/gida-hammaddeleri\\\/bitkisel-proteinler\\\/bakla-proteini\\\/\",\"url\":\"https:\\\/\\\/naturalpoland.com\\\/tr\\\/urunler\\\/gida-hammaddeleri\\\/bitkisel-proteinler\\\/bakla-proteini\\\/\",\"name\":\"Bakla Proteini - Hurtowy Dystrybutor\",\"isPartOf\":{\"@id\":\"https:\\\/\\\/naturalpoland.com\\\/tr\\\/#website\"},\"primaryImageOfPage\":{\"@id\":\"https:\\\/\\\/naturalpoland.com\\\/tr\\\/urunler\\\/gida-hammaddeleri\\\/bitkisel-proteinler\\\/bakla-proteini\\\/#primaryimage\"},\"image\":{\"@id\":\"https:\\\/\\\/naturalpoland.com\\\/tr\\\/urunler\\\/gida-hammaddeleri\\\/bitkisel-proteinler\\\/bakla-proteini\\\/#primaryimage\"},\"thumbnailUrl\":\"https:\\\/\\\/naturalpoland.com\\\/wp-content\\\/uploads\\\/bialko-bobu.jpg\",\"datePublished\":\"2023-10-02T11:56:47+00:00\",\"dateModified\":\"2026-02-04T13:11:41+00:00\",\"breadcrumb\":{\"@id\":\"https:\\\/\\\/naturalpoland.com\\\/tr\\\/urunler\\\/gida-hammaddeleri\\\/bitkisel-proteinler\\\/bakla-proteini\\\/#breadcrumb\"},\"inLanguage\":\"tr\",\"potentialAction\":[{\"@type\":\"ReadAction\",\"target\":[\"https:\\\/\\\/naturalpoland.com\\\/tr\\\/urunler\\\/gida-hammaddeleri\\\/bitkisel-proteinler\\\/bakla-proteini\\\/\"]}]},{\"@type\":\"ImageObject\",\"inLanguage\":\"tr\",\"@id\":\"https:\\\/\\\/naturalpoland.com\\\/tr\\\/urunler\\\/gida-hammaddeleri\\\/bitkisel-proteinler\\\/bakla-proteini\\\/#primaryimage\",\"url\":\"https:\\\/\\\/naturalpoland.com\\\/wp-content\\\/uploads\\\/bialko-bobu.jpg\",\"contentUrl\":\"https:\\\/\\\/naturalpoland.com\\\/wp-content\\\/uploads\\\/bialko-bobu.jpg\",\"width\":650,\"height\":650,\"caption\":\"bakla proteini\"},{\"@type\":\"BreadcrumbList\",\"@id\":\"https:\\\/\\\/naturalpoland.com\\\/tr\\\/urunler\\\/gida-hammaddeleri\\\/bitkisel-proteinler\\\/bakla-proteini\\\/#breadcrumb\",\"itemListElement\":[{\"@type\":\"ListItem\",\"position\":1,\"name\":\"Ana Sayfa\",\"item\":\"https:\\\/\\\/naturalpoland.com\\\/tr\\\/\"},{\"@type\":\"ListItem\",\"position\":2,\"name\":\"\u00dcr\u00fcnler\",\"item\":\"https:\\\/\\\/naturalpoland.com\\\/tr\\\/urunler\\\/\"},{\"@type\":\"ListItem\",\"position\":3,\"name\":\"Bakla Proteini\"}]},{\"@type\":\"WebSite\",\"@id\":\"https:\\\/\\\/naturalpoland.com\\\/tr\\\/#website\",\"url\":\"https:\\\/\\\/naturalpoland.com\\\/tr\\\/\",\"name\":\"NATURAL POLAND - Hurtowy Dystrybutor Surowc\u00f3w\",\"description\":\"Surowce dla przemys\u0142u spo\u017cywczego, kosmetycznego i farmaceutycznego\",\"publisher\":{\"@id\":\"https:\\\/\\\/naturalpoland.com\\\/tr\\\/#organization\"},\"potentialAction\":[{\"@type\":\"SearchAction\",\"target\":{\"@type\":\"EntryPoint\",\"urlTemplate\":\"https:\\\/\\\/naturalpoland.com\\\/tr\\\/?s={search_term_string}\"},\"query-input\":{\"@type\":\"PropertyValueSpecification\",\"valueRequired\":true,\"valueName\":\"search_term_string\"}}],\"inLanguage\":\"tr\"},{\"@type\":\"Organization\",\"@id\":\"https:\\\/\\\/naturalpoland.com\\\/tr\\\/#organization\",\"name\":\"Natural Poland\",\"url\":\"https:\\\/\\\/naturalpoland.com\\\/tr\\\/\",\"logo\":{\"@type\":\"ImageObject\",\"inLanguage\":\"tr\",\"@id\":\"https:\\\/\\\/naturalpoland.com\\\/tr\\\/#\\\/schema\\\/logo\\\/image\\\/\",\"url\":\"https:\\\/\\\/naturalpoland.com\\\/wp-content\\\/uploads\\\/2021\\\/05\\\/natural-poland-icon.png\",\"contentUrl\":\"https:\\\/\\\/naturalpoland.com\\\/wp-content\\\/uploads\\\/2021\\\/05\\\/natural-poland-icon.png\",\"width\":512,\"height\":512,\"caption\":\"Natural Poland\"},\"image\":{\"@id\":\"https:\\\/\\\/naturalpoland.com\\\/tr\\\/#\\\/schema\\\/logo\\\/image\\\/\"},\"sameAs\":[\"https:\\\/\\\/www.facebook.com\\\/naturalpoland.b2b\",\"https:\\\/\\\/pl.linkedin.com\\\/company\\\/natural-poland\",\"https:\\\/\\\/www.youtube.com\\\/channel\\\/UCgeGGkvOMahZo-xu_MSEWxg\"]}]}<\/script>\n<!-- \/ Yoast SEO plugin. -->","yoast_head_json":{"title":"Bakla Proteini - Hurtowy Dystrybutor","robots":{"index":"index","follow":"follow","max-snippet":"max-snippet:-1","max-image-preview":"max-image-preview:large","max-video-preview":"max-video-preview:-1"},"canonical":"https:\/\/naturalpoland.com\/tr\/urunler\/gida-hammaddeleri\/bitkisel-proteinler\/bakla-proteini\/","og_locale":"tr_TR","og_type":"article","og_title":"Bakla Proteini - Hurtowy Dystrybutor","og_description":"%60 protein i\u00e7eri\u011fiyle bakla proteini, m\u00fckemmel bir bitkisel protein kayna\u011f\u0131d\u0131r. Diyetlerinde \u00e7e\u015fitli ve de\u011ferli protein kaynaklar\u0131 arayan ki\u015filer i\u00e7in m\u00fckemmel bir alternatiftir.","og_url":"https:\/\/naturalpoland.com\/tr\/urunler\/gida-hammaddeleri\/bitkisel-proteinler\/bakla-proteini\/","og_site_name":"NATURAL POLAND - Hurtowy Dystrybutor Surowc\u00f3w","article_publisher":"https:\/\/www.facebook.com\/naturalpoland.b2b","article_modified_time":"2026-02-04T13:11:41+00:00","og_image":[{"width":650,"height":650,"url":"https:\/\/naturalpoland.com\/wp-content\/uploads\/bialko-bobu.jpg","type":"image\/jpeg"}],"schema":{"@context":"https:\/\/schema.org","@graph":[{"@type":"WebPage","@id":"https:\/\/naturalpoland.com\/tr\/urunler\/gida-hammaddeleri\/bitkisel-proteinler\/bakla-proteini\/","url":"https:\/\/naturalpoland.com\/tr\/urunler\/gida-hammaddeleri\/bitkisel-proteinler\/bakla-proteini\/","name":"Bakla Proteini - Hurtowy Dystrybutor","isPartOf":{"@id":"https:\/\/naturalpoland.com\/tr\/#website"},"primaryImageOfPage":{"@id":"https:\/\/naturalpoland.com\/tr\/urunler\/gida-hammaddeleri\/bitkisel-proteinler\/bakla-proteini\/#primaryimage"},"image":{"@id":"https:\/\/naturalpoland.com\/tr\/urunler\/gida-hammaddeleri\/bitkisel-proteinler\/bakla-proteini\/#primaryimage"},"thumbnailUrl":"https:\/\/naturalpoland.com\/wp-content\/uploads\/bialko-bobu.jpg","datePublished":"2023-10-02T11:56:47+00:00","dateModified":"2026-02-04T13:11:41+00:00","breadcrumb":{"@id":"https:\/\/naturalpoland.com\/tr\/urunler\/gida-hammaddeleri\/bitkisel-proteinler\/bakla-proteini\/#breadcrumb"},"inLanguage":"tr","potentialAction":[{"@type":"ReadAction","target":["https:\/\/naturalpoland.com\/tr\/urunler\/gida-hammaddeleri\/bitkisel-proteinler\/bakla-proteini\/"]}]},{"@type":"ImageObject","inLanguage":"tr","@id":"https:\/\/naturalpoland.com\/tr\/urunler\/gida-hammaddeleri\/bitkisel-proteinler\/bakla-proteini\/#primaryimage","url":"https:\/\/naturalpoland.com\/wp-content\/uploads\/bialko-bobu.jpg","contentUrl":"https:\/\/naturalpoland.com\/wp-content\/uploads\/bialko-bobu.jpg","width":650,"height":650,"caption":"bakla proteini"},{"@type":"BreadcrumbList","@id":"https:\/\/naturalpoland.com\/tr\/urunler\/gida-hammaddeleri\/bitkisel-proteinler\/bakla-proteini\/#breadcrumb","itemListElement":[{"@type":"ListItem","position":1,"name":"Ana Sayfa","item":"https:\/\/naturalpoland.com\/tr\/"},{"@type":"ListItem","position":2,"name":"\u00dcr\u00fcnler","item":"https:\/\/naturalpoland.com\/tr\/urunler\/"},{"@type":"ListItem","position":3,"name":"Bakla Proteini"}]},{"@type":"WebSite","@id":"https:\/\/naturalpoland.com\/tr\/#website","url":"https:\/\/naturalpoland.com\/tr\/","name":"NATURAL POLAND - Hurtowy Dystrybutor Surowc\u00f3w","description":"Surowce dla przemys\u0142u spo\u017cywczego, kosmetycznego i farmaceutycznego","publisher":{"@id":"https:\/\/naturalpoland.com\/tr\/#organization"},"potentialAction":[{"@type":"SearchAction","target":{"@type":"EntryPoint","urlTemplate":"https:\/\/naturalpoland.com\/tr\/?s={search_term_string}"},"query-input":{"@type":"PropertyValueSpecification","valueRequired":true,"valueName":"search_term_string"}}],"inLanguage":"tr"},{"@type":"Organization","@id":"https:\/\/naturalpoland.com\/tr\/#organization","name":"Natural Poland","url":"https:\/\/naturalpoland.com\/tr\/","logo":{"@type":"ImageObject","inLanguage":"tr","@id":"https:\/\/naturalpoland.com\/tr\/#\/schema\/logo\/image\/","url":"https:\/\/naturalpoland.com\/wp-content\/uploads\/2021\/05\/natural-poland-icon.png","contentUrl":"https:\/\/naturalpoland.com\/wp-content\/uploads\/2021\/05\/natural-poland-icon.png","width":512,"height":512,"caption":"Natural Poland"},"image":{"@id":"https:\/\/naturalpoland.com\/tr\/#\/schema\/logo\/image\/"},"sameAs":["https:\/\/www.facebook.com\/naturalpoland.b2b","https:\/\/pl.linkedin.com\/company\/natural-poland","https:\/\/www.youtube.com\/channel\/UCgeGGkvOMahZo-xu_MSEWxg"]}]}},"_links":{"self":[{"href":"https:\/\/naturalpoland.com\/tr\/wp-json\/wp\/v2\/product\/45597","targetHints":{"allow":["GET"]}}],"collection":[{"href":"https:\/\/naturalpoland.com\/tr\/wp-json\/wp\/v2\/product"}],"about":[{"href":"https:\/\/naturalpoland.com\/tr\/wp-json\/wp\/v2\/types\/product"}],"wp:featuredmedia":[{"embeddable":true,"href":"https:\/\/naturalpoland.com\/tr\/wp-json\/wp\/v2\/media\/45598"}],"wp:attachment":[{"href":"https:\/\/naturalpoland.com\/tr\/wp-json\/wp\/v2\/media?parent=45597"}],"wp:term":[{"taxonomy":"product_brand","embeddable":true,"href":"https:\/\/naturalpoland.com\/tr\/wp-json\/wp\/v2\/product_brand?post=45597"},{"taxonomy":"product_cat","embeddable":true,"href":"https:\/\/naturalpoland.com\/tr\/wp-json\/wp\/v2\/product_cat?post=45597"},{"taxonomy":"product_tag","embeddable":true,"href":"https:\/\/naturalpoland.com\/tr\/wp-json\/wp\/v2\/product_tag?post=45597"}],"curies":[{"name":"wp","href":"https:\/\/api.w.org\/{rel}","templated":true}]}}