{"id":45601,"date":"2023-09-15T15:46:00","date_gmt":"2023-09-15T13:46:00","guid":{"rendered":"https:\/\/naturalpoland.com\/produkty\/kategorilenmemis\/kemirgenler-ve-otcul-surungenler-icin-karisimlar\/"},"modified":"2026-02-04T14:11:58","modified_gmt":"2026-02-04T13:11:58","slug":"kemirgenler-ve-otcul-surungenler-icin-karisimlar","status":"publish","type":"product","link":"https:\/\/naturalpoland.com\/tr\/urunler\/hayvanlar-icin-hammaddeler\/kemirgenler-ve-otcul-surungenler-icin-karisimlar\/","title":{"rendered":"Kemirgenler ve Ot\u00e7ul S\u00fcr\u00fcngenler \u0130\u00e7in Kar\u0131\u015f\u0131mlar"},"content":{"rendered":"<ol>\n<li><strong>Klasik Kar\u0131\u015f\u0131m<\/strong>: Yonca, kadife \u00e7i\u00e7e\u011fi yapraklar\u0131, papatya, g\u00fcl \u00e7i\u00e7ekleri, maydanoz saplar\u0131 &#8211; protein, vitamin ve minerallerin ideal kombinasyonu.<\/li>\n<li><strong>Meyveli-Bitkisel Kar\u0131\u015f\u0131m<\/strong>: Maydanoz saplar\u0131, ahududu yapraklar\u0131, \u0131s\u0131rgan, dar yaprakl\u0131 sinir otu, karahindiba ve k\u0131rm\u0131z\u0131-pembe tonlarda peygamber \u00e7i\u00e7ekleri.<\/li>\n<li><strong>G\u00fc\u00e7lendirilmi\u015f Kar\u0131\u015f\u0131m<\/strong>: Maydanoz saplar\u0131, mavi peygamber \u00e7i\u00e7e\u011fi, ahududu yapraklar\u0131, b\u00f6\u011f\u00fcrtlen, ekinezya ve papatya \u00e7i\u00e7ekleri &#8211; ba\u011f\u0131\u015f\u0131kl\u0131\u011f\u0131 destekleyen kompozisyon.<\/li>\n<li><strong>Egzotik Kar\u0131\u015f\u0131m<\/strong>: Maydanoz saplar\u0131, muz, hu\u015f a\u011fac\u0131 yapraklar\u0131, ahududu yapraklar\u0131, karahindiba, yonca, hibiskus &#8211; e\u015fsiz lezzet profili.<\/li>\n<li><strong>Sebze-Meyve Kar\u0131\u015f\u0131m\u0131<\/strong>: Hu\u015f a\u011fac\u0131 yapraklar\u0131, yonca, havu\u00e7, kabak, elma, ahududu yapraklar\u0131, maydanoz saplar\u0131, dar yaprakl\u0131 sinir otu, domates, salatal\u0131k, karahindiba.<\/li>\n<li><strong>Yaz Kar\u0131\u015f\u0131m\u0131<\/strong>: Yonca, havu\u00e7, hibiskus, maydanoz saplar\u0131, salatal\u0131k, kadife \u00e7i\u00e7e\u011fi yapraklar\u0131 &#8211; s\u0131cak g\u00fcnler i\u00e7in ideal kombinasyon.<\/li>\n<li><strong>Bitkisel Kar\u0131\u015f\u0131m<\/strong>: Maydanoz saplar\u0131, peygamber \u00e7i\u00e7e\u011fi, karahindiba, dar yaprakl\u0131 sinir otu, \u0131s\u0131rgan, papatya, \u015ferbet\u00e7i otu &#8211; sindirim sistemini destekler.<\/li>\n<\/ol>\n<p>Bu kar\u0131\u015f\u0131mlar\u0131n her biri, kemirgenler ve ot\u00e7ul s\u00fcr\u00fcngenlerin farkl\u0131 beslenme ihtiya\u00e7lar\u0131n\u0131 kar\u015f\u0131lamak amac\u0131yla olu\u015fturulmu\u015f olup, ayn\u0131 zamanda lezzet ve besin de\u011feri \u00e7e\u015fitlili\u011fi sa\u011flamaktad\u0131r.<\/p>\n","protected":false},"excerpt":{"rendered":"<p>Kemirgenler ve ot\u00e7ul s\u00fcr\u00fcngenler i\u00e7in kar\u0131\u015f\u0131mlar\u0131m\u0131z, y\u00fcksek kaliteli bitkisel k\u00f6kenli bile\u015fenler kullan\u0131larak \u00f6zenle haz\u0131rlanm\u0131\u015ft\u0131r. Her biri hayvanlar\u0131n sa\u011fl\u0131kl\u0131 geli\u015fimi ve sa\u011fl\u0131\u011f\u0131 i\u00e7in gerekli olan temel besin maddelerini sa\u011flamaktad\u0131r. <\/p>\n","protected":false},"featured_media":45602,"template":"","meta":{"_acf_changed":false},"product_brand":[],"product_cat":[9536],"product_tag":[],"class_list":{"0":"post-45601","1":"product","2":"type-product","3":"status-publish","4":"has-post-thumbnail","6":"product_cat-hayvanlar-icin-hammaddeler","8":"first","9":"instock","10":"shipping-taxable","11":"product-type-simple"},"acf":[],"yoast_head":"<!-- This site is optimized with the Yoast SEO plugin v27.5 - https:\/\/yoast.com\/product\/yoast-seo-wordpress\/ -->\n<title>Kemirgenler ve Ot\u00e7ul S\u00fcr\u00fcngenler \u0130\u00e7in Kar\u0131\u015f\u0131mlar - Hurtowy Dystrybutor<\/title>\n<meta name=\"description\" content=\"Kemirgenler ve ot\u00e7ul s\u00fcr\u00fcngenler i\u00e7in kar\u0131\u015f\u0131mlar\u0131m\u0131z, y\u00fcksek kaliteli bitkisel k\u00f6kenli bile\u015fenler kullan\u0131larak \u00f6zenle haz\u0131rlanm\u0131\u015ft\u0131r.\" \/>\n<meta name=\"robots\" content=\"index, follow, max-snippet:-1, max-image-preview:large, max-video-preview:-1\" \/>\n<link rel=\"canonical\" href=\"https:\/\/naturalpoland.com\/tr\/urunler\/hayvanlar-icin-hammaddeler\/kemirgenler-ve-otcul-surungenler-icin-karisimlar\/\" \/>\n<meta property=\"og:locale\" content=\"tr_TR\" \/>\n<meta property=\"og:type\" content=\"article\" \/>\n<meta property=\"og:title\" content=\"Kemirgenler ve Ot\u00e7ul S\u00fcr\u00fcngenler \u0130\u00e7in Kar\u0131\u015f\u0131mlar - Hurtowy Dystrybutor\" \/>\n<meta property=\"og:description\" content=\"Kemirgenler ve ot\u00e7ul s\u00fcr\u00fcngenler i\u00e7in kar\u0131\u015f\u0131mlar\u0131m\u0131z, y\u00fcksek kaliteli bitkisel k\u00f6kenli bile\u015fenler kullan\u0131larak \u00f6zenle haz\u0131rlanm\u0131\u015ft\u0131r.\" \/>\n<meta property=\"og:url\" content=\"https:\/\/naturalpoland.com\/tr\/urunler\/hayvanlar-icin-hammaddeler\/kemirgenler-ve-otcul-surungenler-icin-karisimlar\/\" \/>\n<meta property=\"og:site_name\" content=\"NATURAL POLAND - Hurtowy Dystrybutor Surowc\u00f3w\" \/>\n<meta property=\"article:publisher\" content=\"https:\/\/www.facebook.com\/naturalpoland.b2b\" \/>\n<meta property=\"article:modified_time\" content=\"2026-02-04T13:11:58+00:00\" \/>\n<meta property=\"og:image\" content=\"https:\/\/naturalpoland.com\/wp-content\/uploads\/mieszanki-dla-gryzoni.jpg\" \/>\n\t<meta property=\"og:image:width\" content=\"650\" \/>\n\t<meta property=\"og:image:height\" content=\"650\" \/>\n\t<meta property=\"og:image:type\" content=\"image\/jpeg\" \/>\n<script type=\"application\/ld+json\" class=\"yoast-schema-graph\">{\"@context\":\"https:\\\/\\\/schema.org\",\"@graph\":[{\"@type\":\"WebPage\",\"@id\":\"https:\\\/\\\/naturalpoland.com\\\/tr\\\/urunler\\\/hayvanlar-icin-hammaddeler\\\/kemirgenler-ve-otcul-surungenler-icin-karisimlar\\\/\",\"url\":\"https:\\\/\\\/naturalpoland.com\\\/tr\\\/urunler\\\/hayvanlar-icin-hammaddeler\\\/kemirgenler-ve-otcul-surungenler-icin-karisimlar\\\/\",\"name\":\"Kemirgenler ve Ot\u00e7ul S\u00fcr\u00fcngenler \u0130\u00e7in Kar\u0131\u015f\u0131mlar - Hurtowy Dystrybutor\",\"isPartOf\":{\"@id\":\"https:\\\/\\\/naturalpoland.com\\\/tr\\\/#website\"},\"primaryImageOfPage\":{\"@id\":\"https:\\\/\\\/naturalpoland.com\\\/tr\\\/urunler\\\/hayvanlar-icin-hammaddeler\\\/kemirgenler-ve-otcul-surungenler-icin-karisimlar\\\/#primaryimage\"},\"image\":{\"@id\":\"https:\\\/\\\/naturalpoland.com\\\/tr\\\/urunler\\\/hayvanlar-icin-hammaddeler\\\/kemirgenler-ve-otcul-surungenler-icin-karisimlar\\\/#primaryimage\"},\"thumbnailUrl\":\"https:\\\/\\\/naturalpoland.com\\\/wp-content\\\/uploads\\\/mieszanki-dla-gryzoni.jpg\",\"datePublished\":\"2023-09-15T13:46:00+00:00\",\"dateModified\":\"2026-02-04T13:11:58+00:00\",\"description\":\"Kemirgenler ve ot\u00e7ul s\u00fcr\u00fcngenler i\u00e7in kar\u0131\u015f\u0131mlar\u0131m\u0131z, y\u00fcksek kaliteli bitkisel k\u00f6kenli bile\u015fenler kullan\u0131larak \u00f6zenle haz\u0131rlanm\u0131\u015ft\u0131r.\",\"breadcrumb\":{\"@id\":\"https:\\\/\\\/naturalpoland.com\\\/tr\\\/urunler\\\/hayvanlar-icin-hammaddeler\\\/kemirgenler-ve-otcul-surungenler-icin-karisimlar\\\/#breadcrumb\"},\"inLanguage\":\"tr\",\"potentialAction\":[{\"@type\":\"ReadAction\",\"target\":[\"https:\\\/\\\/naturalpoland.com\\\/tr\\\/urunler\\\/hayvanlar-icin-hammaddeler\\\/kemirgenler-ve-otcul-surungenler-icin-karisimlar\\\/\"]}]},{\"@type\":\"ImageObject\",\"inLanguage\":\"tr\",\"@id\":\"https:\\\/\\\/naturalpoland.com\\\/tr\\\/urunler\\\/hayvanlar-icin-hammaddeler\\\/kemirgenler-ve-otcul-surungenler-icin-karisimlar\\\/#primaryimage\",\"url\":\"https:\\\/\\\/naturalpoland.com\\\/wp-content\\\/uploads\\\/mieszanki-dla-gryzoni.jpg\",\"contentUrl\":\"https:\\\/\\\/naturalpoland.com\\\/wp-content\\\/uploads\\\/mieszanki-dla-gryzoni.jpg\",\"width\":650,\"height\":650,\"caption\":\"kemirgenler i\u00e7in kar\u0131\u015f\u0131mlar\"},{\"@type\":\"BreadcrumbList\",\"@id\":\"https:\\\/\\\/naturalpoland.com\\\/tr\\\/urunler\\\/hayvanlar-icin-hammaddeler\\\/kemirgenler-ve-otcul-surungenler-icin-karisimlar\\\/#breadcrumb\",\"itemListElement\":[{\"@type\":\"ListItem\",\"position\":1,\"name\":\"Ana Sayfa\",\"item\":\"https:\\\/\\\/naturalpoland.com\\\/tr\\\/\"},{\"@type\":\"ListItem\",\"position\":2,\"name\":\"\u00dcr\u00fcnler\",\"item\":\"https:\\\/\\\/naturalpoland.com\\\/tr\\\/urunler\\\/\"},{\"@type\":\"ListItem\",\"position\":3,\"name\":\"Kemirgenler ve Ot\u00e7ul S\u00fcr\u00fcngenler \u0130\u00e7in Kar\u0131\u015f\u0131mlar\"}]},{\"@type\":\"WebSite\",\"@id\":\"https:\\\/\\\/naturalpoland.com\\\/tr\\\/#website\",\"url\":\"https:\\\/\\\/naturalpoland.com\\\/tr\\\/\",\"name\":\"NATURAL POLAND - Hurtowy Dystrybutor Surowc\u00f3w\",\"description\":\"Surowce dla przemys\u0142u spo\u017cywczego, kosmetycznego i farmaceutycznego\",\"publisher\":{\"@id\":\"https:\\\/\\\/naturalpoland.com\\\/tr\\\/#organization\"},\"potentialAction\":[{\"@type\":\"SearchAction\",\"target\":{\"@type\":\"EntryPoint\",\"urlTemplate\":\"https:\\\/\\\/naturalpoland.com\\\/tr\\\/?s={search_term_string}\"},\"query-input\":{\"@type\":\"PropertyValueSpecification\",\"valueRequired\":true,\"valueName\":\"search_term_string\"}}],\"inLanguage\":\"tr\"},{\"@type\":\"Organization\",\"@id\":\"https:\\\/\\\/naturalpoland.com\\\/tr\\\/#organization\",\"name\":\"Natural Poland\",\"url\":\"https:\\\/\\\/naturalpoland.com\\\/tr\\\/\",\"logo\":{\"@type\":\"ImageObject\",\"inLanguage\":\"tr\",\"@id\":\"https:\\\/\\\/naturalpoland.com\\\/tr\\\/#\\\/schema\\\/logo\\\/image\\\/\",\"url\":\"https:\\\/\\\/naturalpoland.com\\\/wp-content\\\/uploads\\\/2021\\\/05\\\/natural-poland-icon.png\",\"contentUrl\":\"https:\\\/\\\/naturalpoland.com\\\/wp-content\\\/uploads\\\/2021\\\/05\\\/natural-poland-icon.png\",\"width\":512,\"height\":512,\"caption\":\"Natural Poland\"},\"image\":{\"@id\":\"https:\\\/\\\/naturalpoland.com\\\/tr\\\/#\\\/schema\\\/logo\\\/image\\\/\"},\"sameAs\":[\"https:\\\/\\\/www.facebook.com\\\/naturalpoland.b2b\",\"https:\\\/\\\/pl.linkedin.com\\\/company\\\/natural-poland\",\"https:\\\/\\\/www.youtube.com\\\/channel\\\/UCgeGGkvOMahZo-xu_MSEWxg\"]}]}<\/script>\n<!-- \/ Yoast SEO plugin. -->","yoast_head_json":{"title":"Kemirgenler ve Ot\u00e7ul S\u00fcr\u00fcngenler \u0130\u00e7in Kar\u0131\u015f\u0131mlar - Hurtowy Dystrybutor","description":"Kemirgenler ve ot\u00e7ul s\u00fcr\u00fcngenler i\u00e7in kar\u0131\u015f\u0131mlar\u0131m\u0131z, y\u00fcksek kaliteli bitkisel k\u00f6kenli bile\u015fenler kullan\u0131larak \u00f6zenle haz\u0131rlanm\u0131\u015ft\u0131r.","robots":{"index":"index","follow":"follow","max-snippet":"max-snippet:-1","max-image-preview":"max-image-preview:large","max-video-preview":"max-video-preview:-1"},"canonical":"https:\/\/naturalpoland.com\/tr\/urunler\/hayvanlar-icin-hammaddeler\/kemirgenler-ve-otcul-surungenler-icin-karisimlar\/","og_locale":"tr_TR","og_type":"article","og_title":"Kemirgenler ve Ot\u00e7ul S\u00fcr\u00fcngenler \u0130\u00e7in Kar\u0131\u015f\u0131mlar - Hurtowy Dystrybutor","og_description":"Kemirgenler ve ot\u00e7ul s\u00fcr\u00fcngenler i\u00e7in kar\u0131\u015f\u0131mlar\u0131m\u0131z, y\u00fcksek kaliteli bitkisel k\u00f6kenli bile\u015fenler kullan\u0131larak \u00f6zenle haz\u0131rlanm\u0131\u015ft\u0131r.","og_url":"https:\/\/naturalpoland.com\/tr\/urunler\/hayvanlar-icin-hammaddeler\/kemirgenler-ve-otcul-surungenler-icin-karisimlar\/","og_site_name":"NATURAL POLAND - Hurtowy Dystrybutor Surowc\u00f3w","article_publisher":"https:\/\/www.facebook.com\/naturalpoland.b2b","article_modified_time":"2026-02-04T13:11:58+00:00","og_image":[{"width":650,"height":650,"url":"https:\/\/naturalpoland.com\/wp-content\/uploads\/mieszanki-dla-gryzoni.jpg","type":"image\/jpeg"}],"schema":{"@context":"https:\/\/schema.org","@graph":[{"@type":"WebPage","@id":"https:\/\/naturalpoland.com\/tr\/urunler\/hayvanlar-icin-hammaddeler\/kemirgenler-ve-otcul-surungenler-icin-karisimlar\/","url":"https:\/\/naturalpoland.com\/tr\/urunler\/hayvanlar-icin-hammaddeler\/kemirgenler-ve-otcul-surungenler-icin-karisimlar\/","name":"Kemirgenler ve Ot\u00e7ul S\u00fcr\u00fcngenler \u0130\u00e7in Kar\u0131\u015f\u0131mlar - Hurtowy Dystrybutor","isPartOf":{"@id":"https:\/\/naturalpoland.com\/tr\/#website"},"primaryImageOfPage":{"@id":"https:\/\/naturalpoland.com\/tr\/urunler\/hayvanlar-icin-hammaddeler\/kemirgenler-ve-otcul-surungenler-icin-karisimlar\/#primaryimage"},"image":{"@id":"https:\/\/naturalpoland.com\/tr\/urunler\/hayvanlar-icin-hammaddeler\/kemirgenler-ve-otcul-surungenler-icin-karisimlar\/#primaryimage"},"thumbnailUrl":"https:\/\/naturalpoland.com\/wp-content\/uploads\/mieszanki-dla-gryzoni.jpg","datePublished":"2023-09-15T13:46:00+00:00","dateModified":"2026-02-04T13:11:58+00:00","description":"Kemirgenler ve ot\u00e7ul s\u00fcr\u00fcngenler i\u00e7in kar\u0131\u015f\u0131mlar\u0131m\u0131z, y\u00fcksek kaliteli bitkisel k\u00f6kenli bile\u015fenler kullan\u0131larak \u00f6zenle haz\u0131rlanm\u0131\u015ft\u0131r.","breadcrumb":{"@id":"https:\/\/naturalpoland.com\/tr\/urunler\/hayvanlar-icin-hammaddeler\/kemirgenler-ve-otcul-surungenler-icin-karisimlar\/#breadcrumb"},"inLanguage":"tr","potentialAction":[{"@type":"ReadAction","target":["https:\/\/naturalpoland.com\/tr\/urunler\/hayvanlar-icin-hammaddeler\/kemirgenler-ve-otcul-surungenler-icin-karisimlar\/"]}]},{"@type":"ImageObject","inLanguage":"tr","@id":"https:\/\/naturalpoland.com\/tr\/urunler\/hayvanlar-icin-hammaddeler\/kemirgenler-ve-otcul-surungenler-icin-karisimlar\/#primaryimage","url":"https:\/\/naturalpoland.com\/wp-content\/uploads\/mieszanki-dla-gryzoni.jpg","contentUrl":"https:\/\/naturalpoland.com\/wp-content\/uploads\/mieszanki-dla-gryzoni.jpg","width":650,"height":650,"caption":"kemirgenler i\u00e7in kar\u0131\u015f\u0131mlar"},{"@type":"BreadcrumbList","@id":"https:\/\/naturalpoland.com\/tr\/urunler\/hayvanlar-icin-hammaddeler\/kemirgenler-ve-otcul-surungenler-icin-karisimlar\/#breadcrumb","itemListElement":[{"@type":"ListItem","position":1,"name":"Ana Sayfa","item":"https:\/\/naturalpoland.com\/tr\/"},{"@type":"ListItem","position":2,"name":"\u00dcr\u00fcnler","item":"https:\/\/naturalpoland.com\/tr\/urunler\/"},{"@type":"ListItem","position":3,"name":"Kemirgenler ve Ot\u00e7ul S\u00fcr\u00fcngenler \u0130\u00e7in Kar\u0131\u015f\u0131mlar"}]},{"@type":"WebSite","@id":"https:\/\/naturalpoland.com\/tr\/#website","url":"https:\/\/naturalpoland.com\/tr\/","name":"NATURAL POLAND - Hurtowy Dystrybutor Surowc\u00f3w","description":"Surowce dla przemys\u0142u spo\u017cywczego, kosmetycznego i farmaceutycznego","publisher":{"@id":"https:\/\/naturalpoland.com\/tr\/#organization"},"potentialAction":[{"@type":"SearchAction","target":{"@type":"EntryPoint","urlTemplate":"https:\/\/naturalpoland.com\/tr\/?s={search_term_string}"},"query-input":{"@type":"PropertyValueSpecification","valueRequired":true,"valueName":"search_term_string"}}],"inLanguage":"tr"},{"@type":"Organization","@id":"https:\/\/naturalpoland.com\/tr\/#organization","name":"Natural Poland","url":"https:\/\/naturalpoland.com\/tr\/","logo":{"@type":"ImageObject","inLanguage":"tr","@id":"https:\/\/naturalpoland.com\/tr\/#\/schema\/logo\/image\/","url":"https:\/\/naturalpoland.com\/wp-content\/uploads\/2021\/05\/natural-poland-icon.png","contentUrl":"https:\/\/naturalpoland.com\/wp-content\/uploads\/2021\/05\/natural-poland-icon.png","width":512,"height":512,"caption":"Natural Poland"},"image":{"@id":"https:\/\/naturalpoland.com\/tr\/#\/schema\/logo\/image\/"},"sameAs":["https:\/\/www.facebook.com\/naturalpoland.b2b","https:\/\/pl.linkedin.com\/company\/natural-poland","https:\/\/www.youtube.com\/channel\/UCgeGGkvOMahZo-xu_MSEWxg"]}]}},"_links":{"self":[{"href":"https:\/\/naturalpoland.com\/tr\/wp-json\/wp\/v2\/product\/45601","targetHints":{"allow":["GET"]}}],"collection":[{"href":"https:\/\/naturalpoland.com\/tr\/wp-json\/wp\/v2\/product"}],"about":[{"href":"https:\/\/naturalpoland.com\/tr\/wp-json\/wp\/v2\/types\/product"}],"wp:featuredmedia":[{"embeddable":true,"href":"https:\/\/naturalpoland.com\/tr\/wp-json\/wp\/v2\/media\/45602"}],"wp:attachment":[{"href":"https:\/\/naturalpoland.com\/tr\/wp-json\/wp\/v2\/media?parent=45601"}],"wp:term":[{"taxonomy":"product_brand","embeddable":true,"href":"https:\/\/naturalpoland.com\/tr\/wp-json\/wp\/v2\/product_brand?post=45601"},{"taxonomy":"product_cat","embeddable":true,"href":"https:\/\/naturalpoland.com\/tr\/wp-json\/wp\/v2\/product_cat?post=45601"},{"taxonomy":"product_tag","embeddable":true,"href":"https:\/\/naturalpoland.com\/tr\/wp-json\/wp\/v2\/product_tag?post=45601"}],"curies":[{"name":"wp","href":"https:\/\/api.w.org\/{rel}","templated":true}]}}