{"id":45610,"date":"2023-10-02T13:19:15","date_gmt":"2023-10-02T11:19:15","guid":{"rendered":"https:\/\/naturalpoland.com\/produkty\/kategorilenmemis\/kenevir-proteini\/"},"modified":"2026-02-04T14:13:13","modified_gmt":"2026-02-04T13:13:13","slug":"kenevir-proteini","status":"publish","type":"product","link":"https:\/\/naturalpoland.com\/tr\/urunler\/gida-hammaddeleri\/bitkisel-proteinler\/kenevir-proteini\/","title":{"rendered":"Kenevir Proteini"},"content":{"rendered":"<p>\u00dcr\u00fcn \u00fc\u00e7 farkl\u0131 konsantrasyonda sunulmaktad\u0131r: <strong>%30, %50 ve %65<\/strong>, bu da ihtiya\u00e7lara en uygun se\u00e7ene\u011fi belirleme imkan\u0131 sa\u011flar. %30 kenevir proteini \u00e7e\u015fitli yemeklere \u00e7ok y\u00f6nl\u00fc bir katk\u0131 olarak \u00f6nerilir ve g\u00fcnl\u00fck protein dozunun m\u00fckemmel bir tamamlay\u0131c\u0131s\u0131d\u0131r. %50 ve %65 gibi y\u00fcksek konsantrasyonlar fiziksel olarak aktif ki\u015filer, sporcular veya h\u0131zl\u0131 rejenerasyon ve enerji takviyesine ihtiya\u00e7 duyan antrenman sonras\u0131 ki\u015filer i\u00e7in idealdir.  <\/p>\n<h2>Kenevir Proteininin \u00d6zellikleri<\/h2>\n<p>Kenevir proteini sadece v\u00fccuda gerekli amino asitleri sa\u011flamakla kalmaz, ayn\u0131 zamanda optimal oranlarda omega-3 ve omega-6 ya\u011f asitleri i\u00e7erir, bu da kardiyovask\u00fcler sistemin i\u015fleyi\u015finin iyile\u015fmesine katk\u0131da bulunur. Ayr\u0131ca bile\u015fiminde sindirim s\u00fcre\u00e7lerini destekleyen ve sindirim sistemi \u00fczerinde sa\u011fl\u0131k yararlar\u0131 sa\u011flayan lif bulunur. <\/p>\n<p>Nazik \u00fcretim s\u00fcreci sayesinde kenevir proteini benzersiz besleyici ve biyoaktif \u00f6zelliklerini korur. Ayr\u0131ca hipoalerjenik bir \u00fcr\u00fcnd\u00fcr, bu da g\u0131da alerjileri ve intoleranslar\u0131 olan ki\u015filer taraf\u0131ndan t\u00fcketilebilece\u011fi anlam\u0131na gelir. Laktoz, gluten i\u00e7ermez ve kolesterolden ar\u0131nd\u0131r\u0131lm\u0131\u015ft\u0131r.  <\/p>\n<p>Do\u011frudan t\u00fcketim i\u00e7in oldu\u011fu kadar \u00f6\u011f\u00fcnlerin lezzet ve besin de\u011ferini zenginle\u015ftirmek i\u00e7in de tasarlanm\u0131\u015ft\u0131r. Kokteyller, shake&#8217;ler, m\u00fcsli, salatalar ile ekmek, kek ve kurabiye pi\u015firmek i\u00e7in katk\u0131 olarak kullan\u0131labilir. N\u00f6tr tad\u0131 ve kremsi k\u0131vam\u0131yla \u00e7e\u015fitli mutfak kreasyonlar\u0131na uyum sa\u011flar ve dengeli beslenmenin m\u00fckemmel bir tamamlay\u0131c\u0131s\u0131d\u0131r.  <\/p>\n","protected":false},"excerpt":{"rendered":"<p>Kenevir proteini y\u00fcksek kaliteli, bitkisel protein kayna\u011f\u0131d\u0131r. Kenevir tohumlar\u0131ndan elde edilir ve hayvansal proteinlere m\u00fckemmel bir alternatiftir. Vejetaryen ve vegan diyetinin \u00f6nemli bir unsurudur.  <\/p>\n","protected":false},"featured_media":45611,"template":"","meta":{"_acf_changed":false},"product_brand":[],"product_cat":[9567],"product_tag":[],"class_list":{"0":"post-45610","1":"product","2":"type-product","3":"status-publish","4":"has-post-thumbnail","6":"product_cat-bitkisel-proteinler","8":"first","9":"instock","10":"shipping-taxable","11":"product-type-simple"},"acf":[],"yoast_head":"<!-- This site is optimized with the Yoast SEO plugin v27.5 - https:\/\/yoast.com\/product\/yoast-seo-wordpress\/ -->\n<title>Kenevir Proteini - Hurtowy Dystrybutor<\/title>\n<meta name=\"description\" content=\"Kenevir proteini y\u00fcksek kaliteli, bitkisel protein kayna\u011f\u0131d\u0131r. Kenevir tohumlar\u0131ndan elde edilir ve hayvansal proteinlere m\u00fckemmel bir alternatiftir.\" \/>\n<meta name=\"robots\" content=\"index, follow, max-snippet:-1, max-image-preview:large, max-video-preview:-1\" \/>\n<link rel=\"canonical\" href=\"https:\/\/naturalpoland.com\/tr\/urunler\/gida-hammaddeleri\/bitkisel-proteinler\/kenevir-proteini\/\" \/>\n<meta property=\"og:locale\" content=\"tr_TR\" \/>\n<meta property=\"og:type\" content=\"article\" \/>\n<meta property=\"og:title\" content=\"Kenevir Proteini - Hurtowy Dystrybutor\" \/>\n<meta property=\"og:description\" content=\"Kenevir proteini y\u00fcksek kaliteli, bitkisel protein kayna\u011f\u0131d\u0131r. Kenevir tohumlar\u0131ndan elde edilir ve hayvansal proteinlere m\u00fckemmel bir alternatiftir.\" \/>\n<meta property=\"og:url\" content=\"https:\/\/naturalpoland.com\/tr\/urunler\/gida-hammaddeleri\/bitkisel-proteinler\/kenevir-proteini\/\" \/>\n<meta property=\"og:site_name\" content=\"NATURAL POLAND - Hurtowy Dystrybutor Surowc\u00f3w\" \/>\n<meta property=\"article:publisher\" content=\"https:\/\/www.facebook.com\/naturalpoland.b2b\" \/>\n<meta property=\"article:modified_time\" content=\"2026-02-04T13:13:13+00:00\" \/>\n<meta property=\"og:image\" content=\"https:\/\/naturalpoland.com\/wp-content\/uploads\/bialko-konopne.jpg\" \/>\n\t<meta property=\"og:image:width\" content=\"650\" \/>\n\t<meta property=\"og:image:height\" content=\"650\" \/>\n\t<meta property=\"og:image:type\" content=\"image\/jpeg\" \/>\n<script type=\"application\/ld+json\" class=\"yoast-schema-graph\">{\"@context\":\"https:\\\/\\\/schema.org\",\"@graph\":[{\"@type\":\"WebPage\",\"@id\":\"https:\\\/\\\/naturalpoland.com\\\/tr\\\/urunler\\\/gida-hammaddeleri\\\/bitkisel-proteinler\\\/kenevir-proteini\\\/\",\"url\":\"https:\\\/\\\/naturalpoland.com\\\/tr\\\/urunler\\\/gida-hammaddeleri\\\/bitkisel-proteinler\\\/kenevir-proteini\\\/\",\"name\":\"Kenevir Proteini - Hurtowy Dystrybutor\",\"isPartOf\":{\"@id\":\"https:\\\/\\\/naturalpoland.com\\\/tr\\\/#website\"},\"primaryImageOfPage\":{\"@id\":\"https:\\\/\\\/naturalpoland.com\\\/tr\\\/urunler\\\/gida-hammaddeleri\\\/bitkisel-proteinler\\\/kenevir-proteini\\\/#primaryimage\"},\"image\":{\"@id\":\"https:\\\/\\\/naturalpoland.com\\\/tr\\\/urunler\\\/gida-hammaddeleri\\\/bitkisel-proteinler\\\/kenevir-proteini\\\/#primaryimage\"},\"thumbnailUrl\":\"https:\\\/\\\/naturalpoland.com\\\/wp-content\\\/uploads\\\/bialko-konopne.jpg\",\"datePublished\":\"2023-10-02T11:19:15+00:00\",\"dateModified\":\"2026-02-04T13:13:13+00:00\",\"description\":\"Kenevir proteini y\u00fcksek kaliteli, bitkisel protein kayna\u011f\u0131d\u0131r. Kenevir tohumlar\u0131ndan elde edilir ve hayvansal proteinlere m\u00fckemmel bir alternatiftir.\",\"breadcrumb\":{\"@id\":\"https:\\\/\\\/naturalpoland.com\\\/tr\\\/urunler\\\/gida-hammaddeleri\\\/bitkisel-proteinler\\\/kenevir-proteini\\\/#breadcrumb\"},\"inLanguage\":\"tr\",\"potentialAction\":[{\"@type\":\"ReadAction\",\"target\":[\"https:\\\/\\\/naturalpoland.com\\\/tr\\\/urunler\\\/gida-hammaddeleri\\\/bitkisel-proteinler\\\/kenevir-proteini\\\/\"]}]},{\"@type\":\"ImageObject\",\"inLanguage\":\"tr\",\"@id\":\"https:\\\/\\\/naturalpoland.com\\\/tr\\\/urunler\\\/gida-hammaddeleri\\\/bitkisel-proteinler\\\/kenevir-proteini\\\/#primaryimage\",\"url\":\"https:\\\/\\\/naturalpoland.com\\\/wp-content\\\/uploads\\\/bialko-konopne.jpg\",\"contentUrl\":\"https:\\\/\\\/naturalpoland.com\\\/wp-content\\\/uploads\\\/bialko-konopne.jpg\",\"width\":650,\"height\":650,\"caption\":\"kenevir proteini\"},{\"@type\":\"BreadcrumbList\",\"@id\":\"https:\\\/\\\/naturalpoland.com\\\/tr\\\/urunler\\\/gida-hammaddeleri\\\/bitkisel-proteinler\\\/kenevir-proteini\\\/#breadcrumb\",\"itemListElement\":[{\"@type\":\"ListItem\",\"position\":1,\"name\":\"Ana Sayfa\",\"item\":\"https:\\\/\\\/naturalpoland.com\\\/tr\\\/\"},{\"@type\":\"ListItem\",\"position\":2,\"name\":\"\u00dcr\u00fcnler\",\"item\":\"https:\\\/\\\/naturalpoland.com\\\/tr\\\/urunler\\\/\"},{\"@type\":\"ListItem\",\"position\":3,\"name\":\"Kenevir Proteini\"}]},{\"@type\":\"WebSite\",\"@id\":\"https:\\\/\\\/naturalpoland.com\\\/tr\\\/#website\",\"url\":\"https:\\\/\\\/naturalpoland.com\\\/tr\\\/\",\"name\":\"NATURAL POLAND - Hurtowy Dystrybutor Surowc\u00f3w\",\"description\":\"Surowce dla przemys\u0142u spo\u017cywczego, kosmetycznego i farmaceutycznego\",\"publisher\":{\"@id\":\"https:\\\/\\\/naturalpoland.com\\\/tr\\\/#organization\"},\"potentialAction\":[{\"@type\":\"SearchAction\",\"target\":{\"@type\":\"EntryPoint\",\"urlTemplate\":\"https:\\\/\\\/naturalpoland.com\\\/tr\\\/?s={search_term_string}\"},\"query-input\":{\"@type\":\"PropertyValueSpecification\",\"valueRequired\":true,\"valueName\":\"search_term_string\"}}],\"inLanguage\":\"tr\"},{\"@type\":\"Organization\",\"@id\":\"https:\\\/\\\/naturalpoland.com\\\/tr\\\/#organization\",\"name\":\"Natural Poland\",\"url\":\"https:\\\/\\\/naturalpoland.com\\\/tr\\\/\",\"logo\":{\"@type\":\"ImageObject\",\"inLanguage\":\"tr\",\"@id\":\"https:\\\/\\\/naturalpoland.com\\\/tr\\\/#\\\/schema\\\/logo\\\/image\\\/\",\"url\":\"https:\\\/\\\/naturalpoland.com\\\/wp-content\\\/uploads\\\/2021\\\/05\\\/natural-poland-icon.png\",\"contentUrl\":\"https:\\\/\\\/naturalpoland.com\\\/wp-content\\\/uploads\\\/2021\\\/05\\\/natural-poland-icon.png\",\"width\":512,\"height\":512,\"caption\":\"Natural Poland\"},\"image\":{\"@id\":\"https:\\\/\\\/naturalpoland.com\\\/tr\\\/#\\\/schema\\\/logo\\\/image\\\/\"},\"sameAs\":[\"https:\\\/\\\/www.facebook.com\\\/naturalpoland.b2b\",\"https:\\\/\\\/pl.linkedin.com\\\/company\\\/natural-poland\",\"https:\\\/\\\/www.youtube.com\\\/channel\\\/UCgeGGkvOMahZo-xu_MSEWxg\"]}]}<\/script>\n<!-- \/ Yoast SEO plugin. -->","yoast_head_json":{"title":"Kenevir Proteini - Hurtowy Dystrybutor","description":"Kenevir proteini y\u00fcksek kaliteli, bitkisel protein kayna\u011f\u0131d\u0131r. Kenevir tohumlar\u0131ndan elde edilir ve hayvansal proteinlere m\u00fckemmel bir alternatiftir.","robots":{"index":"index","follow":"follow","max-snippet":"max-snippet:-1","max-image-preview":"max-image-preview:large","max-video-preview":"max-video-preview:-1"},"canonical":"https:\/\/naturalpoland.com\/tr\/urunler\/gida-hammaddeleri\/bitkisel-proteinler\/kenevir-proteini\/","og_locale":"tr_TR","og_type":"article","og_title":"Kenevir Proteini - Hurtowy Dystrybutor","og_description":"Kenevir proteini y\u00fcksek kaliteli, bitkisel protein kayna\u011f\u0131d\u0131r. Kenevir tohumlar\u0131ndan elde edilir ve hayvansal proteinlere m\u00fckemmel bir alternatiftir.","og_url":"https:\/\/naturalpoland.com\/tr\/urunler\/gida-hammaddeleri\/bitkisel-proteinler\/kenevir-proteini\/","og_site_name":"NATURAL POLAND - Hurtowy Dystrybutor Surowc\u00f3w","article_publisher":"https:\/\/www.facebook.com\/naturalpoland.b2b","article_modified_time":"2026-02-04T13:13:13+00:00","og_image":[{"width":650,"height":650,"url":"https:\/\/naturalpoland.com\/wp-content\/uploads\/bialko-konopne.jpg","type":"image\/jpeg"}],"schema":{"@context":"https:\/\/schema.org","@graph":[{"@type":"WebPage","@id":"https:\/\/naturalpoland.com\/tr\/urunler\/gida-hammaddeleri\/bitkisel-proteinler\/kenevir-proteini\/","url":"https:\/\/naturalpoland.com\/tr\/urunler\/gida-hammaddeleri\/bitkisel-proteinler\/kenevir-proteini\/","name":"Kenevir Proteini - Hurtowy Dystrybutor","isPartOf":{"@id":"https:\/\/naturalpoland.com\/tr\/#website"},"primaryImageOfPage":{"@id":"https:\/\/naturalpoland.com\/tr\/urunler\/gida-hammaddeleri\/bitkisel-proteinler\/kenevir-proteini\/#primaryimage"},"image":{"@id":"https:\/\/naturalpoland.com\/tr\/urunler\/gida-hammaddeleri\/bitkisel-proteinler\/kenevir-proteini\/#primaryimage"},"thumbnailUrl":"https:\/\/naturalpoland.com\/wp-content\/uploads\/bialko-konopne.jpg","datePublished":"2023-10-02T11:19:15+00:00","dateModified":"2026-02-04T13:13:13+00:00","description":"Kenevir proteini y\u00fcksek kaliteli, bitkisel protein kayna\u011f\u0131d\u0131r. Kenevir tohumlar\u0131ndan elde edilir ve hayvansal proteinlere m\u00fckemmel bir alternatiftir.","breadcrumb":{"@id":"https:\/\/naturalpoland.com\/tr\/urunler\/gida-hammaddeleri\/bitkisel-proteinler\/kenevir-proteini\/#breadcrumb"},"inLanguage":"tr","potentialAction":[{"@type":"ReadAction","target":["https:\/\/naturalpoland.com\/tr\/urunler\/gida-hammaddeleri\/bitkisel-proteinler\/kenevir-proteini\/"]}]},{"@type":"ImageObject","inLanguage":"tr","@id":"https:\/\/naturalpoland.com\/tr\/urunler\/gida-hammaddeleri\/bitkisel-proteinler\/kenevir-proteini\/#primaryimage","url":"https:\/\/naturalpoland.com\/wp-content\/uploads\/bialko-konopne.jpg","contentUrl":"https:\/\/naturalpoland.com\/wp-content\/uploads\/bialko-konopne.jpg","width":650,"height":650,"caption":"kenevir proteini"},{"@type":"BreadcrumbList","@id":"https:\/\/naturalpoland.com\/tr\/urunler\/gida-hammaddeleri\/bitkisel-proteinler\/kenevir-proteini\/#breadcrumb","itemListElement":[{"@type":"ListItem","position":1,"name":"Ana Sayfa","item":"https:\/\/naturalpoland.com\/tr\/"},{"@type":"ListItem","position":2,"name":"\u00dcr\u00fcnler","item":"https:\/\/naturalpoland.com\/tr\/urunler\/"},{"@type":"ListItem","position":3,"name":"Kenevir Proteini"}]},{"@type":"WebSite","@id":"https:\/\/naturalpoland.com\/tr\/#website","url":"https:\/\/naturalpoland.com\/tr\/","name":"NATURAL POLAND - Hurtowy Dystrybutor Surowc\u00f3w","description":"Surowce dla przemys\u0142u spo\u017cywczego, kosmetycznego i farmaceutycznego","publisher":{"@id":"https:\/\/naturalpoland.com\/tr\/#organization"},"potentialAction":[{"@type":"SearchAction","target":{"@type":"EntryPoint","urlTemplate":"https:\/\/naturalpoland.com\/tr\/?s={search_term_string}"},"query-input":{"@type":"PropertyValueSpecification","valueRequired":true,"valueName":"search_term_string"}}],"inLanguage":"tr"},{"@type":"Organization","@id":"https:\/\/naturalpoland.com\/tr\/#organization","name":"Natural Poland","url":"https:\/\/naturalpoland.com\/tr\/","logo":{"@type":"ImageObject","inLanguage":"tr","@id":"https:\/\/naturalpoland.com\/tr\/#\/schema\/logo\/image\/","url":"https:\/\/naturalpoland.com\/wp-content\/uploads\/2021\/05\/natural-poland-icon.png","contentUrl":"https:\/\/naturalpoland.com\/wp-content\/uploads\/2021\/05\/natural-poland-icon.png","width":512,"height":512,"caption":"Natural Poland"},"image":{"@id":"https:\/\/naturalpoland.com\/tr\/#\/schema\/logo\/image\/"},"sameAs":["https:\/\/www.facebook.com\/naturalpoland.b2b","https:\/\/pl.linkedin.com\/company\/natural-poland","https:\/\/www.youtube.com\/channel\/UCgeGGkvOMahZo-xu_MSEWxg"]}]}},"_links":{"self":[{"href":"https:\/\/naturalpoland.com\/tr\/wp-json\/wp\/v2\/product\/45610","targetHints":{"allow":["GET"]}}],"collection":[{"href":"https:\/\/naturalpoland.com\/tr\/wp-json\/wp\/v2\/product"}],"about":[{"href":"https:\/\/naturalpoland.com\/tr\/wp-json\/wp\/v2\/types\/product"}],"wp:featuredmedia":[{"embeddable":true,"href":"https:\/\/naturalpoland.com\/tr\/wp-json\/wp\/v2\/media\/45611"}],"wp:attachment":[{"href":"https:\/\/naturalpoland.com\/tr\/wp-json\/wp\/v2\/media?parent=45610"}],"wp:term":[{"taxonomy":"product_brand","embeddable":true,"href":"https:\/\/naturalpoland.com\/tr\/wp-json\/wp\/v2\/product_brand?post=45610"},{"taxonomy":"product_cat","embeddable":true,"href":"https:\/\/naturalpoland.com\/tr\/wp-json\/wp\/v2\/product_cat?post=45610"},{"taxonomy":"product_tag","embeddable":true,"href":"https:\/\/naturalpoland.com\/tr\/wp-json\/wp\/v2\/product_tag?post=45610"}],"curies":[{"name":"wp","href":"https:\/\/api.w.org\/{rel}","templated":true}]}}