{"id":45614,"date":"2023-10-02T11:24:26","date_gmt":"2023-10-02T09:24:26","guid":{"rendered":"https:\/\/naturalpoland.com\/produkty\/kategorilenmemis\/aycicegi-lesitini\/"},"modified":"2026-02-04T14:13:32","modified_gmt":"2026-02-04T13:13:32","slug":"aycicegi-lesitini","status":"publish","type":"product","link":"https:\/\/naturalpoland.com\/tr\/urunler\/gida-hammaddeleri\/uretim-hammaddeleri\/aycicegi-lesitini\/","title":{"rendered":"Ay\u00e7i\u00e7e\u011fi Lesitini"},"content":{"rendered":"<h2>Ay\u00e7i\u00e7e\u011fi lesitini \u00fcretim s\u00fcreci<\/h2>\n<p>Ay\u00e7i\u00e7e\u011fi lesitini, bitkisel kaynakl\u0131 ham ay\u00e7i\u00e7e\u011fi ya\u011f\u0131ndan \u00fcretilir. \u00dcretim s\u00fcreci, ay\u00e7i\u00e7e\u011fi tohumlar\u0131ndan fosfolipitlerin ekstraksiyonunu i\u00e7erir ve bu da y\u00fcksek aktif besin maddesi i\u00e7eri\u011fi sa\u011flar. <\/p>\n<h2>Kullan\u0131m alanlar\u0131<\/h2>\n<p><strong>G\u0131da end\u00fcstrisi:<\/strong><\/p>\n<p>Margarin, \u00e7ikolata, ekmek ve s\u00fct \u00fcr\u00fcnleri gibi g\u0131da \u00fcretiminde do\u011fal em\u00fclgat\u00f6r ve stabilizat\u00f6r olarak kullan\u0131l\u0131r. Homojen doku korunmas\u0131na yard\u0131mc\u0131 olur ve bile\u015fenlerin ayr\u0131\u015fmas\u0131n\u0131 \u00f6nler. <\/p>\n<p><strong>\u0130la\u00e7 end\u00fcstrisi:<\/strong><\/p>\n<p>Ay\u00e7i\u00e7e\u011fi lesitini, beyin, kalp ve karaci\u011fer sa\u011fl\u0131\u011f\u0131n\u0131 destekleyen bir\u00e7ok diyet takviyesi ve farmas\u00f6tik preparat\u0131n bile\u015fenidir.<\/p>\n<p><strong>Kozmetik end\u00fcstrisi:<\/strong><\/p>\n<p>Nemlendirici ve besleyici \u00f6zellikleri sayesinde ay\u00e7i\u00e7e\u011fi lesitini, kremler, balsamlar, \u015fampuanlar ve di\u011fer cilt ve sa\u00e7 bak\u0131m \u00fcr\u00fcnlerinde kullan\u0131l\u0131r. Cildin nemli, elastik ve sa\u011fl\u0131kl\u0131 kalmas\u0131na yard\u0131mc\u0131 olur, h\u00fccresel d\u00fczeyde rejenerasyon s\u00fcre\u00e7lerini destekler. <\/p>\n","protected":false},"excerpt":{"rendered":"<p><span class=\"ui-provider a b c d e f g h i j k l m n o p q r s t u v w x y z ab ac ae af ag ah ai aj ak\" dir=\"ltr\">Ay\u00e7i\u00e7e\u011fi tohumlar\u0131ndan elde edilen ay\u00e7i\u00e7e\u011fi lesitini, soya lesitinine alerjensiz alternatif olu\u015fturur. <strong>E322<\/strong> olarak da bilinir. <\/span><\/p>\n","protected":false},"featured_media":45615,"template":"","meta":{"_acf_changed":false},"product_brand":[],"product_cat":[9557,9572],"product_tag":[],"class_list":{"0":"post-45614","1":"product","2":"type-product","3":"status-publish","4":"has-post-thumbnail","6":"product_cat-kozmetik-hammaddeleri-2","7":"product_cat-uretim-hammaddeleri","8":"pa_grupa-substancji-emulgatorler","9":"pa_grupa-substancji-fosfolipidler","11":"first","12":"instock","13":"shipping-taxable","14":"product-type-simple"},"acf":[],"yoast_head":"<!-- This site is optimized with the Yoast SEO plugin v27.5 - https:\/\/yoast.com\/product\/yoast-seo-wordpress\/ -->\n<title>Ay\u00e7i\u00e7e\u011fi Lesitini - NATURAL POLAND - Hurtowy Dystrybutor Surowc\u00f3w<\/title>\n<meta name=\"description\" content=\"Ay\u00e7i\u00e7e\u011fi tohumlar\u0131ndan elde edilen ay\u00e7i\u00e7e\u011fi lesitini, soya lesitinine alternatif olu\u015fturur. G\u0131da ve kozmetik \u00fcr\u00fcnlerinde kullan\u0131l\u0131r.\" \/>\n<meta name=\"robots\" content=\"index, follow, max-snippet:-1, max-image-preview:large, max-video-preview:-1\" \/>\n<link rel=\"canonical\" href=\"https:\/\/naturalpoland.com\/tr\/urunler\/gida-hammaddeleri\/uretim-hammaddeleri\/aycicegi-lesitini\/\" \/>\n<meta property=\"og:locale\" content=\"tr_TR\" \/>\n<meta property=\"og:type\" content=\"article\" \/>\n<meta property=\"og:title\" content=\"Ay\u00e7i\u00e7e\u011fi Lesitini - NATURAL POLAND - Hurtowy Dystrybutor Surowc\u00f3w\" \/>\n<meta property=\"og:description\" content=\"Ay\u00e7i\u00e7e\u011fi tohumlar\u0131ndan elde edilen ay\u00e7i\u00e7e\u011fi lesitini, soya lesitinine alternatif olu\u015fturur. G\u0131da ve kozmetik \u00fcr\u00fcnlerinde kullan\u0131l\u0131r.\" \/>\n<meta property=\"og:url\" content=\"https:\/\/naturalpoland.com\/tr\/urunler\/gida-hammaddeleri\/uretim-hammaddeleri\/aycicegi-lesitini\/\" \/>\n<meta property=\"og:site_name\" content=\"NATURAL POLAND - Hurtowy Dystrybutor Surowc\u00f3w\" \/>\n<meta property=\"article:publisher\" content=\"https:\/\/www.facebook.com\/naturalpoland.b2b\" \/>\n<meta property=\"article:modified_time\" content=\"2026-02-04T13:13:32+00:00\" \/>\n<meta property=\"og:image\" content=\"https:\/\/naturalpoland.com\/wp-content\/uploads\/lecytyna-slonecznikowa.jpg\" \/>\n\t<meta property=\"og:image:width\" content=\"650\" \/>\n\t<meta property=\"og:image:height\" content=\"650\" \/>\n\t<meta property=\"og:image:type\" content=\"image\/jpeg\" \/>\n<script type=\"application\/ld+json\" class=\"yoast-schema-graph\">{\"@context\":\"https:\\\/\\\/schema.org\",\"@graph\":[{\"@type\":\"WebPage\",\"@id\":\"https:\\\/\\\/naturalpoland.com\\\/tr\\\/urunler\\\/gida-hammaddeleri\\\/uretim-hammaddeleri\\\/aycicegi-lesitini\\\/\",\"url\":\"https:\\\/\\\/naturalpoland.com\\\/tr\\\/urunler\\\/gida-hammaddeleri\\\/uretim-hammaddeleri\\\/aycicegi-lesitini\\\/\",\"name\":\"Ay\u00e7i\u00e7e\u011fi Lesitini - NATURAL POLAND - Hurtowy Dystrybutor Surowc\u00f3w\",\"isPartOf\":{\"@id\":\"https:\\\/\\\/naturalpoland.com\\\/tr\\\/#website\"},\"primaryImageOfPage\":{\"@id\":\"https:\\\/\\\/naturalpoland.com\\\/tr\\\/urunler\\\/gida-hammaddeleri\\\/uretim-hammaddeleri\\\/aycicegi-lesitini\\\/#primaryimage\"},\"image\":{\"@id\":\"https:\\\/\\\/naturalpoland.com\\\/tr\\\/urunler\\\/gida-hammaddeleri\\\/uretim-hammaddeleri\\\/aycicegi-lesitini\\\/#primaryimage\"},\"thumbnailUrl\":\"https:\\\/\\\/naturalpoland.com\\\/wp-content\\\/uploads\\\/lecytyna-slonecznikowa.jpg\",\"datePublished\":\"2023-10-02T09:24:26+00:00\",\"dateModified\":\"2026-02-04T13:13:32+00:00\",\"description\":\"Ay\u00e7i\u00e7e\u011fi tohumlar\u0131ndan elde edilen ay\u00e7i\u00e7e\u011fi lesitini, soya lesitinine alternatif olu\u015fturur. G\u0131da ve kozmetik \u00fcr\u00fcnlerinde kullan\u0131l\u0131r.\",\"breadcrumb\":{\"@id\":\"https:\\\/\\\/naturalpoland.com\\\/tr\\\/urunler\\\/gida-hammaddeleri\\\/uretim-hammaddeleri\\\/aycicegi-lesitini\\\/#breadcrumb\"},\"inLanguage\":\"tr\",\"potentialAction\":[{\"@type\":\"ReadAction\",\"target\":[\"https:\\\/\\\/naturalpoland.com\\\/tr\\\/urunler\\\/gida-hammaddeleri\\\/uretim-hammaddeleri\\\/aycicegi-lesitini\\\/\"]}]},{\"@type\":\"ImageObject\",\"inLanguage\":\"tr\",\"@id\":\"https:\\\/\\\/naturalpoland.com\\\/tr\\\/urunler\\\/gida-hammaddeleri\\\/uretim-hammaddeleri\\\/aycicegi-lesitini\\\/#primaryimage\",\"url\":\"https:\\\/\\\/naturalpoland.com\\\/wp-content\\\/uploads\\\/lecytyna-slonecznikowa.jpg\",\"contentUrl\":\"https:\\\/\\\/naturalpoland.com\\\/wp-content\\\/uploads\\\/lecytyna-slonecznikowa.jpg\",\"width\":650,\"height\":650,\"caption\":\"ay\u00e7i\u00e7e\u011fi lesitini\"},{\"@type\":\"BreadcrumbList\",\"@id\":\"https:\\\/\\\/naturalpoland.com\\\/tr\\\/urunler\\\/gida-hammaddeleri\\\/uretim-hammaddeleri\\\/aycicegi-lesitini\\\/#breadcrumb\",\"itemListElement\":[{\"@type\":\"ListItem\",\"position\":1,\"name\":\"Ana Sayfa\",\"item\":\"https:\\\/\\\/naturalpoland.com\\\/tr\\\/\"},{\"@type\":\"ListItem\",\"position\":2,\"name\":\"\u00dcr\u00fcnler\",\"item\":\"https:\\\/\\\/naturalpoland.com\\\/tr\\\/urunler\\\/\"},{\"@type\":\"ListItem\",\"position\":3,\"name\":\"Ay\u00e7i\u00e7e\u011fi Lesitini\"}]},{\"@type\":\"WebSite\",\"@id\":\"https:\\\/\\\/naturalpoland.com\\\/tr\\\/#website\",\"url\":\"https:\\\/\\\/naturalpoland.com\\\/tr\\\/\",\"name\":\"NATURAL POLAND - Hurtowy Dystrybutor Surowc\u00f3w\",\"description\":\"Surowce dla przemys\u0142u spo\u017cywczego, kosmetycznego i farmaceutycznego\",\"publisher\":{\"@id\":\"https:\\\/\\\/naturalpoland.com\\\/tr\\\/#organization\"},\"potentialAction\":[{\"@type\":\"SearchAction\",\"target\":{\"@type\":\"EntryPoint\",\"urlTemplate\":\"https:\\\/\\\/naturalpoland.com\\\/tr\\\/?s={search_term_string}\"},\"query-input\":{\"@type\":\"PropertyValueSpecification\",\"valueRequired\":true,\"valueName\":\"search_term_string\"}}],\"inLanguage\":\"tr\"},{\"@type\":\"Organization\",\"@id\":\"https:\\\/\\\/naturalpoland.com\\\/tr\\\/#organization\",\"name\":\"Natural Poland\",\"url\":\"https:\\\/\\\/naturalpoland.com\\\/tr\\\/\",\"logo\":{\"@type\":\"ImageObject\",\"inLanguage\":\"tr\",\"@id\":\"https:\\\/\\\/naturalpoland.com\\\/tr\\\/#\\\/schema\\\/logo\\\/image\\\/\",\"url\":\"https:\\\/\\\/naturalpoland.com\\\/wp-content\\\/uploads\\\/2021\\\/05\\\/natural-poland-icon.png\",\"contentUrl\":\"https:\\\/\\\/naturalpoland.com\\\/wp-content\\\/uploads\\\/2021\\\/05\\\/natural-poland-icon.png\",\"width\":512,\"height\":512,\"caption\":\"Natural Poland\"},\"image\":{\"@id\":\"https:\\\/\\\/naturalpoland.com\\\/tr\\\/#\\\/schema\\\/logo\\\/image\\\/\"},\"sameAs\":[\"https:\\\/\\\/www.facebook.com\\\/naturalpoland.b2b\",\"https:\\\/\\\/pl.linkedin.com\\\/company\\\/natural-poland\",\"https:\\\/\\\/www.youtube.com\\\/channel\\\/UCgeGGkvOMahZo-xu_MSEWxg\"]}]}<\/script>\n<!-- \/ Yoast SEO plugin. -->","yoast_head_json":{"title":"Ay\u00e7i\u00e7e\u011fi Lesitini - NATURAL POLAND - Hurtowy Dystrybutor Surowc\u00f3w","description":"Ay\u00e7i\u00e7e\u011fi tohumlar\u0131ndan elde edilen ay\u00e7i\u00e7e\u011fi lesitini, soya lesitinine alternatif olu\u015fturur. G\u0131da ve kozmetik \u00fcr\u00fcnlerinde kullan\u0131l\u0131r.","robots":{"index":"index","follow":"follow","max-snippet":"max-snippet:-1","max-image-preview":"max-image-preview:large","max-video-preview":"max-video-preview:-1"},"canonical":"https:\/\/naturalpoland.com\/tr\/urunler\/gida-hammaddeleri\/uretim-hammaddeleri\/aycicegi-lesitini\/","og_locale":"tr_TR","og_type":"article","og_title":"Ay\u00e7i\u00e7e\u011fi Lesitini - NATURAL POLAND - Hurtowy Dystrybutor Surowc\u00f3w","og_description":"Ay\u00e7i\u00e7e\u011fi tohumlar\u0131ndan elde edilen ay\u00e7i\u00e7e\u011fi lesitini, soya lesitinine alternatif olu\u015fturur. G\u0131da ve kozmetik \u00fcr\u00fcnlerinde kullan\u0131l\u0131r.","og_url":"https:\/\/naturalpoland.com\/tr\/urunler\/gida-hammaddeleri\/uretim-hammaddeleri\/aycicegi-lesitini\/","og_site_name":"NATURAL POLAND - Hurtowy Dystrybutor Surowc\u00f3w","article_publisher":"https:\/\/www.facebook.com\/naturalpoland.b2b","article_modified_time":"2026-02-04T13:13:32+00:00","og_image":[{"width":650,"height":650,"url":"https:\/\/naturalpoland.com\/wp-content\/uploads\/lecytyna-slonecznikowa.jpg","type":"image\/jpeg"}],"schema":{"@context":"https:\/\/schema.org","@graph":[{"@type":"WebPage","@id":"https:\/\/naturalpoland.com\/tr\/urunler\/gida-hammaddeleri\/uretim-hammaddeleri\/aycicegi-lesitini\/","url":"https:\/\/naturalpoland.com\/tr\/urunler\/gida-hammaddeleri\/uretim-hammaddeleri\/aycicegi-lesitini\/","name":"Ay\u00e7i\u00e7e\u011fi Lesitini - NATURAL POLAND - Hurtowy Dystrybutor Surowc\u00f3w","isPartOf":{"@id":"https:\/\/naturalpoland.com\/tr\/#website"},"primaryImageOfPage":{"@id":"https:\/\/naturalpoland.com\/tr\/urunler\/gida-hammaddeleri\/uretim-hammaddeleri\/aycicegi-lesitini\/#primaryimage"},"image":{"@id":"https:\/\/naturalpoland.com\/tr\/urunler\/gida-hammaddeleri\/uretim-hammaddeleri\/aycicegi-lesitini\/#primaryimage"},"thumbnailUrl":"https:\/\/naturalpoland.com\/wp-content\/uploads\/lecytyna-slonecznikowa.jpg","datePublished":"2023-10-02T09:24:26+00:00","dateModified":"2026-02-04T13:13:32+00:00","description":"Ay\u00e7i\u00e7e\u011fi tohumlar\u0131ndan elde edilen ay\u00e7i\u00e7e\u011fi lesitini, soya lesitinine alternatif olu\u015fturur. G\u0131da ve kozmetik \u00fcr\u00fcnlerinde kullan\u0131l\u0131r.","breadcrumb":{"@id":"https:\/\/naturalpoland.com\/tr\/urunler\/gida-hammaddeleri\/uretim-hammaddeleri\/aycicegi-lesitini\/#breadcrumb"},"inLanguage":"tr","potentialAction":[{"@type":"ReadAction","target":["https:\/\/naturalpoland.com\/tr\/urunler\/gida-hammaddeleri\/uretim-hammaddeleri\/aycicegi-lesitini\/"]}]},{"@type":"ImageObject","inLanguage":"tr","@id":"https:\/\/naturalpoland.com\/tr\/urunler\/gida-hammaddeleri\/uretim-hammaddeleri\/aycicegi-lesitini\/#primaryimage","url":"https:\/\/naturalpoland.com\/wp-content\/uploads\/lecytyna-slonecznikowa.jpg","contentUrl":"https:\/\/naturalpoland.com\/wp-content\/uploads\/lecytyna-slonecznikowa.jpg","width":650,"height":650,"caption":"ay\u00e7i\u00e7e\u011fi lesitini"},{"@type":"BreadcrumbList","@id":"https:\/\/naturalpoland.com\/tr\/urunler\/gida-hammaddeleri\/uretim-hammaddeleri\/aycicegi-lesitini\/#breadcrumb","itemListElement":[{"@type":"ListItem","position":1,"name":"Ana Sayfa","item":"https:\/\/naturalpoland.com\/tr\/"},{"@type":"ListItem","position":2,"name":"\u00dcr\u00fcnler","item":"https:\/\/naturalpoland.com\/tr\/urunler\/"},{"@type":"ListItem","position":3,"name":"Ay\u00e7i\u00e7e\u011fi Lesitini"}]},{"@type":"WebSite","@id":"https:\/\/naturalpoland.com\/tr\/#website","url":"https:\/\/naturalpoland.com\/tr\/","name":"NATURAL POLAND - Hurtowy Dystrybutor Surowc\u00f3w","description":"Surowce dla przemys\u0142u spo\u017cywczego, kosmetycznego i farmaceutycznego","publisher":{"@id":"https:\/\/naturalpoland.com\/tr\/#organization"},"potentialAction":[{"@type":"SearchAction","target":{"@type":"EntryPoint","urlTemplate":"https:\/\/naturalpoland.com\/tr\/?s={search_term_string}"},"query-input":{"@type":"PropertyValueSpecification","valueRequired":true,"valueName":"search_term_string"}}],"inLanguage":"tr"},{"@type":"Organization","@id":"https:\/\/naturalpoland.com\/tr\/#organization","name":"Natural Poland","url":"https:\/\/naturalpoland.com\/tr\/","logo":{"@type":"ImageObject","inLanguage":"tr","@id":"https:\/\/naturalpoland.com\/tr\/#\/schema\/logo\/image\/","url":"https:\/\/naturalpoland.com\/wp-content\/uploads\/2021\/05\/natural-poland-icon.png","contentUrl":"https:\/\/naturalpoland.com\/wp-content\/uploads\/2021\/05\/natural-poland-icon.png","width":512,"height":512,"caption":"Natural Poland"},"image":{"@id":"https:\/\/naturalpoland.com\/tr\/#\/schema\/logo\/image\/"},"sameAs":["https:\/\/www.facebook.com\/naturalpoland.b2b","https:\/\/pl.linkedin.com\/company\/natural-poland","https:\/\/www.youtube.com\/channel\/UCgeGGkvOMahZo-xu_MSEWxg"]}]}},"_links":{"self":[{"href":"https:\/\/naturalpoland.com\/tr\/wp-json\/wp\/v2\/product\/45614","targetHints":{"allow":["GET"]}}],"collection":[{"href":"https:\/\/naturalpoland.com\/tr\/wp-json\/wp\/v2\/product"}],"about":[{"href":"https:\/\/naturalpoland.com\/tr\/wp-json\/wp\/v2\/types\/product"}],"wp:featuredmedia":[{"embeddable":true,"href":"https:\/\/naturalpoland.com\/tr\/wp-json\/wp\/v2\/media\/45615"}],"wp:attachment":[{"href":"https:\/\/naturalpoland.com\/tr\/wp-json\/wp\/v2\/media?parent=45614"}],"wp:term":[{"taxonomy":"product_brand","embeddable":true,"href":"https:\/\/naturalpoland.com\/tr\/wp-json\/wp\/v2\/product_brand?post=45614"},{"taxonomy":"product_cat","embeddable":true,"href":"https:\/\/naturalpoland.com\/tr\/wp-json\/wp\/v2\/product_cat?post=45614"},{"taxonomy":"product_tag","embeddable":true,"href":"https:\/\/naturalpoland.com\/tr\/wp-json\/wp\/v2\/product_tag?post=45614"}],"curies":[{"name":"wp","href":"https:\/\/api.w.org\/{rel}","templated":true}]}}