{"id":45637,"date":"2021-05-11T13:51:22","date_gmt":"2021-05-11T11:51:22","guid":{"rendered":"https:\/\/naturalpoland.com\/produkty\/kategorilenmemis\/cilek-tohumu-yagi\/"},"modified":"2026-02-05T10:44:52","modified_gmt":"2026-02-05T09:44:52","slug":"cilek-tohumu-yagi","status":"publish","type":"product","link":"https:\/\/naturalpoland.com\/tr\/urunler\/gida-hammaddeleri\/gida-yaglari\/cilek-tohumu-yagi\/","title":{"rendered":"\u00c7ilek Tohumu Ya\u011f\u0131"},"content":{"rendered":"<h2 class=\"wp-block-heading\">\u00c7ilek Tohumu Ya\u011f\u0131 \u2013 Kullan\u0131m Alanlar\u0131<\/h2>\n<p>\u00c7ilek tohumu ya\u011f\u0131n\u0131n bir\u00e7ok kozmetik kullan\u0131m alan\u0131 vard\u0131r. Bu ya\u011f ile y\u00fcz kremleri, t\u0131rnak bak\u0131m \u00fcr\u00fcnleri, sa\u00e7 bak\u0131m \u00fcr\u00fcnleri, balsam ve rejeneratif-nemlendirici banyo \u00fcr\u00fcnleri haz\u0131rlanabilir. Bu nedenle kozmetik \u00fcreticileri taraf\u0131ndan tercih edilmektedir.  <\/p>\n<p><strong>\u00c7ilek tohumu ya\u011f\u0131 kullan\u0131m \u00f6rnekleri:<\/strong><\/p>\n<ul class=\"wp-block-list\">\n<li>masaj ya\u011f\u0131,<\/li>\n<li>sa\u00e7 maskesi,<\/li>\n<li>t\u0131rnak ya\u011f\u0131,<\/li>\n<li>makyaj baz\u0131<\/li>\n<li>haz\u0131r kremlere katk\u0131,<\/li>\n<li>sa\u00e7 serumu,<\/li>\n<li>makyaj temizleme \u00fcr\u00fcn\u00fc,<\/li>\n<li>banyo ya\u011f\u0131.<\/li>\n<\/ul>\n<h3 class=\"wp-block-heading\"><strong>Y\u00fcz \u0130\u00e7in \u00c7ilek Tohumu Ya\u011f\u0131<\/strong><\/h3>\n<p>\u00c7ilek tohumu ya\u011f\u0131 h\u0131zla emilir, ciltte ya\u011fl\u0131 film b\u0131rakmaz, bu sayede <strong>makyaj baz\u0131<\/strong> olarak kullan\u0131labilir. Bu ya\u011f do\u011fal, ho\u015f \u00e7ilek aromas\u0131na sahiptir ve hi\u00e7bir katk\u0131 maddesi i\u00e7ermez. Do\u011fal \u00e7ilek tohumu ya\u011f\u0131 ye\u015filimsi renktedir ve karakteristik, ho\u015f tatl\u0131 kokuya sahiptir.  <\/p>\n<p><strong>Her cilt tipinde kullan\u0131labilir<\/strong> \u2013 karma, hassas, tahri\u015f olmaya e\u011filimli, kuru cilt. Ya\u011f\u0131n maksimum \u00f6zelliklerini g\u00f6sterebilmesi i\u00e7in \u00f6nceden temizlenmi\u015f y\u00fcz cildine uygulanmas\u0131 gerekti\u011fini unutmay\u0131n. <\/p>\n<h3 class=\"wp-block-heading\"><strong>\u00c7ilek Tohumu Ya\u011f\u0131 \u2013 Komedojenlik<\/strong><\/h3>\n<p>Ahududu tohumu ya\u011f\u0131 komedojenik de\u011fildir \u2013 bu da g\u00f6zenekleri t\u0131kamad\u0131\u011f\u0131 ve yeni siyah nokta olu\u015fumuna neden olmad\u0131\u011f\u0131 anlam\u0131na gelir. G\u00fcnl\u00fck bak\u0131m i\u00e7in uygundur. <\/p>\n<h3><strong>Sa\u00e7 \u0130\u00e7in \u00c7ilek Tohumu Ya\u011f\u0131<\/strong><\/h3>\n<p>Ayr\u0131ca <strong>\u00e7ilek tohumu ya\u011f\u0131n\u0131n sa\u00e7lar \u00fczerinde faydal\u0131 etkisi vard\u0131r<\/strong>. U\u00e7 \u00e7atallanmas\u0131n\u0131 \u00f6nler, d\u00fczle\u015ftirir ve nemlendirir. <strong>\u00c7ilek tohumu ya\u011f\u0131n\u0131n sa\u00e7 derisi masaj\u0131 olarak kullan\u0131lmas\u0131<\/strong> sa\u00e7lar\u0131n daha elastik, beslenmi\u015f olmas\u0131n\u0131 ve parlakl\u0131\u011f\u0131n\u0131n geri kazan\u0131lmas\u0131n\u0131 sa\u011flar. <\/p>\n<h2 class=\"wp-block-heading\">\u00c7ilek Tohumu Ya\u011f\u0131 \u2013 \u00d6zellikleri<\/h2>\n<p>\u00c7ilek ya\u011f\u0131 cildi uzun s\u00fcre nemlendirir. \u00c7ok verimli bir \u00fcr\u00fcnd\u00fcr, h\u0131zla emilir, g\u00f6zeneklerin t\u0131kanmas\u0131na neden olmaz ve ya\u011fl\u0131 leke b\u0131rakmaz. <\/p>\n<p><strong>\u00c7ilek tohumu ya\u011f\u0131 kullan\u0131m\u0131n\u0131n<\/strong> di\u011fer avantajlar\u0131 aras\u0131nda \u015funlar say\u0131labilir: k\u0131r\u0131\u015f\u0131kl\u0131k kar\u015f\u0131t\u0131 etki, epidermiste su tutma (TEWL&#8217;yi \u00f6nler), tahri\u015f ve iltihab\u0131 yat\u0131\u015ft\u0131rma. Bu ya\u011f akne ile m\u00fccadelede faydal\u0131 olabilir, cildi rejenerasyona u\u011frat\u0131r, sa\u00e7 ve cildi nemlendirir. Ayr\u0131ca <strong>s\u0131k\u0131la\u015ft\u0131r\u0131c\u0131 \u00f6zelliklere<\/strong> sahiptir \u2013 ya\u015flanma kar\u015f\u0131t\u0131 preparatlarda etkilidir.  <\/p>\n<p>Bak\u0131m kozmetiklerinde: koruyucu tabaka olu\u015fturur, nemlendirir, d\u00fczle\u015ftirir, iltihab\u0131 azalt\u0131r. Balsam ve krem gibi v\u00fccut kozmetiklerinde nemlendirici i\u015flev g\u00f6r\u00fcr, cildin s\u0131k\u0131la\u015fmas\u0131na ve rejenerasyonuna yard\u0131mc\u0131 olur. <\/p>\n<h2 class=\"wp-block-heading\">\u00c7ilek Tohumu Ya\u011f\u0131 Nas\u0131l Kullan\u0131l\u0131r?<\/h2>\n<p>Bu ya\u011f tek ba\u015f\u0131na \u00fcr\u00fcn olarak kullan\u0131labilir \u2013 birka\u00e7 damla ya\u011f\u0131 cilde s\u00fcr\u00fcp nazik\u00e7e masaj yap\u0131n, emilmesini bekleyin. \u0130kinci kullan\u0131m y\u00f6ntemi: birka\u00e7 damla ya\u011f\u0131 avu\u00e7 i\u00e7lerine yay\u0131n, ard\u0131ndan sa\u00e7 u\u00e7lar\u0131na masaj yap\u0131n. <\/p>\n<p>T\u0131rnak ve k\u00fctik\u00fcl serumu olarak da etkilidir, ya\u011f\u0131 t\u0131rnaklara s\u00fcr\u00fcp k\u00fctik\u00fclere masaj yapman\u0131z yeterlidir \u2013 t\u0131rnaklar\u0131n\u0131z\u0131 m\u00fckemmel \u015fekilde besler. \u00c7ilek tohumu ya\u011f\u0131 haz\u0131r kozmeti\u011fi zenginle\u015ftirebilir, az miktarda kozmetik al\u0131p ana ambalaj\u0131n d\u0131\u015f\u0131nda birka\u00e7 damla ya\u011f eklemek yeterlidir, bu g\u00fcnl\u00fck kulland\u0131\u011f\u0131n\u0131z kozmeti\u011fin faydal\u0131 \u00f6zelliklerini art\u0131r\u0131r. <\/p>\n<p><strong>Kozmetiklerde \u00f6nerilen konsantrasyon %1-100&#8217;d\u00fcr.<\/strong><\/p>\n<h2 class=\"wp-block-heading\">\u00c7ilek tohumu ya\u011f\u0131n\u0131n bile\u015fimi:<\/h2>\n<p>\u00c7ilek tohumu ya\u011f\u0131n\u0131n bile\u015fiminde <a href=\"https:\/\/naturalpoland.com\/produkty\/produkty-dla-przemyslu-farmaceutycznego-i-medycznego\/witaminy\/witamina-e\/\"><strong>E vitamini<\/strong><\/a> ve F vitamini, palmitik asit, stearik asit, omega 3 ve 6 asitleri, <a href=\"https:\/\/naturalpoland.com\/tr\/urunler\/farmasotik-hammaddeler\/takviye-edici-gida-bilesenleri\/ellagisol-ellagik-asit\/\"><strong>elagik asit<\/strong><\/a> bulunur. Bu sonuncusu antioksidan grubuna dahildir, yani anti-inflamatuar \u00f6zellikler g\u00f6sterir. Bu ya\u011fda a\u015fa\u011f\u0131daki gibi ya\u011f asitleri de bulunur:  <\/p>\n<ul class=\"wp-block-list\">\n<li><strong>oleik asit<\/strong> \u2013 cilt y\u00fczeyinde koruyucu film olu\u015fturur, TEWL&#8217;yi \u00f6nler, nemlendirir ve d\u00fczle\u015ftirir.<\/li>\n<li><strong>linolenik asit<\/strong> \u2013 yat\u0131\u015ft\u0131r\u0131c\u0131 \u00f6zellikler g\u00f6sterir, iltihab\u0131 hafifletir, d\u00fczle\u015ftirir.<\/li>\n<li><strong>linoleik asit<\/strong> \u2013 nemlendirici etki g\u00f6sterir, iltihab\u0131 yat\u0131\u015ft\u0131rabilir, k\u0131zar\u0131kl\u0131\u011f\u0131 azaltabilir, cilt g\u00f6zeneklerinin t\u0131kanmas\u0131n\u0131 \u00f6nler.<\/li>\n<\/ul>\n<h3><strong>Ya\u011f asidi i\u00e7eri\u011fi<\/strong><\/h3>\n<p>&nbsp;<\/p>\n<table>\n<tbody>\n<tr>\n<td>YA\u011e AS\u0130D\u0130 ADI<\/td>\n<td>C-Z\u0130NC\u0130R\u0130<\/td>\n<td>ARALIK (%)<\/td>\n<td>SONU\u00c7<\/td>\n<\/tr>\n<tr>\n<td>LESS<\/td>\n<td>&lt; C16:0<\/td>\n<td>0,1-0,2<\/td>\n<td>0,2<\/td>\n<\/tr>\n<tr>\n<td>PALMITIC<\/td>\n<td>C16:0<\/td>\n<td>3-9,0<\/td>\n<td>4,58<\/td>\n<\/tr>\n<tr>\n<td>STEARIC<\/td>\n<td>C18:0<\/td>\n<td>0,5-4,0<\/td>\n<td>1,61<\/td>\n<\/tr>\n<tr>\n<td>OLEIC<\/td>\n<td>C18:1<\/td>\n<td>14,0-29,0<\/td>\n<td>15,75<\/td>\n<\/tr>\n<tr>\n<td>LINOLEIC<\/td>\n<td>C18:2<\/td>\n<td>35,0-49,0<\/td>\n<td>47,43<\/td>\n<\/tr>\n<tr>\n<td>LINOLENIC<\/td>\n<td>C18:3<\/td>\n<td>25-32,5<\/td>\n<td>29,53<\/td>\n<\/tr>\n<\/tbody>\n<\/table>\n<p>&nbsp;<\/p>\n<p>&nbsp;<\/p>\n<hr>\n<p><strong>Kaynak\u00e7a:<\/strong><br \/>\nKozmetiklerde yeni bitkisel k\u00f6kenli ya\u011flar \u2013 bak\u0131m ve tedavi edici \u00f6zellikler, Paluszkiewicz Ilona, Temmuz 2019.<\/p>\n","protected":false},"excerpt":{"rendered":"<p>G\u0131da ve kozmetik kalitesinde do\u011fal \u00e7ilek tohumu ya\u011f\u0131n\u0131n (<em>Fragaria Ananassa (Strawberry) Seed Oil<\/em>) Polonya distrib\u00fct\u00f6r\u00fcy\u00fcz. \u00c7ilek tohumu ya\u011f\u0131 so\u011fuk preslenmi\u015f, rafine edilmemi\u015ftir. Ya\u011f asitleri ile A, E ve F vitaminleri a\u00e7\u0131s\u0131ndan son derece zengindir.  <\/p>\n","protected":false},"featured_media":45641,"template":"","meta":{"_acf_changed":false},"product_brand":[],"product_cat":[9551,9532,9571],"product_tag":[],"class_list":{"0":"post-45637","1":"product","2":"type-product","3":"status-publish","4":"has-post-thumbnail","6":"product_cat-kozmetik-yaglari","7":"product_cat-gida-ve-kozmetik-yaglari","8":"product_cat-gida-yaglari","10":"first","11":"instock","12":"shipping-taxable","13":"product-type-simple"},"acf":[],"yoast_head":"<!-- This site is optimized with the Yoast SEO plugin v27.5 - https:\/\/yoast.com\/product\/yoast-seo-wordpress\/ -->\n<title>\u00c7ilek Tohumu Ya\u011f\u0131 - NATURAL POLAND - Hurtowy Dystrybutor Surowc\u00f3w<\/title>\n<meta name=\"description\" content=\"\u00c7ilek tohumu ya\u011f\u0131, bu pop\u00fcler meyvenin tohumlar\u0131n\u0131n so\u011fuk preslenmesi yoluyla elde edilir. Ya\u011f asitleri ile A, E ve F vitaminleri a\u00e7\u0131s\u0131ndan son derece zengindir.\" \/>\n<meta name=\"robots\" content=\"index, follow, max-snippet:-1, max-image-preview:large, max-video-preview:-1\" \/>\n<link rel=\"canonical\" href=\"https:\/\/naturalpoland.com\/tr\/urunler\/gida-hammaddeleri\/gida-yaglari\/cilek-tohumu-yagi\/\" \/>\n<meta property=\"og:locale\" content=\"tr_TR\" \/>\n<meta property=\"og:type\" content=\"article\" \/>\n<meta property=\"og:title\" content=\"\u00c7ilek Tohumu Ya\u011f\u0131 - NATURAL POLAND - Hurtowy Dystrybutor Surowc\u00f3w\" \/>\n<meta property=\"og:description\" content=\"\u00c7ilek tohumu ya\u011f\u0131, bu pop\u00fcler meyvenin tohumlar\u0131n\u0131n so\u011fuk preslenmesi yoluyla elde edilir. Ya\u011f asitleri ile A, E ve F vitaminleri a\u00e7\u0131s\u0131ndan son derece zengindir.\" \/>\n<meta property=\"og:url\" content=\"https:\/\/naturalpoland.com\/tr\/urunler\/gida-hammaddeleri\/gida-yaglari\/cilek-tohumu-yagi\/\" \/>\n<meta property=\"og:site_name\" content=\"NATURAL POLAND - Hurtowy Dystrybutor Surowc\u00f3w\" \/>\n<meta property=\"article:publisher\" content=\"https:\/\/www.facebook.com\/naturalpoland.b2b\" \/>\n<meta property=\"article:modified_time\" content=\"2026-02-05T09:44:52+00:00\" \/>\n<meta property=\"og:image\" content=\"https:\/\/naturalpoland.com\/wp-content\/uploads\/olej-z-truskawek.webp\" \/>\n\t<meta property=\"og:image:width\" content=\"615\" \/>\n\t<meta property=\"og:image:height\" content=\"615\" \/>\n\t<meta property=\"og:image:type\" content=\"image\/webp\" \/>\n<script type=\"application\/ld+json\" class=\"yoast-schema-graph\">{\"@context\":\"https:\\\/\\\/schema.org\",\"@graph\":[{\"@type\":\"WebPage\",\"@id\":\"https:\\\/\\\/naturalpoland.com\\\/tr\\\/urunler\\\/gida-hammaddeleri\\\/gida-yaglari\\\/cilek-tohumu-yagi\\\/\",\"url\":\"https:\\\/\\\/naturalpoland.com\\\/tr\\\/urunler\\\/gida-hammaddeleri\\\/gida-yaglari\\\/cilek-tohumu-yagi\\\/\",\"name\":\"\u00c7ilek Tohumu Ya\u011f\u0131 - NATURAL POLAND - Hurtowy Dystrybutor Surowc\u00f3w\",\"isPartOf\":{\"@id\":\"https:\\\/\\\/naturalpoland.com\\\/tr\\\/#website\"},\"primaryImageOfPage\":{\"@id\":\"https:\\\/\\\/naturalpoland.com\\\/tr\\\/urunler\\\/gida-hammaddeleri\\\/gida-yaglari\\\/cilek-tohumu-yagi\\\/#primaryimage\"},\"image\":{\"@id\":\"https:\\\/\\\/naturalpoland.com\\\/tr\\\/urunler\\\/gida-hammaddeleri\\\/gida-yaglari\\\/cilek-tohumu-yagi\\\/#primaryimage\"},\"thumbnailUrl\":\"https:\\\/\\\/naturalpoland.com\\\/wp-content\\\/uploads\\\/olej-z-truskawek.webp\",\"datePublished\":\"2021-05-11T11:51:22+00:00\",\"dateModified\":\"2026-02-05T09:44:52+00:00\",\"description\":\"\u00c7ilek tohumu ya\u011f\u0131, bu pop\u00fcler meyvenin tohumlar\u0131n\u0131n so\u011fuk preslenmesi yoluyla elde edilir. Ya\u011f asitleri ile A, E ve F vitaminleri a\u00e7\u0131s\u0131ndan son derece zengindir.\",\"breadcrumb\":{\"@id\":\"https:\\\/\\\/naturalpoland.com\\\/tr\\\/urunler\\\/gida-hammaddeleri\\\/gida-yaglari\\\/cilek-tohumu-yagi\\\/#breadcrumb\"},\"inLanguage\":\"tr\",\"potentialAction\":[{\"@type\":\"ReadAction\",\"target\":[\"https:\\\/\\\/naturalpoland.com\\\/tr\\\/urunler\\\/gida-hammaddeleri\\\/gida-yaglari\\\/cilek-tohumu-yagi\\\/\"]}]},{\"@type\":\"ImageObject\",\"inLanguage\":\"tr\",\"@id\":\"https:\\\/\\\/naturalpoland.com\\\/tr\\\/urunler\\\/gida-hammaddeleri\\\/gida-yaglari\\\/cilek-tohumu-yagi\\\/#primaryimage\",\"url\":\"https:\\\/\\\/naturalpoland.com\\\/wp-content\\\/uploads\\\/olej-z-truskawek.webp\",\"contentUrl\":\"https:\\\/\\\/naturalpoland.com\\\/wp-content\\\/uploads\\\/olej-z-truskawek.webp\",\"width\":615,\"height\":615,\"caption\":\"\u00e7ilek tohumu ya\u011f\u0131\"},{\"@type\":\"BreadcrumbList\",\"@id\":\"https:\\\/\\\/naturalpoland.com\\\/tr\\\/urunler\\\/gida-hammaddeleri\\\/gida-yaglari\\\/cilek-tohumu-yagi\\\/#breadcrumb\",\"itemListElement\":[{\"@type\":\"ListItem\",\"position\":1,\"name\":\"Ana Sayfa\",\"item\":\"https:\\\/\\\/naturalpoland.com\\\/tr\\\/\"},{\"@type\":\"ListItem\",\"position\":2,\"name\":\"\u00dcr\u00fcnler\",\"item\":\"https:\\\/\\\/naturalpoland.com\\\/tr\\\/urunler\\\/\"},{\"@type\":\"ListItem\",\"position\":3,\"name\":\"\u00c7ilek Tohumu Ya\u011f\u0131\"}]},{\"@type\":\"WebSite\",\"@id\":\"https:\\\/\\\/naturalpoland.com\\\/tr\\\/#website\",\"url\":\"https:\\\/\\\/naturalpoland.com\\\/tr\\\/\",\"name\":\"NATURAL POLAND - Hurtowy Dystrybutor Surowc\u00f3w\",\"description\":\"Surowce dla przemys\u0142u spo\u017cywczego, kosmetycznego i farmaceutycznego\",\"publisher\":{\"@id\":\"https:\\\/\\\/naturalpoland.com\\\/tr\\\/#organization\"},\"potentialAction\":[{\"@type\":\"SearchAction\",\"target\":{\"@type\":\"EntryPoint\",\"urlTemplate\":\"https:\\\/\\\/naturalpoland.com\\\/tr\\\/?s={search_term_string}\"},\"query-input\":{\"@type\":\"PropertyValueSpecification\",\"valueRequired\":true,\"valueName\":\"search_term_string\"}}],\"inLanguage\":\"tr\"},{\"@type\":\"Organization\",\"@id\":\"https:\\\/\\\/naturalpoland.com\\\/tr\\\/#organization\",\"name\":\"Natural Poland\",\"url\":\"https:\\\/\\\/naturalpoland.com\\\/tr\\\/\",\"logo\":{\"@type\":\"ImageObject\",\"inLanguage\":\"tr\",\"@id\":\"https:\\\/\\\/naturalpoland.com\\\/tr\\\/#\\\/schema\\\/logo\\\/image\\\/\",\"url\":\"https:\\\/\\\/naturalpoland.com\\\/wp-content\\\/uploads\\\/2021\\\/05\\\/natural-poland-icon.png\",\"contentUrl\":\"https:\\\/\\\/naturalpoland.com\\\/wp-content\\\/uploads\\\/2021\\\/05\\\/natural-poland-icon.png\",\"width\":512,\"height\":512,\"caption\":\"Natural Poland\"},\"image\":{\"@id\":\"https:\\\/\\\/naturalpoland.com\\\/tr\\\/#\\\/schema\\\/logo\\\/image\\\/\"},\"sameAs\":[\"https:\\\/\\\/www.facebook.com\\\/naturalpoland.b2b\",\"https:\\\/\\\/pl.linkedin.com\\\/company\\\/natural-poland\",\"https:\\\/\\\/www.youtube.com\\\/channel\\\/UCgeGGkvOMahZo-xu_MSEWxg\"]}]}<\/script>\n<!-- \/ Yoast SEO plugin. -->","yoast_head_json":{"title":"\u00c7ilek Tohumu Ya\u011f\u0131 - NATURAL POLAND - Hurtowy Dystrybutor Surowc\u00f3w","description":"\u00c7ilek tohumu ya\u011f\u0131, bu pop\u00fcler meyvenin tohumlar\u0131n\u0131n so\u011fuk preslenmesi yoluyla elde edilir. Ya\u011f asitleri ile A, E ve F vitaminleri a\u00e7\u0131s\u0131ndan son derece zengindir.","robots":{"index":"index","follow":"follow","max-snippet":"max-snippet:-1","max-image-preview":"max-image-preview:large","max-video-preview":"max-video-preview:-1"},"canonical":"https:\/\/naturalpoland.com\/tr\/urunler\/gida-hammaddeleri\/gida-yaglari\/cilek-tohumu-yagi\/","og_locale":"tr_TR","og_type":"article","og_title":"\u00c7ilek Tohumu Ya\u011f\u0131 - NATURAL POLAND - Hurtowy Dystrybutor Surowc\u00f3w","og_description":"\u00c7ilek tohumu ya\u011f\u0131, bu pop\u00fcler meyvenin tohumlar\u0131n\u0131n so\u011fuk preslenmesi yoluyla elde edilir. Ya\u011f asitleri ile A, E ve F vitaminleri a\u00e7\u0131s\u0131ndan son derece zengindir.","og_url":"https:\/\/naturalpoland.com\/tr\/urunler\/gida-hammaddeleri\/gida-yaglari\/cilek-tohumu-yagi\/","og_site_name":"NATURAL POLAND - Hurtowy Dystrybutor Surowc\u00f3w","article_publisher":"https:\/\/www.facebook.com\/naturalpoland.b2b","article_modified_time":"2026-02-05T09:44:52+00:00","og_image":[{"width":615,"height":615,"url":"https:\/\/naturalpoland.com\/wp-content\/uploads\/olej-z-truskawek.webp","type":"image\/webp"}],"schema":{"@context":"https:\/\/schema.org","@graph":[{"@type":"WebPage","@id":"https:\/\/naturalpoland.com\/tr\/urunler\/gida-hammaddeleri\/gida-yaglari\/cilek-tohumu-yagi\/","url":"https:\/\/naturalpoland.com\/tr\/urunler\/gida-hammaddeleri\/gida-yaglari\/cilek-tohumu-yagi\/","name":"\u00c7ilek Tohumu Ya\u011f\u0131 - NATURAL POLAND - Hurtowy Dystrybutor Surowc\u00f3w","isPartOf":{"@id":"https:\/\/naturalpoland.com\/tr\/#website"},"primaryImageOfPage":{"@id":"https:\/\/naturalpoland.com\/tr\/urunler\/gida-hammaddeleri\/gida-yaglari\/cilek-tohumu-yagi\/#primaryimage"},"image":{"@id":"https:\/\/naturalpoland.com\/tr\/urunler\/gida-hammaddeleri\/gida-yaglari\/cilek-tohumu-yagi\/#primaryimage"},"thumbnailUrl":"https:\/\/naturalpoland.com\/wp-content\/uploads\/olej-z-truskawek.webp","datePublished":"2021-05-11T11:51:22+00:00","dateModified":"2026-02-05T09:44:52+00:00","description":"\u00c7ilek tohumu ya\u011f\u0131, bu pop\u00fcler meyvenin tohumlar\u0131n\u0131n so\u011fuk preslenmesi yoluyla elde edilir. Ya\u011f asitleri ile A, E ve F vitaminleri a\u00e7\u0131s\u0131ndan son derece zengindir.","breadcrumb":{"@id":"https:\/\/naturalpoland.com\/tr\/urunler\/gida-hammaddeleri\/gida-yaglari\/cilek-tohumu-yagi\/#breadcrumb"},"inLanguage":"tr","potentialAction":[{"@type":"ReadAction","target":["https:\/\/naturalpoland.com\/tr\/urunler\/gida-hammaddeleri\/gida-yaglari\/cilek-tohumu-yagi\/"]}]},{"@type":"ImageObject","inLanguage":"tr","@id":"https:\/\/naturalpoland.com\/tr\/urunler\/gida-hammaddeleri\/gida-yaglari\/cilek-tohumu-yagi\/#primaryimage","url":"https:\/\/naturalpoland.com\/wp-content\/uploads\/olej-z-truskawek.webp","contentUrl":"https:\/\/naturalpoland.com\/wp-content\/uploads\/olej-z-truskawek.webp","width":615,"height":615,"caption":"\u00e7ilek tohumu ya\u011f\u0131"},{"@type":"BreadcrumbList","@id":"https:\/\/naturalpoland.com\/tr\/urunler\/gida-hammaddeleri\/gida-yaglari\/cilek-tohumu-yagi\/#breadcrumb","itemListElement":[{"@type":"ListItem","position":1,"name":"Ana Sayfa","item":"https:\/\/naturalpoland.com\/tr\/"},{"@type":"ListItem","position":2,"name":"\u00dcr\u00fcnler","item":"https:\/\/naturalpoland.com\/tr\/urunler\/"},{"@type":"ListItem","position":3,"name":"\u00c7ilek Tohumu Ya\u011f\u0131"}]},{"@type":"WebSite","@id":"https:\/\/naturalpoland.com\/tr\/#website","url":"https:\/\/naturalpoland.com\/tr\/","name":"NATURAL POLAND - Hurtowy Dystrybutor Surowc\u00f3w","description":"Surowce dla przemys\u0142u spo\u017cywczego, kosmetycznego i farmaceutycznego","publisher":{"@id":"https:\/\/naturalpoland.com\/tr\/#organization"},"potentialAction":[{"@type":"SearchAction","target":{"@type":"EntryPoint","urlTemplate":"https:\/\/naturalpoland.com\/tr\/?s={search_term_string}"},"query-input":{"@type":"PropertyValueSpecification","valueRequired":true,"valueName":"search_term_string"}}],"inLanguage":"tr"},{"@type":"Organization","@id":"https:\/\/naturalpoland.com\/tr\/#organization","name":"Natural Poland","url":"https:\/\/naturalpoland.com\/tr\/","logo":{"@type":"ImageObject","inLanguage":"tr","@id":"https:\/\/naturalpoland.com\/tr\/#\/schema\/logo\/image\/","url":"https:\/\/naturalpoland.com\/wp-content\/uploads\/2021\/05\/natural-poland-icon.png","contentUrl":"https:\/\/naturalpoland.com\/wp-content\/uploads\/2021\/05\/natural-poland-icon.png","width":512,"height":512,"caption":"Natural Poland"},"image":{"@id":"https:\/\/naturalpoland.com\/tr\/#\/schema\/logo\/image\/"},"sameAs":["https:\/\/www.facebook.com\/naturalpoland.b2b","https:\/\/pl.linkedin.com\/company\/natural-poland","https:\/\/www.youtube.com\/channel\/UCgeGGkvOMahZo-xu_MSEWxg"]}]}},"_links":{"self":[{"href":"https:\/\/naturalpoland.com\/tr\/wp-json\/wp\/v2\/product\/45637","targetHints":{"allow":["GET"]}}],"collection":[{"href":"https:\/\/naturalpoland.com\/tr\/wp-json\/wp\/v2\/product"}],"about":[{"href":"https:\/\/naturalpoland.com\/tr\/wp-json\/wp\/v2\/types\/product"}],"wp:featuredmedia":[{"embeddable":true,"href":"https:\/\/naturalpoland.com\/tr\/wp-json\/wp\/v2\/media\/45641"}],"wp:attachment":[{"href":"https:\/\/naturalpoland.com\/tr\/wp-json\/wp\/v2\/media?parent=45637"}],"wp:term":[{"taxonomy":"product_brand","embeddable":true,"href":"https:\/\/naturalpoland.com\/tr\/wp-json\/wp\/v2\/product_brand?post=45637"},{"taxonomy":"product_cat","embeddable":true,"href":"https:\/\/naturalpoland.com\/tr\/wp-json\/wp\/v2\/product_cat?post=45637"},{"taxonomy":"product_tag","embeddable":true,"href":"https:\/\/naturalpoland.com\/tr\/wp-json\/wp\/v2\/product_tag?post=45637"}],"curies":[{"name":"wp","href":"https:\/\/api.w.org\/{rel}","templated":true}]}}