{"id":45649,"date":"2021-05-11T13:49:47","date_gmt":"2021-05-11T11:49:47","guid":{"rendered":"https:\/\/naturalpoland.com\/produkty\/kategorilenmemis\/limon-cekirdegi-yagi\/"},"modified":"2026-02-05T11:26:49","modified_gmt":"2026-02-05T10:26:49","slug":"limon-cekirdegi-yagi","status":"publish","type":"product","link":"https:\/\/naturalpoland.com\/tr\/urunler\/gida-ve-kozmetik-yaglari\/limon-cekirdegi-yagi\/","title":{"rendered":"Limon \u00c7ekirde\u011fi Ya\u011f\u0131"},"content":{"rendered":"<h2>Limon \u00c7ekirde\u011fi Ya\u011f\u0131n\u0131n \u00d6zellikleri<\/h2>\n<p>Limon \u00e7ekirde\u011fi ya\u011f\u0131, C vitamini, ya\u011f asitleri ve antioksidanlar\u0131n zengin bir kayna\u011f\u0131d\u0131r. Bu bile\u015fenler cilt, sa\u00e7 ve t\u0131rnaklar\u0131n sa\u011fl\u0131\u011f\u0131n\u0131 destekler, onlara uygun beslenme ve serbest radikallere kar\u015f\u0131 koruma sa\u011flar. Y\u00fcksek C vitamini konsantrasyonu sayesinde bu ya\u011f ciltte tonik ve ayd\u0131nlat\u0131c\u0131 etki g\u00f6sterir. D\u00fczenli kullan\u0131m cilt tonunu e\u015fitlemeye, lekelerin ve \u00e7illerin g\u00f6r\u00fcn\u00fcm\u00fcn\u00fc azaltmaya ve cildi sa\u011fl\u0131kl\u0131 bir parlakl\u0131kla donatmaya yard\u0131mc\u0131 olur.   <\/p>\n<p>Ya\u011fda bulunan antioksidanlar serbest radikalleri n\u00f6tralize eder, bu da onu anti-aging \u00fcr\u00fcnlerinin etkili bir bile\u015feni haline getirir. K\u0131r\u0131\u015f\u0131kl\u0131klar\u0131n azalt\u0131lmas\u0131nda yard\u0131mc\u0131 olur ve cildin erken ya\u015flanmas\u0131n\u0131 \u00f6nler. Ayr\u0131ca bu ya\u011f t\u0131rnaklar\u0131n dayan\u0131kl\u0131l\u0131\u011f\u0131n\u0131 ve sertli\u011fini art\u0131r\u0131r, onlar\u0131 k\u0131r\u0131lganl\u0131\u011fa kar\u015f\u0131 korur. Sa\u00e7larda kullan\u0131ld\u0131\u011f\u0131nda yap\u0131lar\u0131n\u0131 g\u00fc\u00e7lendirir, parlakl\u0131k verir ve rejenerasyonu destekler.   <\/p>\n<h2>Kullan\u0131m alanlar\u0131<\/h2>\n<p>Limon \u00e7ekirde\u011fi ya\u011f\u0131, cildi ayd\u0131nlatma, lekeleri azaltma ve anti-aging etkisi ama\u00e7layan kremler, serumlar, tonikler ve y\u00fcz maskelerinin bile\u015fenidir.<\/p>\n<p>Sa\u00e7lar\u0131n rejenerasyonu ve g\u00fc\u00e7lendirilmesi, sa\u011fl\u0131kl\u0131 parlakl\u0131k kazand\u0131r\u0131lmas\u0131 ve hasarlara kar\u015f\u0131 korunmas\u0131 i\u00e7in \u015fampuanlara, sa\u00e7 kremlerine ve sa\u00e7 maskelerine de eklenebilir.<\/p>\n<p>Bu ya\u011f dayan\u0131kl\u0131l\u0131klar\u0131n\u0131 art\u0131rmak ve k\u0131r\u0131lganl\u0131\u011f\u0131 \u00f6nlemek i\u00e7in do\u011frudan t\u0131rnaklara uygulanabilir. El ve ayak balsamlar\u0131na da m\u00fckemmel bir katk\u0131d\u0131r. <\/p>\n<p>Limon \u00e7ekirde\u011fi ya\u011f\u0131 ciltte rahatlat\u0131c\u0131 ve ferahlat\u0131c\u0131 etki g\u00f6steren banyo katk\u0131s\u0131 olarak da kullan\u0131labilir. \u00d6l\u00fc cilt h\u00fccrelerini d\u00f6ken ve cilt dokusunu iyile\u015ftiren do\u011fal peelinglerin de etkili bir bile\u015fenidir. <\/p>\n","protected":false},"excerpt":{"rendered":"<p>Limon \u00e7ekirde\u011fi ya\u011f\u0131 (<em>Citrus limon seed oil<\/em>) g\u0131da, farmas\u00f6tik ve kozmetik dahil olmak \u00fczere \u00e7e\u015fitli sekt\u00f6rlerde kullan\u0131lan nadir ve de\u011ferli bir \u00fcr\u00fcnd\u00fcr.<\/p>\n","protected":false},"featured_media":45651,"template":"","meta":{"_acf_changed":false},"product_brand":[],"product_cat":[9532],"product_tag":[],"class_list":{"0":"post-45649","1":"product","2":"type-product","3":"status-publish","4":"has-post-thumbnail","6":"product_cat-gida-ve-kozmetik-yaglari","7":"pa_grupa-substancji-baz-yaglar","9":"first","10":"instock","11":"shipping-taxable","12":"product-type-simple"},"acf":[],"yoast_head":"<!-- This site is optimized with the Yoast SEO plugin v27.5 - https:\/\/yoast.com\/product\/yoast-seo-wordpress\/ -->\n<title>Limon \u00c7ekirde\u011fi Ya\u011f\u0131 - NATURAL POLAND - Hurtowy Dystrybutor Surowc\u00f3w<\/title>\n<meta name=\"description\" content=\"Limon \u00e7ekirde\u011fi ya\u011f\u0131, cilt, sa\u00e7 ve t\u0131rnaklar i\u00e7in say\u0131s\u0131z fayda sa\u011flayan \u00e7ok y\u00f6nl\u00fc bir kozmetik ve farmas\u00f6tik bile\u015fendir.\" \/>\n<meta name=\"robots\" content=\"index, follow, max-snippet:-1, max-image-preview:large, max-video-preview:-1\" \/>\n<link rel=\"canonical\" href=\"https:\/\/naturalpoland.com\/tr\/urunler\/gida-ve-kozmetik-yaglari\/limon-cekirdegi-yagi\/\" \/>\n<meta property=\"og:locale\" content=\"tr_TR\" \/>\n<meta property=\"og:type\" content=\"article\" \/>\n<meta property=\"og:title\" content=\"Limon \u00c7ekirde\u011fi Ya\u011f\u0131 - NATURAL POLAND - Hurtowy Dystrybutor Surowc\u00f3w\" \/>\n<meta property=\"og:description\" content=\"Limon \u00e7ekirde\u011fi ya\u011f\u0131, cilt, sa\u00e7 ve t\u0131rnaklar i\u00e7in say\u0131s\u0131z fayda sa\u011flayan \u00e7ok y\u00f6nl\u00fc bir kozmetik ve farmas\u00f6tik bile\u015fendir.\" \/>\n<meta property=\"og:url\" content=\"https:\/\/naturalpoland.com\/tr\/urunler\/gida-ve-kozmetik-yaglari\/limon-cekirdegi-yagi\/\" \/>\n<meta property=\"og:site_name\" content=\"NATURAL POLAND - Hurtowy Dystrybutor Surowc\u00f3w\" \/>\n<meta property=\"article:publisher\" content=\"https:\/\/www.facebook.com\/naturalpoland.b2b\" \/>\n<meta property=\"article:modified_time\" content=\"2026-02-05T10:26:49+00:00\" \/>\n<meta property=\"og:image\" content=\"https:\/\/naturalpoland.com\/wp-content\/uploads\/olej-z-nasion-cytryny.webp\" \/>\n\t<meta property=\"og:image:width\" content=\"609\" \/>\n\t<meta property=\"og:image:height\" content=\"609\" \/>\n\t<meta property=\"og:image:type\" content=\"image\/webp\" \/>\n<script type=\"application\/ld+json\" class=\"yoast-schema-graph\">{\"@context\":\"https:\\\/\\\/schema.org\",\"@graph\":[{\"@type\":\"WebPage\",\"@id\":\"https:\\\/\\\/naturalpoland.com\\\/tr\\\/urunler\\\/gida-ve-kozmetik-yaglari\\\/limon-cekirdegi-yagi\\\/\",\"url\":\"https:\\\/\\\/naturalpoland.com\\\/tr\\\/urunler\\\/gida-ve-kozmetik-yaglari\\\/limon-cekirdegi-yagi\\\/\",\"name\":\"Limon \u00c7ekirde\u011fi Ya\u011f\u0131 - NATURAL POLAND - Hurtowy Dystrybutor Surowc\u00f3w\",\"isPartOf\":{\"@id\":\"https:\\\/\\\/naturalpoland.com\\\/tr\\\/#website\"},\"primaryImageOfPage\":{\"@id\":\"https:\\\/\\\/naturalpoland.com\\\/tr\\\/urunler\\\/gida-ve-kozmetik-yaglari\\\/limon-cekirdegi-yagi\\\/#primaryimage\"},\"image\":{\"@id\":\"https:\\\/\\\/naturalpoland.com\\\/tr\\\/urunler\\\/gida-ve-kozmetik-yaglari\\\/limon-cekirdegi-yagi\\\/#primaryimage\"},\"thumbnailUrl\":\"https:\\\/\\\/naturalpoland.com\\\/wp-content\\\/uploads\\\/olej-z-nasion-cytryny.webp\",\"datePublished\":\"2021-05-11T11:49:47+00:00\",\"dateModified\":\"2026-02-05T10:26:49+00:00\",\"description\":\"Limon \u00e7ekirde\u011fi ya\u011f\u0131, cilt, sa\u00e7 ve t\u0131rnaklar i\u00e7in say\u0131s\u0131z fayda sa\u011flayan \u00e7ok y\u00f6nl\u00fc bir kozmetik ve farmas\u00f6tik bile\u015fendir.\",\"breadcrumb\":{\"@id\":\"https:\\\/\\\/naturalpoland.com\\\/tr\\\/urunler\\\/gida-ve-kozmetik-yaglari\\\/limon-cekirdegi-yagi\\\/#breadcrumb\"},\"inLanguage\":\"tr\",\"potentialAction\":[{\"@type\":\"ReadAction\",\"target\":[\"https:\\\/\\\/naturalpoland.com\\\/tr\\\/urunler\\\/gida-ve-kozmetik-yaglari\\\/limon-cekirdegi-yagi\\\/\"]}]},{\"@type\":\"ImageObject\",\"inLanguage\":\"tr\",\"@id\":\"https:\\\/\\\/naturalpoland.com\\\/tr\\\/urunler\\\/gida-ve-kozmetik-yaglari\\\/limon-cekirdegi-yagi\\\/#primaryimage\",\"url\":\"https:\\\/\\\/naturalpoland.com\\\/wp-content\\\/uploads\\\/olej-z-nasion-cytryny.webp\",\"contentUrl\":\"https:\\\/\\\/naturalpoland.com\\\/wp-content\\\/uploads\\\/olej-z-nasion-cytryny.webp\",\"width\":609,\"height\":609,\"caption\":\"\u015fi\u015fede limon \u00e7ekirde\u011fi ya\u011f\u0131\"},{\"@type\":\"BreadcrumbList\",\"@id\":\"https:\\\/\\\/naturalpoland.com\\\/tr\\\/urunler\\\/gida-ve-kozmetik-yaglari\\\/limon-cekirdegi-yagi\\\/#breadcrumb\",\"itemListElement\":[{\"@type\":\"ListItem\",\"position\":1,\"name\":\"Ana Sayfa\",\"item\":\"https:\\\/\\\/naturalpoland.com\\\/tr\\\/\"},{\"@type\":\"ListItem\",\"position\":2,\"name\":\"\u00dcr\u00fcnler\",\"item\":\"https:\\\/\\\/naturalpoland.com\\\/tr\\\/urunler\\\/\"},{\"@type\":\"ListItem\",\"position\":3,\"name\":\"Limon \u00c7ekirde\u011fi Ya\u011f\u0131\"}]},{\"@type\":\"WebSite\",\"@id\":\"https:\\\/\\\/naturalpoland.com\\\/tr\\\/#website\",\"url\":\"https:\\\/\\\/naturalpoland.com\\\/tr\\\/\",\"name\":\"NATURAL POLAND - Hurtowy Dystrybutor Surowc\u00f3w\",\"description\":\"Surowce dla przemys\u0142u spo\u017cywczego, kosmetycznego i farmaceutycznego\",\"publisher\":{\"@id\":\"https:\\\/\\\/naturalpoland.com\\\/tr\\\/#organization\"},\"potentialAction\":[{\"@type\":\"SearchAction\",\"target\":{\"@type\":\"EntryPoint\",\"urlTemplate\":\"https:\\\/\\\/naturalpoland.com\\\/tr\\\/?s={search_term_string}\"},\"query-input\":{\"@type\":\"PropertyValueSpecification\",\"valueRequired\":true,\"valueName\":\"search_term_string\"}}],\"inLanguage\":\"tr\"},{\"@type\":\"Organization\",\"@id\":\"https:\\\/\\\/naturalpoland.com\\\/tr\\\/#organization\",\"name\":\"Natural Poland\",\"url\":\"https:\\\/\\\/naturalpoland.com\\\/tr\\\/\",\"logo\":{\"@type\":\"ImageObject\",\"inLanguage\":\"tr\",\"@id\":\"https:\\\/\\\/naturalpoland.com\\\/tr\\\/#\\\/schema\\\/logo\\\/image\\\/\",\"url\":\"https:\\\/\\\/naturalpoland.com\\\/wp-content\\\/uploads\\\/2021\\\/05\\\/natural-poland-icon.png\",\"contentUrl\":\"https:\\\/\\\/naturalpoland.com\\\/wp-content\\\/uploads\\\/2021\\\/05\\\/natural-poland-icon.png\",\"width\":512,\"height\":512,\"caption\":\"Natural Poland\"},\"image\":{\"@id\":\"https:\\\/\\\/naturalpoland.com\\\/tr\\\/#\\\/schema\\\/logo\\\/image\\\/\"},\"sameAs\":[\"https:\\\/\\\/www.facebook.com\\\/naturalpoland.b2b\",\"https:\\\/\\\/pl.linkedin.com\\\/company\\\/natural-poland\",\"https:\\\/\\\/www.youtube.com\\\/channel\\\/UCgeGGkvOMahZo-xu_MSEWxg\"]}]}<\/script>\n<!-- \/ Yoast SEO plugin. -->","yoast_head_json":{"title":"Limon \u00c7ekirde\u011fi Ya\u011f\u0131 - NATURAL POLAND - Hurtowy Dystrybutor Surowc\u00f3w","description":"Limon \u00e7ekirde\u011fi ya\u011f\u0131, cilt, sa\u00e7 ve t\u0131rnaklar i\u00e7in say\u0131s\u0131z fayda sa\u011flayan \u00e7ok y\u00f6nl\u00fc bir kozmetik ve farmas\u00f6tik bile\u015fendir.","robots":{"index":"index","follow":"follow","max-snippet":"max-snippet:-1","max-image-preview":"max-image-preview:large","max-video-preview":"max-video-preview:-1"},"canonical":"https:\/\/naturalpoland.com\/tr\/urunler\/gida-ve-kozmetik-yaglari\/limon-cekirdegi-yagi\/","og_locale":"tr_TR","og_type":"article","og_title":"Limon \u00c7ekirde\u011fi Ya\u011f\u0131 - NATURAL POLAND - Hurtowy Dystrybutor Surowc\u00f3w","og_description":"Limon \u00e7ekirde\u011fi ya\u011f\u0131, cilt, sa\u00e7 ve t\u0131rnaklar i\u00e7in say\u0131s\u0131z fayda sa\u011flayan \u00e7ok y\u00f6nl\u00fc bir kozmetik ve farmas\u00f6tik bile\u015fendir.","og_url":"https:\/\/naturalpoland.com\/tr\/urunler\/gida-ve-kozmetik-yaglari\/limon-cekirdegi-yagi\/","og_site_name":"NATURAL POLAND - Hurtowy Dystrybutor Surowc\u00f3w","article_publisher":"https:\/\/www.facebook.com\/naturalpoland.b2b","article_modified_time":"2026-02-05T10:26:49+00:00","og_image":[{"width":609,"height":609,"url":"https:\/\/naturalpoland.com\/wp-content\/uploads\/olej-z-nasion-cytryny.webp","type":"image\/webp"}],"schema":{"@context":"https:\/\/schema.org","@graph":[{"@type":"WebPage","@id":"https:\/\/naturalpoland.com\/tr\/urunler\/gida-ve-kozmetik-yaglari\/limon-cekirdegi-yagi\/","url":"https:\/\/naturalpoland.com\/tr\/urunler\/gida-ve-kozmetik-yaglari\/limon-cekirdegi-yagi\/","name":"Limon \u00c7ekirde\u011fi Ya\u011f\u0131 - NATURAL POLAND - Hurtowy Dystrybutor Surowc\u00f3w","isPartOf":{"@id":"https:\/\/naturalpoland.com\/tr\/#website"},"primaryImageOfPage":{"@id":"https:\/\/naturalpoland.com\/tr\/urunler\/gida-ve-kozmetik-yaglari\/limon-cekirdegi-yagi\/#primaryimage"},"image":{"@id":"https:\/\/naturalpoland.com\/tr\/urunler\/gida-ve-kozmetik-yaglari\/limon-cekirdegi-yagi\/#primaryimage"},"thumbnailUrl":"https:\/\/naturalpoland.com\/wp-content\/uploads\/olej-z-nasion-cytryny.webp","datePublished":"2021-05-11T11:49:47+00:00","dateModified":"2026-02-05T10:26:49+00:00","description":"Limon \u00e7ekirde\u011fi ya\u011f\u0131, cilt, sa\u00e7 ve t\u0131rnaklar i\u00e7in say\u0131s\u0131z fayda sa\u011flayan \u00e7ok y\u00f6nl\u00fc bir kozmetik ve farmas\u00f6tik bile\u015fendir.","breadcrumb":{"@id":"https:\/\/naturalpoland.com\/tr\/urunler\/gida-ve-kozmetik-yaglari\/limon-cekirdegi-yagi\/#breadcrumb"},"inLanguage":"tr","potentialAction":[{"@type":"ReadAction","target":["https:\/\/naturalpoland.com\/tr\/urunler\/gida-ve-kozmetik-yaglari\/limon-cekirdegi-yagi\/"]}]},{"@type":"ImageObject","inLanguage":"tr","@id":"https:\/\/naturalpoland.com\/tr\/urunler\/gida-ve-kozmetik-yaglari\/limon-cekirdegi-yagi\/#primaryimage","url":"https:\/\/naturalpoland.com\/wp-content\/uploads\/olej-z-nasion-cytryny.webp","contentUrl":"https:\/\/naturalpoland.com\/wp-content\/uploads\/olej-z-nasion-cytryny.webp","width":609,"height":609,"caption":"\u015fi\u015fede limon \u00e7ekirde\u011fi ya\u011f\u0131"},{"@type":"BreadcrumbList","@id":"https:\/\/naturalpoland.com\/tr\/urunler\/gida-ve-kozmetik-yaglari\/limon-cekirdegi-yagi\/#breadcrumb","itemListElement":[{"@type":"ListItem","position":1,"name":"Ana Sayfa","item":"https:\/\/naturalpoland.com\/tr\/"},{"@type":"ListItem","position":2,"name":"\u00dcr\u00fcnler","item":"https:\/\/naturalpoland.com\/tr\/urunler\/"},{"@type":"ListItem","position":3,"name":"Limon \u00c7ekirde\u011fi Ya\u011f\u0131"}]},{"@type":"WebSite","@id":"https:\/\/naturalpoland.com\/tr\/#website","url":"https:\/\/naturalpoland.com\/tr\/","name":"NATURAL POLAND - Hurtowy Dystrybutor Surowc\u00f3w","description":"Surowce dla przemys\u0142u spo\u017cywczego, kosmetycznego i farmaceutycznego","publisher":{"@id":"https:\/\/naturalpoland.com\/tr\/#organization"},"potentialAction":[{"@type":"SearchAction","target":{"@type":"EntryPoint","urlTemplate":"https:\/\/naturalpoland.com\/tr\/?s={search_term_string}"},"query-input":{"@type":"PropertyValueSpecification","valueRequired":true,"valueName":"search_term_string"}}],"inLanguage":"tr"},{"@type":"Organization","@id":"https:\/\/naturalpoland.com\/tr\/#organization","name":"Natural Poland","url":"https:\/\/naturalpoland.com\/tr\/","logo":{"@type":"ImageObject","inLanguage":"tr","@id":"https:\/\/naturalpoland.com\/tr\/#\/schema\/logo\/image\/","url":"https:\/\/naturalpoland.com\/wp-content\/uploads\/2021\/05\/natural-poland-icon.png","contentUrl":"https:\/\/naturalpoland.com\/wp-content\/uploads\/2021\/05\/natural-poland-icon.png","width":512,"height":512,"caption":"Natural Poland"},"image":{"@id":"https:\/\/naturalpoland.com\/tr\/#\/schema\/logo\/image\/"},"sameAs":["https:\/\/www.facebook.com\/naturalpoland.b2b","https:\/\/pl.linkedin.com\/company\/natural-poland","https:\/\/www.youtube.com\/channel\/UCgeGGkvOMahZo-xu_MSEWxg"]}]}},"_links":{"self":[{"href":"https:\/\/naturalpoland.com\/tr\/wp-json\/wp\/v2\/product\/45649","targetHints":{"allow":["GET"]}}],"collection":[{"href":"https:\/\/naturalpoland.com\/tr\/wp-json\/wp\/v2\/product"}],"about":[{"href":"https:\/\/naturalpoland.com\/tr\/wp-json\/wp\/v2\/types\/product"}],"wp:featuredmedia":[{"embeddable":true,"href":"https:\/\/naturalpoland.com\/tr\/wp-json\/wp\/v2\/media\/45651"}],"wp:attachment":[{"href":"https:\/\/naturalpoland.com\/tr\/wp-json\/wp\/v2\/media?parent=45649"}],"wp:term":[{"taxonomy":"product_brand","embeddable":true,"href":"https:\/\/naturalpoland.com\/tr\/wp-json\/wp\/v2\/product_brand?post=45649"},{"taxonomy":"product_cat","embeddable":true,"href":"https:\/\/naturalpoland.com\/tr\/wp-json\/wp\/v2\/product_cat?post=45649"},{"taxonomy":"product_tag","embeddable":true,"href":"https:\/\/naturalpoland.com\/tr\/wp-json\/wp\/v2\/product_tag?post=45649"}],"curies":[{"name":"wp","href":"https:\/\/api.w.org\/{rel}","templated":true}]}}