{"id":45663,"date":"2021-05-11T13:54:09","date_gmt":"2021-05-11T11:54:09","guid":{"rendered":"https:\/\/naturalpoland.com\/produkty\/kategorilenmemis\/cilek-cekirdegi-peelingi\/"},"modified":"2026-02-05T12:05:20","modified_gmt":"2026-02-05T11:05:20","slug":"cilek-cekirdegi-peelingi","status":"publish","type":"product","link":"https:\/\/naturalpoland.com\/tr\/urunler\/kozmetik-hammaddeleri\/peeling-urunleri\/cilek-cekirdegi-peelingi\/","title":{"rendered":"\u00c7ilek \u00c7ekirde\u011fi Peelingi"},"content":{"rendered":"<h2>\u00c7ilek Peelinginin \u00d6zellikleri<\/h2>\n<p>\u00c7ilek \u00e7ekirde\u011fi peelingi \u00f6l\u00fc deri h\u00fccrelerini nazik\u00e7e temizler, cilt dokusunu iyile\u015ftirir ve p\u00fcr\u00fczs\u00fczl\u00fck sa\u011flar. Mikro dola\u015f\u0131m\u0131 uyar\u0131r ve cildin oksijen al\u0131m\u0131n\u0131 art\u0131rarak cildin \u0131\u015f\u0131lt\u0131l\u0131 g\u00f6r\u00fcnmesini sa\u011flar. <\/p>\n<p>\u00c7ilek \u00e7ekirdekleri serbest radikallerle sava\u015fan do\u011fal antioksidanlar i\u00e7erir.<\/p>\n<h2>\u00c7ilek \u00c7ekirde\u011fi Peelinginin Kullan\u0131m\u0131<\/h2>\n<p>Peeling, v\u00fccut peelingleri, y\u00fcz maskeleri, \u015fampuanlar ve ayak bak\u0131m \u00fcr\u00fcnleri gibi \u00e7e\u015fitli kozmetik form\u00fcllerde kullan\u0131labilir. Ya\u011flar, kremler ve sabunlarla m\u00fckemmel uyum sa\u011flar. <\/p>\n<p>Du\u015f jeli, s\u0131v\u0131 sabun veya peeling gliserin kal\u0131b\u0131n\u0131n bile\u015feni olarak da kullan\u0131labilir.<\/p>\n<p>Peeling hem y\u00fcz hem de t\u00fcm v\u00fccut cildi i\u00e7in uygundur. Kan dola\u015f\u0131m\u0131n\u0131 iyile\u015ftirmek ve sa\u00e7 b\u00fcy\u00fcmesini te\u015fvik etmek i\u00e7in sa\u00e7 derisi masaj\u0131nda da kullan\u0131labilir. <\/p>\n<h2>Kullan\u0131m Faydalar\u0131:<\/h2>\n<p>Peeling \u00f6l\u00fc deri tabakas\u0131n\u0131 temizleyerek ciltteki kan dola\u015f\u0131m\u0131n\u0131 uyar\u0131r ve yenilenmesini te\u015fvik eder. Bu sayede cilt esnek, s\u0131k\u0131 ve iyi oksijenlenir. Bu uygulama son derece rahatlat\u0131c\u0131 olup k\u0131sa s\u00fcrede p\u00fcr\u00fczs\u00fcz cilt elde etmeyi sa\u011flar.  <\/p>\n<p>\u00dcr\u00fcn s\u0131f\u0131r at\u0131k yakla\u015f\u0131m\u0131n\u0131 destekler ve sentetik bile\u015fen kullan\u0131m\u0131n\u0131 azaltarak \u00e7evre i\u00e7in faydal\u0131d\u0131r.<\/p>\n<p>\u00c7ilek \u00e7ekirde\u011fi peelingi mikrobiyolojik a\u00e7\u0131dan g\u00fcvenli bir \u00fcr\u00fcnd\u00fcr ve a\u011f\u0131r metaller ile kirleticiler konusunda EC d\u00fczenlemelerinin gereksinimlerini kar\u015f\u0131lar.<\/p>\n","protected":false},"excerpt":{"rendered":"<p><strong>\u00c7ilek \u00c7ekirde\u011fi Peelingi<\/strong> (<em>Fragaria Ananassa<\/em>), bu meyvelerden ya\u011f \u00fcretimi s\u0131ras\u0131nda yan \u00fcr\u00fcn olarak elde edilen \u00e7ilek \u00e7ekirdeklerinden \u00fcretilen do\u011fal ve ekolojik bir peeling \u00fcr\u00fcn\u00fcd\u00fcr. Zararl\u0131 mikroplastikler i\u00e7eren sentetik peelingler i\u00e7in m\u00fckemmel ve s\u00fcrd\u00fcr\u00fclebilir bir alternatif olu\u015fturur. <\/p>\n","protected":false},"featured_media":45665,"template":"","meta":{"_acf_changed":false},"product_brand":[],"product_cat":[9553],"product_tag":[],"class_list":{"0":"post-45663","1":"product","2":"type-product","3":"status-publish","4":"has-post-thumbnail","6":"product_cat-peeling-urunleri","8":"first","9":"instock","10":"shipping-taxable","11":"product-type-simple"},"acf":[],"yoast_head":"<!-- This site is optimized with the Yoast SEO plugin v27.5 - https:\/\/yoast.com\/product\/yoast-seo-wordpress\/ -->\n<title>\u00c7ilek \u00c7ekirde\u011fi Peelingi - NATURAL POLAND - Hurtowy Dystrybutor Surowc\u00f3w<\/title>\n<meta name=\"description\" content=\"\u00c7ilek \u00c7ekirde\u011fi Peelingi (Fragaria Ananassa), \u00e7ilek \u00e7ekirdeklerinden \u00fcretilen do\u011fal ve ekolojik bir peeling \u00fcr\u00fcn\u00fcd\u00fcr.\" \/>\n<meta name=\"robots\" content=\"index, follow, max-snippet:-1, max-image-preview:large, max-video-preview:-1\" \/>\n<link rel=\"canonical\" href=\"https:\/\/naturalpoland.com\/tr\/urunler\/kozmetik-hammaddeleri\/peeling-urunleri\/cilek-cekirdegi-peelingi\/\" \/>\n<meta property=\"og:locale\" content=\"tr_TR\" \/>\n<meta property=\"og:type\" content=\"article\" \/>\n<meta property=\"og:title\" content=\"\u00c7ilek \u00c7ekirde\u011fi Peelingi - NATURAL POLAND - Hurtowy Dystrybutor Surowc\u00f3w\" \/>\n<meta property=\"og:description\" content=\"\u00c7ilek \u00c7ekirde\u011fi Peelingi (Fragaria Ananassa), \u00e7ilek \u00e7ekirdeklerinden \u00fcretilen do\u011fal ve ekolojik bir peeling \u00fcr\u00fcn\u00fcd\u00fcr.\" \/>\n<meta property=\"og:url\" content=\"https:\/\/naturalpoland.com\/tr\/urunler\/kozmetik-hammaddeleri\/peeling-urunleri\/cilek-cekirdegi-peelingi\/\" \/>\n<meta property=\"og:site_name\" content=\"NATURAL POLAND - Hurtowy Dystrybutor Surowc\u00f3w\" \/>\n<meta property=\"article:publisher\" content=\"https:\/\/www.facebook.com\/naturalpoland.b2b\" \/>\n<meta property=\"article:modified_time\" content=\"2026-02-05T11:05:20+00:00\" \/>\n<meta property=\"og:image\" content=\"https:\/\/naturalpoland.com\/wp-content\/uploads\/peeling-truskawkowy.webp\" \/>\n\t<meta property=\"og:image:width\" content=\"619\" \/>\n\t<meta property=\"og:image:height\" content=\"619\" \/>\n\t<meta property=\"og:image:type\" content=\"image\/webp\" \/>\n<script type=\"application\/ld+json\" class=\"yoast-schema-graph\">{\"@context\":\"https:\\\/\\\/schema.org\",\"@graph\":[{\"@type\":\"WebPage\",\"@id\":\"https:\\\/\\\/naturalpoland.com\\\/tr\\\/urunler\\\/kozmetik-hammaddeleri\\\/peeling-urunleri\\\/cilek-cekirdegi-peelingi\\\/\",\"url\":\"https:\\\/\\\/naturalpoland.com\\\/tr\\\/urunler\\\/kozmetik-hammaddeleri\\\/peeling-urunleri\\\/cilek-cekirdegi-peelingi\\\/\",\"name\":\"\u00c7ilek \u00c7ekirde\u011fi Peelingi - NATURAL POLAND - Hurtowy Dystrybutor Surowc\u00f3w\",\"isPartOf\":{\"@id\":\"https:\\\/\\\/naturalpoland.com\\\/tr\\\/#website\"},\"primaryImageOfPage\":{\"@id\":\"https:\\\/\\\/naturalpoland.com\\\/tr\\\/urunler\\\/kozmetik-hammaddeleri\\\/peeling-urunleri\\\/cilek-cekirdegi-peelingi\\\/#primaryimage\"},\"image\":{\"@id\":\"https:\\\/\\\/naturalpoland.com\\\/tr\\\/urunler\\\/kozmetik-hammaddeleri\\\/peeling-urunleri\\\/cilek-cekirdegi-peelingi\\\/#primaryimage\"},\"thumbnailUrl\":\"https:\\\/\\\/naturalpoland.com\\\/wp-content\\\/uploads\\\/peeling-truskawkowy.webp\",\"datePublished\":\"2021-05-11T11:54:09+00:00\",\"dateModified\":\"2026-02-05T11:05:20+00:00\",\"description\":\"\u00c7ilek \u00c7ekirde\u011fi Peelingi (Fragaria Ananassa), \u00e7ilek \u00e7ekirdeklerinden \u00fcretilen do\u011fal ve ekolojik bir peeling \u00fcr\u00fcn\u00fcd\u00fcr.\",\"breadcrumb\":{\"@id\":\"https:\\\/\\\/naturalpoland.com\\\/tr\\\/urunler\\\/kozmetik-hammaddeleri\\\/peeling-urunleri\\\/cilek-cekirdegi-peelingi\\\/#breadcrumb\"},\"inLanguage\":\"tr\",\"potentialAction\":[{\"@type\":\"ReadAction\",\"target\":[\"https:\\\/\\\/naturalpoland.com\\\/tr\\\/urunler\\\/kozmetik-hammaddeleri\\\/peeling-urunleri\\\/cilek-cekirdegi-peelingi\\\/\"]}]},{\"@type\":\"ImageObject\",\"inLanguage\":\"tr\",\"@id\":\"https:\\\/\\\/naturalpoland.com\\\/tr\\\/urunler\\\/kozmetik-hammaddeleri\\\/peeling-urunleri\\\/cilek-cekirdegi-peelingi\\\/#primaryimage\",\"url\":\"https:\\\/\\\/naturalpoland.com\\\/wp-content\\\/uploads\\\/peeling-truskawkowy.webp\",\"contentUrl\":\"https:\\\/\\\/naturalpoland.com\\\/wp-content\\\/uploads\\\/peeling-truskawkowy.webp\",\"width\":619,\"height\":619,\"caption\":\"\u00e7ilek \u00e7ekirde\u011fi peelingi\"},{\"@type\":\"BreadcrumbList\",\"@id\":\"https:\\\/\\\/naturalpoland.com\\\/tr\\\/urunler\\\/kozmetik-hammaddeleri\\\/peeling-urunleri\\\/cilek-cekirdegi-peelingi\\\/#breadcrumb\",\"itemListElement\":[{\"@type\":\"ListItem\",\"position\":1,\"name\":\"Ana Sayfa\",\"item\":\"https:\\\/\\\/naturalpoland.com\\\/tr\\\/\"},{\"@type\":\"ListItem\",\"position\":2,\"name\":\"\u00dcr\u00fcnler\",\"item\":\"https:\\\/\\\/naturalpoland.com\\\/tr\\\/urunler\\\/\"},{\"@type\":\"ListItem\",\"position\":3,\"name\":\"\u00c7ilek \u00c7ekirde\u011fi Peelingi\"}]},{\"@type\":\"WebSite\",\"@id\":\"https:\\\/\\\/naturalpoland.com\\\/tr\\\/#website\",\"url\":\"https:\\\/\\\/naturalpoland.com\\\/tr\\\/\",\"name\":\"NATURAL POLAND - Hurtowy Dystrybutor Surowc\u00f3w\",\"description\":\"Surowce dla przemys\u0142u spo\u017cywczego, kosmetycznego i farmaceutycznego\",\"publisher\":{\"@id\":\"https:\\\/\\\/naturalpoland.com\\\/tr\\\/#organization\"},\"potentialAction\":[{\"@type\":\"SearchAction\",\"target\":{\"@type\":\"EntryPoint\",\"urlTemplate\":\"https:\\\/\\\/naturalpoland.com\\\/tr\\\/?s={search_term_string}\"},\"query-input\":{\"@type\":\"PropertyValueSpecification\",\"valueRequired\":true,\"valueName\":\"search_term_string\"}}],\"inLanguage\":\"tr\"},{\"@type\":\"Organization\",\"@id\":\"https:\\\/\\\/naturalpoland.com\\\/tr\\\/#organization\",\"name\":\"Natural Poland\",\"url\":\"https:\\\/\\\/naturalpoland.com\\\/tr\\\/\",\"logo\":{\"@type\":\"ImageObject\",\"inLanguage\":\"tr\",\"@id\":\"https:\\\/\\\/naturalpoland.com\\\/tr\\\/#\\\/schema\\\/logo\\\/image\\\/\",\"url\":\"https:\\\/\\\/naturalpoland.com\\\/wp-content\\\/uploads\\\/2021\\\/05\\\/natural-poland-icon.png\",\"contentUrl\":\"https:\\\/\\\/naturalpoland.com\\\/wp-content\\\/uploads\\\/2021\\\/05\\\/natural-poland-icon.png\",\"width\":512,\"height\":512,\"caption\":\"Natural Poland\"},\"image\":{\"@id\":\"https:\\\/\\\/naturalpoland.com\\\/tr\\\/#\\\/schema\\\/logo\\\/image\\\/\"},\"sameAs\":[\"https:\\\/\\\/www.facebook.com\\\/naturalpoland.b2b\",\"https:\\\/\\\/pl.linkedin.com\\\/company\\\/natural-poland\",\"https:\\\/\\\/www.youtube.com\\\/channel\\\/UCgeGGkvOMahZo-xu_MSEWxg\"]}]}<\/script>\n<!-- \/ Yoast SEO plugin. -->","yoast_head_json":{"title":"\u00c7ilek \u00c7ekirde\u011fi Peelingi - NATURAL POLAND - Hurtowy Dystrybutor Surowc\u00f3w","description":"\u00c7ilek \u00c7ekirde\u011fi Peelingi (Fragaria Ananassa), \u00e7ilek \u00e7ekirdeklerinden \u00fcretilen do\u011fal ve ekolojik bir peeling \u00fcr\u00fcn\u00fcd\u00fcr.","robots":{"index":"index","follow":"follow","max-snippet":"max-snippet:-1","max-image-preview":"max-image-preview:large","max-video-preview":"max-video-preview:-1"},"canonical":"https:\/\/naturalpoland.com\/tr\/urunler\/kozmetik-hammaddeleri\/peeling-urunleri\/cilek-cekirdegi-peelingi\/","og_locale":"tr_TR","og_type":"article","og_title":"\u00c7ilek \u00c7ekirde\u011fi Peelingi - NATURAL POLAND - Hurtowy Dystrybutor Surowc\u00f3w","og_description":"\u00c7ilek \u00c7ekirde\u011fi Peelingi (Fragaria Ananassa), \u00e7ilek \u00e7ekirdeklerinden \u00fcretilen do\u011fal ve ekolojik bir peeling \u00fcr\u00fcn\u00fcd\u00fcr.","og_url":"https:\/\/naturalpoland.com\/tr\/urunler\/kozmetik-hammaddeleri\/peeling-urunleri\/cilek-cekirdegi-peelingi\/","og_site_name":"NATURAL POLAND - Hurtowy Dystrybutor Surowc\u00f3w","article_publisher":"https:\/\/www.facebook.com\/naturalpoland.b2b","article_modified_time":"2026-02-05T11:05:20+00:00","og_image":[{"width":619,"height":619,"url":"https:\/\/naturalpoland.com\/wp-content\/uploads\/peeling-truskawkowy.webp","type":"image\/webp"}],"schema":{"@context":"https:\/\/schema.org","@graph":[{"@type":"WebPage","@id":"https:\/\/naturalpoland.com\/tr\/urunler\/kozmetik-hammaddeleri\/peeling-urunleri\/cilek-cekirdegi-peelingi\/","url":"https:\/\/naturalpoland.com\/tr\/urunler\/kozmetik-hammaddeleri\/peeling-urunleri\/cilek-cekirdegi-peelingi\/","name":"\u00c7ilek \u00c7ekirde\u011fi Peelingi - NATURAL POLAND - Hurtowy Dystrybutor Surowc\u00f3w","isPartOf":{"@id":"https:\/\/naturalpoland.com\/tr\/#website"},"primaryImageOfPage":{"@id":"https:\/\/naturalpoland.com\/tr\/urunler\/kozmetik-hammaddeleri\/peeling-urunleri\/cilek-cekirdegi-peelingi\/#primaryimage"},"image":{"@id":"https:\/\/naturalpoland.com\/tr\/urunler\/kozmetik-hammaddeleri\/peeling-urunleri\/cilek-cekirdegi-peelingi\/#primaryimage"},"thumbnailUrl":"https:\/\/naturalpoland.com\/wp-content\/uploads\/peeling-truskawkowy.webp","datePublished":"2021-05-11T11:54:09+00:00","dateModified":"2026-02-05T11:05:20+00:00","description":"\u00c7ilek \u00c7ekirde\u011fi Peelingi (Fragaria Ananassa), \u00e7ilek \u00e7ekirdeklerinden \u00fcretilen do\u011fal ve ekolojik bir peeling \u00fcr\u00fcn\u00fcd\u00fcr.","breadcrumb":{"@id":"https:\/\/naturalpoland.com\/tr\/urunler\/kozmetik-hammaddeleri\/peeling-urunleri\/cilek-cekirdegi-peelingi\/#breadcrumb"},"inLanguage":"tr","potentialAction":[{"@type":"ReadAction","target":["https:\/\/naturalpoland.com\/tr\/urunler\/kozmetik-hammaddeleri\/peeling-urunleri\/cilek-cekirdegi-peelingi\/"]}]},{"@type":"ImageObject","inLanguage":"tr","@id":"https:\/\/naturalpoland.com\/tr\/urunler\/kozmetik-hammaddeleri\/peeling-urunleri\/cilek-cekirdegi-peelingi\/#primaryimage","url":"https:\/\/naturalpoland.com\/wp-content\/uploads\/peeling-truskawkowy.webp","contentUrl":"https:\/\/naturalpoland.com\/wp-content\/uploads\/peeling-truskawkowy.webp","width":619,"height":619,"caption":"\u00e7ilek \u00e7ekirde\u011fi peelingi"},{"@type":"BreadcrumbList","@id":"https:\/\/naturalpoland.com\/tr\/urunler\/kozmetik-hammaddeleri\/peeling-urunleri\/cilek-cekirdegi-peelingi\/#breadcrumb","itemListElement":[{"@type":"ListItem","position":1,"name":"Ana Sayfa","item":"https:\/\/naturalpoland.com\/tr\/"},{"@type":"ListItem","position":2,"name":"\u00dcr\u00fcnler","item":"https:\/\/naturalpoland.com\/tr\/urunler\/"},{"@type":"ListItem","position":3,"name":"\u00c7ilek \u00c7ekirde\u011fi Peelingi"}]},{"@type":"WebSite","@id":"https:\/\/naturalpoland.com\/tr\/#website","url":"https:\/\/naturalpoland.com\/tr\/","name":"NATURAL POLAND - Hurtowy Dystrybutor Surowc\u00f3w","description":"Surowce dla przemys\u0142u spo\u017cywczego, kosmetycznego i farmaceutycznego","publisher":{"@id":"https:\/\/naturalpoland.com\/tr\/#organization"},"potentialAction":[{"@type":"SearchAction","target":{"@type":"EntryPoint","urlTemplate":"https:\/\/naturalpoland.com\/tr\/?s={search_term_string}"},"query-input":{"@type":"PropertyValueSpecification","valueRequired":true,"valueName":"search_term_string"}}],"inLanguage":"tr"},{"@type":"Organization","@id":"https:\/\/naturalpoland.com\/tr\/#organization","name":"Natural Poland","url":"https:\/\/naturalpoland.com\/tr\/","logo":{"@type":"ImageObject","inLanguage":"tr","@id":"https:\/\/naturalpoland.com\/tr\/#\/schema\/logo\/image\/","url":"https:\/\/naturalpoland.com\/wp-content\/uploads\/2021\/05\/natural-poland-icon.png","contentUrl":"https:\/\/naturalpoland.com\/wp-content\/uploads\/2021\/05\/natural-poland-icon.png","width":512,"height":512,"caption":"Natural Poland"},"image":{"@id":"https:\/\/naturalpoland.com\/tr\/#\/schema\/logo\/image\/"},"sameAs":["https:\/\/www.facebook.com\/naturalpoland.b2b","https:\/\/pl.linkedin.com\/company\/natural-poland","https:\/\/www.youtube.com\/channel\/UCgeGGkvOMahZo-xu_MSEWxg"]}]}},"_links":{"self":[{"href":"https:\/\/naturalpoland.com\/tr\/wp-json\/wp\/v2\/product\/45663","targetHints":{"allow":["GET"]}}],"collection":[{"href":"https:\/\/naturalpoland.com\/tr\/wp-json\/wp\/v2\/product"}],"about":[{"href":"https:\/\/naturalpoland.com\/tr\/wp-json\/wp\/v2\/types\/product"}],"wp:featuredmedia":[{"embeddable":true,"href":"https:\/\/naturalpoland.com\/tr\/wp-json\/wp\/v2\/media\/45665"}],"wp:attachment":[{"href":"https:\/\/naturalpoland.com\/tr\/wp-json\/wp\/v2\/media?parent=45663"}],"wp:term":[{"taxonomy":"product_brand","embeddable":true,"href":"https:\/\/naturalpoland.com\/tr\/wp-json\/wp\/v2\/product_brand?post=45663"},{"taxonomy":"product_cat","embeddable":true,"href":"https:\/\/naturalpoland.com\/tr\/wp-json\/wp\/v2\/product_cat?post=45663"},{"taxonomy":"product_tag","embeddable":true,"href":"https:\/\/naturalpoland.com\/tr\/wp-json\/wp\/v2\/product_tag?post=45663"}],"curies":[{"name":"wp","href":"https:\/\/api.w.org\/{rel}","templated":true}]}}