{"id":45686,"date":"2023-04-21T14:52:48","date_gmt":"2023-04-21T12:52:48","guid":{"rendered":"https:\/\/naturalpoland.com\/produkty\/kategorilenmemis\/asya-kaplanotu-ekstrakti\/"},"modified":"2026-02-09T12:50:00","modified_gmt":"2026-02-09T11:50:00","slug":"asya-kaplanotu-ekstrakti","status":"publish","type":"product","link":"https:\/\/naturalpoland.com\/tr\/urunler\/farmasotik-hammaddeler\/takviye-edici-gida-bilesenleri\/asya-kaplanotu-ekstrakti\/","title":{"rendered":"Asya Kaplanotu Ekstrakt\u0131"},"content":{"rendered":"<h2>Asya kaplanotu ekstrakt\u0131n\u0131n \u00f6zellikleri ve kullan\u0131m\u0131<\/h2>\n<p>Benzersiz \u00f6zellikleri, pentasiklik <strong>triterpen saponinleri<\/strong>, <strong>triterpen genini<\/strong>, <strong><a href=\"https:\/\/naturalpoland.com\/artykuly\/produkty-naturalne\/czym-sa-i-jak-dzialaja-flawonoidy\/\">flavonoidler<\/a><\/strong>, <strong>fitosterol<\/strong> ve <strong>tanen<\/strong> varl\u0131\u011f\u0131ndan kaynaklan\u0131r ve bu bile\u015fim bitkinin yeti\u015ftirildi\u011fi \u00fclkeye g\u00f6re farkl\u0131l\u0131k g\u00f6sterebilir. Triterpen saponinleri kan dola\u015f\u0131m sistemini destekleyici etkisiyle bilinir, kan damarlar\u0131n\u0131n direncini art\u0131rarak varis olu\u015fumunu \u00f6nler. Ekstrakt\u0131n kullan\u0131m\u0131 damarsal, olgun, hassas ve kuru ciltler i\u00e7in \u00f6nerilir \u00e7\u00fcnk\u00fc sadece <strong>damarlar\u0131 g\u00fc\u00e7lendirmekle<\/strong> kalmaz, ayn\u0131 zamanda <strong>\u00e7atlam\u0131\u015f ve hasarl\u0131 cildin yenilenmesine yard\u0131mc\u0131 olur<\/strong>, p\u00fcr\u00fczs\u00fczle\u015ftirir, temizler ve tahri\u015f edici etkileri yat\u0131\u015ft\u0131r\u0131r.   <\/p>\n<p>Dermatoloji ve kozmetikte, Asya kaplanotu ekstrakt\u0131 <strong>yara iyile\u015fme s\u00fcre\u00e7lerini destekler<\/strong>, antibakteriyel, antiinflamatuar, nemlendirici ve anti\u00f6dem etkisi g\u00f6sterir. Akne kar\u015f\u0131t\u0131, ya\u015flanma kar\u015f\u0131t\u0131 \u00fcr\u00fcnlerde ve kuru, tahri\u015f olmaya e\u011filimli ciltler ile g\u00f6z \u00e7evresi bak\u0131m\u0131na y\u00f6nelik preparatlarda etkili bir bile\u015fendir. Ayr\u0131ca, <strong>kolajen \u00fcretimini uyar\u0131r ve sa\u00e7 derisi dola\u015f\u0131m\u0131n\u0131 iyile\u015ftirerek sa\u00e7 b\u00fcy\u00fcmesini te\u015fvik eder<\/strong>.  <\/p>\n<h2>Kullan\u0131m:<\/h2>\n<p>Asya kaplanotu ekstrakt\u0131 krem, serum, tonik, maske bile\u015feni olarak ve ayr\u0131ca g\u00f6z \u00e7evresi bak\u0131m kozmetiklerinde, nemlendirici em\u00fclsiyonlarda ve k\u0131r\u0131\u015f\u0131kl\u0131k kar\u015f\u0131t\u0131 kozmetiklerde aktif madde olarak kullan\u0131labilir. T\u0131ra\u015f sonras\u0131 yat\u0131\u015ft\u0131r\u0131c\u0131 preparatlarda ve olgun ile damarsal ciltler i\u00e7in \u00fcr\u00fcnlerde de m\u00fckemmel performans g\u00f6sterir. <\/p>\n<h2>Takviye g\u0131dalarda Gotu Kola ekstrakt\u0131<\/h2>\n<p>Asya kaplanotu ekstrakt\u0131 i\u00e7eren takviye g\u0131dalar <strong>sindirim sistemi rahats\u0131zl\u0131klar\u0131n\u0131n tedavisinde<\/strong> (ishal, haz\u0131ms\u0131zl\u0131k gibi) ve <strong>idrar yolu enfeksiyonlar\u0131<\/strong>, <strong>hipertansiyon<\/strong> ve <strong>diyabet<\/strong> durumlar\u0131nda \u00f6nerilir. Bu ekstrakt ayr\u0131ca sedef hastal\u0131\u011f\u0131, egzama, c\u00fczzam, vitiligo veya ya\u015fa ba\u011fl\u0131 cilt de\u011fi\u015fiklikleri dahil olmak \u00fczere \u00e7e\u015fitli <strong>cilt hastal\u0131klar\u0131n\u0131n<\/strong> tedavisinde de faydal\u0131d\u0131r. <\/p>\n<h2>Ekstrakt bile\u015fimi:<\/h2>\n<ul>\n<li><strong>Centella Asiatica Extract<\/strong> (%5) \u2013 antiinflamatuar ve antibakteriyel etkili saponinler a\u00e7\u0131s\u0131ndan zengin ana aktif bile\u015fen,<\/li>\n<li><strong>Aqua<\/strong> (%40-50) \u2013 \u00e7\u00f6z\u00fcc\u00fc,<\/li>\n<li><strong>Glycerin<\/strong> (%40-50) \u2013 nemlendirici humektan,<\/li>\n<li><strong>Sodium Benzoate<\/strong> (%0,4) ve <strong>Potassium Sorbate<\/strong> (%0,2) \u2013 \u00fcr\u00fcn\u00fc mikroorganizma geli\u015fiminden koruyan ve dayan\u0131kl\u0131l\u0131\u011f\u0131n\u0131 uzatan koruyucular.<\/li>\n<\/ul>\n","protected":false},"excerpt":{"rendered":"<p><strong>Gotu kola<\/strong>, <strong>Asya kaplanotu<\/strong> veya <strong>kaplan otu<\/strong> olarak da bilinen <strong>Asya kaplanotu otundan ekstrakt<\/strong>, tropik ve subtropik b\u00f6lgelerde yeti\u015fen bu egzotik bitkinin toprak \u00fcst\u00fc k\u0131s\u0131mlar\u0131ndan elde edilir. Bu \u00fcr\u00fcn kozmetik ve farmas\u00f6tik kullan\u0131m i\u00e7in tasarlanm\u0131\u015ft\u0131r. <\/p>\n","protected":false},"featured_media":45687,"template":"","meta":{"_acf_changed":false},"product_brand":[],"product_cat":[9531,9540],"product_tag":[],"class_list":{"0":"post-45686","1":"product","2":"type-product","3":"status-publish","4":"has-post-thumbnail","6":"product_cat-bitkisel-ekstraktlar","7":"product_cat-takviye-edici-gida-bilesenleri","9":"first","10":"instock","11":"shipping-taxable","12":"product-type-simple"},"acf":[],"yoast_head":"<!-- This site is optimized with the Yoast SEO plugin v27.6 - https:\/\/yoast.com\/product\/yoast-seo-wordpress\/ -->\n<title>Asya Kaplanotu Ekstrakt\u0131 - NATURAL POLAND - Hurtowy Dystrybutor Surowc\u00f3w<\/title>\n<meta name=\"description\" content=\"Asya kaplanotu ekstrakt\u0131, \u00e7ok y\u00f6nl\u00fc etkisi nedeniyle kozmetik, geleneksel ve modern t\u0131pta yayg\u0131n olarak kullan\u0131lmaktad\u0131r.\" \/>\n<meta name=\"robots\" content=\"index, follow, max-snippet:-1, max-image-preview:large, max-video-preview:-1\" \/>\n<link rel=\"canonical\" href=\"https:\/\/naturalpoland.com\/tr\/urunler\/farmasotik-hammaddeler\/takviye-edici-gida-bilesenleri\/asya-kaplanotu-ekstrakti\/\" \/>\n<meta property=\"og:locale\" content=\"tr_TR\" \/>\n<meta property=\"og:type\" content=\"article\" \/>\n<meta property=\"og:title\" content=\"Asya Kaplanotu Ekstrakt\u0131 - NATURAL POLAND - Hurtowy Dystrybutor Surowc\u00f3w\" \/>\n<meta property=\"og:description\" content=\"Asya kaplanotu ekstrakt\u0131, \u00e7ok y\u00f6nl\u00fc etkisi nedeniyle kozmetik, geleneksel ve modern t\u0131pta yayg\u0131n olarak kullan\u0131lmaktad\u0131r.\" \/>\n<meta property=\"og:url\" content=\"https:\/\/naturalpoland.com\/tr\/urunler\/farmasotik-hammaddeler\/takviye-edici-gida-bilesenleri\/asya-kaplanotu-ekstrakti\/\" \/>\n<meta property=\"og:site_name\" content=\"NATURAL POLAND - Hurtowy Dystrybutor Surowc\u00f3w\" \/>\n<meta property=\"article:publisher\" content=\"https:\/\/www.facebook.com\/naturalpoland.b2b\" \/>\n<meta property=\"article:modified_time\" content=\"2026-02-09T11:50:00+00:00\" \/>\n<meta property=\"og:image\" content=\"https:\/\/naturalpoland.com\/wp-content\/uploads\/ekstrakt-z-wakroty-azjatyckiej.jpg\" \/>\n\t<meta property=\"og:image:width\" content=\"500\" \/>\n\t<meta property=\"og:image:height\" content=\"500\" \/>\n\t<meta property=\"og:image:type\" content=\"image\/jpeg\" \/>\n<script type=\"application\/ld+json\" class=\"yoast-schema-graph\">{\"@context\":\"https:\\\/\\\/schema.org\",\"@graph\":[{\"@type\":\"WebPage\",\"@id\":\"https:\\\/\\\/naturalpoland.com\\\/tr\\\/urunler\\\/farmasotik-hammaddeler\\\/takviye-edici-gida-bilesenleri\\\/asya-kaplanotu-ekstrakti\\\/\",\"url\":\"https:\\\/\\\/naturalpoland.com\\\/tr\\\/urunler\\\/farmasotik-hammaddeler\\\/takviye-edici-gida-bilesenleri\\\/asya-kaplanotu-ekstrakti\\\/\",\"name\":\"Asya Kaplanotu Ekstrakt\u0131 - NATURAL POLAND - Hurtowy Dystrybutor Surowc\u00f3w\",\"isPartOf\":{\"@id\":\"https:\\\/\\\/naturalpoland.com\\\/tr\\\/#website\"},\"primaryImageOfPage\":{\"@id\":\"https:\\\/\\\/naturalpoland.com\\\/tr\\\/urunler\\\/farmasotik-hammaddeler\\\/takviye-edici-gida-bilesenleri\\\/asya-kaplanotu-ekstrakti\\\/#primaryimage\"},\"image\":{\"@id\":\"https:\\\/\\\/naturalpoland.com\\\/tr\\\/urunler\\\/farmasotik-hammaddeler\\\/takviye-edici-gida-bilesenleri\\\/asya-kaplanotu-ekstrakti\\\/#primaryimage\"},\"thumbnailUrl\":\"https:\\\/\\\/naturalpoland.com\\\/wp-content\\\/uploads\\\/ekstrakt-z-wakroty-azjatyckiej.jpg\",\"datePublished\":\"2023-04-21T12:52:48+00:00\",\"dateModified\":\"2026-02-09T11:50:00+00:00\",\"description\":\"Asya kaplanotu ekstrakt\u0131, \u00e7ok y\u00f6nl\u00fc etkisi nedeniyle kozmetik, geleneksel ve modern t\u0131pta yayg\u0131n olarak kullan\u0131lmaktad\u0131r.\",\"breadcrumb\":{\"@id\":\"https:\\\/\\\/naturalpoland.com\\\/tr\\\/urunler\\\/farmasotik-hammaddeler\\\/takviye-edici-gida-bilesenleri\\\/asya-kaplanotu-ekstrakti\\\/#breadcrumb\"},\"inLanguage\":\"tr\",\"potentialAction\":[{\"@type\":\"ReadAction\",\"target\":[\"https:\\\/\\\/naturalpoland.com\\\/tr\\\/urunler\\\/farmasotik-hammaddeler\\\/takviye-edici-gida-bilesenleri\\\/asya-kaplanotu-ekstrakti\\\/\"]}]},{\"@type\":\"ImageObject\",\"inLanguage\":\"tr\",\"@id\":\"https:\\\/\\\/naturalpoland.com\\\/tr\\\/urunler\\\/farmasotik-hammaddeler\\\/takviye-edici-gida-bilesenleri\\\/asya-kaplanotu-ekstrakti\\\/#primaryimage\",\"url\":\"https:\\\/\\\/naturalpoland.com\\\/wp-content\\\/uploads\\\/ekstrakt-z-wakroty-azjatyckiej.jpg\",\"contentUrl\":\"https:\\\/\\\/naturalpoland.com\\\/wp-content\\\/uploads\\\/ekstrakt-z-wakroty-azjatyckiej.jpg\",\"width\":500,\"height\":500,\"caption\":\"asya kaplanotu ekstrakt\u0131\"},{\"@type\":\"BreadcrumbList\",\"@id\":\"https:\\\/\\\/naturalpoland.com\\\/tr\\\/urunler\\\/farmasotik-hammaddeler\\\/takviye-edici-gida-bilesenleri\\\/asya-kaplanotu-ekstrakti\\\/#breadcrumb\",\"itemListElement\":[{\"@type\":\"ListItem\",\"position\":1,\"name\":\"Ana Sayfa\",\"item\":\"https:\\\/\\\/naturalpoland.com\\\/tr\\\/\"},{\"@type\":\"ListItem\",\"position\":2,\"name\":\"\u00dcr\u00fcnler\",\"item\":\"https:\\\/\\\/naturalpoland.com\\\/tr\\\/urunler\\\/\"},{\"@type\":\"ListItem\",\"position\":3,\"name\":\"Asya Kaplanotu Ekstrakt\u0131\"}]},{\"@type\":\"WebSite\",\"@id\":\"https:\\\/\\\/naturalpoland.com\\\/tr\\\/#website\",\"url\":\"https:\\\/\\\/naturalpoland.com\\\/tr\\\/\",\"name\":\"NATURAL POLAND - Hurtowy Dystrybutor Surowc\u00f3w\",\"description\":\"Surowce dla przemys\u0142u spo\u017cywczego, kosmetycznego i farmaceutycznego\",\"publisher\":{\"@id\":\"https:\\\/\\\/naturalpoland.com\\\/tr\\\/#organization\"},\"potentialAction\":[{\"@type\":\"SearchAction\",\"target\":{\"@type\":\"EntryPoint\",\"urlTemplate\":\"https:\\\/\\\/naturalpoland.com\\\/tr\\\/?s={search_term_string}\"},\"query-input\":{\"@type\":\"PropertyValueSpecification\",\"valueRequired\":true,\"valueName\":\"search_term_string\"}}],\"inLanguage\":\"tr\"},{\"@type\":\"Organization\",\"@id\":\"https:\\\/\\\/naturalpoland.com\\\/tr\\\/#organization\",\"name\":\"Natural Poland\",\"url\":\"https:\\\/\\\/naturalpoland.com\\\/tr\\\/\",\"logo\":{\"@type\":\"ImageObject\",\"inLanguage\":\"tr\",\"@id\":\"https:\\\/\\\/naturalpoland.com\\\/tr\\\/#\\\/schema\\\/logo\\\/image\\\/\",\"url\":\"https:\\\/\\\/naturalpoland.com\\\/wp-content\\\/uploads\\\/2021\\\/05\\\/natural-poland-icon.png\",\"contentUrl\":\"https:\\\/\\\/naturalpoland.com\\\/wp-content\\\/uploads\\\/2021\\\/05\\\/natural-poland-icon.png\",\"width\":512,\"height\":512,\"caption\":\"Natural Poland\"},\"image\":{\"@id\":\"https:\\\/\\\/naturalpoland.com\\\/tr\\\/#\\\/schema\\\/logo\\\/image\\\/\"},\"sameAs\":[\"https:\\\/\\\/www.facebook.com\\\/naturalpoland.b2b\",\"https:\\\/\\\/pl.linkedin.com\\\/company\\\/natural-poland\",\"https:\\\/\\\/www.youtube.com\\\/channel\\\/UCgeGGkvOMahZo-xu_MSEWxg\"]}]}<\/script>\n<!-- \/ Yoast SEO plugin. -->","yoast_head_json":{"title":"Asya Kaplanotu Ekstrakt\u0131 - NATURAL POLAND - Hurtowy Dystrybutor Surowc\u00f3w","description":"Asya kaplanotu ekstrakt\u0131, \u00e7ok y\u00f6nl\u00fc etkisi nedeniyle kozmetik, geleneksel ve modern t\u0131pta yayg\u0131n olarak kullan\u0131lmaktad\u0131r.","robots":{"index":"index","follow":"follow","max-snippet":"max-snippet:-1","max-image-preview":"max-image-preview:large","max-video-preview":"max-video-preview:-1"},"canonical":"https:\/\/naturalpoland.com\/tr\/urunler\/farmasotik-hammaddeler\/takviye-edici-gida-bilesenleri\/asya-kaplanotu-ekstrakti\/","og_locale":"tr_TR","og_type":"article","og_title":"Asya Kaplanotu Ekstrakt\u0131 - NATURAL POLAND - Hurtowy Dystrybutor Surowc\u00f3w","og_description":"Asya kaplanotu ekstrakt\u0131, \u00e7ok y\u00f6nl\u00fc etkisi nedeniyle kozmetik, geleneksel ve modern t\u0131pta yayg\u0131n olarak kullan\u0131lmaktad\u0131r.","og_url":"https:\/\/naturalpoland.com\/tr\/urunler\/farmasotik-hammaddeler\/takviye-edici-gida-bilesenleri\/asya-kaplanotu-ekstrakti\/","og_site_name":"NATURAL POLAND - Hurtowy Dystrybutor Surowc\u00f3w","article_publisher":"https:\/\/www.facebook.com\/naturalpoland.b2b","article_modified_time":"2026-02-09T11:50:00+00:00","og_image":[{"width":500,"height":500,"url":"https:\/\/naturalpoland.com\/wp-content\/uploads\/ekstrakt-z-wakroty-azjatyckiej.jpg","type":"image\/jpeg"}],"schema":{"@context":"https:\/\/schema.org","@graph":[{"@type":"WebPage","@id":"https:\/\/naturalpoland.com\/tr\/urunler\/farmasotik-hammaddeler\/takviye-edici-gida-bilesenleri\/asya-kaplanotu-ekstrakti\/","url":"https:\/\/naturalpoland.com\/tr\/urunler\/farmasotik-hammaddeler\/takviye-edici-gida-bilesenleri\/asya-kaplanotu-ekstrakti\/","name":"Asya Kaplanotu Ekstrakt\u0131 - NATURAL POLAND - Hurtowy Dystrybutor Surowc\u00f3w","isPartOf":{"@id":"https:\/\/naturalpoland.com\/tr\/#website"},"primaryImageOfPage":{"@id":"https:\/\/naturalpoland.com\/tr\/urunler\/farmasotik-hammaddeler\/takviye-edici-gida-bilesenleri\/asya-kaplanotu-ekstrakti\/#primaryimage"},"image":{"@id":"https:\/\/naturalpoland.com\/tr\/urunler\/farmasotik-hammaddeler\/takviye-edici-gida-bilesenleri\/asya-kaplanotu-ekstrakti\/#primaryimage"},"thumbnailUrl":"https:\/\/naturalpoland.com\/wp-content\/uploads\/ekstrakt-z-wakroty-azjatyckiej.jpg","datePublished":"2023-04-21T12:52:48+00:00","dateModified":"2026-02-09T11:50:00+00:00","description":"Asya kaplanotu ekstrakt\u0131, \u00e7ok y\u00f6nl\u00fc etkisi nedeniyle kozmetik, geleneksel ve modern t\u0131pta yayg\u0131n olarak kullan\u0131lmaktad\u0131r.","breadcrumb":{"@id":"https:\/\/naturalpoland.com\/tr\/urunler\/farmasotik-hammaddeler\/takviye-edici-gida-bilesenleri\/asya-kaplanotu-ekstrakti\/#breadcrumb"},"inLanguage":"tr","potentialAction":[{"@type":"ReadAction","target":["https:\/\/naturalpoland.com\/tr\/urunler\/farmasotik-hammaddeler\/takviye-edici-gida-bilesenleri\/asya-kaplanotu-ekstrakti\/"]}]},{"@type":"ImageObject","inLanguage":"tr","@id":"https:\/\/naturalpoland.com\/tr\/urunler\/farmasotik-hammaddeler\/takviye-edici-gida-bilesenleri\/asya-kaplanotu-ekstrakti\/#primaryimage","url":"https:\/\/naturalpoland.com\/wp-content\/uploads\/ekstrakt-z-wakroty-azjatyckiej.jpg","contentUrl":"https:\/\/naturalpoland.com\/wp-content\/uploads\/ekstrakt-z-wakroty-azjatyckiej.jpg","width":500,"height":500,"caption":"asya kaplanotu ekstrakt\u0131"},{"@type":"BreadcrumbList","@id":"https:\/\/naturalpoland.com\/tr\/urunler\/farmasotik-hammaddeler\/takviye-edici-gida-bilesenleri\/asya-kaplanotu-ekstrakti\/#breadcrumb","itemListElement":[{"@type":"ListItem","position":1,"name":"Ana Sayfa","item":"https:\/\/naturalpoland.com\/tr\/"},{"@type":"ListItem","position":2,"name":"\u00dcr\u00fcnler","item":"https:\/\/naturalpoland.com\/tr\/urunler\/"},{"@type":"ListItem","position":3,"name":"Asya Kaplanotu Ekstrakt\u0131"}]},{"@type":"WebSite","@id":"https:\/\/naturalpoland.com\/tr\/#website","url":"https:\/\/naturalpoland.com\/tr\/","name":"NATURAL POLAND - Hurtowy Dystrybutor Surowc\u00f3w","description":"Surowce dla przemys\u0142u spo\u017cywczego, kosmetycznego i farmaceutycznego","publisher":{"@id":"https:\/\/naturalpoland.com\/tr\/#organization"},"potentialAction":[{"@type":"SearchAction","target":{"@type":"EntryPoint","urlTemplate":"https:\/\/naturalpoland.com\/tr\/?s={search_term_string}"},"query-input":{"@type":"PropertyValueSpecification","valueRequired":true,"valueName":"search_term_string"}}],"inLanguage":"tr"},{"@type":"Organization","@id":"https:\/\/naturalpoland.com\/tr\/#organization","name":"Natural Poland","url":"https:\/\/naturalpoland.com\/tr\/","logo":{"@type":"ImageObject","inLanguage":"tr","@id":"https:\/\/naturalpoland.com\/tr\/#\/schema\/logo\/image\/","url":"https:\/\/naturalpoland.com\/wp-content\/uploads\/2021\/05\/natural-poland-icon.png","contentUrl":"https:\/\/naturalpoland.com\/wp-content\/uploads\/2021\/05\/natural-poland-icon.png","width":512,"height":512,"caption":"Natural Poland"},"image":{"@id":"https:\/\/naturalpoland.com\/tr\/#\/schema\/logo\/image\/"},"sameAs":["https:\/\/www.facebook.com\/naturalpoland.b2b","https:\/\/pl.linkedin.com\/company\/natural-poland","https:\/\/www.youtube.com\/channel\/UCgeGGkvOMahZo-xu_MSEWxg"]}]}},"_links":{"self":[{"href":"https:\/\/naturalpoland.com\/tr\/wp-json\/wp\/v2\/product\/45686","targetHints":{"allow":["GET"]}}],"collection":[{"href":"https:\/\/naturalpoland.com\/tr\/wp-json\/wp\/v2\/product"}],"about":[{"href":"https:\/\/naturalpoland.com\/tr\/wp-json\/wp\/v2\/types\/product"}],"wp:featuredmedia":[{"embeddable":true,"href":"https:\/\/naturalpoland.com\/tr\/wp-json\/wp\/v2\/media\/45687"}],"wp:attachment":[{"href":"https:\/\/naturalpoland.com\/tr\/wp-json\/wp\/v2\/media?parent=45686"}],"wp:term":[{"taxonomy":"product_brand","embeddable":true,"href":"https:\/\/naturalpoland.com\/tr\/wp-json\/wp\/v2\/product_brand?post=45686"},{"taxonomy":"product_cat","embeddable":true,"href":"https:\/\/naturalpoland.com\/tr\/wp-json\/wp\/v2\/product_cat?post=45686"},{"taxonomy":"product_tag","embeddable":true,"href":"https:\/\/naturalpoland.com\/tr\/wp-json\/wp\/v2\/product_tag?post=45686"}],"curies":[{"name":"wp","href":"https:\/\/api.w.org\/{rel}","templated":true}]}}