{"id":45778,"date":"2025-02-04T12:08:24","date_gmt":"2025-02-04T11:08:24","guid":{"rendered":"https:\/\/naturalpoland.com\/produkty\/kategorilenmemis\/kavrulmus-kahve-cekirdegi-yagi\/"},"modified":"2026-02-10T15:17:54","modified_gmt":"2026-02-10T14:17:54","slug":"kavrulmus-kahve-cekirdegi-yagi","status":"publish","type":"product","link":"https:\/\/naturalpoland.com\/tr\/urunler\/gida-ve-kozmetik-yaglari\/kavrulmus-kahve-cekirdegi-yagi\/","title":{"rendered":"Kavrulmu\u015f kahve \u00e7ekirde\u011fi ya\u011f\u0131"},"content":{"rendered":"<h2>Kavrulmu\u015f kahve ya\u011f\u0131n\u0131n \u00f6zellikleri ve kullan\u0131m alanlar\u0131<\/h2>\n<p>Kavrulmu\u015f kahve \u00e7ekirde\u011fi ya\u011f\u0131n\u0131n cilde uygulanmas\u0131 <strong>yenileyici ve k\u0131r\u0131\u015f\u0131kl\u0131k kar\u015f\u0131t\u0131 \u00f6zellikler<\/strong> g\u00f6sterir. Kahve, insan cildiyle tamamen ayn\u0131 pH seviyesine sahiptir, bu nedenle cildin uygun nemini korumas\u0131na yard\u0131mc\u0131 olur. Bu \u00fcr\u00fcn s\u0131kl\u0131kla y\u00fcksek kaliteli ya\u015flanma kar\u015f\u0131t\u0131 preparatlar\u0131n form\u00fclasyonlar\u0131nda kullan\u0131l\u0131r.  <\/p>\n<p>Bu ya\u011f\u0131n di\u011fer \u00f6zellikleri aras\u0131nda <strong>kolajen sentezini desteklemesi ve cildin higroskopik \u00f6zelliklerini uyarmas\u0131<\/strong> say\u0131labilir.<\/p>\n<p><strong>Ho\u015f kavrulmu\u015f kahve kokusu<\/strong> nedeniyle ya\u011f ayr\u0131ca aromaterapi ve masajda sowie spa \u00fcr\u00fcnlerinin bile\u015feni olarak da kullan\u0131l\u0131r.<\/p>\n<p>Kavrulmu\u015f kahve \u00e7ekirde\u011fi ya\u011f\u0131 zengin lezzeti ve aromas\u0131 nedeniyle <strong>g\u0131da end\u00fcstrisinde tatl\u0131 ve dondurmalar\u0131n bile\u015feni olarak<\/strong> da kullan\u0131labilir.<\/p>\n","protected":false},"excerpt":{"rendered":"<p><strong>Kavrulmu\u015f kahve \u00e7ekirde\u011fi ya\u011f\u0131<\/strong>, <em>Coffea arabica<\/em> bitkisinin kavrulmu\u015f \u00e7ekirdeklerinden so\u011fuk s\u0131k\u0131m y\u00f6ntemiyle elde edilir. Yo\u011fun kahve aromas\u0131 ile \u00f6ne \u00e7\u0131kar. <\/p>\n","protected":false},"featured_media":45779,"template":"","meta":{"_acf_changed":false},"product_brand":[],"product_cat":[9532],"product_tag":[],"class_list":{"0":"post-45778","1":"product","2":"type-product","3":"status-publish","4":"has-post-thumbnail","6":"product_cat-gida-ve-kozmetik-yaglari","8":"first","9":"instock","10":"shipping-taxable","11":"product-type-simple"},"acf":[],"yoast_head":"<!-- This site is optimized with the Yoast SEO plugin v27.4 - https:\/\/yoast.com\/product\/yoast-seo-wordpress\/ -->\n<title>Kavrulmu\u015f kahve \u00e7ekirde\u011fi ya\u011f\u0131 - Hurtowy Dystrybutor<\/title>\n<meta name=\"description\" content=\"Kavrulmu\u015f kahve \u00e7ekirde\u011fi ya\u011f\u0131, Coffea arabica bitkisinin kavrulmu\u015f \u00e7ekirdeklerinden so\u011fuk s\u0131k\u0131m y\u00f6ntemiyle elde edilir. Yo\u011fun kahve aromas\u0131 ile \u00f6ne \u00e7\u0131kar.\" \/>\n<meta name=\"robots\" content=\"index, follow, max-snippet:-1, max-image-preview:large, max-video-preview:-1\" \/>\n<link rel=\"canonical\" href=\"https:\/\/naturalpoland.com\/tr\/urunler\/gida-ve-kozmetik-yaglari\/kavrulmus-kahve-cekirdegi-yagi\/\" \/>\n<meta property=\"og:locale\" content=\"tr_TR\" \/>\n<meta property=\"og:type\" content=\"article\" \/>\n<meta property=\"og:title\" content=\"Kavrulmu\u015f kahve \u00e7ekirde\u011fi ya\u011f\u0131 - Hurtowy Dystrybutor\" \/>\n<meta property=\"og:description\" content=\"Kavrulmu\u015f kahve \u00e7ekirde\u011fi ya\u011f\u0131, Coffea arabica bitkisinin kavrulmu\u015f \u00e7ekirdeklerinden so\u011fuk s\u0131k\u0131m y\u00f6ntemiyle elde edilir. Yo\u011fun kahve aromas\u0131 ile \u00f6ne \u00e7\u0131kar.\" \/>\n<meta property=\"og:url\" content=\"https:\/\/naturalpoland.com\/tr\/urunler\/gida-ve-kozmetik-yaglari\/kavrulmus-kahve-cekirdegi-yagi\/\" \/>\n<meta property=\"og:site_name\" content=\"NATURAL POLAND - Hurtowy Dystrybutor Surowc\u00f3w\" \/>\n<meta property=\"article:publisher\" content=\"https:\/\/www.facebook.com\/naturalpoland.b2b\" \/>\n<meta property=\"article:modified_time\" content=\"2026-02-10T14:17:54+00:00\" \/>\n<meta property=\"og:image\" content=\"https:\/\/naturalpoland.com\/wp-content\/uploads\/olej-z-ziaren-palonej-kawy.webp\" \/>\n\t<meta property=\"og:image:width\" content=\"597\" \/>\n\t<meta property=\"og:image:height\" content=\"597\" \/>\n\t<meta property=\"og:image:type\" content=\"image\/webp\" \/>\n<script type=\"application\/ld+json\" class=\"yoast-schema-graph\">{\"@context\":\"https:\\\/\\\/schema.org\",\"@graph\":[{\"@type\":\"WebPage\",\"@id\":\"https:\\\/\\\/naturalpoland.com\\\/tr\\\/urunler\\\/gida-ve-kozmetik-yaglari\\\/kavrulmus-kahve-cekirdegi-yagi\\\/\",\"url\":\"https:\\\/\\\/naturalpoland.com\\\/tr\\\/urunler\\\/gida-ve-kozmetik-yaglari\\\/kavrulmus-kahve-cekirdegi-yagi\\\/\",\"name\":\"Kavrulmu\u015f kahve \u00e7ekirde\u011fi ya\u011f\u0131 - Hurtowy Dystrybutor\",\"isPartOf\":{\"@id\":\"https:\\\/\\\/naturalpoland.com\\\/tr\\\/#website\"},\"primaryImageOfPage\":{\"@id\":\"https:\\\/\\\/naturalpoland.com\\\/tr\\\/urunler\\\/gida-ve-kozmetik-yaglari\\\/kavrulmus-kahve-cekirdegi-yagi\\\/#primaryimage\"},\"image\":{\"@id\":\"https:\\\/\\\/naturalpoland.com\\\/tr\\\/urunler\\\/gida-ve-kozmetik-yaglari\\\/kavrulmus-kahve-cekirdegi-yagi\\\/#primaryimage\"},\"thumbnailUrl\":\"https:\\\/\\\/naturalpoland.com\\\/wp-content\\\/uploads\\\/olej-z-ziaren-palonej-kawy.webp\",\"datePublished\":\"2025-02-04T11:08:24+00:00\",\"dateModified\":\"2026-02-10T14:17:54+00:00\",\"description\":\"Kavrulmu\u015f kahve \u00e7ekirde\u011fi ya\u011f\u0131, Coffea arabica bitkisinin kavrulmu\u015f \u00e7ekirdeklerinden so\u011fuk s\u0131k\u0131m y\u00f6ntemiyle elde edilir. Yo\u011fun kahve aromas\u0131 ile \u00f6ne \u00e7\u0131kar.\",\"breadcrumb\":{\"@id\":\"https:\\\/\\\/naturalpoland.com\\\/tr\\\/urunler\\\/gida-ve-kozmetik-yaglari\\\/kavrulmus-kahve-cekirdegi-yagi\\\/#breadcrumb\"},\"inLanguage\":\"tr\",\"potentialAction\":[{\"@type\":\"ReadAction\",\"target\":[\"https:\\\/\\\/naturalpoland.com\\\/tr\\\/urunler\\\/gida-ve-kozmetik-yaglari\\\/kavrulmus-kahve-cekirdegi-yagi\\\/\"]}]},{\"@type\":\"ImageObject\",\"inLanguage\":\"tr\",\"@id\":\"https:\\\/\\\/naturalpoland.com\\\/tr\\\/urunler\\\/gida-ve-kozmetik-yaglari\\\/kavrulmus-kahve-cekirdegi-yagi\\\/#primaryimage\",\"url\":\"https:\\\/\\\/naturalpoland.com\\\/wp-content\\\/uploads\\\/olej-z-ziaren-palonej-kawy.webp\",\"contentUrl\":\"https:\\\/\\\/naturalpoland.com\\\/wp-content\\\/uploads\\\/olej-z-ziaren-palonej-kawy.webp\",\"width\":597,\"height\":597,\"caption\":\"kavrulmu\u015f kahve \u00e7ekirde\u011fi ya\u011f\u0131\"},{\"@type\":\"BreadcrumbList\",\"@id\":\"https:\\\/\\\/naturalpoland.com\\\/tr\\\/urunler\\\/gida-ve-kozmetik-yaglari\\\/kavrulmus-kahve-cekirdegi-yagi\\\/#breadcrumb\",\"itemListElement\":[{\"@type\":\"ListItem\",\"position\":1,\"name\":\"Ana Sayfa\",\"item\":\"https:\\\/\\\/naturalpoland.com\\\/tr\\\/\"},{\"@type\":\"ListItem\",\"position\":2,\"name\":\"\u00dcr\u00fcnler\",\"item\":\"https:\\\/\\\/naturalpoland.com\\\/tr\\\/urunler\\\/\"},{\"@type\":\"ListItem\",\"position\":3,\"name\":\"Kavrulmu\u015f kahve \u00e7ekirde\u011fi ya\u011f\u0131\"}]},{\"@type\":\"WebSite\",\"@id\":\"https:\\\/\\\/naturalpoland.com\\\/tr\\\/#website\",\"url\":\"https:\\\/\\\/naturalpoland.com\\\/tr\\\/\",\"name\":\"NATURAL POLAND - Hurtowy Dystrybutor Surowc\u00f3w\",\"description\":\"Surowce dla przemys\u0142u spo\u017cywczego, kosmetycznego i farmaceutycznego\",\"publisher\":{\"@id\":\"https:\\\/\\\/naturalpoland.com\\\/tr\\\/#organization\"},\"potentialAction\":[{\"@type\":\"SearchAction\",\"target\":{\"@type\":\"EntryPoint\",\"urlTemplate\":\"https:\\\/\\\/naturalpoland.com\\\/tr\\\/?s={search_term_string}\"},\"query-input\":{\"@type\":\"PropertyValueSpecification\",\"valueRequired\":true,\"valueName\":\"search_term_string\"}}],\"inLanguage\":\"tr\"},{\"@type\":\"Organization\",\"@id\":\"https:\\\/\\\/naturalpoland.com\\\/tr\\\/#organization\",\"name\":\"Natural Poland\",\"url\":\"https:\\\/\\\/naturalpoland.com\\\/tr\\\/\",\"logo\":{\"@type\":\"ImageObject\",\"inLanguage\":\"tr\",\"@id\":\"https:\\\/\\\/naturalpoland.com\\\/tr\\\/#\\\/schema\\\/logo\\\/image\\\/\",\"url\":\"https:\\\/\\\/naturalpoland.com\\\/wp-content\\\/uploads\\\/2021\\\/05\\\/natural-poland-icon.png\",\"contentUrl\":\"https:\\\/\\\/naturalpoland.com\\\/wp-content\\\/uploads\\\/2021\\\/05\\\/natural-poland-icon.png\",\"width\":512,\"height\":512,\"caption\":\"Natural Poland\"},\"image\":{\"@id\":\"https:\\\/\\\/naturalpoland.com\\\/tr\\\/#\\\/schema\\\/logo\\\/image\\\/\"},\"sameAs\":[\"https:\\\/\\\/www.facebook.com\\\/naturalpoland.b2b\",\"https:\\\/\\\/pl.linkedin.com\\\/company\\\/natural-poland\",\"https:\\\/\\\/www.youtube.com\\\/channel\\\/UCgeGGkvOMahZo-xu_MSEWxg\"]}]}<\/script>\n<!-- \/ Yoast SEO plugin. -->","yoast_head_json":{"title":"Kavrulmu\u015f kahve \u00e7ekirde\u011fi ya\u011f\u0131 - Hurtowy Dystrybutor","description":"Kavrulmu\u015f kahve \u00e7ekirde\u011fi ya\u011f\u0131, Coffea arabica bitkisinin kavrulmu\u015f \u00e7ekirdeklerinden so\u011fuk s\u0131k\u0131m y\u00f6ntemiyle elde edilir. Yo\u011fun kahve aromas\u0131 ile \u00f6ne \u00e7\u0131kar.","robots":{"index":"index","follow":"follow","max-snippet":"max-snippet:-1","max-image-preview":"max-image-preview:large","max-video-preview":"max-video-preview:-1"},"canonical":"https:\/\/naturalpoland.com\/tr\/urunler\/gida-ve-kozmetik-yaglari\/kavrulmus-kahve-cekirdegi-yagi\/","og_locale":"tr_TR","og_type":"article","og_title":"Kavrulmu\u015f kahve \u00e7ekirde\u011fi ya\u011f\u0131 - Hurtowy Dystrybutor","og_description":"Kavrulmu\u015f kahve \u00e7ekirde\u011fi ya\u011f\u0131, Coffea arabica bitkisinin kavrulmu\u015f \u00e7ekirdeklerinden so\u011fuk s\u0131k\u0131m y\u00f6ntemiyle elde edilir. Yo\u011fun kahve aromas\u0131 ile \u00f6ne \u00e7\u0131kar.","og_url":"https:\/\/naturalpoland.com\/tr\/urunler\/gida-ve-kozmetik-yaglari\/kavrulmus-kahve-cekirdegi-yagi\/","og_site_name":"NATURAL POLAND - Hurtowy Dystrybutor Surowc\u00f3w","article_publisher":"https:\/\/www.facebook.com\/naturalpoland.b2b","article_modified_time":"2026-02-10T14:17:54+00:00","og_image":[{"width":597,"height":597,"url":"https:\/\/naturalpoland.com\/wp-content\/uploads\/olej-z-ziaren-palonej-kawy.webp","type":"image\/webp"}],"schema":{"@context":"https:\/\/schema.org","@graph":[{"@type":"WebPage","@id":"https:\/\/naturalpoland.com\/tr\/urunler\/gida-ve-kozmetik-yaglari\/kavrulmus-kahve-cekirdegi-yagi\/","url":"https:\/\/naturalpoland.com\/tr\/urunler\/gida-ve-kozmetik-yaglari\/kavrulmus-kahve-cekirdegi-yagi\/","name":"Kavrulmu\u015f kahve \u00e7ekirde\u011fi ya\u011f\u0131 - Hurtowy Dystrybutor","isPartOf":{"@id":"https:\/\/naturalpoland.com\/tr\/#website"},"primaryImageOfPage":{"@id":"https:\/\/naturalpoland.com\/tr\/urunler\/gida-ve-kozmetik-yaglari\/kavrulmus-kahve-cekirdegi-yagi\/#primaryimage"},"image":{"@id":"https:\/\/naturalpoland.com\/tr\/urunler\/gida-ve-kozmetik-yaglari\/kavrulmus-kahve-cekirdegi-yagi\/#primaryimage"},"thumbnailUrl":"https:\/\/naturalpoland.com\/wp-content\/uploads\/olej-z-ziaren-palonej-kawy.webp","datePublished":"2025-02-04T11:08:24+00:00","dateModified":"2026-02-10T14:17:54+00:00","description":"Kavrulmu\u015f kahve \u00e7ekirde\u011fi ya\u011f\u0131, Coffea arabica bitkisinin kavrulmu\u015f \u00e7ekirdeklerinden so\u011fuk s\u0131k\u0131m y\u00f6ntemiyle elde edilir. Yo\u011fun kahve aromas\u0131 ile \u00f6ne \u00e7\u0131kar.","breadcrumb":{"@id":"https:\/\/naturalpoland.com\/tr\/urunler\/gida-ve-kozmetik-yaglari\/kavrulmus-kahve-cekirdegi-yagi\/#breadcrumb"},"inLanguage":"tr","potentialAction":[{"@type":"ReadAction","target":["https:\/\/naturalpoland.com\/tr\/urunler\/gida-ve-kozmetik-yaglari\/kavrulmus-kahve-cekirdegi-yagi\/"]}]},{"@type":"ImageObject","inLanguage":"tr","@id":"https:\/\/naturalpoland.com\/tr\/urunler\/gida-ve-kozmetik-yaglari\/kavrulmus-kahve-cekirdegi-yagi\/#primaryimage","url":"https:\/\/naturalpoland.com\/wp-content\/uploads\/olej-z-ziaren-palonej-kawy.webp","contentUrl":"https:\/\/naturalpoland.com\/wp-content\/uploads\/olej-z-ziaren-palonej-kawy.webp","width":597,"height":597,"caption":"kavrulmu\u015f kahve \u00e7ekirde\u011fi ya\u011f\u0131"},{"@type":"BreadcrumbList","@id":"https:\/\/naturalpoland.com\/tr\/urunler\/gida-ve-kozmetik-yaglari\/kavrulmus-kahve-cekirdegi-yagi\/#breadcrumb","itemListElement":[{"@type":"ListItem","position":1,"name":"Ana Sayfa","item":"https:\/\/naturalpoland.com\/tr\/"},{"@type":"ListItem","position":2,"name":"\u00dcr\u00fcnler","item":"https:\/\/naturalpoland.com\/tr\/urunler\/"},{"@type":"ListItem","position":3,"name":"Kavrulmu\u015f kahve \u00e7ekirde\u011fi ya\u011f\u0131"}]},{"@type":"WebSite","@id":"https:\/\/naturalpoland.com\/tr\/#website","url":"https:\/\/naturalpoland.com\/tr\/","name":"NATURAL POLAND - Hurtowy Dystrybutor Surowc\u00f3w","description":"Surowce dla przemys\u0142u spo\u017cywczego, kosmetycznego i farmaceutycznego","publisher":{"@id":"https:\/\/naturalpoland.com\/tr\/#organization"},"potentialAction":[{"@type":"SearchAction","target":{"@type":"EntryPoint","urlTemplate":"https:\/\/naturalpoland.com\/tr\/?s={search_term_string}"},"query-input":{"@type":"PropertyValueSpecification","valueRequired":true,"valueName":"search_term_string"}}],"inLanguage":"tr"},{"@type":"Organization","@id":"https:\/\/naturalpoland.com\/tr\/#organization","name":"Natural Poland","url":"https:\/\/naturalpoland.com\/tr\/","logo":{"@type":"ImageObject","inLanguage":"tr","@id":"https:\/\/naturalpoland.com\/tr\/#\/schema\/logo\/image\/","url":"https:\/\/naturalpoland.com\/wp-content\/uploads\/2021\/05\/natural-poland-icon.png","contentUrl":"https:\/\/naturalpoland.com\/wp-content\/uploads\/2021\/05\/natural-poland-icon.png","width":512,"height":512,"caption":"Natural Poland"},"image":{"@id":"https:\/\/naturalpoland.com\/tr\/#\/schema\/logo\/image\/"},"sameAs":["https:\/\/www.facebook.com\/naturalpoland.b2b","https:\/\/pl.linkedin.com\/company\/natural-poland","https:\/\/www.youtube.com\/channel\/UCgeGGkvOMahZo-xu_MSEWxg"]}]}},"_links":{"self":[{"href":"https:\/\/naturalpoland.com\/tr\/wp-json\/wp\/v2\/product\/45778","targetHints":{"allow":["GET"]}}],"collection":[{"href":"https:\/\/naturalpoland.com\/tr\/wp-json\/wp\/v2\/product"}],"about":[{"href":"https:\/\/naturalpoland.com\/tr\/wp-json\/wp\/v2\/types\/product"}],"wp:featuredmedia":[{"embeddable":true,"href":"https:\/\/naturalpoland.com\/tr\/wp-json\/wp\/v2\/media\/45779"}],"wp:attachment":[{"href":"https:\/\/naturalpoland.com\/tr\/wp-json\/wp\/v2\/media?parent=45778"}],"wp:term":[{"taxonomy":"product_brand","embeddable":true,"href":"https:\/\/naturalpoland.com\/tr\/wp-json\/wp\/v2\/product_brand?post=45778"},{"taxonomy":"product_cat","embeddable":true,"href":"https:\/\/naturalpoland.com\/tr\/wp-json\/wp\/v2\/product_cat?post=45778"},{"taxonomy":"product_tag","embeddable":true,"href":"https:\/\/naturalpoland.com\/tr\/wp-json\/wp\/v2\/product_tag?post=45778"}],"curies":[{"name":"wp","href":"https:\/\/api.w.org\/{rel}","templated":true}]}}