{"id":45790,"date":"2024-10-31T12:04:38","date_gmt":"2024-10-31T11:04:38","guid":{"rendered":"https:\/\/naturalpoland.com\/produkty\/kategorilenmemis\/kabarcikli-deniz-yosunu-ekstrakti\/"},"modified":"2026-02-10T15:33:30","modified_gmt":"2026-02-10T14:33:30","slug":"kabarcikli-deniz-yosunu-ekstrakti","status":"publish","type":"product","link":"https:\/\/naturalpoland.com\/tr\/urunler\/bitkisel-ekstraktlar\/kabarcikli-deniz-yosunu-ekstrakti\/","title":{"rendered":"Kabarc\u0131kl\u0131 Deniz Yosunu Ekstrakt\u0131"},"content":{"rendered":"<h2>Ekstrenin \u00f6zellikleri ve bile\u015fimi<\/h2>\n<p>Fucus Vesiculosus ekstrakt\u0131, karakteristik koku ve tada sahip ince \u00f6\u011f\u00fct\u00fclm\u00fc\u015f kahverengi toz halinde mevcuttur. Ana aktif bile\u015fen olan <strong>iyot<\/strong> i\u00e7eri\u011fi %0,4 ile %0,5 aras\u0131ndad\u0131r. Mineraller ve vitaminleri de i\u00e7eren kapsaml\u0131 bile\u015fimi sayesinde bu ekstrakt, kozmetikte \u00e7e\u015fitli bak\u0131m ve koruyucu s\u00fcre\u00e7leri destekler. <strong>Fukoksantin<\/strong> gibi maddeler i\u00e7ermesi sayesinde antioksidan etki g\u00f6sterir ve cildin oksidatif strese kar\u015f\u0131 korunmas\u0131n\u0131 destekler.   <\/p>\n<h2>Kozmetik Etki ve \u00d6zellikleri<\/h2>\n<p>Kabarc\u0131kl\u0131 deniz yosunu ekstrakt\u0131 yo\u011fun <strong>nemlendirici<\/strong>, <strong>yenileyici<\/strong> ve <strong>s\u0131k\u0131la\u015ft\u0131r\u0131c\u0131<\/strong> \u00f6zellikler ta\u015f\u0131r. Ekstraktta bulunan <a href=\"https:\/\/naturalpoland.com\/artykuly\/produkty-naturalne\/przeciwutleniacze-w-kosmetykach-fenole-i-polifenole\/\">polifenoller<\/a> ve <a href=\"https:\/\/naturalpoland.com\/artykuly\/produkty-naturalne\/moc-antyoksydantow-jak-wlaczyc-je-do-oferty-produktowej\/\">antioksidanlar<\/a> serbest radikal olu\u015fumunu \u00f6nlerken, fukoksantin E vitamininin etkisini g\u00fc\u00e7lendirerek cildin canlanmas\u0131na katk\u0131da bulunur ve elastikiyetini art\u0131r\u0131r. <\/p>\n<p>Bu ekstrakt ayn\u0131 zamanda zay\u0131flat\u0131c\u0131 ve sel\u00fclit kar\u015f\u0131t\u0131 \u00fcr\u00fcnler i\u00e7in m\u00fckemmel bir se\u00e7imdir. Deniz yosununda bulunan iyot, ya\u011f h\u00fccrelerinin par\u00e7alanmas\u0131n\u0131 uyar\u0131r ve lipitlerin yeniden birikmesini \u00f6nleyerek sel\u00fclit azalt\u0131lmas\u0131na ve v\u00fccut \u015fekillendirmesine yard\u0131mc\u0131 olur. Fukoidin ve laminarin gibi ek bile\u015fenler mikro dola\u015f\u0131m\u0131 iyile\u015ftirmeye ve metabolizmay\u0131 h\u0131zland\u0131rmaya katk\u0131da bulunarak s\u0131k\u0131la\u015ft\u0131rma etkilerini destekler ve \u00f6dem ile cilt gev\u015fekli\u011fi ile m\u00fccadeleye yard\u0131mc\u0131 olur.  <\/p>\n<h2>Kozmetikteki uygulamalar\u0131<\/h2>\n<p>Ekstrakt \u00f6zellikle \u015funlarda \u00f6nerilir:<\/p>\n<ul>\n<li>Olgun cildin s\u0131k\u0131l\u0131\u011f\u0131n\u0131 ve elastikiyetini geri kazand\u0131ran <strong>ya\u015flanma kar\u015f\u0131t\u0131 ve canland\u0131r\u0131c\u0131 kozmetiklerde<\/strong>.<\/li>\n<li>Ya\u011f dokusunun azalt\u0131lmas\u0131n\u0131 destekleyen ve sel\u00fclit g\u00f6r\u00fcn\u00fcm\u00fcn\u00fc azaltan <strong>sel\u00fclit kar\u015f\u0131t\u0131 ve \u015fekillendirici preparatlarda<\/strong>.<\/li>\n<li>Antibakteriyel ve anti-seboreik etki g\u00f6stererek sebum salg\u0131s\u0131n\u0131 d\u00fczenleyen <strong>ya\u011fl\u0131 ve akneye e\u011filimli ciltler i\u00e7in krem ve serumlarda<\/strong>.<\/li>\n<li>Lenf ak\u0131\u015f\u0131n\u0131 uyar\u0131c\u0131 etkisi sayesinde \u00f6demleri azaltmaya yard\u0131mc\u0131 olan <strong>g\u00f6z \u00e7evresi cilt jelleri ve kremlerinde<\/strong>.<\/li>\n<\/ul>\n<h2>Kullan\u0131m G\u00fcvenli\u011fi<\/h2>\n<p>Kabarc\u0131kl\u0131 deniz yosunu ekstrakt\u0131 uygun konsantrasyonlarda kozmetik \u00fcr\u00fcnlerde g\u00fcvenle kullan\u0131labilir. \u00dcr\u00fcn t\u00fcr\u00fc ve amac\u0131na ba\u011fl\u0131 olarak %1 ile %10 aras\u0131nda konsantrasyonlarda kullan\u0131lmas\u0131 \u00f6nerilir. <\/p>\n","protected":false},"excerpt":{"rendered":"<p><strong>Fucus Vesiculosus ekstrakt\u0131<\/strong>, yani <strong>kabarc\u0131kl\u0131 deniz yosunu ekstrakt\u0131<\/strong>, Atlantik&#8217;in kuzey sular\u0131nda ve Arktik Okyanusu&#8217;nda bulunan kahverengi alglerden elde edilen do\u011fal bir hammaddedir. \u0130yot, polifenoller, fukoksantin, E vitamini, karotenoidler ile fosfolipitler ve glikolipitler gibi bir\u00e7ok do\u011fal aktif madde i\u00e7erir. Cilt ve v\u00fccut bak\u0131m\u0131 i\u00e7in bir bile\u015fendir.  <\/p>\n","protected":false},"featured_media":45792,"template":"","meta":{"_acf_changed":false},"product_brand":[],"product_cat":[9531],"product_tag":[],"class_list":{"0":"post-45790","1":"product","2":"type-product","3":"status-publish","4":"has-post-thumbnail","6":"product_cat-bitkisel-ekstraktlar","7":"pa_czesc-rosliny-tum-bitki","8":"pa_grupa-substancji-antioksidanlar","9":"pa_skladnik-aktywny-iyot","11":"first","12":"instock","13":"shipping-taxable","14":"product-type-simple"},"acf":[],"yoast_head":"<!-- This site is optimized with the Yoast SEO plugin v27.6 - https:\/\/yoast.com\/product\/yoast-seo-wordpress\/ -->\n<title>Kabarc\u0131kl\u0131 Deniz Yosunu Ekstrakt\u0131 - NATURAL POLAND - Hurtowy Dystrybutor Surowc\u00f3w<\/title>\n<meta name=\"description\" content=\"Kabarc\u0131kl\u0131 deniz yosunu ekstrakt\u0131, yo\u011fun nemlendirici, antioksidan ve s\u0131k\u0131la\u015ft\u0131r\u0131c\u0131 etkili \u00e7ok ama\u00e7l\u0131 bir bile\u015fendir.\" \/>\n<meta name=\"robots\" content=\"index, follow, max-snippet:-1, max-image-preview:large, max-video-preview:-1\" \/>\n<link rel=\"canonical\" href=\"https:\/\/naturalpoland.com\/tr\/urunler\/bitkisel-ekstraktlar\/kabarcikli-deniz-yosunu-ekstrakti\/\" \/>\n<meta property=\"og:locale\" content=\"tr_TR\" \/>\n<meta property=\"og:type\" content=\"article\" \/>\n<meta property=\"og:title\" content=\"Kabarc\u0131kl\u0131 Deniz Yosunu Ekstrakt\u0131 - NATURAL POLAND - Hurtowy Dystrybutor Surowc\u00f3w\" \/>\n<meta property=\"og:description\" content=\"Kabarc\u0131kl\u0131 deniz yosunu ekstrakt\u0131, yo\u011fun nemlendirici, antioksidan ve s\u0131k\u0131la\u015ft\u0131r\u0131c\u0131 etkili \u00e7ok ama\u00e7l\u0131 bir bile\u015fendir.\" \/>\n<meta property=\"og:url\" content=\"https:\/\/naturalpoland.com\/tr\/urunler\/bitkisel-ekstraktlar\/kabarcikli-deniz-yosunu-ekstrakti\/\" \/>\n<meta property=\"og:site_name\" content=\"NATURAL POLAND - Hurtowy Dystrybutor Surowc\u00f3w\" \/>\n<meta property=\"article:publisher\" content=\"https:\/\/www.facebook.com\/naturalpoland.b2b\" \/>\n<meta property=\"article:modified_time\" content=\"2026-02-10T14:33:30+00:00\" \/>\n<meta property=\"og:image\" content=\"https:\/\/naturalpoland.com\/wp-content\/uploads\/ekstrakt-fucus-vesiculosus.webp\" \/>\n\t<meta property=\"og:image:width\" content=\"614\" \/>\n\t<meta property=\"og:image:height\" content=\"614\" \/>\n\t<meta property=\"og:image:type\" content=\"image\/webp\" \/>\n<script type=\"application\/ld+json\" class=\"yoast-schema-graph\">{\"@context\":\"https:\\\/\\\/schema.org\",\"@graph\":[{\"@type\":\"WebPage\",\"@id\":\"https:\\\/\\\/naturalpoland.com\\\/tr\\\/urunler\\\/bitkisel-ekstraktlar\\\/kabarcikli-deniz-yosunu-ekstrakti\\\/\",\"url\":\"https:\\\/\\\/naturalpoland.com\\\/tr\\\/urunler\\\/bitkisel-ekstraktlar\\\/kabarcikli-deniz-yosunu-ekstrakti\\\/\",\"name\":\"Kabarc\u0131kl\u0131 Deniz Yosunu Ekstrakt\u0131 - NATURAL POLAND - Hurtowy Dystrybutor Surowc\u00f3w\",\"isPartOf\":{\"@id\":\"https:\\\/\\\/naturalpoland.com\\\/tr\\\/#website\"},\"primaryImageOfPage\":{\"@id\":\"https:\\\/\\\/naturalpoland.com\\\/tr\\\/urunler\\\/bitkisel-ekstraktlar\\\/kabarcikli-deniz-yosunu-ekstrakti\\\/#primaryimage\"},\"image\":{\"@id\":\"https:\\\/\\\/naturalpoland.com\\\/tr\\\/urunler\\\/bitkisel-ekstraktlar\\\/kabarcikli-deniz-yosunu-ekstrakti\\\/#primaryimage\"},\"thumbnailUrl\":\"https:\\\/\\\/naturalpoland.com\\\/wp-content\\\/uploads\\\/ekstrakt-fucus-vesiculosus.webp\",\"datePublished\":\"2024-10-31T11:04:38+00:00\",\"dateModified\":\"2026-02-10T14:33:30+00:00\",\"description\":\"Kabarc\u0131kl\u0131 deniz yosunu ekstrakt\u0131, yo\u011fun nemlendirici, antioksidan ve s\u0131k\u0131la\u015ft\u0131r\u0131c\u0131 etkili \u00e7ok ama\u00e7l\u0131 bir bile\u015fendir.\",\"breadcrumb\":{\"@id\":\"https:\\\/\\\/naturalpoland.com\\\/tr\\\/urunler\\\/bitkisel-ekstraktlar\\\/kabarcikli-deniz-yosunu-ekstrakti\\\/#breadcrumb\"},\"inLanguage\":\"tr\",\"potentialAction\":[{\"@type\":\"ReadAction\",\"target\":[\"https:\\\/\\\/naturalpoland.com\\\/tr\\\/urunler\\\/bitkisel-ekstraktlar\\\/kabarcikli-deniz-yosunu-ekstrakti\\\/\"]}]},{\"@type\":\"ImageObject\",\"inLanguage\":\"tr\",\"@id\":\"https:\\\/\\\/naturalpoland.com\\\/tr\\\/urunler\\\/bitkisel-ekstraktlar\\\/kabarcikli-deniz-yosunu-ekstrakti\\\/#primaryimage\",\"url\":\"https:\\\/\\\/naturalpoland.com\\\/wp-content\\\/uploads\\\/ekstrakt-fucus-vesiculosus.webp\",\"contentUrl\":\"https:\\\/\\\/naturalpoland.com\\\/wp-content\\\/uploads\\\/ekstrakt-fucus-vesiculosus.webp\",\"width\":614,\"height\":614,\"caption\":\"Kabarc\u0131kl\u0131 Deniz Yosunu Ekstrakt\u0131\"},{\"@type\":\"BreadcrumbList\",\"@id\":\"https:\\\/\\\/naturalpoland.com\\\/tr\\\/urunler\\\/bitkisel-ekstraktlar\\\/kabarcikli-deniz-yosunu-ekstrakti\\\/#breadcrumb\",\"itemListElement\":[{\"@type\":\"ListItem\",\"position\":1,\"name\":\"Ana Sayfa\",\"item\":\"https:\\\/\\\/naturalpoland.com\\\/tr\\\/\"},{\"@type\":\"ListItem\",\"position\":2,\"name\":\"\u00dcr\u00fcnler\",\"item\":\"https:\\\/\\\/naturalpoland.com\\\/tr\\\/urunler\\\/\"},{\"@type\":\"ListItem\",\"position\":3,\"name\":\"Kabarc\u0131kl\u0131 Deniz Yosunu Ekstrakt\u0131\"}]},{\"@type\":\"WebSite\",\"@id\":\"https:\\\/\\\/naturalpoland.com\\\/tr\\\/#website\",\"url\":\"https:\\\/\\\/naturalpoland.com\\\/tr\\\/\",\"name\":\"NATURAL POLAND - Hurtowy Dystrybutor Surowc\u00f3w\",\"description\":\"Surowce dla przemys\u0142u spo\u017cywczego, kosmetycznego i farmaceutycznego\",\"publisher\":{\"@id\":\"https:\\\/\\\/naturalpoland.com\\\/tr\\\/#organization\"},\"potentialAction\":[{\"@type\":\"SearchAction\",\"target\":{\"@type\":\"EntryPoint\",\"urlTemplate\":\"https:\\\/\\\/naturalpoland.com\\\/tr\\\/?s={search_term_string}\"},\"query-input\":{\"@type\":\"PropertyValueSpecification\",\"valueRequired\":true,\"valueName\":\"search_term_string\"}}],\"inLanguage\":\"tr\"},{\"@type\":\"Organization\",\"@id\":\"https:\\\/\\\/naturalpoland.com\\\/tr\\\/#organization\",\"name\":\"Natural Poland\",\"url\":\"https:\\\/\\\/naturalpoland.com\\\/tr\\\/\",\"logo\":{\"@type\":\"ImageObject\",\"inLanguage\":\"tr\",\"@id\":\"https:\\\/\\\/naturalpoland.com\\\/tr\\\/#\\\/schema\\\/logo\\\/image\\\/\",\"url\":\"https:\\\/\\\/naturalpoland.com\\\/wp-content\\\/uploads\\\/2021\\\/05\\\/natural-poland-icon.png\",\"contentUrl\":\"https:\\\/\\\/naturalpoland.com\\\/wp-content\\\/uploads\\\/2021\\\/05\\\/natural-poland-icon.png\",\"width\":512,\"height\":512,\"caption\":\"Natural Poland\"},\"image\":{\"@id\":\"https:\\\/\\\/naturalpoland.com\\\/tr\\\/#\\\/schema\\\/logo\\\/image\\\/\"},\"sameAs\":[\"https:\\\/\\\/www.facebook.com\\\/naturalpoland.b2b\",\"https:\\\/\\\/pl.linkedin.com\\\/company\\\/natural-poland\",\"https:\\\/\\\/www.youtube.com\\\/channel\\\/UCgeGGkvOMahZo-xu_MSEWxg\"]}]}<\/script>\n<!-- \/ Yoast SEO plugin. -->","yoast_head_json":{"title":"Kabarc\u0131kl\u0131 Deniz Yosunu Ekstrakt\u0131 - NATURAL POLAND - Hurtowy Dystrybutor Surowc\u00f3w","description":"Kabarc\u0131kl\u0131 deniz yosunu ekstrakt\u0131, yo\u011fun nemlendirici, antioksidan ve s\u0131k\u0131la\u015ft\u0131r\u0131c\u0131 etkili \u00e7ok ama\u00e7l\u0131 bir bile\u015fendir.","robots":{"index":"index","follow":"follow","max-snippet":"max-snippet:-1","max-image-preview":"max-image-preview:large","max-video-preview":"max-video-preview:-1"},"canonical":"https:\/\/naturalpoland.com\/tr\/urunler\/bitkisel-ekstraktlar\/kabarcikli-deniz-yosunu-ekstrakti\/","og_locale":"tr_TR","og_type":"article","og_title":"Kabarc\u0131kl\u0131 Deniz Yosunu Ekstrakt\u0131 - NATURAL POLAND - Hurtowy Dystrybutor Surowc\u00f3w","og_description":"Kabarc\u0131kl\u0131 deniz yosunu ekstrakt\u0131, yo\u011fun nemlendirici, antioksidan ve s\u0131k\u0131la\u015ft\u0131r\u0131c\u0131 etkili \u00e7ok ama\u00e7l\u0131 bir bile\u015fendir.","og_url":"https:\/\/naturalpoland.com\/tr\/urunler\/bitkisel-ekstraktlar\/kabarcikli-deniz-yosunu-ekstrakti\/","og_site_name":"NATURAL POLAND - Hurtowy Dystrybutor Surowc\u00f3w","article_publisher":"https:\/\/www.facebook.com\/naturalpoland.b2b","article_modified_time":"2026-02-10T14:33:30+00:00","og_image":[{"width":614,"height":614,"url":"https:\/\/naturalpoland.com\/wp-content\/uploads\/ekstrakt-fucus-vesiculosus.webp","type":"image\/webp"}],"schema":{"@context":"https:\/\/schema.org","@graph":[{"@type":"WebPage","@id":"https:\/\/naturalpoland.com\/tr\/urunler\/bitkisel-ekstraktlar\/kabarcikli-deniz-yosunu-ekstrakti\/","url":"https:\/\/naturalpoland.com\/tr\/urunler\/bitkisel-ekstraktlar\/kabarcikli-deniz-yosunu-ekstrakti\/","name":"Kabarc\u0131kl\u0131 Deniz Yosunu Ekstrakt\u0131 - NATURAL POLAND - Hurtowy Dystrybutor Surowc\u00f3w","isPartOf":{"@id":"https:\/\/naturalpoland.com\/tr\/#website"},"primaryImageOfPage":{"@id":"https:\/\/naturalpoland.com\/tr\/urunler\/bitkisel-ekstraktlar\/kabarcikli-deniz-yosunu-ekstrakti\/#primaryimage"},"image":{"@id":"https:\/\/naturalpoland.com\/tr\/urunler\/bitkisel-ekstraktlar\/kabarcikli-deniz-yosunu-ekstrakti\/#primaryimage"},"thumbnailUrl":"https:\/\/naturalpoland.com\/wp-content\/uploads\/ekstrakt-fucus-vesiculosus.webp","datePublished":"2024-10-31T11:04:38+00:00","dateModified":"2026-02-10T14:33:30+00:00","description":"Kabarc\u0131kl\u0131 deniz yosunu ekstrakt\u0131, yo\u011fun nemlendirici, antioksidan ve s\u0131k\u0131la\u015ft\u0131r\u0131c\u0131 etkili \u00e7ok ama\u00e7l\u0131 bir bile\u015fendir.","breadcrumb":{"@id":"https:\/\/naturalpoland.com\/tr\/urunler\/bitkisel-ekstraktlar\/kabarcikli-deniz-yosunu-ekstrakti\/#breadcrumb"},"inLanguage":"tr","potentialAction":[{"@type":"ReadAction","target":["https:\/\/naturalpoland.com\/tr\/urunler\/bitkisel-ekstraktlar\/kabarcikli-deniz-yosunu-ekstrakti\/"]}]},{"@type":"ImageObject","inLanguage":"tr","@id":"https:\/\/naturalpoland.com\/tr\/urunler\/bitkisel-ekstraktlar\/kabarcikli-deniz-yosunu-ekstrakti\/#primaryimage","url":"https:\/\/naturalpoland.com\/wp-content\/uploads\/ekstrakt-fucus-vesiculosus.webp","contentUrl":"https:\/\/naturalpoland.com\/wp-content\/uploads\/ekstrakt-fucus-vesiculosus.webp","width":614,"height":614,"caption":"Kabarc\u0131kl\u0131 Deniz Yosunu Ekstrakt\u0131"},{"@type":"BreadcrumbList","@id":"https:\/\/naturalpoland.com\/tr\/urunler\/bitkisel-ekstraktlar\/kabarcikli-deniz-yosunu-ekstrakti\/#breadcrumb","itemListElement":[{"@type":"ListItem","position":1,"name":"Ana Sayfa","item":"https:\/\/naturalpoland.com\/tr\/"},{"@type":"ListItem","position":2,"name":"\u00dcr\u00fcnler","item":"https:\/\/naturalpoland.com\/tr\/urunler\/"},{"@type":"ListItem","position":3,"name":"Kabarc\u0131kl\u0131 Deniz Yosunu Ekstrakt\u0131"}]},{"@type":"WebSite","@id":"https:\/\/naturalpoland.com\/tr\/#website","url":"https:\/\/naturalpoland.com\/tr\/","name":"NATURAL POLAND - Hurtowy Dystrybutor Surowc\u00f3w","description":"Surowce dla przemys\u0142u spo\u017cywczego, kosmetycznego i farmaceutycznego","publisher":{"@id":"https:\/\/naturalpoland.com\/tr\/#organization"},"potentialAction":[{"@type":"SearchAction","target":{"@type":"EntryPoint","urlTemplate":"https:\/\/naturalpoland.com\/tr\/?s={search_term_string}"},"query-input":{"@type":"PropertyValueSpecification","valueRequired":true,"valueName":"search_term_string"}}],"inLanguage":"tr"},{"@type":"Organization","@id":"https:\/\/naturalpoland.com\/tr\/#organization","name":"Natural Poland","url":"https:\/\/naturalpoland.com\/tr\/","logo":{"@type":"ImageObject","inLanguage":"tr","@id":"https:\/\/naturalpoland.com\/tr\/#\/schema\/logo\/image\/","url":"https:\/\/naturalpoland.com\/wp-content\/uploads\/2021\/05\/natural-poland-icon.png","contentUrl":"https:\/\/naturalpoland.com\/wp-content\/uploads\/2021\/05\/natural-poland-icon.png","width":512,"height":512,"caption":"Natural Poland"},"image":{"@id":"https:\/\/naturalpoland.com\/tr\/#\/schema\/logo\/image\/"},"sameAs":["https:\/\/www.facebook.com\/naturalpoland.b2b","https:\/\/pl.linkedin.com\/company\/natural-poland","https:\/\/www.youtube.com\/channel\/UCgeGGkvOMahZo-xu_MSEWxg"]}]}},"_links":{"self":[{"href":"https:\/\/naturalpoland.com\/tr\/wp-json\/wp\/v2\/product\/45790","targetHints":{"allow":["GET"]}}],"collection":[{"href":"https:\/\/naturalpoland.com\/tr\/wp-json\/wp\/v2\/product"}],"about":[{"href":"https:\/\/naturalpoland.com\/tr\/wp-json\/wp\/v2\/types\/product"}],"wp:featuredmedia":[{"embeddable":true,"href":"https:\/\/naturalpoland.com\/tr\/wp-json\/wp\/v2\/media\/45792"}],"wp:attachment":[{"href":"https:\/\/naturalpoland.com\/tr\/wp-json\/wp\/v2\/media?parent=45790"}],"wp:term":[{"taxonomy":"product_brand","embeddable":true,"href":"https:\/\/naturalpoland.com\/tr\/wp-json\/wp\/v2\/product_brand?post=45790"},{"taxonomy":"product_cat","embeddable":true,"href":"https:\/\/naturalpoland.com\/tr\/wp-json\/wp\/v2\/product_cat?post=45790"},{"taxonomy":"product_tag","embeddable":true,"href":"https:\/\/naturalpoland.com\/tr\/wp-json\/wp\/v2\/product_tag?post=45790"}],"curies":[{"name":"wp","href":"https:\/\/api.w.org\/{rel}","templated":true}]}}